{"id":14807,"date":"2025-01-24T11:28:46","date_gmt":"2025-01-24T10:28:46","guid":{"rendered":"https:\/\/www.amstelprinting.nl\/winkel\/non%20class\u00e9\/behangcirkel\/"},"modified":"2026-02-18T12:51:16","modified_gmt":"2026-02-18T11:51:16","slug":"cercle-de-papier-peint","status":"publish","type":"product","link":"https:\/\/www.amstelprinting.nl\/fr\/boutique\/interieur-2\/papier-peint\/cercle-de-papier-peint\/","title":{"rendered":"Cercle de papier peint"},"content":{"rendered":"<h3>Commander des cercles de papier peint<\/h3>\n<p>Envie de donner un second souffle \u00e0 votre int\u00e9rieur ? D\u00e9couvrez nos magnifiques cercles de papier peint ! Ces \u00e9l\u00e9ments d\u00e9coratifs polyvalents et \u00e9l\u00e9gants sont con\u00e7us pour transformer chaque pi\u00e8ce et lui donner une apparence unique. Que vous souhaitiez cr\u00e9er un mur d&rsquo;accent subtil ou faire une d\u00e9claration frappante : les cercles de papier peint imprim\u00e9s sont la solution parfaite. Disponibles en divers mat\u00e9riaux de haute qualit\u00e9. Avec des accessoires pratiques, ils sont faciles \u00e0 appliquer et \u00e0 retirer. Cela vous permet d&rsquo;obtenir un r\u00e9sultat \u00e9poustouflant rapidement et sans trop d&rsquo;efforts !<\/p>\n<h3>Choix du mat\u00e9riau du cercle de papier peint<\/h3>\n<p>Choisissez le mat\u00e9riau qui correspond le mieux \u00e0 vos souhaits. Le cercle de papier peint peut \u00eatre produit dans diff\u00e9rents types de mat\u00e9riaux. DOT blanc est le standard (le plus command\u00e9), Roughmark convient aux surfaces plus difficiles et Gekkotex a un aspect textile mat. Ci-dessous, nous expliquons les diff\u00e9rences un peu plus en d\u00e9tail.<\/p>\n<ul>\n<li><strong>DOT blanc<\/strong> : Profitez de la facilit\u00e9 du DOT blanc, un film autocollant avec une structure de picots subtile. Ce film est facile \u00e0 appliquer et \u00e0 retirer, sans former de bulles d&rsquo;air. Avec le certificat d&rsquo;incendie B1, il est \u00e9galement s\u00fbr pour tout environnement.<\/li>\n<li><strong>Roughmark<\/strong> : Pour les surfaces difficiles, Roughmark offre la solution id\u00e9ale. Ce film autocollant a un pouvoir adh\u00e9sif extra \u00e9lev\u00e9, parfait pour les surfaces rugueuses et les applications de longue dur\u00e9e.<\/li>\n<li><strong>Gekkotex<\/strong> : Caract\u00e9ris\u00e9 par son aspect textile mat. Cr\u00e9ez une finition homog\u00e8ne et \u00e9l\u00e9gante avec Gekkotex. Ce papier peint textile autocollant et infroissable offre un aspect luxueux et est parfait pour un look \u00e9pur\u00e9 et moderne.<\/li>\n<\/ul>\n<p>&nbsp;<\/p>\n<h3>Accessoires pour une application facile<\/h3>\n<p>La raclette Gold est un outil essentiel pour une pose parfaite de votre cercle de papier peint. Cette raclette robuste assure une finition lisse et professionnelle. Prot\u00e9gez votre papier peint contre les dommages avec les bandes de feutre autocollantes Monkey Strips. Sp\u00e9cialement con\u00e7ues pour la raclette Gold, ces bandes garantissent que votre cercle de papier peint imprim\u00e9 reste toujours sous son meilleur jour.<\/p>\n<h3>Conseils pour une pose r\u00e9ussie<\/h3>\n<ul>\n<li><strong>Murs peints<\/strong> : Laissez s\u00e9cher les murs peints pendant au moins deux semaines avant d&rsquo;appliquer le cercle de papier peint. Si la peinture utilis\u00e9e contient du silicone, il est pr\u00e9f\u00e9rable de choisir DOT ou Roughmark pour une adh\u00e9rence optimale.<\/li>\n<li><strong>Temp\u00e9rature<\/strong> : Assurez-vous que la temp\u00e9rature se situe entre 10 et 32\u00b0C lors de l&rsquo;application du cercle de papier peint.<\/li>\n<li><strong>Surface<\/strong> : Assurez-vous toujours d&rsquo;avoir une surface s\u00e8che, propre et exempte de graisse pour une adh\u00e9rence optimale.<\/li>\n<\/ul>\n<p>Laissez libre cours \u00e0 votre cr\u00e9ativit\u00e9 et donnez \u00e0 votre espace une touche unique avec nos magnifiques cercles de papier peint imprim\u00e9s. Commandez d\u00e8s aujourd&rsquo;hui et d\u00e9couvrez la combinaison parfaite de style et de qualit\u00e9 !<\/p>\n","protected":false},"excerpt":{"rendered":"<p>Avec les cercles de papier peint autocollants, transformez n&rsquo;importe quel mur en un v\u00e9ritable accroche-regard. Le cercle de papier peint est dot\u00e9 d&rsquo;une impression couleur d&rsquo;une nettet\u00e9 exceptionnelle. T\u00e9l\u00e9chargez votre propre design, logo ou image ou choisissez parmi l&rsquo;un des nombreux motifs standard de notre collection. Livraison possible sous 1 jour ouvr\u00e9 ! Composez votre cercle de papier peint imprim\u00e9 en quelques \u00e9tapes ci-dessous.<\/p>\n","protected":false},"featured_media":14808,"template":"","meta":{"_et_pb_use_builder":"","_et_pb_old_content":"","_et_gb_content_width":""},"product_brand":[],"product_cat":[542,550,380,443,391],"product_tag":[],"class_list":{"0":"post-14807","1":"product","2":"type-product","3":"status-publish","4":"has-post-thumbnail","6":"product_cat-interieur-2","7":"product_cat-papier-peint","8":"product_cat-publicite-interieure","9":"product_cat-publicite-murale","10":"product_cat-revetements-muraux-en-papier-peint","12":"first","13":"instock","14":"taxable","15":"shipping-taxable","16":"purchasable","17":"product-type-simple"},"yoast_head":"<!-- This site is optimized with the Yoast SEO plugin v27.3 - https:\/\/yoast.com\/product\/yoast-seo-wordpress\/ -->\n<title>Cercle de papier peint | Amstel Printing<\/title>\n<meta name=\"robots\" content=\"index, follow, max-snippet:-1, max-image-preview:large, max-video-preview:-1\" \/>\n<link rel=\"canonical\" href=\"https:\/\/www.amstelprinting.nl\/fr\/boutique\/interieur-2\/papier-peint\/cercle-de-papier-peint\/\" \/>\n<meta property=\"og:locale\" content=\"fr_FR\" \/>\n<meta property=\"og:type\" content=\"article\" \/>\n<meta property=\"og:title\" content=\"Cercle de papier peint | Amstel Printing\" \/>\n<meta property=\"og:description\" content=\"Avec les cercles de papier peint autocollants, transformez n&#039;importe quel mur en un v\u00e9ritable accroche-regard. Le cercle de papier peint est dot\u00e9 d&#039;une impression couleur d&#039;une nettet\u00e9 exceptionnelle. T\u00e9l\u00e9chargez votre propre design, logo ou image ou choisissez parmi l&#039;un des nombreux motifs standard de notre collection. Livraison possible sous 1 jour ouvr\u00e9 ! Composez votre cercle de papier peint imprim\u00e9 en quelques \u00e9tapes ci-dessous.\" \/>\n<meta property=\"og:url\" content=\"https:\/\/www.amstelprinting.nl\/fr\/boutique\/interieur-2\/papier-peint\/cercle-de-papier-peint\/\" \/>\n<meta property=\"og:site_name\" content=\"Amstel Printing\" \/>\n<meta property=\"article:modified_time\" content=\"2026-02-18T11:51:16+00:00\" \/>\n<meta property=\"og:image\" content=\"https:\/\/www.amstelprinting.nl\/wp-content\/uploads\/behangcirkel-bedrukken-1.png\" \/>\n\t<meta property=\"og:image:width\" content=\"700\" \/>\n\t<meta property=\"og:image:height\" content=\"700\" \/>\n\t<meta property=\"og:image:type\" content=\"image\/png\" \/>\n<meta name=\"twitter:card\" content=\"summary_large_image\" \/>\n<meta name=\"twitter:label1\" content=\"Dur\u00e9e de lecture estim\u00e9e\" \/>\n\t<meta name=\"twitter:data1\" content=\"2 minutes\" \/>\n<script type=\"application\/ld+json\" class=\"yoast-schema-graph\">{\"@context\":\"https:\\\/\\\/schema.org\",\"@graph\":[{\"@type\":\"WebPage\",\"@id\":\"https:\\\/\\\/www.amstelprinting.nl\\\/fr\\\/boutique\\\/interieur-2\\\/papier-peint\\\/cercle-de-papier-peint\\\/\",\"url\":\"https:\\\/\\\/www.amstelprinting.nl\\\/fr\\\/boutique\\\/interieur-2\\\/papier-peint\\\/cercle-de-papier-peint\\\/\",\"name\":\"Cercle de papier peint | Amstel Printing\",\"isPartOf\":{\"@id\":\"https:\\\/\\\/www.amstelprinting.nl\\\/fr\\\/#website\"},\"primaryImageOfPage\":{\"@id\":\"https:\\\/\\\/www.amstelprinting.nl\\\/fr\\\/boutique\\\/interieur-2\\\/papier-peint\\\/cercle-de-papier-peint\\\/#primaryimage\"},\"image\":{\"@id\":\"https:\\\/\\\/www.amstelprinting.nl\\\/fr\\\/boutique\\\/interieur-2\\\/papier-peint\\\/cercle-de-papier-peint\\\/#primaryimage\"},\"thumbnailUrl\":\"https:\\\/\\\/www.amstelprinting.nl\\\/wp-content\\\/uploads\\\/behangcirkel-bedrukken-1.png\",\"datePublished\":\"2025-01-24T10:28:46+00:00\",\"dateModified\":\"2026-02-18T11:51:16+00:00\",\"breadcrumb\":{\"@id\":\"https:\\\/\\\/www.amstelprinting.nl\\\/fr\\\/boutique\\\/interieur-2\\\/papier-peint\\\/cercle-de-papier-peint\\\/#breadcrumb\"},\"inLanguage\":\"fr-FR\",\"potentialAction\":[{\"@type\":\"ReadAction\",\"target\":[\"https:\\\/\\\/www.amstelprinting.nl\\\/fr\\\/boutique\\\/interieur-2\\\/papier-peint\\\/cercle-de-papier-peint\\\/\"]}]},{\"@type\":\"ImageObject\",\"inLanguage\":\"fr-FR\",\"@id\":\"https:\\\/\\\/www.amstelprinting.nl\\\/fr\\\/boutique\\\/interieur-2\\\/papier-peint\\\/cercle-de-papier-peint\\\/#primaryimage\",\"url\":\"https:\\\/\\\/www.amstelprinting.nl\\\/wp-content\\\/uploads\\\/behangcirkel-bedrukken-1.png\",\"contentUrl\":\"https:\\\/\\\/www.amstelprinting.nl\\\/wp-content\\\/uploads\\\/behangcirkel-bedrukken-1.png\",\"width\":700,\"height\":700},{\"@type\":\"BreadcrumbList\",\"@id\":\"https:\\\/\\\/www.amstelprinting.nl\\\/fr\\\/boutique\\\/interieur-2\\\/papier-peint\\\/cercle-de-papier-peint\\\/#breadcrumb\",\"itemListElement\":[{\"@type\":\"ListItem\",\"position\":1,\"name\":\"\",\"item\":\"https:\\\/\\\/www.amstelprinting.nl\\\/fr\\\/\"},{\"@type\":\"ListItem\",\"position\":2,\"name\":\"Amstel Printing\",\"item\":\"https:\\\/\\\/www.amstelprinting.nl\\\/fr\\\/boutique\\\/\"},{\"@type\":\"ListItem\",\"position\":3,\"name\":\"Publicit\u00e9 int\u00e9rieure\",\"item\":\"https:\\\/\\\/www.amstelprinting.nl\\\/fr\\\/categorie\\\/publicite-interieure\\\/\"},{\"@type\":\"ListItem\",\"position\":4,\"name\":\"Rev\u00eatements muraux en papier peint\",\"item\":\"https:\\\/\\\/www.amstelprinting.nl\\\/fr\\\/categorie\\\/publicite-interieure\\\/revetements-muraux-en-papier-peint\\\/\"},{\"@type\":\"ListItem\",\"position\":5,\"name\":\"Cercle de papier peint\"}]},{\"@type\":\"WebSite\",\"@id\":\"https:\\\/\\\/www.amstelprinting.nl\\\/fr\\\/#website\",\"url\":\"https:\\\/\\\/www.amstelprinting.nl\\\/fr\\\/\",\"name\":\"Amstel Printing\",\"description\":\"Creating Exposure\",\"publisher\":{\"@id\":\"https:\\\/\\\/www.amstelprinting.nl\\\/fr\\\/#organization\"},\"potentialAction\":[{\"@type\":\"SearchAction\",\"target\":{\"@type\":\"EntryPoint\",\"urlTemplate\":\"https:\\\/\\\/www.amstelprinting.nl\\\/fr\\\/?s={search_term_string}\"},\"query-input\":{\"@type\":\"PropertyValueSpecification\",\"valueRequired\":true,\"valueName\":\"search_term_string\"}}],\"inLanguage\":\"fr-FR\"},{\"@type\":\"Organization\",\"@id\":\"https:\\\/\\\/www.amstelprinting.nl\\\/fr\\\/#organization\",\"name\":\"Amstel Printing\",\"url\":\"https:\\\/\\\/www.amstelprinting.nl\\\/fr\\\/\",\"logo\":{\"@type\":\"ImageObject\",\"inLanguage\":\"fr-FR\",\"@id\":\"https:\\\/\\\/www.amstelprinting.nl\\\/fr\\\/#\\\/schema\\\/logo\\\/image\\\/\",\"url\":\"https:\\\/\\\/www.amstelprinting.nl\\\/wp-content\\\/uploads\\\/amstel_printing_logo_clean.png\",\"contentUrl\":\"https:\\\/\\\/www.amstelprinting.nl\\\/wp-content\\\/uploads\\\/amstel_printing_logo_clean.png\",\"width\":324,\"height\":73,\"caption\":\"Amstel Printing\"},\"image\":{\"@id\":\"https:\\\/\\\/www.amstelprinting.nl\\\/fr\\\/#\\\/schema\\\/logo\\\/image\\\/\"}}]}<\/script>\n<!-- \/ Yoast SEO plugin. -->","yoast_head_json":{"title":"Cercle de papier peint | Amstel Printing","robots":{"index":"index","follow":"follow","max-snippet":"max-snippet:-1","max-image-preview":"max-image-preview:large","max-video-preview":"max-video-preview:-1"},"canonical":"https:\/\/www.amstelprinting.nl\/fr\/boutique\/interieur-2\/papier-peint\/cercle-de-papier-peint\/","og_locale":"fr_FR","og_type":"article","og_title":"Cercle de papier peint | Amstel Printing","og_description":"Avec les cercles de papier peint autocollants, transformez n'importe quel mur en un v\u00e9ritable accroche-regard. Le cercle de papier peint est dot\u00e9 d'une impression couleur d'une nettet\u00e9 exceptionnelle. T\u00e9l\u00e9chargez votre propre design, logo ou image ou choisissez parmi l'un des nombreux motifs standard de notre collection. Livraison possible sous 1 jour ouvr\u00e9 ! Composez votre cercle de papier peint imprim\u00e9 en quelques \u00e9tapes ci-dessous.","og_url":"https:\/\/www.amstelprinting.nl\/fr\/boutique\/interieur-2\/papier-peint\/cercle-de-papier-peint\/","og_site_name":"Amstel Printing","article_modified_time":"2026-02-18T11:51:16+00:00","og_image":[{"width":700,"height":700,"url":"https:\/\/www.amstelprinting.nl\/wp-content\/uploads\/behangcirkel-bedrukken-1.png","type":"image\/png"}],"twitter_card":"summary_large_image","twitter_misc":{"Dur\u00e9e de lecture estim\u00e9e":"2 minutes"},"schema":{"@context":"https:\/\/schema.org","@graph":[{"@type":"WebPage","@id":"https:\/\/www.amstelprinting.nl\/fr\/boutique\/interieur-2\/papier-peint\/cercle-de-papier-peint\/","url":"https:\/\/www.amstelprinting.nl\/fr\/boutique\/interieur-2\/papier-peint\/cercle-de-papier-peint\/","name":"Cercle de papier peint | Amstel Printing","isPartOf":{"@id":"https:\/\/www.amstelprinting.nl\/fr\/#website"},"primaryImageOfPage":{"@id":"https:\/\/www.amstelprinting.nl\/fr\/boutique\/interieur-2\/papier-peint\/cercle-de-papier-peint\/#primaryimage"},"image":{"@id":"https:\/\/www.amstelprinting.nl\/fr\/boutique\/interieur-2\/papier-peint\/cercle-de-papier-peint\/#primaryimage"},"thumbnailUrl":"https:\/\/www.amstelprinting.nl\/wp-content\/uploads\/behangcirkel-bedrukken-1.png","datePublished":"2025-01-24T10:28:46+00:00","dateModified":"2026-02-18T11:51:16+00:00","breadcrumb":{"@id":"https:\/\/www.amstelprinting.nl\/fr\/boutique\/interieur-2\/papier-peint\/cercle-de-papier-peint\/#breadcrumb"},"inLanguage":"fr-FR","potentialAction":[{"@type":"ReadAction","target":["https:\/\/www.amstelprinting.nl\/fr\/boutique\/interieur-2\/papier-peint\/cercle-de-papier-peint\/"]}]},{"@type":"ImageObject","inLanguage":"fr-FR","@id":"https:\/\/www.amstelprinting.nl\/fr\/boutique\/interieur-2\/papier-peint\/cercle-de-papier-peint\/#primaryimage","url":"https:\/\/www.amstelprinting.nl\/wp-content\/uploads\/behangcirkel-bedrukken-1.png","contentUrl":"https:\/\/www.amstelprinting.nl\/wp-content\/uploads\/behangcirkel-bedrukken-1.png","width":700,"height":700},{"@type":"BreadcrumbList","@id":"https:\/\/www.amstelprinting.nl\/fr\/boutique\/interieur-2\/papier-peint\/cercle-de-papier-peint\/#breadcrumb","itemListElement":[{"@type":"ListItem","position":1,"name":"","item":"https:\/\/www.amstelprinting.nl\/fr\/"},{"@type":"ListItem","position":2,"name":"Amstel Printing","item":"https:\/\/www.amstelprinting.nl\/fr\/boutique\/"},{"@type":"ListItem","position":3,"name":"Publicit\u00e9 int\u00e9rieure","item":"https:\/\/www.amstelprinting.nl\/fr\/categorie\/publicite-interieure\/"},{"@type":"ListItem","position":4,"name":"Rev\u00eatements muraux en papier peint","item":"https:\/\/www.amstelprinting.nl\/fr\/categorie\/publicite-interieure\/revetements-muraux-en-papier-peint\/"},{"@type":"ListItem","position":5,"name":"Cercle de papier peint"}]},{"@type":"WebSite","@id":"https:\/\/www.amstelprinting.nl\/fr\/#website","url":"https:\/\/www.amstelprinting.nl\/fr\/","name":"Amstel Printing","description":"Creating Exposure","publisher":{"@id":"https:\/\/www.amstelprinting.nl\/fr\/#organization"},"potentialAction":[{"@type":"SearchAction","target":{"@type":"EntryPoint","urlTemplate":"https:\/\/www.amstelprinting.nl\/fr\/?s={search_term_string}"},"query-input":{"@type":"PropertyValueSpecification","valueRequired":true,"valueName":"search_term_string"}}],"inLanguage":"fr-FR"},{"@type":"Organization","@id":"https:\/\/www.amstelprinting.nl\/fr\/#organization","name":"Amstel Printing","url":"https:\/\/www.amstelprinting.nl\/fr\/","logo":{"@type":"ImageObject","inLanguage":"fr-FR","@id":"https:\/\/www.amstelprinting.nl\/fr\/#\/schema\/logo\/image\/","url":"https:\/\/www.amstelprinting.nl\/wp-content\/uploads\/amstel_printing_logo_clean.png","contentUrl":"https:\/\/www.amstelprinting.nl\/wp-content\/uploads\/amstel_printing_logo_clean.png","width":324,"height":73,"caption":"Amstel Printing"},"image":{"@id":"https:\/\/www.amstelprinting.nl\/fr\/#\/schema\/logo\/image\/"}}]}},"_links":{"self":[{"href":"https:\/\/www.amstelprinting.nl\/fr\/wp-json\/wp\/v2\/product\/14807","targetHints":{"allow":["GET"]}}],"collection":[{"href":"https:\/\/www.amstelprinting.nl\/fr\/wp-json\/wp\/v2\/product"}],"about":[{"href":"https:\/\/www.amstelprinting.nl\/fr\/wp-json\/wp\/v2\/types\/product"}],"wp:featuredmedia":[{"embeddable":true,"href":"https:\/\/www.amstelprinting.nl\/fr\/wp-json\/wp\/v2\/media\/14808"}],"wp:attachment":[{"href":"https:\/\/www.amstelprinting.nl\/fr\/wp-json\/wp\/v2\/media?parent=14807"}],"wp:term":[{"taxonomy":"product_brand","embeddable":true,"href":"https:\/\/www.amstelprinting.nl\/fr\/wp-json\/wp\/v2\/product_brand?post=14807"},{"taxonomy":"product_cat","embeddable":true,"href":"https:\/\/www.amstelprinting.nl\/fr\/wp-json\/wp\/v2\/product_cat?post=14807"},{"taxonomy":"product_tag","embeddable":true,"href":"https:\/\/www.amstelprinting.nl\/fr\/wp-json\/wp\/v2\/product_tag?post=14807"}],"curies":[{"name":"wp","href":"https:\/\/api.w.org\/{rel}","templated":true}]}}