{"id":14817,"date":"2025-01-24T11:28:39","date_gmt":"2025-01-24T10:28:39","guid":{"rendered":"https:\/\/www.amstelprinting.nl\/winkel\/non%20class\u00e9\/hexagons\/"},"modified":"2026-02-18T12:51:16","modified_gmt":"2026-02-18T11:51:16","slug":"hexagones","status":"publish","type":"product","link":"https:\/\/www.amstelprinting.nl\/fr\/boutique\/interieur-2\/decoration-murale\/hexagones\/","title":{"rendered":"Hexagones"},"content":{"rendered":"<h3>Impression d&rsquo;hexagones : choisissez le bon mat\u00e9riau<\/h3>\n<p>Nos hexagones sont disponibles en six formats : 15 cm, 20 cm, 25 cm, 30 cm, 35 cm et 40 cm. De plus, vous avez le choix entre les diff\u00e9rents mat\u00e9riaux ci-dessous. Chaque mat\u00e9riau a ses propres propri\u00e9t\u00e9s et son propre aspect. La durabilit\u00e9 est-elle importante pour vous ? Ou souhaitez-vous un hexagone en plexiglas ? Ou souhaitez-vous utiliser l&rsquo;hexagone imprim\u00e9 \u00e0 l&rsquo;ext\u00e9rieur ? Lisez ci-dessous quel mat\u00e9riau correspond le mieux \u00e0 vos besoins.<\/p>\n<ul>\n<li><strong>Dibond\u00ae premium 3 mm<\/strong> : Un panneau sandwich en aluminium premium avec un noyau noir, adapt\u00e9 \u00e0 une utilisation int\u00e9rieure et ext\u00e9rieure.<\/li>\n<li><strong>Dibond\u00ae Budget 3 mm<\/strong> : Un panneau sandwich en aluminium \u00e9conomique avec un noyau noir, adapt\u00e9 \u00e0 une utilisation int\u00e9rieure et ext\u00e9rieure.<\/li>\n<li><strong>Dibond\u00ae Butler Finish 3 mm<\/strong> : Un panneau sandwich en aluminium avec un noyau noir et un aspect acier inoxydable bross\u00e9, adapt\u00e9 \u00e0 une utilisation int\u00e9rieure et ext\u00e9rieure.<\/li>\n<li><strong>Forex\u00ae 5 mm<\/strong> : PVC expans\u00e9 l\u00e9ger, id\u00e9al pour une utilisation en int\u00e9rieur.<\/li>\n<li><strong>Plexiglas transparent 5 mm<\/strong> : Mat\u00e9riau transparent au look moderne, adapt\u00e9 \u00e0 une utilisation int\u00e9rieure et ext\u00e9rieure, mais sensible aux rayures.<\/li>\n<li><strong>Contreplaqu\u00e9 9 mm<\/strong> : Bois de peuplier respectueux de l&rsquo;environnement avec un aspect naturel, adapt\u00e9 \u00e0 une utilisation en int\u00e9rieur.<\/li>\n<li><strong>Sign Again 4 mm<\/strong> : Mat\u00e9riau circulaire fabriqu\u00e9 \u00e0 partir de banni\u00e8res recycl\u00e9es et de chutes de d\u00e9coupe, adapt\u00e9 \u00e0 une utilisation int\u00e9rieure et ext\u00e9rieure, r\u00e9sistant aux chocs et flexible.<\/li>\n<\/ul>\n<p>&nbsp;<\/p>\n<h3>Accessoires<\/h3>\n<p>Divers accessoires facilitent et acc\u00e9l\u00e8rent la pose de vos panneaux hexagonaux. Nos syst\u00e8mes d&rsquo;accrochage sont con\u00e7us pour une fixation solide et garantissent que vos \u0153uvres d&rsquo;art restent parfaitement en place.<\/p>\n<p>Donnez \u00e0 votre espace un aspect contemporain et unique avec nos panneaux hexagonaux. Commandez d\u00e8s aujourd&rsquo;hui et d\u00e9couvrez la combinaison parfaite de cr\u00e9ativit\u00e9, de qualit\u00e9 et de facilit\u00e9 !<\/p>\n","protected":false},"excerpt":{"rendered":"<p>Donnez \u00e0 votre int\u00e9rieur un aspect remarquable et moderne avec nos hexagones ! Ces panneaux hexagonaux \u00e9l\u00e9gants sont parfaits pour apporter une touche unique et personnelle \u00e0 n&rsquo;importe quelle pi\u00e8ce. Avec diff\u00e9rents formats, mat\u00e9riaux et accessoires pratiques, vous pouvez facilement r\u00e9aliser votre propre design. Alors mixez et assortissez (combinez du petit au grand) et cr\u00e9ez les plus belles d\u00e9corations murales !<\/p>\n","protected":false},"featured_media":14818,"template":"","meta":{"_et_pb_use_builder":"","_et_pb_old_content":"","_et_gb_content_width":""},"product_brand":[],"product_cat":[625,542,380,443],"product_tag":[],"class_list":{"0":"post-14817","1":"product","2":"type-product","3":"status-publish","4":"has-post-thumbnail","6":"product_cat-decoration-murale","7":"product_cat-interieur-2","8":"product_cat-publicite-interieure","9":"product_cat-publicite-murale","11":"first","12":"instock","13":"taxable","14":"shipping-taxable","15":"purchasable","16":"product-type-simple"},"yoast_head":"<!-- This site is optimized with the Yoast SEO plugin v27.3 - https:\/\/yoast.com\/product\/yoast-seo-wordpress\/ -->\n<title>Hexagones | Amstel Printing<\/title>\n<meta name=\"robots\" content=\"index, follow, max-snippet:-1, max-image-preview:large, max-video-preview:-1\" \/>\n<link rel=\"canonical\" href=\"https:\/\/www.amstelprinting.nl\/fr\/boutique\/interieur-2\/decoration-murale\/hexagones\/\" \/>\n<meta property=\"og:locale\" content=\"fr_FR\" \/>\n<meta property=\"og:type\" content=\"article\" \/>\n<meta property=\"og:title\" content=\"Hexagones | Amstel Printing\" \/>\n<meta property=\"og:description\" content=\"Donnez \u00e0 votre int\u00e9rieur un aspect remarquable et moderne avec nos hexagones ! Ces panneaux hexagonaux \u00e9l\u00e9gants sont parfaits pour apporter une touche unique et personnelle \u00e0 n&#039;importe quelle pi\u00e8ce. Avec diff\u00e9rents formats, mat\u00e9riaux et accessoires pratiques, vous pouvez facilement r\u00e9aliser votre propre design. Alors mixez et assortissez (combinez du petit au grand) et cr\u00e9ez les plus belles d\u00e9corations murales !\" \/>\n<meta property=\"og:url\" content=\"https:\/\/www.amstelprinting.nl\/fr\/boutique\/interieur-2\/decoration-murale\/hexagones\/\" \/>\n<meta property=\"og:site_name\" content=\"Amstel Printing\" \/>\n<meta property=\"article:modified_time\" content=\"2026-02-18T11:51:16+00:00\" \/>\n<meta property=\"og:image\" content=\"https:\/\/www.amstelprinting.nl\/wp-content\/uploads\/Hexagons.jpg\" \/>\n\t<meta property=\"og:image:width\" content=\"700\" \/>\n\t<meta property=\"og:image:height\" content=\"700\" \/>\n\t<meta property=\"og:image:type\" content=\"image\/jpeg\" \/>\n<meta name=\"twitter:card\" content=\"summary_large_image\" \/>\n<meta name=\"twitter:label1\" content=\"Dur\u00e9e de lecture estim\u00e9e\" \/>\n\t<meta name=\"twitter:data1\" content=\"1 minute\" \/>\n<script type=\"application\/ld+json\" class=\"yoast-schema-graph\">{\"@context\":\"https:\\\/\\\/schema.org\",\"@graph\":[{\"@type\":\"WebPage\",\"@id\":\"https:\\\/\\\/www.amstelprinting.nl\\\/fr\\\/boutique\\\/interieur-2\\\/decoration-murale\\\/hexagones\\\/\",\"url\":\"https:\\\/\\\/www.amstelprinting.nl\\\/fr\\\/boutique\\\/interieur-2\\\/decoration-murale\\\/hexagones\\\/\",\"name\":\"Hexagones | Amstel Printing\",\"isPartOf\":{\"@id\":\"https:\\\/\\\/www.amstelprinting.nl\\\/fr\\\/#website\"},\"primaryImageOfPage\":{\"@id\":\"https:\\\/\\\/www.amstelprinting.nl\\\/fr\\\/boutique\\\/interieur-2\\\/decoration-murale\\\/hexagones\\\/#primaryimage\"},\"image\":{\"@id\":\"https:\\\/\\\/www.amstelprinting.nl\\\/fr\\\/boutique\\\/interieur-2\\\/decoration-murale\\\/hexagones\\\/#primaryimage\"},\"thumbnailUrl\":\"https:\\\/\\\/www.amstelprinting.nl\\\/wp-content\\\/uploads\\\/Hexagons.jpg\",\"datePublished\":\"2025-01-24T10:28:39+00:00\",\"dateModified\":\"2026-02-18T11:51:16+00:00\",\"breadcrumb\":{\"@id\":\"https:\\\/\\\/www.amstelprinting.nl\\\/fr\\\/boutique\\\/interieur-2\\\/decoration-murale\\\/hexagones\\\/#breadcrumb\"},\"inLanguage\":\"fr-FR\",\"potentialAction\":[{\"@type\":\"ReadAction\",\"target\":[\"https:\\\/\\\/www.amstelprinting.nl\\\/fr\\\/boutique\\\/interieur-2\\\/decoration-murale\\\/hexagones\\\/\"]}]},{\"@type\":\"ImageObject\",\"inLanguage\":\"fr-FR\",\"@id\":\"https:\\\/\\\/www.amstelprinting.nl\\\/fr\\\/boutique\\\/interieur-2\\\/decoration-murale\\\/hexagones\\\/#primaryimage\",\"url\":\"https:\\\/\\\/www.amstelprinting.nl\\\/wp-content\\\/uploads\\\/Hexagons.jpg\",\"contentUrl\":\"https:\\\/\\\/www.amstelprinting.nl\\\/wp-content\\\/uploads\\\/Hexagons.jpg\",\"width\":700,\"height\":700},{\"@type\":\"BreadcrumbList\",\"@id\":\"https:\\\/\\\/www.amstelprinting.nl\\\/fr\\\/boutique\\\/interieur-2\\\/decoration-murale\\\/hexagones\\\/#breadcrumb\",\"itemListElement\":[{\"@type\":\"ListItem\",\"position\":1,\"name\":\"\",\"item\":\"https:\\\/\\\/www.amstelprinting.nl\\\/fr\\\/\"},{\"@type\":\"ListItem\",\"position\":2,\"name\":\"Amstel Printing\",\"item\":\"https:\\\/\\\/www.amstelprinting.nl\\\/fr\\\/boutique\\\/\"},{\"@type\":\"ListItem\",\"position\":3,\"name\":\"Publicit\u00e9 int\u00e9rieure\",\"item\":\"https:\\\/\\\/www.amstelprinting.nl\\\/fr\\\/categorie\\\/publicite-interieure\\\/\"},{\"@type\":\"ListItem\",\"position\":4,\"name\":\"Publicit\u00e9 murale\",\"item\":\"https:\\\/\\\/www.amstelprinting.nl\\\/fr\\\/categorie\\\/publicite-interieure\\\/publicite-murale\\\/\"},{\"@type\":\"ListItem\",\"position\":5,\"name\":\"Hexagones\"}]},{\"@type\":\"WebSite\",\"@id\":\"https:\\\/\\\/www.amstelprinting.nl\\\/fr\\\/#website\",\"url\":\"https:\\\/\\\/www.amstelprinting.nl\\\/fr\\\/\",\"name\":\"Amstel Printing\",\"description\":\"Creating Exposure\",\"publisher\":{\"@id\":\"https:\\\/\\\/www.amstelprinting.nl\\\/fr\\\/#organization\"},\"potentialAction\":[{\"@type\":\"SearchAction\",\"target\":{\"@type\":\"EntryPoint\",\"urlTemplate\":\"https:\\\/\\\/www.amstelprinting.nl\\\/fr\\\/?s={search_term_string}\"},\"query-input\":{\"@type\":\"PropertyValueSpecification\",\"valueRequired\":true,\"valueName\":\"search_term_string\"}}],\"inLanguage\":\"fr-FR\"},{\"@type\":\"Organization\",\"@id\":\"https:\\\/\\\/www.amstelprinting.nl\\\/fr\\\/#organization\",\"name\":\"Amstel Printing\",\"url\":\"https:\\\/\\\/www.amstelprinting.nl\\\/fr\\\/\",\"logo\":{\"@type\":\"ImageObject\",\"inLanguage\":\"fr-FR\",\"@id\":\"https:\\\/\\\/www.amstelprinting.nl\\\/fr\\\/#\\\/schema\\\/logo\\\/image\\\/\",\"url\":\"https:\\\/\\\/www.amstelprinting.nl\\\/wp-content\\\/uploads\\\/amstel_printing_logo_clean.png\",\"contentUrl\":\"https:\\\/\\\/www.amstelprinting.nl\\\/wp-content\\\/uploads\\\/amstel_printing_logo_clean.png\",\"width\":324,\"height\":73,\"caption\":\"Amstel Printing\"},\"image\":{\"@id\":\"https:\\\/\\\/www.amstelprinting.nl\\\/fr\\\/#\\\/schema\\\/logo\\\/image\\\/\"}}]}<\/script>\n<!-- \/ Yoast SEO plugin. -->","yoast_head_json":{"title":"Hexagones | Amstel Printing","robots":{"index":"index","follow":"follow","max-snippet":"max-snippet:-1","max-image-preview":"max-image-preview:large","max-video-preview":"max-video-preview:-1"},"canonical":"https:\/\/www.amstelprinting.nl\/fr\/boutique\/interieur-2\/decoration-murale\/hexagones\/","og_locale":"fr_FR","og_type":"article","og_title":"Hexagones | Amstel Printing","og_description":"Donnez \u00e0 votre int\u00e9rieur un aspect remarquable et moderne avec nos hexagones ! Ces panneaux hexagonaux \u00e9l\u00e9gants sont parfaits pour apporter une touche unique et personnelle \u00e0 n'importe quelle pi\u00e8ce. Avec diff\u00e9rents formats, mat\u00e9riaux et accessoires pratiques, vous pouvez facilement r\u00e9aliser votre propre design. Alors mixez et assortissez (combinez du petit au grand) et cr\u00e9ez les plus belles d\u00e9corations murales !","og_url":"https:\/\/www.amstelprinting.nl\/fr\/boutique\/interieur-2\/decoration-murale\/hexagones\/","og_site_name":"Amstel Printing","article_modified_time":"2026-02-18T11:51:16+00:00","og_image":[{"width":700,"height":700,"url":"https:\/\/www.amstelprinting.nl\/wp-content\/uploads\/Hexagons.jpg","type":"image\/jpeg"}],"twitter_card":"summary_large_image","twitter_misc":{"Dur\u00e9e de lecture estim\u00e9e":"1 minute"},"schema":{"@context":"https:\/\/schema.org","@graph":[{"@type":"WebPage","@id":"https:\/\/www.amstelprinting.nl\/fr\/boutique\/interieur-2\/decoration-murale\/hexagones\/","url":"https:\/\/www.amstelprinting.nl\/fr\/boutique\/interieur-2\/decoration-murale\/hexagones\/","name":"Hexagones | Amstel Printing","isPartOf":{"@id":"https:\/\/www.amstelprinting.nl\/fr\/#website"},"primaryImageOfPage":{"@id":"https:\/\/www.amstelprinting.nl\/fr\/boutique\/interieur-2\/decoration-murale\/hexagones\/#primaryimage"},"image":{"@id":"https:\/\/www.amstelprinting.nl\/fr\/boutique\/interieur-2\/decoration-murale\/hexagones\/#primaryimage"},"thumbnailUrl":"https:\/\/www.amstelprinting.nl\/wp-content\/uploads\/Hexagons.jpg","datePublished":"2025-01-24T10:28:39+00:00","dateModified":"2026-02-18T11:51:16+00:00","breadcrumb":{"@id":"https:\/\/www.amstelprinting.nl\/fr\/boutique\/interieur-2\/decoration-murale\/hexagones\/#breadcrumb"},"inLanguage":"fr-FR","potentialAction":[{"@type":"ReadAction","target":["https:\/\/www.amstelprinting.nl\/fr\/boutique\/interieur-2\/decoration-murale\/hexagones\/"]}]},{"@type":"ImageObject","inLanguage":"fr-FR","@id":"https:\/\/www.amstelprinting.nl\/fr\/boutique\/interieur-2\/decoration-murale\/hexagones\/#primaryimage","url":"https:\/\/www.amstelprinting.nl\/wp-content\/uploads\/Hexagons.jpg","contentUrl":"https:\/\/www.amstelprinting.nl\/wp-content\/uploads\/Hexagons.jpg","width":700,"height":700},{"@type":"BreadcrumbList","@id":"https:\/\/www.amstelprinting.nl\/fr\/boutique\/interieur-2\/decoration-murale\/hexagones\/#breadcrumb","itemListElement":[{"@type":"ListItem","position":1,"name":"","item":"https:\/\/www.amstelprinting.nl\/fr\/"},{"@type":"ListItem","position":2,"name":"Amstel Printing","item":"https:\/\/www.amstelprinting.nl\/fr\/boutique\/"},{"@type":"ListItem","position":3,"name":"Publicit\u00e9 int\u00e9rieure","item":"https:\/\/www.amstelprinting.nl\/fr\/categorie\/publicite-interieure\/"},{"@type":"ListItem","position":4,"name":"Publicit\u00e9 murale","item":"https:\/\/www.amstelprinting.nl\/fr\/categorie\/publicite-interieure\/publicite-murale\/"},{"@type":"ListItem","position":5,"name":"Hexagones"}]},{"@type":"WebSite","@id":"https:\/\/www.amstelprinting.nl\/fr\/#website","url":"https:\/\/www.amstelprinting.nl\/fr\/","name":"Amstel Printing","description":"Creating Exposure","publisher":{"@id":"https:\/\/www.amstelprinting.nl\/fr\/#organization"},"potentialAction":[{"@type":"SearchAction","target":{"@type":"EntryPoint","urlTemplate":"https:\/\/www.amstelprinting.nl\/fr\/?s={search_term_string}"},"query-input":{"@type":"PropertyValueSpecification","valueRequired":true,"valueName":"search_term_string"}}],"inLanguage":"fr-FR"},{"@type":"Organization","@id":"https:\/\/www.amstelprinting.nl\/fr\/#organization","name":"Amstel Printing","url":"https:\/\/www.amstelprinting.nl\/fr\/","logo":{"@type":"ImageObject","inLanguage":"fr-FR","@id":"https:\/\/www.amstelprinting.nl\/fr\/#\/schema\/logo\/image\/","url":"https:\/\/www.amstelprinting.nl\/wp-content\/uploads\/amstel_printing_logo_clean.png","contentUrl":"https:\/\/www.amstelprinting.nl\/wp-content\/uploads\/amstel_printing_logo_clean.png","width":324,"height":73,"caption":"Amstel Printing"},"image":{"@id":"https:\/\/www.amstelprinting.nl\/fr\/#\/schema\/logo\/image\/"}}]}},"_links":{"self":[{"href":"https:\/\/www.amstelprinting.nl\/fr\/wp-json\/wp\/v2\/product\/14817","targetHints":{"allow":["GET"]}}],"collection":[{"href":"https:\/\/www.amstelprinting.nl\/fr\/wp-json\/wp\/v2\/product"}],"about":[{"href":"https:\/\/www.amstelprinting.nl\/fr\/wp-json\/wp\/v2\/types\/product"}],"wp:featuredmedia":[{"embeddable":true,"href":"https:\/\/www.amstelprinting.nl\/fr\/wp-json\/wp\/v2\/media\/14818"}],"wp:attachment":[{"href":"https:\/\/www.amstelprinting.nl\/fr\/wp-json\/wp\/v2\/media?parent=14817"}],"wp:term":[{"taxonomy":"product_brand","embeddable":true,"href":"https:\/\/www.amstelprinting.nl\/fr\/wp-json\/wp\/v2\/product_brand?post=14817"},{"taxonomy":"product_cat","embeddable":true,"href":"https:\/\/www.amstelprinting.nl\/fr\/wp-json\/wp\/v2\/product_cat?post=14817"},{"taxonomy":"product_tag","embeddable":true,"href":"https:\/\/www.amstelprinting.nl\/fr\/wp-json\/wp\/v2\/product_tag?post=14817"}],"curies":[{"name":"wp","href":"https:\/\/api.w.org\/{rel}","templated":true}]}}