{"id":14827,"date":"2025-01-24T11:28:28","date_gmt":"2025-01-24T10:28:28","guid":{"rendered":"https:\/\/www.amstelprinting.nl\/winkel\/non%20class\u00e9\/peesdoek\/"},"modified":"2026-02-18T12:51:17","modified_gmt":"2026-02-18T11:51:17","slug":"toile-a-jonc","status":"publish","type":"product","link":"https:\/\/www.amstelprinting.nl\/fr\/boutique\/interieur-2\/decoration-murale\/toile-a-jonc\/","title":{"rendered":"Toile \u00e0 jonc"},"content":{"rendered":"<h3>Commander une toile \u00e0 jonc ? Choisissez le bon mat\u00e9riau.<\/h3>\n<p>Imprimer une toile \u00e0 jonc ? Choisissez le mat\u00e9riau adapt\u00e9 \u00e0 vos exigences. La toile \u00e0 jonc doit-elle \u00eatre adapt\u00e9e \u00e0 un cadre LED \u00e9clair\u00e9 ? Allez-vous utiliser la toile \u00e0 jonc exclusivement \u00e0 l&rsquo;int\u00e9rieur ou allez-vous la placer dans un cadre textile ext\u00e9rieur ? Nous expliquons bri\u00e8vement ci-dessous les diff\u00e9rentes propri\u00e9t\u00e9s des toiles \u00e0 jonc ; vous pourrez ainsi faire le bon choix de mat\u00e9riau rapidement et facilement.<\/p>\n<h2><strong>Pour un cadre LED :<\/strong><\/h2>\n<ul>\n<li><strong>Samba Backlit<\/strong> : Toile en polyester avec impression UV. Samba Backlit b\u00e9n\u00e9ficie ainsi d&rsquo;un rendu des couleurs intense. Sp\u00e9cialement con\u00e7u pour la clart\u00e9 et la vivacit\u00e9 dans les cadres LED \u00e9clair\u00e9s.<\/li>\n<li><strong>LumiTex<\/strong> : Ce mat\u00e9riau de toile \u00e0 jonc est compos\u00e9 \u00e0 100 % de polyester. Il est fabriqu\u00e9 avec des fils extra-fins et dot\u00e9 d&rsquo;une double couche d&rsquo;encre, ce qui le rend parfaitement adapt\u00e9 \u00e0 une utilisation dans des applications \u00e9clair\u00e9es.<\/li>\n<\/ul>\n<p><span style=\"text-decoration: underline;\">Diff\u00e9rences entre Samba Backlit et LumiTex<\/span><br \/>\nLa diff\u00e9rence entre Samba Backlit et LumiTex est principalement li\u00e9e \u00e0 la technique d&rsquo;impression. La toile \u00e0 jonc Samba est dot\u00e9e d&rsquo;une toile d&rsquo;impression UV \u00e0 200 % et LumiTex concerne une impression par sublimation \u00e0 200 %. L&rsquo;inconv\u00e9nient d&rsquo;une impression UV est que les doubles couches d&rsquo;encre d\u00e9gagent une (temporaire) forte odeur. Le LumiTex est quant \u00e0 lui inodore et infroissable.<br \/>\nDe plus, l&rsquo;impression sur toile LumiTex est un peu plus durable que celle sur Samba Backlit. En effet, les encres utilis\u00e9es sont \u00e0 base d&rsquo;eau. De plus, le LumiTex (tout comme le Samba Backlit) est \u00e9galement exempt de PVC et recyclable.<\/p>\n<p>La derni\u00e8re diff\u00e9rence caract\u00e9ristique entre les deux toiles est que la Samba Backlit est dot\u00e9e d&rsquo;un rev\u00eatement. Gr\u00e2ce \u00e0 ce rev\u00eatement, le Samba Backlit peut \u00e9galement \u00eatre utilis\u00e9 \u00e0 l&rsquo;ext\u00e9rieur pendant une courte p\u00e9riode. Le LumiTex convient exclusivement aux applications int\u00e9rieures.<\/p>\n<h2><strong>Pour un cadre textile :<\/strong><\/h2>\n<ul>\n<li><strong>Dekostof<\/strong> : Toile en polyester souple avec une structure fine et un aspect puissant.<\/li>\n<li><strong>Dekostof Blockout<\/strong> : Toile en polyester occultante avec un dos noir et certificat B1.<\/li>\n<li><strong>Structex<\/strong> : Tissu structur\u00e9 en polyester de haute qualit\u00e9 avec un aspect coton.<\/li>\n<li><strong>Velours<\/strong> : Polyester de haute qualit\u00e9 \u00e0 poils ras, pour un aspect velout\u00e9.<\/li>\n<li><strong>Blackback Soft<\/strong> : Toile occultante en polyester avec un dos noir<\/li>\n<li><strong>Blackback XL<\/strong> : Toile occultante en polyester avec un dos noir, id\u00e9ale pour les grands formats.<\/li>\n<li><strong>Decotex UV<\/strong> : Toile en polyester souple avec une structure fine et un aspect puissant, parfaite pour les grands formats.<\/li>\n<\/ul>\n<p>&nbsp;<\/p>\n<h3>Accessoires<\/h3>\n<p>Notre outil e-lock permet de fixer les toiles \u00e0 jonc sans effort et avec pr\u00e9cision. Ainsi, vous pouvez compter sur une installation professionnelle et sans probl\u00e8me.<\/p>\n<h3>Foire aux questions sur les toiles \u00e0 jonc<\/h3>\n<p><strong>Comment m&rsquo;assurer d&rsquo;avoir le bon format ?<\/strong><br \/>\nPour vous assurer d&rsquo;avoir la bonne taille de toile \u00e0 jonc, vous devez toujours mesurer l&rsquo;ext\u00e9rieur du cadre.<\/p>\n<p><strong>\u00c0 quoi ressemble la couture si je divise ma toile \u00e0 jonc ?<\/strong><br \/>\nIl s&rsquo;agit d&rsquo;une couture, elle est comparable \u00e0 la couture d&rsquo;un ourlet ou d&rsquo;un fourreau par exemple.<\/p>\n<p><strong>Est-il \u00e9galement possible de livrer des toiles \u00e0 jonc \u00e0 la forme (contour) ?<\/strong><br \/>\nC&rsquo;est possible ! Les toiles rondes et ovales peuvent actuellement \u00eatre livr\u00e9es sur devis.<\/p>\n<p><strong>Que faire s&rsquo;il y a des plis dans ma toile \u00e0 jonc ?<\/strong><br \/>\nLors de la mise en place de la toile \u00e0 jonc dans le cadre, une tension s&rsquo;exerce sur le mat\u00e9riau. En cons\u00e9quence, les plis s&rsquo;estompent d&rsquo;eux-m\u00eames de la toile. Veuillez noter que cela peut prendre quelques jours.<\/p>\n<h3>Comment monter une toile \u00e0 jonc ?<\/h3>\n<p>Pour monter une toile \u00e0 jonc, commencez par fixer le cadre au mur. Ensuite, vous pouvez poser la toile \u00e0 jonc en fixant d&rsquo;abord tous les coins, en commen\u00e7ant par les coins sup\u00e9rieurs. Poussez ensuite d\u00e9licatement le reste de la toile dans le cadre.<\/p>\n","protected":false},"excerpt":{"rendered":"<h3>Toile pour cadre textile et LED<\/h3>\n<p>La toile \u00e0 jonc &#8211; sp\u00e9cialement con\u00e7ue pour une fixation invisible et tendue dans les cadres textiles et LED. Que vous souhaitiez embellir une entreprise, un magasin, un \u00e9v\u00e9nement ou un espace domestique ; nos toiles \u00e0 jonc offrent la combinaison id\u00e9ale de qualit\u00e9, de polyvalence et de style. Chez nous, vous d\u00e9terminez vous-m\u00eame le format et choisissez parmi une large gamme de mat\u00e9riaux de haute qualit\u00e9. Chaque mat\u00e9riau (\u00e0 l&rsquo;exception du velours) est dot\u00e9 d&rsquo;un certificat B1 de s\u00e9curit\u00e9 incendie. Composez facilement votre toile \u00e0 jonc imprim\u00e9e en quelques \u00e9tapes.<\/p>\n","protected":false},"featured_media":14828,"template":"","meta":{"_et_pb_use_builder":"","_et_pb_old_content":"","_et_gb_content_width":""},"product_brand":[],"product_cat":[625,542,380,443,428,376],"product_tag":[],"class_list":{"0":"post-14827","1":"product","2":"type-product","3":"status-publish","4":"has-post-thumbnail","6":"product_cat-decoration-murale","7":"product_cat-interieur-2","8":"product_cat-publicite-interieure","9":"product_cat-publicite-murale","10":"product_cat-salon-et-evenement","11":"product_cat-toiles-dexposition","13":"first","14":"instock","15":"taxable","16":"shipping-taxable","17":"purchasable","18":"product-type-simple"},"yoast_head":"<!-- This site is optimized with the Yoast SEO plugin v27.3 - https:\/\/yoast.com\/product\/yoast-seo-wordpress\/ -->\n<title>Toile \u00e0 jonc | Amstel Printing<\/title>\n<meta name=\"robots\" content=\"index, follow, max-snippet:-1, max-image-preview:large, max-video-preview:-1\" \/>\n<link rel=\"canonical\" href=\"https:\/\/www.amstelprinting.nl\/fr\/boutique\/interieur-2\/decoration-murale\/toile-a-jonc\/\" \/>\n<meta property=\"og:locale\" content=\"fr_FR\" \/>\n<meta property=\"og:type\" content=\"article\" \/>\n<meta property=\"og:title\" content=\"Toile \u00e0 jonc | Amstel Printing\" \/>\n<meta property=\"og:description\" content=\"Toile pour cadre textile et LED La toile \u00e0 jonc - sp\u00e9cialement con\u00e7ue pour une fixation invisible et tendue dans les cadres textiles et LED. Que vous souhaitiez embellir une entreprise, un magasin, un \u00e9v\u00e9nement ou un espace domestique ; nos toiles \u00e0 jonc offrent la combinaison id\u00e9ale de qualit\u00e9, de polyvalence et de style. Chez nous, vous d\u00e9terminez vous-m\u00eame le format et choisissez parmi une large gamme de mat\u00e9riaux de haute qualit\u00e9. Chaque mat\u00e9riau (\u00e0 l&#039;exception du velours) est dot\u00e9 d&#039;un certificat B1 de s\u00e9curit\u00e9 incendie. Composez facilement votre toile \u00e0 jonc imprim\u00e9e en quelques \u00e9tapes.\" \/>\n<meta property=\"og:url\" content=\"https:\/\/www.amstelprinting.nl\/fr\/boutique\/interieur-2\/decoration-murale\/toile-a-jonc\/\" \/>\n<meta property=\"og:site_name\" content=\"Amstel Printing\" \/>\n<meta property=\"article:modified_time\" content=\"2026-02-18T11:51:17+00:00\" \/>\n<meta property=\"og:image\" content=\"https:\/\/www.amstelprinting.nl\/wp-content\/uploads\/peesdoek-bedrukken.png\" \/>\n\t<meta property=\"og:image:width\" content=\"900\" \/>\n\t<meta property=\"og:image:height\" content=\"900\" \/>\n\t<meta property=\"og:image:type\" content=\"image\/png\" \/>\n<meta name=\"twitter:card\" content=\"summary_large_image\" \/>\n<meta name=\"twitter:label1\" content=\"Dur\u00e9e de lecture estim\u00e9e\" \/>\n\t<meta name=\"twitter:data1\" content=\"3 minutes\" \/>\n<script type=\"application\/ld+json\" class=\"yoast-schema-graph\">{\"@context\":\"https:\\\/\\\/schema.org\",\"@graph\":[{\"@type\":\"WebPage\",\"@id\":\"https:\\\/\\\/www.amstelprinting.nl\\\/fr\\\/boutique\\\/interieur-2\\\/decoration-murale\\\/toile-a-jonc\\\/\",\"url\":\"https:\\\/\\\/www.amstelprinting.nl\\\/fr\\\/boutique\\\/interieur-2\\\/decoration-murale\\\/toile-a-jonc\\\/\",\"name\":\"Toile \u00e0 jonc | Amstel Printing\",\"isPartOf\":{\"@id\":\"https:\\\/\\\/www.amstelprinting.nl\\\/fr\\\/#website\"},\"primaryImageOfPage\":{\"@id\":\"https:\\\/\\\/www.amstelprinting.nl\\\/fr\\\/boutique\\\/interieur-2\\\/decoration-murale\\\/toile-a-jonc\\\/#primaryimage\"},\"image\":{\"@id\":\"https:\\\/\\\/www.amstelprinting.nl\\\/fr\\\/boutique\\\/interieur-2\\\/decoration-murale\\\/toile-a-jonc\\\/#primaryimage\"},\"thumbnailUrl\":\"https:\\\/\\\/www.amstelprinting.nl\\\/wp-content\\\/uploads\\\/peesdoek-bedrukken.png\",\"datePublished\":\"2025-01-24T10:28:28+00:00\",\"dateModified\":\"2026-02-18T11:51:17+00:00\",\"breadcrumb\":{\"@id\":\"https:\\\/\\\/www.amstelprinting.nl\\\/fr\\\/boutique\\\/interieur-2\\\/decoration-murale\\\/toile-a-jonc\\\/#breadcrumb\"},\"inLanguage\":\"fr-FR\",\"potentialAction\":[{\"@type\":\"ReadAction\",\"target\":[\"https:\\\/\\\/www.amstelprinting.nl\\\/fr\\\/boutique\\\/interieur-2\\\/decoration-murale\\\/toile-a-jonc\\\/\"]}]},{\"@type\":\"ImageObject\",\"inLanguage\":\"fr-FR\",\"@id\":\"https:\\\/\\\/www.amstelprinting.nl\\\/fr\\\/boutique\\\/interieur-2\\\/decoration-murale\\\/toile-a-jonc\\\/#primaryimage\",\"url\":\"https:\\\/\\\/www.amstelprinting.nl\\\/wp-content\\\/uploads\\\/peesdoek-bedrukken.png\",\"contentUrl\":\"https:\\\/\\\/www.amstelprinting.nl\\\/wp-content\\\/uploads\\\/peesdoek-bedrukken.png\",\"width\":900,\"height\":900},{\"@type\":\"BreadcrumbList\",\"@id\":\"https:\\\/\\\/www.amstelprinting.nl\\\/fr\\\/boutique\\\/interieur-2\\\/decoration-murale\\\/toile-a-jonc\\\/#breadcrumb\",\"itemListElement\":[{\"@type\":\"ListItem\",\"position\":1,\"name\":\"\",\"item\":\"https:\\\/\\\/www.amstelprinting.nl\\\/fr\\\/\"},{\"@type\":\"ListItem\",\"position\":2,\"name\":\"Amstel Printing\",\"item\":\"https:\\\/\\\/www.amstelprinting.nl\\\/fr\\\/boutique\\\/\"},{\"@type\":\"ListItem\",\"position\":3,\"name\":\"Publicit\u00e9 int\u00e9rieure\",\"item\":\"https:\\\/\\\/www.amstelprinting.nl\\\/fr\\\/categorie\\\/publicite-interieure\\\/\"},{\"@type\":\"ListItem\",\"position\":4,\"name\":\"Toile \u00e0 jonc\"}]},{\"@type\":\"WebSite\",\"@id\":\"https:\\\/\\\/www.amstelprinting.nl\\\/fr\\\/#website\",\"url\":\"https:\\\/\\\/www.amstelprinting.nl\\\/fr\\\/\",\"name\":\"Amstel Printing\",\"description\":\"Creating Exposure\",\"publisher\":{\"@id\":\"https:\\\/\\\/www.amstelprinting.nl\\\/fr\\\/#organization\"},\"potentialAction\":[{\"@type\":\"SearchAction\",\"target\":{\"@type\":\"EntryPoint\",\"urlTemplate\":\"https:\\\/\\\/www.amstelprinting.nl\\\/fr\\\/?s={search_term_string}\"},\"query-input\":{\"@type\":\"PropertyValueSpecification\",\"valueRequired\":true,\"valueName\":\"search_term_string\"}}],\"inLanguage\":\"fr-FR\"},{\"@type\":\"Organization\",\"@id\":\"https:\\\/\\\/www.amstelprinting.nl\\\/fr\\\/#organization\",\"name\":\"Amstel Printing\",\"url\":\"https:\\\/\\\/www.amstelprinting.nl\\\/fr\\\/\",\"logo\":{\"@type\":\"ImageObject\",\"inLanguage\":\"fr-FR\",\"@id\":\"https:\\\/\\\/www.amstelprinting.nl\\\/fr\\\/#\\\/schema\\\/logo\\\/image\\\/\",\"url\":\"https:\\\/\\\/www.amstelprinting.nl\\\/wp-content\\\/uploads\\\/amstel_printing_logo_clean.png\",\"contentUrl\":\"https:\\\/\\\/www.amstelprinting.nl\\\/wp-content\\\/uploads\\\/amstel_printing_logo_clean.png\",\"width\":324,\"height\":73,\"caption\":\"Amstel Printing\"},\"image\":{\"@id\":\"https:\\\/\\\/www.amstelprinting.nl\\\/fr\\\/#\\\/schema\\\/logo\\\/image\\\/\"}}]}<\/script>\n<!-- \/ Yoast SEO plugin. -->","yoast_head_json":{"title":"Toile \u00e0 jonc | Amstel Printing","robots":{"index":"index","follow":"follow","max-snippet":"max-snippet:-1","max-image-preview":"max-image-preview:large","max-video-preview":"max-video-preview:-1"},"canonical":"https:\/\/www.amstelprinting.nl\/fr\/boutique\/interieur-2\/decoration-murale\/toile-a-jonc\/","og_locale":"fr_FR","og_type":"article","og_title":"Toile \u00e0 jonc | Amstel Printing","og_description":"Toile pour cadre textile et LED La toile \u00e0 jonc - sp\u00e9cialement con\u00e7ue pour une fixation invisible et tendue dans les cadres textiles et LED. Que vous souhaitiez embellir une entreprise, un magasin, un \u00e9v\u00e9nement ou un espace domestique ; nos toiles \u00e0 jonc offrent la combinaison id\u00e9ale de qualit\u00e9, de polyvalence et de style. Chez nous, vous d\u00e9terminez vous-m\u00eame le format et choisissez parmi une large gamme de mat\u00e9riaux de haute qualit\u00e9. Chaque mat\u00e9riau (\u00e0 l'exception du velours) est dot\u00e9 d'un certificat B1 de s\u00e9curit\u00e9 incendie. Composez facilement votre toile \u00e0 jonc imprim\u00e9e en quelques \u00e9tapes.","og_url":"https:\/\/www.amstelprinting.nl\/fr\/boutique\/interieur-2\/decoration-murale\/toile-a-jonc\/","og_site_name":"Amstel Printing","article_modified_time":"2026-02-18T11:51:17+00:00","og_image":[{"width":900,"height":900,"url":"https:\/\/www.amstelprinting.nl\/wp-content\/uploads\/peesdoek-bedrukken.png","type":"image\/png"}],"twitter_card":"summary_large_image","twitter_misc":{"Dur\u00e9e de lecture estim\u00e9e":"3 minutes"},"schema":{"@context":"https:\/\/schema.org","@graph":[{"@type":"WebPage","@id":"https:\/\/www.amstelprinting.nl\/fr\/boutique\/interieur-2\/decoration-murale\/toile-a-jonc\/","url":"https:\/\/www.amstelprinting.nl\/fr\/boutique\/interieur-2\/decoration-murale\/toile-a-jonc\/","name":"Toile \u00e0 jonc | Amstel Printing","isPartOf":{"@id":"https:\/\/www.amstelprinting.nl\/fr\/#website"},"primaryImageOfPage":{"@id":"https:\/\/www.amstelprinting.nl\/fr\/boutique\/interieur-2\/decoration-murale\/toile-a-jonc\/#primaryimage"},"image":{"@id":"https:\/\/www.amstelprinting.nl\/fr\/boutique\/interieur-2\/decoration-murale\/toile-a-jonc\/#primaryimage"},"thumbnailUrl":"https:\/\/www.amstelprinting.nl\/wp-content\/uploads\/peesdoek-bedrukken.png","datePublished":"2025-01-24T10:28:28+00:00","dateModified":"2026-02-18T11:51:17+00:00","breadcrumb":{"@id":"https:\/\/www.amstelprinting.nl\/fr\/boutique\/interieur-2\/decoration-murale\/toile-a-jonc\/#breadcrumb"},"inLanguage":"fr-FR","potentialAction":[{"@type":"ReadAction","target":["https:\/\/www.amstelprinting.nl\/fr\/boutique\/interieur-2\/decoration-murale\/toile-a-jonc\/"]}]},{"@type":"ImageObject","inLanguage":"fr-FR","@id":"https:\/\/www.amstelprinting.nl\/fr\/boutique\/interieur-2\/decoration-murale\/toile-a-jonc\/#primaryimage","url":"https:\/\/www.amstelprinting.nl\/wp-content\/uploads\/peesdoek-bedrukken.png","contentUrl":"https:\/\/www.amstelprinting.nl\/wp-content\/uploads\/peesdoek-bedrukken.png","width":900,"height":900},{"@type":"BreadcrumbList","@id":"https:\/\/www.amstelprinting.nl\/fr\/boutique\/interieur-2\/decoration-murale\/toile-a-jonc\/#breadcrumb","itemListElement":[{"@type":"ListItem","position":1,"name":"","item":"https:\/\/www.amstelprinting.nl\/fr\/"},{"@type":"ListItem","position":2,"name":"Amstel Printing","item":"https:\/\/www.amstelprinting.nl\/fr\/boutique\/"},{"@type":"ListItem","position":3,"name":"Publicit\u00e9 int\u00e9rieure","item":"https:\/\/www.amstelprinting.nl\/fr\/categorie\/publicite-interieure\/"},{"@type":"ListItem","position":4,"name":"Toile \u00e0 jonc"}]},{"@type":"WebSite","@id":"https:\/\/www.amstelprinting.nl\/fr\/#website","url":"https:\/\/www.amstelprinting.nl\/fr\/","name":"Amstel Printing","description":"Creating Exposure","publisher":{"@id":"https:\/\/www.amstelprinting.nl\/fr\/#organization"},"potentialAction":[{"@type":"SearchAction","target":{"@type":"EntryPoint","urlTemplate":"https:\/\/www.amstelprinting.nl\/fr\/?s={search_term_string}"},"query-input":{"@type":"PropertyValueSpecification","valueRequired":true,"valueName":"search_term_string"}}],"inLanguage":"fr-FR"},{"@type":"Organization","@id":"https:\/\/www.amstelprinting.nl\/fr\/#organization","name":"Amstel Printing","url":"https:\/\/www.amstelprinting.nl\/fr\/","logo":{"@type":"ImageObject","inLanguage":"fr-FR","@id":"https:\/\/www.amstelprinting.nl\/fr\/#\/schema\/logo\/image\/","url":"https:\/\/www.amstelprinting.nl\/wp-content\/uploads\/amstel_printing_logo_clean.png","contentUrl":"https:\/\/www.amstelprinting.nl\/wp-content\/uploads\/amstel_printing_logo_clean.png","width":324,"height":73,"caption":"Amstel Printing"},"image":{"@id":"https:\/\/www.amstelprinting.nl\/fr\/#\/schema\/logo\/image\/"}}]}},"_links":{"self":[{"href":"https:\/\/www.amstelprinting.nl\/fr\/wp-json\/wp\/v2\/product\/14827","targetHints":{"allow":["GET"]}}],"collection":[{"href":"https:\/\/www.amstelprinting.nl\/fr\/wp-json\/wp\/v2\/product"}],"about":[{"href":"https:\/\/www.amstelprinting.nl\/fr\/wp-json\/wp\/v2\/types\/product"}],"wp:featuredmedia":[{"embeddable":true,"href":"https:\/\/www.amstelprinting.nl\/fr\/wp-json\/wp\/v2\/media\/14828"}],"wp:attachment":[{"href":"https:\/\/www.amstelprinting.nl\/fr\/wp-json\/wp\/v2\/media?parent=14827"}],"wp:term":[{"taxonomy":"product_brand","embeddable":true,"href":"https:\/\/www.amstelprinting.nl\/fr\/wp-json\/wp\/v2\/product_brand?post=14827"},{"taxonomy":"product_cat","embeddable":true,"href":"https:\/\/www.amstelprinting.nl\/fr\/wp-json\/wp\/v2\/product_cat?post=14827"},{"taxonomy":"product_tag","embeddable":true,"href":"https:\/\/www.amstelprinting.nl\/fr\/wp-json\/wp\/v2\/product_tag?post=14827"}],"curies":[{"name":"wp","href":"https:\/\/api.w.org\/{rel}","templated":true}]}}