{"id":14837,"date":"2025-01-24T11:28:23","date_gmt":"2025-01-24T10:28:23","guid":{"rendered":"https:\/\/www.amstelprinting.nl\/winkel\/non%20class\u00e9\/wandframe-2\/"},"modified":"2026-02-18T12:51:18","modified_gmt":"2026-02-18T11:51:18","slug":"cadre-mural","status":"publish","type":"product","link":"https:\/\/www.amstelprinting.nl\/fr\/boutique\/publicite-interieure\/hospitalite\/cadre-mural\/","title":{"rendered":"Cadre mural"},"content":{"rendered":"<h3>Commander un cadre mural<\/h3>\n<p>Avec le cadre mural, vous pouvez pr\u00e9senter des images d&rsquo;ambiance et des promotions de mani\u00e8re \u00e9l\u00e9gante. Combinez-le avec une impression interchangeable (facile \u00e0 recommander) pour adapter facilement l&rsquo;int\u00e9rieur \u00e0 la saison ou \u00e0 une nouvelle campagne.<\/p>\n<p>Donnez vie \u00e0 l&rsquo;espace avec notre cadre mural en aluminium, sp\u00e9cialement con\u00e7u pour les toiles \u00e0 jonc. Que vous recherchiez un kit complet ou que vous souhaitiez commander uniquement le cadre s\u00e9par\u00e9ment : le cadre mural est la solution parfaite. Choisissez de suspendre votre cadre mural ou de le visser.<\/p>\n<h3>Choisissez la bonne toile pour votre cadre mural<\/h3>\n<p>Le cadre mural est disponible en blanc, noir ou argent avec un choix de trois \u00e9paisseurs : 19 mm (avec trous de per\u00e7age en option), 25 mm (avec trous de per\u00e7age en option) ou 27 mm. Nos cadres sont durables et offrent une finition tr\u00e8s soign\u00e9e dans n&rsquo;importe quel int\u00e9rieur.<\/p>\n<p>Nous proposons une large gamme de types de toiles, chacune (\u00e0 l&rsquo;exception du velours) dot\u00e9e d&rsquo;un certificat B1 de s\u00e9curit\u00e9 incendie :<\/p>\n<ul>\n<li><strong>Dekostof<\/strong> : Polyester souple avec une structure fine pour un aspect puissant.<\/li>\n<li><strong>Dekostof Blockout<\/strong> : Polyester occultant avec un dos noir et un certificat B1 pour un rendu des couleurs optimal.<\/li>\n<li><strong>Structex<\/strong> : Polyester lourd au look coton pour un aspect luxueux.<\/li>\n<li><strong>Velours<\/strong> : Polyester de haute qualit\u00e9 avec une finition douce comme du velours.<\/li>\n<li><strong>Blackback Soft<\/strong> : Polyester occultant (block-out) avec dos noir pour une profondeur de couleur maximale.<\/li>\n<li><strong>Blackback XL<\/strong> : Polyester occultant robuste, id\u00e9al pour les grands formats.<\/li>\n<li><strong>Decotex UV<\/strong> : Polyester souple \u00e0 structure fine, r\u00e9sistant aux UV pour plus de durabilit\u00e9.<\/li>\n<\/ul>\n<p>&nbsp;<\/p>\n<h3>Accessoires pour une fixation sans souci<\/h3>\n<p>Choisissez notre outil e-lock pour un montage facile et pr\u00e9cis de la toile \u00e0 jonc dans le cadre mural.<\/p>\n<h3>Cadres muraux lumineux<\/h3>\n<p>Vous cherchez un cadre avec \u00e9clairage ? D\u00e9couvrez nos cadres LED (dimmables). En principe, il s&rsquo;agit (\u00e0 l&rsquo;exception de l&rsquo;\u00e9clairage) du m\u00eame produit que le cadre mural pr\u00e9sent\u00e9 sur cette page produit.<\/p>\n","protected":false},"excerpt":{"rendered":"<h3>Magnifique cadre en aluminium \u00e9pur\u00e9 dot\u00e9 d&rsquo;une impression ultra-nette<\/h3>\n<p>La toile \u00e0 jonc se fixe rapidement et sans raccord dans le cadre mural. Mais en cas de changement de design, elle est \u00e9galement facile \u00e0 remplacer. Vous choisissez vous-m\u00eame le format du cadre mural. La couleur et l&rsquo;\u00e9paisseur du cadre mural \u00e9galement. Composez votre cadre mural selon vos souhaits en quelques \u00e9tapes ci-dessous.<\/p>\n","protected":false},"featured_media":14838,"template":"","meta":{"_et_pb_use_builder":"","_et_pb_old_content":"","_et_gb_content_width":""},"product_brand":[],"product_cat":[392,380,443],"product_tag":[],"class_list":{"0":"post-14837","1":"product","2":"type-product","3":"status-publish","4":"has-post-thumbnail","6":"product_cat-hospitalite","7":"product_cat-publicite-interieure","8":"product_cat-publicite-murale","10":"first","11":"instock","12":"taxable","13":"shipping-taxable","14":"purchasable","15":"product-type-simple"},"yoast_head":"<!-- This site is optimized with the Yoast SEO plugin v27.3 - https:\/\/yoast.com\/product\/yoast-seo-wordpress\/ -->\n<title>Cadre mural flexible sur mesure - Pr\u00e9sentations pour espaces professionnels<\/title>\n<meta name=\"description\" content=\"Commandez un cadre mural en aluminium sur mesure pour des impressions nettes et facilement interchangeables. Choisissez parmi plusieurs couleurs, \u00e9paisseurs et toiles de haute qualit\u00e9.\" \/>\n<meta name=\"robots\" content=\"index, follow, max-snippet:-1, max-image-preview:large, max-video-preview:-1\" \/>\n<link rel=\"canonical\" href=\"https:\/\/www.amstelprinting.nl\/fr\/boutique\/publicite-interieure\/hospitalite\/cadre-mural\/\" \/>\n<meta property=\"og:locale\" content=\"fr_FR\" \/>\n<meta property=\"og:type\" content=\"article\" \/>\n<meta property=\"og:title\" content=\"Cadre mural flexible sur mesure - Pr\u00e9sentations pour espaces professionnels\" \/>\n<meta property=\"og:description\" content=\"Commandez un cadre mural en aluminium sur mesure pour des impressions nettes et facilement interchangeables. Choisissez parmi plusieurs couleurs, \u00e9paisseurs et toiles de haute qualit\u00e9.\" \/>\n<meta property=\"og:url\" content=\"https:\/\/www.amstelprinting.nl\/fr\/boutique\/publicite-interieure\/hospitalite\/cadre-mural\/\" \/>\n<meta property=\"og:site_name\" content=\"Amstel Printing\" \/>\n<meta property=\"article:modified_time\" content=\"2026-02-18T11:51:18+00:00\" \/>\n<meta property=\"og:image\" content=\"https:\/\/www.amstelprinting.nl\/wp-content\/uploads\/wandframe-bedrukken.png\" \/>\n\t<meta property=\"og:image:width\" content=\"900\" \/>\n\t<meta property=\"og:image:height\" content=\"900\" \/>\n\t<meta property=\"og:image:type\" content=\"image\/png\" \/>\n<meta name=\"twitter:card\" content=\"summary_large_image\" \/>\n<meta name=\"twitter:label1\" content=\"Dur\u00e9e de lecture estim\u00e9e\" \/>\n\t<meta name=\"twitter:data1\" content=\"2 minutes\" \/>\n<script type=\"application\/ld+json\" class=\"yoast-schema-graph\">{\"@context\":\"https:\\\/\\\/schema.org\",\"@graph\":[{\"@type\":\"WebPage\",\"@id\":\"https:\\\/\\\/www.amstelprinting.nl\\\/fr\\\/boutique\\\/publicite-interieure\\\/hospitalite\\\/cadre-mural\\\/\",\"url\":\"https:\\\/\\\/www.amstelprinting.nl\\\/fr\\\/boutique\\\/publicite-interieure\\\/hospitalite\\\/cadre-mural\\\/\",\"name\":\"Cadre mural flexible sur mesure - Pr\u00e9sentations pour espaces professionnels\",\"isPartOf\":{\"@id\":\"https:\\\/\\\/www.amstelprinting.nl\\\/fr\\\/#website\"},\"primaryImageOfPage\":{\"@id\":\"https:\\\/\\\/www.amstelprinting.nl\\\/fr\\\/boutique\\\/publicite-interieure\\\/hospitalite\\\/cadre-mural\\\/#primaryimage\"},\"image\":{\"@id\":\"https:\\\/\\\/www.amstelprinting.nl\\\/fr\\\/boutique\\\/publicite-interieure\\\/hospitalite\\\/cadre-mural\\\/#primaryimage\"},\"thumbnailUrl\":\"https:\\\/\\\/www.amstelprinting.nl\\\/wp-content\\\/uploads\\\/wandframe-bedrukken.png\",\"datePublished\":\"2025-01-24T10:28:23+00:00\",\"dateModified\":\"2026-02-18T11:51:18+00:00\",\"description\":\"Commandez un cadre mural en aluminium sur mesure pour des impressions nettes et facilement interchangeables. Choisissez parmi plusieurs couleurs, \u00e9paisseurs et toiles de haute qualit\u00e9.\",\"breadcrumb\":{\"@id\":\"https:\\\/\\\/www.amstelprinting.nl\\\/fr\\\/boutique\\\/publicite-interieure\\\/hospitalite\\\/cadre-mural\\\/#breadcrumb\"},\"inLanguage\":\"fr-FR\",\"potentialAction\":[{\"@type\":\"ReadAction\",\"target\":[\"https:\\\/\\\/www.amstelprinting.nl\\\/fr\\\/boutique\\\/publicite-interieure\\\/hospitalite\\\/cadre-mural\\\/\"]}]},{\"@type\":\"ImageObject\",\"inLanguage\":\"fr-FR\",\"@id\":\"https:\\\/\\\/www.amstelprinting.nl\\\/fr\\\/boutique\\\/publicite-interieure\\\/hospitalite\\\/cadre-mural\\\/#primaryimage\",\"url\":\"https:\\\/\\\/www.amstelprinting.nl\\\/wp-content\\\/uploads\\\/wandframe-bedrukken.png\",\"contentUrl\":\"https:\\\/\\\/www.amstelprinting.nl\\\/wp-content\\\/uploads\\\/wandframe-bedrukken.png\",\"width\":900,\"height\":900},{\"@type\":\"BreadcrumbList\",\"@id\":\"https:\\\/\\\/www.amstelprinting.nl\\\/fr\\\/boutique\\\/publicite-interieure\\\/hospitalite\\\/cadre-mural\\\/#breadcrumb\",\"itemListElement\":[{\"@type\":\"ListItem\",\"position\":1,\"name\":\"\",\"item\":\"https:\\\/\\\/www.amstelprinting.nl\\\/fr\\\/\"},{\"@type\":\"ListItem\",\"position\":2,\"name\":\"Amstel Printing\",\"item\":\"https:\\\/\\\/www.amstelprinting.nl\\\/fr\\\/boutique\\\/\"},{\"@type\":\"ListItem\",\"position\":3,\"name\":\"Publicit\u00e9 int\u00e9rieure\",\"item\":\"https:\\\/\\\/www.amstelprinting.nl\\\/fr\\\/categorie\\\/publicite-interieure\\\/\"},{\"@type\":\"ListItem\",\"position\":4,\"name\":\"Hospitalit\u00e9\",\"item\":\"https:\\\/\\\/www.amstelprinting.nl\\\/fr\\\/categorie\\\/publicite-interieure\\\/hospitalite\\\/\"},{\"@type\":\"ListItem\",\"position\":5,\"name\":\"Cadre mural\"}]},{\"@type\":\"WebSite\",\"@id\":\"https:\\\/\\\/www.amstelprinting.nl\\\/fr\\\/#website\",\"url\":\"https:\\\/\\\/www.amstelprinting.nl\\\/fr\\\/\",\"name\":\"Amstel Printing\",\"description\":\"Creating Exposure\",\"publisher\":{\"@id\":\"https:\\\/\\\/www.amstelprinting.nl\\\/fr\\\/#organization\"},\"potentialAction\":[{\"@type\":\"SearchAction\",\"target\":{\"@type\":\"EntryPoint\",\"urlTemplate\":\"https:\\\/\\\/www.amstelprinting.nl\\\/fr\\\/?s={search_term_string}\"},\"query-input\":{\"@type\":\"PropertyValueSpecification\",\"valueRequired\":true,\"valueName\":\"search_term_string\"}}],\"inLanguage\":\"fr-FR\"},{\"@type\":\"Organization\",\"@id\":\"https:\\\/\\\/www.amstelprinting.nl\\\/fr\\\/#organization\",\"name\":\"Amstel Printing\",\"url\":\"https:\\\/\\\/www.amstelprinting.nl\\\/fr\\\/\",\"logo\":{\"@type\":\"ImageObject\",\"inLanguage\":\"fr-FR\",\"@id\":\"https:\\\/\\\/www.amstelprinting.nl\\\/fr\\\/#\\\/schema\\\/logo\\\/image\\\/\",\"url\":\"https:\\\/\\\/www.amstelprinting.nl\\\/wp-content\\\/uploads\\\/amstel_printing_logo_clean.png\",\"contentUrl\":\"https:\\\/\\\/www.amstelprinting.nl\\\/wp-content\\\/uploads\\\/amstel_printing_logo_clean.png\",\"width\":324,\"height\":73,\"caption\":\"Amstel Printing\"},\"image\":{\"@id\":\"https:\\\/\\\/www.amstelprinting.nl\\\/fr\\\/#\\\/schema\\\/logo\\\/image\\\/\"}}]}<\/script>\n<!-- \/ Yoast SEO plugin. -->","yoast_head_json":{"title":"Cadre mural flexible sur mesure - Pr\u00e9sentations pour espaces professionnels","description":"Commandez un cadre mural en aluminium sur mesure pour des impressions nettes et facilement interchangeables. Choisissez parmi plusieurs couleurs, \u00e9paisseurs et toiles de haute qualit\u00e9.","robots":{"index":"index","follow":"follow","max-snippet":"max-snippet:-1","max-image-preview":"max-image-preview:large","max-video-preview":"max-video-preview:-1"},"canonical":"https:\/\/www.amstelprinting.nl\/fr\/boutique\/publicite-interieure\/hospitalite\/cadre-mural\/","og_locale":"fr_FR","og_type":"article","og_title":"Cadre mural flexible sur mesure - Pr\u00e9sentations pour espaces professionnels","og_description":"Commandez un cadre mural en aluminium sur mesure pour des impressions nettes et facilement interchangeables. Choisissez parmi plusieurs couleurs, \u00e9paisseurs et toiles de haute qualit\u00e9.","og_url":"https:\/\/www.amstelprinting.nl\/fr\/boutique\/publicite-interieure\/hospitalite\/cadre-mural\/","og_site_name":"Amstel Printing","article_modified_time":"2026-02-18T11:51:18+00:00","og_image":[{"width":900,"height":900,"url":"https:\/\/www.amstelprinting.nl\/wp-content\/uploads\/wandframe-bedrukken.png","type":"image\/png"}],"twitter_card":"summary_large_image","twitter_misc":{"Dur\u00e9e de lecture estim\u00e9e":"2 minutes"},"schema":{"@context":"https:\/\/schema.org","@graph":[{"@type":"WebPage","@id":"https:\/\/www.amstelprinting.nl\/fr\/boutique\/publicite-interieure\/hospitalite\/cadre-mural\/","url":"https:\/\/www.amstelprinting.nl\/fr\/boutique\/publicite-interieure\/hospitalite\/cadre-mural\/","name":"Cadre mural flexible sur mesure - Pr\u00e9sentations pour espaces professionnels","isPartOf":{"@id":"https:\/\/www.amstelprinting.nl\/fr\/#website"},"primaryImageOfPage":{"@id":"https:\/\/www.amstelprinting.nl\/fr\/boutique\/publicite-interieure\/hospitalite\/cadre-mural\/#primaryimage"},"image":{"@id":"https:\/\/www.amstelprinting.nl\/fr\/boutique\/publicite-interieure\/hospitalite\/cadre-mural\/#primaryimage"},"thumbnailUrl":"https:\/\/www.amstelprinting.nl\/wp-content\/uploads\/wandframe-bedrukken.png","datePublished":"2025-01-24T10:28:23+00:00","dateModified":"2026-02-18T11:51:18+00:00","description":"Commandez un cadre mural en aluminium sur mesure pour des impressions nettes et facilement interchangeables. Choisissez parmi plusieurs couleurs, \u00e9paisseurs et toiles de haute qualit\u00e9.","breadcrumb":{"@id":"https:\/\/www.amstelprinting.nl\/fr\/boutique\/publicite-interieure\/hospitalite\/cadre-mural\/#breadcrumb"},"inLanguage":"fr-FR","potentialAction":[{"@type":"ReadAction","target":["https:\/\/www.amstelprinting.nl\/fr\/boutique\/publicite-interieure\/hospitalite\/cadre-mural\/"]}]},{"@type":"ImageObject","inLanguage":"fr-FR","@id":"https:\/\/www.amstelprinting.nl\/fr\/boutique\/publicite-interieure\/hospitalite\/cadre-mural\/#primaryimage","url":"https:\/\/www.amstelprinting.nl\/wp-content\/uploads\/wandframe-bedrukken.png","contentUrl":"https:\/\/www.amstelprinting.nl\/wp-content\/uploads\/wandframe-bedrukken.png","width":900,"height":900},{"@type":"BreadcrumbList","@id":"https:\/\/www.amstelprinting.nl\/fr\/boutique\/publicite-interieure\/hospitalite\/cadre-mural\/#breadcrumb","itemListElement":[{"@type":"ListItem","position":1,"name":"","item":"https:\/\/www.amstelprinting.nl\/fr\/"},{"@type":"ListItem","position":2,"name":"Amstel Printing","item":"https:\/\/www.amstelprinting.nl\/fr\/boutique\/"},{"@type":"ListItem","position":3,"name":"Publicit\u00e9 int\u00e9rieure","item":"https:\/\/www.amstelprinting.nl\/fr\/categorie\/publicite-interieure\/"},{"@type":"ListItem","position":4,"name":"Hospitalit\u00e9","item":"https:\/\/www.amstelprinting.nl\/fr\/categorie\/publicite-interieure\/hospitalite\/"},{"@type":"ListItem","position":5,"name":"Cadre mural"}]},{"@type":"WebSite","@id":"https:\/\/www.amstelprinting.nl\/fr\/#website","url":"https:\/\/www.amstelprinting.nl\/fr\/","name":"Amstel Printing","description":"Creating Exposure","publisher":{"@id":"https:\/\/www.amstelprinting.nl\/fr\/#organization"},"potentialAction":[{"@type":"SearchAction","target":{"@type":"EntryPoint","urlTemplate":"https:\/\/www.amstelprinting.nl\/fr\/?s={search_term_string}"},"query-input":{"@type":"PropertyValueSpecification","valueRequired":true,"valueName":"search_term_string"}}],"inLanguage":"fr-FR"},{"@type":"Organization","@id":"https:\/\/www.amstelprinting.nl\/fr\/#organization","name":"Amstel Printing","url":"https:\/\/www.amstelprinting.nl\/fr\/","logo":{"@type":"ImageObject","inLanguage":"fr-FR","@id":"https:\/\/www.amstelprinting.nl\/fr\/#\/schema\/logo\/image\/","url":"https:\/\/www.amstelprinting.nl\/wp-content\/uploads\/amstel_printing_logo_clean.png","contentUrl":"https:\/\/www.amstelprinting.nl\/wp-content\/uploads\/amstel_printing_logo_clean.png","width":324,"height":73,"caption":"Amstel Printing"},"image":{"@id":"https:\/\/www.amstelprinting.nl\/fr\/#\/schema\/logo\/image\/"}}]}},"_links":{"self":[{"href":"https:\/\/www.amstelprinting.nl\/fr\/wp-json\/wp\/v2\/product\/14837","targetHints":{"allow":["GET"]}}],"collection":[{"href":"https:\/\/www.amstelprinting.nl\/fr\/wp-json\/wp\/v2\/product"}],"about":[{"href":"https:\/\/www.amstelprinting.nl\/fr\/wp-json\/wp\/v2\/types\/product"}],"wp:featuredmedia":[{"embeddable":true,"href":"https:\/\/www.amstelprinting.nl\/fr\/wp-json\/wp\/v2\/media\/14838"}],"wp:attachment":[{"href":"https:\/\/www.amstelprinting.nl\/fr\/wp-json\/wp\/v2\/media?parent=14837"}],"wp:term":[{"taxonomy":"product_brand","embeddable":true,"href":"https:\/\/www.amstelprinting.nl\/fr\/wp-json\/wp\/v2\/product_brand?post=14837"},{"taxonomy":"product_cat","embeddable":true,"href":"https:\/\/www.amstelprinting.nl\/fr\/wp-json\/wp\/v2\/product_cat?post=14837"},{"taxonomy":"product_tag","embeddable":true,"href":"https:\/\/www.amstelprinting.nl\/fr\/wp-json\/wp\/v2\/product_tag?post=14837"}],"curies":[{"name":"wp","href":"https:\/\/api.w.org\/{rel}","templated":true}]}}