{"id":14847,"date":"2025-01-24T11:28:19","date_gmt":"2025-01-24T10:28:19","guid":{"rendered":"https:\/\/www.amstelprinting.nl\/winkel\/non%20class\u00e9\/textielframe\/"},"modified":"2026-02-18T12:51:19","modified_gmt":"2026-02-18T11:51:19","slug":"cadre-textile","status":"publish","type":"product","link":"https:\/\/www.amstelprinting.nl\/fr\/boutique\/interieur-2\/decoration-murale\/cadre-textile\/","title":{"rendered":"Cadre textile"},"content":{"rendered":"<h3>Commander un cadre textile<\/h3>\n<p>Avec nos cadres textiles, nous offrons plus qu&rsquo;une simple solution d\u00e9corative pour votre espace. Que vous choisissiez un cadre \u00e9clair\u00e9 par LED ou un cadre textile sans \u00e9clairage, chaque cadre textile est con\u00e7u pour embellir votre int\u00e9rieur avec style et fonctionnalit\u00e9. Personnalisez le cadre textile dans n&rsquo;importe quel format et choisissez parmi une large gamme de mat\u00e9riaux de haute qualit\u00e9.<\/p>\n<h3>Avantages<\/h3>\n<ul>\n<li>Cadre disponible avec \u00e9clairage et non \u00e9clair\u00e9<\/li>\n<li>Large choix de formats et de mat\u00e9riaux<\/li>\n<li>Disponible comme cadre mural, de plafond ou autoportant<\/li>\n<li>Choisissez parmi 3 couleurs de cadre diff\u00e9rentes<\/li>\n<li>Utilisation s\u00fbre : dot\u00e9 d&rsquo;un certificat d&rsquo;incendie B1<\/li>\n<\/ul>\n<p>&nbsp;<\/p>\n<h3>Composez le cadre selon vos souhaits<\/h3>\n<p>Le cadre textile est disponible en aluminium blanc, noir ou argent. Vous avez le choix entre 3 \u00e9paisseurs diff\u00e9rentes : 19 mm (pour les cadres muraux), 25 mm et 27 mm (pour les cadres muraux ou de plafond), 44 mm (pour les applications double face) et 80 mm (pour les cadres sur pied ou suspendus). Le cadre LED a un profil de 60 mm de large pour un \u00e9clairage optimal de votre impression.<\/p>\n<h3>Choisissez le bon mat\u00e9riau de toile<\/h3>\n<p>Le cadre textile est \u00e9quip\u00e9 d&rsquo;un profil\u00e9 \u00e0 jonc sp\u00e9cial. Dans ce profil\u00e9, vous pouvez facilement glisser la toile \u00e0 jonc. Le jonc fait r\u00e9f\u00e9rence au jonc fix\u00e9 tout autour de la toile. Cette toile \u00e0 jonc est disponible en diff\u00e9rents mat\u00e9riaux, selon le type de cadre. Chacun (\u00e0 l&rsquo;exception du velours) est dot\u00e9 d&rsquo;un certificat B1 de s\u00e9curit\u00e9 incendie.<\/p>\n<h2>Pour le cadre LED :<\/h2>\n<ul>\n<li><strong>Samba Backlit<\/strong> : Toile en polyester aux couleurs intenses pour une clart\u00e9 dans les cadres \u00e9clair\u00e9s.<\/li>\n<li><strong>LumiTex<\/strong> : 100 % polyester avec des fils extra fins et une double couche d&rsquo;encre pour les applications \u00e9clair\u00e9es.<\/li>\n<\/ul>\n<p>&nbsp;<br \/>\n<span style=\"text-decoration: underline;\">Diff\u00e9rences entre Samba Backlit et LumiTex<br \/>\n<\/span>La diff\u00e9rence entre Samba Backlit et LumiTex est principalement li\u00e9e \u00e0 la technique d&rsquo;impression. La toile \u00e0 jonc Samba est dot\u00e9e d&rsquo;une impression UV \u00e0 200 % et LumiTex concerne une impression par sublimation \u00e0 200 %. L&rsquo;inconv\u00e9nient d&rsquo;une impression UV est que les doubles couches d&rsquo;encre d\u00e9gagent une odeur forte (temporaire). LumiTex, en revanche, est inodore et infroissable.<br \/>\nDe plus, l&rsquo;impression sur toile LumiTex est un peu plus durable que celle sur Samba Backlit. Les encres utilis\u00e9es sont en effet \u00e0 base d&rsquo;eau. Par ailleurs, LumiTex (tout comme Samba Backlit) est \u00e9galement exempt de PVC et recyclable.<\/p>\n<p>La derni\u00e8re diff\u00e9rence caract\u00e9ristique entre les deux toiles est que le Samba Backlit est dot\u00e9 d&rsquo;un rev\u00eatement. Gr\u00e2ce \u00e0 ce rev\u00eatement, le Samba Backlit peut \u00e9galement \u00eatre utilis\u00e9 \u00e0 l&rsquo;ext\u00e9rieur pendant une courte p\u00e9riode. LumiTex convient exclusivement aux applications int\u00e9rieures.<\/p>\n<h2>Pour le cadre textile :<\/h2>\n<ul>\n<li><strong>Dekostof<\/strong> : Le type de toile le plus command\u00e9. Le Dekostof est une toile en polyester souple avec une structure fine pour des visualisations puissantes.<\/li>\n<li><strong>Dekostof Blockout<\/strong> : Polyester bloquant la lumi\u00e8re avec un dos noir pour un rendu des couleurs optimal.<\/li>\n<li><strong>Structex<\/strong> : Polyester lourd avec un aspect coton pour un look luxueux.<\/li>\n<li><strong>Velours<\/strong> : Polyester de haute qualit\u00e9 avec une finition douce comme du velours.<\/li>\n<li><strong>Blackback Soft<\/strong> : Polyester block-out avec un dos noir pour une profondeur de couleur maximale.<\/li>\n<li><strong>Blackback XL<\/strong> : Polyester block-out robuste, parfait pour les applications grand format.<\/li>\n<li><strong>Decotex UV<\/strong> : Polyester souple avec une structure fine, r\u00e9sistant aux UV pour plus de durabilit\u00e9.<\/li>\n<\/ul>\n<p>&nbsp;<\/p>\n<h3>Placer la toile \u00e0 jonc dans le cadre textile<\/h3>\n<p>Choisissez notre e-locktool optionnel pour un montage sans effort et pr\u00e9cis de votre cadre textile.<\/p>\n<h3>Cadre textile en bois &#8211; l&rsquo;alternative durable en bois<\/h3>\n<p>En alternative au cadre textile, une variante \u00e9l\u00e9gante en bois est \u00e9galement disponible. Ce cadre textile en bois est fabriqu\u00e9 en bois d&rsquo;Ayous modifi\u00e9. Gr\u00e2ce \u00e0 un traitement \u00e0 la vapeur sp\u00e9cial, le bois reste ind\u00e9formable, m\u00eame en cas de variations de temp\u00e9rature et d&rsquo;humidit\u00e9. Le mat\u00e9riau ne contient aucune substance nocive, ce qui le rend totalement naturel et respectueux de l&rsquo;environnement. Le traitement \u00e0 la vapeur assure en outre une teinte de bois chaude et naturelle. Cela donne au cadre textile en bois un aspect chaleureux. Si vous optez pour un aspect naturel : d\u00e9couvrez le cadre textile en bois.<\/p>\n<h3>Questions fr\u00e9quemment pos\u00e9es<\/h3>\n<p><strong>\u00c0 partir de quel format un stabilisateur est-il livr\u00e9 avec mon produit ?<\/strong><br \/>\nVous recevrez un stabilisateur pour un cadre textile de plus de 250 cm.<\/p>\n<p><strong>Que recevez-vous avec le cadre ?<\/strong><br \/>\nLe cadre textile est livr\u00e9 en standard en quatre parties, qui sont solidement fix\u00e9es dans les coins avec un kit de verrouillage.<\/p>\n<p><strong>Comment le cadre textile est-il emball\u00e9 ?<\/strong><br \/>\nLe cadre textile est soigneusement emball\u00e9 dans une bo\u00eete, avec une protection suppl\u00e9mentaire ajout\u00e9e si n\u00e9cessaire. De cette fa\u00e7on, nous garantissons que vous recevrez un cadre textile intact.<\/p>\n<p><strong>Comment puis-je corriger les plis dans ma toile ?<\/strong><br \/>\nLorsque vous placez la toile \u00e0 jonc dans le cadre textile, une tension se cr\u00e9e sur le mat\u00e9riau. En cons\u00e9quence, les plis s&rsquo;\u00e9tireront d&rsquo;eux-m\u00eames hors de la toile \u00e0 jonc.<\/p>\n","protected":false},"excerpt":{"rendered":"<p>Cadre textile sur mesure dot\u00e9 d&rsquo;une impression couleur haute d\u00e9finition de votre design. Disponible comme cadre mural, de plafond ou autoportant dans la couleur de votre choix. Le cadre textile peut \u00e9galement \u00eatre \u00e9quip\u00e9 en option d&rsquo;un \u00e9clairage LED. Configurez ci-dessous votre cadre textile enti\u00e8rement selon vos souhaits en quelques \u00e9tapes !<\/p>\n","protected":false},"featured_media":14848,"template":"","meta":{"_et_pb_use_builder":"","_et_pb_old_content":"","_et_gb_content_width":""},"product_brand":[],"product_cat":[629,625,542,380,443],"product_tag":[],"class_list":{"0":"post-14847","1":"product","2":"type-product","3":"status-publish","4":"has-post-thumbnail","6":"product_cat-bureau","7":"product_cat-decoration-murale","8":"product_cat-interieur-2","9":"product_cat-publicite-interieure","10":"product_cat-publicite-murale","12":"first","13":"instock","14":"taxable","15":"shipping-taxable","16":"purchasable","17":"product-type-simple"},"yoast_head":"<!-- This site is optimized with the Yoast SEO plugin v27.3 - https:\/\/yoast.com\/product\/yoast-seo-wordpress\/ -->\n<title>Cadre textile | Amstel Printing<\/title>\n<meta name=\"robots\" content=\"index, follow, max-snippet:-1, max-image-preview:large, max-video-preview:-1\" \/>\n<link rel=\"canonical\" href=\"https:\/\/www.amstelprinting.nl\/fr\/boutique\/interieur-2\/decoration-murale\/cadre-textile\/\" \/>\n<meta property=\"og:locale\" content=\"fr_FR\" \/>\n<meta property=\"og:type\" content=\"article\" \/>\n<meta property=\"og:title\" content=\"Cadre textile | Amstel Printing\" \/>\n<meta property=\"og:description\" content=\"Cadre textile sur mesure dot\u00e9 d&#039;une impression couleur haute d\u00e9finition de votre design. Disponible comme cadre mural, de plafond ou autoportant dans la couleur de votre choix. Le cadre textile peut \u00e9galement \u00eatre \u00e9quip\u00e9 en option d&#039;un \u00e9clairage LED. Configurez ci-dessous votre cadre textile enti\u00e8rement selon vos souhaits en quelques \u00e9tapes !\" \/>\n<meta property=\"og:url\" content=\"https:\/\/www.amstelprinting.nl\/fr\/boutique\/interieur-2\/decoration-murale\/cadre-textile\/\" \/>\n<meta property=\"og:site_name\" content=\"Amstel Printing\" \/>\n<meta property=\"article:modified_time\" content=\"2026-02-18T11:51:19+00:00\" \/>\n<meta property=\"og:image\" content=\"https:\/\/www.amstelprinting.nl\/wp-content\/uploads\/textielframe-bedrukken.png\" \/>\n\t<meta property=\"og:image:width\" content=\"900\" \/>\n\t<meta property=\"og:image:height\" content=\"900\" \/>\n\t<meta property=\"og:image:type\" content=\"image\/png\" \/>\n<meta name=\"twitter:card\" content=\"summary_large_image\" \/>\n<meta name=\"twitter:label1\" content=\"Dur\u00e9e de lecture estim\u00e9e\" \/>\n\t<meta name=\"twitter:data1\" content=\"4 minutes\" \/>\n<script type=\"application\/ld+json\" class=\"yoast-schema-graph\">{\"@context\":\"https:\\\/\\\/schema.org\",\"@graph\":[{\"@type\":\"WebPage\",\"@id\":\"https:\\\/\\\/www.amstelprinting.nl\\\/fr\\\/boutique\\\/interieur-2\\\/decoration-murale\\\/cadre-textile\\\/\",\"url\":\"https:\\\/\\\/www.amstelprinting.nl\\\/fr\\\/boutique\\\/interieur-2\\\/decoration-murale\\\/cadre-textile\\\/\",\"name\":\"Cadre textile | Amstel Printing\",\"isPartOf\":{\"@id\":\"https:\\\/\\\/www.amstelprinting.nl\\\/fr\\\/#website\"},\"primaryImageOfPage\":{\"@id\":\"https:\\\/\\\/www.amstelprinting.nl\\\/fr\\\/boutique\\\/interieur-2\\\/decoration-murale\\\/cadre-textile\\\/#primaryimage\"},\"image\":{\"@id\":\"https:\\\/\\\/www.amstelprinting.nl\\\/fr\\\/boutique\\\/interieur-2\\\/decoration-murale\\\/cadre-textile\\\/#primaryimage\"},\"thumbnailUrl\":\"https:\\\/\\\/www.amstelprinting.nl\\\/wp-content\\\/uploads\\\/textielframe-bedrukken.png\",\"datePublished\":\"2025-01-24T10:28:19+00:00\",\"dateModified\":\"2026-02-18T11:51:19+00:00\",\"breadcrumb\":{\"@id\":\"https:\\\/\\\/www.amstelprinting.nl\\\/fr\\\/boutique\\\/interieur-2\\\/decoration-murale\\\/cadre-textile\\\/#breadcrumb\"},\"inLanguage\":\"fr-FR\",\"potentialAction\":[{\"@type\":\"ReadAction\",\"target\":[\"https:\\\/\\\/www.amstelprinting.nl\\\/fr\\\/boutique\\\/interieur-2\\\/decoration-murale\\\/cadre-textile\\\/\"]}]},{\"@type\":\"ImageObject\",\"inLanguage\":\"fr-FR\",\"@id\":\"https:\\\/\\\/www.amstelprinting.nl\\\/fr\\\/boutique\\\/interieur-2\\\/decoration-murale\\\/cadre-textile\\\/#primaryimage\",\"url\":\"https:\\\/\\\/www.amstelprinting.nl\\\/wp-content\\\/uploads\\\/textielframe-bedrukken.png\",\"contentUrl\":\"https:\\\/\\\/www.amstelprinting.nl\\\/wp-content\\\/uploads\\\/textielframe-bedrukken.png\",\"width\":900,\"height\":900},{\"@type\":\"BreadcrumbList\",\"@id\":\"https:\\\/\\\/www.amstelprinting.nl\\\/fr\\\/boutique\\\/interieur-2\\\/decoration-murale\\\/cadre-textile\\\/#breadcrumb\",\"itemListElement\":[{\"@type\":\"ListItem\",\"position\":1,\"name\":\"\",\"item\":\"https:\\\/\\\/www.amstelprinting.nl\\\/fr\\\/\"},{\"@type\":\"ListItem\",\"position\":2,\"name\":\"Amstel Printing\",\"item\":\"https:\\\/\\\/www.amstelprinting.nl\\\/fr\\\/boutique\\\/\"},{\"@type\":\"ListItem\",\"position\":3,\"name\":\"Publicit\u00e9 int\u00e9rieure\",\"item\":\"https:\\\/\\\/www.amstelprinting.nl\\\/fr\\\/categorie\\\/publicite-interieure\\\/\"},{\"@type\":\"ListItem\",\"position\":4,\"name\":\"Publicit\u00e9 murale\",\"item\":\"https:\\\/\\\/www.amstelprinting.nl\\\/fr\\\/categorie\\\/publicite-interieure\\\/publicite-murale\\\/\"},{\"@type\":\"ListItem\",\"position\":5,\"name\":\"Cadre textile\"}]},{\"@type\":\"WebSite\",\"@id\":\"https:\\\/\\\/www.amstelprinting.nl\\\/fr\\\/#website\",\"url\":\"https:\\\/\\\/www.amstelprinting.nl\\\/fr\\\/\",\"name\":\"Amstel Printing\",\"description\":\"Creating Exposure\",\"publisher\":{\"@id\":\"https:\\\/\\\/www.amstelprinting.nl\\\/fr\\\/#organization\"},\"potentialAction\":[{\"@type\":\"SearchAction\",\"target\":{\"@type\":\"EntryPoint\",\"urlTemplate\":\"https:\\\/\\\/www.amstelprinting.nl\\\/fr\\\/?s={search_term_string}\"},\"query-input\":{\"@type\":\"PropertyValueSpecification\",\"valueRequired\":true,\"valueName\":\"search_term_string\"}}],\"inLanguage\":\"fr-FR\"},{\"@type\":\"Organization\",\"@id\":\"https:\\\/\\\/www.amstelprinting.nl\\\/fr\\\/#organization\",\"name\":\"Amstel Printing\",\"url\":\"https:\\\/\\\/www.amstelprinting.nl\\\/fr\\\/\",\"logo\":{\"@type\":\"ImageObject\",\"inLanguage\":\"fr-FR\",\"@id\":\"https:\\\/\\\/www.amstelprinting.nl\\\/fr\\\/#\\\/schema\\\/logo\\\/image\\\/\",\"url\":\"https:\\\/\\\/www.amstelprinting.nl\\\/wp-content\\\/uploads\\\/amstel_printing_logo_clean.png\",\"contentUrl\":\"https:\\\/\\\/www.amstelprinting.nl\\\/wp-content\\\/uploads\\\/amstel_printing_logo_clean.png\",\"width\":324,\"height\":73,\"caption\":\"Amstel Printing\"},\"image\":{\"@id\":\"https:\\\/\\\/www.amstelprinting.nl\\\/fr\\\/#\\\/schema\\\/logo\\\/image\\\/\"}}]}<\/script>\n<!-- \/ Yoast SEO plugin. -->","yoast_head_json":{"title":"Cadre textile | Amstel Printing","robots":{"index":"index","follow":"follow","max-snippet":"max-snippet:-1","max-image-preview":"max-image-preview:large","max-video-preview":"max-video-preview:-1"},"canonical":"https:\/\/www.amstelprinting.nl\/fr\/boutique\/interieur-2\/decoration-murale\/cadre-textile\/","og_locale":"fr_FR","og_type":"article","og_title":"Cadre textile | Amstel Printing","og_description":"Cadre textile sur mesure dot\u00e9 d'une impression couleur haute d\u00e9finition de votre design. Disponible comme cadre mural, de plafond ou autoportant dans la couleur de votre choix. Le cadre textile peut \u00e9galement \u00eatre \u00e9quip\u00e9 en option d'un \u00e9clairage LED. Configurez ci-dessous votre cadre textile enti\u00e8rement selon vos souhaits en quelques \u00e9tapes !","og_url":"https:\/\/www.amstelprinting.nl\/fr\/boutique\/interieur-2\/decoration-murale\/cadre-textile\/","og_site_name":"Amstel Printing","article_modified_time":"2026-02-18T11:51:19+00:00","og_image":[{"width":900,"height":900,"url":"https:\/\/www.amstelprinting.nl\/wp-content\/uploads\/textielframe-bedrukken.png","type":"image\/png"}],"twitter_card":"summary_large_image","twitter_misc":{"Dur\u00e9e de lecture estim\u00e9e":"4 minutes"},"schema":{"@context":"https:\/\/schema.org","@graph":[{"@type":"WebPage","@id":"https:\/\/www.amstelprinting.nl\/fr\/boutique\/interieur-2\/decoration-murale\/cadre-textile\/","url":"https:\/\/www.amstelprinting.nl\/fr\/boutique\/interieur-2\/decoration-murale\/cadre-textile\/","name":"Cadre textile | Amstel Printing","isPartOf":{"@id":"https:\/\/www.amstelprinting.nl\/fr\/#website"},"primaryImageOfPage":{"@id":"https:\/\/www.amstelprinting.nl\/fr\/boutique\/interieur-2\/decoration-murale\/cadre-textile\/#primaryimage"},"image":{"@id":"https:\/\/www.amstelprinting.nl\/fr\/boutique\/interieur-2\/decoration-murale\/cadre-textile\/#primaryimage"},"thumbnailUrl":"https:\/\/www.amstelprinting.nl\/wp-content\/uploads\/textielframe-bedrukken.png","datePublished":"2025-01-24T10:28:19+00:00","dateModified":"2026-02-18T11:51:19+00:00","breadcrumb":{"@id":"https:\/\/www.amstelprinting.nl\/fr\/boutique\/interieur-2\/decoration-murale\/cadre-textile\/#breadcrumb"},"inLanguage":"fr-FR","potentialAction":[{"@type":"ReadAction","target":["https:\/\/www.amstelprinting.nl\/fr\/boutique\/interieur-2\/decoration-murale\/cadre-textile\/"]}]},{"@type":"ImageObject","inLanguage":"fr-FR","@id":"https:\/\/www.amstelprinting.nl\/fr\/boutique\/interieur-2\/decoration-murale\/cadre-textile\/#primaryimage","url":"https:\/\/www.amstelprinting.nl\/wp-content\/uploads\/textielframe-bedrukken.png","contentUrl":"https:\/\/www.amstelprinting.nl\/wp-content\/uploads\/textielframe-bedrukken.png","width":900,"height":900},{"@type":"BreadcrumbList","@id":"https:\/\/www.amstelprinting.nl\/fr\/boutique\/interieur-2\/decoration-murale\/cadre-textile\/#breadcrumb","itemListElement":[{"@type":"ListItem","position":1,"name":"","item":"https:\/\/www.amstelprinting.nl\/fr\/"},{"@type":"ListItem","position":2,"name":"Amstel Printing","item":"https:\/\/www.amstelprinting.nl\/fr\/boutique\/"},{"@type":"ListItem","position":3,"name":"Publicit\u00e9 int\u00e9rieure","item":"https:\/\/www.amstelprinting.nl\/fr\/categorie\/publicite-interieure\/"},{"@type":"ListItem","position":4,"name":"Publicit\u00e9 murale","item":"https:\/\/www.amstelprinting.nl\/fr\/categorie\/publicite-interieure\/publicite-murale\/"},{"@type":"ListItem","position":5,"name":"Cadre textile"}]},{"@type":"WebSite","@id":"https:\/\/www.amstelprinting.nl\/fr\/#website","url":"https:\/\/www.amstelprinting.nl\/fr\/","name":"Amstel Printing","description":"Creating Exposure","publisher":{"@id":"https:\/\/www.amstelprinting.nl\/fr\/#organization"},"potentialAction":[{"@type":"SearchAction","target":{"@type":"EntryPoint","urlTemplate":"https:\/\/www.amstelprinting.nl\/fr\/?s={search_term_string}"},"query-input":{"@type":"PropertyValueSpecification","valueRequired":true,"valueName":"search_term_string"}}],"inLanguage":"fr-FR"},{"@type":"Organization","@id":"https:\/\/www.amstelprinting.nl\/fr\/#organization","name":"Amstel Printing","url":"https:\/\/www.amstelprinting.nl\/fr\/","logo":{"@type":"ImageObject","inLanguage":"fr-FR","@id":"https:\/\/www.amstelprinting.nl\/fr\/#\/schema\/logo\/image\/","url":"https:\/\/www.amstelprinting.nl\/wp-content\/uploads\/amstel_printing_logo_clean.png","contentUrl":"https:\/\/www.amstelprinting.nl\/wp-content\/uploads\/amstel_printing_logo_clean.png","width":324,"height":73,"caption":"Amstel Printing"},"image":{"@id":"https:\/\/www.amstelprinting.nl\/fr\/#\/schema\/logo\/image\/"}}]}},"_links":{"self":[{"href":"https:\/\/www.amstelprinting.nl\/fr\/wp-json\/wp\/v2\/product\/14847","targetHints":{"allow":["GET"]}}],"collection":[{"href":"https:\/\/www.amstelprinting.nl\/fr\/wp-json\/wp\/v2\/product"}],"about":[{"href":"https:\/\/www.amstelprinting.nl\/fr\/wp-json\/wp\/v2\/types\/product"}],"wp:featuredmedia":[{"embeddable":true,"href":"https:\/\/www.amstelprinting.nl\/fr\/wp-json\/wp\/v2\/media\/14848"}],"wp:attachment":[{"href":"https:\/\/www.amstelprinting.nl\/fr\/wp-json\/wp\/v2\/media?parent=14847"}],"wp:term":[{"taxonomy":"product_brand","embeddable":true,"href":"https:\/\/www.amstelprinting.nl\/fr\/wp-json\/wp\/v2\/product_brand?post=14847"},{"taxonomy":"product_cat","embeddable":true,"href":"https:\/\/www.amstelprinting.nl\/fr\/wp-json\/wp\/v2\/product_cat?post=14847"},{"taxonomy":"product_tag","embeddable":true,"href":"https:\/\/www.amstelprinting.nl\/fr\/wp-json\/wp\/v2\/product_tag?post=14847"}],"curies":[{"name":"wp","href":"https:\/\/api.w.org\/{rel}","templated":true}]}}