{"id":14867,"date":"2025-01-24T11:28:06","date_gmt":"2025-01-24T10:28:06","guid":{"rendered":"https:\/\/www.amstelprinting.nl\/winkel\/non%20class\u00e9\/wandkleed\/"},"modified":"2026-02-18T12:51:20","modified_gmt":"2026-02-18T11:51:20","slug":"tapisserie-murale","status":"publish","type":"product","link":"https:\/\/www.amstelprinting.nl\/fr\/boutique\/interieur-2\/decoration-murale\/tapisserie-murale\/","title":{"rendered":"Tapisserie murale"},"content":{"rendered":"<h3>Impression de tapisserie murale<\/h3>\n<p>Transformez votre int\u00e9rieur ou votre espace professionnel avec notre tapisserie murale polyvalente ! Choisissez un ensemble complet avec tringle ou seulement la toile. Vous pouvez donner un look unique \u00e0 votre tapisserie murale imprim\u00e9e en ajoutant votre propre design ou en choisissant un motif existant (choix parmi plus de 20 000 dessins). Faites de vos murs un reflet personnel de votre style et faites briller votre int\u00e9rieur !<\/p>\n<h3>Formats de tapisserie murale<\/h3>\n<p>La tapisserie murale est livr\u00e9e avec une tringle robuste en acier noir. Cette tringle permet \u00e0 votre tapisserie de bien pendre et est facile \u00e0 installer. La tapisserie murale est disponible en plusieurs largeurs standard : 60, 90, 120, 150, 180 et 210 cm. Mais vous d\u00e9terminez vous-m\u00eame la longueur.<\/p>\n<h3>Mat\u00e9riaux de la tapisserie murale<\/h3>\n<p>La tapisserie murale peut \u00eatre fabriqu\u00e9e \u00e0 partir de diff\u00e9rents mat\u00e9riaux, chacun ayant ses propres caract\u00e9ristiques uniques. Nous expliquons bri\u00e8vement ces caract\u00e9ristiques ci-dessous afin que vous puissiez composer rapidement la tapisserie murale la mieux adapt\u00e9e.<\/p>\n<ul>\n<li><strong>Velours<\/strong> : Ce polyester luxueux \u00e0 poils ras donne \u00e0 votre tapisserie imprim\u00e9e un aspect velout\u00e9. Le velours est parfait pour un look \u00e9l\u00e9gant et raffin\u00e9, id\u00e9al pour des \u00e9v\u00e9nements chics ou un salon styl\u00e9.<\/li>\n<li><strong>Mezo<\/strong> : Ce coton de qualit\u00e9 lourde avec une structure de tissage robuste ajoute une touche authentique, ce qui le rend parfait pour les int\u00e9rieurs industriels ou rustiques.<br \/>\nKendal : Avec Kendal, vous choisissez la durabilit\u00e9. Ce tissu r\u00e9siste \u00e0 une utilisation quotidienne et conserve sa couleur et sa forme. Parfait pour les environnements de vie et de travail. Une tapisserie Kendal a un aspect et un toucher robustes.<\/li>\n<\/ul>\n<p>&nbsp;<\/p>\n<h3>Finition<\/h3>\n<p>Pour la finition de votre tapisserie murale, vous avez le choix entre deux options.<\/p>\n<ul>\n<li><strong>Option 1<\/strong> : Un fourreau de 6 cm en haut, avec des c\u00f4t\u00e9s et un bas ourl\u00e9s pour une finition soign\u00e9e.<\/li>\n<li><strong>Option 2<\/strong> : Un fourreau de 6 cm en haut et en bas, avec des c\u00f4t\u00e9s ourl\u00e9s pour un aspect \u00e9l\u00e9gant.<\/li>\n<\/ul>\n<p>&nbsp;<br \/>\nDe plus, vous pouvez \u00e9galement choisir la couleur du fil. Choisissez parmi des fils blancs ou noirs pour une touche finale assortie \u00e0 votre design.<\/p>\n<h3>Alternatives \u00e0 la tapisserie murale<\/h3>\n<p>Si vous pr\u00e9f\u00e9rez un format plus compact, choisissez un poster textile (disponible \u00e0 la commande d\u00e8s 30 cm de largeur). De plus, WalltexPro est une excellente alternative si vous souhaitez couvrir de grandes parties du mur avec votre propre impression. Pour les variantes encadr\u00e9es, nous conseillons le cadre textile, qui peut \u00eatre configur\u00e9 avec ou sans \u00e9clairage.<\/p>\n","protected":false},"excerpt":{"rendered":"<h3>Pourvoir la tapisserie murale d&rsquo;une impression magnifique<\/h3>\n<p>T\u00e9l\u00e9chargez votre design ou photo ou choisissez parmi plus de 20 000 motifs diff\u00e9rents dans notre module de conception. L&rsquo;accrochage de la tapisserie murale imprim\u00e9e est simple avec une tringle ou un crochet mural. Commandez ci-dessous en quelques \u00e9tapes votre tapisserie murale imprim\u00e9e dans le format de votre choix.<\/p>\n","protected":false},"featured_media":14868,"template":"","meta":{"_et_pb_use_builder":"","_et_pb_old_content":"","_et_gb_content_width":""},"product_brand":[],"product_cat":[625,542,380,443],"product_tag":[],"class_list":{"0":"post-14867","1":"product","2":"type-product","3":"status-publish","4":"has-post-thumbnail","6":"product_cat-decoration-murale","7":"product_cat-interieur-2","8":"product_cat-publicite-interieure","9":"product_cat-publicite-murale","11":"first","12":"instock","13":"taxable","14":"shipping-taxable","15":"purchasable","16":"product-type-simple"},"yoast_head":"<!-- This site is optimized with the Yoast SEO plugin v27.3 - https:\/\/yoast.com\/product\/yoast-seo-wordpress\/ -->\n<title>Concevez votre tapisserie murale unique - Finition de haute qualit\u00e9<\/title>\n<meta name=\"description\" content=\"Tapisserie murale avec votre propre design ou parmi plus de 20 000 motifs. Choisissez le mat\u00e9riau, le format et la finition parfaite. Rapide, simple et d&#039;une beaut\u00e9 \u00e9clatante.\" \/>\n<meta name=\"robots\" content=\"index, follow, max-snippet:-1, max-image-preview:large, max-video-preview:-1\" \/>\n<link rel=\"canonical\" href=\"https:\/\/www.amstelprinting.nl\/fr\/boutique\/interieur-2\/decoration-murale\/tapisserie-murale\/\" \/>\n<meta property=\"og:locale\" content=\"fr_FR\" \/>\n<meta property=\"og:type\" content=\"article\" \/>\n<meta property=\"og:title\" content=\"Concevez votre tapisserie murale unique - Finition de haute qualit\u00e9\" \/>\n<meta property=\"og:description\" content=\"Tapisserie murale avec votre propre design ou parmi plus de 20 000 motifs. Choisissez le mat\u00e9riau, le format et la finition parfaite. Rapide, simple et d&#039;une beaut\u00e9 \u00e9clatante.\" \/>\n<meta property=\"og:url\" content=\"https:\/\/www.amstelprinting.nl\/fr\/boutique\/interieur-2\/decoration-murale\/tapisserie-murale\/\" \/>\n<meta property=\"og:site_name\" content=\"Amstel Printing\" \/>\n<meta property=\"article:modified_time\" content=\"2026-02-18T11:51:20+00:00\" \/>\n<meta property=\"og:image\" content=\"https:\/\/www.amstelprinting.nl\/wp-content\/uploads\/wandkleed-bedrukken.png\" \/>\n\t<meta property=\"og:image:width\" content=\"900\" \/>\n\t<meta property=\"og:image:height\" content=\"900\" \/>\n\t<meta property=\"og:image:type\" content=\"image\/png\" \/>\n<meta name=\"twitter:card\" content=\"summary_large_image\" \/>\n<meta name=\"twitter:label1\" content=\"Dur\u00e9e de lecture estim\u00e9e\" \/>\n\t<meta name=\"twitter:data1\" content=\"2 minutes\" \/>\n<script type=\"application\/ld+json\" class=\"yoast-schema-graph\">{\"@context\":\"https:\\\/\\\/schema.org\",\"@graph\":[{\"@type\":\"WebPage\",\"@id\":\"https:\\\/\\\/www.amstelprinting.nl\\\/fr\\\/boutique\\\/interieur-2\\\/decoration-murale\\\/tapisserie-murale\\\/\",\"url\":\"https:\\\/\\\/www.amstelprinting.nl\\\/fr\\\/boutique\\\/interieur-2\\\/decoration-murale\\\/tapisserie-murale\\\/\",\"name\":\"Concevez votre tapisserie murale unique - Finition de haute qualit\u00e9\",\"isPartOf\":{\"@id\":\"https:\\\/\\\/www.amstelprinting.nl\\\/fr\\\/#website\"},\"primaryImageOfPage\":{\"@id\":\"https:\\\/\\\/www.amstelprinting.nl\\\/fr\\\/boutique\\\/interieur-2\\\/decoration-murale\\\/tapisserie-murale\\\/#primaryimage\"},\"image\":{\"@id\":\"https:\\\/\\\/www.amstelprinting.nl\\\/fr\\\/boutique\\\/interieur-2\\\/decoration-murale\\\/tapisserie-murale\\\/#primaryimage\"},\"thumbnailUrl\":\"https:\\\/\\\/www.amstelprinting.nl\\\/wp-content\\\/uploads\\\/wandkleed-bedrukken.png\",\"datePublished\":\"2025-01-24T10:28:06+00:00\",\"dateModified\":\"2026-02-18T11:51:20+00:00\",\"description\":\"Tapisserie murale avec votre propre design ou parmi plus de 20 000 motifs. Choisissez le mat\u00e9riau, le format et la finition parfaite. Rapide, simple et d'une beaut\u00e9 \u00e9clatante.\",\"breadcrumb\":{\"@id\":\"https:\\\/\\\/www.amstelprinting.nl\\\/fr\\\/boutique\\\/interieur-2\\\/decoration-murale\\\/tapisserie-murale\\\/#breadcrumb\"},\"inLanguage\":\"fr-FR\",\"potentialAction\":[{\"@type\":\"ReadAction\",\"target\":[\"https:\\\/\\\/www.amstelprinting.nl\\\/fr\\\/boutique\\\/interieur-2\\\/decoration-murale\\\/tapisserie-murale\\\/\"]}]},{\"@type\":\"ImageObject\",\"inLanguage\":\"fr-FR\",\"@id\":\"https:\\\/\\\/www.amstelprinting.nl\\\/fr\\\/boutique\\\/interieur-2\\\/decoration-murale\\\/tapisserie-murale\\\/#primaryimage\",\"url\":\"https:\\\/\\\/www.amstelprinting.nl\\\/wp-content\\\/uploads\\\/wandkleed-bedrukken.png\",\"contentUrl\":\"https:\\\/\\\/www.amstelprinting.nl\\\/wp-content\\\/uploads\\\/wandkleed-bedrukken.png\",\"width\":900,\"height\":900},{\"@type\":\"BreadcrumbList\",\"@id\":\"https:\\\/\\\/www.amstelprinting.nl\\\/fr\\\/boutique\\\/interieur-2\\\/decoration-murale\\\/tapisserie-murale\\\/#breadcrumb\",\"itemListElement\":[{\"@type\":\"ListItem\",\"position\":1,\"name\":\"\",\"item\":\"https:\\\/\\\/www.amstelprinting.nl\\\/fr\\\/\"},{\"@type\":\"ListItem\",\"position\":2,\"name\":\"Amstel Printing\",\"item\":\"https:\\\/\\\/www.amstelprinting.nl\\\/fr\\\/boutique\\\/\"},{\"@type\":\"ListItem\",\"position\":3,\"name\":\"Publicit\u00e9 int\u00e9rieure\",\"item\":\"https:\\\/\\\/www.amstelprinting.nl\\\/fr\\\/categorie\\\/publicite-interieure\\\/\"},{\"@type\":\"ListItem\",\"position\":4,\"name\":\"Publicit\u00e9 murale\",\"item\":\"https:\\\/\\\/www.amstelprinting.nl\\\/fr\\\/categorie\\\/publicite-interieure\\\/publicite-murale\\\/\"},{\"@type\":\"ListItem\",\"position\":5,\"name\":\"Tapisserie murale\"}]},{\"@type\":\"WebSite\",\"@id\":\"https:\\\/\\\/www.amstelprinting.nl\\\/fr\\\/#website\",\"url\":\"https:\\\/\\\/www.amstelprinting.nl\\\/fr\\\/\",\"name\":\"Amstel Printing\",\"description\":\"Creating Exposure\",\"publisher\":{\"@id\":\"https:\\\/\\\/www.amstelprinting.nl\\\/fr\\\/#organization\"},\"potentialAction\":[{\"@type\":\"SearchAction\",\"target\":{\"@type\":\"EntryPoint\",\"urlTemplate\":\"https:\\\/\\\/www.amstelprinting.nl\\\/fr\\\/?s={search_term_string}\"},\"query-input\":{\"@type\":\"PropertyValueSpecification\",\"valueRequired\":true,\"valueName\":\"search_term_string\"}}],\"inLanguage\":\"fr-FR\"},{\"@type\":\"Organization\",\"@id\":\"https:\\\/\\\/www.amstelprinting.nl\\\/fr\\\/#organization\",\"name\":\"Amstel Printing\",\"url\":\"https:\\\/\\\/www.amstelprinting.nl\\\/fr\\\/\",\"logo\":{\"@type\":\"ImageObject\",\"inLanguage\":\"fr-FR\",\"@id\":\"https:\\\/\\\/www.amstelprinting.nl\\\/fr\\\/#\\\/schema\\\/logo\\\/image\\\/\",\"url\":\"https:\\\/\\\/www.amstelprinting.nl\\\/wp-content\\\/uploads\\\/amstel_printing_logo_clean.png\",\"contentUrl\":\"https:\\\/\\\/www.amstelprinting.nl\\\/wp-content\\\/uploads\\\/amstel_printing_logo_clean.png\",\"width\":324,\"height\":73,\"caption\":\"Amstel Printing\"},\"image\":{\"@id\":\"https:\\\/\\\/www.amstelprinting.nl\\\/fr\\\/#\\\/schema\\\/logo\\\/image\\\/\"}}]}<\/script>\n<!-- \/ Yoast SEO plugin. -->","yoast_head_json":{"title":"Concevez votre tapisserie murale unique - Finition de haute qualit\u00e9","description":"Tapisserie murale avec votre propre design ou parmi plus de 20 000 motifs. Choisissez le mat\u00e9riau, le format et la finition parfaite. Rapide, simple et d'une beaut\u00e9 \u00e9clatante.","robots":{"index":"index","follow":"follow","max-snippet":"max-snippet:-1","max-image-preview":"max-image-preview:large","max-video-preview":"max-video-preview:-1"},"canonical":"https:\/\/www.amstelprinting.nl\/fr\/boutique\/interieur-2\/decoration-murale\/tapisserie-murale\/","og_locale":"fr_FR","og_type":"article","og_title":"Concevez votre tapisserie murale unique - Finition de haute qualit\u00e9","og_description":"Tapisserie murale avec votre propre design ou parmi plus de 20 000 motifs. Choisissez le mat\u00e9riau, le format et la finition parfaite. Rapide, simple et d'une beaut\u00e9 \u00e9clatante.","og_url":"https:\/\/www.amstelprinting.nl\/fr\/boutique\/interieur-2\/decoration-murale\/tapisserie-murale\/","og_site_name":"Amstel Printing","article_modified_time":"2026-02-18T11:51:20+00:00","og_image":[{"width":900,"height":900,"url":"https:\/\/www.amstelprinting.nl\/wp-content\/uploads\/wandkleed-bedrukken.png","type":"image\/png"}],"twitter_card":"summary_large_image","twitter_misc":{"Dur\u00e9e de lecture estim\u00e9e":"2 minutes"},"schema":{"@context":"https:\/\/schema.org","@graph":[{"@type":"WebPage","@id":"https:\/\/www.amstelprinting.nl\/fr\/boutique\/interieur-2\/decoration-murale\/tapisserie-murale\/","url":"https:\/\/www.amstelprinting.nl\/fr\/boutique\/interieur-2\/decoration-murale\/tapisserie-murale\/","name":"Concevez votre tapisserie murale unique - Finition de haute qualit\u00e9","isPartOf":{"@id":"https:\/\/www.amstelprinting.nl\/fr\/#website"},"primaryImageOfPage":{"@id":"https:\/\/www.amstelprinting.nl\/fr\/boutique\/interieur-2\/decoration-murale\/tapisserie-murale\/#primaryimage"},"image":{"@id":"https:\/\/www.amstelprinting.nl\/fr\/boutique\/interieur-2\/decoration-murale\/tapisserie-murale\/#primaryimage"},"thumbnailUrl":"https:\/\/www.amstelprinting.nl\/wp-content\/uploads\/wandkleed-bedrukken.png","datePublished":"2025-01-24T10:28:06+00:00","dateModified":"2026-02-18T11:51:20+00:00","description":"Tapisserie murale avec votre propre design ou parmi plus de 20 000 motifs. Choisissez le mat\u00e9riau, le format et la finition parfaite. Rapide, simple et d'une beaut\u00e9 \u00e9clatante.","breadcrumb":{"@id":"https:\/\/www.amstelprinting.nl\/fr\/boutique\/interieur-2\/decoration-murale\/tapisserie-murale\/#breadcrumb"},"inLanguage":"fr-FR","potentialAction":[{"@type":"ReadAction","target":["https:\/\/www.amstelprinting.nl\/fr\/boutique\/interieur-2\/decoration-murale\/tapisserie-murale\/"]}]},{"@type":"ImageObject","inLanguage":"fr-FR","@id":"https:\/\/www.amstelprinting.nl\/fr\/boutique\/interieur-2\/decoration-murale\/tapisserie-murale\/#primaryimage","url":"https:\/\/www.amstelprinting.nl\/wp-content\/uploads\/wandkleed-bedrukken.png","contentUrl":"https:\/\/www.amstelprinting.nl\/wp-content\/uploads\/wandkleed-bedrukken.png","width":900,"height":900},{"@type":"BreadcrumbList","@id":"https:\/\/www.amstelprinting.nl\/fr\/boutique\/interieur-2\/decoration-murale\/tapisserie-murale\/#breadcrumb","itemListElement":[{"@type":"ListItem","position":1,"name":"","item":"https:\/\/www.amstelprinting.nl\/fr\/"},{"@type":"ListItem","position":2,"name":"Amstel Printing","item":"https:\/\/www.amstelprinting.nl\/fr\/boutique\/"},{"@type":"ListItem","position":3,"name":"Publicit\u00e9 int\u00e9rieure","item":"https:\/\/www.amstelprinting.nl\/fr\/categorie\/publicite-interieure\/"},{"@type":"ListItem","position":4,"name":"Publicit\u00e9 murale","item":"https:\/\/www.amstelprinting.nl\/fr\/categorie\/publicite-interieure\/publicite-murale\/"},{"@type":"ListItem","position":5,"name":"Tapisserie murale"}]},{"@type":"WebSite","@id":"https:\/\/www.amstelprinting.nl\/fr\/#website","url":"https:\/\/www.amstelprinting.nl\/fr\/","name":"Amstel Printing","description":"Creating Exposure","publisher":{"@id":"https:\/\/www.amstelprinting.nl\/fr\/#organization"},"potentialAction":[{"@type":"SearchAction","target":{"@type":"EntryPoint","urlTemplate":"https:\/\/www.amstelprinting.nl\/fr\/?s={search_term_string}"},"query-input":{"@type":"PropertyValueSpecification","valueRequired":true,"valueName":"search_term_string"}}],"inLanguage":"fr-FR"},{"@type":"Organization","@id":"https:\/\/www.amstelprinting.nl\/fr\/#organization","name":"Amstel Printing","url":"https:\/\/www.amstelprinting.nl\/fr\/","logo":{"@type":"ImageObject","inLanguage":"fr-FR","@id":"https:\/\/www.amstelprinting.nl\/fr\/#\/schema\/logo\/image\/","url":"https:\/\/www.amstelprinting.nl\/wp-content\/uploads\/amstel_printing_logo_clean.png","contentUrl":"https:\/\/www.amstelprinting.nl\/wp-content\/uploads\/amstel_printing_logo_clean.png","width":324,"height":73,"caption":"Amstel Printing"},"image":{"@id":"https:\/\/www.amstelprinting.nl\/fr\/#\/schema\/logo\/image\/"}}]}},"_links":{"self":[{"href":"https:\/\/www.amstelprinting.nl\/fr\/wp-json\/wp\/v2\/product\/14867","targetHints":{"allow":["GET"]}}],"collection":[{"href":"https:\/\/www.amstelprinting.nl\/fr\/wp-json\/wp\/v2\/product"}],"about":[{"href":"https:\/\/www.amstelprinting.nl\/fr\/wp-json\/wp\/v2\/types\/product"}],"wp:featuredmedia":[{"embeddable":true,"href":"https:\/\/www.amstelprinting.nl\/fr\/wp-json\/wp\/v2\/media\/14868"}],"wp:attachment":[{"href":"https:\/\/www.amstelprinting.nl\/fr\/wp-json\/wp\/v2\/media?parent=14867"}],"wp:term":[{"taxonomy":"product_brand","embeddable":true,"href":"https:\/\/www.amstelprinting.nl\/fr\/wp-json\/wp\/v2\/product_brand?post=14867"},{"taxonomy":"product_cat","embeddable":true,"href":"https:\/\/www.amstelprinting.nl\/fr\/wp-json\/wp\/v2\/product_cat?post=14867"},{"taxonomy":"product_tag","embeddable":true,"href":"https:\/\/www.amstelprinting.nl\/fr\/wp-json\/wp\/v2\/product_tag?post=14867"}],"curies":[{"name":"wp","href":"https:\/\/api.w.org\/{rel}","templated":true}]}}