{"id":14877,"date":"2025-01-24T11:27:59","date_gmt":"2025-01-24T10:27:59","guid":{"rendered":"https:\/\/www.amstelprinting.nl\/winkel\/non%20class\u00e9\/naadloos-fotobehang\/"},"modified":"2026-02-18T12:51:21","modified_gmt":"2026-02-18T11:51:21","slug":"papier-peint-photo-sans-couture","status":"publish","type":"product","link":"https:\/\/www.amstelprinting.nl\/fr\/boutique\/interieur-2\/papier-peint\/papier-peint-photo-sans-couture\/","title":{"rendered":"Papier peint photo sans couture"},"content":{"rendered":"<h3>Commander du papier peint photo sans couture : choisissez le bon mat\u00e9riau<\/h3>\n<p>Notre papier peint photo sans couture est disponible en six mat\u00e9riaux :<\/p>\n<ul>\n<li><strong>Airtex\u00ae<\/strong> : toile PVC conviviale et sans plis de 330 gr.\/m2. Certifi\u00e9 B1<\/li>\n<li><strong>WalltexPro\u00ae<\/strong> : inodore, sans PVC et r\u00e9sistant aux rayures et aux chocs. Sur un mur avec WalltexPro\u00ae, la lumi\u00e8re ne se refl\u00e8te pas, ce qui le rend tr\u00e8s appropri\u00e9 pour les pi\u00e8ces avec beaucoup de lumi\u00e8re du jour<\/li>\n<li><strong>SanoTex<\/strong> : toile durable, sans PVC avec support gris. Dot\u00e9 d&rsquo;un certificat d&rsquo;incendie<\/li>\n<li><strong>MultiTexPro<\/strong> : rev\u00eatement mural multifonctionnel : \u00e9galisant, acoustique et isolant. Dot\u00e9 d&rsquo;un certificat d&rsquo;incendie<\/li>\n<li><strong>Basicwall<\/strong> : rev\u00eatement mural sans couture extra \u00e9conomique en polyester avec rev\u00eatement PVC<\/li>\n<\/ul>\n<p>&nbsp;<\/p>\n<h3>Rev\u00eatement UV<\/h3>\n<p>Le papier peint photo sans couture r\u00e9siste aux rayons UV, ce qui emp\u00eache les impressions de se d\u00e9colorer sous l&rsquo;exposition au soleil. Les mat\u00e9riaux sont ignifuges et poss\u00e8dent un certificat d&rsquo;incendie, ce qui les rend particuli\u00e8rement adapt\u00e9s \u00e0 une utilisation dans les espaces publics et les environnements professionnels.<\/p>\n<h3>\nAccessoires pour une application facile<\/h3>\n<p>Large choix d&rsquo;accessoires, y compris l&rsquo;appr\u00eat pour papier peint, le rouleau \u00e0 tapisser et la colle \u00e0 papier peint.<\/p>\n<p>Optez pour la qualit\u00e9, la durabilit\u00e9 et un r\u00e9sultat \u00e9poustouflant avec notre papier peint photo sans couture. Que vous souhaitiez embellir un espace de vie, un bureau ou un espace commercial, nous offrons la solution parfaite pour une d\u00e9coration murale sans couture et impressionnante. Commandez d\u00e8s aujourd&rsquo;hui et transformez votre espace avec nos mat\u00e9riaux polyvalents de haute qualit\u00e9 !<\/p>\n<h3>Foire aux questions<\/h3>\n<p><strong>Est-il possible de coller diff\u00e9rentes parties l&rsquo;une contre l&rsquo;autre ?<\/strong><br \/>\nOui, c&rsquo;est tout \u00e0 fait possible ! Cependant, pour un r\u00e9sultat optimal, nous vous recommandons de commander votre papier peint photo sans couture en une seule pi\u00e8ce.<\/p>\n<p><strong>Quelle colle dois-je utiliser pour cela ?<\/strong><br \/>\nCela d\u00e9pend du support. Pour les surfaces tr\u00e8s absorbantes comme les murs en pl\u00e2tre ou en b\u00e9ton, utilisez la colle Medium (un pr\u00e9traitement avec un appr\u00eat peut \u00eatre n\u00e9cessaire). Pour les surfaces non absorbantes comme les panneaux ou les portes, choisissez la colle High.<\/p>\n","protected":false},"excerpt":{"rendered":"<p>Apportez un aspect unique et impressionnant \u00e0 n&rsquo;importe quelle pi\u00e8ce avec notre papier peint photo sans couture. Avec une largeur d&rsquo;impression maximale allant jusqu&rsquo;\u00e0 494 cm, vous cr\u00e9ez une image \u00e9poustouflante et sans couture qui donne vie \u00e0 chaque espace. T\u00e9l\u00e9chargez votre propre design ou choisissez parmi l&rsquo;un des 20 000 motifs diff\u00e9rents.<\/p>\n","protected":false},"featured_media":14878,"template":"","meta":{"_et_pb_use_builder":"","_et_pb_old_content":"","_et_gb_content_width":""},"product_brand":[],"product_cat":[629,542,550,380,391,428,376],"product_tag":[],"class_list":{"0":"post-14877","1":"product","2":"type-product","3":"status-publish","4":"has-post-thumbnail","6":"product_cat-bureau","7":"product_cat-interieur-2","8":"product_cat-papier-peint","9":"product_cat-publicite-interieure","10":"product_cat-revetements-muraux-en-papier-peint","11":"product_cat-salon-et-evenement","12":"product_cat-toiles-dexposition","14":"first","15":"instock","16":"taxable","17":"shipping-taxable","18":"purchasable","19":"product-type-simple"},"yoast_head":"<!-- This site is optimized with the Yoast SEO plugin v27.3 - https:\/\/yoast.com\/product\/yoast-seo-wordpress\/ -->\n<title>Papier peint photo sans couture | Amstel Printing<\/title>\n<meta name=\"robots\" content=\"index, follow, max-snippet:-1, max-image-preview:large, max-video-preview:-1\" \/>\n<link rel=\"canonical\" href=\"https:\/\/www.amstelprinting.nl\/fr\/boutique\/interieur-2\/papier-peint\/papier-peint-photo-sans-couture\/\" \/>\n<meta property=\"og:locale\" content=\"fr_FR\" \/>\n<meta property=\"og:type\" content=\"article\" \/>\n<meta property=\"og:title\" content=\"Papier peint photo sans couture | Amstel Printing\" \/>\n<meta property=\"og:description\" content=\"Apportez un aspect unique et impressionnant \u00e0 n&#039;importe quelle pi\u00e8ce avec notre papier peint photo sans couture. Avec une largeur d&#039;impression maximale allant jusqu&#039;\u00e0 494 cm, vous cr\u00e9ez une image \u00e9poustouflante et sans couture qui donne vie \u00e0 chaque espace. T\u00e9l\u00e9chargez votre propre design ou choisissez parmi l&#039;un des 20 000 motifs diff\u00e9rents.\" \/>\n<meta property=\"og:url\" content=\"https:\/\/www.amstelprinting.nl\/fr\/boutique\/interieur-2\/papier-peint\/papier-peint-photo-sans-couture\/\" \/>\n<meta property=\"og:site_name\" content=\"Amstel Printing\" \/>\n<meta property=\"article:modified_time\" content=\"2026-02-18T11:51:21+00:00\" \/>\n<meta property=\"og:image\" content=\"https:\/\/www.amstelprinting.nl\/wp-content\/uploads\/naadloos-fotobehang-bedrukken.png\" \/>\n\t<meta property=\"og:image:width\" content=\"900\" \/>\n\t<meta property=\"og:image:height\" content=\"900\" \/>\n\t<meta property=\"og:image:type\" content=\"image\/png\" \/>\n<meta name=\"twitter:card\" content=\"summary_large_image\" \/>\n<meta name=\"twitter:label1\" content=\"Dur\u00e9e de lecture estim\u00e9e\" \/>\n\t<meta name=\"twitter:data1\" content=\"2 minutes\" \/>\n<script type=\"application\/ld+json\" class=\"yoast-schema-graph\">{\"@context\":\"https:\\\/\\\/schema.org\",\"@graph\":[{\"@type\":\"WebPage\",\"@id\":\"https:\\\/\\\/www.amstelprinting.nl\\\/fr\\\/boutique\\\/interieur-2\\\/papier-peint\\\/papier-peint-photo-sans-couture\\\/\",\"url\":\"https:\\\/\\\/www.amstelprinting.nl\\\/fr\\\/boutique\\\/interieur-2\\\/papier-peint\\\/papier-peint-photo-sans-couture\\\/\",\"name\":\"Papier peint photo sans couture | Amstel Printing\",\"isPartOf\":{\"@id\":\"https:\\\/\\\/www.amstelprinting.nl\\\/fr\\\/#website\"},\"primaryImageOfPage\":{\"@id\":\"https:\\\/\\\/www.amstelprinting.nl\\\/fr\\\/boutique\\\/interieur-2\\\/papier-peint\\\/papier-peint-photo-sans-couture\\\/#primaryimage\"},\"image\":{\"@id\":\"https:\\\/\\\/www.amstelprinting.nl\\\/fr\\\/boutique\\\/interieur-2\\\/papier-peint\\\/papier-peint-photo-sans-couture\\\/#primaryimage\"},\"thumbnailUrl\":\"https:\\\/\\\/www.amstelprinting.nl\\\/wp-content\\\/uploads\\\/naadloos-fotobehang-bedrukken.png\",\"datePublished\":\"2025-01-24T10:27:59+00:00\",\"dateModified\":\"2026-02-18T11:51:21+00:00\",\"breadcrumb\":{\"@id\":\"https:\\\/\\\/www.amstelprinting.nl\\\/fr\\\/boutique\\\/interieur-2\\\/papier-peint\\\/papier-peint-photo-sans-couture\\\/#breadcrumb\"},\"inLanguage\":\"fr-FR\",\"potentialAction\":[{\"@type\":\"ReadAction\",\"target\":[\"https:\\\/\\\/www.amstelprinting.nl\\\/fr\\\/boutique\\\/interieur-2\\\/papier-peint\\\/papier-peint-photo-sans-couture\\\/\"]}]},{\"@type\":\"ImageObject\",\"inLanguage\":\"fr-FR\",\"@id\":\"https:\\\/\\\/www.amstelprinting.nl\\\/fr\\\/boutique\\\/interieur-2\\\/papier-peint\\\/papier-peint-photo-sans-couture\\\/#primaryimage\",\"url\":\"https:\\\/\\\/www.amstelprinting.nl\\\/wp-content\\\/uploads\\\/naadloos-fotobehang-bedrukken.png\",\"contentUrl\":\"https:\\\/\\\/www.amstelprinting.nl\\\/wp-content\\\/uploads\\\/naadloos-fotobehang-bedrukken.png\",\"width\":900,\"height\":900},{\"@type\":\"BreadcrumbList\",\"@id\":\"https:\\\/\\\/www.amstelprinting.nl\\\/fr\\\/boutique\\\/interieur-2\\\/papier-peint\\\/papier-peint-photo-sans-couture\\\/#breadcrumb\",\"itemListElement\":[{\"@type\":\"ListItem\",\"position\":1,\"name\":\"\",\"item\":\"https:\\\/\\\/www.amstelprinting.nl\\\/fr\\\/\"},{\"@type\":\"ListItem\",\"position\":2,\"name\":\"Amstel Printing\",\"item\":\"https:\\\/\\\/www.amstelprinting.nl\\\/fr\\\/boutique\\\/\"},{\"@type\":\"ListItem\",\"position\":3,\"name\":\"Publicit\u00e9 int\u00e9rieure\",\"item\":\"https:\\\/\\\/www.amstelprinting.nl\\\/fr\\\/categorie\\\/publicite-interieure\\\/\"},{\"@type\":\"ListItem\",\"position\":4,\"name\":\"Rev\u00eatements muraux en papier peint\",\"item\":\"https:\\\/\\\/www.amstelprinting.nl\\\/fr\\\/categorie\\\/publicite-interieure\\\/revetements-muraux-en-papier-peint\\\/\"},{\"@type\":\"ListItem\",\"position\":5,\"name\":\"Papier peint photo sans couture\"}]},{\"@type\":\"WebSite\",\"@id\":\"https:\\\/\\\/www.amstelprinting.nl\\\/fr\\\/#website\",\"url\":\"https:\\\/\\\/www.amstelprinting.nl\\\/fr\\\/\",\"name\":\"Amstel Printing\",\"description\":\"Creating Exposure\",\"publisher\":{\"@id\":\"https:\\\/\\\/www.amstelprinting.nl\\\/fr\\\/#organization\"},\"potentialAction\":[{\"@type\":\"SearchAction\",\"target\":{\"@type\":\"EntryPoint\",\"urlTemplate\":\"https:\\\/\\\/www.amstelprinting.nl\\\/fr\\\/?s={search_term_string}\"},\"query-input\":{\"@type\":\"PropertyValueSpecification\",\"valueRequired\":true,\"valueName\":\"search_term_string\"}}],\"inLanguage\":\"fr-FR\"},{\"@type\":\"Organization\",\"@id\":\"https:\\\/\\\/www.amstelprinting.nl\\\/fr\\\/#organization\",\"name\":\"Amstel Printing\",\"url\":\"https:\\\/\\\/www.amstelprinting.nl\\\/fr\\\/\",\"logo\":{\"@type\":\"ImageObject\",\"inLanguage\":\"fr-FR\",\"@id\":\"https:\\\/\\\/www.amstelprinting.nl\\\/fr\\\/#\\\/schema\\\/logo\\\/image\\\/\",\"url\":\"https:\\\/\\\/www.amstelprinting.nl\\\/wp-content\\\/uploads\\\/amstel_printing_logo_clean.png\",\"contentUrl\":\"https:\\\/\\\/www.amstelprinting.nl\\\/wp-content\\\/uploads\\\/amstel_printing_logo_clean.png\",\"width\":324,\"height\":73,\"caption\":\"Amstel Printing\"},\"image\":{\"@id\":\"https:\\\/\\\/www.amstelprinting.nl\\\/fr\\\/#\\\/schema\\\/logo\\\/image\\\/\"}}]}<\/script>\n<!-- \/ Yoast SEO plugin. -->","yoast_head_json":{"title":"Papier peint photo sans couture | Amstel Printing","robots":{"index":"index","follow":"follow","max-snippet":"max-snippet:-1","max-image-preview":"max-image-preview:large","max-video-preview":"max-video-preview:-1"},"canonical":"https:\/\/www.amstelprinting.nl\/fr\/boutique\/interieur-2\/papier-peint\/papier-peint-photo-sans-couture\/","og_locale":"fr_FR","og_type":"article","og_title":"Papier peint photo sans couture | Amstel Printing","og_description":"Apportez un aspect unique et impressionnant \u00e0 n'importe quelle pi\u00e8ce avec notre papier peint photo sans couture. Avec une largeur d'impression maximale allant jusqu'\u00e0 494 cm, vous cr\u00e9ez une image \u00e9poustouflante et sans couture qui donne vie \u00e0 chaque espace. T\u00e9l\u00e9chargez votre propre design ou choisissez parmi l'un des 20 000 motifs diff\u00e9rents.","og_url":"https:\/\/www.amstelprinting.nl\/fr\/boutique\/interieur-2\/papier-peint\/papier-peint-photo-sans-couture\/","og_site_name":"Amstel Printing","article_modified_time":"2026-02-18T11:51:21+00:00","og_image":[{"width":900,"height":900,"url":"https:\/\/www.amstelprinting.nl\/wp-content\/uploads\/naadloos-fotobehang-bedrukken.png","type":"image\/png"}],"twitter_card":"summary_large_image","twitter_misc":{"Dur\u00e9e de lecture estim\u00e9e":"2 minutes"},"schema":{"@context":"https:\/\/schema.org","@graph":[{"@type":"WebPage","@id":"https:\/\/www.amstelprinting.nl\/fr\/boutique\/interieur-2\/papier-peint\/papier-peint-photo-sans-couture\/","url":"https:\/\/www.amstelprinting.nl\/fr\/boutique\/interieur-2\/papier-peint\/papier-peint-photo-sans-couture\/","name":"Papier peint photo sans couture | Amstel Printing","isPartOf":{"@id":"https:\/\/www.amstelprinting.nl\/fr\/#website"},"primaryImageOfPage":{"@id":"https:\/\/www.amstelprinting.nl\/fr\/boutique\/interieur-2\/papier-peint\/papier-peint-photo-sans-couture\/#primaryimage"},"image":{"@id":"https:\/\/www.amstelprinting.nl\/fr\/boutique\/interieur-2\/papier-peint\/papier-peint-photo-sans-couture\/#primaryimage"},"thumbnailUrl":"https:\/\/www.amstelprinting.nl\/wp-content\/uploads\/naadloos-fotobehang-bedrukken.png","datePublished":"2025-01-24T10:27:59+00:00","dateModified":"2026-02-18T11:51:21+00:00","breadcrumb":{"@id":"https:\/\/www.amstelprinting.nl\/fr\/boutique\/interieur-2\/papier-peint\/papier-peint-photo-sans-couture\/#breadcrumb"},"inLanguage":"fr-FR","potentialAction":[{"@type":"ReadAction","target":["https:\/\/www.amstelprinting.nl\/fr\/boutique\/interieur-2\/papier-peint\/papier-peint-photo-sans-couture\/"]}]},{"@type":"ImageObject","inLanguage":"fr-FR","@id":"https:\/\/www.amstelprinting.nl\/fr\/boutique\/interieur-2\/papier-peint\/papier-peint-photo-sans-couture\/#primaryimage","url":"https:\/\/www.amstelprinting.nl\/wp-content\/uploads\/naadloos-fotobehang-bedrukken.png","contentUrl":"https:\/\/www.amstelprinting.nl\/wp-content\/uploads\/naadloos-fotobehang-bedrukken.png","width":900,"height":900},{"@type":"BreadcrumbList","@id":"https:\/\/www.amstelprinting.nl\/fr\/boutique\/interieur-2\/papier-peint\/papier-peint-photo-sans-couture\/#breadcrumb","itemListElement":[{"@type":"ListItem","position":1,"name":"","item":"https:\/\/www.amstelprinting.nl\/fr\/"},{"@type":"ListItem","position":2,"name":"Amstel Printing","item":"https:\/\/www.amstelprinting.nl\/fr\/boutique\/"},{"@type":"ListItem","position":3,"name":"Publicit\u00e9 int\u00e9rieure","item":"https:\/\/www.amstelprinting.nl\/fr\/categorie\/publicite-interieure\/"},{"@type":"ListItem","position":4,"name":"Rev\u00eatements muraux en papier peint","item":"https:\/\/www.amstelprinting.nl\/fr\/categorie\/publicite-interieure\/revetements-muraux-en-papier-peint\/"},{"@type":"ListItem","position":5,"name":"Papier peint photo sans couture"}]},{"@type":"WebSite","@id":"https:\/\/www.amstelprinting.nl\/fr\/#website","url":"https:\/\/www.amstelprinting.nl\/fr\/","name":"Amstel Printing","description":"Creating Exposure","publisher":{"@id":"https:\/\/www.amstelprinting.nl\/fr\/#organization"},"potentialAction":[{"@type":"SearchAction","target":{"@type":"EntryPoint","urlTemplate":"https:\/\/www.amstelprinting.nl\/fr\/?s={search_term_string}"},"query-input":{"@type":"PropertyValueSpecification","valueRequired":true,"valueName":"search_term_string"}}],"inLanguage":"fr-FR"},{"@type":"Organization","@id":"https:\/\/www.amstelprinting.nl\/fr\/#organization","name":"Amstel Printing","url":"https:\/\/www.amstelprinting.nl\/fr\/","logo":{"@type":"ImageObject","inLanguage":"fr-FR","@id":"https:\/\/www.amstelprinting.nl\/fr\/#\/schema\/logo\/image\/","url":"https:\/\/www.amstelprinting.nl\/wp-content\/uploads\/amstel_printing_logo_clean.png","contentUrl":"https:\/\/www.amstelprinting.nl\/wp-content\/uploads\/amstel_printing_logo_clean.png","width":324,"height":73,"caption":"Amstel Printing"},"image":{"@id":"https:\/\/www.amstelprinting.nl\/fr\/#\/schema\/logo\/image\/"}}]}},"_links":{"self":[{"href":"https:\/\/www.amstelprinting.nl\/fr\/wp-json\/wp\/v2\/product\/14877","targetHints":{"allow":["GET"]}}],"collection":[{"href":"https:\/\/www.amstelprinting.nl\/fr\/wp-json\/wp\/v2\/product"}],"about":[{"href":"https:\/\/www.amstelprinting.nl\/fr\/wp-json\/wp\/v2\/types\/product"}],"wp:featuredmedia":[{"embeddable":true,"href":"https:\/\/www.amstelprinting.nl\/fr\/wp-json\/wp\/v2\/media\/14878"}],"wp:attachment":[{"href":"https:\/\/www.amstelprinting.nl\/fr\/wp-json\/wp\/v2\/media?parent=14877"}],"wp:term":[{"taxonomy":"product_brand","embeddable":true,"href":"https:\/\/www.amstelprinting.nl\/fr\/wp-json\/wp\/v2\/product_brand?post=14877"},{"taxonomy":"product_cat","embeddable":true,"href":"https:\/\/www.amstelprinting.nl\/fr\/wp-json\/wp\/v2\/product_cat?post=14877"},{"taxonomy":"product_tag","embeddable":true,"href":"https:\/\/www.amstelprinting.nl\/fr\/wp-json\/wp\/v2\/product_tag?post=14877"}],"curies":[{"name":"wp","href":"https:\/\/api.w.org\/{rel}","templated":true}]}}