{"id":14887,"date":"2025-01-24T11:27:54","date_gmt":"2025-01-24T10:27:54","guid":{"rendered":"https:\/\/www.amstelprinting.nl\/winkel\/non%20class\u00e9\/behangrollen\/"},"modified":"2026-02-18T12:51:22","modified_gmt":"2026-02-18T11:51:22","slug":"rouleaux-de-papier-peint","status":"publish","type":"product","link":"https:\/\/www.amstelprinting.nl\/fr\/boutique\/interieur-2\/papier-peint\/rouleaux-de-papier-peint\/","title":{"rendered":"Rouleaux de papier peint"},"content":{"rendered":"<h3>Impression de rouleaux de papier peint : choisissez le bon mat\u00e9riau<\/h3>\n<p>Nos rouleaux de papier peint sont disponibles en quatre types de mat\u00e9riaux. Les rouleaux peuvent \u00eatre divis\u00e9s en une largeur de rouleau de 53 centim\u00e8tres ou 70 centim\u00e8tres.<\/p>\n<ul>\n<li><strong>ProVinyl fin<\/strong> : Papier peint vinyle avec une structure de sable raffin\u00e9e et un support intiss\u00e9 robuste, id\u00e9al pour une finition moderne et durable.<\/li>\n<li><strong>Erfurt Variovlies<\/strong> : Papier peint intiss\u00e9 avec une couche sup\u00e9rieure tendue et lisse et un envers en mat\u00e9riau intiss\u00e9, con\u00e7u pour un aspect homog\u00e8ne et \u00e9l\u00e9gant.<\/li>\n<li><strong>ProVinyl textile<\/strong> : Papier peint vinyle avec un aspect textile de toile luxueux, combin\u00e9 \u00e0 un support intiss\u00e9 pour une ambiance somptueuse et chaleureuse.<\/li>\n<li><strong>ProVlies mat<\/strong> : Papier peint acrylique avec une finition mate et tendue et un support intiss\u00e9, offrant une alternative \u00e9cologique au papier peint vinyle traditionnel.<\/li>\n<\/ul>\n<p>&nbsp;<br \/>\nLe papier peint ProVinyl mat est fi\u00e8rement dot\u00e9 du label FSC, garantissant qu&rsquo;il provient de for\u00eats g\u00e9r\u00e9es de mani\u00e8re responsable, dans le respect de l&rsquo;homme, de l&rsquo;environnement et de l&rsquo;\u00e9conomie.<\/p>\n<h3>Accessoires<\/h3>\n<p>Compl\u00e9tez votre projet de papier peint avec notre vaste s\u00e9lection d&rsquo;accessoires. De l&rsquo;appr\u00eat pour papier peint au rouleau \u00e0 tapisser et \u00e0 la colle \u00e0 papier peint, nous offrons tout ce dont vous avez besoin pour une installation impeccable et un r\u00e9sultat parfait.<\/p>\n<p>Commandez d\u00e8s aujourd&rsquo;hui et d\u00e9couvrez un monde de possibilit\u00e9s pour votre int\u00e9rieur gr\u00e2ce \u00e0 notre vaste collection de rouleaux de papier peint.<\/p>\n<h3>Questions fr\u00e9quemment pos\u00e9es<\/h3>\n<p>Comment s&rsquo;assurer que vos rouleaux de papier peint s&rsquo;ajustent parfaitement ?<br \/>\nPour garantir que votre papier peint s&rsquo;adapte parfaitement, commencez par saisir les dimensions compl\u00e8tes du mur et t\u00e9l\u00e9chargez le fichier avec une marge de 1 cm tout autour pour le fond perdu. Vous pouvez choisir vous-m\u00eame la largeur de rouleau souhait\u00e9e. Nous nous occupons de la r\u00e9partition correcte, vous n&rsquo;avez donc pas \u00e0 vous en soucier.<\/p>\n<h3>Comment savoir quel l\u00e9 va o\u00f9 ?<\/h3>\n<p>Chaque l\u00e9 est muni d&rsquo;un num\u00e9ro de pi\u00e8ce, de sorte que vous sachiez exactement o\u00f9 doit se placer chaque partie de votre papier peint.<\/p>\n<h3>Comment le papier peint est-il emball\u00e9 ?<\/h3>\n<p>Le papier peint est exp\u00e9di\u00e9 en rouleau, chaque rouleau est soigneusement envelopp\u00e9 dans un film r\u00e9tractable puis emball\u00e9 dans une bo\u00eete solide. De cette mani\u00e8re, nous garantissons que vous recevez un produit intact.<\/p>\n<h3>Quelle colle dois-je utiliser pour cela ?<\/h3>\n<p>Nous recommandons l&rsquo;utilisation de la colle Perfax pour l&rsquo;application du papier peint. Cela garantit une adh\u00e9rence optimale et un beau r\u00e9sultat sur votre mur.<\/p>\n","protected":false},"excerpt":{"rendered":"<h3>Papier peint en rouleau r\u00e9sistant aux rayures avec votre propre impression<\/h3>\n<p>Transformez votre espace en une oasis de style et de confort avec nos rouleaux de papier peint de haute qualit\u00e9. Que vous recherchiez un look contemporain ou un charme classique : notre collection vous offre les outils pour donner vie \u00e0 votre vision d&rsquo;int\u00e9rieur.<\/p>\n","protected":false},"featured_media":14888,"template":"","meta":{"_et_pb_use_builder":"","_et_pb_old_content":"","_et_gb_content_width":""},"product_brand":[],"product_cat":[629,542,550,380,391],"product_tag":[],"class_list":{"0":"post-14887","1":"product","2":"type-product","3":"status-publish","4":"has-post-thumbnail","6":"product_cat-bureau","7":"product_cat-interieur-2","8":"product_cat-papier-peint","9":"product_cat-publicite-interieure","10":"product_cat-revetements-muraux-en-papier-peint","12":"first","13":"instock","14":"taxable","15":"shipping-taxable","16":"purchasable","17":"product-type-simple"},"yoast_head":"<!-- This site is optimized with the Yoast SEO plugin v27.3 - https:\/\/yoast.com\/product\/yoast-seo-wordpress\/ -->\n<title>Rouleaux de papier peint | Amstel Printing<\/title>\n<meta name=\"robots\" content=\"index, follow, max-snippet:-1, max-image-preview:large, max-video-preview:-1\" \/>\n<link rel=\"canonical\" href=\"https:\/\/www.amstelprinting.nl\/fr\/boutique\/interieur-2\/papier-peint\/rouleaux-de-papier-peint\/\" \/>\n<meta property=\"og:locale\" content=\"fr_FR\" \/>\n<meta property=\"og:type\" content=\"article\" \/>\n<meta property=\"og:title\" content=\"Rouleaux de papier peint | Amstel Printing\" \/>\n<meta property=\"og:description\" content=\"Papier peint en rouleau r\u00e9sistant aux rayures avec votre propre impression Transformez votre espace en une oasis de style et de confort avec nos rouleaux de papier peint de haute qualit\u00e9. Que vous recherchiez un look contemporain ou un charme classique : notre collection vous offre les outils pour donner vie \u00e0 votre vision d&#039;int\u00e9rieur.\" \/>\n<meta property=\"og:url\" content=\"https:\/\/www.amstelprinting.nl\/fr\/boutique\/interieur-2\/papier-peint\/rouleaux-de-papier-peint\/\" \/>\n<meta property=\"og:site_name\" content=\"Amstel Printing\" \/>\n<meta property=\"article:modified_time\" content=\"2026-02-18T11:51:22+00:00\" \/>\n<meta property=\"og:image\" content=\"https:\/\/www.amstelprinting.nl\/wp-content\/uploads\/behang-bedrukken.png\" \/>\n\t<meta property=\"og:image:width\" content=\"900\" \/>\n\t<meta property=\"og:image:height\" content=\"900\" \/>\n\t<meta property=\"og:image:type\" content=\"image\/png\" \/>\n<meta name=\"twitter:card\" content=\"summary_large_image\" \/>\n<meta name=\"twitter:label1\" content=\"Dur\u00e9e de lecture estim\u00e9e\" \/>\n\t<meta name=\"twitter:data1\" content=\"2 minutes\" \/>\n<script type=\"application\/ld+json\" class=\"yoast-schema-graph\">{\"@context\":\"https:\\\/\\\/schema.org\",\"@graph\":[{\"@type\":\"WebPage\",\"@id\":\"https:\\\/\\\/www.amstelprinting.nl\\\/fr\\\/boutique\\\/interieur-2\\\/papier-peint\\\/rouleaux-de-papier-peint\\\/\",\"url\":\"https:\\\/\\\/www.amstelprinting.nl\\\/fr\\\/boutique\\\/interieur-2\\\/papier-peint\\\/rouleaux-de-papier-peint\\\/\",\"name\":\"Rouleaux de papier peint | Amstel Printing\",\"isPartOf\":{\"@id\":\"https:\\\/\\\/www.amstelprinting.nl\\\/fr\\\/#website\"},\"primaryImageOfPage\":{\"@id\":\"https:\\\/\\\/www.amstelprinting.nl\\\/fr\\\/boutique\\\/interieur-2\\\/papier-peint\\\/rouleaux-de-papier-peint\\\/#primaryimage\"},\"image\":{\"@id\":\"https:\\\/\\\/www.amstelprinting.nl\\\/fr\\\/boutique\\\/interieur-2\\\/papier-peint\\\/rouleaux-de-papier-peint\\\/#primaryimage\"},\"thumbnailUrl\":\"https:\\\/\\\/www.amstelprinting.nl\\\/wp-content\\\/uploads\\\/behang-bedrukken.png\",\"datePublished\":\"2025-01-24T10:27:54+00:00\",\"dateModified\":\"2026-02-18T11:51:22+00:00\",\"breadcrumb\":{\"@id\":\"https:\\\/\\\/www.amstelprinting.nl\\\/fr\\\/boutique\\\/interieur-2\\\/papier-peint\\\/rouleaux-de-papier-peint\\\/#breadcrumb\"},\"inLanguage\":\"fr-FR\",\"potentialAction\":[{\"@type\":\"ReadAction\",\"target\":[\"https:\\\/\\\/www.amstelprinting.nl\\\/fr\\\/boutique\\\/interieur-2\\\/papier-peint\\\/rouleaux-de-papier-peint\\\/\"]}]},{\"@type\":\"ImageObject\",\"inLanguage\":\"fr-FR\",\"@id\":\"https:\\\/\\\/www.amstelprinting.nl\\\/fr\\\/boutique\\\/interieur-2\\\/papier-peint\\\/rouleaux-de-papier-peint\\\/#primaryimage\",\"url\":\"https:\\\/\\\/www.amstelprinting.nl\\\/wp-content\\\/uploads\\\/behang-bedrukken.png\",\"contentUrl\":\"https:\\\/\\\/www.amstelprinting.nl\\\/wp-content\\\/uploads\\\/behang-bedrukken.png\",\"width\":900,\"height\":900},{\"@type\":\"BreadcrumbList\",\"@id\":\"https:\\\/\\\/www.amstelprinting.nl\\\/fr\\\/boutique\\\/interieur-2\\\/papier-peint\\\/rouleaux-de-papier-peint\\\/#breadcrumb\",\"itemListElement\":[{\"@type\":\"ListItem\",\"position\":1,\"name\":\"\",\"item\":\"https:\\\/\\\/www.amstelprinting.nl\\\/fr\\\/\"},{\"@type\":\"ListItem\",\"position\":2,\"name\":\"Amstel Printing\",\"item\":\"https:\\\/\\\/www.amstelprinting.nl\\\/fr\\\/boutique\\\/\"},{\"@type\":\"ListItem\",\"position\":3,\"name\":\"Publicit\u00e9 int\u00e9rieure\",\"item\":\"https:\\\/\\\/www.amstelprinting.nl\\\/fr\\\/categorie\\\/publicite-interieure\\\/\"},{\"@type\":\"ListItem\",\"position\":4,\"name\":\"Rev\u00eatements muraux en papier peint\",\"item\":\"https:\\\/\\\/www.amstelprinting.nl\\\/fr\\\/categorie\\\/publicite-interieure\\\/revetements-muraux-en-papier-peint\\\/\"},{\"@type\":\"ListItem\",\"position\":5,\"name\":\"Rouleaux de papier peint\"}]},{\"@type\":\"WebSite\",\"@id\":\"https:\\\/\\\/www.amstelprinting.nl\\\/fr\\\/#website\",\"url\":\"https:\\\/\\\/www.amstelprinting.nl\\\/fr\\\/\",\"name\":\"Amstel Printing\",\"description\":\"Creating Exposure\",\"publisher\":{\"@id\":\"https:\\\/\\\/www.amstelprinting.nl\\\/fr\\\/#organization\"},\"potentialAction\":[{\"@type\":\"SearchAction\",\"target\":{\"@type\":\"EntryPoint\",\"urlTemplate\":\"https:\\\/\\\/www.amstelprinting.nl\\\/fr\\\/?s={search_term_string}\"},\"query-input\":{\"@type\":\"PropertyValueSpecification\",\"valueRequired\":true,\"valueName\":\"search_term_string\"}}],\"inLanguage\":\"fr-FR\"},{\"@type\":\"Organization\",\"@id\":\"https:\\\/\\\/www.amstelprinting.nl\\\/fr\\\/#organization\",\"name\":\"Amstel Printing\",\"url\":\"https:\\\/\\\/www.amstelprinting.nl\\\/fr\\\/\",\"logo\":{\"@type\":\"ImageObject\",\"inLanguage\":\"fr-FR\",\"@id\":\"https:\\\/\\\/www.amstelprinting.nl\\\/fr\\\/#\\\/schema\\\/logo\\\/image\\\/\",\"url\":\"https:\\\/\\\/www.amstelprinting.nl\\\/wp-content\\\/uploads\\\/amstel_printing_logo_clean.png\",\"contentUrl\":\"https:\\\/\\\/www.amstelprinting.nl\\\/wp-content\\\/uploads\\\/amstel_printing_logo_clean.png\",\"width\":324,\"height\":73,\"caption\":\"Amstel Printing\"},\"image\":{\"@id\":\"https:\\\/\\\/www.amstelprinting.nl\\\/fr\\\/#\\\/schema\\\/logo\\\/image\\\/\"}}]}<\/script>\n<!-- \/ Yoast SEO plugin. -->","yoast_head_json":{"title":"Rouleaux de papier peint | Amstel Printing","robots":{"index":"index","follow":"follow","max-snippet":"max-snippet:-1","max-image-preview":"max-image-preview:large","max-video-preview":"max-video-preview:-1"},"canonical":"https:\/\/www.amstelprinting.nl\/fr\/boutique\/interieur-2\/papier-peint\/rouleaux-de-papier-peint\/","og_locale":"fr_FR","og_type":"article","og_title":"Rouleaux de papier peint | Amstel Printing","og_description":"Papier peint en rouleau r\u00e9sistant aux rayures avec votre propre impression Transformez votre espace en une oasis de style et de confort avec nos rouleaux de papier peint de haute qualit\u00e9. Que vous recherchiez un look contemporain ou un charme classique : notre collection vous offre les outils pour donner vie \u00e0 votre vision d'int\u00e9rieur.","og_url":"https:\/\/www.amstelprinting.nl\/fr\/boutique\/interieur-2\/papier-peint\/rouleaux-de-papier-peint\/","og_site_name":"Amstel Printing","article_modified_time":"2026-02-18T11:51:22+00:00","og_image":[{"width":900,"height":900,"url":"https:\/\/www.amstelprinting.nl\/wp-content\/uploads\/behang-bedrukken.png","type":"image\/png"}],"twitter_card":"summary_large_image","twitter_misc":{"Dur\u00e9e de lecture estim\u00e9e":"2 minutes"},"schema":{"@context":"https:\/\/schema.org","@graph":[{"@type":"WebPage","@id":"https:\/\/www.amstelprinting.nl\/fr\/boutique\/interieur-2\/papier-peint\/rouleaux-de-papier-peint\/","url":"https:\/\/www.amstelprinting.nl\/fr\/boutique\/interieur-2\/papier-peint\/rouleaux-de-papier-peint\/","name":"Rouleaux de papier peint | Amstel Printing","isPartOf":{"@id":"https:\/\/www.amstelprinting.nl\/fr\/#website"},"primaryImageOfPage":{"@id":"https:\/\/www.amstelprinting.nl\/fr\/boutique\/interieur-2\/papier-peint\/rouleaux-de-papier-peint\/#primaryimage"},"image":{"@id":"https:\/\/www.amstelprinting.nl\/fr\/boutique\/interieur-2\/papier-peint\/rouleaux-de-papier-peint\/#primaryimage"},"thumbnailUrl":"https:\/\/www.amstelprinting.nl\/wp-content\/uploads\/behang-bedrukken.png","datePublished":"2025-01-24T10:27:54+00:00","dateModified":"2026-02-18T11:51:22+00:00","breadcrumb":{"@id":"https:\/\/www.amstelprinting.nl\/fr\/boutique\/interieur-2\/papier-peint\/rouleaux-de-papier-peint\/#breadcrumb"},"inLanguage":"fr-FR","potentialAction":[{"@type":"ReadAction","target":["https:\/\/www.amstelprinting.nl\/fr\/boutique\/interieur-2\/papier-peint\/rouleaux-de-papier-peint\/"]}]},{"@type":"ImageObject","inLanguage":"fr-FR","@id":"https:\/\/www.amstelprinting.nl\/fr\/boutique\/interieur-2\/papier-peint\/rouleaux-de-papier-peint\/#primaryimage","url":"https:\/\/www.amstelprinting.nl\/wp-content\/uploads\/behang-bedrukken.png","contentUrl":"https:\/\/www.amstelprinting.nl\/wp-content\/uploads\/behang-bedrukken.png","width":900,"height":900},{"@type":"BreadcrumbList","@id":"https:\/\/www.amstelprinting.nl\/fr\/boutique\/interieur-2\/papier-peint\/rouleaux-de-papier-peint\/#breadcrumb","itemListElement":[{"@type":"ListItem","position":1,"name":"","item":"https:\/\/www.amstelprinting.nl\/fr\/"},{"@type":"ListItem","position":2,"name":"Amstel Printing","item":"https:\/\/www.amstelprinting.nl\/fr\/boutique\/"},{"@type":"ListItem","position":3,"name":"Publicit\u00e9 int\u00e9rieure","item":"https:\/\/www.amstelprinting.nl\/fr\/categorie\/publicite-interieure\/"},{"@type":"ListItem","position":4,"name":"Rev\u00eatements muraux en papier peint","item":"https:\/\/www.amstelprinting.nl\/fr\/categorie\/publicite-interieure\/revetements-muraux-en-papier-peint\/"},{"@type":"ListItem","position":5,"name":"Rouleaux de papier peint"}]},{"@type":"WebSite","@id":"https:\/\/www.amstelprinting.nl\/fr\/#website","url":"https:\/\/www.amstelprinting.nl\/fr\/","name":"Amstel Printing","description":"Creating Exposure","publisher":{"@id":"https:\/\/www.amstelprinting.nl\/fr\/#organization"},"potentialAction":[{"@type":"SearchAction","target":{"@type":"EntryPoint","urlTemplate":"https:\/\/www.amstelprinting.nl\/fr\/?s={search_term_string}"},"query-input":{"@type":"PropertyValueSpecification","valueRequired":true,"valueName":"search_term_string"}}],"inLanguage":"fr-FR"},{"@type":"Organization","@id":"https:\/\/www.amstelprinting.nl\/fr\/#organization","name":"Amstel Printing","url":"https:\/\/www.amstelprinting.nl\/fr\/","logo":{"@type":"ImageObject","inLanguage":"fr-FR","@id":"https:\/\/www.amstelprinting.nl\/fr\/#\/schema\/logo\/image\/","url":"https:\/\/www.amstelprinting.nl\/wp-content\/uploads\/amstel_printing_logo_clean.png","contentUrl":"https:\/\/www.amstelprinting.nl\/wp-content\/uploads\/amstel_printing_logo_clean.png","width":324,"height":73,"caption":"Amstel Printing"},"image":{"@id":"https:\/\/www.amstelprinting.nl\/fr\/#\/schema\/logo\/image\/"}}]}},"_links":{"self":[{"href":"https:\/\/www.amstelprinting.nl\/fr\/wp-json\/wp\/v2\/product\/14887","targetHints":{"allow":["GET"]}}],"collection":[{"href":"https:\/\/www.amstelprinting.nl\/fr\/wp-json\/wp\/v2\/product"}],"about":[{"href":"https:\/\/www.amstelprinting.nl\/fr\/wp-json\/wp\/v2\/types\/product"}],"wp:featuredmedia":[{"embeddable":true,"href":"https:\/\/www.amstelprinting.nl\/fr\/wp-json\/wp\/v2\/media\/14888"}],"wp:attachment":[{"href":"https:\/\/www.amstelprinting.nl\/fr\/wp-json\/wp\/v2\/media?parent=14887"}],"wp:term":[{"taxonomy":"product_brand","embeddable":true,"href":"https:\/\/www.amstelprinting.nl\/fr\/wp-json\/wp\/v2\/product_brand?post=14887"},{"taxonomy":"product_cat","embeddable":true,"href":"https:\/\/www.amstelprinting.nl\/fr\/wp-json\/wp\/v2\/product_cat?post=14887"},{"taxonomy":"product_tag","embeddable":true,"href":"https:\/\/www.amstelprinting.nl\/fr\/wp-json\/wp\/v2\/product_tag?post=14887"}],"curies":[{"name":"wp","href":"https:\/\/api.w.org\/{rel}","templated":true}]}}