{"id":14897,"date":"2025-01-24T11:27:50","date_gmt":"2025-01-24T10:27:50","guid":{"rendered":"https:\/\/www.amstelprinting.nl\/winkel\/non%20class\u00e9\/led-frame\/"},"modified":"2026-02-18T12:51:22","modified_gmt":"2026-02-18T11:51:22","slug":"cadre-led","status":"publish","type":"product","link":"https:\/\/www.amstelprinting.nl\/fr\/boutique\/salon-et-evenement\/murs-dexposition-illumines\/cadre-led\/","title":{"rendered":"Cadre LED"},"content":{"rendered":"<h3>Commander un cadre LED<\/h3>\n<p>Faites briller votre design et optez pour un cadre LED sur mesure. Le cadre LED est parfait pour les espaces commerciaux (d&rsquo;entreprise), les salles d&rsquo;exposition, les salons ou simplement pour la maison. Choisissez un ensemble complet avec cadre LED et toile \u00e0 jonc ou commandez l&rsquo;un des deux articles s\u00e9par\u00e9ment.<\/p>\n<h3>\nPourquoi des cadres LED<\/h3>\n<ul>\n<li>Votre impression \u00e9clair\u00e9e de mani\u00e8re intense<\/li>\n<li>L&rsquo;atout visuel pour chaque pi\u00e8ce<\/li>\n<li>Pour une fixation au mur<\/li>\n<li>\u00c9quip\u00e9 d&rsquo;une impression recto (impression recto-verso ? Optez pour Pixlip)<\/li>\n<li>Choix entre \u00e9clairage dimmable ou non dimmable<\/li>\n<li>Disponible en trois couleurs de cadres et 2 types de toiles \u00e0 jonc<\/li>\n<\/ul>\n<p>&nbsp;<\/p>\n<h3>Mat\u00e9riau de la toile \u00e0 jonc pour cadre LED<\/h3>\n<p>Le cadre LED en aluminium est disponible en blanc, noir et argent. Le cadre LED combine un profil\u00e9 en aluminium avec une plaque arri\u00e8re en Dibond\u00ae, sur laquelle les bandes LED sont mont\u00e9es pour une r\u00e9partition uniforme de la lumi\u00e8re. Vous pouvez choisir entre un \u00e9clairage dimmable ou non dimmable, selon vos besoins.<\/p>\n<p>Pour la toile \u00e0 jonc du cadre LED, vous avez le choix entre deux mat\u00e9riaux : Samba backlit et LumiTex. Samba backlit est une toile en polyester aux couleurs intenses, sp\u00e9cialement con\u00e7ue pour la clart\u00e9 et la vivacit\u00e9 dans les cadres \u00e9clair\u00e9s. Le mat\u00e9riau LumiTex se compose de 100 % polyester. Il est fabriqu\u00e9 avec des fils extra fins et dot\u00e9 d&rsquo;une double couche d&rsquo;encre, ce qui le rend parfaitement adapt\u00e9 \u00e0 une utilisation dans des applications \u00e9clair\u00e9es.<\/p>\n<h3>Diff\u00e9rences entre Samba Backlit et LumiTex<\/h3>\n<p>La diff\u00e9rence entre Samba Backlit et LumiTex est principalement li\u00e9e \u00e0 la technique d&rsquo;impression. La toile \u00e0 jonc Samba est dot\u00e9e d&rsquo;une impression UV 200 % et LumiTex concerne une impression par sublimation 200 %. L&rsquo;inconv\u00e9nient d&rsquo;une impression UV est que les doubles couches d&rsquo;encre d\u00e9gagent une odeur forte (temporaire). LumiTex est en revanche inodore et infroissable.<\/p>\n<p>De plus, l&rsquo;impression sur toile LumiTex est l\u00e9g\u00e8rement plus durable par rapport au Samba Backlit. Les encres utilis\u00e9es sont en effet \u00e0 base d&rsquo;eau. Par ailleurs, LumiTex (tout comme Samba Backlit) est \u00e9galement exempt de PVC et recyclable.<\/p>\n<p>La derni\u00e8re diff\u00e9rence caract\u00e9ristique entre les deux toiles est que le Samba Backlit est dot\u00e9 d&rsquo;un rev\u00eatement. Gr\u00e2ce \u00e0 ce rev\u00eatement, le Samba Backlit peut \u00e9galement \u00eatre utilis\u00e9 \u00e0 l&rsquo;ext\u00e9rieur pour une courte dur\u00e9e. LumiTex convient exclusivement aux applications int\u00e9rieures.<\/p>\n<h3>Finition du cadre LED<\/h3>\n<p>La longueur standard du c\u00e2ble est de 2 m, mais vous avez \u00e9galement l&rsquo;option pour 3 m ou 5 m. Le raccordement du c\u00e2ble peut \u00eatre plac\u00e9 \u00e0 gauche, \u00e0 droite, en haut ou en bas pour une flexibilit\u00e9 maximale lors de l&rsquo;installation.<\/p>\n<h3>Alternatives<\/h3>\n<p>Le cadre LED sur cette page produit convient exclusivement \u00e0 une fixation murale (pour l&rsquo;int\u00e9rieur). Nous avons list\u00e9 pour vous tous les cadres LED et alternatives ci-dessous.<\/p>\n<ul>\n<li>Autoportant : le cadre Pixlip Go dot\u00e9 d&rsquo;une impression recto-verso. Gr\u00e2ce aux pieds, ce cadre peut tenir debout de mani\u00e8re autonome.<\/li>\n<li>Usage ext\u00e9rieur : Vous souhaitez utiliser le cadre LED \u00e0 l&rsquo;ext\u00e9rieur ? Choisissez alors le cadre LED Outdoor.<\/li>\n<\/ul>\n<p>&nbsp;<\/p>\n<h3>Foire aux questions<\/h3>\n<p><strong>Jusqu&rsquo;\u00e0 quel format puis-je commander le cadre LED au maximum ?<\/strong><br \/>\nVous pouvez commander des cadres LED jusqu&rsquo;\u00e0 un format maximum de 305 cm de large sur 150 cm de haut.<\/p>\n<p><strong>Avez-vous besoin d&rsquo;un format plus grand ou souhaitez-vous une autre couleur ?<\/strong><br \/>\nDemandez alors simplement un devis.<\/p>\n<p><strong>Puis-je \u00e9galement choisir une couleur de lumi\u00e8re diff\u00e9rente ?<\/strong><br \/>\nEn plus de l&rsquo;option standard (6500K), vous pouvez choisir entre 3000K et 4000K. Ces options ne sont pas disponibles par d\u00e9faut, mais peuvent \u00eatre command\u00e9es sur demande.<\/p>\n<p><strong>J&rsquo;aimerais avoir le cadre LED dans une autre couleur, est-ce possible ?<\/strong><br \/>\nLe cadre LED est disponible par d\u00e9faut en argent, blanc et noir. Toutefois, si vous souhaitez une autre couleur, vous pouvez nous communiquer le code couleur RAL de votre choix. Nous proc\u00e9derons alors au thermolaquage du profil\u00e9 dans la couleur choisie. Veuillez noter que le d\u00e9lai de livraison peut augmenter d&rsquo;environ 2 semaines \u00e0 cause de cela.<\/p>\n","protected":false},"excerpt":{"rendered":"<h3>Votre impression intens\u00e9ment \u00e9clair\u00e9e dans un cadre en aluminium \u00e9l\u00e9gant<\/h3>\n<p>Le cadre qui met magnifiquement votre impression sous les projecteurs ! Gr\u00e2ce \u00e0 la combinaison de l&rsquo;\u00e9clairage LED et de la toile \u00e0 jonc, votre design est \u00e9clair\u00e9 de mani\u00e8re intense. Composez le cadre LED enti\u00e8rement selon vos souhaits. Vous pouvez ainsi d\u00e9terminer vous-m\u00eame enti\u00e8rement le format. Mais vous choisissez \u00e9galement vous-m\u00eame la couleur du cadre en aluminium. Ce cadre LED est ouvert \u00e0 l&rsquo;arri\u00e8re et convient donc exclusivement \u00e0 une fixation murale. Lass\u00e9 de l&rsquo;impression ? Vous pouvez simplement commander une impression s\u00e9par\u00e9e et la changer. Composez ici votre cadre LED selon vos souhaits en quelques \u00e9tapes.<\/p>\n","protected":false},"featured_media":14898,"template":"","meta":{"_et_pb_use_builder":"","_et_pb_old_content":"","_et_gb_content_width":""},"product_brand":[],"product_cat":[400,387,380,428],"product_tag":[],"class_list":{"0":"post-14897","1":"product","2":"type-product","3":"status-publish","4":"has-post-thumbnail","6":"product_cat-murs-dexposition-illumines","7":"product_cat-presentation","8":"product_cat-publicite-interieure","9":"product_cat-salon-et-evenement","11":"first","12":"instock","13":"taxable","14":"shipping-taxable","15":"purchasable","16":"product-type-simple"},"yoast_head":"<!-- This site is optimized with the Yoast SEO plugin v27.3 - https:\/\/yoast.com\/product\/yoast-seo-wordpress\/ -->\n<title>Acheter un cadre LED pop-up - Pr\u00e9sentations puissantes, rapides et simples<\/title>\n<meta name=\"description\" content=\"D\u00e9couvrez le cadre LED pop-up pour une pr\u00e9sentation de marque frappante et lumineuse. Facile \u00e0 monter. Demandez un devis d\u00e8s maintenant !\" \/>\n<meta name=\"robots\" content=\"index, follow, max-snippet:-1, max-image-preview:large, max-video-preview:-1\" \/>\n<link rel=\"canonical\" href=\"https:\/\/www.amstelprinting.nl\/fr\/boutique\/salon-et-evenement\/murs-dexposition-illumines\/cadre-led\/\" \/>\n<meta property=\"og:locale\" content=\"fr_FR\" \/>\n<meta property=\"og:type\" content=\"article\" \/>\n<meta property=\"og:title\" content=\"Acheter un cadre LED pop-up - Pr\u00e9sentations puissantes, rapides et simples\" \/>\n<meta property=\"og:description\" content=\"D\u00e9couvrez le cadre LED pop-up pour une pr\u00e9sentation de marque frappante et lumineuse. Facile \u00e0 monter. Demandez un devis d\u00e8s maintenant !\" \/>\n<meta property=\"og:url\" content=\"https:\/\/www.amstelprinting.nl\/fr\/boutique\/salon-et-evenement\/murs-dexposition-illumines\/cadre-led\/\" \/>\n<meta property=\"og:site_name\" content=\"Amstel Printing\" \/>\n<meta property=\"article:modified_time\" content=\"2026-02-18T11:51:22+00:00\" \/>\n<meta property=\"og:image\" content=\"https:\/\/www.amstelprinting.nl\/wp-content\/uploads\/led-frame-bedrukken-1.png\" \/>\n\t<meta property=\"og:image:width\" content=\"900\" \/>\n\t<meta property=\"og:image:height\" content=\"900\" \/>\n\t<meta property=\"og:image:type\" content=\"image\/png\" \/>\n<meta name=\"twitter:card\" content=\"summary_large_image\" \/>\n<meta name=\"twitter:label1\" content=\"Dur\u00e9e de lecture estim\u00e9e\" \/>\n\t<meta name=\"twitter:data1\" content=\"3 minutes\" \/>\n<script type=\"application\/ld+json\" class=\"yoast-schema-graph\">{\"@context\":\"https:\\\/\\\/schema.org\",\"@graph\":[{\"@type\":\"WebPage\",\"@id\":\"https:\\\/\\\/www.amstelprinting.nl\\\/fr\\\/boutique\\\/salon-et-evenement\\\/murs-dexposition-illumines\\\/cadre-led\\\/\",\"url\":\"https:\\\/\\\/www.amstelprinting.nl\\\/fr\\\/boutique\\\/salon-et-evenement\\\/murs-dexposition-illumines\\\/cadre-led\\\/\",\"name\":\"Acheter un cadre LED pop-up - Pr\u00e9sentations puissantes, rapides et simples\",\"isPartOf\":{\"@id\":\"https:\\\/\\\/www.amstelprinting.nl\\\/fr\\\/#website\"},\"primaryImageOfPage\":{\"@id\":\"https:\\\/\\\/www.amstelprinting.nl\\\/fr\\\/boutique\\\/salon-et-evenement\\\/murs-dexposition-illumines\\\/cadre-led\\\/#primaryimage\"},\"image\":{\"@id\":\"https:\\\/\\\/www.amstelprinting.nl\\\/fr\\\/boutique\\\/salon-et-evenement\\\/murs-dexposition-illumines\\\/cadre-led\\\/#primaryimage\"},\"thumbnailUrl\":\"https:\\\/\\\/www.amstelprinting.nl\\\/wp-content\\\/uploads\\\/led-frame-bedrukken-1.png\",\"datePublished\":\"2025-01-24T10:27:50+00:00\",\"dateModified\":\"2026-02-18T11:51:22+00:00\",\"description\":\"D\u00e9couvrez le cadre LED pop-up pour une pr\u00e9sentation de marque frappante et lumineuse. Facile \u00e0 monter. Demandez un devis d\u00e8s maintenant !\",\"breadcrumb\":{\"@id\":\"https:\\\/\\\/www.amstelprinting.nl\\\/fr\\\/boutique\\\/salon-et-evenement\\\/murs-dexposition-illumines\\\/cadre-led\\\/#breadcrumb\"},\"inLanguage\":\"fr-FR\",\"potentialAction\":[{\"@type\":\"ReadAction\",\"target\":[\"https:\\\/\\\/www.amstelprinting.nl\\\/fr\\\/boutique\\\/salon-et-evenement\\\/murs-dexposition-illumines\\\/cadre-led\\\/\"]}]},{\"@type\":\"ImageObject\",\"inLanguage\":\"fr-FR\",\"@id\":\"https:\\\/\\\/www.amstelprinting.nl\\\/fr\\\/boutique\\\/salon-et-evenement\\\/murs-dexposition-illumines\\\/cadre-led\\\/#primaryimage\",\"url\":\"https:\\\/\\\/www.amstelprinting.nl\\\/wp-content\\\/uploads\\\/led-frame-bedrukken-1.png\",\"contentUrl\":\"https:\\\/\\\/www.amstelprinting.nl\\\/wp-content\\\/uploads\\\/led-frame-bedrukken-1.png\",\"width\":900,\"height\":900},{\"@type\":\"BreadcrumbList\",\"@id\":\"https:\\\/\\\/www.amstelprinting.nl\\\/fr\\\/boutique\\\/salon-et-evenement\\\/murs-dexposition-illumines\\\/cadre-led\\\/#breadcrumb\",\"itemListElement\":[{\"@type\":\"ListItem\",\"position\":1,\"name\":\"\",\"item\":\"https:\\\/\\\/www.amstelprinting.nl\\\/fr\\\/\"},{\"@type\":\"ListItem\",\"position\":2,\"name\":\"Amstel Printing\",\"item\":\"https:\\\/\\\/www.amstelprinting.nl\\\/fr\\\/boutique\\\/\"},{\"@type\":\"ListItem\",\"position\":3,\"name\":\"Publicit\u00e9 int\u00e9rieure\",\"item\":\"https:\\\/\\\/www.amstelprinting.nl\\\/fr\\\/categorie\\\/publicite-interieure\\\/\"},{\"@type\":\"ListItem\",\"position\":4,\"name\":\"Pr\u00e9sentation\",\"item\":\"https:\\\/\\\/www.amstelprinting.nl\\\/fr\\\/categorie\\\/publicite-interieure\\\/presentation\\\/\"},{\"@type\":\"ListItem\",\"position\":5,\"name\":\"Cadre LED\"}]},{\"@type\":\"WebSite\",\"@id\":\"https:\\\/\\\/www.amstelprinting.nl\\\/fr\\\/#website\",\"url\":\"https:\\\/\\\/www.amstelprinting.nl\\\/fr\\\/\",\"name\":\"Amstel Printing\",\"description\":\"Creating Exposure\",\"publisher\":{\"@id\":\"https:\\\/\\\/www.amstelprinting.nl\\\/fr\\\/#organization\"},\"potentialAction\":[{\"@type\":\"SearchAction\",\"target\":{\"@type\":\"EntryPoint\",\"urlTemplate\":\"https:\\\/\\\/www.amstelprinting.nl\\\/fr\\\/?s={search_term_string}\"},\"query-input\":{\"@type\":\"PropertyValueSpecification\",\"valueRequired\":true,\"valueName\":\"search_term_string\"}}],\"inLanguage\":\"fr-FR\"},{\"@type\":\"Organization\",\"@id\":\"https:\\\/\\\/www.amstelprinting.nl\\\/fr\\\/#organization\",\"name\":\"Amstel Printing\",\"url\":\"https:\\\/\\\/www.amstelprinting.nl\\\/fr\\\/\",\"logo\":{\"@type\":\"ImageObject\",\"inLanguage\":\"fr-FR\",\"@id\":\"https:\\\/\\\/www.amstelprinting.nl\\\/fr\\\/#\\\/schema\\\/logo\\\/image\\\/\",\"url\":\"https:\\\/\\\/www.amstelprinting.nl\\\/wp-content\\\/uploads\\\/amstel_printing_logo_clean.png\",\"contentUrl\":\"https:\\\/\\\/www.amstelprinting.nl\\\/wp-content\\\/uploads\\\/amstel_printing_logo_clean.png\",\"width\":324,\"height\":73,\"caption\":\"Amstel Printing\"},\"image\":{\"@id\":\"https:\\\/\\\/www.amstelprinting.nl\\\/fr\\\/#\\\/schema\\\/logo\\\/image\\\/\"}}]}<\/script>\n<!-- \/ Yoast SEO plugin. -->","yoast_head_json":{"title":"Acheter un cadre LED pop-up - Pr\u00e9sentations puissantes, rapides et simples","description":"D\u00e9couvrez le cadre LED pop-up pour une pr\u00e9sentation de marque frappante et lumineuse. Facile \u00e0 monter. Demandez un devis d\u00e8s maintenant !","robots":{"index":"index","follow":"follow","max-snippet":"max-snippet:-1","max-image-preview":"max-image-preview:large","max-video-preview":"max-video-preview:-1"},"canonical":"https:\/\/www.amstelprinting.nl\/fr\/boutique\/salon-et-evenement\/murs-dexposition-illumines\/cadre-led\/","og_locale":"fr_FR","og_type":"article","og_title":"Acheter un cadre LED pop-up - Pr\u00e9sentations puissantes, rapides et simples","og_description":"D\u00e9couvrez le cadre LED pop-up pour une pr\u00e9sentation de marque frappante et lumineuse. Facile \u00e0 monter. Demandez un devis d\u00e8s maintenant !","og_url":"https:\/\/www.amstelprinting.nl\/fr\/boutique\/salon-et-evenement\/murs-dexposition-illumines\/cadre-led\/","og_site_name":"Amstel Printing","article_modified_time":"2026-02-18T11:51:22+00:00","og_image":[{"width":900,"height":900,"url":"https:\/\/www.amstelprinting.nl\/wp-content\/uploads\/led-frame-bedrukken-1.png","type":"image\/png"}],"twitter_card":"summary_large_image","twitter_misc":{"Dur\u00e9e de lecture estim\u00e9e":"3 minutes"},"schema":{"@context":"https:\/\/schema.org","@graph":[{"@type":"WebPage","@id":"https:\/\/www.amstelprinting.nl\/fr\/boutique\/salon-et-evenement\/murs-dexposition-illumines\/cadre-led\/","url":"https:\/\/www.amstelprinting.nl\/fr\/boutique\/salon-et-evenement\/murs-dexposition-illumines\/cadre-led\/","name":"Acheter un cadre LED pop-up - Pr\u00e9sentations puissantes, rapides et simples","isPartOf":{"@id":"https:\/\/www.amstelprinting.nl\/fr\/#website"},"primaryImageOfPage":{"@id":"https:\/\/www.amstelprinting.nl\/fr\/boutique\/salon-et-evenement\/murs-dexposition-illumines\/cadre-led\/#primaryimage"},"image":{"@id":"https:\/\/www.amstelprinting.nl\/fr\/boutique\/salon-et-evenement\/murs-dexposition-illumines\/cadre-led\/#primaryimage"},"thumbnailUrl":"https:\/\/www.amstelprinting.nl\/wp-content\/uploads\/led-frame-bedrukken-1.png","datePublished":"2025-01-24T10:27:50+00:00","dateModified":"2026-02-18T11:51:22+00:00","description":"D\u00e9couvrez le cadre LED pop-up pour une pr\u00e9sentation de marque frappante et lumineuse. Facile \u00e0 monter. Demandez un devis d\u00e8s maintenant !","breadcrumb":{"@id":"https:\/\/www.amstelprinting.nl\/fr\/boutique\/salon-et-evenement\/murs-dexposition-illumines\/cadre-led\/#breadcrumb"},"inLanguage":"fr-FR","potentialAction":[{"@type":"ReadAction","target":["https:\/\/www.amstelprinting.nl\/fr\/boutique\/salon-et-evenement\/murs-dexposition-illumines\/cadre-led\/"]}]},{"@type":"ImageObject","inLanguage":"fr-FR","@id":"https:\/\/www.amstelprinting.nl\/fr\/boutique\/salon-et-evenement\/murs-dexposition-illumines\/cadre-led\/#primaryimage","url":"https:\/\/www.amstelprinting.nl\/wp-content\/uploads\/led-frame-bedrukken-1.png","contentUrl":"https:\/\/www.amstelprinting.nl\/wp-content\/uploads\/led-frame-bedrukken-1.png","width":900,"height":900},{"@type":"BreadcrumbList","@id":"https:\/\/www.amstelprinting.nl\/fr\/boutique\/salon-et-evenement\/murs-dexposition-illumines\/cadre-led\/#breadcrumb","itemListElement":[{"@type":"ListItem","position":1,"name":"","item":"https:\/\/www.amstelprinting.nl\/fr\/"},{"@type":"ListItem","position":2,"name":"Amstel Printing","item":"https:\/\/www.amstelprinting.nl\/fr\/boutique\/"},{"@type":"ListItem","position":3,"name":"Publicit\u00e9 int\u00e9rieure","item":"https:\/\/www.amstelprinting.nl\/fr\/categorie\/publicite-interieure\/"},{"@type":"ListItem","position":4,"name":"Pr\u00e9sentation","item":"https:\/\/www.amstelprinting.nl\/fr\/categorie\/publicite-interieure\/presentation\/"},{"@type":"ListItem","position":5,"name":"Cadre LED"}]},{"@type":"WebSite","@id":"https:\/\/www.amstelprinting.nl\/fr\/#website","url":"https:\/\/www.amstelprinting.nl\/fr\/","name":"Amstel Printing","description":"Creating Exposure","publisher":{"@id":"https:\/\/www.amstelprinting.nl\/fr\/#organization"},"potentialAction":[{"@type":"SearchAction","target":{"@type":"EntryPoint","urlTemplate":"https:\/\/www.amstelprinting.nl\/fr\/?s={search_term_string}"},"query-input":{"@type":"PropertyValueSpecification","valueRequired":true,"valueName":"search_term_string"}}],"inLanguage":"fr-FR"},{"@type":"Organization","@id":"https:\/\/www.amstelprinting.nl\/fr\/#organization","name":"Amstel Printing","url":"https:\/\/www.amstelprinting.nl\/fr\/","logo":{"@type":"ImageObject","inLanguage":"fr-FR","@id":"https:\/\/www.amstelprinting.nl\/fr\/#\/schema\/logo\/image\/","url":"https:\/\/www.amstelprinting.nl\/wp-content\/uploads\/amstel_printing_logo_clean.png","contentUrl":"https:\/\/www.amstelprinting.nl\/wp-content\/uploads\/amstel_printing_logo_clean.png","width":324,"height":73,"caption":"Amstel Printing"},"image":{"@id":"https:\/\/www.amstelprinting.nl\/fr\/#\/schema\/logo\/image\/"}}]}},"_links":{"self":[{"href":"https:\/\/www.amstelprinting.nl\/fr\/wp-json\/wp\/v2\/product\/14897","targetHints":{"allow":["GET"]}}],"collection":[{"href":"https:\/\/www.amstelprinting.nl\/fr\/wp-json\/wp\/v2\/product"}],"about":[{"href":"https:\/\/www.amstelprinting.nl\/fr\/wp-json\/wp\/v2\/types\/product"}],"wp:featuredmedia":[{"embeddable":true,"href":"https:\/\/www.amstelprinting.nl\/fr\/wp-json\/wp\/v2\/media\/14898"}],"wp:attachment":[{"href":"https:\/\/www.amstelprinting.nl\/fr\/wp-json\/wp\/v2\/media?parent=14897"}],"wp:term":[{"taxonomy":"product_brand","embeddable":true,"href":"https:\/\/www.amstelprinting.nl\/fr\/wp-json\/wp\/v2\/product_brand?post=14897"},{"taxonomy":"product_cat","embeddable":true,"href":"https:\/\/www.amstelprinting.nl\/fr\/wp-json\/wp\/v2\/product_cat?post=14897"},{"taxonomy":"product_tag","embeddable":true,"href":"https:\/\/www.amstelprinting.nl\/fr\/wp-json\/wp\/v2\/product_tag?post=14897"}],"curies":[{"name":"wp","href":"https:\/\/api.w.org\/{rel}","templated":true}]}}