{"id":14907,"date":"2025-01-24T11:27:42","date_gmt":"2025-01-24T10:27:42","guid":{"rendered":"https:\/\/www.amstelprinting.nl\/winkel\/non%20class\u00e9\/zelfklevende-poster\/"},"modified":"2026-02-18T12:51:23","modified_gmt":"2026-02-18T11:51:23","slug":"poster-autocollant","status":"publish","type":"product","link":"https:\/\/www.amstelprinting.nl\/fr\/boutique\/publicite-interieure\/publicite-murale\/poster-autocollant\/","title":{"rendered":"Poster autocollant"},"content":{"rendered":"<h3>Formats et mat\u00e9riaux<\/h3>\n<p>Que vous souhaitiez une d\u00e9coration petite et subtile ou une d\u00e9claration grande et frappante, nous proposons une gamme de formats pour r\u00e9pondre \u00e0 vos besoins sp\u00e9cifiques. Avec neuf options diff\u00e9rentes, vous trouverez toujours la taille parfaite pour votre projet. Nos posters autocollants sont fabriqu\u00e9s \u00e0 partir d&rsquo;un film DOT, un mat\u00e9riau PVC blanc mat avec une couche de colle autocollante, adapt\u00e9 \u00e0 une utilisation en int\u00e9rieur comme en ext\u00e9rieur. Gr\u00e2ce \u00e0 la couche de colle sp\u00e9ciale, vous pouvez r\u00e9utiliser les posters plusieurs fois sans que le pouvoir adh\u00e9sif ne diminue.<\/p>\n<h3>Impression UV<\/h3>\n<p>Gr\u00e2ce \u00e0 notre technique d&rsquo;impression UV avanc\u00e9e, nos posters sont dot\u00e9s de couleurs \u00e9clatantes et durables qui ne s&rsquo;estompent pas. Cette technique garantit que votre poster r\u00e9siste aux rayons UV, afin que les couleurs restent vives et nettes.<\/p>\n<h3>Accessoires<\/h3>\n<p>Nous proposons divers accessoires qui simplifient le processus de collage et garantissent que votre poster soit toujours parfaitement appliqu\u00e9. Nous avons tout ce dont vous avez besoin pour suspendre votre poster sans bulles d&rsquo;air ni plis. D\u00e9couvrez comment nos posters autocollants peuvent donner \u00e0 votre espace un aspect vibrant et attrayant !<\/p>\n<p>Pour ceux qui pr\u00e9f\u00e8rent un poster traditionnel sans couche adh\u00e9sive, nous proposons \u00e9galement des posters publicitaires. Ceux-ci sont parfaits pour les situations o\u00f9 vous avez besoin d&rsquo;une solution non permanente ou lorsque vous souhaitez placer les posters dans des cadres.<\/p>\n","protected":false},"excerpt":{"rendered":"<h3>Autocollant et facile \u00e0 retirer<\/h3>\n<p>Donnez \u00e0 votre espace une mise \u00e0 niveau rapide et \u00e9l\u00e9gante avec nos posters autocollants ! Id\u00e9aux pour diverses applications, tant \u00e0 l&rsquo;int\u00e9rieur qu&rsquo;\u00e0 l&rsquo;ext\u00e9rieur, ces posters sont con\u00e7us pour adh\u00e9rer sans effort \u00e0 n&rsquo;importe quelle surface lisse et peuvent \u00eatre r\u00e9utilis\u00e9s plusieurs fois sans perdre leur adh\u00e9rence. Rendez votre poster autocollant unique en t\u00e9l\u00e9chargeant votre propre design ou choisissez parmi une large gamme de motifs existants.<\/p>\n","protected":false},"featured_media":14908,"template":"","meta":{"_et_pb_use_builder":"","_et_pb_old_content":"","_et_gb_content_width":""},"product_brand":[],"product_cat":[639,312,380,443],"product_tag":[],"class_list":{"0":"post-14907","1":"product","2":"type-product","3":"status-publish","4":"has-post-thumbnail","6":"product_cat-affiches","7":"product_cat-autocollants-et-impression","8":"product_cat-publicite-interieure","9":"product_cat-publicite-murale","11":"first","12":"instock","13":"taxable","14":"shipping-taxable","15":"purchasable","16":"product-type-simple"},"yoast_head":"<!-- This site is optimized with the Yoast SEO plugin v27.3 - https:\/\/yoast.com\/product\/yoast-seo-wordpress\/ -->\n<title>Poster autocollant - Durable, r\u00e9utilisable &amp; r\u00e9sistant aux intemp\u00e9ries<\/title>\n<meta name=\"description\" content=\"Commandez un poster autocollant flexible avec des couleurs d&#039;impression UV \u00e9clatantes. Facile \u00e0 appliquer et \u00e0 repositionner sur des surfaces lisses,\" \/>\n<meta name=\"robots\" content=\"index, follow, max-snippet:-1, max-image-preview:large, max-video-preview:-1\" \/>\n<link rel=\"canonical\" href=\"https:\/\/www.amstelprinting.nl\/fr\/boutique\/publicite-interieure\/publicite-murale\/poster-autocollant\/\" \/>\n<meta property=\"og:locale\" content=\"fr_FR\" \/>\n<meta property=\"og:type\" content=\"article\" \/>\n<meta property=\"og:title\" content=\"Poster autocollant - Durable, r\u00e9utilisable &amp; r\u00e9sistant aux intemp\u00e9ries\" \/>\n<meta property=\"og:description\" content=\"Commandez un poster autocollant flexible avec des couleurs d&#039;impression UV \u00e9clatantes. Facile \u00e0 appliquer et \u00e0 repositionner sur des surfaces lisses,\" \/>\n<meta property=\"og:url\" content=\"https:\/\/www.amstelprinting.nl\/fr\/boutique\/publicite-interieure\/publicite-murale\/poster-autocollant\/\" \/>\n<meta property=\"og:site_name\" content=\"Amstel Printing\" \/>\n<meta property=\"article:modified_time\" content=\"2026-02-18T11:51:23+00:00\" \/>\n<meta property=\"og:image\" content=\"https:\/\/www.amstelprinting.nl\/wp-content\/uploads\/Zelfklevende-poster.jpg\" \/>\n\t<meta property=\"og:image:width\" content=\"700\" \/>\n\t<meta property=\"og:image:height\" content=\"700\" \/>\n\t<meta property=\"og:image:type\" content=\"image\/jpeg\" \/>\n<meta name=\"twitter:card\" content=\"summary_large_image\" \/>\n<meta name=\"twitter:label1\" content=\"Dur\u00e9e de lecture estim\u00e9e\" \/>\n\t<meta name=\"twitter:data1\" content=\"1 minute\" \/>\n<script type=\"application\/ld+json\" class=\"yoast-schema-graph\">{\"@context\":\"https:\\\/\\\/schema.org\",\"@graph\":[{\"@type\":\"WebPage\",\"@id\":\"https:\\\/\\\/www.amstelprinting.nl\\\/fr\\\/boutique\\\/publicite-interieure\\\/publicite-murale\\\/poster-autocollant\\\/\",\"url\":\"https:\\\/\\\/www.amstelprinting.nl\\\/fr\\\/boutique\\\/publicite-interieure\\\/publicite-murale\\\/poster-autocollant\\\/\",\"name\":\"Poster autocollant - Durable, r\u00e9utilisable & r\u00e9sistant aux intemp\u00e9ries\",\"isPartOf\":{\"@id\":\"https:\\\/\\\/www.amstelprinting.nl\\\/fr\\\/#website\"},\"primaryImageOfPage\":{\"@id\":\"https:\\\/\\\/www.amstelprinting.nl\\\/fr\\\/boutique\\\/publicite-interieure\\\/publicite-murale\\\/poster-autocollant\\\/#primaryimage\"},\"image\":{\"@id\":\"https:\\\/\\\/www.amstelprinting.nl\\\/fr\\\/boutique\\\/publicite-interieure\\\/publicite-murale\\\/poster-autocollant\\\/#primaryimage\"},\"thumbnailUrl\":\"https:\\\/\\\/www.amstelprinting.nl\\\/wp-content\\\/uploads\\\/Zelfklevende-poster.jpg\",\"datePublished\":\"2025-01-24T10:27:42+00:00\",\"dateModified\":\"2026-02-18T11:51:23+00:00\",\"description\":\"Commandez un poster autocollant flexible avec des couleurs d'impression UV \u00e9clatantes. Facile \u00e0 appliquer et \u00e0 repositionner sur des surfaces lisses,\",\"breadcrumb\":{\"@id\":\"https:\\\/\\\/www.amstelprinting.nl\\\/fr\\\/boutique\\\/publicite-interieure\\\/publicite-murale\\\/poster-autocollant\\\/#breadcrumb\"},\"inLanguage\":\"fr-FR\",\"potentialAction\":[{\"@type\":\"ReadAction\",\"target\":[\"https:\\\/\\\/www.amstelprinting.nl\\\/fr\\\/boutique\\\/publicite-interieure\\\/publicite-murale\\\/poster-autocollant\\\/\"]}]},{\"@type\":\"ImageObject\",\"inLanguage\":\"fr-FR\",\"@id\":\"https:\\\/\\\/www.amstelprinting.nl\\\/fr\\\/boutique\\\/publicite-interieure\\\/publicite-murale\\\/poster-autocollant\\\/#primaryimage\",\"url\":\"https:\\\/\\\/www.amstelprinting.nl\\\/wp-content\\\/uploads\\\/Zelfklevende-poster.jpg\",\"contentUrl\":\"https:\\\/\\\/www.amstelprinting.nl\\\/wp-content\\\/uploads\\\/Zelfklevende-poster.jpg\",\"width\":700,\"height\":700},{\"@type\":\"BreadcrumbList\",\"@id\":\"https:\\\/\\\/www.amstelprinting.nl\\\/fr\\\/boutique\\\/publicite-interieure\\\/publicite-murale\\\/poster-autocollant\\\/#breadcrumb\",\"itemListElement\":[{\"@type\":\"ListItem\",\"position\":1,\"name\":\"\",\"item\":\"https:\\\/\\\/www.amstelprinting.nl\\\/fr\\\/\"},{\"@type\":\"ListItem\",\"position\":2,\"name\":\"Amstel Printing\",\"item\":\"https:\\\/\\\/www.amstelprinting.nl\\\/fr\\\/boutique\\\/\"},{\"@type\":\"ListItem\",\"position\":3,\"name\":\"Publicit\u00e9 int\u00e9rieure\",\"item\":\"https:\\\/\\\/www.amstelprinting.nl\\\/fr\\\/categorie\\\/publicite-interieure\\\/\"},{\"@type\":\"ListItem\",\"position\":4,\"name\":\"Publicit\u00e9 murale\",\"item\":\"https:\\\/\\\/www.amstelprinting.nl\\\/fr\\\/categorie\\\/publicite-interieure\\\/publicite-murale\\\/\"},{\"@type\":\"ListItem\",\"position\":5,\"name\":\"Poster autocollant\"}]},{\"@type\":\"WebSite\",\"@id\":\"https:\\\/\\\/www.amstelprinting.nl\\\/fr\\\/#website\",\"url\":\"https:\\\/\\\/www.amstelprinting.nl\\\/fr\\\/\",\"name\":\"Amstel Printing\",\"description\":\"Creating Exposure\",\"publisher\":{\"@id\":\"https:\\\/\\\/www.amstelprinting.nl\\\/fr\\\/#organization\"},\"potentialAction\":[{\"@type\":\"SearchAction\",\"target\":{\"@type\":\"EntryPoint\",\"urlTemplate\":\"https:\\\/\\\/www.amstelprinting.nl\\\/fr\\\/?s={search_term_string}\"},\"query-input\":{\"@type\":\"PropertyValueSpecification\",\"valueRequired\":true,\"valueName\":\"search_term_string\"}}],\"inLanguage\":\"fr-FR\"},{\"@type\":\"Organization\",\"@id\":\"https:\\\/\\\/www.amstelprinting.nl\\\/fr\\\/#organization\",\"name\":\"Amstel Printing\",\"url\":\"https:\\\/\\\/www.amstelprinting.nl\\\/fr\\\/\",\"logo\":{\"@type\":\"ImageObject\",\"inLanguage\":\"fr-FR\",\"@id\":\"https:\\\/\\\/www.amstelprinting.nl\\\/fr\\\/#\\\/schema\\\/logo\\\/image\\\/\",\"url\":\"https:\\\/\\\/www.amstelprinting.nl\\\/wp-content\\\/uploads\\\/amstel_printing_logo_clean.png\",\"contentUrl\":\"https:\\\/\\\/www.amstelprinting.nl\\\/wp-content\\\/uploads\\\/amstel_printing_logo_clean.png\",\"width\":324,\"height\":73,\"caption\":\"Amstel Printing\"},\"image\":{\"@id\":\"https:\\\/\\\/www.amstelprinting.nl\\\/fr\\\/#\\\/schema\\\/logo\\\/image\\\/\"}}]}<\/script>\n<!-- \/ Yoast SEO plugin. -->","yoast_head_json":{"title":"Poster autocollant - Durable, r\u00e9utilisable & r\u00e9sistant aux intemp\u00e9ries","description":"Commandez un poster autocollant flexible avec des couleurs d'impression UV \u00e9clatantes. Facile \u00e0 appliquer et \u00e0 repositionner sur des surfaces lisses,","robots":{"index":"index","follow":"follow","max-snippet":"max-snippet:-1","max-image-preview":"max-image-preview:large","max-video-preview":"max-video-preview:-1"},"canonical":"https:\/\/www.amstelprinting.nl\/fr\/boutique\/publicite-interieure\/publicite-murale\/poster-autocollant\/","og_locale":"fr_FR","og_type":"article","og_title":"Poster autocollant - Durable, r\u00e9utilisable & r\u00e9sistant aux intemp\u00e9ries","og_description":"Commandez un poster autocollant flexible avec des couleurs d'impression UV \u00e9clatantes. Facile \u00e0 appliquer et \u00e0 repositionner sur des surfaces lisses,","og_url":"https:\/\/www.amstelprinting.nl\/fr\/boutique\/publicite-interieure\/publicite-murale\/poster-autocollant\/","og_site_name":"Amstel Printing","article_modified_time":"2026-02-18T11:51:23+00:00","og_image":[{"width":700,"height":700,"url":"https:\/\/www.amstelprinting.nl\/wp-content\/uploads\/Zelfklevende-poster.jpg","type":"image\/jpeg"}],"twitter_card":"summary_large_image","twitter_misc":{"Dur\u00e9e de lecture estim\u00e9e":"1 minute"},"schema":{"@context":"https:\/\/schema.org","@graph":[{"@type":"WebPage","@id":"https:\/\/www.amstelprinting.nl\/fr\/boutique\/publicite-interieure\/publicite-murale\/poster-autocollant\/","url":"https:\/\/www.amstelprinting.nl\/fr\/boutique\/publicite-interieure\/publicite-murale\/poster-autocollant\/","name":"Poster autocollant - Durable, r\u00e9utilisable & r\u00e9sistant aux intemp\u00e9ries","isPartOf":{"@id":"https:\/\/www.amstelprinting.nl\/fr\/#website"},"primaryImageOfPage":{"@id":"https:\/\/www.amstelprinting.nl\/fr\/boutique\/publicite-interieure\/publicite-murale\/poster-autocollant\/#primaryimage"},"image":{"@id":"https:\/\/www.amstelprinting.nl\/fr\/boutique\/publicite-interieure\/publicite-murale\/poster-autocollant\/#primaryimage"},"thumbnailUrl":"https:\/\/www.amstelprinting.nl\/wp-content\/uploads\/Zelfklevende-poster.jpg","datePublished":"2025-01-24T10:27:42+00:00","dateModified":"2026-02-18T11:51:23+00:00","description":"Commandez un poster autocollant flexible avec des couleurs d'impression UV \u00e9clatantes. Facile \u00e0 appliquer et \u00e0 repositionner sur des surfaces lisses,","breadcrumb":{"@id":"https:\/\/www.amstelprinting.nl\/fr\/boutique\/publicite-interieure\/publicite-murale\/poster-autocollant\/#breadcrumb"},"inLanguage":"fr-FR","potentialAction":[{"@type":"ReadAction","target":["https:\/\/www.amstelprinting.nl\/fr\/boutique\/publicite-interieure\/publicite-murale\/poster-autocollant\/"]}]},{"@type":"ImageObject","inLanguage":"fr-FR","@id":"https:\/\/www.amstelprinting.nl\/fr\/boutique\/publicite-interieure\/publicite-murale\/poster-autocollant\/#primaryimage","url":"https:\/\/www.amstelprinting.nl\/wp-content\/uploads\/Zelfklevende-poster.jpg","contentUrl":"https:\/\/www.amstelprinting.nl\/wp-content\/uploads\/Zelfklevende-poster.jpg","width":700,"height":700},{"@type":"BreadcrumbList","@id":"https:\/\/www.amstelprinting.nl\/fr\/boutique\/publicite-interieure\/publicite-murale\/poster-autocollant\/#breadcrumb","itemListElement":[{"@type":"ListItem","position":1,"name":"","item":"https:\/\/www.amstelprinting.nl\/fr\/"},{"@type":"ListItem","position":2,"name":"Amstel Printing","item":"https:\/\/www.amstelprinting.nl\/fr\/boutique\/"},{"@type":"ListItem","position":3,"name":"Publicit\u00e9 int\u00e9rieure","item":"https:\/\/www.amstelprinting.nl\/fr\/categorie\/publicite-interieure\/"},{"@type":"ListItem","position":4,"name":"Publicit\u00e9 murale","item":"https:\/\/www.amstelprinting.nl\/fr\/categorie\/publicite-interieure\/publicite-murale\/"},{"@type":"ListItem","position":5,"name":"Poster autocollant"}]},{"@type":"WebSite","@id":"https:\/\/www.amstelprinting.nl\/fr\/#website","url":"https:\/\/www.amstelprinting.nl\/fr\/","name":"Amstel Printing","description":"Creating Exposure","publisher":{"@id":"https:\/\/www.amstelprinting.nl\/fr\/#organization"},"potentialAction":[{"@type":"SearchAction","target":{"@type":"EntryPoint","urlTemplate":"https:\/\/www.amstelprinting.nl\/fr\/?s={search_term_string}"},"query-input":{"@type":"PropertyValueSpecification","valueRequired":true,"valueName":"search_term_string"}}],"inLanguage":"fr-FR"},{"@type":"Organization","@id":"https:\/\/www.amstelprinting.nl\/fr\/#organization","name":"Amstel Printing","url":"https:\/\/www.amstelprinting.nl\/fr\/","logo":{"@type":"ImageObject","inLanguage":"fr-FR","@id":"https:\/\/www.amstelprinting.nl\/fr\/#\/schema\/logo\/image\/","url":"https:\/\/www.amstelprinting.nl\/wp-content\/uploads\/amstel_printing_logo_clean.png","contentUrl":"https:\/\/www.amstelprinting.nl\/wp-content\/uploads\/amstel_printing_logo_clean.png","width":324,"height":73,"caption":"Amstel Printing"},"image":{"@id":"https:\/\/www.amstelprinting.nl\/fr\/#\/schema\/logo\/image\/"}}]}},"_links":{"self":[{"href":"https:\/\/www.amstelprinting.nl\/fr\/wp-json\/wp\/v2\/product\/14907","targetHints":{"allow":["GET"]}}],"collection":[{"href":"https:\/\/www.amstelprinting.nl\/fr\/wp-json\/wp\/v2\/product"}],"about":[{"href":"https:\/\/www.amstelprinting.nl\/fr\/wp-json\/wp\/v2\/types\/product"}],"wp:featuredmedia":[{"embeddable":true,"href":"https:\/\/www.amstelprinting.nl\/fr\/wp-json\/wp\/v2\/media\/14908"}],"wp:attachment":[{"href":"https:\/\/www.amstelprinting.nl\/fr\/wp-json\/wp\/v2\/media?parent=14907"}],"wp:term":[{"taxonomy":"product_brand","embeddable":true,"href":"https:\/\/www.amstelprinting.nl\/fr\/wp-json\/wp\/v2\/product_brand?post=14907"},{"taxonomy":"product_cat","embeddable":true,"href":"https:\/\/www.amstelprinting.nl\/fr\/wp-json\/wp\/v2\/product_cat?post=14907"},{"taxonomy":"product_tag","embeddable":true,"href":"https:\/\/www.amstelprinting.nl\/fr\/wp-json\/wp\/v2\/product_tag?post=14907"}],"curies":[{"name":"wp","href":"https:\/\/api.w.org\/{rel}","templated":true}]}}