{"id":14917,"date":"2025-01-24T11:27:37","date_gmt":"2025-01-24T10:27:37","guid":{"rendered":"https:\/\/www.amstelprinting.nl\/winkel\/non%20class\u00e9\/beachflag-mini\/"},"modified":"2026-02-10T13:09:54","modified_gmt":"2026-02-10T12:09:54","slug":"beachflag-mini","status":"publish","type":"product","link":"https:\/\/www.amstelprinting.nl\/fr\/boutique\/tout-les-drapeaux\/drapeaux-de-plage\/beachflag-mini\/","title":{"rendered":"Beachflag mini"},"content":{"rendered":"<h3>Mini Beachflag &#8211; Se d\u00e9marquer de mani\u00e8re subtile<\/h3>\n<p>Le Mini Beachflag (\u00e9galement appel\u00e9 drapeau de table) est la version compacte parfaite du c\u00e9l\u00e8bre et populaire beachflag. Ce mod\u00e8le de table offre un excellent moyen de pr\u00e9senter votre message lors de salons, d&rsquo;\u00e9v\u00e9nements ou dans des espaces de vente.<\/p>\n<h3>Compact et pratique<\/h3>\n<p>Avec un format de toile de 34 x 60 cm et une hauteur totale de 62 cm, ce mini beachflag est id\u00e9al pour une installation sur des bureaux, des tables ou des comptoirs. Le mod\u00e8le est bas\u00e9 sur la forme ludique Dropflag (forme de goutte).<\/p>\n<h3>Changement de design ?<\/h3>\n<p>La toile du Mini Beachflag peut \u00eatre command\u00e9e s\u00e9par\u00e9ment, ce qui vous permet de changer facilement de nouvelles mini toiles ou d&rsquo;en commander des exemplaires suppl\u00e9mentaires pour diff\u00e9rentes campagnes. Le mat\u00e9riau est de haute qualit\u00e9, adapt\u00e9 \u00e0 un usage r\u00e9p\u00e9t\u00e9.<\/p>\n<h3>Support stable et robuste<\/h3>\n<p>Le Mini Beachflag est livr\u00e9 avec un support solide muni d&rsquo;un pied lest\u00e9.<\/p>\n<h3>Mini beachflag : Petit, \u00e9conomique mais efficace !<\/h3>\n<p>La version miniature du c\u00e9l\u00e8bre beachflag est un moyen \u00e9conomique d&rsquo;attirer l&rsquo;attention de vos clients de mani\u00e8re frappante. Id\u00e9al pour une utilisation dans des espaces restreints. Avec le Mini Beachflag, vous apportez l&rsquo;impact d&rsquo;un beachflag de taille r\u00e9elle \u00e0 un format compact et \u00e9conomique !<\/p>\n","protected":false},"excerpt":{"rendered":"<h3>Mini Beachflag &#8211; Se d\u00e9marquer de mani\u00e8re subtile<\/h3>\n<p>Le Mini Beachflag (\u00e9galement appel\u00e9 drapeau de table) est la version compacte parfaite du c\u00e9l\u00e8bre et populaire beachflag. Ce mod\u00e8le de table offre un excellent moyen de pr\u00e9senter votre message lors de salons, d&rsquo;\u00e9v\u00e9nements ou dans des espaces de vente.<\/p>\n","protected":false},"featured_media":14918,"template":"","meta":{"_et_pb_use_builder":"","_et_pb_old_content":"","_et_gb_content_width":""},"product_brand":[],"product_cat":[424,890,872,878,428],"product_tag":[],"class_list":{"0":"post-14917","1":"product","2":"type-product","3":"status-publish","4":"has-post-thumbnail","6":"product_cat-decoration","7":"product_cat-drapeaux","8":"product_cat-tout-les-drapeaux","9":"product_cat-drapeaux-de-plage","10":"product_cat-salon-et-evenement","12":"first","13":"instock","14":"taxable","15":"shipping-taxable","16":"purchasable","17":"product-type-simple"},"yoast_head":"<!-- This site is optimized with the Yoast SEO plugin v27.3 - https:\/\/yoast.com\/product\/yoast-seo-wordpress\/ -->\n<title>Beachflag Mini drapeau de table - Promotion compacte et accrocheuse<\/title>\n<meta name=\"description\" content=\"Commandez le Mini Beachflag pour une visibilit\u00e9 maximale sur les tables et les comptoirs. Compact et stable avec des toiles interchangeables. Id\u00e9al pour les \u00e9v\u00e9nements et les salons.\" \/>\n<meta name=\"robots\" content=\"index, follow, max-snippet:-1, max-image-preview:large, max-video-preview:-1\" \/>\n<link rel=\"canonical\" href=\"https:\/\/www.amstelprinting.nl\/fr\/boutique\/tout-les-drapeaux\/drapeaux-de-plage\/beachflag-mini\/\" \/>\n<meta property=\"og:locale\" content=\"fr_FR\" \/>\n<meta property=\"og:type\" content=\"article\" \/>\n<meta property=\"og:title\" content=\"Beachflag Mini drapeau de table - Promotion compacte et accrocheuse\" \/>\n<meta property=\"og:description\" content=\"Commandez le Mini Beachflag pour une visibilit\u00e9 maximale sur les tables et les comptoirs. Compact et stable avec des toiles interchangeables. Id\u00e9al pour les \u00e9v\u00e9nements et les salons.\" \/>\n<meta property=\"og:url\" content=\"https:\/\/www.amstelprinting.nl\/fr\/boutique\/tout-les-drapeaux\/drapeaux-de-plage\/beachflag-mini\/\" \/>\n<meta property=\"og:site_name\" content=\"Amstel Printing\" \/>\n<meta property=\"article:modified_time\" content=\"2026-02-10T12:09:54+00:00\" \/>\n<meta property=\"og:image\" content=\"https:\/\/www.amstelprinting.nl\/wp-content\/uploads\/minibeachflag-bedrukken.png\" \/>\n\t<meta property=\"og:image:width\" content=\"900\" \/>\n\t<meta property=\"og:image:height\" content=\"900\" \/>\n\t<meta property=\"og:image:type\" content=\"image\/png\" \/>\n<meta name=\"twitter:card\" content=\"summary_large_image\" \/>\n<meta name=\"twitter:label1\" content=\"Dur\u00e9e de lecture estim\u00e9e\" \/>\n\t<meta name=\"twitter:data1\" content=\"1 minute\" \/>\n<script type=\"application\/ld+json\" class=\"yoast-schema-graph\">{\"@context\":\"https:\\\/\\\/schema.org\",\"@graph\":[{\"@type\":\"WebPage\",\"@id\":\"https:\\\/\\\/www.amstelprinting.nl\\\/fr\\\/boutique\\\/tout-les-drapeaux\\\/drapeaux-de-plage\\\/beachflag-mini\\\/\",\"url\":\"https:\\\/\\\/www.amstelprinting.nl\\\/fr\\\/boutique\\\/tout-les-drapeaux\\\/drapeaux-de-plage\\\/beachflag-mini\\\/\",\"name\":\"Beachflag Mini drapeau de table - Promotion compacte et accrocheuse\",\"isPartOf\":{\"@id\":\"https:\\\/\\\/www.amstelprinting.nl\\\/fr\\\/#website\"},\"primaryImageOfPage\":{\"@id\":\"https:\\\/\\\/www.amstelprinting.nl\\\/fr\\\/boutique\\\/tout-les-drapeaux\\\/drapeaux-de-plage\\\/beachflag-mini\\\/#primaryimage\"},\"image\":{\"@id\":\"https:\\\/\\\/www.amstelprinting.nl\\\/fr\\\/boutique\\\/tout-les-drapeaux\\\/drapeaux-de-plage\\\/beachflag-mini\\\/#primaryimage\"},\"thumbnailUrl\":\"https:\\\/\\\/www.amstelprinting.nl\\\/wp-content\\\/uploads\\\/minibeachflag-bedrukken.png\",\"datePublished\":\"2025-01-24T10:27:37+00:00\",\"dateModified\":\"2026-02-10T12:09:54+00:00\",\"description\":\"Commandez le Mini Beachflag pour une visibilit\u00e9 maximale sur les tables et les comptoirs. Compact et stable avec des toiles interchangeables. Id\u00e9al pour les \u00e9v\u00e9nements et les salons.\",\"breadcrumb\":{\"@id\":\"https:\\\/\\\/www.amstelprinting.nl\\\/fr\\\/boutique\\\/tout-les-drapeaux\\\/drapeaux-de-plage\\\/beachflag-mini\\\/#breadcrumb\"},\"inLanguage\":\"fr-FR\",\"potentialAction\":[{\"@type\":\"ReadAction\",\"target\":[\"https:\\\/\\\/www.amstelprinting.nl\\\/fr\\\/boutique\\\/tout-les-drapeaux\\\/drapeaux-de-plage\\\/beachflag-mini\\\/\"]}]},{\"@type\":\"ImageObject\",\"inLanguage\":\"fr-FR\",\"@id\":\"https:\\\/\\\/www.amstelprinting.nl\\\/fr\\\/boutique\\\/tout-les-drapeaux\\\/drapeaux-de-plage\\\/beachflag-mini\\\/#primaryimage\",\"url\":\"https:\\\/\\\/www.amstelprinting.nl\\\/wp-content\\\/uploads\\\/minibeachflag-bedrukken.png\",\"contentUrl\":\"https:\\\/\\\/www.amstelprinting.nl\\\/wp-content\\\/uploads\\\/minibeachflag-bedrukken.png\",\"width\":900,\"height\":900},{\"@type\":\"BreadcrumbList\",\"@id\":\"https:\\\/\\\/www.amstelprinting.nl\\\/fr\\\/boutique\\\/tout-les-drapeaux\\\/drapeaux-de-plage\\\/beachflag-mini\\\/#breadcrumb\",\"itemListElement\":[{\"@type\":\"ListItem\",\"position\":1,\"name\":\"\",\"item\":\"https:\\\/\\\/www.amstelprinting.nl\\\/fr\\\/\"},{\"@type\":\"ListItem\",\"position\":2,\"name\":\"Amstel Printing\",\"item\":\"https:\\\/\\\/www.amstelprinting.nl\\\/fr\\\/boutique\\\/\"},{\"@type\":\"ListItem\",\"position\":3,\"name\":\"Salon et \u00e9v\u00e9nement\",\"item\":\"https:\\\/\\\/www.amstelprinting.nl\\\/fr\\\/categorie\\\/salon-et-evenement\\\/\"},{\"@type\":\"ListItem\",\"position\":4,\"name\":\"D\u00e9coration\",\"item\":\"https:\\\/\\\/www.amstelprinting.nl\\\/fr\\\/categorie\\\/salon-et-evenement\\\/decoration\\\/\"},{\"@type\":\"ListItem\",\"position\":5,\"name\":\"Beachflag mini\"}]},{\"@type\":\"WebSite\",\"@id\":\"https:\\\/\\\/www.amstelprinting.nl\\\/fr\\\/#website\",\"url\":\"https:\\\/\\\/www.amstelprinting.nl\\\/fr\\\/\",\"name\":\"Amstel Printing\",\"description\":\"Creating Exposure\",\"publisher\":{\"@id\":\"https:\\\/\\\/www.amstelprinting.nl\\\/fr\\\/#organization\"},\"potentialAction\":[{\"@type\":\"SearchAction\",\"target\":{\"@type\":\"EntryPoint\",\"urlTemplate\":\"https:\\\/\\\/www.amstelprinting.nl\\\/fr\\\/?s={search_term_string}\"},\"query-input\":{\"@type\":\"PropertyValueSpecification\",\"valueRequired\":true,\"valueName\":\"search_term_string\"}}],\"inLanguage\":\"fr-FR\"},{\"@type\":\"Organization\",\"@id\":\"https:\\\/\\\/www.amstelprinting.nl\\\/fr\\\/#organization\",\"name\":\"Amstel Printing\",\"url\":\"https:\\\/\\\/www.amstelprinting.nl\\\/fr\\\/\",\"logo\":{\"@type\":\"ImageObject\",\"inLanguage\":\"fr-FR\",\"@id\":\"https:\\\/\\\/www.amstelprinting.nl\\\/fr\\\/#\\\/schema\\\/logo\\\/image\\\/\",\"url\":\"https:\\\/\\\/www.amstelprinting.nl\\\/wp-content\\\/uploads\\\/amstel_printing_logo_clean.png\",\"contentUrl\":\"https:\\\/\\\/www.amstelprinting.nl\\\/wp-content\\\/uploads\\\/amstel_printing_logo_clean.png\",\"width\":324,\"height\":73,\"caption\":\"Amstel Printing\"},\"image\":{\"@id\":\"https:\\\/\\\/www.amstelprinting.nl\\\/fr\\\/#\\\/schema\\\/logo\\\/image\\\/\"}}]}<\/script>\n<!-- \/ Yoast SEO plugin. -->","yoast_head_json":{"title":"Beachflag Mini drapeau de table - Promotion compacte et accrocheuse","description":"Commandez le Mini Beachflag pour une visibilit\u00e9 maximale sur les tables et les comptoirs. Compact et stable avec des toiles interchangeables. Id\u00e9al pour les \u00e9v\u00e9nements et les salons.","robots":{"index":"index","follow":"follow","max-snippet":"max-snippet:-1","max-image-preview":"max-image-preview:large","max-video-preview":"max-video-preview:-1"},"canonical":"https:\/\/www.amstelprinting.nl\/fr\/boutique\/tout-les-drapeaux\/drapeaux-de-plage\/beachflag-mini\/","og_locale":"fr_FR","og_type":"article","og_title":"Beachflag Mini drapeau de table - Promotion compacte et accrocheuse","og_description":"Commandez le Mini Beachflag pour une visibilit\u00e9 maximale sur les tables et les comptoirs. Compact et stable avec des toiles interchangeables. Id\u00e9al pour les \u00e9v\u00e9nements et les salons.","og_url":"https:\/\/www.amstelprinting.nl\/fr\/boutique\/tout-les-drapeaux\/drapeaux-de-plage\/beachflag-mini\/","og_site_name":"Amstel Printing","article_modified_time":"2026-02-10T12:09:54+00:00","og_image":[{"width":900,"height":900,"url":"https:\/\/www.amstelprinting.nl\/wp-content\/uploads\/minibeachflag-bedrukken.png","type":"image\/png"}],"twitter_card":"summary_large_image","twitter_misc":{"Dur\u00e9e de lecture estim\u00e9e":"1 minute"},"schema":{"@context":"https:\/\/schema.org","@graph":[{"@type":"WebPage","@id":"https:\/\/www.amstelprinting.nl\/fr\/boutique\/tout-les-drapeaux\/drapeaux-de-plage\/beachflag-mini\/","url":"https:\/\/www.amstelprinting.nl\/fr\/boutique\/tout-les-drapeaux\/drapeaux-de-plage\/beachflag-mini\/","name":"Beachflag Mini drapeau de table - Promotion compacte et accrocheuse","isPartOf":{"@id":"https:\/\/www.amstelprinting.nl\/fr\/#website"},"primaryImageOfPage":{"@id":"https:\/\/www.amstelprinting.nl\/fr\/boutique\/tout-les-drapeaux\/drapeaux-de-plage\/beachflag-mini\/#primaryimage"},"image":{"@id":"https:\/\/www.amstelprinting.nl\/fr\/boutique\/tout-les-drapeaux\/drapeaux-de-plage\/beachflag-mini\/#primaryimage"},"thumbnailUrl":"https:\/\/www.amstelprinting.nl\/wp-content\/uploads\/minibeachflag-bedrukken.png","datePublished":"2025-01-24T10:27:37+00:00","dateModified":"2026-02-10T12:09:54+00:00","description":"Commandez le Mini Beachflag pour une visibilit\u00e9 maximale sur les tables et les comptoirs. Compact et stable avec des toiles interchangeables. Id\u00e9al pour les \u00e9v\u00e9nements et les salons.","breadcrumb":{"@id":"https:\/\/www.amstelprinting.nl\/fr\/boutique\/tout-les-drapeaux\/drapeaux-de-plage\/beachflag-mini\/#breadcrumb"},"inLanguage":"fr-FR","potentialAction":[{"@type":"ReadAction","target":["https:\/\/www.amstelprinting.nl\/fr\/boutique\/tout-les-drapeaux\/drapeaux-de-plage\/beachflag-mini\/"]}]},{"@type":"ImageObject","inLanguage":"fr-FR","@id":"https:\/\/www.amstelprinting.nl\/fr\/boutique\/tout-les-drapeaux\/drapeaux-de-plage\/beachflag-mini\/#primaryimage","url":"https:\/\/www.amstelprinting.nl\/wp-content\/uploads\/minibeachflag-bedrukken.png","contentUrl":"https:\/\/www.amstelprinting.nl\/wp-content\/uploads\/minibeachflag-bedrukken.png","width":900,"height":900},{"@type":"BreadcrumbList","@id":"https:\/\/www.amstelprinting.nl\/fr\/boutique\/tout-les-drapeaux\/drapeaux-de-plage\/beachflag-mini\/#breadcrumb","itemListElement":[{"@type":"ListItem","position":1,"name":"","item":"https:\/\/www.amstelprinting.nl\/fr\/"},{"@type":"ListItem","position":2,"name":"Amstel Printing","item":"https:\/\/www.amstelprinting.nl\/fr\/boutique\/"},{"@type":"ListItem","position":3,"name":"Salon et \u00e9v\u00e9nement","item":"https:\/\/www.amstelprinting.nl\/fr\/categorie\/salon-et-evenement\/"},{"@type":"ListItem","position":4,"name":"D\u00e9coration","item":"https:\/\/www.amstelprinting.nl\/fr\/categorie\/salon-et-evenement\/decoration\/"},{"@type":"ListItem","position":5,"name":"Beachflag mini"}]},{"@type":"WebSite","@id":"https:\/\/www.amstelprinting.nl\/fr\/#website","url":"https:\/\/www.amstelprinting.nl\/fr\/","name":"Amstel Printing","description":"Creating Exposure","publisher":{"@id":"https:\/\/www.amstelprinting.nl\/fr\/#organization"},"potentialAction":[{"@type":"SearchAction","target":{"@type":"EntryPoint","urlTemplate":"https:\/\/www.amstelprinting.nl\/fr\/?s={search_term_string}"},"query-input":{"@type":"PropertyValueSpecification","valueRequired":true,"valueName":"search_term_string"}}],"inLanguage":"fr-FR"},{"@type":"Organization","@id":"https:\/\/www.amstelprinting.nl\/fr\/#organization","name":"Amstel Printing","url":"https:\/\/www.amstelprinting.nl\/fr\/","logo":{"@type":"ImageObject","inLanguage":"fr-FR","@id":"https:\/\/www.amstelprinting.nl\/fr\/#\/schema\/logo\/image\/","url":"https:\/\/www.amstelprinting.nl\/wp-content\/uploads\/amstel_printing_logo_clean.png","contentUrl":"https:\/\/www.amstelprinting.nl\/wp-content\/uploads\/amstel_printing_logo_clean.png","width":324,"height":73,"caption":"Amstel Printing"},"image":{"@id":"https:\/\/www.amstelprinting.nl\/fr\/#\/schema\/logo\/image\/"}}]}},"_links":{"self":[{"href":"https:\/\/www.amstelprinting.nl\/fr\/wp-json\/wp\/v2\/product\/14917","targetHints":{"allow":["GET"]}}],"collection":[{"href":"https:\/\/www.amstelprinting.nl\/fr\/wp-json\/wp\/v2\/product"}],"about":[{"href":"https:\/\/www.amstelprinting.nl\/fr\/wp-json\/wp\/v2\/types\/product"}],"wp:featuredmedia":[{"embeddable":true,"href":"https:\/\/www.amstelprinting.nl\/fr\/wp-json\/wp\/v2\/media\/14918"}],"wp:attachment":[{"href":"https:\/\/www.amstelprinting.nl\/fr\/wp-json\/wp\/v2\/media?parent=14917"}],"wp:term":[{"taxonomy":"product_brand","embeddable":true,"href":"https:\/\/www.amstelprinting.nl\/fr\/wp-json\/wp\/v2\/product_brand?post=14917"},{"taxonomy":"product_cat","embeddable":true,"href":"https:\/\/www.amstelprinting.nl\/fr\/wp-json\/wp\/v2\/product_cat?post=14917"},{"taxonomy":"product_tag","embeddable":true,"href":"https:\/\/www.amstelprinting.nl\/fr\/wp-json\/wp\/v2\/product_tag?post=14917"}],"curies":[{"name":"wp","href":"https:\/\/api.w.org\/{rel}","templated":true}]}}