{"id":14937,"date":"2025-01-24T11:27:27","date_gmt":"2025-01-24T10:27:27","guid":{"rendered":"https:\/\/www.amstelprinting.nl\/winkel\/non%20class\u00e9\/pop-up-led-frame\/"},"modified":"2026-02-18T12:51:24","modified_gmt":"2026-02-18T11:51:24","slug":"cadre-led-pop-up","status":"publish","type":"product","link":"https:\/\/www.amstelprinting.nl\/fr\/boutique\/salon-et-evenement\/murs-dexposition-illumines\/cadre-led-pop-up\/","title":{"rendered":"Cadre LED pop-up"},"content":{"rendered":"<h3>Commander un cadre LED pop-up<\/h3>\n<p>Voulez-vous \u00e9lever votre pr\u00e9sentation \u00e0 un niveau sup\u00e9rieur ? Ce cadre LED pop-up avanc\u00e9 en aluminium offre non seulement une base solide, mais aussi une solution d&rsquo;\u00e9clairage impressionnante pour transmettre votre message. Parfait pour tout cadre professionnel o\u00f9 l&rsquo;impact et l&rsquo;attrait visuel sont essentiels.<\/p>\n<h3>Formats et mat\u00e9riaux<\/h3>\n<p>Ce cadre en aluminium argent\u00e9 propose des formats de 85 x 200 cm ou 100 x 200 cm, avec une \u00e9paisseur impressionnante de 60 mm pour une stabilit\u00e9 maximale. \u00c9quip\u00e9 de deux pieds robustes, ce cadre simple face se tient debout sans effort \u00e0 n&rsquo;importe quel endroit souhait\u00e9.<\/p>\n<p>Vous avez le choix entre deux mat\u00e9riaux de haute qualit\u00e9 pour la toile de votre cadre LED :<\/p>\n<ul>\n<li><strong>Samba Backlit<\/strong> : Cette toile de polyester est connue pour ses couleurs intenses et sa clart\u00e9. Elle est sp\u00e9cialement con\u00e7ue pour briller dans les cadres \u00e9clair\u00e9s, garantissant que votre message soit toujours clair et vif. Certificat B1 inclus pour votre s\u00e9curit\u00e9 incendie<\/li>\n<li><strong>LumiTex<\/strong> : Polyester inodore et sans plis avec des fils extra fins et une double couche d&rsquo;encre. LumiTex offre une luminosit\u00e9 exceptionnelle et est parfait pour une utilisation dans des applications \u00e9clair\u00e9es, rendant vos visuels toujours professionnels et nets.<\/li>\n<\/ul>\n<p>&nbsp;<\/p>\n<h3>Diff\u00e9rences entre Samba Backlit et LumiTex<\/h3>\n<p>La diff\u00e9rence entre Samba Backlit et LumiTex est principalement li\u00e9e \u00e0 la technique d&rsquo;impression. La toile \u00e0 jonc Samba est dot\u00e9e d&rsquo;une impression UV \u00e0 200 % et LumiTex concerne une impression par sublimation \u00e0 200 %. L&rsquo;inconv\u00e9nient d&rsquo;une impression UV est que les doubles couches d&rsquo;encre d\u00e9gagent une odeur forte (temporaire). LumiTex est, en revanche, inodore et sans plis.<br \/>\nDe plus, l&rsquo;impression sur toile LumiTex est l\u00e9g\u00e8rement plus durable par rapport \u00e0 Samba Backlit. Les encres utilis\u00e9es sont en effet \u00e0 base d&rsquo;eau. En outre, LumiTex (tout comme Samba Backlit) est \u00e9galement sans PVC et recyclable.<\/p>\n<p>La derni\u00e8re diff\u00e9rence caract\u00e9ristique entre les deux toiles est que Samba Backlit est dot\u00e9 d&rsquo;un rev\u00eatement. Gr\u00e2ce \u00e0 ce rev\u00eatement, Samba Backlit peut \u00e9galement \u00eatre utilis\u00e9 \u00e0 l&rsquo;ext\u00e9rieur pour de courtes p\u00e9riodes. LumiTex convient exclusivement aux applications int\u00e9rieures.<\/p>\n<h3>Accessoires inclus<\/h3>\n<p>Chaque d\u00e9tail a \u00e9t\u00e9 soigneusement con\u00e7u pour optimiser votre exp\u00e9rience. Le sac inclus facilite le transport et le stockage, tandis que les gants et l&rsquo;outil e-lock assurent s\u00e9curit\u00e9 et efficacit\u00e9 lors du montage de votre cadre LED pop-up.<\/p>\n<p>Transformez votre message avec des visuels clairs et \u00e9clatants et faites une impression durable sur votre public. Choisissez le cadre LED pop-up et laissez briller votre pr\u00e9sentation gr\u00e2ce \u00e0 la technologie moderne.<\/p>\n","protected":false},"excerpt":{"rendered":"<h3>Votre impression \u00e9clair\u00e9e de mani\u00e8re intense<\/h3>\n<p>Le cadre autoportant qui met votre impression sous les projecteurs ! Ce syst\u00e8me est tr\u00e8s l\u00e9ger et donc facile \u00e0 transporter. L&rsquo;\u00e9clairage LED assure un \u00e9clairage intense de votre impression. Envie de changement ? Vous pouvez facilement commander une nouvelle impression s\u00e9par\u00e9e et la remplacer vous-m\u00eame. Configurez votre cadre LED pop-up en quelques \u00e9tapes ci-dessous. Attention ! \u00c9quip\u00e9 d&rsquo;une impression <strong>recto<\/strong>. Commandez la Pop-up Ledbox avec impression <strong>recto-verso<\/strong> <a href=\"https:\/\/www.amstelprinting.nl\/fr\/boutique\/salon-et-evenement\/murs-dexposition-illumines\/cadre-pixlip-go\/?lang=fr\">ici<\/a>.<\/p>\n","protected":false},"featured_media":14938,"template":"","meta":{"_et_pb_use_builder":"","_et_pb_old_content":"","_et_gb_content_width":""},"product_brand":[],"product_cat":[400,387,380,428],"product_tag":[],"class_list":{"0":"post-14937","1":"product","2":"type-product","3":"status-publish","4":"has-post-thumbnail","6":"product_cat-murs-dexposition-illumines","7":"product_cat-presentation","8":"product_cat-publicite-interieure","9":"product_cat-salon-et-evenement","11":"first","12":"instock","13":"taxable","14":"shipping-taxable","15":"purchasable","16":"product-type-simple"},"yoast_head":"<!-- This site is optimized with the Yoast SEO plugin v27.3 - https:\/\/yoast.com\/product\/yoast-seo-wordpress\/ -->\n<title>Commander un cadre LED pop-up - Pr\u00e9sentoir avec \u00e9clairage puissant<\/title>\n<meta name=\"description\" content=\"Transformez votre pr\u00e9sentation avec un cadre LED pop-up ultra-l\u00e9ger. \u00c9clairage LED intensif, impressions facilement interchangeables, sac de transport et accessoires inclus.\" \/>\n<meta name=\"robots\" content=\"index, follow, max-snippet:-1, max-image-preview:large, max-video-preview:-1\" \/>\n<link rel=\"canonical\" href=\"https:\/\/www.amstelprinting.nl\/fr\/boutique\/salon-et-evenement\/murs-dexposition-illumines\/cadre-led-pop-up\/\" \/>\n<meta property=\"og:locale\" content=\"fr_FR\" \/>\n<meta property=\"og:type\" content=\"article\" \/>\n<meta property=\"og:title\" content=\"Commander un cadre LED pop-up - Pr\u00e9sentoir avec \u00e9clairage puissant\" \/>\n<meta property=\"og:description\" content=\"Transformez votre pr\u00e9sentation avec un cadre LED pop-up ultra-l\u00e9ger. \u00c9clairage LED intensif, impressions facilement interchangeables, sac de transport et accessoires inclus.\" \/>\n<meta property=\"og:url\" content=\"https:\/\/www.amstelprinting.nl\/fr\/boutique\/salon-et-evenement\/murs-dexposition-illumines\/cadre-led-pop-up\/\" \/>\n<meta property=\"og:site_name\" content=\"Amstel Printing\" \/>\n<meta property=\"article:modified_time\" content=\"2026-02-18T11:51:24+00:00\" \/>\n<meta property=\"og:image\" content=\"https:\/\/www.amstelprinting.nl\/wp-content\/uploads\/pop-up-led-frame-bedrukken.png\" \/>\n\t<meta property=\"og:image:width\" content=\"900\" \/>\n\t<meta property=\"og:image:height\" content=\"900\" \/>\n\t<meta property=\"og:image:type\" content=\"image\/png\" \/>\n<meta name=\"twitter:card\" content=\"summary_large_image\" \/>\n<meta name=\"twitter:label1\" content=\"Dur\u00e9e de lecture estim\u00e9e\" \/>\n\t<meta name=\"twitter:data1\" content=\"2 minutes\" \/>\n<script type=\"application\/ld+json\" class=\"yoast-schema-graph\">{\"@context\":\"https:\\\/\\\/schema.org\",\"@graph\":[{\"@type\":\"WebPage\",\"@id\":\"https:\\\/\\\/www.amstelprinting.nl\\\/fr\\\/boutique\\\/salon-et-evenement\\\/murs-dexposition-illumines\\\/cadre-led-pop-up\\\/\",\"url\":\"https:\\\/\\\/www.amstelprinting.nl\\\/fr\\\/boutique\\\/salon-et-evenement\\\/murs-dexposition-illumines\\\/cadre-led-pop-up\\\/\",\"name\":\"Commander un cadre LED pop-up - Pr\u00e9sentoir avec \u00e9clairage puissant\",\"isPartOf\":{\"@id\":\"https:\\\/\\\/www.amstelprinting.nl\\\/fr\\\/#website\"},\"primaryImageOfPage\":{\"@id\":\"https:\\\/\\\/www.amstelprinting.nl\\\/fr\\\/boutique\\\/salon-et-evenement\\\/murs-dexposition-illumines\\\/cadre-led-pop-up\\\/#primaryimage\"},\"image\":{\"@id\":\"https:\\\/\\\/www.amstelprinting.nl\\\/fr\\\/boutique\\\/salon-et-evenement\\\/murs-dexposition-illumines\\\/cadre-led-pop-up\\\/#primaryimage\"},\"thumbnailUrl\":\"https:\\\/\\\/www.amstelprinting.nl\\\/wp-content\\\/uploads\\\/pop-up-led-frame-bedrukken.png\",\"datePublished\":\"2025-01-24T10:27:27+00:00\",\"dateModified\":\"2026-02-18T11:51:24+00:00\",\"description\":\"Transformez votre pr\u00e9sentation avec un cadre LED pop-up ultra-l\u00e9ger. \u00c9clairage LED intensif, impressions facilement interchangeables, sac de transport et accessoires inclus.\",\"breadcrumb\":{\"@id\":\"https:\\\/\\\/www.amstelprinting.nl\\\/fr\\\/boutique\\\/salon-et-evenement\\\/murs-dexposition-illumines\\\/cadre-led-pop-up\\\/#breadcrumb\"},\"inLanguage\":\"fr-FR\",\"potentialAction\":[{\"@type\":\"ReadAction\",\"target\":[\"https:\\\/\\\/www.amstelprinting.nl\\\/fr\\\/boutique\\\/salon-et-evenement\\\/murs-dexposition-illumines\\\/cadre-led-pop-up\\\/\"]}]},{\"@type\":\"ImageObject\",\"inLanguage\":\"fr-FR\",\"@id\":\"https:\\\/\\\/www.amstelprinting.nl\\\/fr\\\/boutique\\\/salon-et-evenement\\\/murs-dexposition-illumines\\\/cadre-led-pop-up\\\/#primaryimage\",\"url\":\"https:\\\/\\\/www.amstelprinting.nl\\\/wp-content\\\/uploads\\\/pop-up-led-frame-bedrukken.png\",\"contentUrl\":\"https:\\\/\\\/www.amstelprinting.nl\\\/wp-content\\\/uploads\\\/pop-up-led-frame-bedrukken.png\",\"width\":900,\"height\":900},{\"@type\":\"BreadcrumbList\",\"@id\":\"https:\\\/\\\/www.amstelprinting.nl\\\/fr\\\/boutique\\\/salon-et-evenement\\\/murs-dexposition-illumines\\\/cadre-led-pop-up\\\/#breadcrumb\",\"itemListElement\":[{\"@type\":\"ListItem\",\"position\":1,\"name\":\"\",\"item\":\"https:\\\/\\\/www.amstelprinting.nl\\\/fr\\\/\"},{\"@type\":\"ListItem\",\"position\":2,\"name\":\"Amstel Printing\",\"item\":\"https:\\\/\\\/www.amstelprinting.nl\\\/fr\\\/boutique\\\/\"},{\"@type\":\"ListItem\",\"position\":3,\"name\":\"Publicit\u00e9 int\u00e9rieure\",\"item\":\"https:\\\/\\\/www.amstelprinting.nl\\\/fr\\\/categorie\\\/publicite-interieure\\\/\"},{\"@type\":\"ListItem\",\"position\":4,\"name\":\"Pr\u00e9sentation\",\"item\":\"https:\\\/\\\/www.amstelprinting.nl\\\/fr\\\/categorie\\\/publicite-interieure\\\/presentation\\\/\"},{\"@type\":\"ListItem\",\"position\":5,\"name\":\"Cadre LED pop-up\"}]},{\"@type\":\"WebSite\",\"@id\":\"https:\\\/\\\/www.amstelprinting.nl\\\/fr\\\/#website\",\"url\":\"https:\\\/\\\/www.amstelprinting.nl\\\/fr\\\/\",\"name\":\"Amstel Printing\",\"description\":\"Creating Exposure\",\"publisher\":{\"@id\":\"https:\\\/\\\/www.amstelprinting.nl\\\/fr\\\/#organization\"},\"potentialAction\":[{\"@type\":\"SearchAction\",\"target\":{\"@type\":\"EntryPoint\",\"urlTemplate\":\"https:\\\/\\\/www.amstelprinting.nl\\\/fr\\\/?s={search_term_string}\"},\"query-input\":{\"@type\":\"PropertyValueSpecification\",\"valueRequired\":true,\"valueName\":\"search_term_string\"}}],\"inLanguage\":\"fr-FR\"},{\"@type\":\"Organization\",\"@id\":\"https:\\\/\\\/www.amstelprinting.nl\\\/fr\\\/#organization\",\"name\":\"Amstel Printing\",\"url\":\"https:\\\/\\\/www.amstelprinting.nl\\\/fr\\\/\",\"logo\":{\"@type\":\"ImageObject\",\"inLanguage\":\"fr-FR\",\"@id\":\"https:\\\/\\\/www.amstelprinting.nl\\\/fr\\\/#\\\/schema\\\/logo\\\/image\\\/\",\"url\":\"https:\\\/\\\/www.amstelprinting.nl\\\/wp-content\\\/uploads\\\/amstel_printing_logo_clean.png\",\"contentUrl\":\"https:\\\/\\\/www.amstelprinting.nl\\\/wp-content\\\/uploads\\\/amstel_printing_logo_clean.png\",\"width\":324,\"height\":73,\"caption\":\"Amstel Printing\"},\"image\":{\"@id\":\"https:\\\/\\\/www.amstelprinting.nl\\\/fr\\\/#\\\/schema\\\/logo\\\/image\\\/\"}}]}<\/script>\n<!-- \/ Yoast SEO plugin. -->","yoast_head_json":{"title":"Commander un cadre LED pop-up - Pr\u00e9sentoir avec \u00e9clairage puissant","description":"Transformez votre pr\u00e9sentation avec un cadre LED pop-up ultra-l\u00e9ger. \u00c9clairage LED intensif, impressions facilement interchangeables, sac de transport et accessoires inclus.","robots":{"index":"index","follow":"follow","max-snippet":"max-snippet:-1","max-image-preview":"max-image-preview:large","max-video-preview":"max-video-preview:-1"},"canonical":"https:\/\/www.amstelprinting.nl\/fr\/boutique\/salon-et-evenement\/murs-dexposition-illumines\/cadre-led-pop-up\/","og_locale":"fr_FR","og_type":"article","og_title":"Commander un cadre LED pop-up - Pr\u00e9sentoir avec \u00e9clairage puissant","og_description":"Transformez votre pr\u00e9sentation avec un cadre LED pop-up ultra-l\u00e9ger. \u00c9clairage LED intensif, impressions facilement interchangeables, sac de transport et accessoires inclus.","og_url":"https:\/\/www.amstelprinting.nl\/fr\/boutique\/salon-et-evenement\/murs-dexposition-illumines\/cadre-led-pop-up\/","og_site_name":"Amstel Printing","article_modified_time":"2026-02-18T11:51:24+00:00","og_image":[{"width":900,"height":900,"url":"https:\/\/www.amstelprinting.nl\/wp-content\/uploads\/pop-up-led-frame-bedrukken.png","type":"image\/png"}],"twitter_card":"summary_large_image","twitter_misc":{"Dur\u00e9e de lecture estim\u00e9e":"2 minutes"},"schema":{"@context":"https:\/\/schema.org","@graph":[{"@type":"WebPage","@id":"https:\/\/www.amstelprinting.nl\/fr\/boutique\/salon-et-evenement\/murs-dexposition-illumines\/cadre-led-pop-up\/","url":"https:\/\/www.amstelprinting.nl\/fr\/boutique\/salon-et-evenement\/murs-dexposition-illumines\/cadre-led-pop-up\/","name":"Commander un cadre LED pop-up - Pr\u00e9sentoir avec \u00e9clairage puissant","isPartOf":{"@id":"https:\/\/www.amstelprinting.nl\/fr\/#website"},"primaryImageOfPage":{"@id":"https:\/\/www.amstelprinting.nl\/fr\/boutique\/salon-et-evenement\/murs-dexposition-illumines\/cadre-led-pop-up\/#primaryimage"},"image":{"@id":"https:\/\/www.amstelprinting.nl\/fr\/boutique\/salon-et-evenement\/murs-dexposition-illumines\/cadre-led-pop-up\/#primaryimage"},"thumbnailUrl":"https:\/\/www.amstelprinting.nl\/wp-content\/uploads\/pop-up-led-frame-bedrukken.png","datePublished":"2025-01-24T10:27:27+00:00","dateModified":"2026-02-18T11:51:24+00:00","description":"Transformez votre pr\u00e9sentation avec un cadre LED pop-up ultra-l\u00e9ger. \u00c9clairage LED intensif, impressions facilement interchangeables, sac de transport et accessoires inclus.","breadcrumb":{"@id":"https:\/\/www.amstelprinting.nl\/fr\/boutique\/salon-et-evenement\/murs-dexposition-illumines\/cadre-led-pop-up\/#breadcrumb"},"inLanguage":"fr-FR","potentialAction":[{"@type":"ReadAction","target":["https:\/\/www.amstelprinting.nl\/fr\/boutique\/salon-et-evenement\/murs-dexposition-illumines\/cadre-led-pop-up\/"]}]},{"@type":"ImageObject","inLanguage":"fr-FR","@id":"https:\/\/www.amstelprinting.nl\/fr\/boutique\/salon-et-evenement\/murs-dexposition-illumines\/cadre-led-pop-up\/#primaryimage","url":"https:\/\/www.amstelprinting.nl\/wp-content\/uploads\/pop-up-led-frame-bedrukken.png","contentUrl":"https:\/\/www.amstelprinting.nl\/wp-content\/uploads\/pop-up-led-frame-bedrukken.png","width":900,"height":900},{"@type":"BreadcrumbList","@id":"https:\/\/www.amstelprinting.nl\/fr\/boutique\/salon-et-evenement\/murs-dexposition-illumines\/cadre-led-pop-up\/#breadcrumb","itemListElement":[{"@type":"ListItem","position":1,"name":"","item":"https:\/\/www.amstelprinting.nl\/fr\/"},{"@type":"ListItem","position":2,"name":"Amstel Printing","item":"https:\/\/www.amstelprinting.nl\/fr\/boutique\/"},{"@type":"ListItem","position":3,"name":"Publicit\u00e9 int\u00e9rieure","item":"https:\/\/www.amstelprinting.nl\/fr\/categorie\/publicite-interieure\/"},{"@type":"ListItem","position":4,"name":"Pr\u00e9sentation","item":"https:\/\/www.amstelprinting.nl\/fr\/categorie\/publicite-interieure\/presentation\/"},{"@type":"ListItem","position":5,"name":"Cadre LED pop-up"}]},{"@type":"WebSite","@id":"https:\/\/www.amstelprinting.nl\/fr\/#website","url":"https:\/\/www.amstelprinting.nl\/fr\/","name":"Amstel Printing","description":"Creating Exposure","publisher":{"@id":"https:\/\/www.amstelprinting.nl\/fr\/#organization"},"potentialAction":[{"@type":"SearchAction","target":{"@type":"EntryPoint","urlTemplate":"https:\/\/www.amstelprinting.nl\/fr\/?s={search_term_string}"},"query-input":{"@type":"PropertyValueSpecification","valueRequired":true,"valueName":"search_term_string"}}],"inLanguage":"fr-FR"},{"@type":"Organization","@id":"https:\/\/www.amstelprinting.nl\/fr\/#organization","name":"Amstel Printing","url":"https:\/\/www.amstelprinting.nl\/fr\/","logo":{"@type":"ImageObject","inLanguage":"fr-FR","@id":"https:\/\/www.amstelprinting.nl\/fr\/#\/schema\/logo\/image\/","url":"https:\/\/www.amstelprinting.nl\/wp-content\/uploads\/amstel_printing_logo_clean.png","contentUrl":"https:\/\/www.amstelprinting.nl\/wp-content\/uploads\/amstel_printing_logo_clean.png","width":324,"height":73,"caption":"Amstel Printing"},"image":{"@id":"https:\/\/www.amstelprinting.nl\/fr\/#\/schema\/logo\/image\/"}}]}},"_links":{"self":[{"href":"https:\/\/www.amstelprinting.nl\/fr\/wp-json\/wp\/v2\/product\/14937","targetHints":{"allow":["GET"]}}],"collection":[{"href":"https:\/\/www.amstelprinting.nl\/fr\/wp-json\/wp\/v2\/product"}],"about":[{"href":"https:\/\/www.amstelprinting.nl\/fr\/wp-json\/wp\/v2\/types\/product"}],"wp:featuredmedia":[{"embeddable":true,"href":"https:\/\/www.amstelprinting.nl\/fr\/wp-json\/wp\/v2\/media\/14938"}],"wp:attachment":[{"href":"https:\/\/www.amstelprinting.nl\/fr\/wp-json\/wp\/v2\/media?parent=14937"}],"wp:term":[{"taxonomy":"product_brand","embeddable":true,"href":"https:\/\/www.amstelprinting.nl\/fr\/wp-json\/wp\/v2\/product_brand?post=14937"},{"taxonomy":"product_cat","embeddable":true,"href":"https:\/\/www.amstelprinting.nl\/fr\/wp-json\/wp\/v2\/product_cat?post=14937"},{"taxonomy":"product_tag","embeddable":true,"href":"https:\/\/www.amstelprinting.nl\/fr\/wp-json\/wp\/v2\/product_tag?post=14937"}],"curies":[{"name":"wp","href":"https:\/\/api.w.org\/{rel}","templated":true}]}}