{"id":14947,"date":"2025-01-24T11:27:23","date_gmt":"2025-01-24T10:27:23","guid":{"rendered":"https:\/\/www.amstelprinting.nl\/winkel\/non%20class\u00e9\/pixlip-go-frame\/"},"modified":"2026-02-18T12:51:25","modified_gmt":"2026-02-18T11:51:25","slug":"cadre-pixlip-go","status":"publish","type":"product","link":"https:\/\/www.amstelprinting.nl\/fr\/boutique\/salon-et-evenement\/murs-dexposition-illumines\/cadre-pixlip-go\/","title":{"rendered":"Cadre Pixlip Go"},"content":{"rendered":"<h3>Avantages<\/h3>\n<ul>\n<li>Impression recto-verso<\/li>\n<li>Mont\u00e9 en moins de 5 minutes<\/li>\n<li>Disponible en 4 formats fixes<\/li>\n<li>Durable : fabriqu\u00e9 \u00e0 partir de plastique recycl\u00e9<\/li>\n<li>Facile \u00e0 transporter gr\u00e2ce au sac de transport inclus<\/li>\n<li>Compl\u00e9tez avec un porte-brochures en option<\/li>\n<li>Ignifuge : dot\u00e9 d&rsquo;une certification incendie B1<\/li>\n<\/ul>\n<p>&nbsp;<\/p>\n<h3>Commander le cadre Pixlip Go<\/h3>\n<p>Donnez vie \u00e0 votre pr\u00e9sentation avec le cadre Pixlip Go, la solution par excellence pour une communication visuelle professionnelle et impressionnante ! Le cadre Pixlip Go est non seulement frappant et \u00e9l\u00e9gant, mais aussi incroyablement facile \u00e0 transporter et \u00e0 monter. Que vous organisiez un stand de salon, une pr\u00e9sentation en magasin ou un \u00e9v\u00e9nement d&rsquo;entreprise, ce syst\u00e8me d&rsquo;affichage recto-verso innovant offre la solution parfaite pour vos besoins en communication visuelle.<\/p>\n<h3>Formats et mat\u00e9riaux<\/h3>\n<p>Le cadre Pixlip Go offre polyvalence et flexibilit\u00e9 dans diff\u00e9rents formats, ce qui lui permet de r\u00e9pondre parfaitement \u00e0 tous vos souhaits de pr\u00e9sentation.<\/p>\n<ul>\n<li><strong>Comptoir d&rsquo;exposition Pixlip<\/strong> &#8211; Il est disponible en tant que comptoir compact (voir comptoir Pixlip Go) avec une dimension de 100 cm x 100 cm et un plan de travail d&rsquo;une profondeur de 40 cm. Id\u00e9al pour des pr\u00e9sentations fonctionnelles et professionnelles.<\/li>\n<li><strong>Cadre LED Pixlip Go<\/strong> &#8211; De plus, vous pouvez choisir parmi trois formats de cadre : 100 cm x 200 cm, 100 cm x 250 cm et 200 cm x 250 cm, afin d&rsquo;avoir toujours la bonne taille pour chaque pr\u00e9sentation, qu&rsquo;il s&rsquo;agisse d&rsquo;un petit pr\u00e9sentoir ou d&rsquo;un grand stand de salon.<\/li>\n<\/ul>\n<p>&nbsp;<br \/>\nPour le cadre Pixlip Go, vous avez le choix entre deux mat\u00e9riaux de haute qualit\u00e9 pour la toile \u00e0 jonc : Samba backlit et LumiTex. Il se compose de deux toiles plac\u00e9es \u00e0 l&rsquo;avant et \u00e0 l&rsquo;arri\u00e8re du cadre, rendant votre pr\u00e9sentation visible de tous les c\u00f4t\u00e9s.<\/p>\n<p><strong>Samba Backlit<\/strong> : Cette toile en polyester est connue pour ses couleurs intenses et sa clart\u00e9. Elle est sp\u00e9cialement con\u00e7ue pour briller dans les cadres Pixlip \u00e9clair\u00e9s, garantissant que votre message soit toujours clair et vif.<\/p>\n<p><strong>LumiTex<\/strong> : Fabriqu\u00e9e \u00e0 partir de 100 % polyester avec des fils extra fins et une double couche d&rsquo;encre. LumiTex offre une clart\u00e9 exceptionnelle et est parfaite pour une utilisation dans les applications Pixlip \u00e9clair\u00e9es, garantissant que vos visuels soient toujours professionnels et nets.<\/p>\n<h3>Diff\u00e9rences entre Samba Backlit et LumiTex<\/h3>\n<p>La diff\u00e9rence entre Samba Backlit et LumiTex est principalement li\u00e9e \u00e0 la technique d&rsquo;impression. La toile \u00e0 jonc Samba est dot\u00e9e d&rsquo;une impression UV \u00e0 200 %, tandis que la LumiTex b\u00e9n\u00e9ficie d&rsquo;une impression par sublimation \u00e0 200 %. L&rsquo;inconv\u00e9nient d&rsquo;une impression UV est que les doubles couches d&rsquo;encre d\u00e9gagent une forte odeur (temporaire). En revanche, la LumiTex est inodore et infroissable.<br \/>\nDe plus, l&rsquo;impression sur toile LumiTex est l\u00e9g\u00e8rement plus durable que celle du Samba Backlit. En effet, les encres utilis\u00e9es sont \u00e0 base d&rsquo;eau. Par ailleurs, LumiTex (tout comme Samba Backlit) est \u00e9galement sans PVC et recyclable.<\/p>\n<p>La derni\u00e8re diff\u00e9rence caract\u00e9ristique entre les deux toiles est que la Samba Backlit est dot\u00e9e d&rsquo;un rev\u00eatement. Gr\u00e2ce \u00e0 ce rev\u00eatement, la Samba Backlit peut \u00e9galement \u00eatre utilis\u00e9e \u00e0 l&rsquo;ext\u00e9rieur pour de courtes dur\u00e9es. La LumiTex est exclusivement destin\u00e9e \u00e0 des applications en int\u00e9rieur.<\/p>\n<h3>Accessoires Pixlip<\/h3>\n<p>Compl\u00e9tez votre pr\u00e9sentation avec des accessoires pratiques sp\u00e9cialement con\u00e7us pour le cadre Pixlip Go. L&rsquo;E-locktool assure un montage facile de la toile \u00e0 jonc dans le cadre Pixlip. Vous souhaitez relier plusieurs cadres de mani\u00e8re transparente ? Optez alors pour le Flexx Connector.<br \/>\nAvec le cadre Pixlip Go, vous \u00eates toujours pr\u00eat \u00e0 laisser une impression durable. Il combine simplicit\u00e9, flexibilit\u00e9 et professionnalisme dans un syst\u00e8me convivial unique. Mettez votre message sous les projecteurs et impressionnez votre public avec le cadre Pixlip Go !<\/p>\n<h3>Questions fr\u00e9quemment pos\u00e9es<\/h3>\n<p><strong>Combien de toiles \u00e0 jonc vais-je recevoir et est-il possible de t\u00e9l\u00e9charger plusieurs designs ?<\/strong><br \/>\nVous recevrez deux toiles \u00e0 jonc : une pour l&rsquo;avant et une pour l&rsquo;arri\u00e8re. Les deux toiles peuvent \u00eatre dot\u00e9es d&rsquo;un design diff\u00e9rent.<\/p>\n<p><strong>Est-il possible de commander ce produit dans un format diff\u00e9rent ?<\/strong><br \/>\nOui, des formats diff\u00e9rents sont tout \u00e0 fait possibles. Contactez notre service client pour plus d&rsquo;informations et un devis sur mesure.<\/p>\n","protected":false},"excerpt":{"rendered":"<h3>Cadre LED facile \u00e0 transporter avec impression recto-verso<\/h3>\n<p>Le cadre autoportant qui met votre impression sous les projecteurs des deux c\u00f4t\u00e9s ! Le cadre Pixlip Go est tr\u00e8s l\u00e9ger et donc facile \u00e0 transporter. L&rsquo;\u00e9clairage LED assure une illumination intense de vos impressions. Vous vous lassez des impressions ? Vous pouvez facilement commander les impressions s\u00e9par\u00e9ment et les changer vous-m\u00eame. Configurez votre cadre Pixlip Go ci-dessous en quelques \u00e9tapes seulement.<\/p>\n","protected":false},"featured_media":14948,"template":"","meta":{"_et_pb_use_builder":"","_et_pb_old_content":"","_et_gb_content_width":""},"product_brand":[],"product_cat":[400,387,380,428],"product_tag":[],"class_list":{"0":"post-14947","1":"product","2":"type-product","3":"status-publish","4":"has-post-thumbnail","6":"product_cat-murs-dexposition-illumines","7":"product_cat-presentation","8":"product_cat-publicite-interieure","9":"product_cat-salon-et-evenement","11":"first","12":"instock","13":"taxable","14":"shipping-taxable","15":"purchasable","16":"product-type-simple"},"yoast_head":"<!-- This site is optimized with the Yoast SEO plugin v27.3 - https:\/\/yoast.com\/product\/yoast-seo-wordpress\/ -->\n<title>Cadre Pixlip Go | Amstel Printing<\/title>\n<meta name=\"robots\" content=\"index, follow, max-snippet:-1, max-image-preview:large, max-video-preview:-1\" \/>\n<link rel=\"canonical\" href=\"https:\/\/www.amstelprinting.nl\/fr\/boutique\/salon-et-evenement\/murs-dexposition-illumines\/cadre-pixlip-go\/\" \/>\n<meta property=\"og:locale\" content=\"fr_FR\" \/>\n<meta property=\"og:type\" content=\"article\" \/>\n<meta property=\"og:title\" content=\"Cadre Pixlip Go | Amstel Printing\" \/>\n<meta property=\"og:description\" content=\"Cadre LED facile \u00e0 transporter avec impression recto-verso Le cadre autoportant qui met votre impression sous les projecteurs des deux c\u00f4t\u00e9s ! Le cadre Pixlip Go est tr\u00e8s l\u00e9ger et donc facile \u00e0 transporter. L&#039;\u00e9clairage LED assure une illumination intense de vos impressions. Vous vous lassez des impressions ? Vous pouvez facilement commander les impressions s\u00e9par\u00e9ment et les changer vous-m\u00eame. Configurez votre cadre Pixlip Go ci-dessous en quelques \u00e9tapes seulement.\" \/>\n<meta property=\"og:url\" content=\"https:\/\/www.amstelprinting.nl\/fr\/boutique\/salon-et-evenement\/murs-dexposition-illumines\/cadre-pixlip-go\/\" \/>\n<meta property=\"og:site_name\" content=\"Amstel Printing\" \/>\n<meta property=\"article:modified_time\" content=\"2026-02-18T11:51:25+00:00\" \/>\n<meta property=\"og:image\" content=\"https:\/\/www.amstelprinting.nl\/wp-content\/uploads\/pixlip-go-frame-bedrukken.png\" \/>\n\t<meta property=\"og:image:width\" content=\"900\" \/>\n\t<meta property=\"og:image:height\" content=\"900\" \/>\n\t<meta property=\"og:image:type\" content=\"image\/png\" \/>\n<meta name=\"twitter:card\" content=\"summary_large_image\" \/>\n<meta name=\"twitter:label1\" content=\"Dur\u00e9e de lecture estim\u00e9e\" \/>\n\t<meta name=\"twitter:data1\" content=\"3 minutes\" \/>\n<script type=\"application\/ld+json\" class=\"yoast-schema-graph\">{\"@context\":\"https:\\\/\\\/schema.org\",\"@graph\":[{\"@type\":\"WebPage\",\"@id\":\"https:\\\/\\\/www.amstelprinting.nl\\\/fr\\\/boutique\\\/salon-et-evenement\\\/murs-dexposition-illumines\\\/cadre-pixlip-go\\\/\",\"url\":\"https:\\\/\\\/www.amstelprinting.nl\\\/fr\\\/boutique\\\/salon-et-evenement\\\/murs-dexposition-illumines\\\/cadre-pixlip-go\\\/\",\"name\":\"Cadre Pixlip Go | Amstel Printing\",\"isPartOf\":{\"@id\":\"https:\\\/\\\/www.amstelprinting.nl\\\/fr\\\/#website\"},\"primaryImageOfPage\":{\"@id\":\"https:\\\/\\\/www.amstelprinting.nl\\\/fr\\\/boutique\\\/salon-et-evenement\\\/murs-dexposition-illumines\\\/cadre-pixlip-go\\\/#primaryimage\"},\"image\":{\"@id\":\"https:\\\/\\\/www.amstelprinting.nl\\\/fr\\\/boutique\\\/salon-et-evenement\\\/murs-dexposition-illumines\\\/cadre-pixlip-go\\\/#primaryimage\"},\"thumbnailUrl\":\"https:\\\/\\\/www.amstelprinting.nl\\\/wp-content\\\/uploads\\\/pixlip-go-frame-bedrukken.png\",\"datePublished\":\"2025-01-24T10:27:23+00:00\",\"dateModified\":\"2026-02-18T11:51:25+00:00\",\"breadcrumb\":{\"@id\":\"https:\\\/\\\/www.amstelprinting.nl\\\/fr\\\/boutique\\\/salon-et-evenement\\\/murs-dexposition-illumines\\\/cadre-pixlip-go\\\/#breadcrumb\"},\"inLanguage\":\"fr-FR\",\"potentialAction\":[{\"@type\":\"ReadAction\",\"target\":[\"https:\\\/\\\/www.amstelprinting.nl\\\/fr\\\/boutique\\\/salon-et-evenement\\\/murs-dexposition-illumines\\\/cadre-pixlip-go\\\/\"]}]},{\"@type\":\"ImageObject\",\"inLanguage\":\"fr-FR\",\"@id\":\"https:\\\/\\\/www.amstelprinting.nl\\\/fr\\\/boutique\\\/salon-et-evenement\\\/murs-dexposition-illumines\\\/cadre-pixlip-go\\\/#primaryimage\",\"url\":\"https:\\\/\\\/www.amstelprinting.nl\\\/wp-content\\\/uploads\\\/pixlip-go-frame-bedrukken.png\",\"contentUrl\":\"https:\\\/\\\/www.amstelprinting.nl\\\/wp-content\\\/uploads\\\/pixlip-go-frame-bedrukken.png\",\"width\":900,\"height\":900},{\"@type\":\"BreadcrumbList\",\"@id\":\"https:\\\/\\\/www.amstelprinting.nl\\\/fr\\\/boutique\\\/salon-et-evenement\\\/murs-dexposition-illumines\\\/cadre-pixlip-go\\\/#breadcrumb\",\"itemListElement\":[{\"@type\":\"ListItem\",\"position\":1,\"name\":\"\",\"item\":\"https:\\\/\\\/www.amstelprinting.nl\\\/fr\\\/\"},{\"@type\":\"ListItem\",\"position\":2,\"name\":\"Amstel Printing\",\"item\":\"https:\\\/\\\/www.amstelprinting.nl\\\/fr\\\/boutique\\\/\"},{\"@type\":\"ListItem\",\"position\":3,\"name\":\"Publicit\u00e9 int\u00e9rieure\",\"item\":\"https:\\\/\\\/www.amstelprinting.nl\\\/fr\\\/categorie\\\/publicite-interieure\\\/\"},{\"@type\":\"ListItem\",\"position\":4,\"name\":\"Pr\u00e9sentation\",\"item\":\"https:\\\/\\\/www.amstelprinting.nl\\\/fr\\\/categorie\\\/publicite-interieure\\\/presentation\\\/\"},{\"@type\":\"ListItem\",\"position\":5,\"name\":\"Cadre Pixlip Go\"}]},{\"@type\":\"WebSite\",\"@id\":\"https:\\\/\\\/www.amstelprinting.nl\\\/fr\\\/#website\",\"url\":\"https:\\\/\\\/www.amstelprinting.nl\\\/fr\\\/\",\"name\":\"Amstel Printing\",\"description\":\"Creating Exposure\",\"publisher\":{\"@id\":\"https:\\\/\\\/www.amstelprinting.nl\\\/fr\\\/#organization\"},\"potentialAction\":[{\"@type\":\"SearchAction\",\"target\":{\"@type\":\"EntryPoint\",\"urlTemplate\":\"https:\\\/\\\/www.amstelprinting.nl\\\/fr\\\/?s={search_term_string}\"},\"query-input\":{\"@type\":\"PropertyValueSpecification\",\"valueRequired\":true,\"valueName\":\"search_term_string\"}}],\"inLanguage\":\"fr-FR\"},{\"@type\":\"Organization\",\"@id\":\"https:\\\/\\\/www.amstelprinting.nl\\\/fr\\\/#organization\",\"name\":\"Amstel Printing\",\"url\":\"https:\\\/\\\/www.amstelprinting.nl\\\/fr\\\/\",\"logo\":{\"@type\":\"ImageObject\",\"inLanguage\":\"fr-FR\",\"@id\":\"https:\\\/\\\/www.amstelprinting.nl\\\/fr\\\/#\\\/schema\\\/logo\\\/image\\\/\",\"url\":\"https:\\\/\\\/www.amstelprinting.nl\\\/wp-content\\\/uploads\\\/amstel_printing_logo_clean.png\",\"contentUrl\":\"https:\\\/\\\/www.amstelprinting.nl\\\/wp-content\\\/uploads\\\/amstel_printing_logo_clean.png\",\"width\":324,\"height\":73,\"caption\":\"Amstel Printing\"},\"image\":{\"@id\":\"https:\\\/\\\/www.amstelprinting.nl\\\/fr\\\/#\\\/schema\\\/logo\\\/image\\\/\"}}]}<\/script>\n<!-- \/ Yoast SEO plugin. -->","yoast_head_json":{"title":"Cadre Pixlip Go | Amstel Printing","robots":{"index":"index","follow":"follow","max-snippet":"max-snippet:-1","max-image-preview":"max-image-preview:large","max-video-preview":"max-video-preview:-1"},"canonical":"https:\/\/www.amstelprinting.nl\/fr\/boutique\/salon-et-evenement\/murs-dexposition-illumines\/cadre-pixlip-go\/","og_locale":"fr_FR","og_type":"article","og_title":"Cadre Pixlip Go | Amstel Printing","og_description":"Cadre LED facile \u00e0 transporter avec impression recto-verso Le cadre autoportant qui met votre impression sous les projecteurs des deux c\u00f4t\u00e9s ! Le cadre Pixlip Go est tr\u00e8s l\u00e9ger et donc facile \u00e0 transporter. L'\u00e9clairage LED assure une illumination intense de vos impressions. Vous vous lassez des impressions ? Vous pouvez facilement commander les impressions s\u00e9par\u00e9ment et les changer vous-m\u00eame. Configurez votre cadre Pixlip Go ci-dessous en quelques \u00e9tapes seulement.","og_url":"https:\/\/www.amstelprinting.nl\/fr\/boutique\/salon-et-evenement\/murs-dexposition-illumines\/cadre-pixlip-go\/","og_site_name":"Amstel Printing","article_modified_time":"2026-02-18T11:51:25+00:00","og_image":[{"width":900,"height":900,"url":"https:\/\/www.amstelprinting.nl\/wp-content\/uploads\/pixlip-go-frame-bedrukken.png","type":"image\/png"}],"twitter_card":"summary_large_image","twitter_misc":{"Dur\u00e9e de lecture estim\u00e9e":"3 minutes"},"schema":{"@context":"https:\/\/schema.org","@graph":[{"@type":"WebPage","@id":"https:\/\/www.amstelprinting.nl\/fr\/boutique\/salon-et-evenement\/murs-dexposition-illumines\/cadre-pixlip-go\/","url":"https:\/\/www.amstelprinting.nl\/fr\/boutique\/salon-et-evenement\/murs-dexposition-illumines\/cadre-pixlip-go\/","name":"Cadre Pixlip Go | Amstel Printing","isPartOf":{"@id":"https:\/\/www.amstelprinting.nl\/fr\/#website"},"primaryImageOfPage":{"@id":"https:\/\/www.amstelprinting.nl\/fr\/boutique\/salon-et-evenement\/murs-dexposition-illumines\/cadre-pixlip-go\/#primaryimage"},"image":{"@id":"https:\/\/www.amstelprinting.nl\/fr\/boutique\/salon-et-evenement\/murs-dexposition-illumines\/cadre-pixlip-go\/#primaryimage"},"thumbnailUrl":"https:\/\/www.amstelprinting.nl\/wp-content\/uploads\/pixlip-go-frame-bedrukken.png","datePublished":"2025-01-24T10:27:23+00:00","dateModified":"2026-02-18T11:51:25+00:00","breadcrumb":{"@id":"https:\/\/www.amstelprinting.nl\/fr\/boutique\/salon-et-evenement\/murs-dexposition-illumines\/cadre-pixlip-go\/#breadcrumb"},"inLanguage":"fr-FR","potentialAction":[{"@type":"ReadAction","target":["https:\/\/www.amstelprinting.nl\/fr\/boutique\/salon-et-evenement\/murs-dexposition-illumines\/cadre-pixlip-go\/"]}]},{"@type":"ImageObject","inLanguage":"fr-FR","@id":"https:\/\/www.amstelprinting.nl\/fr\/boutique\/salon-et-evenement\/murs-dexposition-illumines\/cadre-pixlip-go\/#primaryimage","url":"https:\/\/www.amstelprinting.nl\/wp-content\/uploads\/pixlip-go-frame-bedrukken.png","contentUrl":"https:\/\/www.amstelprinting.nl\/wp-content\/uploads\/pixlip-go-frame-bedrukken.png","width":900,"height":900},{"@type":"BreadcrumbList","@id":"https:\/\/www.amstelprinting.nl\/fr\/boutique\/salon-et-evenement\/murs-dexposition-illumines\/cadre-pixlip-go\/#breadcrumb","itemListElement":[{"@type":"ListItem","position":1,"name":"","item":"https:\/\/www.amstelprinting.nl\/fr\/"},{"@type":"ListItem","position":2,"name":"Amstel Printing","item":"https:\/\/www.amstelprinting.nl\/fr\/boutique\/"},{"@type":"ListItem","position":3,"name":"Publicit\u00e9 int\u00e9rieure","item":"https:\/\/www.amstelprinting.nl\/fr\/categorie\/publicite-interieure\/"},{"@type":"ListItem","position":4,"name":"Pr\u00e9sentation","item":"https:\/\/www.amstelprinting.nl\/fr\/categorie\/publicite-interieure\/presentation\/"},{"@type":"ListItem","position":5,"name":"Cadre Pixlip Go"}]},{"@type":"WebSite","@id":"https:\/\/www.amstelprinting.nl\/fr\/#website","url":"https:\/\/www.amstelprinting.nl\/fr\/","name":"Amstel Printing","description":"Creating Exposure","publisher":{"@id":"https:\/\/www.amstelprinting.nl\/fr\/#organization"},"potentialAction":[{"@type":"SearchAction","target":{"@type":"EntryPoint","urlTemplate":"https:\/\/www.amstelprinting.nl\/fr\/?s={search_term_string}"},"query-input":{"@type":"PropertyValueSpecification","valueRequired":true,"valueName":"search_term_string"}}],"inLanguage":"fr-FR"},{"@type":"Organization","@id":"https:\/\/www.amstelprinting.nl\/fr\/#organization","name":"Amstel Printing","url":"https:\/\/www.amstelprinting.nl\/fr\/","logo":{"@type":"ImageObject","inLanguage":"fr-FR","@id":"https:\/\/www.amstelprinting.nl\/fr\/#\/schema\/logo\/image\/","url":"https:\/\/www.amstelprinting.nl\/wp-content\/uploads\/amstel_printing_logo_clean.png","contentUrl":"https:\/\/www.amstelprinting.nl\/wp-content\/uploads\/amstel_printing_logo_clean.png","width":324,"height":73,"caption":"Amstel Printing"},"image":{"@id":"https:\/\/www.amstelprinting.nl\/fr\/#\/schema\/logo\/image\/"}}]}},"_links":{"self":[{"href":"https:\/\/www.amstelprinting.nl\/fr\/wp-json\/wp\/v2\/product\/14947","targetHints":{"allow":["GET"]}}],"collection":[{"href":"https:\/\/www.amstelprinting.nl\/fr\/wp-json\/wp\/v2\/product"}],"about":[{"href":"https:\/\/www.amstelprinting.nl\/fr\/wp-json\/wp\/v2\/types\/product"}],"wp:featuredmedia":[{"embeddable":true,"href":"https:\/\/www.amstelprinting.nl\/fr\/wp-json\/wp\/v2\/media\/14948"}],"wp:attachment":[{"href":"https:\/\/www.amstelprinting.nl\/fr\/wp-json\/wp\/v2\/media?parent=14947"}],"wp:term":[{"taxonomy":"product_brand","embeddable":true,"href":"https:\/\/www.amstelprinting.nl\/fr\/wp-json\/wp\/v2\/product_brand?post=14947"},{"taxonomy":"product_cat","embeddable":true,"href":"https:\/\/www.amstelprinting.nl\/fr\/wp-json\/wp\/v2\/product_cat?post=14947"},{"taxonomy":"product_tag","embeddable":true,"href":"https:\/\/www.amstelprinting.nl\/fr\/wp-json\/wp\/v2\/product_tag?post=14947"}],"curies":[{"name":"wp","href":"https:\/\/api.w.org\/{rel}","templated":true}]}}