{"id":14957,"date":"2025-01-24T11:26:37","date_gmt":"2025-01-24T10:26:37","guid":{"rendered":"https:\/\/www.amstelprinting.nl\/winkel\/non%20class\u00e9\/pixlip-go-balie\/"},"modified":"2026-02-18T12:51:26","modified_gmt":"2026-02-18T11:51:26","slug":"comptoir-pixlip-go","status":"publish","type":"product","link":"https:\/\/www.amstelprinting.nl\/fr\/boutique\/salon-et-evenement\/murs-dexposition-illumines\/comptoir-pixlip-go\/","title":{"rendered":"Comptoir Pixlip Go"},"content":{"rendered":"<h3>Pourquoi Pixlip Go<\/h3>\n<ul>\n<li>Impression double face : pour une exposition maximale<\/li>\n<li>L\u00e9ger et facile \u00e0 transporter gr\u00e2ce au sac de transport<\/li>\n<li>Disponible en deux mat\u00e9riaux diff\u00e9rents<\/li>\n<li>Mont\u00e9 en 5 minutes gr\u00e2ce au syst\u00e8me d&#8217;embo\u00eetement innovant<\/li>\n<li>Compl\u00e9tez le Pixlip Go avec un porte-brochures optionnel<\/li>\n<li>Ignifug\u00e9 : dot\u00e9 de la certification anti-feu B1<\/li>\n<\/ul>\n<p>&nbsp;<\/p>\n<h3>Comptoir Pixlip Go : l\u00e9ger, durable et de qualit\u00e9 premium<\/h3>\n<p>D\u00e9couvrez le comptoir Pixlip Go, une solution innovante qui permet non seulement des pr\u00e9sentations impressionnantes, mais excelle \u00e9galement par sa facilit\u00e9 d&rsquo;utilisation. Avec son syst\u00e8me de montage simple (plug-in) et sa conception l\u00e9g\u00e8re, ce comptoir est facile \u00e0 installer et \u00e0 transporter vers n&rsquo;importe quel endroit souhait\u00e9. Le comptoir de salon Pixlip Go est la combinaison parfaite de fonctionnalit\u00e9 et de portabilit\u00e9, ce qui en fait un \u00e9l\u00e9ment essentiel pour votre prochain salon, showroom ou \u00e9v\u00e9nement.<\/p>\n<h3>Format et mat\u00e9riaux<\/h3>\n<p>Avec un format fixe de 100 cm x 100 cm et une profondeur de plan de travail de 40 cm, ce comptoir de salon (\u00e9galement appel\u00e9 counter ou desk) offre \u00e0 la fois fonctionnalit\u00e9 et style. Le comptoir de salon Pixlip Go se compose de deux toiles \u00e0 jonc de haute qualit\u00e9 plac\u00e9es \u00e0 l&rsquo;avant et \u00e0 l&rsquo;arri\u00e8re du cadre. Ainsi, votre pr\u00e9sentation est toujours visible partout.<\/p>\n<p>Vous avez le choix entre deux mat\u00e9riaux de toile \u00e0 jonc :<\/p>\n<ul>\n<li><strong>Samba Backlit<\/strong> : Cette toile en polyester est connue pour ses couleurs intenses et sa clart\u00e9. Elle est sp\u00e9cialement con\u00e7ue pour briller dans des cadres \u00e9clair\u00e9s, permettant \u00e0 votre message de toujours para\u00eetre clair et vif. De plus, elle est dot\u00e9e d&rsquo;un certificat B1, ce qui garantit la s\u00e9curit\u00e9 incendie.<\/li>\n<li><strong>LumiTex<\/strong> : Fabriqu\u00e9 \u00e0 100 % en polyester avec des fils extra fins et une double couche d&rsquo;encre. LumiTex offre une clart\u00e9 exceptionnelle et est parfait pour une utilisation dans des applications \u00e9clair\u00e9es, rendant vos visuels toujours professionnels et nets.<\/li>\n<\/ul>\n<p>&nbsp;<\/p>\n<h3>Diff\u00e9rences entre Samba Backlit et LumiTex<\/h3>\n<p>La diff\u00e9rence entre Samba Backlit et LumiTex est principalement li\u00e9e \u00e0 la technique d&rsquo;impression. La toile \u00e0 jonc Samba est dot\u00e9e d&rsquo;une impression UV \u00e0 200 % et le LumiTex concerne une impression par sublimation \u00e0 200 %. L&rsquo;inconv\u00e9nient d&rsquo;une impression UV est que les doubles couches d&rsquo;encre d\u00e9gagent une forte odeur (temporaire). En revanche, le LumiTex est inodore et infroissable.<br \/>\nDe plus, l&rsquo;impression sur toile LumiTex est l\u00e9g\u00e8rement plus durable par rapport au Samba Backlit. Les encres utilis\u00e9es sont en effet \u00e0 base d&rsquo;eau. Par ailleurs, le LumiTex (tout comme le Samba Backlit) est \u00e9galement sans PVC et recyclable.<\/p>\n<p>La derni\u00e8re diff\u00e9rence caract\u00e9ristique entre les deux toiles est que le Samba Backlit est dot\u00e9 d&rsquo;un rev\u00eatement. Gr\u00e2ce \u00e0 ce rev\u00eatement, le Samba Backlit peut \u00e9galement \u00eatre utilis\u00e9 \u00e0 l&rsquo;ext\u00e9rieur pendant une courte p\u00e9riode. Le LumiTex est exclusivement adapt\u00e9 aux applications int\u00e9rieures.<\/p>\n<h3>Accessoires pour comptoir de salon Pixlip Go<\/h3>\n<p>Compl\u00e9tez votre pr\u00e9sentation avec les accessoires sp\u00e9cialement con\u00e7us pour le comptoir de salon Pixlip Go. L&rsquo;outil E-lock assure un montage simple et s\u00fbr de la toile \u00e0 jonc dans votre cadre Pixlip Go. Vous souhaitez connecter plusieurs cadres de mani\u00e8re transparente ? Choisissez alors le Flexx Connector pour une configuration de pr\u00e9sentation rationalis\u00e9e et impressionnante.<br \/>\nAvec le comptoir Pixlip Go, vous \u00eates assur\u00e9 d&rsquo;une combinaison de style et de fonctionnalit\u00e9 qui \u00e9l\u00e8ve vos pr\u00e9sentations \u00e0 un niveau sup\u00e9rieur. Ce comptoir Pixlip Go offre non seulement des avantages pratiques mais aussi une apparence professionnelle sur chaque site. Choisissez le comptoir de salon Pixlip Go et impressionnez avec vos pr\u00e9sentations visuelles, o\u00f9 que vous soyez.<\/p>\n<h3>Questions fr\u00e9quemment pos\u00e9es<\/h3>\n<p><strong>Combien de toiles vais-je recevoir et est-il possible de t\u00e9l\u00e9charger plusieurs designs ?<\/strong><br \/>\nVous recevrez deux toiles : une pour l&rsquo;avant et une pour l&rsquo;arri\u00e8re. Les deux toiles peuvent \u00eatre pourvues d&rsquo;un design diff\u00e9rent.<\/p>\n","protected":false},"excerpt":{"rendered":"<h3>Comptoir LED mobile dot\u00e9 d&rsquo;une impression double face<\/h3>\n<p>Vous recherchez un comptoir de salon (counter) avec une finition de haute qualit\u00e9 ? Choisissez alors Pixlip Go. Ce comptoir de salon est dot\u00e9 d&rsquo;une impression \u00e9clair\u00e9e par LED double face. Le cadre est fabriqu\u00e9 en plastique recycl\u00e9. Tr\u00e8s l\u00e9ger et donc tr\u00e8s facile \u00e0 transporter dans le sac de transport inclus. Configurez ci-dessous votre comptoir Pixlip Go enti\u00e8rement selon vos souhaits en quelques \u00e9tapes.<\/p>\n","protected":false},"featured_media":14958,"template":"","meta":{"_et_pb_use_builder":"","_et_pb_old_content":"","_et_gb_content_width":""},"product_brand":[],"product_cat":[424,400,387,380,428],"product_tag":[],"class_list":{"0":"post-14957","1":"product","2":"type-product","3":"status-publish","4":"has-post-thumbnail","6":"product_cat-decoration","7":"product_cat-murs-dexposition-illumines","8":"product_cat-presentation","9":"product_cat-publicite-interieure","10":"product_cat-salon-et-evenement","12":"first","13":"instock","14":"taxable","15":"shipping-taxable","16":"purchasable","17":"product-type-simple"},"yoast_head":"<!-- This site is optimized with the Yoast SEO plugin v27.3 - https:\/\/yoast.com\/product\/yoast-seo-wordpress\/ -->\n<title>Comptoir Pixlip Go mobile avec \u00e9clairage double face | Montage rapide<\/title>\n<meta name=\"description\" content=\"Impressionnez sur chaque salon avec le comptoir mobile Pixlip Go. \u00c9clairage clair double face, cadre ultra-l\u00e9ger en plastique recycl\u00e9 et montage rapide.\" \/>\n<meta name=\"robots\" content=\"index, follow, max-snippet:-1, max-image-preview:large, max-video-preview:-1\" \/>\n<link rel=\"canonical\" href=\"https:\/\/www.amstelprinting.nl\/fr\/boutique\/salon-et-evenement\/murs-dexposition-illumines\/comptoir-pixlip-go\/\" \/>\n<meta property=\"og:locale\" content=\"fr_FR\" \/>\n<meta property=\"og:type\" content=\"article\" \/>\n<meta property=\"og:title\" content=\"Comptoir Pixlip Go mobile avec \u00e9clairage double face | Montage rapide\" \/>\n<meta property=\"og:description\" content=\"Impressionnez sur chaque salon avec le comptoir mobile Pixlip Go. \u00c9clairage clair double face, cadre ultra-l\u00e9ger en plastique recycl\u00e9 et montage rapide.\" \/>\n<meta property=\"og:url\" content=\"https:\/\/www.amstelprinting.nl\/fr\/boutique\/salon-et-evenement\/murs-dexposition-illumines\/comptoir-pixlip-go\/\" \/>\n<meta property=\"og:site_name\" content=\"Amstel Printing\" \/>\n<meta property=\"article:modified_time\" content=\"2026-02-18T11:51:26+00:00\" \/>\n<meta property=\"og:image\" content=\"https:\/\/www.amstelprinting.nl\/wp-content\/uploads\/pixlip-go-balie-bedrukken.png\" \/>\n\t<meta property=\"og:image:width\" content=\"700\" \/>\n\t<meta property=\"og:image:height\" content=\"700\" \/>\n\t<meta property=\"og:image:type\" content=\"image\/png\" \/>\n<meta name=\"twitter:card\" content=\"summary_large_image\" \/>\n<meta name=\"twitter:label1\" content=\"Dur\u00e9e de lecture estim\u00e9e\" \/>\n\t<meta name=\"twitter:data1\" content=\"3 minutes\" \/>\n<script type=\"application\/ld+json\" class=\"yoast-schema-graph\">{\"@context\":\"https:\\\/\\\/schema.org\",\"@graph\":[{\"@type\":\"WebPage\",\"@id\":\"https:\\\/\\\/www.amstelprinting.nl\\\/fr\\\/boutique\\\/salon-et-evenement\\\/murs-dexposition-illumines\\\/comptoir-pixlip-go\\\/\",\"url\":\"https:\\\/\\\/www.amstelprinting.nl\\\/fr\\\/boutique\\\/salon-et-evenement\\\/murs-dexposition-illumines\\\/comptoir-pixlip-go\\\/\",\"name\":\"Comptoir Pixlip Go mobile avec \u00e9clairage double face | Montage rapide\",\"isPartOf\":{\"@id\":\"https:\\\/\\\/www.amstelprinting.nl\\\/fr\\\/#website\"},\"primaryImageOfPage\":{\"@id\":\"https:\\\/\\\/www.amstelprinting.nl\\\/fr\\\/boutique\\\/salon-et-evenement\\\/murs-dexposition-illumines\\\/comptoir-pixlip-go\\\/#primaryimage\"},\"image\":{\"@id\":\"https:\\\/\\\/www.amstelprinting.nl\\\/fr\\\/boutique\\\/salon-et-evenement\\\/murs-dexposition-illumines\\\/comptoir-pixlip-go\\\/#primaryimage\"},\"thumbnailUrl\":\"https:\\\/\\\/www.amstelprinting.nl\\\/wp-content\\\/uploads\\\/pixlip-go-balie-bedrukken.png\",\"datePublished\":\"2025-01-24T10:26:37+00:00\",\"dateModified\":\"2026-02-18T11:51:26+00:00\",\"description\":\"Impressionnez sur chaque salon avec le comptoir mobile Pixlip Go. \u00c9clairage clair double face, cadre ultra-l\u00e9ger en plastique recycl\u00e9 et montage rapide.\",\"breadcrumb\":{\"@id\":\"https:\\\/\\\/www.amstelprinting.nl\\\/fr\\\/boutique\\\/salon-et-evenement\\\/murs-dexposition-illumines\\\/comptoir-pixlip-go\\\/#breadcrumb\"},\"inLanguage\":\"fr-FR\",\"potentialAction\":[{\"@type\":\"ReadAction\",\"target\":[\"https:\\\/\\\/www.amstelprinting.nl\\\/fr\\\/boutique\\\/salon-et-evenement\\\/murs-dexposition-illumines\\\/comptoir-pixlip-go\\\/\"]}]},{\"@type\":\"ImageObject\",\"inLanguage\":\"fr-FR\",\"@id\":\"https:\\\/\\\/www.amstelprinting.nl\\\/fr\\\/boutique\\\/salon-et-evenement\\\/murs-dexposition-illumines\\\/comptoir-pixlip-go\\\/#primaryimage\",\"url\":\"https:\\\/\\\/www.amstelprinting.nl\\\/wp-content\\\/uploads\\\/pixlip-go-balie-bedrukken.png\",\"contentUrl\":\"https:\\\/\\\/www.amstelprinting.nl\\\/wp-content\\\/uploads\\\/pixlip-go-balie-bedrukken.png\",\"width\":700,\"height\":700},{\"@type\":\"BreadcrumbList\",\"@id\":\"https:\\\/\\\/www.amstelprinting.nl\\\/fr\\\/boutique\\\/salon-et-evenement\\\/murs-dexposition-illumines\\\/comptoir-pixlip-go\\\/#breadcrumb\",\"itemListElement\":[{\"@type\":\"ListItem\",\"position\":1,\"name\":\"\",\"item\":\"https:\\\/\\\/www.amstelprinting.nl\\\/fr\\\/\"},{\"@type\":\"ListItem\",\"position\":2,\"name\":\"Amstel Printing\",\"item\":\"https:\\\/\\\/www.amstelprinting.nl\\\/fr\\\/boutique\\\/\"},{\"@type\":\"ListItem\",\"position\":3,\"name\":\"Publicit\u00e9 int\u00e9rieure\",\"item\":\"https:\\\/\\\/www.amstelprinting.nl\\\/fr\\\/categorie\\\/publicite-interieure\\\/\"},{\"@type\":\"ListItem\",\"position\":4,\"name\":\"Pr\u00e9sentation\",\"item\":\"https:\\\/\\\/www.amstelprinting.nl\\\/fr\\\/categorie\\\/publicite-interieure\\\/presentation\\\/\"},{\"@type\":\"ListItem\",\"position\":5,\"name\":\"Comptoir Pixlip Go\"}]},{\"@type\":\"WebSite\",\"@id\":\"https:\\\/\\\/www.amstelprinting.nl\\\/fr\\\/#website\",\"url\":\"https:\\\/\\\/www.amstelprinting.nl\\\/fr\\\/\",\"name\":\"Amstel Printing\",\"description\":\"Creating Exposure\",\"publisher\":{\"@id\":\"https:\\\/\\\/www.amstelprinting.nl\\\/fr\\\/#organization\"},\"potentialAction\":[{\"@type\":\"SearchAction\",\"target\":{\"@type\":\"EntryPoint\",\"urlTemplate\":\"https:\\\/\\\/www.amstelprinting.nl\\\/fr\\\/?s={search_term_string}\"},\"query-input\":{\"@type\":\"PropertyValueSpecification\",\"valueRequired\":true,\"valueName\":\"search_term_string\"}}],\"inLanguage\":\"fr-FR\"},{\"@type\":\"Organization\",\"@id\":\"https:\\\/\\\/www.amstelprinting.nl\\\/fr\\\/#organization\",\"name\":\"Amstel Printing\",\"url\":\"https:\\\/\\\/www.amstelprinting.nl\\\/fr\\\/\",\"logo\":{\"@type\":\"ImageObject\",\"inLanguage\":\"fr-FR\",\"@id\":\"https:\\\/\\\/www.amstelprinting.nl\\\/fr\\\/#\\\/schema\\\/logo\\\/image\\\/\",\"url\":\"https:\\\/\\\/www.amstelprinting.nl\\\/wp-content\\\/uploads\\\/amstel_printing_logo_clean.png\",\"contentUrl\":\"https:\\\/\\\/www.amstelprinting.nl\\\/wp-content\\\/uploads\\\/amstel_printing_logo_clean.png\",\"width\":324,\"height\":73,\"caption\":\"Amstel Printing\"},\"image\":{\"@id\":\"https:\\\/\\\/www.amstelprinting.nl\\\/fr\\\/#\\\/schema\\\/logo\\\/image\\\/\"}}]}<\/script>\n<!-- \/ Yoast SEO plugin. -->","yoast_head_json":{"title":"Comptoir Pixlip Go mobile avec \u00e9clairage double face | Montage rapide","description":"Impressionnez sur chaque salon avec le comptoir mobile Pixlip Go. \u00c9clairage clair double face, cadre ultra-l\u00e9ger en plastique recycl\u00e9 et montage rapide.","robots":{"index":"index","follow":"follow","max-snippet":"max-snippet:-1","max-image-preview":"max-image-preview:large","max-video-preview":"max-video-preview:-1"},"canonical":"https:\/\/www.amstelprinting.nl\/fr\/boutique\/salon-et-evenement\/murs-dexposition-illumines\/comptoir-pixlip-go\/","og_locale":"fr_FR","og_type":"article","og_title":"Comptoir Pixlip Go mobile avec \u00e9clairage double face | Montage rapide","og_description":"Impressionnez sur chaque salon avec le comptoir mobile Pixlip Go. \u00c9clairage clair double face, cadre ultra-l\u00e9ger en plastique recycl\u00e9 et montage rapide.","og_url":"https:\/\/www.amstelprinting.nl\/fr\/boutique\/salon-et-evenement\/murs-dexposition-illumines\/comptoir-pixlip-go\/","og_site_name":"Amstel Printing","article_modified_time":"2026-02-18T11:51:26+00:00","og_image":[{"width":700,"height":700,"url":"https:\/\/www.amstelprinting.nl\/wp-content\/uploads\/pixlip-go-balie-bedrukken.png","type":"image\/png"}],"twitter_card":"summary_large_image","twitter_misc":{"Dur\u00e9e de lecture estim\u00e9e":"3 minutes"},"schema":{"@context":"https:\/\/schema.org","@graph":[{"@type":"WebPage","@id":"https:\/\/www.amstelprinting.nl\/fr\/boutique\/salon-et-evenement\/murs-dexposition-illumines\/comptoir-pixlip-go\/","url":"https:\/\/www.amstelprinting.nl\/fr\/boutique\/salon-et-evenement\/murs-dexposition-illumines\/comptoir-pixlip-go\/","name":"Comptoir Pixlip Go mobile avec \u00e9clairage double face | Montage rapide","isPartOf":{"@id":"https:\/\/www.amstelprinting.nl\/fr\/#website"},"primaryImageOfPage":{"@id":"https:\/\/www.amstelprinting.nl\/fr\/boutique\/salon-et-evenement\/murs-dexposition-illumines\/comptoir-pixlip-go\/#primaryimage"},"image":{"@id":"https:\/\/www.amstelprinting.nl\/fr\/boutique\/salon-et-evenement\/murs-dexposition-illumines\/comptoir-pixlip-go\/#primaryimage"},"thumbnailUrl":"https:\/\/www.amstelprinting.nl\/wp-content\/uploads\/pixlip-go-balie-bedrukken.png","datePublished":"2025-01-24T10:26:37+00:00","dateModified":"2026-02-18T11:51:26+00:00","description":"Impressionnez sur chaque salon avec le comptoir mobile Pixlip Go. \u00c9clairage clair double face, cadre ultra-l\u00e9ger en plastique recycl\u00e9 et montage rapide.","breadcrumb":{"@id":"https:\/\/www.amstelprinting.nl\/fr\/boutique\/salon-et-evenement\/murs-dexposition-illumines\/comptoir-pixlip-go\/#breadcrumb"},"inLanguage":"fr-FR","potentialAction":[{"@type":"ReadAction","target":["https:\/\/www.amstelprinting.nl\/fr\/boutique\/salon-et-evenement\/murs-dexposition-illumines\/comptoir-pixlip-go\/"]}]},{"@type":"ImageObject","inLanguage":"fr-FR","@id":"https:\/\/www.amstelprinting.nl\/fr\/boutique\/salon-et-evenement\/murs-dexposition-illumines\/comptoir-pixlip-go\/#primaryimage","url":"https:\/\/www.amstelprinting.nl\/wp-content\/uploads\/pixlip-go-balie-bedrukken.png","contentUrl":"https:\/\/www.amstelprinting.nl\/wp-content\/uploads\/pixlip-go-balie-bedrukken.png","width":700,"height":700},{"@type":"BreadcrumbList","@id":"https:\/\/www.amstelprinting.nl\/fr\/boutique\/salon-et-evenement\/murs-dexposition-illumines\/comptoir-pixlip-go\/#breadcrumb","itemListElement":[{"@type":"ListItem","position":1,"name":"","item":"https:\/\/www.amstelprinting.nl\/fr\/"},{"@type":"ListItem","position":2,"name":"Amstel Printing","item":"https:\/\/www.amstelprinting.nl\/fr\/boutique\/"},{"@type":"ListItem","position":3,"name":"Publicit\u00e9 int\u00e9rieure","item":"https:\/\/www.amstelprinting.nl\/fr\/categorie\/publicite-interieure\/"},{"@type":"ListItem","position":4,"name":"Pr\u00e9sentation","item":"https:\/\/www.amstelprinting.nl\/fr\/categorie\/publicite-interieure\/presentation\/"},{"@type":"ListItem","position":5,"name":"Comptoir Pixlip Go"}]},{"@type":"WebSite","@id":"https:\/\/www.amstelprinting.nl\/fr\/#website","url":"https:\/\/www.amstelprinting.nl\/fr\/","name":"Amstel Printing","description":"Creating Exposure","publisher":{"@id":"https:\/\/www.amstelprinting.nl\/fr\/#organization"},"potentialAction":[{"@type":"SearchAction","target":{"@type":"EntryPoint","urlTemplate":"https:\/\/www.amstelprinting.nl\/fr\/?s={search_term_string}"},"query-input":{"@type":"PropertyValueSpecification","valueRequired":true,"valueName":"search_term_string"}}],"inLanguage":"fr-FR"},{"@type":"Organization","@id":"https:\/\/www.amstelprinting.nl\/fr\/#organization","name":"Amstel Printing","url":"https:\/\/www.amstelprinting.nl\/fr\/","logo":{"@type":"ImageObject","inLanguage":"fr-FR","@id":"https:\/\/www.amstelprinting.nl\/fr\/#\/schema\/logo\/image\/","url":"https:\/\/www.amstelprinting.nl\/wp-content\/uploads\/amstel_printing_logo_clean.png","contentUrl":"https:\/\/www.amstelprinting.nl\/wp-content\/uploads\/amstel_printing_logo_clean.png","width":324,"height":73,"caption":"Amstel Printing"},"image":{"@id":"https:\/\/www.amstelprinting.nl\/fr\/#\/schema\/logo\/image\/"}}]}},"_links":{"self":[{"href":"https:\/\/www.amstelprinting.nl\/fr\/wp-json\/wp\/v2\/product\/14957","targetHints":{"allow":["GET"]}}],"collection":[{"href":"https:\/\/www.amstelprinting.nl\/fr\/wp-json\/wp\/v2\/product"}],"about":[{"href":"https:\/\/www.amstelprinting.nl\/fr\/wp-json\/wp\/v2\/types\/product"}],"wp:featuredmedia":[{"embeddable":true,"href":"https:\/\/www.amstelprinting.nl\/fr\/wp-json\/wp\/v2\/media\/14958"}],"wp:attachment":[{"href":"https:\/\/www.amstelprinting.nl\/fr\/wp-json\/wp\/v2\/media?parent=14957"}],"wp:term":[{"taxonomy":"product_brand","embeddable":true,"href":"https:\/\/www.amstelprinting.nl\/fr\/wp-json\/wp\/v2\/product_brand?post=14957"},{"taxonomy":"product_cat","embeddable":true,"href":"https:\/\/www.amstelprinting.nl\/fr\/wp-json\/wp\/v2\/product_cat?post=14957"},{"taxonomy":"product_tag","embeddable":true,"href":"https:\/\/www.amstelprinting.nl\/fr\/wp-json\/wp\/v2\/product_tag?post=14957"}],"curies":[{"name":"wp","href":"https:\/\/api.w.org\/{rel}","templated":true}]}}