{"id":14968,"date":"2025-01-24T11:25:06","date_gmt":"2025-01-24T10:25:06","guid":{"rendered":"https:\/\/www.amstelprinting.nl\/winkel\/non%20class\u00e9\/roll-up-banners\/"},"modified":"2026-04-14T14:55:02","modified_gmt":"2026-04-14T12:55:02","slug":"roll-up-banners","status":"publish","type":"product","link":"https:\/\/www.amstelprinting.nl\/fr\/boutique\/salon-et-evenement\/enroulez-les-bannieres\/roll-up-banners\/","title":{"rendered":"Roll-up banners"},"content":{"rendered":"<h2><strong>Avantages des Roll-up Banners<\/strong><\/h2>\n<ul>\n<li>Install\u00e9 en moins de 5 secondes<\/li>\n<li>Livraison rapide (souvent sous 1 jour ouvr\u00e9)<\/li>\n<li>Disponible en option : le spot halog\u00e8ne<\/li>\n<li>Choix entre diff\u00e9rents types et mat\u00e9riaux<\/li>\n<li>Certificat B1 pour la s\u00e9curit\u00e9 incendie<\/li>\n<li>Transport facile dans le sac de transport (sauf variante budget).<\/li>\n<\/ul>\n<p>&nbsp;<\/p>\n<h2><strong>Aper\u00e7u des Roll-up Banners : faites le bon choix<\/strong><\/h2>\n<p>&nbsp;<\/p>\n<h3>Roll-up Banner Budget<\/h3>\n<p>Vous cherchez un roll-up banner que vous ne souhaitez utiliser que quelques fois ? Alors le <a href=\"https:\/\/www.amstelprinting.nl\/fr\/boutique\/salon-et-evenement\/enroulez-les-bannieres\/roll-up-banner-budget\/\">roll-up banner budget est un excellent choix<\/a>. Ce mod\u00e8le abordable dispose d&rsquo;une cassette avec deux pieds escamotables, ce qui assure une stabilit\u00e9 suppl\u00e9mentaire. Ce Roll-up banner est \u00e9galement disponible en version noire.<\/p>\n<h3>Roll-up Banner Premium<\/h3>\n<p>Si vous recherchez un banner utilisable de mani\u00e8re r\u00e9p\u00e9t\u00e9e, le <a href=\"https:\/\/www.amstelprinting.nl\/fr\/boutique\/salon-et-evenement\/enroulez-les-bannieres\/banniere-roll-up-premium\/\">roll-up banner premium est id\u00e9al<\/a>, \u00e9galement disponible en version noire. Ce banner poss\u00e8de une cassette avec un pied escamotable et est livr\u00e9 avec un sac de transport en nylon pratique.<\/p>\n<h3>Roll-up Banner Deluxe<\/h3>\n<p><a href=\"https:\/\/www.amstelprinting.nl\/fr\/boutique\/salon-et-evenement\/enroulez-les-bannieres\/roll-up-banner-deluxe\/\">Le roll-up banner deluxe<\/a> offre un aspect luxueux sans pieds escamotables, ce qui assure une pr\u00e9sentation \u00e9pur\u00e9e et stable. Ce banner est \u00e9galement disponible en version noire et est livr\u00e9 de s\u00e9rie avec un sac de transport en nylon.<\/p>\n<h3>Roll-up Banner XXL<\/h3>\n<p>Pour les formats extra-larges et un impact maximal, le roll-up banner XXL est le choix parfait. Ce syst\u00e8me est con\u00e7u pour un usage r\u00e9p\u00e9t\u00e9 et poss\u00e8de une cassette avec deux pieds escamotables pour plus de stabilit\u00e9. <a href=\"https:\/\/www.amstelprinting.nl\/fr\/boutique\/salon-et-evenement\/enroulez-les-bannieres\/roll-up-xxl\/\">Le Roll-up banner XXL<\/a> est relativement facile \u00e0 transporter dans le sac de transport fourni.<\/p>\n<h3>Roll-up Banner Outdoor<\/h3>\n<p><a href=\"https:\/\/www.amstelprinting.nl\/fr\/boutique\/salon-et-evenement\/enroulez-les-bannieres\/roll-up-banner-exterieur\/\">Syst\u00e8me de Roll-up banner Outdoor<\/a>, adapt\u00e9 (comme son nom l&rsquo;indique) \u00e0 un usage ext\u00e9rieur. Il s&rsquo;agit d&rsquo;une cassette plus lourde dot\u00e9e de pieds plus longs. Ce Roll-up Banner Outdoor peut \u00e9galement \u00eatre ancr\u00e9 au sol (pour plus de stabilit\u00e9) \u00e0 l&rsquo;aide des sardines fournies. Le Roll-up Banner Outdoor est \u00e9galement livr\u00e9 avec un sac de transport.<\/p>\n<h3>Roll-up Banner Deluxe Double<\/h3>\n<p><a href=\"https:\/\/www.amstelprinting.nl\/fr\/boutique\/salon-et-evenement\/enroulez-les-bannieres\/roll-up-double\/\">Le Roll-up banner Deluxe double est un banner double face<\/a> avec un syst\u00e8me d&rsquo;enroulement, assurant une visibilit\u00e9 des deux c\u00f4t\u00e9s. Cela en fait un excellent choix pour une utilisation au milieu d&rsquo;une pi\u00e8ce. Sac de transport en nylon inclus.<\/p>\n<h3>X-banner<\/h3>\n<p><a href=\"https:\/\/www.amstelprinting.nl\/fr\/boutique\/salon-et-evenement\/enroulez-les-bannieres\/x-banner\/\">Le X-banner est une alternative \u00e9conomique<\/a> au roll-up banner et convient \u00e0 un usage r\u00e9p\u00e9t\u00e9. Ce syst\u00e8me l\u00e9ger est facile \u00e0 assembler et a un format de 80 x 200 cm.<\/p>\n<h3>L-banner<\/h3>\n<p><a href=\"https:\/\/www.amstelprinting.nl\/fr\/boutique\/salon-et-evenement\/enroulez-les-bannieres\/banniere-en-l\/\">Le L-banner est une autre option abordable<\/a> pour les roll-up banners, avec un syst\u00e8me en L facile \u00e0 installer. Disponible en deux formats.<\/p>\n<h2><strong>Mat\u00e9riaux<\/strong><\/h2>\n<p>Pour le Roll-up Banner, nous proposons une large gamme de mat\u00e9riaux. Tous les mat\u00e9riaux disposent d&rsquo;un certificat B1, ce qui signifie qu&rsquo;ils r\u00e9pondent aux normes europ\u00e9ennes de s\u00e9curit\u00e9 incendie.<\/p>\n<ul>\n<li><strong>Banner 510<\/strong>: Option la plus command\u00e9e. B\u00e2che PVC avec une finition brillante, adapt\u00e9e \u00e0 un usage int\u00e9rieur comme ext\u00e9rieur.<\/li>\n<li><strong>Airtex<\/strong>: B\u00e2che PVC infroissable de 330 gr.\/m\u00b2 et facile \u00e0 utiliser.<\/li>\n<li><strong>SanoTex<\/strong>: Toile sans PVC durable avec dos gris et respectueuse de l&rsquo;environnement.<\/li>\n<li><strong>Banner Noir-Blanc<\/strong>: B\u00e2che PVC block-out avec dos noir, adapt\u00e9e pour l&rsquo;int\u00e9rieur et l&rsquo;ext\u00e9rieur.<\/li>\n<\/ul>\n<p>Cr\u00e9ez facilement votre propre design pour le roll-up banner \u00e0 l&rsquo;aide des maquettes disponibles dans les t\u00e9l\u00e9chargements. Nos roll-up banners allient facilit\u00e9 d&rsquo;utilisation, mobilit\u00e9 et aspect professionnel avec durabilit\u00e9 et polyvalence. Ils sont con\u00e7us pour faire une impression durable et garantir que votre message soit remarqu\u00e9. Si vous souhaitez en savoir plus sur les co\u00fbts r\u00e9els d&rsquo;un roll-up banner moins cher, lisez <a href=\"https:\/\/www.amstelprinting.nl\/fr\/base-de-connaissances\/\">notre article sur les co\u00fbts r\u00e9els des roll-up banners bon march\u00e9<\/a>.<\/p>\n<p>Nous disposons \u00e9galement d&rsquo;un <a href=\"https:\/\/www.amstelprinting.nl\/kennisbank\/budget-premium-deluxe-roll-up-banner-kiezen\/\">guide de s\u00e9lection pratique, au cas o\u00f9 vous h\u00e9siteriez entre l&rsquo;achat d&rsquo;un roll-up banner budget, premium ou deluxe<\/a>.<\/p>\n<h2><strong>Questions fr\u00e9quemment pos\u00e9es sur les Roll-up Banners<\/strong><\/h2>\n<p><strong>Puis-je remplacer un banner moi-m\u00eame ?<\/strong><br \/>\nOui, il est possible de remplacer le banner soi-m\u00eame sur les mod\u00e8les Premium, Deluxe et XXL. Ces cassettes sont con\u00e7ues pour faciliter le remplacement du banner, afin que vous puissiez le faire rapidement et efficacement.<\/p>\n<p><strong>\u00c0 quoi dois-je faire attention lors de l&rsquo;installation du Roll-up banner ?<\/strong><br \/>\nLors de l&rsquo;installation du Roll-up banner, il est important de veiller \u00e0 ne pas trop d\u00e9rouler la toile. Cela permet d&rsquo;\u00e9viter des dommages irr\u00e9parables au syst\u00e8me. N&rsquo;oubliez pas non plus de bien refixer la goupille dans la cassette. Cette goupille est essentielle pour fixer la toile, ce qui facilitera le remplacement ult\u00e9rieur du Roll-up banner. Assurez-vous que tout est bien fix\u00e9 avant de d\u00e9rouler compl\u00e8tement le Roll-up banner.<\/p>\n","protected":false},"excerpt":{"rendered":"<h3>Banners Autoportants en Cassette<\/h3>\n<p>Le Roll-up banner &#8211; caract\u00e9ris\u00e9 par son syst\u00e8me d&rsquo;enroulement compact contenant l&rsquo;impression. Aujourd&rsquo;hui, le Roll-up banner est disponible dans de nombreuses variantes. Que vous organisiez un salon, donniez une pr\u00e9sentation importante ou souhaitiez embellir vos locaux, nos roll-up banners offrent la solution parfaite pour chaque occasion. Avec une gamme d&rsquo;options adapt\u00e9es \u00e0 diff\u00e9rents budgets et fr\u00e9quences d&rsquo;utilisation, vous \u00eates assur\u00e9 de trouver le roll-up banner id\u00e9al.<\/p>\n","protected":false},"featured_media":25246,"template":"","meta":{"_et_pb_use_builder":"","_et_pb_old_content":"","_et_gb_content_width":""},"product_brand":[],"product_cat":[402,387,380,428],"product_tag":[],"class_list":{"0":"post-14968","1":"product","2":"type-product","3":"status-publish","4":"has-post-thumbnail","6":"product_cat-enroulez-les-bannieres","7":"product_cat-presentation","8":"product_cat-publicite-interieure","9":"product_cat-salon-et-evenement","11":"first","12":"instock","13":"featured","14":"taxable","15":"shipping-taxable","16":"purchasable","17":"product-type-simple"},"yoast_head":"<!-- This site is optimized with the Yoast SEO plugin v27.3 - https:\/\/yoast.com\/product\/yoast-seo-wordpress\/ -->\n<title>Roll-up banners | Amstel Printing<\/title>\n<meta name=\"robots\" content=\"index, follow, max-snippet:-1, max-image-preview:large, max-video-preview:-1\" \/>\n<link rel=\"canonical\" href=\"https:\/\/www.amstelprinting.nl\/fr\/boutique\/salon-et-evenement\/enroulez-les-bannieres\/roll-up-banners\/\" \/>\n<meta property=\"og:locale\" content=\"fr_FR\" \/>\n<meta property=\"og:type\" content=\"article\" \/>\n<meta property=\"og:title\" content=\"Roll-up banners | Amstel Printing\" \/>\n<meta property=\"og:description\" content=\"Banners Autoportants en Cassette Le Roll-up banner - caract\u00e9ris\u00e9 par son syst\u00e8me d&#039;enroulement compact contenant l&#039;impression. Aujourd&#039;hui, le Roll-up banner est disponible dans de nombreuses variantes. Que vous organisiez un salon, donniez une pr\u00e9sentation importante ou souhaitiez embellir vos locaux, nos roll-up banners offrent la solution parfaite pour chaque occasion. Avec une gamme d&#039;options adapt\u00e9es \u00e0 diff\u00e9rents budgets et fr\u00e9quences d&#039;utilisation, vous \u00eates assur\u00e9 de trouver le roll-up banner id\u00e9al.\" \/>\n<meta property=\"og:url\" content=\"https:\/\/www.amstelprinting.nl\/fr\/boutique\/salon-et-evenement\/enroulez-les-bannieres\/roll-up-banners\/\" \/>\n<meta property=\"og:site_name\" content=\"Amstel Printing\" \/>\n<meta property=\"article:modified_time\" content=\"2026-04-14T12:55:02+00:00\" \/>\n<meta property=\"og:image\" content=\"https:\/\/www.amstelprinting.nl\/wp-content\/uploads\/roll-up-banners-bedrukken-1.webp\" \/>\n\t<meta property=\"og:image:width\" content=\"1000\" \/>\n\t<meta property=\"og:image:height\" content=\"1000\" \/>\n\t<meta property=\"og:image:type\" content=\"image\/webp\" \/>\n<meta name=\"twitter:card\" content=\"summary_large_image\" \/>\n<meta name=\"twitter:label1\" content=\"Dur\u00e9e de lecture estim\u00e9e\" \/>\n\t<meta name=\"twitter:data1\" content=\"4 minutes\" \/>\n<script type=\"application\/ld+json\" class=\"yoast-schema-graph\">{\"@context\":\"https:\\\/\\\/schema.org\",\"@graph\":[{\"@type\":\"WebPage\",\"@id\":\"https:\\\/\\\/www.amstelprinting.nl\\\/fr\\\/boutique\\\/salon-et-evenement\\\/enroulez-les-bannieres\\\/roll-up-banners\\\/\",\"url\":\"https:\\\/\\\/www.amstelprinting.nl\\\/fr\\\/boutique\\\/salon-et-evenement\\\/enroulez-les-bannieres\\\/roll-up-banners\\\/\",\"name\":\"Roll-up banners | Amstel Printing\",\"isPartOf\":{\"@id\":\"https:\\\/\\\/www.amstelprinting.nl\\\/fr\\\/#website\"},\"primaryImageOfPage\":{\"@id\":\"https:\\\/\\\/www.amstelprinting.nl\\\/fr\\\/boutique\\\/salon-et-evenement\\\/enroulez-les-bannieres\\\/roll-up-banners\\\/#primaryimage\"},\"image\":{\"@id\":\"https:\\\/\\\/www.amstelprinting.nl\\\/fr\\\/boutique\\\/salon-et-evenement\\\/enroulez-les-bannieres\\\/roll-up-banners\\\/#primaryimage\"},\"thumbnailUrl\":\"https:\\\/\\\/www.amstelprinting.nl\\\/wp-content\\\/uploads\\\/roll-up-banners-bedrukken-1.webp\",\"datePublished\":\"2025-01-24T10:25:06+00:00\",\"dateModified\":\"2026-04-14T12:55:02+00:00\",\"breadcrumb\":{\"@id\":\"https:\\\/\\\/www.amstelprinting.nl\\\/fr\\\/boutique\\\/salon-et-evenement\\\/enroulez-les-bannieres\\\/roll-up-banners\\\/#breadcrumb\"},\"inLanguage\":\"fr-FR\",\"potentialAction\":[{\"@type\":\"ReadAction\",\"target\":[\"https:\\\/\\\/www.amstelprinting.nl\\\/fr\\\/boutique\\\/salon-et-evenement\\\/enroulez-les-bannieres\\\/roll-up-banners\\\/\"]}]},{\"@type\":\"ImageObject\",\"inLanguage\":\"fr-FR\",\"@id\":\"https:\\\/\\\/www.amstelprinting.nl\\\/fr\\\/boutique\\\/salon-et-evenement\\\/enroulez-les-bannieres\\\/roll-up-banners\\\/#primaryimage\",\"url\":\"https:\\\/\\\/www.amstelprinting.nl\\\/wp-content\\\/uploads\\\/roll-up-banners-bedrukken-1.webp\",\"contentUrl\":\"https:\\\/\\\/www.amstelprinting.nl\\\/wp-content\\\/uploads\\\/roll-up-banners-bedrukken-1.webp\",\"width\":1000,\"height\":1000},{\"@type\":\"BreadcrumbList\",\"@id\":\"https:\\\/\\\/www.amstelprinting.nl\\\/fr\\\/boutique\\\/salon-et-evenement\\\/enroulez-les-bannieres\\\/roll-up-banners\\\/#breadcrumb\",\"itemListElement\":[{\"@type\":\"ListItem\",\"position\":1,\"name\":\"\",\"item\":\"https:\\\/\\\/www.amstelprinting.nl\\\/fr\\\/\"},{\"@type\":\"ListItem\",\"position\":2,\"name\":\"Amstel Printing\",\"item\":\"https:\\\/\\\/www.amstelprinting.nl\\\/fr\\\/boutique\\\/\"},{\"@type\":\"ListItem\",\"position\":3,\"name\":\"Publicit\u00e9 int\u00e9rieure\",\"item\":\"https:\\\/\\\/www.amstelprinting.nl\\\/fr\\\/categorie\\\/publicite-interieure\\\/\"},{\"@type\":\"ListItem\",\"position\":4,\"name\":\"Pr\u00e9sentation\",\"item\":\"https:\\\/\\\/www.amstelprinting.nl\\\/fr\\\/categorie\\\/publicite-interieure\\\/presentation\\\/\"},{\"@type\":\"ListItem\",\"position\":5,\"name\":\"Roll-up banners\"}]},{\"@type\":\"WebSite\",\"@id\":\"https:\\\/\\\/www.amstelprinting.nl\\\/fr\\\/#website\",\"url\":\"https:\\\/\\\/www.amstelprinting.nl\\\/fr\\\/\",\"name\":\"Amstel Printing\",\"description\":\"Creating Exposure\",\"publisher\":{\"@id\":\"https:\\\/\\\/www.amstelprinting.nl\\\/fr\\\/#organization\"},\"potentialAction\":[{\"@type\":\"SearchAction\",\"target\":{\"@type\":\"EntryPoint\",\"urlTemplate\":\"https:\\\/\\\/www.amstelprinting.nl\\\/fr\\\/?s={search_term_string}\"},\"query-input\":{\"@type\":\"PropertyValueSpecification\",\"valueRequired\":true,\"valueName\":\"search_term_string\"}}],\"inLanguage\":\"fr-FR\"},{\"@type\":\"Organization\",\"@id\":\"https:\\\/\\\/www.amstelprinting.nl\\\/fr\\\/#organization\",\"name\":\"Amstel Printing\",\"url\":\"https:\\\/\\\/www.amstelprinting.nl\\\/fr\\\/\",\"logo\":{\"@type\":\"ImageObject\",\"inLanguage\":\"fr-FR\",\"@id\":\"https:\\\/\\\/www.amstelprinting.nl\\\/fr\\\/#\\\/schema\\\/logo\\\/image\\\/\",\"url\":\"https:\\\/\\\/www.amstelprinting.nl\\\/wp-content\\\/uploads\\\/amstel_printing_logo_clean.png\",\"contentUrl\":\"https:\\\/\\\/www.amstelprinting.nl\\\/wp-content\\\/uploads\\\/amstel_printing_logo_clean.png\",\"width\":324,\"height\":73,\"caption\":\"Amstel Printing\"},\"image\":{\"@id\":\"https:\\\/\\\/www.amstelprinting.nl\\\/fr\\\/#\\\/schema\\\/logo\\\/image\\\/\"}}]}<\/script>\n<!-- \/ Yoast SEO plugin. -->","yoast_head_json":{"title":"Roll-up banners | Amstel Printing","robots":{"index":"index","follow":"follow","max-snippet":"max-snippet:-1","max-image-preview":"max-image-preview:large","max-video-preview":"max-video-preview:-1"},"canonical":"https:\/\/www.amstelprinting.nl\/fr\/boutique\/salon-et-evenement\/enroulez-les-bannieres\/roll-up-banners\/","og_locale":"fr_FR","og_type":"article","og_title":"Roll-up banners | Amstel Printing","og_description":"Banners Autoportants en Cassette Le Roll-up banner - caract\u00e9ris\u00e9 par son syst\u00e8me d'enroulement compact contenant l'impression. Aujourd'hui, le Roll-up banner est disponible dans de nombreuses variantes. Que vous organisiez un salon, donniez une pr\u00e9sentation importante ou souhaitiez embellir vos locaux, nos roll-up banners offrent la solution parfaite pour chaque occasion. Avec une gamme d'options adapt\u00e9es \u00e0 diff\u00e9rents budgets et fr\u00e9quences d'utilisation, vous \u00eates assur\u00e9 de trouver le roll-up banner id\u00e9al.","og_url":"https:\/\/www.amstelprinting.nl\/fr\/boutique\/salon-et-evenement\/enroulez-les-bannieres\/roll-up-banners\/","og_site_name":"Amstel Printing","article_modified_time":"2026-04-14T12:55:02+00:00","og_image":[{"width":1000,"height":1000,"url":"https:\/\/www.amstelprinting.nl\/wp-content\/uploads\/roll-up-banners-bedrukken-1.webp","type":"image\/webp"}],"twitter_card":"summary_large_image","twitter_misc":{"Dur\u00e9e de lecture estim\u00e9e":"4 minutes"},"schema":{"@context":"https:\/\/schema.org","@graph":[{"@type":"WebPage","@id":"https:\/\/www.amstelprinting.nl\/fr\/boutique\/salon-et-evenement\/enroulez-les-bannieres\/roll-up-banners\/","url":"https:\/\/www.amstelprinting.nl\/fr\/boutique\/salon-et-evenement\/enroulez-les-bannieres\/roll-up-banners\/","name":"Roll-up banners | Amstel Printing","isPartOf":{"@id":"https:\/\/www.amstelprinting.nl\/fr\/#website"},"primaryImageOfPage":{"@id":"https:\/\/www.amstelprinting.nl\/fr\/boutique\/salon-et-evenement\/enroulez-les-bannieres\/roll-up-banners\/#primaryimage"},"image":{"@id":"https:\/\/www.amstelprinting.nl\/fr\/boutique\/salon-et-evenement\/enroulez-les-bannieres\/roll-up-banners\/#primaryimage"},"thumbnailUrl":"https:\/\/www.amstelprinting.nl\/wp-content\/uploads\/roll-up-banners-bedrukken-1.webp","datePublished":"2025-01-24T10:25:06+00:00","dateModified":"2026-04-14T12:55:02+00:00","breadcrumb":{"@id":"https:\/\/www.amstelprinting.nl\/fr\/boutique\/salon-et-evenement\/enroulez-les-bannieres\/roll-up-banners\/#breadcrumb"},"inLanguage":"fr-FR","potentialAction":[{"@type":"ReadAction","target":["https:\/\/www.amstelprinting.nl\/fr\/boutique\/salon-et-evenement\/enroulez-les-bannieres\/roll-up-banners\/"]}]},{"@type":"ImageObject","inLanguage":"fr-FR","@id":"https:\/\/www.amstelprinting.nl\/fr\/boutique\/salon-et-evenement\/enroulez-les-bannieres\/roll-up-banners\/#primaryimage","url":"https:\/\/www.amstelprinting.nl\/wp-content\/uploads\/roll-up-banners-bedrukken-1.webp","contentUrl":"https:\/\/www.amstelprinting.nl\/wp-content\/uploads\/roll-up-banners-bedrukken-1.webp","width":1000,"height":1000},{"@type":"BreadcrumbList","@id":"https:\/\/www.amstelprinting.nl\/fr\/boutique\/salon-et-evenement\/enroulez-les-bannieres\/roll-up-banners\/#breadcrumb","itemListElement":[{"@type":"ListItem","position":1,"name":"","item":"https:\/\/www.amstelprinting.nl\/fr\/"},{"@type":"ListItem","position":2,"name":"Amstel Printing","item":"https:\/\/www.amstelprinting.nl\/fr\/boutique\/"},{"@type":"ListItem","position":3,"name":"Publicit\u00e9 int\u00e9rieure","item":"https:\/\/www.amstelprinting.nl\/fr\/categorie\/publicite-interieure\/"},{"@type":"ListItem","position":4,"name":"Pr\u00e9sentation","item":"https:\/\/www.amstelprinting.nl\/fr\/categorie\/publicite-interieure\/presentation\/"},{"@type":"ListItem","position":5,"name":"Roll-up banners"}]},{"@type":"WebSite","@id":"https:\/\/www.amstelprinting.nl\/fr\/#website","url":"https:\/\/www.amstelprinting.nl\/fr\/","name":"Amstel Printing","description":"Creating Exposure","publisher":{"@id":"https:\/\/www.amstelprinting.nl\/fr\/#organization"},"potentialAction":[{"@type":"SearchAction","target":{"@type":"EntryPoint","urlTemplate":"https:\/\/www.amstelprinting.nl\/fr\/?s={search_term_string}"},"query-input":{"@type":"PropertyValueSpecification","valueRequired":true,"valueName":"search_term_string"}}],"inLanguage":"fr-FR"},{"@type":"Organization","@id":"https:\/\/www.amstelprinting.nl\/fr\/#organization","name":"Amstel Printing","url":"https:\/\/www.amstelprinting.nl\/fr\/","logo":{"@type":"ImageObject","inLanguage":"fr-FR","@id":"https:\/\/www.amstelprinting.nl\/fr\/#\/schema\/logo\/image\/","url":"https:\/\/www.amstelprinting.nl\/wp-content\/uploads\/amstel_printing_logo_clean.png","contentUrl":"https:\/\/www.amstelprinting.nl\/wp-content\/uploads\/amstel_printing_logo_clean.png","width":324,"height":73,"caption":"Amstel Printing"},"image":{"@id":"https:\/\/www.amstelprinting.nl\/fr\/#\/schema\/logo\/image\/"}}]}},"_links":{"self":[{"href":"https:\/\/www.amstelprinting.nl\/fr\/wp-json\/wp\/v2\/product\/14968","targetHints":{"allow":["GET"]}}],"collection":[{"href":"https:\/\/www.amstelprinting.nl\/fr\/wp-json\/wp\/v2\/product"}],"about":[{"href":"https:\/\/www.amstelprinting.nl\/fr\/wp-json\/wp\/v2\/types\/product"}],"wp:featuredmedia":[{"embeddable":true,"href":"https:\/\/www.amstelprinting.nl\/fr\/wp-json\/wp\/v2\/media\/25246"}],"wp:attachment":[{"href":"https:\/\/www.amstelprinting.nl\/fr\/wp-json\/wp\/v2\/media?parent=14968"}],"wp:term":[{"taxonomy":"product_brand","embeddable":true,"href":"https:\/\/www.amstelprinting.nl\/fr\/wp-json\/wp\/v2\/product_brand?post=14968"},{"taxonomy":"product_cat","embeddable":true,"href":"https:\/\/www.amstelprinting.nl\/fr\/wp-json\/wp\/v2\/product_cat?post=14968"},{"taxonomy":"product_tag","embeddable":true,"href":"https:\/\/www.amstelprinting.nl\/fr\/wp-json\/wp\/v2\/product_tag?post=14968"}],"curies":[{"name":"wp","href":"https:\/\/api.w.org\/{rel}","templated":true}]}}