{"id":14983,"date":"2025-01-24T11:24:57","date_gmt":"2025-01-24T10:24:57","guid":{"rendered":"https:\/\/www.amstelprinting.nl\/winkel\/non%20class\u00e9\/premium-roll-up-banner\/"},"modified":"2026-04-14T15:36:42","modified_gmt":"2026-04-14T13:36:42","slug":"banniere-roll-up-premium","status":"publish","type":"product","link":"https:\/\/www.amstelprinting.nl\/fr\/boutique\/salon-et-evenement\/enroulez-les-bannieres\/banniere-roll-up-premium\/","title":{"rendered":"Banni\u00e8re roll-up Premium"},"content":{"rendered":"<h3>Commander une banni\u00e8re roll-up Premium<\/h3>\n<p>La banni\u00e8re roll-up Premium est con\u00e7ue pour une utilisation fr\u00e9quente. La cassette premium est disponible en argent (aluminium) ou en noir et est \u00e9quip\u00e9e d&rsquo;un pied t\u00e9lescopique, garantissant stabilit\u00e9 et facilit\u00e9 d&rsquo;utilisation. Pour votre banni\u00e8re roll-up Premium, vous avez le choix entre trois formats diff\u00e9rents : 85 cm x 200 cm, 100 cm x 200 cm ou 120 cm x 200 cm. De plus, nous proposons une large gamme de mat\u00e9riaux pour votre banni\u00e8re roll-up :<\/p>\n<ul>\n<li><strong>Banner 510<\/strong> : Toile PVC avec une finition brillante, adapt\u00e9e \u00e0 une utilisation int\u00e9rieure et ext\u00e9rieure. Certifi\u00e9e B1 pour la s\u00e9curit\u00e9 incendie.<\/li>\n<li><strong>Airtex<\/strong> : Toile PVC infroissable de 330 gr.\/m2, facile \u00e0 utiliser et certifi\u00e9e B1 pour la s\u00e9curit\u00e9.<\/li>\n<li><strong>SanoTex<\/strong> : Toile durable sans PVC avec dos gris, \u00e9cologique et dot\u00e9e d&rsquo;un certificat incendie.<\/li>\n<li><strong>Banni\u00e8re Noir-Blanc<\/strong> : Toile PVC block-out avec dos noir, adapt\u00e9e pour l&rsquo;int\u00e9rieur et l&rsquo;ext\u00e9rieur, avec certificat B1.<\/li>\n<li><strong>Mat\u00e9riau Roll Up<\/strong> : Toile PVC hydrofuge, id\u00e9ale pour un usage int\u00e9rieur.<\/li>\n<\/ul>\n<p>&nbsp;<\/p>\n<h3>Avantages de la banni\u00e8re roll-up Premium<\/h3>\n<ul>\n<li>Adapt\u00e9e \u00e0 un usage multiple<\/li>\n<li>Disponible en cinq formats fixes<\/li>\n<li>Pr\u00eate pour la pr\u00e9sentation en quelques minutes<\/li>\n<li>La banni\u00e8re est rempla\u00e7able (en cas de changement de design)<\/li>\n<li>Choisissez une cassette selon vos envies : en aluminium (argent) ou noir<\/li>\n<li>Sac de transport pratique inclus pour un transport compact<\/li>\n<li>Ignifuge : mat\u00e9riau certifi\u00e9 B1<\/li>\n<li>Commandez de l&rsquo;\u00e9clairage en option<\/li>\n<\/ul>\n<p>&nbsp;<\/p>\n<h3>Transport compact<\/h3>\n<p>Chaque banni\u00e8re roll-up Premium est livr\u00e9e avec un sac de transport en nylon pour un transport et un stockage faciles.<\/p>\n<h3>Accessoires<\/h3>\n<p>Augmentez la visibilit\u00e9 de votre message avec un \u00e9clairage LED optionnel, disponible en aluminium argent\u00e9. Cela permet \u00e0 votre banni\u00e8re de rester efficace m\u00eame dans des environnements sombres.<\/p>\n<p>Faites de votre prochaine pr\u00e9sentation un succ\u00e8s m\u00e9morable avec cette banni\u00e8re roll-up Premium. Gr\u00e2ce \u00e0 sa polyvalence de mat\u00e9riaux, de formats et sa facilit\u00e9 d&rsquo;utilisation, cette banni\u00e8re roll-up garantit une apparence professionnelle. Ajoutez un \u00e9clairage LED optionnel pour un impact suppl\u00e9mentaire dans n&rsquo;importe quel environnement. Choisissez la banni\u00e8re roll-up Premium et faites rayonner votre message.<\/p>\n<h3>Questions fr\u00e9quemment pos\u00e9es<\/h3>\n<p><strong>Puis-je remplacer une banni\u00e8re moi-m\u00eame ?<\/strong><br \/>\nOui, il est possible de remplacer la banni\u00e8re soi-m\u00eame sur les mod\u00e8les Premium, Deluxe et XXL. Ces cassettes sont con\u00e7ues pour faciliter le remplacement de la banni\u00e8re, afin que vous puissiez le faire rapidement et efficacement.<\/p>\n<p><strong>\u00c0 quoi dois-je faire attention lors du montage de la banni\u00e8re roll-up ?<\/strong><br \/>\nLors du montage de la banni\u00e8re roll-up, il est important de veiller \u00e0 ne pas trop d\u00e9rouler la toile. Cela aide \u00e0 pr\u00e9venir des dommages irr\u00e9parables au syst\u00e8me. N&rsquo;oubliez pas non plus de bien fixer la goupille dans la cassette. Cette goupille est essentielle pour fixer la toile, ce qui facilite le remplacement ult\u00e9rieur de la banni\u00e8re roll-up. Assurez-vous que tout est bien fix\u00e9 avant de d\u00e9rouler compl\u00e8tement la banni\u00e8re roll-up.<\/p>\n","protected":false},"excerpt":{"rendered":"<h3>Banni\u00e8re roll-up autoportante dans une cassette compacte, sac de transport inclus<\/h3>\n<p>D\u00e9couvrez la banni\u00e8re roll-up Premium, votre partenaire ultime pour des pr\u00e9sentations r\u00e9ussies en tout lieu. Que vous organisiez une petite r\u00e9union ou que vous installiez un grand stand de salon ; cette banni\u00e8re roll-up Premium allie sans effort style et fonctionnalit\u00e9 pour transmettre votre message de mani\u00e8re professionnelle et percutante. Apr\u00e8s utilisation, il vous suffit de r\u00e9enrouler la banni\u00e8re dans sa cassette (argent ou noire). Le rangement et le transport se font \u00e0 l&rsquo;aide du sac de transport fourni.<\/p>\n","protected":false},"featured_media":14985,"template":"","meta":{"_et_pb_use_builder":"","_et_pb_old_content":"","_et_gb_content_width":""},"product_brand":[],"product_cat":[402,387,380,428],"product_tag":[],"class_list":{"0":"post-14983","1":"product","2":"type-product","3":"status-publish","4":"has-post-thumbnail","6":"product_cat-enroulez-les-bannieres","7":"product_cat-presentation","8":"product_cat-publicite-interieure","9":"product_cat-salon-et-evenement","11":"first","12":"instock","13":"taxable","14":"shipping-taxable","15":"purchasable","16":"product-type-simple"},"yoast_head":"<!-- This site is optimized with the Yoast SEO plugin v27.3 - https:\/\/yoast.com\/product\/yoast-seo-wordpress\/ -->\n<title>Banni\u00e8re Roll-up Premium - Pr\u00e9sentoir Autoportant pour votre Pr\u00e9sentation<\/title>\n<meta name=\"description\" content=\"Commandez d\u00e8s aujourd&#039;hui votre banni\u00e8re roll-up Premium et pr\u00e9sentez votre message avec style et efficacit\u00e9. Livraison le lendemain, montage facile, durable\" \/>\n<meta name=\"robots\" content=\"index, follow, max-snippet:-1, max-image-preview:large, max-video-preview:-1\" \/>\n<link rel=\"canonical\" href=\"https:\/\/www.amstelprinting.nl\/fr\/boutique\/salon-et-evenement\/enroulez-les-bannieres\/banniere-roll-up-premium\/\" \/>\n<meta property=\"og:locale\" content=\"fr_FR\" \/>\n<meta property=\"og:type\" content=\"article\" \/>\n<meta property=\"og:title\" content=\"Banni\u00e8re Roll-up Premium - Pr\u00e9sentoir Autoportant pour votre Pr\u00e9sentation\" \/>\n<meta property=\"og:description\" content=\"Commandez d\u00e8s aujourd&#039;hui votre banni\u00e8re roll-up Premium et pr\u00e9sentez votre message avec style et efficacit\u00e9. Livraison le lendemain, montage facile, durable\" \/>\n<meta property=\"og:url\" content=\"https:\/\/www.amstelprinting.nl\/fr\/boutique\/salon-et-evenement\/enroulez-les-bannieres\/banniere-roll-up-premium\/\" \/>\n<meta property=\"og:site_name\" content=\"Amstel Printing\" \/>\n<meta property=\"article:modified_time\" content=\"2026-04-14T13:36:42+00:00\" \/>\n<meta property=\"og:image\" content=\"https:\/\/www.amstelprinting.nl\/wp-content\/uploads\/roll-up-premium-bedrukken.png\" \/>\n\t<meta property=\"og:image:width\" content=\"900\" \/>\n\t<meta property=\"og:image:height\" content=\"900\" \/>\n\t<meta property=\"og:image:type\" content=\"image\/png\" \/>\n<meta name=\"twitter:card\" content=\"summary_large_image\" \/>\n<meta name=\"twitter:label1\" content=\"Dur\u00e9e de lecture estim\u00e9e\" \/>\n\t<meta name=\"twitter:data1\" content=\"3 minutes\" \/>\n<script type=\"application\/ld+json\" class=\"yoast-schema-graph\">{\"@context\":\"https:\\\/\\\/schema.org\",\"@graph\":[{\"@type\":\"WebPage\",\"@id\":\"https:\\\/\\\/www.amstelprinting.nl\\\/fr\\\/boutique\\\/salon-et-evenement\\\/enroulez-les-bannieres\\\/banniere-roll-up-premium\\\/\",\"url\":\"https:\\\/\\\/www.amstelprinting.nl\\\/fr\\\/boutique\\\/salon-et-evenement\\\/enroulez-les-bannieres\\\/banniere-roll-up-premium\\\/\",\"name\":\"Banni\u00e8re Roll-up Premium - Pr\u00e9sentoir Autoportant pour votre Pr\u00e9sentation\",\"isPartOf\":{\"@id\":\"https:\\\/\\\/www.amstelprinting.nl\\\/fr\\\/#website\"},\"primaryImageOfPage\":{\"@id\":\"https:\\\/\\\/www.amstelprinting.nl\\\/fr\\\/boutique\\\/salon-et-evenement\\\/enroulez-les-bannieres\\\/banniere-roll-up-premium\\\/#primaryimage\"},\"image\":{\"@id\":\"https:\\\/\\\/www.amstelprinting.nl\\\/fr\\\/boutique\\\/salon-et-evenement\\\/enroulez-les-bannieres\\\/banniere-roll-up-premium\\\/#primaryimage\"},\"thumbnailUrl\":\"https:\\\/\\\/www.amstelprinting.nl\\\/wp-content\\\/uploads\\\/roll-up-premium-bedrukken.png\",\"datePublished\":\"2025-01-24T10:24:57+00:00\",\"dateModified\":\"2026-04-14T13:36:42+00:00\",\"description\":\"Commandez d\u00e8s aujourd'hui votre banni\u00e8re roll-up Premium et pr\u00e9sentez votre message avec style et efficacit\u00e9. Livraison le lendemain, montage facile, durable\",\"breadcrumb\":{\"@id\":\"https:\\\/\\\/www.amstelprinting.nl\\\/fr\\\/boutique\\\/salon-et-evenement\\\/enroulez-les-bannieres\\\/banniere-roll-up-premium\\\/#breadcrumb\"},\"inLanguage\":\"fr-FR\",\"potentialAction\":[{\"@type\":\"ReadAction\",\"target\":[\"https:\\\/\\\/www.amstelprinting.nl\\\/fr\\\/boutique\\\/salon-et-evenement\\\/enroulez-les-bannieres\\\/banniere-roll-up-premium\\\/\"]}]},{\"@type\":\"ImageObject\",\"inLanguage\":\"fr-FR\",\"@id\":\"https:\\\/\\\/www.amstelprinting.nl\\\/fr\\\/boutique\\\/salon-et-evenement\\\/enroulez-les-bannieres\\\/banniere-roll-up-premium\\\/#primaryimage\",\"url\":\"https:\\\/\\\/www.amstelprinting.nl\\\/wp-content\\\/uploads\\\/roll-up-premium-bedrukken.png\",\"contentUrl\":\"https:\\\/\\\/www.amstelprinting.nl\\\/wp-content\\\/uploads\\\/roll-up-premium-bedrukken.png\",\"width\":900,\"height\":900},{\"@type\":\"BreadcrumbList\",\"@id\":\"https:\\\/\\\/www.amstelprinting.nl\\\/fr\\\/boutique\\\/salon-et-evenement\\\/enroulez-les-bannieres\\\/banniere-roll-up-premium\\\/#breadcrumb\",\"itemListElement\":[{\"@type\":\"ListItem\",\"position\":1,\"name\":\"\",\"item\":\"https:\\\/\\\/www.amstelprinting.nl\\\/fr\\\/\"},{\"@type\":\"ListItem\",\"position\":2,\"name\":\"Amstel Printing\",\"item\":\"https:\\\/\\\/www.amstelprinting.nl\\\/fr\\\/boutique\\\/\"},{\"@type\":\"ListItem\",\"position\":3,\"name\":\"Publicit\u00e9 int\u00e9rieure\",\"item\":\"https:\\\/\\\/www.amstelprinting.nl\\\/fr\\\/categorie\\\/publicite-interieure\\\/\"},{\"@type\":\"ListItem\",\"position\":4,\"name\":\"Pr\u00e9sentation\",\"item\":\"https:\\\/\\\/www.amstelprinting.nl\\\/fr\\\/categorie\\\/publicite-interieure\\\/presentation\\\/\"},{\"@type\":\"ListItem\",\"position\":5,\"name\":\"Banni\u00e8re roll-up Premium\"}]},{\"@type\":\"WebSite\",\"@id\":\"https:\\\/\\\/www.amstelprinting.nl\\\/fr\\\/#website\",\"url\":\"https:\\\/\\\/www.amstelprinting.nl\\\/fr\\\/\",\"name\":\"Amstel Printing\",\"description\":\"Creating Exposure\",\"publisher\":{\"@id\":\"https:\\\/\\\/www.amstelprinting.nl\\\/fr\\\/#organization\"},\"potentialAction\":[{\"@type\":\"SearchAction\",\"target\":{\"@type\":\"EntryPoint\",\"urlTemplate\":\"https:\\\/\\\/www.amstelprinting.nl\\\/fr\\\/?s={search_term_string}\"},\"query-input\":{\"@type\":\"PropertyValueSpecification\",\"valueRequired\":true,\"valueName\":\"search_term_string\"}}],\"inLanguage\":\"fr-FR\"},{\"@type\":\"Organization\",\"@id\":\"https:\\\/\\\/www.amstelprinting.nl\\\/fr\\\/#organization\",\"name\":\"Amstel Printing\",\"url\":\"https:\\\/\\\/www.amstelprinting.nl\\\/fr\\\/\",\"logo\":{\"@type\":\"ImageObject\",\"inLanguage\":\"fr-FR\",\"@id\":\"https:\\\/\\\/www.amstelprinting.nl\\\/fr\\\/#\\\/schema\\\/logo\\\/image\\\/\",\"url\":\"https:\\\/\\\/www.amstelprinting.nl\\\/wp-content\\\/uploads\\\/amstel_printing_logo_clean.png\",\"contentUrl\":\"https:\\\/\\\/www.amstelprinting.nl\\\/wp-content\\\/uploads\\\/amstel_printing_logo_clean.png\",\"width\":324,\"height\":73,\"caption\":\"Amstel Printing\"},\"image\":{\"@id\":\"https:\\\/\\\/www.amstelprinting.nl\\\/fr\\\/#\\\/schema\\\/logo\\\/image\\\/\"}}]}<\/script>\n<!-- \/ Yoast SEO plugin. -->","yoast_head_json":{"title":"Banni\u00e8re Roll-up Premium - Pr\u00e9sentoir Autoportant pour votre Pr\u00e9sentation","description":"Commandez d\u00e8s aujourd'hui votre banni\u00e8re roll-up Premium et pr\u00e9sentez votre message avec style et efficacit\u00e9. Livraison le lendemain, montage facile, durable","robots":{"index":"index","follow":"follow","max-snippet":"max-snippet:-1","max-image-preview":"max-image-preview:large","max-video-preview":"max-video-preview:-1"},"canonical":"https:\/\/www.amstelprinting.nl\/fr\/boutique\/salon-et-evenement\/enroulez-les-bannieres\/banniere-roll-up-premium\/","og_locale":"fr_FR","og_type":"article","og_title":"Banni\u00e8re Roll-up Premium - Pr\u00e9sentoir Autoportant pour votre Pr\u00e9sentation","og_description":"Commandez d\u00e8s aujourd'hui votre banni\u00e8re roll-up Premium et pr\u00e9sentez votre message avec style et efficacit\u00e9. Livraison le lendemain, montage facile, durable","og_url":"https:\/\/www.amstelprinting.nl\/fr\/boutique\/salon-et-evenement\/enroulez-les-bannieres\/banniere-roll-up-premium\/","og_site_name":"Amstel Printing","article_modified_time":"2026-04-14T13:36:42+00:00","og_image":[{"width":900,"height":900,"url":"https:\/\/www.amstelprinting.nl\/wp-content\/uploads\/roll-up-premium-bedrukken.png","type":"image\/png"}],"twitter_card":"summary_large_image","twitter_misc":{"Dur\u00e9e de lecture estim\u00e9e":"3 minutes"},"schema":{"@context":"https:\/\/schema.org","@graph":[{"@type":"WebPage","@id":"https:\/\/www.amstelprinting.nl\/fr\/boutique\/salon-et-evenement\/enroulez-les-bannieres\/banniere-roll-up-premium\/","url":"https:\/\/www.amstelprinting.nl\/fr\/boutique\/salon-et-evenement\/enroulez-les-bannieres\/banniere-roll-up-premium\/","name":"Banni\u00e8re Roll-up Premium - Pr\u00e9sentoir Autoportant pour votre Pr\u00e9sentation","isPartOf":{"@id":"https:\/\/www.amstelprinting.nl\/fr\/#website"},"primaryImageOfPage":{"@id":"https:\/\/www.amstelprinting.nl\/fr\/boutique\/salon-et-evenement\/enroulez-les-bannieres\/banniere-roll-up-premium\/#primaryimage"},"image":{"@id":"https:\/\/www.amstelprinting.nl\/fr\/boutique\/salon-et-evenement\/enroulez-les-bannieres\/banniere-roll-up-premium\/#primaryimage"},"thumbnailUrl":"https:\/\/www.amstelprinting.nl\/wp-content\/uploads\/roll-up-premium-bedrukken.png","datePublished":"2025-01-24T10:24:57+00:00","dateModified":"2026-04-14T13:36:42+00:00","description":"Commandez d\u00e8s aujourd'hui votre banni\u00e8re roll-up Premium et pr\u00e9sentez votre message avec style et efficacit\u00e9. Livraison le lendemain, montage facile, durable","breadcrumb":{"@id":"https:\/\/www.amstelprinting.nl\/fr\/boutique\/salon-et-evenement\/enroulez-les-bannieres\/banniere-roll-up-premium\/#breadcrumb"},"inLanguage":"fr-FR","potentialAction":[{"@type":"ReadAction","target":["https:\/\/www.amstelprinting.nl\/fr\/boutique\/salon-et-evenement\/enroulez-les-bannieres\/banniere-roll-up-premium\/"]}]},{"@type":"ImageObject","inLanguage":"fr-FR","@id":"https:\/\/www.amstelprinting.nl\/fr\/boutique\/salon-et-evenement\/enroulez-les-bannieres\/banniere-roll-up-premium\/#primaryimage","url":"https:\/\/www.amstelprinting.nl\/wp-content\/uploads\/roll-up-premium-bedrukken.png","contentUrl":"https:\/\/www.amstelprinting.nl\/wp-content\/uploads\/roll-up-premium-bedrukken.png","width":900,"height":900},{"@type":"BreadcrumbList","@id":"https:\/\/www.amstelprinting.nl\/fr\/boutique\/salon-et-evenement\/enroulez-les-bannieres\/banniere-roll-up-premium\/#breadcrumb","itemListElement":[{"@type":"ListItem","position":1,"name":"","item":"https:\/\/www.amstelprinting.nl\/fr\/"},{"@type":"ListItem","position":2,"name":"Amstel Printing","item":"https:\/\/www.amstelprinting.nl\/fr\/boutique\/"},{"@type":"ListItem","position":3,"name":"Publicit\u00e9 int\u00e9rieure","item":"https:\/\/www.amstelprinting.nl\/fr\/categorie\/publicite-interieure\/"},{"@type":"ListItem","position":4,"name":"Pr\u00e9sentation","item":"https:\/\/www.amstelprinting.nl\/fr\/categorie\/publicite-interieure\/presentation\/"},{"@type":"ListItem","position":5,"name":"Banni\u00e8re roll-up Premium"}]},{"@type":"WebSite","@id":"https:\/\/www.amstelprinting.nl\/fr\/#website","url":"https:\/\/www.amstelprinting.nl\/fr\/","name":"Amstel Printing","description":"Creating Exposure","publisher":{"@id":"https:\/\/www.amstelprinting.nl\/fr\/#organization"},"potentialAction":[{"@type":"SearchAction","target":{"@type":"EntryPoint","urlTemplate":"https:\/\/www.amstelprinting.nl\/fr\/?s={search_term_string}"},"query-input":{"@type":"PropertyValueSpecification","valueRequired":true,"valueName":"search_term_string"}}],"inLanguage":"fr-FR"},{"@type":"Organization","@id":"https:\/\/www.amstelprinting.nl\/fr\/#organization","name":"Amstel Printing","url":"https:\/\/www.amstelprinting.nl\/fr\/","logo":{"@type":"ImageObject","inLanguage":"fr-FR","@id":"https:\/\/www.amstelprinting.nl\/fr\/#\/schema\/logo\/image\/","url":"https:\/\/www.amstelprinting.nl\/wp-content\/uploads\/amstel_printing_logo_clean.png","contentUrl":"https:\/\/www.amstelprinting.nl\/wp-content\/uploads\/amstel_printing_logo_clean.png","width":324,"height":73,"caption":"Amstel Printing"},"image":{"@id":"https:\/\/www.amstelprinting.nl\/fr\/#\/schema\/logo\/image\/"}}]}},"_links":{"self":[{"href":"https:\/\/www.amstelprinting.nl\/fr\/wp-json\/wp\/v2\/product\/14983","targetHints":{"allow":["GET"]}}],"collection":[{"href":"https:\/\/www.amstelprinting.nl\/fr\/wp-json\/wp\/v2\/product"}],"about":[{"href":"https:\/\/www.amstelprinting.nl\/fr\/wp-json\/wp\/v2\/types\/product"}],"wp:featuredmedia":[{"embeddable":true,"href":"https:\/\/www.amstelprinting.nl\/fr\/wp-json\/wp\/v2\/media\/14985"}],"wp:attachment":[{"href":"https:\/\/www.amstelprinting.nl\/fr\/wp-json\/wp\/v2\/media?parent=14983"}],"wp:term":[{"taxonomy":"product_brand","embeddable":true,"href":"https:\/\/www.amstelprinting.nl\/fr\/wp-json\/wp\/v2\/product_brand?post=14983"},{"taxonomy":"product_cat","embeddable":true,"href":"https:\/\/www.amstelprinting.nl\/fr\/wp-json\/wp\/v2\/product_cat?post=14983"},{"taxonomy":"product_tag","embeddable":true,"href":"https:\/\/www.amstelprinting.nl\/fr\/wp-json\/wp\/v2\/product_tag?post=14983"}],"curies":[{"name":"wp","href":"https:\/\/api.w.org\/{rel}","templated":true}]}}