{"id":14997,"date":"2025-01-24T11:24:48","date_gmt":"2025-01-24T10:24:48","guid":{"rendered":"https:\/\/www.amstelprinting.nl\/winkel\/non%20class\u00e9\/deluxe-roll-up-banner\/"},"modified":"2026-02-18T12:51:27","modified_gmt":"2026-02-18T11:51:27","slug":"roll-up-banner-deluxe","status":"publish","type":"product","link":"https:\/\/www.amstelprinting.nl\/fr\/boutique\/salon-et-evenement\/enroulez-les-bannieres\/roll-up-banner-deluxe\/","title":{"rendered":"Roll-up banner Deluxe"},"content":{"rendered":"<h3>Commander un Roll-up banner Deluxe<\/h3>\n<p>Un Roll-up banner est \u00e9galement appel\u00e9 banderole enroulable, kakemono ou simplement roll-up. Quel que soit son nom : il reste un moyen pratique et abordable d&rsquo;attirer rapidement l&rsquo;attention sur un produit, une entreprise ou un \u00e9v\u00e9nement. Le roll-up banner Deluxe peut \u00eatre r\u00e9utilis\u00e9 \u00e0 maintes reprises, ce qui le rend particuli\u00e8rement pratique. Que vous organisiez une r\u00e9union d&rsquo;affaires, un stand de salon ou un \u00e9v\u00e9nement promotionnel, cette banni\u00e8re offre une polyvalence et une qualit\u00e9 exceptionnelles pour une exp\u00e9rience de pr\u00e9sentation inoubliable.<\/p>\n<h3>Avantages<\/h3>\n<ul>\n<li>Roll-up Banner dans une cassette avec finition de haute qualit\u00e9<\/li>\n<li>Facile \u00e0 utiliser (installation en 2 minutes)<\/li>\n<li>Disponible en deux formats fixes<\/li>\n<li>La banni\u00e8re est rempla\u00e7able (en cas de changement de design)<\/li>\n<li>Choisissez une cassette selon vos souhaits : en aluminium (argent) ou en noir<\/li>\n<li>Comprend un sac de transport pratique pour un transport compact<\/li>\n<li>Ignifug\u00e9 : mat\u00e9riau certifi\u00e9 B1<\/li>\n<li>Commandez l&rsquo;\u00e9clairage en option<\/li>\n<\/ul>\n<p>&nbsp;<\/p>\n<h3>Formats et mat\u00e9riaux<\/h3>\n<p>Le roll-up banner Deluxe est con\u00e7u pour un usage multiple. La cassette est disponible en argent (aluminium) ou en noir. Vous avez le choix entre deux formats fixes : 85 cm x 200 cm et 100 cm x 200 cm, afin de toujours pouvoir choisir la dimension adapt\u00e9e \u00e0 votre pr\u00e9sentation. De plus, nous proposons une large gamme de mat\u00e9riaux de banni\u00e8re :<\/p>\n<ul>\n<li><strong>Banni\u00e8re 510<\/strong> : La plus choisie &#8211; b\u00e2che PVC avec une finition brillante, adapt\u00e9e \u00e0 un usage int\u00e9rieur et ext\u00e9rieur. Certifi\u00e9e B1 pour la s\u00e9curit\u00e9 incendie.<\/li>\n<li><strong>Airtex<\/strong> : Toile PVC infroissable de 330 gr.\/m2, facile \u00e0 utiliser et certifi\u00e9e B1 pour la s\u00e9curit\u00e9.<\/li>\n<li><strong>SanoTex<\/strong> : Toile durable sans PVC avec dos gris, \u00e9cologique et dot\u00e9e d&rsquo;un certificat incendie.<\/li>\n<li><strong>Banni\u00e8re Noir-Blanc<\/strong> : B\u00e2che PVC block-out avec dos noir, adapt\u00e9e \u00e0 l&rsquo;int\u00e9rieur comme \u00e0 l&rsquo;ext\u00e9rieur, avec certificat B1.<\/li>\n<li><strong>Mat\u00e9riau Roll Up<\/strong> : Toile PVC hydrofuge, parfaite pour une utilisation en int\u00e9rieur.<\/li>\n<\/ul>\n<p>&nbsp;<\/p>\n<h3>Transport et stockage<\/h3>\n<p>Chaque roll-up banner Deluxe est livr\u00e9 avec un sac de transport pour un transport et un stockage faciles.<\/p>\n<h3>Accessoires<\/h3>\n<p>Augmentez la visibilit\u00e9 de votre message avec un \u00e9clairage LED en option, disponible en argent ou en noir. Ainsi, votre roll-up banner Deluxe reste efficace m\u00eame dans les environnements sombres.<\/p>\n<p>Optez pour l&rsquo;ultime combinaison d&rsquo;\u00e9l\u00e9gance et d&rsquo;efficacit\u00e9 avec le roll-up banner Deluxe. Avec ses divers mat\u00e9riaux, ses options de cassette \u00e9l\u00e9gantes et ses accessoires pratiques tels que l&rsquo;\u00e9clairage LED en option, le roll-up banner Deluxe garantit un aspect professionnel \u00e0 chaque \u00e9v\u00e9nement. Que vous l&rsquo;utilisiez pour une pr\u00e9sentation ou sur un salon, votre message ne passera jamais inaper\u00e7u et fera toujours forte impression. Faites rayonner votre pr\u00e9sentation avec l&rsquo;\u00e9quilibre parfait entre design et fonctionnalit\u00e9.<\/p>\n<h3>Questions fr\u00e9quemment pos\u00e9es<\/h3>\n<p><strong>Puis-je remplacer une banni\u00e8re moi-m\u00eame ?<\/strong><br \/>\nOui, il est possible de remplacer la banni\u00e8re soi-m\u00eame sur les mod\u00e8les Premium, Deluxe et XXL. Ces cassettes sont con\u00e7ues pour faciliter le remplacement de la banni\u00e8re, vous permettant de le faire rapidement et efficacement.<\/p>\n<p><strong>\u00c0 quoi dois-je faire attention lors de l&rsquo;installation du Roll-up banner ?<\/strong><br \/>\nLors de l&rsquo;installation du roll-up banner Deluxe, il est important de veiller \u00e0 ne pas trop d\u00e9rouler la toile. Cela aide \u00e0 pr\u00e9venir des dommages irr\u00e9parables au syst\u00e8me. N&rsquo;oubliez pas non plus de bien fixer la goupille dans la cassette. Cette goupille est essentielle pour fixer la toile, ce qui facilite le remplacement ult\u00e9rieur du roll-up banner. Assurez-vous que tout est bien fix\u00e9 avant de d\u00e9rouler compl\u00e8tement le roll-up banner.<\/p>\n","protected":false},"excerpt":{"rendered":"<p>Le roll-up banner Deluxe est le fleuron de notre gamme de Roll-up Banners. Ce syst\u00e8me de haute qualit\u00e9 est si solide qu&rsquo;il n&rsquo;a pas besoin de pieds extensibles (contrairement aux autres syst\u00e8mes) pour rester stable. Le roll-up banner Deluxe est disponible en version argent (aluminium) et noire et est livr\u00e9 en standard avec un sac de transport.<\/p>\n","protected":false},"featured_media":14998,"template":"","meta":{"_et_pb_use_builder":"","_et_pb_old_content":"","_et_gb_content_width":""},"product_brand":[],"product_cat":[402,387,380,428],"product_tag":[],"class_list":{"0":"post-14997","1":"product","2":"type-product","3":"status-publish","4":"has-post-thumbnail","6":"product_cat-enroulez-les-bannieres","7":"product_cat-presentation","8":"product_cat-publicite-interieure","9":"product_cat-salon-et-evenement","11":"first","12":"instock","13":"taxable","14":"shipping-taxable","15":"purchasable","16":"product-type-simple"},"yoast_head":"<!-- This site is optimized with the Yoast SEO plugin v27.3 - https:\/\/yoast.com\/product\/yoast-seo-wordpress\/ -->\n<title>Roll-up banner Deluxe - Durable et professionnel<\/title>\n<meta name=\"description\" content=\"Roll-up banner Deluxe, parfait pour les salons et les \u00e9v\u00e9nements. Facile \u00e0 installer, incluant un sac de transport pour le transport vers diff\u00e9rents lieux.\" \/>\n<meta name=\"robots\" content=\"index, follow, max-snippet:-1, max-image-preview:large, max-video-preview:-1\" \/>\n<link rel=\"canonical\" href=\"https:\/\/www.amstelprinting.nl\/fr\/boutique\/salon-et-evenement\/enroulez-les-bannieres\/roll-up-banner-deluxe\/\" \/>\n<meta property=\"og:locale\" content=\"fr_FR\" \/>\n<meta property=\"og:type\" content=\"article\" \/>\n<meta property=\"og:title\" content=\"Roll-up banner Deluxe - Durable et professionnel\" \/>\n<meta property=\"og:description\" content=\"Roll-up banner Deluxe, parfait pour les salons et les \u00e9v\u00e9nements. Facile \u00e0 installer, incluant un sac de transport pour le transport vers diff\u00e9rents lieux.\" \/>\n<meta property=\"og:url\" content=\"https:\/\/www.amstelprinting.nl\/fr\/boutique\/salon-et-evenement\/enroulez-les-bannieres\/roll-up-banner-deluxe\/\" \/>\n<meta property=\"og:site_name\" content=\"Amstel Printing\" \/>\n<meta property=\"article:modified_time\" content=\"2026-02-18T11:51:27+00:00\" \/>\n<meta property=\"og:image\" content=\"https:\/\/www.amstelprinting.nl\/wp-content\/uploads\/roll-up-deluxe-bedrukken-black.png\" \/>\n\t<meta property=\"og:image:width\" content=\"900\" \/>\n\t<meta property=\"og:image:height\" content=\"900\" \/>\n\t<meta property=\"og:image:type\" content=\"image\/png\" \/>\n<meta name=\"twitter:card\" content=\"summary_large_image\" \/>\n<meta name=\"twitter:label1\" content=\"Dur\u00e9e de lecture estim\u00e9e\" \/>\n\t<meta name=\"twitter:data1\" content=\"3 minutes\" \/>\n<script type=\"application\/ld+json\" class=\"yoast-schema-graph\">{\"@context\":\"https:\\\/\\\/schema.org\",\"@graph\":[{\"@type\":\"WebPage\",\"@id\":\"https:\\\/\\\/www.amstelprinting.nl\\\/fr\\\/boutique\\\/salon-et-evenement\\\/enroulez-les-bannieres\\\/roll-up-banner-deluxe\\\/\",\"url\":\"https:\\\/\\\/www.amstelprinting.nl\\\/fr\\\/boutique\\\/salon-et-evenement\\\/enroulez-les-bannieres\\\/roll-up-banner-deluxe\\\/\",\"name\":\"Roll-up banner Deluxe - Durable et professionnel\",\"isPartOf\":{\"@id\":\"https:\\\/\\\/www.amstelprinting.nl\\\/fr\\\/#website\"},\"primaryImageOfPage\":{\"@id\":\"https:\\\/\\\/www.amstelprinting.nl\\\/fr\\\/boutique\\\/salon-et-evenement\\\/enroulez-les-bannieres\\\/roll-up-banner-deluxe\\\/#primaryimage\"},\"image\":{\"@id\":\"https:\\\/\\\/www.amstelprinting.nl\\\/fr\\\/boutique\\\/salon-et-evenement\\\/enroulez-les-bannieres\\\/roll-up-banner-deluxe\\\/#primaryimage\"},\"thumbnailUrl\":\"https:\\\/\\\/www.amstelprinting.nl\\\/wp-content\\\/uploads\\\/roll-up-deluxe-bedrukken-black.png\",\"datePublished\":\"2025-01-24T10:24:48+00:00\",\"dateModified\":\"2026-02-18T11:51:27+00:00\",\"description\":\"Roll-up banner Deluxe, parfait pour les salons et les \u00e9v\u00e9nements. Facile \u00e0 installer, incluant un sac de transport pour le transport vers diff\u00e9rents lieux.\",\"breadcrumb\":{\"@id\":\"https:\\\/\\\/www.amstelprinting.nl\\\/fr\\\/boutique\\\/salon-et-evenement\\\/enroulez-les-bannieres\\\/roll-up-banner-deluxe\\\/#breadcrumb\"},\"inLanguage\":\"fr-FR\",\"potentialAction\":[{\"@type\":\"ReadAction\",\"target\":[\"https:\\\/\\\/www.amstelprinting.nl\\\/fr\\\/boutique\\\/salon-et-evenement\\\/enroulez-les-bannieres\\\/roll-up-banner-deluxe\\\/\"]}]},{\"@type\":\"ImageObject\",\"inLanguage\":\"fr-FR\",\"@id\":\"https:\\\/\\\/www.amstelprinting.nl\\\/fr\\\/boutique\\\/salon-et-evenement\\\/enroulez-les-bannieres\\\/roll-up-banner-deluxe\\\/#primaryimage\",\"url\":\"https:\\\/\\\/www.amstelprinting.nl\\\/wp-content\\\/uploads\\\/roll-up-deluxe-bedrukken-black.png\",\"contentUrl\":\"https:\\\/\\\/www.amstelprinting.nl\\\/wp-content\\\/uploads\\\/roll-up-deluxe-bedrukken-black.png\",\"width\":900,\"height\":900},{\"@type\":\"BreadcrumbList\",\"@id\":\"https:\\\/\\\/www.amstelprinting.nl\\\/fr\\\/boutique\\\/salon-et-evenement\\\/enroulez-les-bannieres\\\/roll-up-banner-deluxe\\\/#breadcrumb\",\"itemListElement\":[{\"@type\":\"ListItem\",\"position\":1,\"name\":\"\",\"item\":\"https:\\\/\\\/www.amstelprinting.nl\\\/fr\\\/\"},{\"@type\":\"ListItem\",\"position\":2,\"name\":\"Amstel Printing\",\"item\":\"https:\\\/\\\/www.amstelprinting.nl\\\/fr\\\/boutique\\\/\"},{\"@type\":\"ListItem\",\"position\":3,\"name\":\"Publicit\u00e9 int\u00e9rieure\",\"item\":\"https:\\\/\\\/www.amstelprinting.nl\\\/fr\\\/categorie\\\/publicite-interieure\\\/\"},{\"@type\":\"ListItem\",\"position\":4,\"name\":\"Pr\u00e9sentation\",\"item\":\"https:\\\/\\\/www.amstelprinting.nl\\\/fr\\\/categorie\\\/publicite-interieure\\\/presentation\\\/\"},{\"@type\":\"ListItem\",\"position\":5,\"name\":\"Roll-up banner Deluxe\"}]},{\"@type\":\"WebSite\",\"@id\":\"https:\\\/\\\/www.amstelprinting.nl\\\/fr\\\/#website\",\"url\":\"https:\\\/\\\/www.amstelprinting.nl\\\/fr\\\/\",\"name\":\"Amstel Printing\",\"description\":\"Creating Exposure\",\"publisher\":{\"@id\":\"https:\\\/\\\/www.amstelprinting.nl\\\/fr\\\/#organization\"},\"potentialAction\":[{\"@type\":\"SearchAction\",\"target\":{\"@type\":\"EntryPoint\",\"urlTemplate\":\"https:\\\/\\\/www.amstelprinting.nl\\\/fr\\\/?s={search_term_string}\"},\"query-input\":{\"@type\":\"PropertyValueSpecification\",\"valueRequired\":true,\"valueName\":\"search_term_string\"}}],\"inLanguage\":\"fr-FR\"},{\"@type\":\"Organization\",\"@id\":\"https:\\\/\\\/www.amstelprinting.nl\\\/fr\\\/#organization\",\"name\":\"Amstel Printing\",\"url\":\"https:\\\/\\\/www.amstelprinting.nl\\\/fr\\\/\",\"logo\":{\"@type\":\"ImageObject\",\"inLanguage\":\"fr-FR\",\"@id\":\"https:\\\/\\\/www.amstelprinting.nl\\\/fr\\\/#\\\/schema\\\/logo\\\/image\\\/\",\"url\":\"https:\\\/\\\/www.amstelprinting.nl\\\/wp-content\\\/uploads\\\/amstel_printing_logo_clean.png\",\"contentUrl\":\"https:\\\/\\\/www.amstelprinting.nl\\\/wp-content\\\/uploads\\\/amstel_printing_logo_clean.png\",\"width\":324,\"height\":73,\"caption\":\"Amstel Printing\"},\"image\":{\"@id\":\"https:\\\/\\\/www.amstelprinting.nl\\\/fr\\\/#\\\/schema\\\/logo\\\/image\\\/\"}}]}<\/script>\n<!-- \/ Yoast SEO plugin. -->","yoast_head_json":{"title":"Roll-up banner Deluxe - Durable et professionnel","description":"Roll-up banner Deluxe, parfait pour les salons et les \u00e9v\u00e9nements. Facile \u00e0 installer, incluant un sac de transport pour le transport vers diff\u00e9rents lieux.","robots":{"index":"index","follow":"follow","max-snippet":"max-snippet:-1","max-image-preview":"max-image-preview:large","max-video-preview":"max-video-preview:-1"},"canonical":"https:\/\/www.amstelprinting.nl\/fr\/boutique\/salon-et-evenement\/enroulez-les-bannieres\/roll-up-banner-deluxe\/","og_locale":"fr_FR","og_type":"article","og_title":"Roll-up banner Deluxe - Durable et professionnel","og_description":"Roll-up banner Deluxe, parfait pour les salons et les \u00e9v\u00e9nements. Facile \u00e0 installer, incluant un sac de transport pour le transport vers diff\u00e9rents lieux.","og_url":"https:\/\/www.amstelprinting.nl\/fr\/boutique\/salon-et-evenement\/enroulez-les-bannieres\/roll-up-banner-deluxe\/","og_site_name":"Amstel Printing","article_modified_time":"2026-02-18T11:51:27+00:00","og_image":[{"width":900,"height":900,"url":"https:\/\/www.amstelprinting.nl\/wp-content\/uploads\/roll-up-deluxe-bedrukken-black.png","type":"image\/png"}],"twitter_card":"summary_large_image","twitter_misc":{"Dur\u00e9e de lecture estim\u00e9e":"3 minutes"},"schema":{"@context":"https:\/\/schema.org","@graph":[{"@type":"WebPage","@id":"https:\/\/www.amstelprinting.nl\/fr\/boutique\/salon-et-evenement\/enroulez-les-bannieres\/roll-up-banner-deluxe\/","url":"https:\/\/www.amstelprinting.nl\/fr\/boutique\/salon-et-evenement\/enroulez-les-bannieres\/roll-up-banner-deluxe\/","name":"Roll-up banner Deluxe - Durable et professionnel","isPartOf":{"@id":"https:\/\/www.amstelprinting.nl\/fr\/#website"},"primaryImageOfPage":{"@id":"https:\/\/www.amstelprinting.nl\/fr\/boutique\/salon-et-evenement\/enroulez-les-bannieres\/roll-up-banner-deluxe\/#primaryimage"},"image":{"@id":"https:\/\/www.amstelprinting.nl\/fr\/boutique\/salon-et-evenement\/enroulez-les-bannieres\/roll-up-banner-deluxe\/#primaryimage"},"thumbnailUrl":"https:\/\/www.amstelprinting.nl\/wp-content\/uploads\/roll-up-deluxe-bedrukken-black.png","datePublished":"2025-01-24T10:24:48+00:00","dateModified":"2026-02-18T11:51:27+00:00","description":"Roll-up banner Deluxe, parfait pour les salons et les \u00e9v\u00e9nements. Facile \u00e0 installer, incluant un sac de transport pour le transport vers diff\u00e9rents lieux.","breadcrumb":{"@id":"https:\/\/www.amstelprinting.nl\/fr\/boutique\/salon-et-evenement\/enroulez-les-bannieres\/roll-up-banner-deluxe\/#breadcrumb"},"inLanguage":"fr-FR","potentialAction":[{"@type":"ReadAction","target":["https:\/\/www.amstelprinting.nl\/fr\/boutique\/salon-et-evenement\/enroulez-les-bannieres\/roll-up-banner-deluxe\/"]}]},{"@type":"ImageObject","inLanguage":"fr-FR","@id":"https:\/\/www.amstelprinting.nl\/fr\/boutique\/salon-et-evenement\/enroulez-les-bannieres\/roll-up-banner-deluxe\/#primaryimage","url":"https:\/\/www.amstelprinting.nl\/wp-content\/uploads\/roll-up-deluxe-bedrukken-black.png","contentUrl":"https:\/\/www.amstelprinting.nl\/wp-content\/uploads\/roll-up-deluxe-bedrukken-black.png","width":900,"height":900},{"@type":"BreadcrumbList","@id":"https:\/\/www.amstelprinting.nl\/fr\/boutique\/salon-et-evenement\/enroulez-les-bannieres\/roll-up-banner-deluxe\/#breadcrumb","itemListElement":[{"@type":"ListItem","position":1,"name":"","item":"https:\/\/www.amstelprinting.nl\/fr\/"},{"@type":"ListItem","position":2,"name":"Amstel Printing","item":"https:\/\/www.amstelprinting.nl\/fr\/boutique\/"},{"@type":"ListItem","position":3,"name":"Publicit\u00e9 int\u00e9rieure","item":"https:\/\/www.amstelprinting.nl\/fr\/categorie\/publicite-interieure\/"},{"@type":"ListItem","position":4,"name":"Pr\u00e9sentation","item":"https:\/\/www.amstelprinting.nl\/fr\/categorie\/publicite-interieure\/presentation\/"},{"@type":"ListItem","position":5,"name":"Roll-up banner Deluxe"}]},{"@type":"WebSite","@id":"https:\/\/www.amstelprinting.nl\/fr\/#website","url":"https:\/\/www.amstelprinting.nl\/fr\/","name":"Amstel Printing","description":"Creating Exposure","publisher":{"@id":"https:\/\/www.amstelprinting.nl\/fr\/#organization"},"potentialAction":[{"@type":"SearchAction","target":{"@type":"EntryPoint","urlTemplate":"https:\/\/www.amstelprinting.nl\/fr\/?s={search_term_string}"},"query-input":{"@type":"PropertyValueSpecification","valueRequired":true,"valueName":"search_term_string"}}],"inLanguage":"fr-FR"},{"@type":"Organization","@id":"https:\/\/www.amstelprinting.nl\/fr\/#organization","name":"Amstel Printing","url":"https:\/\/www.amstelprinting.nl\/fr\/","logo":{"@type":"ImageObject","inLanguage":"fr-FR","@id":"https:\/\/www.amstelprinting.nl\/fr\/#\/schema\/logo\/image\/","url":"https:\/\/www.amstelprinting.nl\/wp-content\/uploads\/amstel_printing_logo_clean.png","contentUrl":"https:\/\/www.amstelprinting.nl\/wp-content\/uploads\/amstel_printing_logo_clean.png","width":324,"height":73,"caption":"Amstel Printing"},"image":{"@id":"https:\/\/www.amstelprinting.nl\/fr\/#\/schema\/logo\/image\/"}}]}},"_links":{"self":[{"href":"https:\/\/www.amstelprinting.nl\/fr\/wp-json\/wp\/v2\/product\/14997","targetHints":{"allow":["GET"]}}],"collection":[{"href":"https:\/\/www.amstelprinting.nl\/fr\/wp-json\/wp\/v2\/product"}],"about":[{"href":"https:\/\/www.amstelprinting.nl\/fr\/wp-json\/wp\/v2\/types\/product"}],"wp:featuredmedia":[{"embeddable":true,"href":"https:\/\/www.amstelprinting.nl\/fr\/wp-json\/wp\/v2\/media\/14998"}],"wp:attachment":[{"href":"https:\/\/www.amstelprinting.nl\/fr\/wp-json\/wp\/v2\/media?parent=14997"}],"wp:term":[{"taxonomy":"product_brand","embeddable":true,"href":"https:\/\/www.amstelprinting.nl\/fr\/wp-json\/wp\/v2\/product_brand?post=14997"},{"taxonomy":"product_cat","embeddable":true,"href":"https:\/\/www.amstelprinting.nl\/fr\/wp-json\/wp\/v2\/product_cat?post=14997"},{"taxonomy":"product_tag","embeddable":true,"href":"https:\/\/www.amstelprinting.nl\/fr\/wp-json\/wp\/v2\/product_tag?post=14997"}],"curies":[{"name":"wp","href":"https:\/\/api.w.org\/{rel}","templated":true}]}}