{"id":15007,"date":"2025-01-24T11:24:37","date_gmt":"2025-01-24T10:24:37","guid":{"rendered":"https:\/\/www.amstelprinting.nl\/winkel\/non%20class\u00e9\/budget-roll-up-banner\/"},"modified":"2026-04-14T15:21:37","modified_gmt":"2026-04-14T13:21:37","slug":"roll-up-banner-budget","status":"publish","type":"product","link":"https:\/\/www.amstelprinting.nl\/fr\/boutique\/salon-et-evenement\/enroulez-les-bannieres\/roll-up-banner-budget\/","title":{"rendered":"Roll-up banner Budget"},"content":{"rendered":"<h3>Avantages<\/h3>\n<ul>\n<li>Prix avantageux<\/li>\n<li>Install\u00e9 en quelques minutes<\/li>\n<li>Cassette : disponible en aluminium (argent) ou noir<\/li>\n<li>Disponible en diff\u00e9rents formats et mat\u00e9riaux avec certification B1<\/li>\n<li>Commandez en option un sac de transport et un \u00e9clairage<\/li>\n<\/ul>\n<p>&nbsp;<\/p>\n<h3>Inconv\u00e9nients<\/h3>\n<ul>\n<li>Moins adapt\u00e9 \u00e0 un usage fr\u00e9quent et prolong\u00e9<\/li>\n<li>La banni\u00e8re n&rsquo;est pas rempla\u00e7able<\/li>\n<\/ul>\n<p>&nbsp;<\/p>\n<h3>Formats et mat\u00e9riaux<\/h3>\n<p>Le roll-up banner Budget est con\u00e7u pour \u00eatre utilis\u00e9 plusieurs fois. La cassette est \u00e9quip\u00e9e de deux pieds extractibles. La cassette est disponible en aluminium argent\u00e9 ou en noir. De plus, vous pouvez choisir parmi diff\u00e9rents formats : 85 cm x 200 cm, 100 cm x 200 cm ou 120 cm x 200 cm. De plus, nous proposons une large gamme de mat\u00e9riaux pour votre roll-up banner Budget :<\/p>\n<ul>\n<li><strong>Banner 510<\/strong> : toile PVC avec une finition brillante, adapt\u00e9e \u00e0 une utilisation int\u00e9rieure et ext\u00e9rieure. Certifi\u00e9 B1 pour la s\u00e9curit\u00e9 incendie.<\/li>\n<li><strong>Airtex<\/strong> : toile PVC infroissable de 330 gr.\/m2, facile \u00e0 utiliser et certifi\u00e9e B1 pour la s\u00e9curit\u00e9.<\/li>\n<li><strong>SanoTex<\/strong> : toile durable sans PVC avec support gris, respectueuse de l&rsquo;environnement et munie d&rsquo;un certificat de protection contre l&rsquo;incendie.<\/li>\n<li><strong>Banni\u00e8re Noir et Blanc<\/strong> : toile block-out en PVC avec support noir, adapt\u00e9e \u00e0 l&rsquo;int\u00e9rieur et \u00e0 l&rsquo;ext\u00e9rieur, avec certificat B1.<\/li>\n<\/ul>\n<p>&nbsp;<\/p>\n<h3>Mat\u00e9riau du Roll Up : Toile PVC hydrofuge, id\u00e9ale pour une utilisation en int\u00e9rieur.<\/h3>\n<p>Chaque roll-up banner Budget peut \u00eatre livr\u00e9 dans une bo\u00eete r\u00e9utilisable avec poign\u00e9e pour un transport facile, ou dans un sac de transport pratique sp\u00e9cialement con\u00e7u pour les roll-up banners, afin que vous soyez pr\u00eat \u00e0 impressionner n&rsquo;importe o\u00f9 et n&rsquo;importe quand.<\/p>\n<h3>Accessoires pour le Roll-up Banner Budget<\/h3>\n<p>Rendez votre roll-up banner Budget encore plus frappant avec l&rsquo;\u00e9clairage LED en option. Disponible en aluminium argent\u00e9. Cela permet de s&rsquo;assurer que votre message soit visible m\u00eame dans des environnements sombres.<\/p>\n<p>Qu&rsquo;il s&rsquo;agisse de salons, de pr\u00e9sentations en magasin ou d&rsquo;autres \u00e9v\u00e9nements professionnels, le roll-up banner Budget offre l&rsquo;\u00e9quilibre parfait entre prix abordable et qualit\u00e9. Avec diverses options de mat\u00e9riaux, de formats et de solutions d&#8217;emballage pratiques, vous \u00eates toujours pr\u00eat \u00e0 marquer les esprits. Choisissez le roll-up banner Budget et laissez briller votre message, o\u00f9 que vous soyez.<\/p>\n<h3>Questions fr\u00e9quemment pos\u00e9es<\/h3>\n<p><strong>Puis-je remplacer une banni\u00e8re moi-m\u00eame ?<\/strong><br \/>\nNon, vous ne pouvez pas remplacer le visuel du roll-up banner Budget. C&rsquo;est possible avec les mod\u00e8les Premium, Deluxe et XXL. Ces cassettes sont con\u00e7ues pour faciliter le remplacement de la banni\u00e8re, afin que vous puissiez le faire rapidement et efficacement.<\/p>\n<p><strong>\u00c0 quoi dois-je faire attention lors de l&rsquo;installation du Roll-up banner ?<\/strong><br \/>\nLors de l&rsquo;installation du Roll-up banner, il est important de veiller \u00e0 ne pas trop d\u00e9rouler la toile. Cela aide \u00e0 pr\u00e9venir des dommages irr\u00e9parables au syst\u00e8me.<\/p>\n","protected":false},"excerpt":{"rendered":"<h3>Roll-up banner \u00e9conomique dans une cassette compacte<\/h3>\n<p>Laissez briller votre message avec le roll-up banner Budget \u00e9conomique. Un choix pratique pour chaque occasion de pr\u00e9sentation. Qu&rsquo;il s&rsquo;agisse d&rsquo;un stand de salon, d&rsquo;une pr\u00e9sentation en magasin ou d&rsquo;un \u00e9v\u00e9nement d&rsquo;entreprise, ce roll-up banner respectueux de votre budget offre tout ce dont vous avez besoin. Le roll-up banner s&rsquo;installe en quelques minutes. Apr\u00e8s utilisation, la banni\u00e8re dispara\u00eet \u00e0 nouveau dans sa cassette compacte. Avec le sac de transport (en option), vous pouvez ensuite le ranger et le transporter facilement. Vous pouvez choisir entre un ensemble complet avec cassette et impression, ou seulement l&rsquo;impression ou la cassette, selon vos besoins.<\/p>\n","protected":false},"featured_media":14984,"template":"","meta":{"_et_pb_use_builder":"","_et_pb_old_content":"","_et_gb_content_width":""},"product_brand":[],"product_cat":[402,387,380,428],"product_tag":[],"class_list":{"0":"post-15007","1":"product","2":"type-product","3":"status-publish","4":"has-post-thumbnail","6":"product_cat-enroulez-les-bannieres","7":"product_cat-presentation","8":"product_cat-publicite-interieure","9":"product_cat-salon-et-evenement","11":"first","12":"instock","13":"taxable","14":"shipping-taxable","15":"purchasable","16":"product-type-simple"},"yoast_head":"<!-- This site is optimized with the Yoast SEO plugin v27.3 - https:\/\/yoast.com\/product\/yoast-seo-wordpress\/ -->\n<title>Roll-up Banner Budget - Solution d&#039;affichage compacte<\/title>\n<meta name=\"description\" content=\"Le Roll-up Banner Budget d&#039;Amstel Printing est id\u00e9al pour les salons et \u00e9v\u00e9nements. L\u00e9ger, facile \u00e0 installer et fabriqu\u00e9 \u00e0 partir d&#039;un mat\u00e9riau durable.\" \/>\n<meta name=\"robots\" content=\"index, follow, max-snippet:-1, max-image-preview:large, max-video-preview:-1\" \/>\n<link rel=\"canonical\" href=\"https:\/\/www.amstelprinting.nl\/fr\/boutique\/salon-et-evenement\/enroulez-les-bannieres\/roll-up-banner-budget\/\" \/>\n<meta property=\"og:locale\" content=\"fr_FR\" \/>\n<meta property=\"og:type\" content=\"article\" \/>\n<meta property=\"og:title\" content=\"Roll-up Banner Budget - Solution d&#039;affichage compacte\" \/>\n<meta property=\"og:description\" content=\"Le Roll-up Banner Budget d&#039;Amstel Printing est id\u00e9al pour les salons et \u00e9v\u00e9nements. L\u00e9ger, facile \u00e0 installer et fabriqu\u00e9 \u00e0 partir d&#039;un mat\u00e9riau durable.\" \/>\n<meta property=\"og:url\" content=\"https:\/\/www.amstelprinting.nl\/fr\/boutique\/salon-et-evenement\/enroulez-les-bannieres\/roll-up-banner-budget\/\" \/>\n<meta property=\"og:site_name\" content=\"Amstel Printing\" \/>\n<meta property=\"article:modified_time\" content=\"2026-04-14T13:21:37+00:00\" \/>\n<meta property=\"og:image\" content=\"https:\/\/www.amstelprinting.nl\/wp-content\/uploads\/roll-up-budget-bedrukken.png\" \/>\n\t<meta property=\"og:image:width\" content=\"900\" \/>\n\t<meta property=\"og:image:height\" content=\"900\" \/>\n\t<meta property=\"og:image:type\" content=\"image\/png\" \/>\n<meta name=\"twitter:card\" content=\"summary_large_image\" \/>\n<meta name=\"twitter:label1\" content=\"Dur\u00e9e de lecture estim\u00e9e\" \/>\n\t<meta name=\"twitter:data1\" content=\"2 minutes\" \/>\n<script type=\"application\/ld+json\" class=\"yoast-schema-graph\">{\"@context\":\"https:\\\/\\\/schema.org\",\"@graph\":[{\"@type\":\"WebPage\",\"@id\":\"https:\\\/\\\/www.amstelprinting.nl\\\/fr\\\/boutique\\\/salon-et-evenement\\\/enroulez-les-bannieres\\\/roll-up-banner-budget\\\/\",\"url\":\"https:\\\/\\\/www.amstelprinting.nl\\\/fr\\\/boutique\\\/salon-et-evenement\\\/enroulez-les-bannieres\\\/roll-up-banner-budget\\\/\",\"name\":\"Roll-up Banner Budget - Solution d'affichage compacte\",\"isPartOf\":{\"@id\":\"https:\\\/\\\/www.amstelprinting.nl\\\/fr\\\/#website\"},\"primaryImageOfPage\":{\"@id\":\"https:\\\/\\\/www.amstelprinting.nl\\\/fr\\\/boutique\\\/salon-et-evenement\\\/enroulez-les-bannieres\\\/roll-up-banner-budget\\\/#primaryimage\"},\"image\":{\"@id\":\"https:\\\/\\\/www.amstelprinting.nl\\\/fr\\\/boutique\\\/salon-et-evenement\\\/enroulez-les-bannieres\\\/roll-up-banner-budget\\\/#primaryimage\"},\"thumbnailUrl\":\"https:\\\/\\\/www.amstelprinting.nl\\\/wp-content\\\/uploads\\\/roll-up-budget-bedrukken.png\",\"datePublished\":\"2025-01-24T10:24:37+00:00\",\"dateModified\":\"2026-04-14T13:21:37+00:00\",\"description\":\"Le Roll-up Banner Budget d'Amstel Printing est id\u00e9al pour les salons et \u00e9v\u00e9nements. L\u00e9ger, facile \u00e0 installer et fabriqu\u00e9 \u00e0 partir d'un mat\u00e9riau durable.\",\"breadcrumb\":{\"@id\":\"https:\\\/\\\/www.amstelprinting.nl\\\/fr\\\/boutique\\\/salon-et-evenement\\\/enroulez-les-bannieres\\\/roll-up-banner-budget\\\/#breadcrumb\"},\"inLanguage\":\"fr-FR\",\"potentialAction\":[{\"@type\":\"ReadAction\",\"target\":[\"https:\\\/\\\/www.amstelprinting.nl\\\/fr\\\/boutique\\\/salon-et-evenement\\\/enroulez-les-bannieres\\\/roll-up-banner-budget\\\/\"]}]},{\"@type\":\"ImageObject\",\"inLanguage\":\"fr-FR\",\"@id\":\"https:\\\/\\\/www.amstelprinting.nl\\\/fr\\\/boutique\\\/salon-et-evenement\\\/enroulez-les-bannieres\\\/roll-up-banner-budget\\\/#primaryimage\",\"url\":\"https:\\\/\\\/www.amstelprinting.nl\\\/wp-content\\\/uploads\\\/roll-up-budget-bedrukken.png\",\"contentUrl\":\"https:\\\/\\\/www.amstelprinting.nl\\\/wp-content\\\/uploads\\\/roll-up-budget-bedrukken.png\",\"width\":900,\"height\":900},{\"@type\":\"BreadcrumbList\",\"@id\":\"https:\\\/\\\/www.amstelprinting.nl\\\/fr\\\/boutique\\\/salon-et-evenement\\\/enroulez-les-bannieres\\\/roll-up-banner-budget\\\/#breadcrumb\",\"itemListElement\":[{\"@type\":\"ListItem\",\"position\":1,\"name\":\"\",\"item\":\"https:\\\/\\\/www.amstelprinting.nl\\\/fr\\\/\"},{\"@type\":\"ListItem\",\"position\":2,\"name\":\"Amstel Printing\",\"item\":\"https:\\\/\\\/www.amstelprinting.nl\\\/fr\\\/boutique\\\/\"},{\"@type\":\"ListItem\",\"position\":3,\"name\":\"Publicit\u00e9 int\u00e9rieure\",\"item\":\"https:\\\/\\\/www.amstelprinting.nl\\\/fr\\\/categorie\\\/publicite-interieure\\\/\"},{\"@type\":\"ListItem\",\"position\":4,\"name\":\"Pr\u00e9sentation\",\"item\":\"https:\\\/\\\/www.amstelprinting.nl\\\/fr\\\/categorie\\\/publicite-interieure\\\/presentation\\\/\"},{\"@type\":\"ListItem\",\"position\":5,\"name\":\"Roll-up banner Budget\"}]},{\"@type\":\"WebSite\",\"@id\":\"https:\\\/\\\/www.amstelprinting.nl\\\/fr\\\/#website\",\"url\":\"https:\\\/\\\/www.amstelprinting.nl\\\/fr\\\/\",\"name\":\"Amstel Printing\",\"description\":\"Creating Exposure\",\"publisher\":{\"@id\":\"https:\\\/\\\/www.amstelprinting.nl\\\/fr\\\/#organization\"},\"potentialAction\":[{\"@type\":\"SearchAction\",\"target\":{\"@type\":\"EntryPoint\",\"urlTemplate\":\"https:\\\/\\\/www.amstelprinting.nl\\\/fr\\\/?s={search_term_string}\"},\"query-input\":{\"@type\":\"PropertyValueSpecification\",\"valueRequired\":true,\"valueName\":\"search_term_string\"}}],\"inLanguage\":\"fr-FR\"},{\"@type\":\"Organization\",\"@id\":\"https:\\\/\\\/www.amstelprinting.nl\\\/fr\\\/#organization\",\"name\":\"Amstel Printing\",\"url\":\"https:\\\/\\\/www.amstelprinting.nl\\\/fr\\\/\",\"logo\":{\"@type\":\"ImageObject\",\"inLanguage\":\"fr-FR\",\"@id\":\"https:\\\/\\\/www.amstelprinting.nl\\\/fr\\\/#\\\/schema\\\/logo\\\/image\\\/\",\"url\":\"https:\\\/\\\/www.amstelprinting.nl\\\/wp-content\\\/uploads\\\/amstel_printing_logo_clean.png\",\"contentUrl\":\"https:\\\/\\\/www.amstelprinting.nl\\\/wp-content\\\/uploads\\\/amstel_printing_logo_clean.png\",\"width\":324,\"height\":73,\"caption\":\"Amstel Printing\"},\"image\":{\"@id\":\"https:\\\/\\\/www.amstelprinting.nl\\\/fr\\\/#\\\/schema\\\/logo\\\/image\\\/\"}}]}<\/script>\n<!-- \/ Yoast SEO plugin. -->","yoast_head_json":{"title":"Roll-up Banner Budget - Solution d'affichage compacte","description":"Le Roll-up Banner Budget d'Amstel Printing est id\u00e9al pour les salons et \u00e9v\u00e9nements. L\u00e9ger, facile \u00e0 installer et fabriqu\u00e9 \u00e0 partir d'un mat\u00e9riau durable.","robots":{"index":"index","follow":"follow","max-snippet":"max-snippet:-1","max-image-preview":"max-image-preview:large","max-video-preview":"max-video-preview:-1"},"canonical":"https:\/\/www.amstelprinting.nl\/fr\/boutique\/salon-et-evenement\/enroulez-les-bannieres\/roll-up-banner-budget\/","og_locale":"fr_FR","og_type":"article","og_title":"Roll-up Banner Budget - Solution d'affichage compacte","og_description":"Le Roll-up Banner Budget d'Amstel Printing est id\u00e9al pour les salons et \u00e9v\u00e9nements. L\u00e9ger, facile \u00e0 installer et fabriqu\u00e9 \u00e0 partir d'un mat\u00e9riau durable.","og_url":"https:\/\/www.amstelprinting.nl\/fr\/boutique\/salon-et-evenement\/enroulez-les-bannieres\/roll-up-banner-budget\/","og_site_name":"Amstel Printing","article_modified_time":"2026-04-14T13:21:37+00:00","og_image":[{"width":900,"height":900,"url":"https:\/\/www.amstelprinting.nl\/wp-content\/uploads\/roll-up-budget-bedrukken.png","type":"image\/png"}],"twitter_card":"summary_large_image","twitter_misc":{"Dur\u00e9e de lecture estim\u00e9e":"2 minutes"},"schema":{"@context":"https:\/\/schema.org","@graph":[{"@type":"WebPage","@id":"https:\/\/www.amstelprinting.nl\/fr\/boutique\/salon-et-evenement\/enroulez-les-bannieres\/roll-up-banner-budget\/","url":"https:\/\/www.amstelprinting.nl\/fr\/boutique\/salon-et-evenement\/enroulez-les-bannieres\/roll-up-banner-budget\/","name":"Roll-up Banner Budget - Solution d'affichage compacte","isPartOf":{"@id":"https:\/\/www.amstelprinting.nl\/fr\/#website"},"primaryImageOfPage":{"@id":"https:\/\/www.amstelprinting.nl\/fr\/boutique\/salon-et-evenement\/enroulez-les-bannieres\/roll-up-banner-budget\/#primaryimage"},"image":{"@id":"https:\/\/www.amstelprinting.nl\/fr\/boutique\/salon-et-evenement\/enroulez-les-bannieres\/roll-up-banner-budget\/#primaryimage"},"thumbnailUrl":"https:\/\/www.amstelprinting.nl\/wp-content\/uploads\/roll-up-budget-bedrukken.png","datePublished":"2025-01-24T10:24:37+00:00","dateModified":"2026-04-14T13:21:37+00:00","description":"Le Roll-up Banner Budget d'Amstel Printing est id\u00e9al pour les salons et \u00e9v\u00e9nements. L\u00e9ger, facile \u00e0 installer et fabriqu\u00e9 \u00e0 partir d'un mat\u00e9riau durable.","breadcrumb":{"@id":"https:\/\/www.amstelprinting.nl\/fr\/boutique\/salon-et-evenement\/enroulez-les-bannieres\/roll-up-banner-budget\/#breadcrumb"},"inLanguage":"fr-FR","potentialAction":[{"@type":"ReadAction","target":["https:\/\/www.amstelprinting.nl\/fr\/boutique\/salon-et-evenement\/enroulez-les-bannieres\/roll-up-banner-budget\/"]}]},{"@type":"ImageObject","inLanguage":"fr-FR","@id":"https:\/\/www.amstelprinting.nl\/fr\/boutique\/salon-et-evenement\/enroulez-les-bannieres\/roll-up-banner-budget\/#primaryimage","url":"https:\/\/www.amstelprinting.nl\/wp-content\/uploads\/roll-up-budget-bedrukken.png","contentUrl":"https:\/\/www.amstelprinting.nl\/wp-content\/uploads\/roll-up-budget-bedrukken.png","width":900,"height":900},{"@type":"BreadcrumbList","@id":"https:\/\/www.amstelprinting.nl\/fr\/boutique\/salon-et-evenement\/enroulez-les-bannieres\/roll-up-banner-budget\/#breadcrumb","itemListElement":[{"@type":"ListItem","position":1,"name":"","item":"https:\/\/www.amstelprinting.nl\/fr\/"},{"@type":"ListItem","position":2,"name":"Amstel Printing","item":"https:\/\/www.amstelprinting.nl\/fr\/boutique\/"},{"@type":"ListItem","position":3,"name":"Publicit\u00e9 int\u00e9rieure","item":"https:\/\/www.amstelprinting.nl\/fr\/categorie\/publicite-interieure\/"},{"@type":"ListItem","position":4,"name":"Pr\u00e9sentation","item":"https:\/\/www.amstelprinting.nl\/fr\/categorie\/publicite-interieure\/presentation\/"},{"@type":"ListItem","position":5,"name":"Roll-up banner Budget"}]},{"@type":"WebSite","@id":"https:\/\/www.amstelprinting.nl\/fr\/#website","url":"https:\/\/www.amstelprinting.nl\/fr\/","name":"Amstel Printing","description":"Creating Exposure","publisher":{"@id":"https:\/\/www.amstelprinting.nl\/fr\/#organization"},"potentialAction":[{"@type":"SearchAction","target":{"@type":"EntryPoint","urlTemplate":"https:\/\/www.amstelprinting.nl\/fr\/?s={search_term_string}"},"query-input":{"@type":"PropertyValueSpecification","valueRequired":true,"valueName":"search_term_string"}}],"inLanguage":"fr-FR"},{"@type":"Organization","@id":"https:\/\/www.amstelprinting.nl\/fr\/#organization","name":"Amstel Printing","url":"https:\/\/www.amstelprinting.nl\/fr\/","logo":{"@type":"ImageObject","inLanguage":"fr-FR","@id":"https:\/\/www.amstelprinting.nl\/fr\/#\/schema\/logo\/image\/","url":"https:\/\/www.amstelprinting.nl\/wp-content\/uploads\/amstel_printing_logo_clean.png","contentUrl":"https:\/\/www.amstelprinting.nl\/wp-content\/uploads\/amstel_printing_logo_clean.png","width":324,"height":73,"caption":"Amstel Printing"},"image":{"@id":"https:\/\/www.amstelprinting.nl\/fr\/#\/schema\/logo\/image\/"}}]}},"_links":{"self":[{"href":"https:\/\/www.amstelprinting.nl\/fr\/wp-json\/wp\/v2\/product\/15007","targetHints":{"allow":["GET"]}}],"collection":[{"href":"https:\/\/www.amstelprinting.nl\/fr\/wp-json\/wp\/v2\/product"}],"about":[{"href":"https:\/\/www.amstelprinting.nl\/fr\/wp-json\/wp\/v2\/types\/product"}],"wp:featuredmedia":[{"embeddable":true,"href":"https:\/\/www.amstelprinting.nl\/fr\/wp-json\/wp\/v2\/media\/14984"}],"wp:attachment":[{"href":"https:\/\/www.amstelprinting.nl\/fr\/wp-json\/wp\/v2\/media?parent=15007"}],"wp:term":[{"taxonomy":"product_brand","embeddable":true,"href":"https:\/\/www.amstelprinting.nl\/fr\/wp-json\/wp\/v2\/product_brand?post=15007"},{"taxonomy":"product_cat","embeddable":true,"href":"https:\/\/www.amstelprinting.nl\/fr\/wp-json\/wp\/v2\/product_cat?post=15007"},{"taxonomy":"product_tag","embeddable":true,"href":"https:\/\/www.amstelprinting.nl\/fr\/wp-json\/wp\/v2\/product_tag?post=15007"}],"curies":[{"name":"wp","href":"https:\/\/api.w.org\/{rel}","templated":true}]}}