{"id":15017,"date":"2025-01-24T11:24:31","date_gmt":"2025-01-24T10:24:31","guid":{"rendered":"https:\/\/www.amstelprinting.nl\/winkel\/non%20class\u00e9\/roll-up-xxl\/"},"modified":"2026-04-14T15:42:42","modified_gmt":"2026-04-14T13:42:42","slug":"roll-up-xxl","status":"publish","type":"product","link":"https:\/\/www.amstelprinting.nl\/fr\/boutique\/salon-et-evenement\/enroulez-les-bannieres\/roll-up-xxl\/","title":{"rendered":"Roll-up XXL"},"content":{"rendered":"<h3>Le Roll-up XXL, une paroi de pr\u00e9sentation compacte tout-en-un de grande taille<\/h3>\n<p>Avec le Roll-up XXL, vous pouvez opter pour votre propre design afin de communiquer votre message unique, ou choisir l&rsquo;un des 20 000 motifs standards de notre collection. Cela vous donne la flexibilit\u00e9 d&rsquo;adapter la banni\u00e8re Roll-up XXL \u00e0 vos souhaits sp\u00e9cifiques.<\/p>\n<h3>Avantages<\/h3>\n<ul>\n<li>Visibilit\u00e9 impressionnante<\/li>\n<li>Syst\u00e8me de pr\u00e9sentation tout-en-un unique<\/li>\n<li>Choisissez parmi 3 grands formats standard<\/li>\n<li>Choix entre deux mat\u00e9riaux de toile<\/li>\n<li>Facile \u00e0 transporter dans le sac fourni<\/li>\n<li>T\u00e9l\u00e9chargez votre propre design ou choisissez parmi 20 000 dessins standard<\/li>\n<li>Formats et mat\u00e9riaux<\/li>\n<\/ul>\n<p>&nbsp;<\/p>\n<h3>Commander une banni\u00e8re Roll-up XXL<\/h3>\n<p>La cassette robuste est \u00e9quip\u00e9e de deux pieds extensibles pour une stabilit\u00e9 accrue. Cela rend le Roll-up XXL non seulement robuste, mais aussi facile \u00e0 monter et \u00e0 d\u00e9monter. Disponible dans les formats <strong>200 x 200 cm<\/strong>, <strong>200 x 250<\/strong> cm et <strong>200 x 300 cm<\/strong>, le Roll-up XXL offre suffisamment d&rsquo;espace pour pr\u00e9senter votre message de mani\u00e8re grandiose.<\/p>\n<h3>Choisissez le bon mat\u00e9riau<\/h3>\n<p>La banni\u00e8re Roll-up XXL est \u00e9quip\u00e9e de diff\u00e9rents types de toiles.<\/p>\n<ul>\n<li><strong>Airtex<\/strong> : Toile PVC infroissable de 330 gr\/m\u00b2, facile \u00e0 utiliser et certifi\u00e9e B1 pour la s\u00e9curit\u00e9 incendie.<\/li>\n<li><strong>SanoTex<\/strong> : Toile durable, sans PVC avec dos gris, \u00e9cologique et dot\u00e9e d&rsquo;un certificat incendie.<br \/>\nAccessoires<\/li>\n<\/ul>\n<p>&nbsp;<\/p>\n<h3>Rangement et transport compact<\/h3>\n<p>Un sac de transport pratique est inclus avec le Roll-up XXL, permettant le transport et le stockage de votre banni\u00e8re Roll-up. La banni\u00e8re est facile \u00e0 remplacer (et peu co\u00fbteuse \u00e0 commander s\u00e9par\u00e9ment), de sorte que vous soyez toujours pr\u00eat pour la prochaine pr\u00e9sentation.<\/p>\n<p>Avec des formats impressionnants, des mat\u00e9riaux de haute qualit\u00e9 et des possibilit\u00e9s de conception flexibles, cette banni\u00e8re Roll-up offre la combinaison parfaite de visibilit\u00e9 et de facilit\u00e9 d&rsquo;utilisation.<\/p>\n","protected":false},"excerpt":{"rendered":"<h3>Banni\u00e8re Roll-up extra large : la paroi de pr\u00e9sentation enroulable pour les salons ou \u00e9v\u00e9nements<\/h3>\n<p>Maak een onvergetelijke indruk met de Roll-up XXL, de perfecte oplossing voor grootformaat presentaties. Of het nu gaat om een beurs, bedrijfsevenement of winkelpresentatie, met deze indrukwekkende XXL Roll-up Banner maakt u het verschil. Beschikbaar in de formaten 200 x 200 cm, 200 x 250 cm en 200 x 300 cm. Wordt inclusief tas geleverd. Stel hieronder in een paar stappen uw XXL Roll-up Banner samen!<\/p>\n","protected":false},"featured_media":15018,"template":"","meta":{"_et_pb_use_builder":"","_et_pb_old_content":"","_et_gb_content_width":""},"product_brand":[],"product_cat":[402,413,387,380,428],"product_tag":[],"class_list":{"0":"post-15017","1":"product","2":"type-product","3":"status-publish","4":"has-post-thumbnail","6":"product_cat-enroulez-les-bannieres","7":"product_cat-murs-dexposition","8":"product_cat-presentation","9":"product_cat-publicite-interieure","10":"product_cat-salon-et-evenement","12":"first","13":"instock","14":"taxable","15":"shipping-taxable","16":"purchasable","17":"product-type-simple"},"yoast_head":"<!-- This site is optimized with the Yoast SEO plugin v27.3 - https:\/\/yoast.com\/product\/yoast-seo-wordpress\/ -->\n<title>Commander un Roll-up XXL - Visibilit\u00e9 maximale et livraison rapide<\/title>\n<meta name=\"description\" content=\"Commandez votre Roll-up XXL aujourd&#039;hui avant 21h30 et recevez demain une banni\u00e8re professionnelle grand format. Livraison dans toute l&#039;Europe\" \/>\n<meta name=\"robots\" content=\"index, follow, max-snippet:-1, max-image-preview:large, max-video-preview:-1\" \/>\n<link rel=\"canonical\" href=\"https:\/\/www.amstelprinting.nl\/fr\/boutique\/salon-et-evenement\/enroulez-les-bannieres\/roll-up-xxl\/\" \/>\n<meta property=\"og:locale\" content=\"fr_FR\" \/>\n<meta property=\"og:type\" content=\"article\" \/>\n<meta property=\"og:title\" content=\"Commander un Roll-up XXL - Visibilit\u00e9 maximale et livraison rapide\" \/>\n<meta property=\"og:description\" content=\"Commandez votre Roll-up XXL aujourd&#039;hui avant 21h30 et recevez demain une banni\u00e8re professionnelle grand format. Livraison dans toute l&#039;Europe\" \/>\n<meta property=\"og:url\" content=\"https:\/\/www.amstelprinting.nl\/fr\/boutique\/salon-et-evenement\/enroulez-les-bannieres\/roll-up-xxl\/\" \/>\n<meta property=\"og:site_name\" content=\"Amstel Printing\" \/>\n<meta property=\"article:modified_time\" content=\"2026-04-14T13:42:42+00:00\" \/>\n<meta property=\"og:image\" content=\"https:\/\/www.amstelprinting.nl\/wp-content\/uploads\/roll-up-xxl-bedrukken.png\" \/>\n\t<meta property=\"og:image:width\" content=\"900\" \/>\n\t<meta property=\"og:image:height\" content=\"900\" \/>\n\t<meta property=\"og:image:type\" content=\"image\/png\" \/>\n<meta name=\"twitter:card\" content=\"summary_large_image\" \/>\n<meta name=\"twitter:label1\" content=\"Dur\u00e9e de lecture estim\u00e9e\" \/>\n\t<meta name=\"twitter:data1\" content=\"1 minute\" \/>\n<script type=\"application\/ld+json\" class=\"yoast-schema-graph\">{\"@context\":\"https:\\\/\\\/schema.org\",\"@graph\":[{\"@type\":\"WebPage\",\"@id\":\"https:\\\/\\\/www.amstelprinting.nl\\\/fr\\\/boutique\\\/salon-et-evenement\\\/enroulez-les-bannieres\\\/roll-up-xxl\\\/\",\"url\":\"https:\\\/\\\/www.amstelprinting.nl\\\/fr\\\/boutique\\\/salon-et-evenement\\\/enroulez-les-bannieres\\\/roll-up-xxl\\\/\",\"name\":\"Commander un Roll-up XXL - Visibilit\u00e9 maximale et livraison rapide\",\"isPartOf\":{\"@id\":\"https:\\\/\\\/www.amstelprinting.nl\\\/fr\\\/#website\"},\"primaryImageOfPage\":{\"@id\":\"https:\\\/\\\/www.amstelprinting.nl\\\/fr\\\/boutique\\\/salon-et-evenement\\\/enroulez-les-bannieres\\\/roll-up-xxl\\\/#primaryimage\"},\"image\":{\"@id\":\"https:\\\/\\\/www.amstelprinting.nl\\\/fr\\\/boutique\\\/salon-et-evenement\\\/enroulez-les-bannieres\\\/roll-up-xxl\\\/#primaryimage\"},\"thumbnailUrl\":\"https:\\\/\\\/www.amstelprinting.nl\\\/wp-content\\\/uploads\\\/roll-up-xxl-bedrukken.png\",\"datePublished\":\"2025-01-24T10:24:31+00:00\",\"dateModified\":\"2026-04-14T13:42:42+00:00\",\"description\":\"Commandez votre Roll-up XXL aujourd'hui avant 21h30 et recevez demain une banni\u00e8re professionnelle grand format. Livraison dans toute l'Europe\",\"breadcrumb\":{\"@id\":\"https:\\\/\\\/www.amstelprinting.nl\\\/fr\\\/boutique\\\/salon-et-evenement\\\/enroulez-les-bannieres\\\/roll-up-xxl\\\/#breadcrumb\"},\"inLanguage\":\"fr-FR\",\"potentialAction\":[{\"@type\":\"ReadAction\",\"target\":[\"https:\\\/\\\/www.amstelprinting.nl\\\/fr\\\/boutique\\\/salon-et-evenement\\\/enroulez-les-bannieres\\\/roll-up-xxl\\\/\"]}]},{\"@type\":\"ImageObject\",\"inLanguage\":\"fr-FR\",\"@id\":\"https:\\\/\\\/www.amstelprinting.nl\\\/fr\\\/boutique\\\/salon-et-evenement\\\/enroulez-les-bannieres\\\/roll-up-xxl\\\/#primaryimage\",\"url\":\"https:\\\/\\\/www.amstelprinting.nl\\\/wp-content\\\/uploads\\\/roll-up-xxl-bedrukken.png\",\"contentUrl\":\"https:\\\/\\\/www.amstelprinting.nl\\\/wp-content\\\/uploads\\\/roll-up-xxl-bedrukken.png\",\"width\":900,\"height\":900},{\"@type\":\"BreadcrumbList\",\"@id\":\"https:\\\/\\\/www.amstelprinting.nl\\\/fr\\\/boutique\\\/salon-et-evenement\\\/enroulez-les-bannieres\\\/roll-up-xxl\\\/#breadcrumb\",\"itemListElement\":[{\"@type\":\"ListItem\",\"position\":1,\"name\":\"\",\"item\":\"https:\\\/\\\/www.amstelprinting.nl\\\/fr\\\/\"},{\"@type\":\"ListItem\",\"position\":2,\"name\":\"Amstel Printing\",\"item\":\"https:\\\/\\\/www.amstelprinting.nl\\\/fr\\\/boutique\\\/\"},{\"@type\":\"ListItem\",\"position\":3,\"name\":\"Publicit\u00e9 int\u00e9rieure\",\"item\":\"https:\\\/\\\/www.amstelprinting.nl\\\/fr\\\/categorie\\\/publicite-interieure\\\/\"},{\"@type\":\"ListItem\",\"position\":4,\"name\":\"Pr\u00e9sentation\",\"item\":\"https:\\\/\\\/www.amstelprinting.nl\\\/fr\\\/categorie\\\/publicite-interieure\\\/presentation\\\/\"},{\"@type\":\"ListItem\",\"position\":5,\"name\":\"Roll-up XXL\"}]},{\"@type\":\"WebSite\",\"@id\":\"https:\\\/\\\/www.amstelprinting.nl\\\/fr\\\/#website\",\"url\":\"https:\\\/\\\/www.amstelprinting.nl\\\/fr\\\/\",\"name\":\"Amstel Printing\",\"description\":\"Creating Exposure\",\"publisher\":{\"@id\":\"https:\\\/\\\/www.amstelprinting.nl\\\/fr\\\/#organization\"},\"potentialAction\":[{\"@type\":\"SearchAction\",\"target\":{\"@type\":\"EntryPoint\",\"urlTemplate\":\"https:\\\/\\\/www.amstelprinting.nl\\\/fr\\\/?s={search_term_string}\"},\"query-input\":{\"@type\":\"PropertyValueSpecification\",\"valueRequired\":true,\"valueName\":\"search_term_string\"}}],\"inLanguage\":\"fr-FR\"},{\"@type\":\"Organization\",\"@id\":\"https:\\\/\\\/www.amstelprinting.nl\\\/fr\\\/#organization\",\"name\":\"Amstel Printing\",\"url\":\"https:\\\/\\\/www.amstelprinting.nl\\\/fr\\\/\",\"logo\":{\"@type\":\"ImageObject\",\"inLanguage\":\"fr-FR\",\"@id\":\"https:\\\/\\\/www.amstelprinting.nl\\\/fr\\\/#\\\/schema\\\/logo\\\/image\\\/\",\"url\":\"https:\\\/\\\/www.amstelprinting.nl\\\/wp-content\\\/uploads\\\/amstel_printing_logo_clean.png\",\"contentUrl\":\"https:\\\/\\\/www.amstelprinting.nl\\\/wp-content\\\/uploads\\\/amstel_printing_logo_clean.png\",\"width\":324,\"height\":73,\"caption\":\"Amstel Printing\"},\"image\":{\"@id\":\"https:\\\/\\\/www.amstelprinting.nl\\\/fr\\\/#\\\/schema\\\/logo\\\/image\\\/\"}}]}<\/script>\n<!-- \/ Yoast SEO plugin. -->","yoast_head_json":{"title":"Commander un Roll-up XXL - Visibilit\u00e9 maximale et livraison rapide","description":"Commandez votre Roll-up XXL aujourd'hui avant 21h30 et recevez demain une banni\u00e8re professionnelle grand format. Livraison dans toute l'Europe","robots":{"index":"index","follow":"follow","max-snippet":"max-snippet:-1","max-image-preview":"max-image-preview:large","max-video-preview":"max-video-preview:-1"},"canonical":"https:\/\/www.amstelprinting.nl\/fr\/boutique\/salon-et-evenement\/enroulez-les-bannieres\/roll-up-xxl\/","og_locale":"fr_FR","og_type":"article","og_title":"Commander un Roll-up XXL - Visibilit\u00e9 maximale et livraison rapide","og_description":"Commandez votre Roll-up XXL aujourd'hui avant 21h30 et recevez demain une banni\u00e8re professionnelle grand format. Livraison dans toute l'Europe","og_url":"https:\/\/www.amstelprinting.nl\/fr\/boutique\/salon-et-evenement\/enroulez-les-bannieres\/roll-up-xxl\/","og_site_name":"Amstel Printing","article_modified_time":"2026-04-14T13:42:42+00:00","og_image":[{"width":900,"height":900,"url":"https:\/\/www.amstelprinting.nl\/wp-content\/uploads\/roll-up-xxl-bedrukken.png","type":"image\/png"}],"twitter_card":"summary_large_image","twitter_misc":{"Dur\u00e9e de lecture estim\u00e9e":"1 minute"},"schema":{"@context":"https:\/\/schema.org","@graph":[{"@type":"WebPage","@id":"https:\/\/www.amstelprinting.nl\/fr\/boutique\/salon-et-evenement\/enroulez-les-bannieres\/roll-up-xxl\/","url":"https:\/\/www.amstelprinting.nl\/fr\/boutique\/salon-et-evenement\/enroulez-les-bannieres\/roll-up-xxl\/","name":"Commander un Roll-up XXL - Visibilit\u00e9 maximale et livraison rapide","isPartOf":{"@id":"https:\/\/www.amstelprinting.nl\/fr\/#website"},"primaryImageOfPage":{"@id":"https:\/\/www.amstelprinting.nl\/fr\/boutique\/salon-et-evenement\/enroulez-les-bannieres\/roll-up-xxl\/#primaryimage"},"image":{"@id":"https:\/\/www.amstelprinting.nl\/fr\/boutique\/salon-et-evenement\/enroulez-les-bannieres\/roll-up-xxl\/#primaryimage"},"thumbnailUrl":"https:\/\/www.amstelprinting.nl\/wp-content\/uploads\/roll-up-xxl-bedrukken.png","datePublished":"2025-01-24T10:24:31+00:00","dateModified":"2026-04-14T13:42:42+00:00","description":"Commandez votre Roll-up XXL aujourd'hui avant 21h30 et recevez demain une banni\u00e8re professionnelle grand format. Livraison dans toute l'Europe","breadcrumb":{"@id":"https:\/\/www.amstelprinting.nl\/fr\/boutique\/salon-et-evenement\/enroulez-les-bannieres\/roll-up-xxl\/#breadcrumb"},"inLanguage":"fr-FR","potentialAction":[{"@type":"ReadAction","target":["https:\/\/www.amstelprinting.nl\/fr\/boutique\/salon-et-evenement\/enroulez-les-bannieres\/roll-up-xxl\/"]}]},{"@type":"ImageObject","inLanguage":"fr-FR","@id":"https:\/\/www.amstelprinting.nl\/fr\/boutique\/salon-et-evenement\/enroulez-les-bannieres\/roll-up-xxl\/#primaryimage","url":"https:\/\/www.amstelprinting.nl\/wp-content\/uploads\/roll-up-xxl-bedrukken.png","contentUrl":"https:\/\/www.amstelprinting.nl\/wp-content\/uploads\/roll-up-xxl-bedrukken.png","width":900,"height":900},{"@type":"BreadcrumbList","@id":"https:\/\/www.amstelprinting.nl\/fr\/boutique\/salon-et-evenement\/enroulez-les-bannieres\/roll-up-xxl\/#breadcrumb","itemListElement":[{"@type":"ListItem","position":1,"name":"","item":"https:\/\/www.amstelprinting.nl\/fr\/"},{"@type":"ListItem","position":2,"name":"Amstel Printing","item":"https:\/\/www.amstelprinting.nl\/fr\/boutique\/"},{"@type":"ListItem","position":3,"name":"Publicit\u00e9 int\u00e9rieure","item":"https:\/\/www.amstelprinting.nl\/fr\/categorie\/publicite-interieure\/"},{"@type":"ListItem","position":4,"name":"Pr\u00e9sentation","item":"https:\/\/www.amstelprinting.nl\/fr\/categorie\/publicite-interieure\/presentation\/"},{"@type":"ListItem","position":5,"name":"Roll-up XXL"}]},{"@type":"WebSite","@id":"https:\/\/www.amstelprinting.nl\/fr\/#website","url":"https:\/\/www.amstelprinting.nl\/fr\/","name":"Amstel Printing","description":"Creating Exposure","publisher":{"@id":"https:\/\/www.amstelprinting.nl\/fr\/#organization"},"potentialAction":[{"@type":"SearchAction","target":{"@type":"EntryPoint","urlTemplate":"https:\/\/www.amstelprinting.nl\/fr\/?s={search_term_string}"},"query-input":{"@type":"PropertyValueSpecification","valueRequired":true,"valueName":"search_term_string"}}],"inLanguage":"fr-FR"},{"@type":"Organization","@id":"https:\/\/www.amstelprinting.nl\/fr\/#organization","name":"Amstel Printing","url":"https:\/\/www.amstelprinting.nl\/fr\/","logo":{"@type":"ImageObject","inLanguage":"fr-FR","@id":"https:\/\/www.amstelprinting.nl\/fr\/#\/schema\/logo\/image\/","url":"https:\/\/www.amstelprinting.nl\/wp-content\/uploads\/amstel_printing_logo_clean.png","contentUrl":"https:\/\/www.amstelprinting.nl\/wp-content\/uploads\/amstel_printing_logo_clean.png","width":324,"height":73,"caption":"Amstel Printing"},"image":{"@id":"https:\/\/www.amstelprinting.nl\/fr\/#\/schema\/logo\/image\/"}}]}},"_links":{"self":[{"href":"https:\/\/www.amstelprinting.nl\/fr\/wp-json\/wp\/v2\/product\/15017","targetHints":{"allow":["GET"]}}],"collection":[{"href":"https:\/\/www.amstelprinting.nl\/fr\/wp-json\/wp\/v2\/product"}],"about":[{"href":"https:\/\/www.amstelprinting.nl\/fr\/wp-json\/wp\/v2\/types\/product"}],"wp:featuredmedia":[{"embeddable":true,"href":"https:\/\/www.amstelprinting.nl\/fr\/wp-json\/wp\/v2\/media\/15018"}],"wp:attachment":[{"href":"https:\/\/www.amstelprinting.nl\/fr\/wp-json\/wp\/v2\/media?parent=15017"}],"wp:term":[{"taxonomy":"product_brand","embeddable":true,"href":"https:\/\/www.amstelprinting.nl\/fr\/wp-json\/wp\/v2\/product_brand?post=15017"},{"taxonomy":"product_cat","embeddable":true,"href":"https:\/\/www.amstelprinting.nl\/fr\/wp-json\/wp\/v2\/product_cat?post=15017"},{"taxonomy":"product_tag","embeddable":true,"href":"https:\/\/www.amstelprinting.nl\/fr\/wp-json\/wp\/v2\/product_tag?post=15017"}],"curies":[{"name":"wp","href":"https:\/\/api.w.org\/{rel}","templated":true}]}}