{"id":15027,"date":"2025-01-24T11:24:26","date_gmt":"2025-01-24T10:24:26","guid":{"rendered":"https:\/\/www.amstelprinting.nl\/winkel\/non%20class\u00e9\/x-banner\/"},"modified":"2026-02-10T13:10:03","modified_gmt":"2026-02-10T12:10:03","slug":"x-banner","status":"publish","type":"product","link":"https:\/\/www.amstelprinting.nl\/fr\/boutique\/salon-et-evenement\/enroulez-les-bannieres\/x-banner\/","title":{"rendered":"X-banner"},"content":{"rendered":"<h3>Impression de X-banner avec le visuel de votre choix<\/h3>\n<p>Le X-banner est livr\u00e9 avec un support unique en forme de X qui est non seulement \u00e9l\u00e9gant, mais offre \u00e9galement une stabilit\u00e9 maximale. Avec un format de 80 cm x 200 cm, cette banni\u00e8re s&rsquo;int\u00e8gre parfaitement dans tout environnement de pr\u00e9sentation, des salons aux \u00e9v\u00e9nements d&rsquo;entreprise.<\/p>\n<h3>Format et mat\u00e9riau<\/h3>\n<p>La toile de la banni\u00e8re est fabriqu\u00e9e en Banner 510, un mat\u00e9riau PVC durable avec une finition brillante. Ce mat\u00e9riau est certifi\u00e9 B1 pour la s\u00e9curit\u00e9 incendie, ce qui le rend id\u00e9al pour une utilisation en int\u00e9rieur.<\/p>\n<h3>Avantages<\/h3>\n<ul>\n<li>Banni\u00e8re l\u00e9g\u00e8re<\/li>\n<li>Banner 510 avec certificat de classement au feu B1<\/li>\n<li>Pr\u00e9sentation \u00e9conomique<\/li>\n<li>Utilisation simple et rapide<\/li>\n<li>Livr\u00e9 avec un sac de transport pratique<\/li>\n<li>Nouveau design ? Commandez une impression s\u00e9par\u00e9e \u00e0 bas prix<\/li>\n<li>Livraison rapide : exp\u00e9di\u00e9 sous 1 jour ouvrable<\/li>\n<\/ul>\n<p>&nbsp;<\/p>\n<h3>Finition<\/h3>\n<p>La toile du X-banner est \u00e9quip\u00e9e d&rsquo;un \u0153illet \u00e0 chaque coin, ce qui rend l&rsquo;installation et le remplacement dans le cadre simples et rapides. De plus, la banni\u00e8re est livr\u00e9e avec un sac de rangement, vous permettant de transporter le cadre en toute s\u00e9curit\u00e9 et facilement.<\/p>\n<p>Choisissez le X-Banner et d\u00e9couvrez la combinaison ultime entre un design l\u00e9ger et un aspect professionnel. Que vous soyez en route pour un salon, que vous fassiez une pr\u00e9sentation d&rsquo;entreprise ou que vous organisiez une promotion en magasin, avec le X-Banner, vous \u00eates toujours pr\u00eat \u00e0 impressionner. Gr\u00e2ce \u00e0 son installation simple, ses mat\u00e9riaux de haute qualit\u00e9 et son sac de transport pratique, le X-Banner est le choix parfait pour toute pr\u00e9sentation. Faites de chaque occasion un succ\u00e8s et faites briller votre message avec le X-Banner.<\/p>\n","protected":false},"excerpt":{"rendered":"<h3>Banni\u00e8re autoportante \u00e9conomique avec support en X<\/h3>\n<p>D\u00e9couvrez le X-Banner, la banni\u00e8re autoportante la plus l\u00e9g\u00e8re de notre gamme. Le X-banner tire son nom de son support en forme de X et a \u00e9t\u00e9 sp\u00e9cialement d\u00e9velopp\u00e9 pour une utilisation lors de pr\u00e9sentations mobiles. Ce X-banner polyvalent offre tout ce dont vous avez besoin pour une apparence professionnelle. Disponible \u00e0 la commande sous forme de kit complet, de toile seule ou de syst\u00e8me seul.<\/p>\n","protected":false},"featured_media":15028,"template":"","meta":{"_et_pb_use_builder":"","_et_pb_old_content":"","_et_gb_content_width":""},"product_brand":[],"product_cat":[402,387,380,428],"product_tag":[],"class_list":{"0":"post-15027","1":"product","2":"type-product","3":"status-publish","4":"has-post-thumbnail","6":"product_cat-enroulez-les-bannieres","7":"product_cat-presentation","8":"product_cat-publicite-interieure","9":"product_cat-salon-et-evenement","11":"first","12":"instock","13":"taxable","14":"shipping-taxable","15":"purchasable","16":"product-type-simple"},"yoast_head":"<!-- This site is optimized with the Yoast SEO plugin v27.3 - https:\/\/yoast.com\/product\/yoast-seo-wordpress\/ -->\n<title>X-banner - Configuration facile pour des pr\u00e9sentations professionnelles<\/title>\n<meta name=\"description\" content=\"Commandez votre X-banner durable et ignifuge avec une impression de haute qualit\u00e9. Parfait pour les salons, les \u00e9v\u00e9nements d&#039;entreprise et les promotions.\" \/>\n<meta name=\"robots\" content=\"index, follow, max-snippet:-1, max-image-preview:large, max-video-preview:-1\" \/>\n<link rel=\"canonical\" href=\"https:\/\/www.amstelprinting.nl\/fr\/boutique\/salon-et-evenement\/enroulez-les-bannieres\/x-banner\/\" \/>\n<meta property=\"og:locale\" content=\"fr_FR\" \/>\n<meta property=\"og:type\" content=\"article\" \/>\n<meta property=\"og:title\" content=\"X-banner - Configuration facile pour des pr\u00e9sentations professionnelles\" \/>\n<meta property=\"og:description\" content=\"Commandez votre X-banner durable et ignifuge avec une impression de haute qualit\u00e9. Parfait pour les salons, les \u00e9v\u00e9nements d&#039;entreprise et les promotions.\" \/>\n<meta property=\"og:url\" content=\"https:\/\/www.amstelprinting.nl\/fr\/boutique\/salon-et-evenement\/enroulez-les-bannieres\/x-banner\/\" \/>\n<meta property=\"og:site_name\" content=\"Amstel Printing\" \/>\n<meta property=\"article:modified_time\" content=\"2026-02-10T12:10:03+00:00\" \/>\n<meta property=\"og:image\" content=\"https:\/\/www.amstelprinting.nl\/wp-content\/uploads\/x-banner-bedrukken.png\" \/>\n\t<meta property=\"og:image:width\" content=\"700\" \/>\n\t<meta property=\"og:image:height\" content=\"700\" \/>\n\t<meta property=\"og:image:type\" content=\"image\/png\" \/>\n<meta name=\"twitter:card\" content=\"summary_large_image\" \/>\n<meta name=\"twitter:label1\" content=\"Dur\u00e9e de lecture estim\u00e9e\" \/>\n\t<meta name=\"twitter:data1\" content=\"1 minute\" \/>\n<script type=\"application\/ld+json\" class=\"yoast-schema-graph\">{\"@context\":\"https:\\\/\\\/schema.org\",\"@graph\":[{\"@type\":\"WebPage\",\"@id\":\"https:\\\/\\\/www.amstelprinting.nl\\\/fr\\\/boutique\\\/salon-et-evenement\\\/enroulez-les-bannieres\\\/x-banner\\\/\",\"url\":\"https:\\\/\\\/www.amstelprinting.nl\\\/fr\\\/boutique\\\/salon-et-evenement\\\/enroulez-les-bannieres\\\/x-banner\\\/\",\"name\":\"X-banner - Configuration facile pour des pr\u00e9sentations professionnelles\",\"isPartOf\":{\"@id\":\"https:\\\/\\\/www.amstelprinting.nl\\\/fr\\\/#website\"},\"primaryImageOfPage\":{\"@id\":\"https:\\\/\\\/www.amstelprinting.nl\\\/fr\\\/boutique\\\/salon-et-evenement\\\/enroulez-les-bannieres\\\/x-banner\\\/#primaryimage\"},\"image\":{\"@id\":\"https:\\\/\\\/www.amstelprinting.nl\\\/fr\\\/boutique\\\/salon-et-evenement\\\/enroulez-les-bannieres\\\/x-banner\\\/#primaryimage\"},\"thumbnailUrl\":\"https:\\\/\\\/www.amstelprinting.nl\\\/wp-content\\\/uploads\\\/x-banner-bedrukken.png\",\"datePublished\":\"2025-01-24T10:24:26+00:00\",\"dateModified\":\"2026-02-10T12:10:03+00:00\",\"description\":\"Commandez votre X-banner durable et ignifuge avec une impression de haute qualit\u00e9. Parfait pour les salons, les \u00e9v\u00e9nements d'entreprise et les promotions.\",\"breadcrumb\":{\"@id\":\"https:\\\/\\\/www.amstelprinting.nl\\\/fr\\\/boutique\\\/salon-et-evenement\\\/enroulez-les-bannieres\\\/x-banner\\\/#breadcrumb\"},\"inLanguage\":\"fr-FR\",\"potentialAction\":[{\"@type\":\"ReadAction\",\"target\":[\"https:\\\/\\\/www.amstelprinting.nl\\\/fr\\\/boutique\\\/salon-et-evenement\\\/enroulez-les-bannieres\\\/x-banner\\\/\"]}]},{\"@type\":\"ImageObject\",\"inLanguage\":\"fr-FR\",\"@id\":\"https:\\\/\\\/www.amstelprinting.nl\\\/fr\\\/boutique\\\/salon-et-evenement\\\/enroulez-les-bannieres\\\/x-banner\\\/#primaryimage\",\"url\":\"https:\\\/\\\/www.amstelprinting.nl\\\/wp-content\\\/uploads\\\/x-banner-bedrukken.png\",\"contentUrl\":\"https:\\\/\\\/www.amstelprinting.nl\\\/wp-content\\\/uploads\\\/x-banner-bedrukken.png\",\"width\":700,\"height\":700},{\"@type\":\"BreadcrumbList\",\"@id\":\"https:\\\/\\\/www.amstelprinting.nl\\\/fr\\\/boutique\\\/salon-et-evenement\\\/enroulez-les-bannieres\\\/x-banner\\\/#breadcrumb\",\"itemListElement\":[{\"@type\":\"ListItem\",\"position\":1,\"name\":\"\",\"item\":\"https:\\\/\\\/www.amstelprinting.nl\\\/fr\\\/\"},{\"@type\":\"ListItem\",\"position\":2,\"name\":\"Amstel Printing\",\"item\":\"https:\\\/\\\/www.amstelprinting.nl\\\/fr\\\/boutique\\\/\"},{\"@type\":\"ListItem\",\"position\":3,\"name\":\"Publicit\u00e9 int\u00e9rieure\",\"item\":\"https:\\\/\\\/www.amstelprinting.nl\\\/fr\\\/categorie\\\/publicite-interieure\\\/\"},{\"@type\":\"ListItem\",\"position\":4,\"name\":\"Pr\u00e9sentation\",\"item\":\"https:\\\/\\\/www.amstelprinting.nl\\\/fr\\\/categorie\\\/publicite-interieure\\\/presentation\\\/\"},{\"@type\":\"ListItem\",\"position\":5,\"name\":\"X-banner\"}]},{\"@type\":\"WebSite\",\"@id\":\"https:\\\/\\\/www.amstelprinting.nl\\\/fr\\\/#website\",\"url\":\"https:\\\/\\\/www.amstelprinting.nl\\\/fr\\\/\",\"name\":\"Amstel Printing\",\"description\":\"Creating Exposure\",\"publisher\":{\"@id\":\"https:\\\/\\\/www.amstelprinting.nl\\\/fr\\\/#organization\"},\"potentialAction\":[{\"@type\":\"SearchAction\",\"target\":{\"@type\":\"EntryPoint\",\"urlTemplate\":\"https:\\\/\\\/www.amstelprinting.nl\\\/fr\\\/?s={search_term_string}\"},\"query-input\":{\"@type\":\"PropertyValueSpecification\",\"valueRequired\":true,\"valueName\":\"search_term_string\"}}],\"inLanguage\":\"fr-FR\"},{\"@type\":\"Organization\",\"@id\":\"https:\\\/\\\/www.amstelprinting.nl\\\/fr\\\/#organization\",\"name\":\"Amstel Printing\",\"url\":\"https:\\\/\\\/www.amstelprinting.nl\\\/fr\\\/\",\"logo\":{\"@type\":\"ImageObject\",\"inLanguage\":\"fr-FR\",\"@id\":\"https:\\\/\\\/www.amstelprinting.nl\\\/fr\\\/#\\\/schema\\\/logo\\\/image\\\/\",\"url\":\"https:\\\/\\\/www.amstelprinting.nl\\\/wp-content\\\/uploads\\\/amstel_printing_logo_clean.png\",\"contentUrl\":\"https:\\\/\\\/www.amstelprinting.nl\\\/wp-content\\\/uploads\\\/amstel_printing_logo_clean.png\",\"width\":324,\"height\":73,\"caption\":\"Amstel Printing\"},\"image\":{\"@id\":\"https:\\\/\\\/www.amstelprinting.nl\\\/fr\\\/#\\\/schema\\\/logo\\\/image\\\/\"}}]}<\/script>\n<!-- \/ Yoast SEO plugin. -->","yoast_head_json":{"title":"X-banner - Configuration facile pour des pr\u00e9sentations professionnelles","description":"Commandez votre X-banner durable et ignifuge avec une impression de haute qualit\u00e9. Parfait pour les salons, les \u00e9v\u00e9nements d'entreprise et les promotions.","robots":{"index":"index","follow":"follow","max-snippet":"max-snippet:-1","max-image-preview":"max-image-preview:large","max-video-preview":"max-video-preview:-1"},"canonical":"https:\/\/www.amstelprinting.nl\/fr\/boutique\/salon-et-evenement\/enroulez-les-bannieres\/x-banner\/","og_locale":"fr_FR","og_type":"article","og_title":"X-banner - Configuration facile pour des pr\u00e9sentations professionnelles","og_description":"Commandez votre X-banner durable et ignifuge avec une impression de haute qualit\u00e9. Parfait pour les salons, les \u00e9v\u00e9nements d'entreprise et les promotions.","og_url":"https:\/\/www.amstelprinting.nl\/fr\/boutique\/salon-et-evenement\/enroulez-les-bannieres\/x-banner\/","og_site_name":"Amstel Printing","article_modified_time":"2026-02-10T12:10:03+00:00","og_image":[{"width":700,"height":700,"url":"https:\/\/www.amstelprinting.nl\/wp-content\/uploads\/x-banner-bedrukken.png","type":"image\/png"}],"twitter_card":"summary_large_image","twitter_misc":{"Dur\u00e9e de lecture estim\u00e9e":"1 minute"},"schema":{"@context":"https:\/\/schema.org","@graph":[{"@type":"WebPage","@id":"https:\/\/www.amstelprinting.nl\/fr\/boutique\/salon-et-evenement\/enroulez-les-bannieres\/x-banner\/","url":"https:\/\/www.amstelprinting.nl\/fr\/boutique\/salon-et-evenement\/enroulez-les-bannieres\/x-banner\/","name":"X-banner - Configuration facile pour des pr\u00e9sentations professionnelles","isPartOf":{"@id":"https:\/\/www.amstelprinting.nl\/fr\/#website"},"primaryImageOfPage":{"@id":"https:\/\/www.amstelprinting.nl\/fr\/boutique\/salon-et-evenement\/enroulez-les-bannieres\/x-banner\/#primaryimage"},"image":{"@id":"https:\/\/www.amstelprinting.nl\/fr\/boutique\/salon-et-evenement\/enroulez-les-bannieres\/x-banner\/#primaryimage"},"thumbnailUrl":"https:\/\/www.amstelprinting.nl\/wp-content\/uploads\/x-banner-bedrukken.png","datePublished":"2025-01-24T10:24:26+00:00","dateModified":"2026-02-10T12:10:03+00:00","description":"Commandez votre X-banner durable et ignifuge avec une impression de haute qualit\u00e9. Parfait pour les salons, les \u00e9v\u00e9nements d'entreprise et les promotions.","breadcrumb":{"@id":"https:\/\/www.amstelprinting.nl\/fr\/boutique\/salon-et-evenement\/enroulez-les-bannieres\/x-banner\/#breadcrumb"},"inLanguage":"fr-FR","potentialAction":[{"@type":"ReadAction","target":["https:\/\/www.amstelprinting.nl\/fr\/boutique\/salon-et-evenement\/enroulez-les-bannieres\/x-banner\/"]}]},{"@type":"ImageObject","inLanguage":"fr-FR","@id":"https:\/\/www.amstelprinting.nl\/fr\/boutique\/salon-et-evenement\/enroulez-les-bannieres\/x-banner\/#primaryimage","url":"https:\/\/www.amstelprinting.nl\/wp-content\/uploads\/x-banner-bedrukken.png","contentUrl":"https:\/\/www.amstelprinting.nl\/wp-content\/uploads\/x-banner-bedrukken.png","width":700,"height":700},{"@type":"BreadcrumbList","@id":"https:\/\/www.amstelprinting.nl\/fr\/boutique\/salon-et-evenement\/enroulez-les-bannieres\/x-banner\/#breadcrumb","itemListElement":[{"@type":"ListItem","position":1,"name":"","item":"https:\/\/www.amstelprinting.nl\/fr\/"},{"@type":"ListItem","position":2,"name":"Amstel Printing","item":"https:\/\/www.amstelprinting.nl\/fr\/boutique\/"},{"@type":"ListItem","position":3,"name":"Publicit\u00e9 int\u00e9rieure","item":"https:\/\/www.amstelprinting.nl\/fr\/categorie\/publicite-interieure\/"},{"@type":"ListItem","position":4,"name":"Pr\u00e9sentation","item":"https:\/\/www.amstelprinting.nl\/fr\/categorie\/publicite-interieure\/presentation\/"},{"@type":"ListItem","position":5,"name":"X-banner"}]},{"@type":"WebSite","@id":"https:\/\/www.amstelprinting.nl\/fr\/#website","url":"https:\/\/www.amstelprinting.nl\/fr\/","name":"Amstel Printing","description":"Creating Exposure","publisher":{"@id":"https:\/\/www.amstelprinting.nl\/fr\/#organization"},"potentialAction":[{"@type":"SearchAction","target":{"@type":"EntryPoint","urlTemplate":"https:\/\/www.amstelprinting.nl\/fr\/?s={search_term_string}"},"query-input":{"@type":"PropertyValueSpecification","valueRequired":true,"valueName":"search_term_string"}}],"inLanguage":"fr-FR"},{"@type":"Organization","@id":"https:\/\/www.amstelprinting.nl\/fr\/#organization","name":"Amstel Printing","url":"https:\/\/www.amstelprinting.nl\/fr\/","logo":{"@type":"ImageObject","inLanguage":"fr-FR","@id":"https:\/\/www.amstelprinting.nl\/fr\/#\/schema\/logo\/image\/","url":"https:\/\/www.amstelprinting.nl\/wp-content\/uploads\/amstel_printing_logo_clean.png","contentUrl":"https:\/\/www.amstelprinting.nl\/wp-content\/uploads\/amstel_printing_logo_clean.png","width":324,"height":73,"caption":"Amstel Printing"},"image":{"@id":"https:\/\/www.amstelprinting.nl\/fr\/#\/schema\/logo\/image\/"}}]}},"_links":{"self":[{"href":"https:\/\/www.amstelprinting.nl\/fr\/wp-json\/wp\/v2\/product\/15027","targetHints":{"allow":["GET"]}}],"collection":[{"href":"https:\/\/www.amstelprinting.nl\/fr\/wp-json\/wp\/v2\/product"}],"about":[{"href":"https:\/\/www.amstelprinting.nl\/fr\/wp-json\/wp\/v2\/types\/product"}],"wp:featuredmedia":[{"embeddable":true,"href":"https:\/\/www.amstelprinting.nl\/fr\/wp-json\/wp\/v2\/media\/15028"}],"wp:attachment":[{"href":"https:\/\/www.amstelprinting.nl\/fr\/wp-json\/wp\/v2\/media?parent=15027"}],"wp:term":[{"taxonomy":"product_brand","embeddable":true,"href":"https:\/\/www.amstelprinting.nl\/fr\/wp-json\/wp\/v2\/product_brand?post=15027"},{"taxonomy":"product_cat","embeddable":true,"href":"https:\/\/www.amstelprinting.nl\/fr\/wp-json\/wp\/v2\/product_cat?post=15027"},{"taxonomy":"product_tag","embeddable":true,"href":"https:\/\/www.amstelprinting.nl\/fr\/wp-json\/wp\/v2\/product_tag?post=15027"}],"curies":[{"name":"wp","href":"https:\/\/api.w.org\/{rel}","templated":true}]}}