{"id":15037,"date":"2025-01-24T11:24:21","date_gmt":"2025-01-24T10:24:21","guid":{"rendered":"https:\/\/www.amstelprinting.nl\/winkel\/non%20class\u00e9\/l-banner\/"},"modified":"2026-02-18T12:51:29","modified_gmt":"2026-02-18T11:51:29","slug":"banniere-en-l","status":"publish","type":"product","link":"https:\/\/www.amstelprinting.nl\/fr\/boutique\/salon-et-evenement\/enroulez-les-bannieres\/banniere-en-l\/","title":{"rendered":"Banni\u00e8re en L"},"content":{"rendered":"<h3>Impression de L-Banner<\/h3>\n<p>Disponible dans les formats <strong>80 cm x 200 cm<\/strong> et <strong>100 cm x 200 cm<\/strong>. La toile est fabriqu\u00e9e en Banner 510 avec un certificat de r\u00e9sistance au feu B1, ce qui la rend s\u00fbre et adapt\u00e9e \u00e0 une utilisation dans les espaces publics. Ce mat\u00e9riau garantit des impressions \u00e9clatantes et une durabilit\u00e9, parfait pour une utilisation \u00e0 long terme. Facile \u00e0 transporter et \u00e0 ranger gr\u00e2ce au sac pratique inclus. Id\u00e9al pour les salons, les pr\u00e9sentations en magasin et d&rsquo;autres \u00e9v\u00e9nements o\u00f9 la mobilit\u00e9 et le professionnalisme sont essentiels.<\/p>\n<h3>Avantages<\/h3>\n<ul>\n<li>Banni\u00e8re l\u00e9g\u00e8re<\/li>\n<li>Disponible en deux formats<\/li>\n<li>Pr\u00e9sentation \u00e9conomique<\/li>\n<li>Utilisation simple et rapide<\/li>\n<li>Livr\u00e9 avec un sac de transport pratique<\/li>\n<li>Nouveau design ? Commandez une impression s\u00e9par\u00e9e \u00e0 bas prix<\/li>\n<li>Livraison rapide : exp\u00e9di\u00e9 sous 1 jour ouvr\u00e9<\/li>\n<\/ul>\n<p>&nbsp;<\/p>\n<h3>Accessoires<\/h3>\n<p>Le L-banner est facile \u00e0 transporter et \u00e0 ranger gr\u00e2ce au sac pratique inclus. Id\u00e9al pour les salons, les pr\u00e9sentations en magasin et d&rsquo;autres \u00e9v\u00e9nements o\u00f9 la mobilit\u00e9 et le professionnalisme sont essentiels.<\/p>\n<p>Donnez vie \u00e0 votre message avec la polyvalence et l&rsquo;\u00e9l\u00e9gance du L-Banner. Ce syst\u00e8me publicitaire innovant offre non seulement un montage simple et une stabilit\u00e9, mais aussi un mat\u00e9riau Banner 510 de haute qualit\u00e9 avec un certificat de r\u00e9sistance au feu B1 pour la s\u00e9curit\u00e9 et la durabilit\u00e9. Avec un sac pratique pour un transport et un stockage sans effort, le L-Banner est parfaitement adapt\u00e9 aux salons, aux pr\u00e9sentations en magasin et plus encore.<\/p>\n","protected":false},"excerpt":{"rendered":"<p>Le L-Banner : le choix ultime pour une publicit\u00e9 int\u00e9rieure abordable. Ce syst\u00e8me en aluminium se compose d&rsquo;une seule tige et d&rsquo;un seul pied, ce qui assure une installation simple tout en offrant une stabilit\u00e9 maximale. Gr\u00e2ce aux mat\u00e9riaux de haute qualit\u00e9 et aux propri\u00e9t\u00e9s conviviales, le L-Banner est le choix id\u00e9al pour les salons, les pr\u00e9sentations en magasin et plus encore. Disponible dans les formats 80 cm x 200 cm et 100 cm x 200 cm. \u00c9quip\u00e9 d&rsquo;une impression ultra-nette de votre design. Livraison possible sous 1 jour ouvr\u00e9.<\/p>\n","protected":false},"featured_media":15038,"template":"","meta":{"_et_pb_use_builder":"","_et_pb_old_content":"","_et_gb_content_width":""},"product_brand":[],"product_cat":[402,387,380,428],"product_tag":[],"class_list":{"0":"post-15037","1":"product","2":"type-product","3":"status-publish","4":"has-post-thumbnail","6":"product_cat-enroulez-les-bannieres","7":"product_cat-presentation","8":"product_cat-publicite-interieure","9":"product_cat-salon-et-evenement","11":"first","12":"instock","13":"taxable","14":"shipping-taxable","15":"purchasable","16":"product-type-simple"},"yoast_head":"<!-- This site is optimized with the Yoast SEO plugin v27.3 - https:\/\/yoast.com\/product\/yoast-seo-wordpress\/ -->\n<title>Commande de L-banner chez Amstel Printing : seulement la meilleure qualit\u00e9<\/title>\n<meta name=\"description\" content=\"Commander un L-banner. Choisissez parmi diff\u00e9rents formats et mat\u00e9riaux pour des impressions nettes et un prix bas. Parfait pour les salons, \u00e9v\u00e9nements et magasins !\" \/>\n<meta name=\"robots\" content=\"index, follow, max-snippet:-1, max-image-preview:large, max-video-preview:-1\" \/>\n<link rel=\"canonical\" href=\"https:\/\/www.amstelprinting.nl\/fr\/boutique\/salon-et-evenement\/enroulez-les-bannieres\/banniere-en-l\/\" \/>\n<meta property=\"og:locale\" content=\"fr_FR\" \/>\n<meta property=\"og:type\" content=\"article\" \/>\n<meta property=\"og:title\" content=\"Commande de L-banner chez Amstel Printing : seulement la meilleure qualit\u00e9\" \/>\n<meta property=\"og:description\" content=\"Commander un L-banner. Choisissez parmi diff\u00e9rents formats et mat\u00e9riaux pour des impressions nettes et un prix bas. Parfait pour les salons, \u00e9v\u00e9nements et magasins !\" \/>\n<meta property=\"og:url\" content=\"https:\/\/www.amstelprinting.nl\/fr\/boutique\/salon-et-evenement\/enroulez-les-bannieres\/banniere-en-l\/\" \/>\n<meta property=\"og:site_name\" content=\"Amstel Printing\" \/>\n<meta property=\"article:modified_time\" content=\"2026-02-18T11:51:29+00:00\" \/>\n<meta property=\"og:image\" content=\"https:\/\/www.amstelprinting.nl\/wp-content\/uploads\/l-banner-bedrukken.png\" \/>\n\t<meta property=\"og:image:width\" content=\"900\" \/>\n\t<meta property=\"og:image:height\" content=\"900\" \/>\n\t<meta property=\"og:image:type\" content=\"image\/png\" \/>\n<meta name=\"twitter:card\" content=\"summary_large_image\" \/>\n<meta name=\"twitter:label1\" content=\"Dur\u00e9e de lecture estim\u00e9e\" \/>\n\t<meta name=\"twitter:data1\" content=\"1 minute\" \/>\n<script type=\"application\/ld+json\" class=\"yoast-schema-graph\">{\"@context\":\"https:\\\/\\\/schema.org\",\"@graph\":[{\"@type\":\"WebPage\",\"@id\":\"https:\\\/\\\/www.amstelprinting.nl\\\/fr\\\/boutique\\\/salon-et-evenement\\\/enroulez-les-bannieres\\\/banniere-en-l\\\/\",\"url\":\"https:\\\/\\\/www.amstelprinting.nl\\\/fr\\\/boutique\\\/salon-et-evenement\\\/enroulez-les-bannieres\\\/banniere-en-l\\\/\",\"name\":\"Commande de L-banner chez Amstel Printing : seulement la meilleure qualit\u00e9\",\"isPartOf\":{\"@id\":\"https:\\\/\\\/www.amstelprinting.nl\\\/fr\\\/#website\"},\"primaryImageOfPage\":{\"@id\":\"https:\\\/\\\/www.amstelprinting.nl\\\/fr\\\/boutique\\\/salon-et-evenement\\\/enroulez-les-bannieres\\\/banniere-en-l\\\/#primaryimage\"},\"image\":{\"@id\":\"https:\\\/\\\/www.amstelprinting.nl\\\/fr\\\/boutique\\\/salon-et-evenement\\\/enroulez-les-bannieres\\\/banniere-en-l\\\/#primaryimage\"},\"thumbnailUrl\":\"https:\\\/\\\/www.amstelprinting.nl\\\/wp-content\\\/uploads\\\/l-banner-bedrukken.png\",\"datePublished\":\"2025-01-24T10:24:21+00:00\",\"dateModified\":\"2026-02-18T11:51:29+00:00\",\"description\":\"Commander un L-banner. Choisissez parmi diff\u00e9rents formats et mat\u00e9riaux pour des impressions nettes et un prix bas. Parfait pour les salons, \u00e9v\u00e9nements et magasins !\",\"breadcrumb\":{\"@id\":\"https:\\\/\\\/www.amstelprinting.nl\\\/fr\\\/boutique\\\/salon-et-evenement\\\/enroulez-les-bannieres\\\/banniere-en-l\\\/#breadcrumb\"},\"inLanguage\":\"fr-FR\",\"potentialAction\":[{\"@type\":\"ReadAction\",\"target\":[\"https:\\\/\\\/www.amstelprinting.nl\\\/fr\\\/boutique\\\/salon-et-evenement\\\/enroulez-les-bannieres\\\/banniere-en-l\\\/\"]}]},{\"@type\":\"ImageObject\",\"inLanguage\":\"fr-FR\",\"@id\":\"https:\\\/\\\/www.amstelprinting.nl\\\/fr\\\/boutique\\\/salon-et-evenement\\\/enroulez-les-bannieres\\\/banniere-en-l\\\/#primaryimage\",\"url\":\"https:\\\/\\\/www.amstelprinting.nl\\\/wp-content\\\/uploads\\\/l-banner-bedrukken.png\",\"contentUrl\":\"https:\\\/\\\/www.amstelprinting.nl\\\/wp-content\\\/uploads\\\/l-banner-bedrukken.png\",\"width\":900,\"height\":900},{\"@type\":\"BreadcrumbList\",\"@id\":\"https:\\\/\\\/www.amstelprinting.nl\\\/fr\\\/boutique\\\/salon-et-evenement\\\/enroulez-les-bannieres\\\/banniere-en-l\\\/#breadcrumb\",\"itemListElement\":[{\"@type\":\"ListItem\",\"position\":1,\"name\":\"\",\"item\":\"https:\\\/\\\/www.amstelprinting.nl\\\/fr\\\/\"},{\"@type\":\"ListItem\",\"position\":2,\"name\":\"Amstel Printing\",\"item\":\"https:\\\/\\\/www.amstelprinting.nl\\\/fr\\\/boutique\\\/\"},{\"@type\":\"ListItem\",\"position\":3,\"name\":\"Publicit\u00e9 int\u00e9rieure\",\"item\":\"https:\\\/\\\/www.amstelprinting.nl\\\/fr\\\/categorie\\\/publicite-interieure\\\/\"},{\"@type\":\"ListItem\",\"position\":4,\"name\":\"Pr\u00e9sentation\",\"item\":\"https:\\\/\\\/www.amstelprinting.nl\\\/fr\\\/categorie\\\/publicite-interieure\\\/presentation\\\/\"},{\"@type\":\"ListItem\",\"position\":5,\"name\":\"Banni\u00e8re en L\"}]},{\"@type\":\"WebSite\",\"@id\":\"https:\\\/\\\/www.amstelprinting.nl\\\/fr\\\/#website\",\"url\":\"https:\\\/\\\/www.amstelprinting.nl\\\/fr\\\/\",\"name\":\"Amstel Printing\",\"description\":\"Creating Exposure\",\"publisher\":{\"@id\":\"https:\\\/\\\/www.amstelprinting.nl\\\/fr\\\/#organization\"},\"potentialAction\":[{\"@type\":\"SearchAction\",\"target\":{\"@type\":\"EntryPoint\",\"urlTemplate\":\"https:\\\/\\\/www.amstelprinting.nl\\\/fr\\\/?s={search_term_string}\"},\"query-input\":{\"@type\":\"PropertyValueSpecification\",\"valueRequired\":true,\"valueName\":\"search_term_string\"}}],\"inLanguage\":\"fr-FR\"},{\"@type\":\"Organization\",\"@id\":\"https:\\\/\\\/www.amstelprinting.nl\\\/fr\\\/#organization\",\"name\":\"Amstel Printing\",\"url\":\"https:\\\/\\\/www.amstelprinting.nl\\\/fr\\\/\",\"logo\":{\"@type\":\"ImageObject\",\"inLanguage\":\"fr-FR\",\"@id\":\"https:\\\/\\\/www.amstelprinting.nl\\\/fr\\\/#\\\/schema\\\/logo\\\/image\\\/\",\"url\":\"https:\\\/\\\/www.amstelprinting.nl\\\/wp-content\\\/uploads\\\/amstel_printing_logo_clean.png\",\"contentUrl\":\"https:\\\/\\\/www.amstelprinting.nl\\\/wp-content\\\/uploads\\\/amstel_printing_logo_clean.png\",\"width\":324,\"height\":73,\"caption\":\"Amstel Printing\"},\"image\":{\"@id\":\"https:\\\/\\\/www.amstelprinting.nl\\\/fr\\\/#\\\/schema\\\/logo\\\/image\\\/\"}}]}<\/script>\n<!-- \/ Yoast SEO plugin. -->","yoast_head_json":{"title":"Commande de L-banner chez Amstel Printing : seulement la meilleure qualit\u00e9","description":"Commander un L-banner. Choisissez parmi diff\u00e9rents formats et mat\u00e9riaux pour des impressions nettes et un prix bas. Parfait pour les salons, \u00e9v\u00e9nements et magasins !","robots":{"index":"index","follow":"follow","max-snippet":"max-snippet:-1","max-image-preview":"max-image-preview:large","max-video-preview":"max-video-preview:-1"},"canonical":"https:\/\/www.amstelprinting.nl\/fr\/boutique\/salon-et-evenement\/enroulez-les-bannieres\/banniere-en-l\/","og_locale":"fr_FR","og_type":"article","og_title":"Commande de L-banner chez Amstel Printing : seulement la meilleure qualit\u00e9","og_description":"Commander un L-banner. Choisissez parmi diff\u00e9rents formats et mat\u00e9riaux pour des impressions nettes et un prix bas. Parfait pour les salons, \u00e9v\u00e9nements et magasins !","og_url":"https:\/\/www.amstelprinting.nl\/fr\/boutique\/salon-et-evenement\/enroulez-les-bannieres\/banniere-en-l\/","og_site_name":"Amstel Printing","article_modified_time":"2026-02-18T11:51:29+00:00","og_image":[{"width":900,"height":900,"url":"https:\/\/www.amstelprinting.nl\/wp-content\/uploads\/l-banner-bedrukken.png","type":"image\/png"}],"twitter_card":"summary_large_image","twitter_misc":{"Dur\u00e9e de lecture estim\u00e9e":"1 minute"},"schema":{"@context":"https:\/\/schema.org","@graph":[{"@type":"WebPage","@id":"https:\/\/www.amstelprinting.nl\/fr\/boutique\/salon-et-evenement\/enroulez-les-bannieres\/banniere-en-l\/","url":"https:\/\/www.amstelprinting.nl\/fr\/boutique\/salon-et-evenement\/enroulez-les-bannieres\/banniere-en-l\/","name":"Commande de L-banner chez Amstel Printing : seulement la meilleure qualit\u00e9","isPartOf":{"@id":"https:\/\/www.amstelprinting.nl\/fr\/#website"},"primaryImageOfPage":{"@id":"https:\/\/www.amstelprinting.nl\/fr\/boutique\/salon-et-evenement\/enroulez-les-bannieres\/banniere-en-l\/#primaryimage"},"image":{"@id":"https:\/\/www.amstelprinting.nl\/fr\/boutique\/salon-et-evenement\/enroulez-les-bannieres\/banniere-en-l\/#primaryimage"},"thumbnailUrl":"https:\/\/www.amstelprinting.nl\/wp-content\/uploads\/l-banner-bedrukken.png","datePublished":"2025-01-24T10:24:21+00:00","dateModified":"2026-02-18T11:51:29+00:00","description":"Commander un L-banner. Choisissez parmi diff\u00e9rents formats et mat\u00e9riaux pour des impressions nettes et un prix bas. Parfait pour les salons, \u00e9v\u00e9nements et magasins !","breadcrumb":{"@id":"https:\/\/www.amstelprinting.nl\/fr\/boutique\/salon-et-evenement\/enroulez-les-bannieres\/banniere-en-l\/#breadcrumb"},"inLanguage":"fr-FR","potentialAction":[{"@type":"ReadAction","target":["https:\/\/www.amstelprinting.nl\/fr\/boutique\/salon-et-evenement\/enroulez-les-bannieres\/banniere-en-l\/"]}]},{"@type":"ImageObject","inLanguage":"fr-FR","@id":"https:\/\/www.amstelprinting.nl\/fr\/boutique\/salon-et-evenement\/enroulez-les-bannieres\/banniere-en-l\/#primaryimage","url":"https:\/\/www.amstelprinting.nl\/wp-content\/uploads\/l-banner-bedrukken.png","contentUrl":"https:\/\/www.amstelprinting.nl\/wp-content\/uploads\/l-banner-bedrukken.png","width":900,"height":900},{"@type":"BreadcrumbList","@id":"https:\/\/www.amstelprinting.nl\/fr\/boutique\/salon-et-evenement\/enroulez-les-bannieres\/banniere-en-l\/#breadcrumb","itemListElement":[{"@type":"ListItem","position":1,"name":"","item":"https:\/\/www.amstelprinting.nl\/fr\/"},{"@type":"ListItem","position":2,"name":"Amstel Printing","item":"https:\/\/www.amstelprinting.nl\/fr\/boutique\/"},{"@type":"ListItem","position":3,"name":"Publicit\u00e9 int\u00e9rieure","item":"https:\/\/www.amstelprinting.nl\/fr\/categorie\/publicite-interieure\/"},{"@type":"ListItem","position":4,"name":"Pr\u00e9sentation","item":"https:\/\/www.amstelprinting.nl\/fr\/categorie\/publicite-interieure\/presentation\/"},{"@type":"ListItem","position":5,"name":"Banni\u00e8re en L"}]},{"@type":"WebSite","@id":"https:\/\/www.amstelprinting.nl\/fr\/#website","url":"https:\/\/www.amstelprinting.nl\/fr\/","name":"Amstel Printing","description":"Creating Exposure","publisher":{"@id":"https:\/\/www.amstelprinting.nl\/fr\/#organization"},"potentialAction":[{"@type":"SearchAction","target":{"@type":"EntryPoint","urlTemplate":"https:\/\/www.amstelprinting.nl\/fr\/?s={search_term_string}"},"query-input":{"@type":"PropertyValueSpecification","valueRequired":true,"valueName":"search_term_string"}}],"inLanguage":"fr-FR"},{"@type":"Organization","@id":"https:\/\/www.amstelprinting.nl\/fr\/#organization","name":"Amstel Printing","url":"https:\/\/www.amstelprinting.nl\/fr\/","logo":{"@type":"ImageObject","inLanguage":"fr-FR","@id":"https:\/\/www.amstelprinting.nl\/fr\/#\/schema\/logo\/image\/","url":"https:\/\/www.amstelprinting.nl\/wp-content\/uploads\/amstel_printing_logo_clean.png","contentUrl":"https:\/\/www.amstelprinting.nl\/wp-content\/uploads\/amstel_printing_logo_clean.png","width":324,"height":73,"caption":"Amstel Printing"},"image":{"@id":"https:\/\/www.amstelprinting.nl\/fr\/#\/schema\/logo\/image\/"}}]}},"_links":{"self":[{"href":"https:\/\/www.amstelprinting.nl\/fr\/wp-json\/wp\/v2\/product\/15037","targetHints":{"allow":["GET"]}}],"collection":[{"href":"https:\/\/www.amstelprinting.nl\/fr\/wp-json\/wp\/v2\/product"}],"about":[{"href":"https:\/\/www.amstelprinting.nl\/fr\/wp-json\/wp\/v2\/types\/product"}],"wp:featuredmedia":[{"embeddable":true,"href":"https:\/\/www.amstelprinting.nl\/fr\/wp-json\/wp\/v2\/media\/15038"}],"wp:attachment":[{"href":"https:\/\/www.amstelprinting.nl\/fr\/wp-json\/wp\/v2\/media?parent=15037"}],"wp:term":[{"taxonomy":"product_brand","embeddable":true,"href":"https:\/\/www.amstelprinting.nl\/fr\/wp-json\/wp\/v2\/product_brand?post=15037"},{"taxonomy":"product_cat","embeddable":true,"href":"https:\/\/www.amstelprinting.nl\/fr\/wp-json\/wp\/v2\/product_cat?post=15037"},{"taxonomy":"product_tag","embeddable":true,"href":"https:\/\/www.amstelprinting.nl\/fr\/wp-json\/wp\/v2\/product_tag?post=15037"}],"curies":[{"name":"wp","href":"https:\/\/api.w.org\/{rel}","templated":true}]}}