{"id":15047,"date":"2025-01-24T11:24:06","date_gmt":"2025-01-24T10:24:06","guid":{"rendered":"https:\/\/www.amstelprinting.nl\/winkel\/non%20class\u00e9\/pos-display\/"},"modified":"2026-02-18T12:51:30","modified_gmt":"2026-02-18T11:51:30","slug":"presentoir-plv","status":"publish","type":"product","link":"https:\/\/www.amstelprinting.nl\/fr\/boutique\/publicite-interieure\/presentation\/presentoir-plv\/","title":{"rendered":"Pr\u00e9sentoir PLV"},"content":{"rendered":"<h3>Pr\u00e9sentoir de brochures<\/h3>\n<p>Choisissez parmi les formats A4 ou A5 pour pr\u00e9senter vos brochures, flyers ou d\u00e9pliants de mani\u00e8re claire. Nos pr\u00e9sentoirs de brochures sont id\u00e9aux pour les comptoirs, les r\u00e9ceptions ou les salons professionnels, o\u00f9 ils attirent facilement l&rsquo;attention et informent les clients.<\/p>\n<h3>Pr\u00e9sentoir de produits<\/h3>\n<p>Qu&rsquo;il s&rsquo;agisse d&rsquo;un mod\u00e8le de comptoir ou de sol, nos pr\u00e9sentoirs de produits sont disponibles en mod\u00e8les larges et profonds pour pr\u00e9senter vos produits de mani\u00e8re optimale. En mettant l&rsquo;accent sur le design et la fonctionnalit\u00e9, ils font ressortir vos produits et attirent les clients.<\/p>\n<h3>Pr\u00e9sentoir \u00e0 \u00e9tag\u00e8res<\/h3>\n<p>Choisissez des pr\u00e9sentoirs \u00e0 \u00e9tag\u00e8res complets ou seulement des frontons, avec des options pour 4 ou 5 \u00e9tag\u00e8res. Id\u00e9al pour les espaces de vente o\u00f9 vous souhaitez pr\u00e9senter vos produits de mani\u00e8re syst\u00e9matique et mettre votre marque en avant.<\/p>\n<h3>Mat\u00e9riau<\/h3>\n<p>Nos pr\u00e9sentoirs PLV sont fabriqu\u00e9s en Re-board\u00ae, un mat\u00e9riau innovant, l\u00e9ger et \u00e0 la fois extr\u00eamement robuste. Cela les rend non seulement faciles \u00e0 transporter et \u00e0 monter, mais aussi tr\u00e8s durables pour une utilisation r\u00e9p\u00e9t\u00e9e. Transformez votre pr\u00e9sentation PLV avec nos pr\u00e9sentoirs innovants. D\u00e9couvrez les possibilit\u00e9s d\u00e8s aujourd&rsquo;hui et donnez vie \u00e0 votre marque sur le lieu de vente !<\/p>\n","protected":false},"excerpt":{"rendered":"<h3>Pr\u00e9sentoir de brochures, de produits et \u00e0 \u00e9tag\u00e8res<\/h3>\n<p>D\u00e9couvrez nos pr\u00e9sentoirs PLV (Publicit\u00e9 sur le Lieu de Vente) polyvalents, con\u00e7us pour pr\u00e9senter vos produits et supports marketing de mani\u00e8re professionnelle et attrayante. Que vous recherchiez un pr\u00e9sentoir de brochures, un pr\u00e9sentoir de produits ou un pr\u00e9sentoir \u00e0 \u00e9tag\u00e8res, nous proposons des solutions sur mesure qui r\u00e9pondent parfaitement \u00e0 vos besoins.<\/p>\n","protected":false},"featured_media":15048,"template":"","meta":{"_et_pb_use_builder":"","_et_pb_old_content":"","_et_gb_content_width":""},"product_brand":[],"product_cat":[387,380],"product_tag":[],"class_list":{"0":"post-15047","1":"product","2":"type-product","3":"status-publish","4":"has-post-thumbnail","6":"product_cat-presentation","7":"product_cat-publicite-interieure","9":"first","10":"instock","11":"taxable","12":"shipping-taxable","13":"purchasable","14":"product-type-simple"},"yoast_head":"<!-- This site is optimized with the Yoast SEO plugin v27.3 - https:\/\/yoast.com\/product\/yoast-seo-wordpress\/ -->\n<title>Pr\u00e9sentoir PLV sur mesure - Durable, robuste et livraison rapide<\/title>\n<meta name=\"description\" content=\"Commandez des pr\u00e9sentoirs PLV durables en Re-board\u00ae robuste pour chaque point de vente. Augmentez vos ventes avec nos pr\u00e9sentoirs polyvalents pour brochures, produits et \u00e9tag\u00e8res.\" \/>\n<meta name=\"robots\" content=\"index, follow, max-snippet:-1, max-image-preview:large, max-video-preview:-1\" \/>\n<link rel=\"canonical\" href=\"https:\/\/www.amstelprinting.nl\/fr\/boutique\/publicite-interieure\/presentation\/presentoir-plv\/\" \/>\n<meta property=\"og:locale\" content=\"fr_FR\" \/>\n<meta property=\"og:type\" content=\"article\" \/>\n<meta property=\"og:title\" content=\"Pr\u00e9sentoir PLV sur mesure - Durable, robuste et livraison rapide\" \/>\n<meta property=\"og:description\" content=\"Commandez des pr\u00e9sentoirs PLV durables en Re-board\u00ae robuste pour chaque point de vente. Augmentez vos ventes avec nos pr\u00e9sentoirs polyvalents pour brochures, produits et \u00e9tag\u00e8res.\" \/>\n<meta property=\"og:url\" content=\"https:\/\/www.amstelprinting.nl\/fr\/boutique\/publicite-interieure\/presentation\/presentoir-plv\/\" \/>\n<meta property=\"og:site_name\" content=\"Amstel Printing\" \/>\n<meta property=\"article:modified_time\" content=\"2026-02-18T11:51:30+00:00\" \/>\n<meta property=\"og:image\" content=\"https:\/\/www.amstelprinting.nl\/wp-content\/uploads\/POS-display.jpg\" \/>\n\t<meta property=\"og:image:width\" content=\"700\" \/>\n\t<meta property=\"og:image:height\" content=\"700\" \/>\n\t<meta property=\"og:image:type\" content=\"image\/jpeg\" \/>\n<meta name=\"twitter:card\" content=\"summary_large_image\" \/>\n<meta name=\"twitter:label1\" content=\"Dur\u00e9e de lecture estim\u00e9e\" \/>\n\t<meta name=\"twitter:data1\" content=\"1 minute\" \/>\n<script type=\"application\/ld+json\" class=\"yoast-schema-graph\">{\"@context\":\"https:\\\/\\\/schema.org\",\"@graph\":[{\"@type\":\"WebPage\",\"@id\":\"https:\\\/\\\/www.amstelprinting.nl\\\/fr\\\/boutique\\\/publicite-interieure\\\/presentation\\\/presentoir-plv\\\/\",\"url\":\"https:\\\/\\\/www.amstelprinting.nl\\\/fr\\\/boutique\\\/publicite-interieure\\\/presentation\\\/presentoir-plv\\\/\",\"name\":\"Pr\u00e9sentoir PLV sur mesure - Durable, robuste et livraison rapide\",\"isPartOf\":{\"@id\":\"https:\\\/\\\/www.amstelprinting.nl\\\/fr\\\/#website\"},\"primaryImageOfPage\":{\"@id\":\"https:\\\/\\\/www.amstelprinting.nl\\\/fr\\\/boutique\\\/publicite-interieure\\\/presentation\\\/presentoir-plv\\\/#primaryimage\"},\"image\":{\"@id\":\"https:\\\/\\\/www.amstelprinting.nl\\\/fr\\\/boutique\\\/publicite-interieure\\\/presentation\\\/presentoir-plv\\\/#primaryimage\"},\"thumbnailUrl\":\"https:\\\/\\\/www.amstelprinting.nl\\\/wp-content\\\/uploads\\\/POS-display.jpg\",\"datePublished\":\"2025-01-24T10:24:06+00:00\",\"dateModified\":\"2026-02-18T11:51:30+00:00\",\"description\":\"Commandez des pr\u00e9sentoirs PLV durables en Re-board\u00ae robuste pour chaque point de vente. Augmentez vos ventes avec nos pr\u00e9sentoirs polyvalents pour brochures, produits et \u00e9tag\u00e8res.\",\"breadcrumb\":{\"@id\":\"https:\\\/\\\/www.amstelprinting.nl\\\/fr\\\/boutique\\\/publicite-interieure\\\/presentation\\\/presentoir-plv\\\/#breadcrumb\"},\"inLanguage\":\"fr-FR\",\"potentialAction\":[{\"@type\":\"ReadAction\",\"target\":[\"https:\\\/\\\/www.amstelprinting.nl\\\/fr\\\/boutique\\\/publicite-interieure\\\/presentation\\\/presentoir-plv\\\/\"]}]},{\"@type\":\"ImageObject\",\"inLanguage\":\"fr-FR\",\"@id\":\"https:\\\/\\\/www.amstelprinting.nl\\\/fr\\\/boutique\\\/publicite-interieure\\\/presentation\\\/presentoir-plv\\\/#primaryimage\",\"url\":\"https:\\\/\\\/www.amstelprinting.nl\\\/wp-content\\\/uploads\\\/POS-display.jpg\",\"contentUrl\":\"https:\\\/\\\/www.amstelprinting.nl\\\/wp-content\\\/uploads\\\/POS-display.jpg\",\"width\":700,\"height\":700},{\"@type\":\"BreadcrumbList\",\"@id\":\"https:\\\/\\\/www.amstelprinting.nl\\\/fr\\\/boutique\\\/publicite-interieure\\\/presentation\\\/presentoir-plv\\\/#breadcrumb\",\"itemListElement\":[{\"@type\":\"ListItem\",\"position\":1,\"name\":\"\",\"item\":\"https:\\\/\\\/www.amstelprinting.nl\\\/fr\\\/\"},{\"@type\":\"ListItem\",\"position\":2,\"name\":\"Amstel Printing\",\"item\":\"https:\\\/\\\/www.amstelprinting.nl\\\/fr\\\/boutique\\\/\"},{\"@type\":\"ListItem\",\"position\":3,\"name\":\"Publicit\u00e9 int\u00e9rieure\",\"item\":\"https:\\\/\\\/www.amstelprinting.nl\\\/fr\\\/categorie\\\/publicite-interieure\\\/\"},{\"@type\":\"ListItem\",\"position\":4,\"name\":\"Pr\u00e9sentation\",\"item\":\"https:\\\/\\\/www.amstelprinting.nl\\\/fr\\\/categorie\\\/publicite-interieure\\\/presentation\\\/\"},{\"@type\":\"ListItem\",\"position\":5,\"name\":\"Pr\u00e9sentoir PLV\"}]},{\"@type\":\"WebSite\",\"@id\":\"https:\\\/\\\/www.amstelprinting.nl\\\/fr\\\/#website\",\"url\":\"https:\\\/\\\/www.amstelprinting.nl\\\/fr\\\/\",\"name\":\"Amstel Printing\",\"description\":\"Creating Exposure\",\"publisher\":{\"@id\":\"https:\\\/\\\/www.amstelprinting.nl\\\/fr\\\/#organization\"},\"potentialAction\":[{\"@type\":\"SearchAction\",\"target\":{\"@type\":\"EntryPoint\",\"urlTemplate\":\"https:\\\/\\\/www.amstelprinting.nl\\\/fr\\\/?s={search_term_string}\"},\"query-input\":{\"@type\":\"PropertyValueSpecification\",\"valueRequired\":true,\"valueName\":\"search_term_string\"}}],\"inLanguage\":\"fr-FR\"},{\"@type\":\"Organization\",\"@id\":\"https:\\\/\\\/www.amstelprinting.nl\\\/fr\\\/#organization\",\"name\":\"Amstel Printing\",\"url\":\"https:\\\/\\\/www.amstelprinting.nl\\\/fr\\\/\",\"logo\":{\"@type\":\"ImageObject\",\"inLanguage\":\"fr-FR\",\"@id\":\"https:\\\/\\\/www.amstelprinting.nl\\\/fr\\\/#\\\/schema\\\/logo\\\/image\\\/\",\"url\":\"https:\\\/\\\/www.amstelprinting.nl\\\/wp-content\\\/uploads\\\/amstel_printing_logo_clean.png\",\"contentUrl\":\"https:\\\/\\\/www.amstelprinting.nl\\\/wp-content\\\/uploads\\\/amstel_printing_logo_clean.png\",\"width\":324,\"height\":73,\"caption\":\"Amstel Printing\"},\"image\":{\"@id\":\"https:\\\/\\\/www.amstelprinting.nl\\\/fr\\\/#\\\/schema\\\/logo\\\/image\\\/\"}}]}<\/script>\n<!-- \/ Yoast SEO plugin. -->","yoast_head_json":{"title":"Pr\u00e9sentoir PLV sur mesure - Durable, robuste et livraison rapide","description":"Commandez des pr\u00e9sentoirs PLV durables en Re-board\u00ae robuste pour chaque point de vente. Augmentez vos ventes avec nos pr\u00e9sentoirs polyvalents pour brochures, produits et \u00e9tag\u00e8res.","robots":{"index":"index","follow":"follow","max-snippet":"max-snippet:-1","max-image-preview":"max-image-preview:large","max-video-preview":"max-video-preview:-1"},"canonical":"https:\/\/www.amstelprinting.nl\/fr\/boutique\/publicite-interieure\/presentation\/presentoir-plv\/","og_locale":"fr_FR","og_type":"article","og_title":"Pr\u00e9sentoir PLV sur mesure - Durable, robuste et livraison rapide","og_description":"Commandez des pr\u00e9sentoirs PLV durables en Re-board\u00ae robuste pour chaque point de vente. Augmentez vos ventes avec nos pr\u00e9sentoirs polyvalents pour brochures, produits et \u00e9tag\u00e8res.","og_url":"https:\/\/www.amstelprinting.nl\/fr\/boutique\/publicite-interieure\/presentation\/presentoir-plv\/","og_site_name":"Amstel Printing","article_modified_time":"2026-02-18T11:51:30+00:00","og_image":[{"width":700,"height":700,"url":"https:\/\/www.amstelprinting.nl\/wp-content\/uploads\/POS-display.jpg","type":"image\/jpeg"}],"twitter_card":"summary_large_image","twitter_misc":{"Dur\u00e9e de lecture estim\u00e9e":"1 minute"},"schema":{"@context":"https:\/\/schema.org","@graph":[{"@type":"WebPage","@id":"https:\/\/www.amstelprinting.nl\/fr\/boutique\/publicite-interieure\/presentation\/presentoir-plv\/","url":"https:\/\/www.amstelprinting.nl\/fr\/boutique\/publicite-interieure\/presentation\/presentoir-plv\/","name":"Pr\u00e9sentoir PLV sur mesure - Durable, robuste et livraison rapide","isPartOf":{"@id":"https:\/\/www.amstelprinting.nl\/fr\/#website"},"primaryImageOfPage":{"@id":"https:\/\/www.amstelprinting.nl\/fr\/boutique\/publicite-interieure\/presentation\/presentoir-plv\/#primaryimage"},"image":{"@id":"https:\/\/www.amstelprinting.nl\/fr\/boutique\/publicite-interieure\/presentation\/presentoir-plv\/#primaryimage"},"thumbnailUrl":"https:\/\/www.amstelprinting.nl\/wp-content\/uploads\/POS-display.jpg","datePublished":"2025-01-24T10:24:06+00:00","dateModified":"2026-02-18T11:51:30+00:00","description":"Commandez des pr\u00e9sentoirs PLV durables en Re-board\u00ae robuste pour chaque point de vente. Augmentez vos ventes avec nos pr\u00e9sentoirs polyvalents pour brochures, produits et \u00e9tag\u00e8res.","breadcrumb":{"@id":"https:\/\/www.amstelprinting.nl\/fr\/boutique\/publicite-interieure\/presentation\/presentoir-plv\/#breadcrumb"},"inLanguage":"fr-FR","potentialAction":[{"@type":"ReadAction","target":["https:\/\/www.amstelprinting.nl\/fr\/boutique\/publicite-interieure\/presentation\/presentoir-plv\/"]}]},{"@type":"ImageObject","inLanguage":"fr-FR","@id":"https:\/\/www.amstelprinting.nl\/fr\/boutique\/publicite-interieure\/presentation\/presentoir-plv\/#primaryimage","url":"https:\/\/www.amstelprinting.nl\/wp-content\/uploads\/POS-display.jpg","contentUrl":"https:\/\/www.amstelprinting.nl\/wp-content\/uploads\/POS-display.jpg","width":700,"height":700},{"@type":"BreadcrumbList","@id":"https:\/\/www.amstelprinting.nl\/fr\/boutique\/publicite-interieure\/presentation\/presentoir-plv\/#breadcrumb","itemListElement":[{"@type":"ListItem","position":1,"name":"","item":"https:\/\/www.amstelprinting.nl\/fr\/"},{"@type":"ListItem","position":2,"name":"Amstel Printing","item":"https:\/\/www.amstelprinting.nl\/fr\/boutique\/"},{"@type":"ListItem","position":3,"name":"Publicit\u00e9 int\u00e9rieure","item":"https:\/\/www.amstelprinting.nl\/fr\/categorie\/publicite-interieure\/"},{"@type":"ListItem","position":4,"name":"Pr\u00e9sentation","item":"https:\/\/www.amstelprinting.nl\/fr\/categorie\/publicite-interieure\/presentation\/"},{"@type":"ListItem","position":5,"name":"Pr\u00e9sentoir PLV"}]},{"@type":"WebSite","@id":"https:\/\/www.amstelprinting.nl\/fr\/#website","url":"https:\/\/www.amstelprinting.nl\/fr\/","name":"Amstel Printing","description":"Creating Exposure","publisher":{"@id":"https:\/\/www.amstelprinting.nl\/fr\/#organization"},"potentialAction":[{"@type":"SearchAction","target":{"@type":"EntryPoint","urlTemplate":"https:\/\/www.amstelprinting.nl\/fr\/?s={search_term_string}"},"query-input":{"@type":"PropertyValueSpecification","valueRequired":true,"valueName":"search_term_string"}}],"inLanguage":"fr-FR"},{"@type":"Organization","@id":"https:\/\/www.amstelprinting.nl\/fr\/#organization","name":"Amstel Printing","url":"https:\/\/www.amstelprinting.nl\/fr\/","logo":{"@type":"ImageObject","inLanguage":"fr-FR","@id":"https:\/\/www.amstelprinting.nl\/fr\/#\/schema\/logo\/image\/","url":"https:\/\/www.amstelprinting.nl\/wp-content\/uploads\/amstel_printing_logo_clean.png","contentUrl":"https:\/\/www.amstelprinting.nl\/wp-content\/uploads\/amstel_printing_logo_clean.png","width":324,"height":73,"caption":"Amstel Printing"},"image":{"@id":"https:\/\/www.amstelprinting.nl\/fr\/#\/schema\/logo\/image\/"}}]}},"_links":{"self":[{"href":"https:\/\/www.amstelprinting.nl\/fr\/wp-json\/wp\/v2\/product\/15047","targetHints":{"allow":["GET"]}}],"collection":[{"href":"https:\/\/www.amstelprinting.nl\/fr\/wp-json\/wp\/v2\/product"}],"about":[{"href":"https:\/\/www.amstelprinting.nl\/fr\/wp-json\/wp\/v2\/types\/product"}],"wp:featuredmedia":[{"embeddable":true,"href":"https:\/\/www.amstelprinting.nl\/fr\/wp-json\/wp\/v2\/media\/15048"}],"wp:attachment":[{"href":"https:\/\/www.amstelprinting.nl\/fr\/wp-json\/wp\/v2\/media?parent=15047"}],"wp:term":[{"taxonomy":"product_brand","embeddable":true,"href":"https:\/\/www.amstelprinting.nl\/fr\/wp-json\/wp\/v2\/product_brand?post=15047"},{"taxonomy":"product_cat","embeddable":true,"href":"https:\/\/www.amstelprinting.nl\/fr\/wp-json\/wp\/v2\/product_cat?post=15047"},{"taxonomy":"product_tag","embeddable":true,"href":"https:\/\/www.amstelprinting.nl\/fr\/wp-json\/wp\/v2\/product_tag?post=15047"}],"curies":[{"name":"wp","href":"https:\/\/api.w.org\/{rel}","templated":true}]}}