{"id":15057,"date":"2025-01-24T11:23:55","date_gmt":"2025-01-24T10:23:55","guid":{"rendered":"https:\/\/www.amstelprinting.nl\/winkel\/non%20class\u00e9\/bierviltjes\/"},"modified":"2026-02-18T12:51:31","modified_gmt":"2026-02-18T11:51:31","slug":"sous-bocks","status":"publish","type":"product","link":"https:\/\/www.amstelprinting.nl\/fr\/boutique\/interieur-2\/maison-secteur-de-la-restauration\/sous-bocks\/","title":{"rendered":"Sous-bocks"},"content":{"rendered":"<p>Mettez en valeur votre marque ou votre message gr\u00e2ce \u00e0 nos sous-bocks imprim\u00e9s de haute qualit\u00e9. Disponibles en formes rondes ou carr\u00e9es, nos sous-bocks offrent polyvalence et style pour tous les environnements, des caf\u00e9s et restaurants \u00e0 l&rsquo;usage domestique. Choisissez entre des formes rondes ou carr\u00e9es et personnalisez vos sous-bocks avec des impressions sur une ou deux faces pour un impact maximal.<\/p>\n<h3>Avantages<\/h3>\n<ul>\n<li>Absorbant l&rsquo;humidit\u00e9<\/li>\n<li>Disponible en carr\u00e9 ou rond<\/li>\n<li>Impression recto ou recto-verso<\/li>\n<\/ul>\n<p>&nbsp;<\/p>\n<h3>Mat\u00e9riau<\/h3>\n<p>Nos sous-bocks sont fabriqu\u00e9s en carton feutre absorbant l&rsquo;humidit\u00e9, ce qui garantit leur durabilit\u00e9 et une excellente absorption. Ce mat\u00e9riau garde les tables s\u00e8ches et propres, tout en pr\u00e9servant la clart\u00e9 et l&rsquo;\u00e9clat de votre design.<\/p>\n<p>Que vous organisiez un caf\u00e9, un restaurant ou un \u00e9v\u00e9nement, nos sous-bocks sont le choix id\u00e9al pour renforcer votre marque ou votre message. Gr\u00e2ce \u00e0 leurs designs polyvalents et \u00e0 leurs mat\u00e9riaux de haute qualit\u00e9, ils assurent non seulement la propret\u00e9 de la table, mais laissent \u00e9galement une impression durable. Utilisez nos mod\u00e8les pour cr\u00e9er facilement votre design.<\/p>\n","protected":false},"excerpt":{"rendered":"<p>Mettez en valeur votre marque ou votre message gr\u00e2ce \u00e0 nos sous-bocks imprim\u00e9s de haute qualit\u00e9. Disponibles en formes rondes ou carr\u00e9es, nos sous-bocks offrent polyvalence et style pour tous les environnements, des caf\u00e9s et restaurants \u00e0 l&rsquo;usage domestique. Choisissez entre des formes rondes ou carr\u00e9es et personnalisez vos sous-bocks avec des impressions sur une ou deux faces pour un impact maximal.<\/p>\n","protected":false},"featured_media":15058,"template":"","meta":{"_et_pb_use_builder":"","_et_pb_old_content":"","_et_gb_content_width":""},"product_brand":[],"product_cat":[424,392,542,566,380,428],"product_tag":[],"class_list":{"0":"post-15057","1":"product","2":"type-product","3":"status-publish","4":"has-post-thumbnail","6":"product_cat-decoration","7":"product_cat-hospitalite","8":"product_cat-interieur-2","9":"product_cat-maison-secteur-de-la-restauration","10":"product_cat-publicite-interieure","11":"product_cat-salon-et-evenement","13":"first","14":"instock","15":"taxable","16":"shipping-taxable","17":"purchasable","18":"product-type-simple"},"yoast_head":"<!-- This site is optimized with the Yoast SEO plugin v27.3 - https:\/\/yoast.com\/product\/yoast-seo-wordpress\/ -->\n<title>Sous-bocks | Amstel Printing<\/title>\n<meta name=\"robots\" content=\"index, follow, max-snippet:-1, max-image-preview:large, max-video-preview:-1\" \/>\n<link rel=\"canonical\" href=\"https:\/\/www.amstelprinting.nl\/fr\/boutique\/interieur-2\/maison-secteur-de-la-restauration\/sous-bocks\/\" \/>\n<meta property=\"og:locale\" content=\"fr_FR\" \/>\n<meta property=\"og:type\" content=\"article\" \/>\n<meta property=\"og:title\" content=\"Sous-bocks | Amstel Printing\" \/>\n<meta property=\"og:description\" content=\"Mettez en valeur votre marque ou votre message gr\u00e2ce \u00e0 nos sous-bocks imprim\u00e9s de haute qualit\u00e9. Disponibles en formes rondes ou carr\u00e9es, nos sous-bocks offrent polyvalence et style pour tous les environnements, des caf\u00e9s et restaurants \u00e0 l&#039;usage domestique. Choisissez entre des formes rondes ou carr\u00e9es et personnalisez vos sous-bocks avec des impressions sur une ou deux faces pour un impact maximal.\" \/>\n<meta property=\"og:url\" content=\"https:\/\/www.amstelprinting.nl\/fr\/boutique\/interieur-2\/maison-secteur-de-la-restauration\/sous-bocks\/\" \/>\n<meta property=\"og:site_name\" content=\"Amstel Printing\" \/>\n<meta property=\"article:modified_time\" content=\"2026-02-18T11:51:31+00:00\" \/>\n<meta property=\"og:image\" content=\"https:\/\/www.amstelprinting.nl\/wp-content\/uploads\/bierviltjes-bedrukken.png\" \/>\n\t<meta property=\"og:image:width\" content=\"700\" \/>\n\t<meta property=\"og:image:height\" content=\"700\" \/>\n\t<meta property=\"og:image:type\" content=\"image\/png\" \/>\n<meta name=\"twitter:card\" content=\"summary_large_image\" \/>\n<meta name=\"twitter:label1\" content=\"Dur\u00e9e de lecture estim\u00e9e\" \/>\n\t<meta name=\"twitter:data1\" content=\"1 minute\" \/>\n<script type=\"application\/ld+json\" class=\"yoast-schema-graph\">{\"@context\":\"https:\\\/\\\/schema.org\",\"@graph\":[{\"@type\":\"WebPage\",\"@id\":\"https:\\\/\\\/www.amstelprinting.nl\\\/fr\\\/boutique\\\/interieur-2\\\/maison-secteur-de-la-restauration\\\/sous-bocks\\\/\",\"url\":\"https:\\\/\\\/www.amstelprinting.nl\\\/fr\\\/boutique\\\/interieur-2\\\/maison-secteur-de-la-restauration\\\/sous-bocks\\\/\",\"name\":\"Sous-bocks | Amstel Printing\",\"isPartOf\":{\"@id\":\"https:\\\/\\\/www.amstelprinting.nl\\\/fr\\\/#website\"},\"primaryImageOfPage\":{\"@id\":\"https:\\\/\\\/www.amstelprinting.nl\\\/fr\\\/boutique\\\/interieur-2\\\/maison-secteur-de-la-restauration\\\/sous-bocks\\\/#primaryimage\"},\"image\":{\"@id\":\"https:\\\/\\\/www.amstelprinting.nl\\\/fr\\\/boutique\\\/interieur-2\\\/maison-secteur-de-la-restauration\\\/sous-bocks\\\/#primaryimage\"},\"thumbnailUrl\":\"https:\\\/\\\/www.amstelprinting.nl\\\/wp-content\\\/uploads\\\/bierviltjes-bedrukken.png\",\"datePublished\":\"2025-01-24T10:23:55+00:00\",\"dateModified\":\"2026-02-18T11:51:31+00:00\",\"breadcrumb\":{\"@id\":\"https:\\\/\\\/www.amstelprinting.nl\\\/fr\\\/boutique\\\/interieur-2\\\/maison-secteur-de-la-restauration\\\/sous-bocks\\\/#breadcrumb\"},\"inLanguage\":\"fr-FR\",\"potentialAction\":[{\"@type\":\"ReadAction\",\"target\":[\"https:\\\/\\\/www.amstelprinting.nl\\\/fr\\\/boutique\\\/interieur-2\\\/maison-secteur-de-la-restauration\\\/sous-bocks\\\/\"]}]},{\"@type\":\"ImageObject\",\"inLanguage\":\"fr-FR\",\"@id\":\"https:\\\/\\\/www.amstelprinting.nl\\\/fr\\\/boutique\\\/interieur-2\\\/maison-secteur-de-la-restauration\\\/sous-bocks\\\/#primaryimage\",\"url\":\"https:\\\/\\\/www.amstelprinting.nl\\\/wp-content\\\/uploads\\\/bierviltjes-bedrukken.png\",\"contentUrl\":\"https:\\\/\\\/www.amstelprinting.nl\\\/wp-content\\\/uploads\\\/bierviltjes-bedrukken.png\",\"width\":700,\"height\":700},{\"@type\":\"BreadcrumbList\",\"@id\":\"https:\\\/\\\/www.amstelprinting.nl\\\/fr\\\/boutique\\\/interieur-2\\\/maison-secteur-de-la-restauration\\\/sous-bocks\\\/#breadcrumb\",\"itemListElement\":[{\"@type\":\"ListItem\",\"position\":1,\"name\":\"\",\"item\":\"https:\\\/\\\/www.amstelprinting.nl\\\/fr\\\/\"},{\"@type\":\"ListItem\",\"position\":2,\"name\":\"Amstel Printing\",\"item\":\"https:\\\/\\\/www.amstelprinting.nl\\\/fr\\\/boutique\\\/\"},{\"@type\":\"ListItem\",\"position\":3,\"name\":\"Publicit\u00e9 int\u00e9rieure\",\"item\":\"https:\\\/\\\/www.amstelprinting.nl\\\/fr\\\/categorie\\\/publicite-interieure\\\/\"},{\"@type\":\"ListItem\",\"position\":4,\"name\":\"Hospitalit\u00e9\",\"item\":\"https:\\\/\\\/www.amstelprinting.nl\\\/fr\\\/categorie\\\/publicite-interieure\\\/hospitalite\\\/\"},{\"@type\":\"ListItem\",\"position\":5,\"name\":\"Sous-bocks\"}]},{\"@type\":\"WebSite\",\"@id\":\"https:\\\/\\\/www.amstelprinting.nl\\\/fr\\\/#website\",\"url\":\"https:\\\/\\\/www.amstelprinting.nl\\\/fr\\\/\",\"name\":\"Amstel Printing\",\"description\":\"Creating Exposure\",\"publisher\":{\"@id\":\"https:\\\/\\\/www.amstelprinting.nl\\\/fr\\\/#organization\"},\"potentialAction\":[{\"@type\":\"SearchAction\",\"target\":{\"@type\":\"EntryPoint\",\"urlTemplate\":\"https:\\\/\\\/www.amstelprinting.nl\\\/fr\\\/?s={search_term_string}\"},\"query-input\":{\"@type\":\"PropertyValueSpecification\",\"valueRequired\":true,\"valueName\":\"search_term_string\"}}],\"inLanguage\":\"fr-FR\"},{\"@type\":\"Organization\",\"@id\":\"https:\\\/\\\/www.amstelprinting.nl\\\/fr\\\/#organization\",\"name\":\"Amstel Printing\",\"url\":\"https:\\\/\\\/www.amstelprinting.nl\\\/fr\\\/\",\"logo\":{\"@type\":\"ImageObject\",\"inLanguage\":\"fr-FR\",\"@id\":\"https:\\\/\\\/www.amstelprinting.nl\\\/fr\\\/#\\\/schema\\\/logo\\\/image\\\/\",\"url\":\"https:\\\/\\\/www.amstelprinting.nl\\\/wp-content\\\/uploads\\\/amstel_printing_logo_clean.png\",\"contentUrl\":\"https:\\\/\\\/www.amstelprinting.nl\\\/wp-content\\\/uploads\\\/amstel_printing_logo_clean.png\",\"width\":324,\"height\":73,\"caption\":\"Amstel Printing\"},\"image\":{\"@id\":\"https:\\\/\\\/www.amstelprinting.nl\\\/fr\\\/#\\\/schema\\\/logo\\\/image\\\/\"}}]}<\/script>\n<!-- \/ Yoast SEO plugin. -->","yoast_head_json":{"title":"Sous-bocks | Amstel Printing","robots":{"index":"index","follow":"follow","max-snippet":"max-snippet:-1","max-image-preview":"max-image-preview:large","max-video-preview":"max-video-preview:-1"},"canonical":"https:\/\/www.amstelprinting.nl\/fr\/boutique\/interieur-2\/maison-secteur-de-la-restauration\/sous-bocks\/","og_locale":"fr_FR","og_type":"article","og_title":"Sous-bocks | Amstel Printing","og_description":"Mettez en valeur votre marque ou votre message gr\u00e2ce \u00e0 nos sous-bocks imprim\u00e9s de haute qualit\u00e9. Disponibles en formes rondes ou carr\u00e9es, nos sous-bocks offrent polyvalence et style pour tous les environnements, des caf\u00e9s et restaurants \u00e0 l'usage domestique. Choisissez entre des formes rondes ou carr\u00e9es et personnalisez vos sous-bocks avec des impressions sur une ou deux faces pour un impact maximal.","og_url":"https:\/\/www.amstelprinting.nl\/fr\/boutique\/interieur-2\/maison-secteur-de-la-restauration\/sous-bocks\/","og_site_name":"Amstel Printing","article_modified_time":"2026-02-18T11:51:31+00:00","og_image":[{"width":700,"height":700,"url":"https:\/\/www.amstelprinting.nl\/wp-content\/uploads\/bierviltjes-bedrukken.png","type":"image\/png"}],"twitter_card":"summary_large_image","twitter_misc":{"Dur\u00e9e de lecture estim\u00e9e":"1 minute"},"schema":{"@context":"https:\/\/schema.org","@graph":[{"@type":"WebPage","@id":"https:\/\/www.amstelprinting.nl\/fr\/boutique\/interieur-2\/maison-secteur-de-la-restauration\/sous-bocks\/","url":"https:\/\/www.amstelprinting.nl\/fr\/boutique\/interieur-2\/maison-secteur-de-la-restauration\/sous-bocks\/","name":"Sous-bocks | Amstel Printing","isPartOf":{"@id":"https:\/\/www.amstelprinting.nl\/fr\/#website"},"primaryImageOfPage":{"@id":"https:\/\/www.amstelprinting.nl\/fr\/boutique\/interieur-2\/maison-secteur-de-la-restauration\/sous-bocks\/#primaryimage"},"image":{"@id":"https:\/\/www.amstelprinting.nl\/fr\/boutique\/interieur-2\/maison-secteur-de-la-restauration\/sous-bocks\/#primaryimage"},"thumbnailUrl":"https:\/\/www.amstelprinting.nl\/wp-content\/uploads\/bierviltjes-bedrukken.png","datePublished":"2025-01-24T10:23:55+00:00","dateModified":"2026-02-18T11:51:31+00:00","breadcrumb":{"@id":"https:\/\/www.amstelprinting.nl\/fr\/boutique\/interieur-2\/maison-secteur-de-la-restauration\/sous-bocks\/#breadcrumb"},"inLanguage":"fr-FR","potentialAction":[{"@type":"ReadAction","target":["https:\/\/www.amstelprinting.nl\/fr\/boutique\/interieur-2\/maison-secteur-de-la-restauration\/sous-bocks\/"]}]},{"@type":"ImageObject","inLanguage":"fr-FR","@id":"https:\/\/www.amstelprinting.nl\/fr\/boutique\/interieur-2\/maison-secteur-de-la-restauration\/sous-bocks\/#primaryimage","url":"https:\/\/www.amstelprinting.nl\/wp-content\/uploads\/bierviltjes-bedrukken.png","contentUrl":"https:\/\/www.amstelprinting.nl\/wp-content\/uploads\/bierviltjes-bedrukken.png","width":700,"height":700},{"@type":"BreadcrumbList","@id":"https:\/\/www.amstelprinting.nl\/fr\/boutique\/interieur-2\/maison-secteur-de-la-restauration\/sous-bocks\/#breadcrumb","itemListElement":[{"@type":"ListItem","position":1,"name":"","item":"https:\/\/www.amstelprinting.nl\/fr\/"},{"@type":"ListItem","position":2,"name":"Amstel Printing","item":"https:\/\/www.amstelprinting.nl\/fr\/boutique\/"},{"@type":"ListItem","position":3,"name":"Publicit\u00e9 int\u00e9rieure","item":"https:\/\/www.amstelprinting.nl\/fr\/categorie\/publicite-interieure\/"},{"@type":"ListItem","position":4,"name":"Hospitalit\u00e9","item":"https:\/\/www.amstelprinting.nl\/fr\/categorie\/publicite-interieure\/hospitalite\/"},{"@type":"ListItem","position":5,"name":"Sous-bocks"}]},{"@type":"WebSite","@id":"https:\/\/www.amstelprinting.nl\/fr\/#website","url":"https:\/\/www.amstelprinting.nl\/fr\/","name":"Amstel Printing","description":"Creating Exposure","publisher":{"@id":"https:\/\/www.amstelprinting.nl\/fr\/#organization"},"potentialAction":[{"@type":"SearchAction","target":{"@type":"EntryPoint","urlTemplate":"https:\/\/www.amstelprinting.nl\/fr\/?s={search_term_string}"},"query-input":{"@type":"PropertyValueSpecification","valueRequired":true,"valueName":"search_term_string"}}],"inLanguage":"fr-FR"},{"@type":"Organization","@id":"https:\/\/www.amstelprinting.nl\/fr\/#organization","name":"Amstel Printing","url":"https:\/\/www.amstelprinting.nl\/fr\/","logo":{"@type":"ImageObject","inLanguage":"fr-FR","@id":"https:\/\/www.amstelprinting.nl\/fr\/#\/schema\/logo\/image\/","url":"https:\/\/www.amstelprinting.nl\/wp-content\/uploads\/amstel_printing_logo_clean.png","contentUrl":"https:\/\/www.amstelprinting.nl\/wp-content\/uploads\/amstel_printing_logo_clean.png","width":324,"height":73,"caption":"Amstel Printing"},"image":{"@id":"https:\/\/www.amstelprinting.nl\/fr\/#\/schema\/logo\/image\/"}}]}},"_links":{"self":[{"href":"https:\/\/www.amstelprinting.nl\/fr\/wp-json\/wp\/v2\/product\/15057","targetHints":{"allow":["GET"]}}],"collection":[{"href":"https:\/\/www.amstelprinting.nl\/fr\/wp-json\/wp\/v2\/product"}],"about":[{"href":"https:\/\/www.amstelprinting.nl\/fr\/wp-json\/wp\/v2\/types\/product"}],"wp:featuredmedia":[{"embeddable":true,"href":"https:\/\/www.amstelprinting.nl\/fr\/wp-json\/wp\/v2\/media\/15058"}],"wp:attachment":[{"href":"https:\/\/www.amstelprinting.nl\/fr\/wp-json\/wp\/v2\/media?parent=15057"}],"wp:term":[{"taxonomy":"product_brand","embeddable":true,"href":"https:\/\/www.amstelprinting.nl\/fr\/wp-json\/wp\/v2\/product_brand?post=15057"},{"taxonomy":"product_cat","embeddable":true,"href":"https:\/\/www.amstelprinting.nl\/fr\/wp-json\/wp\/v2\/product_cat?post=15057"},{"taxonomy":"product_tag","embeddable":true,"href":"https:\/\/www.amstelprinting.nl\/fr\/wp-json\/wp\/v2\/product_tag?post=15057"}],"curies":[{"name":"wp","href":"https:\/\/api.w.org\/{rel}","templated":true}]}}