{"id":15068,"date":"2025-01-24T11:23:52","date_gmt":"2025-01-24T10:23:52","guid":{"rendered":"https:\/\/www.amstelprinting.nl\/winkel\/non%20class\u00e9\/placemats\/"},"modified":"2026-02-18T12:51:31","modified_gmt":"2026-02-18T11:51:31","slug":"sets-de-table","status":"publish","type":"product","link":"https:\/\/www.amstelprinting.nl\/fr\/boutique\/interieur-2\/maison-secteur-de-la-restauration\/sets-de-table\/","title":{"rendered":"Sets de table"},"content":{"rendered":"<h3>Impression de sets de table<\/h3>\n<p>Nos sets de table peuvent \u00eatre enti\u00e8rement personnalis\u00e9s avec votre propre design ou motif. Que vous choisissiez un imprim\u00e9 accrocheur, un motif subtil ou le logo de votre entreprise, les possibilit\u00e9s sont infinies. De plus, nous offrons la flexibilit\u00e9 de grandes ou petites s\u00e9ries, afin que vous receviez toujours exactement la quantit\u00e9 dont vous avez besoin.<\/p>\n<p>Nos sets de table offrent un \u00e9quilibre parfait entre esth\u00e9tique et fonctionnalit\u00e9. Ils prot\u00e8gent votre table et ajoutent une touche d&rsquo;\u00e9l\u00e9gance \u00e0 chaque occasion. Offrez \u00e0 votre table une protection tout en lui donnant un nouveau look gr\u00e2ce \u00e0 nos sets de table polyvalents et \u00e9l\u00e9gants. Commandez d\u00e8s aujourd&rsquo;hui et d\u00e9couvrez \u00e0 quel point il est facile de rendre chaque repas sp\u00e9cial avec une touche personnelle et professionnelle !<\/p>\n<h3>Sets de table : choisissez le bon mat\u00e9riau<\/h3>\n<p>Nos sets de table sont disponibles dans diverses options de papier et de tissu, chacune ayant des propri\u00e9t\u00e9s uniques.<\/p>\n<p><strong>Sets de table en papier<\/strong><br \/>\nPour le papier, vous pouvez choisir entre le HVO blanc, qui offre un aspect mat et une texture naturelle ; le HV compatible laser blanc, id\u00e9al pour des impressions nettes et claires avec des imprimantes laser ; le HV satin\u00e9 MC (Brillant), qui a une finition brillante pour des couleurs \u00e9clatantes ; Synaps, un papier synth\u00e9tique r\u00e9sistant \u00e0 l&rsquo;eau et aux d\u00e9chirures ; et YupoBlue, \u00e9galement synth\u00e9tique, avec une blancheur et une durabilit\u00e9 \u00e9lev\u00e9es. Les sets de table en papier peuvent \u00eatre imprim\u00e9s en recto ou en recto-verso.<\/p>\n<p><strong>Sets de table en tissu<\/strong><br \/>\nPour les sets de table en tissu, nous proposons le Pro Cotton Percal, un coton doux et respirant avec un tissage fin ; Kendal, qui est robuste mais confortable et adapt\u00e9 \u00e0 une utilisation int\u00e9rieure et ext\u00e9rieure ; et ProPES Outdoor, une toile synth\u00e9tique d\u00e9perlante et r\u00e9sistante aux intemp\u00e9ries, parfaite pour une utilisation en ext\u00e9rieur. Ces sets de table en tissu sont finis avec un double ourlet, disponible avec du fil blanc ou noir, ce qui assure une finition soign\u00e9e et \u00e9vite l&rsquo;effilochage.<\/p>\n","protected":false},"excerpt":{"rendered":"<h3>Dot\u00e9 d&rsquo;une impression d&rsquo;une nettet\u00e9 exceptionnelle au choix<\/h3>\n<p>Donnez \u00e0 votre table une allure \u00e9l\u00e9gante avec nos sets de table de haute qualit\u00e9. Parfaits pour les restaurants, les caf\u00e9s, les \u00e9v\u00e9nements ou un usage domestique. Nos sets de table offrent la combinaison id\u00e9ale de style tout en prot\u00e9geant le plateau de la table. Disponibles dans le format spacieux A3 (paysage), ils sont assez grands pour compl\u00e9ter n&rsquo;importe quel dressage de table.<\/p>\n","protected":false},"featured_media":15070,"template":"","meta":{"_et_pb_use_builder":"","_et_pb_old_content":"","_et_gb_content_width":""},"product_brand":[],"product_cat":[392,542,566,380],"product_tag":[],"class_list":{"0":"post-15068","1":"product","2":"type-product","3":"status-publish","4":"has-post-thumbnail","6":"product_cat-hospitalite","7":"product_cat-interieur-2","8":"product_cat-maison-secteur-de-la-restauration","9":"product_cat-publicite-interieure","11":"first","12":"instock","13":"taxable","14":"shipping-taxable","15":"purchasable","16":"product-type-simple"},"yoast_head":"<!-- This site is optimized with the Yoast SEO plugin v27.3 - https:\/\/yoast.com\/product\/yoast-seo-wordpress\/ -->\n<title>Sets de table | Amstel Printing<\/title>\n<meta name=\"robots\" content=\"index, follow, max-snippet:-1, max-image-preview:large, max-video-preview:-1\" \/>\n<link rel=\"canonical\" href=\"https:\/\/www.amstelprinting.nl\/fr\/boutique\/interieur-2\/maison-secteur-de-la-restauration\/sets-de-table\/\" \/>\n<meta property=\"og:locale\" content=\"fr_FR\" \/>\n<meta property=\"og:type\" content=\"article\" \/>\n<meta property=\"og:title\" content=\"Sets de table | Amstel Printing\" \/>\n<meta property=\"og:description\" content=\"Dot\u00e9 d&#039;une impression d&#039;une nettet\u00e9 exceptionnelle au choix Donnez \u00e0 votre table une allure \u00e9l\u00e9gante avec nos sets de table de haute qualit\u00e9. Parfaits pour les restaurants, les caf\u00e9s, les \u00e9v\u00e9nements ou un usage domestique. Nos sets de table offrent la combinaison id\u00e9ale de style tout en prot\u00e9geant le plateau de la table. Disponibles dans le format spacieux A3 (paysage), ils sont assez grands pour compl\u00e9ter n&#039;importe quel dressage de table.\" \/>\n<meta property=\"og:url\" content=\"https:\/\/www.amstelprinting.nl\/fr\/boutique\/interieur-2\/maison-secteur-de-la-restauration\/sets-de-table\/\" \/>\n<meta property=\"og:site_name\" content=\"Amstel Printing\" \/>\n<meta property=\"article:modified_time\" content=\"2026-02-18T11:51:31+00:00\" \/>\n<meta property=\"og:image\" content=\"https:\/\/www.amstelprinting.nl\/wp-content\/uploads\/Placemats4.jpg\" \/>\n\t<meta property=\"og:image:width\" content=\"700\" \/>\n\t<meta property=\"og:image:height\" content=\"700\" \/>\n\t<meta property=\"og:image:type\" content=\"image\/jpeg\" \/>\n<meta name=\"twitter:card\" content=\"summary_large_image\" \/>\n<meta name=\"twitter:label1\" content=\"Dur\u00e9e de lecture estim\u00e9e\" \/>\n\t<meta name=\"twitter:data1\" content=\"2 minutes\" \/>\n<script type=\"application\/ld+json\" class=\"yoast-schema-graph\">{\"@context\":\"https:\\\/\\\/schema.org\",\"@graph\":[{\"@type\":\"WebPage\",\"@id\":\"https:\\\/\\\/www.amstelprinting.nl\\\/fr\\\/boutique\\\/interieur-2\\\/maison-secteur-de-la-restauration\\\/sets-de-table\\\/\",\"url\":\"https:\\\/\\\/www.amstelprinting.nl\\\/fr\\\/boutique\\\/interieur-2\\\/maison-secteur-de-la-restauration\\\/sets-de-table\\\/\",\"name\":\"Sets de table | Amstel Printing\",\"isPartOf\":{\"@id\":\"https:\\\/\\\/www.amstelprinting.nl\\\/fr\\\/#website\"},\"primaryImageOfPage\":{\"@id\":\"https:\\\/\\\/www.amstelprinting.nl\\\/fr\\\/boutique\\\/interieur-2\\\/maison-secteur-de-la-restauration\\\/sets-de-table\\\/#primaryimage\"},\"image\":{\"@id\":\"https:\\\/\\\/www.amstelprinting.nl\\\/fr\\\/boutique\\\/interieur-2\\\/maison-secteur-de-la-restauration\\\/sets-de-table\\\/#primaryimage\"},\"thumbnailUrl\":\"https:\\\/\\\/www.amstelprinting.nl\\\/wp-content\\\/uploads\\\/Placemats4.jpg\",\"datePublished\":\"2025-01-24T10:23:52+00:00\",\"dateModified\":\"2026-02-18T11:51:31+00:00\",\"breadcrumb\":{\"@id\":\"https:\\\/\\\/www.amstelprinting.nl\\\/fr\\\/boutique\\\/interieur-2\\\/maison-secteur-de-la-restauration\\\/sets-de-table\\\/#breadcrumb\"},\"inLanguage\":\"fr-FR\",\"potentialAction\":[{\"@type\":\"ReadAction\",\"target\":[\"https:\\\/\\\/www.amstelprinting.nl\\\/fr\\\/boutique\\\/interieur-2\\\/maison-secteur-de-la-restauration\\\/sets-de-table\\\/\"]}]},{\"@type\":\"ImageObject\",\"inLanguage\":\"fr-FR\",\"@id\":\"https:\\\/\\\/www.amstelprinting.nl\\\/fr\\\/boutique\\\/interieur-2\\\/maison-secteur-de-la-restauration\\\/sets-de-table\\\/#primaryimage\",\"url\":\"https:\\\/\\\/www.amstelprinting.nl\\\/wp-content\\\/uploads\\\/Placemats4.jpg\",\"contentUrl\":\"https:\\\/\\\/www.amstelprinting.nl\\\/wp-content\\\/uploads\\\/Placemats4.jpg\",\"width\":700,\"height\":700},{\"@type\":\"BreadcrumbList\",\"@id\":\"https:\\\/\\\/www.amstelprinting.nl\\\/fr\\\/boutique\\\/interieur-2\\\/maison-secteur-de-la-restauration\\\/sets-de-table\\\/#breadcrumb\",\"itemListElement\":[{\"@type\":\"ListItem\",\"position\":1,\"name\":\"\",\"item\":\"https:\\\/\\\/www.amstelprinting.nl\\\/fr\\\/\"},{\"@type\":\"ListItem\",\"position\":2,\"name\":\"Amstel Printing\",\"item\":\"https:\\\/\\\/www.amstelprinting.nl\\\/fr\\\/boutique\\\/\"},{\"@type\":\"ListItem\",\"position\":3,\"name\":\"Publicit\u00e9 int\u00e9rieure\",\"item\":\"https:\\\/\\\/www.amstelprinting.nl\\\/fr\\\/categorie\\\/publicite-interieure\\\/\"},{\"@type\":\"ListItem\",\"position\":4,\"name\":\"Hospitalit\u00e9\",\"item\":\"https:\\\/\\\/www.amstelprinting.nl\\\/fr\\\/categorie\\\/publicite-interieure\\\/hospitalite\\\/\"},{\"@type\":\"ListItem\",\"position\":5,\"name\":\"Sets de table\"}]},{\"@type\":\"WebSite\",\"@id\":\"https:\\\/\\\/www.amstelprinting.nl\\\/fr\\\/#website\",\"url\":\"https:\\\/\\\/www.amstelprinting.nl\\\/fr\\\/\",\"name\":\"Amstel Printing\",\"description\":\"Creating Exposure\",\"publisher\":{\"@id\":\"https:\\\/\\\/www.amstelprinting.nl\\\/fr\\\/#organization\"},\"potentialAction\":[{\"@type\":\"SearchAction\",\"target\":{\"@type\":\"EntryPoint\",\"urlTemplate\":\"https:\\\/\\\/www.amstelprinting.nl\\\/fr\\\/?s={search_term_string}\"},\"query-input\":{\"@type\":\"PropertyValueSpecification\",\"valueRequired\":true,\"valueName\":\"search_term_string\"}}],\"inLanguage\":\"fr-FR\"},{\"@type\":\"Organization\",\"@id\":\"https:\\\/\\\/www.amstelprinting.nl\\\/fr\\\/#organization\",\"name\":\"Amstel Printing\",\"url\":\"https:\\\/\\\/www.amstelprinting.nl\\\/fr\\\/\",\"logo\":{\"@type\":\"ImageObject\",\"inLanguage\":\"fr-FR\",\"@id\":\"https:\\\/\\\/www.amstelprinting.nl\\\/fr\\\/#\\\/schema\\\/logo\\\/image\\\/\",\"url\":\"https:\\\/\\\/www.amstelprinting.nl\\\/wp-content\\\/uploads\\\/amstel_printing_logo_clean.png\",\"contentUrl\":\"https:\\\/\\\/www.amstelprinting.nl\\\/wp-content\\\/uploads\\\/amstel_printing_logo_clean.png\",\"width\":324,\"height\":73,\"caption\":\"Amstel Printing\"},\"image\":{\"@id\":\"https:\\\/\\\/www.amstelprinting.nl\\\/fr\\\/#\\\/schema\\\/logo\\\/image\\\/\"}}]}<\/script>\n<!-- \/ Yoast SEO plugin. -->","yoast_head_json":{"title":"Sets de table | Amstel Printing","robots":{"index":"index","follow":"follow","max-snippet":"max-snippet:-1","max-image-preview":"max-image-preview:large","max-video-preview":"max-video-preview:-1"},"canonical":"https:\/\/www.amstelprinting.nl\/fr\/boutique\/interieur-2\/maison-secteur-de-la-restauration\/sets-de-table\/","og_locale":"fr_FR","og_type":"article","og_title":"Sets de table | Amstel Printing","og_description":"Dot\u00e9 d'une impression d'une nettet\u00e9 exceptionnelle au choix Donnez \u00e0 votre table une allure \u00e9l\u00e9gante avec nos sets de table de haute qualit\u00e9. Parfaits pour les restaurants, les caf\u00e9s, les \u00e9v\u00e9nements ou un usage domestique. Nos sets de table offrent la combinaison id\u00e9ale de style tout en prot\u00e9geant le plateau de la table. Disponibles dans le format spacieux A3 (paysage), ils sont assez grands pour compl\u00e9ter n'importe quel dressage de table.","og_url":"https:\/\/www.amstelprinting.nl\/fr\/boutique\/interieur-2\/maison-secteur-de-la-restauration\/sets-de-table\/","og_site_name":"Amstel Printing","article_modified_time":"2026-02-18T11:51:31+00:00","og_image":[{"width":700,"height":700,"url":"https:\/\/www.amstelprinting.nl\/wp-content\/uploads\/Placemats4.jpg","type":"image\/jpeg"}],"twitter_card":"summary_large_image","twitter_misc":{"Dur\u00e9e de lecture estim\u00e9e":"2 minutes"},"schema":{"@context":"https:\/\/schema.org","@graph":[{"@type":"WebPage","@id":"https:\/\/www.amstelprinting.nl\/fr\/boutique\/interieur-2\/maison-secteur-de-la-restauration\/sets-de-table\/","url":"https:\/\/www.amstelprinting.nl\/fr\/boutique\/interieur-2\/maison-secteur-de-la-restauration\/sets-de-table\/","name":"Sets de table | Amstel Printing","isPartOf":{"@id":"https:\/\/www.amstelprinting.nl\/fr\/#website"},"primaryImageOfPage":{"@id":"https:\/\/www.amstelprinting.nl\/fr\/boutique\/interieur-2\/maison-secteur-de-la-restauration\/sets-de-table\/#primaryimage"},"image":{"@id":"https:\/\/www.amstelprinting.nl\/fr\/boutique\/interieur-2\/maison-secteur-de-la-restauration\/sets-de-table\/#primaryimage"},"thumbnailUrl":"https:\/\/www.amstelprinting.nl\/wp-content\/uploads\/Placemats4.jpg","datePublished":"2025-01-24T10:23:52+00:00","dateModified":"2026-02-18T11:51:31+00:00","breadcrumb":{"@id":"https:\/\/www.amstelprinting.nl\/fr\/boutique\/interieur-2\/maison-secteur-de-la-restauration\/sets-de-table\/#breadcrumb"},"inLanguage":"fr-FR","potentialAction":[{"@type":"ReadAction","target":["https:\/\/www.amstelprinting.nl\/fr\/boutique\/interieur-2\/maison-secteur-de-la-restauration\/sets-de-table\/"]}]},{"@type":"ImageObject","inLanguage":"fr-FR","@id":"https:\/\/www.amstelprinting.nl\/fr\/boutique\/interieur-2\/maison-secteur-de-la-restauration\/sets-de-table\/#primaryimage","url":"https:\/\/www.amstelprinting.nl\/wp-content\/uploads\/Placemats4.jpg","contentUrl":"https:\/\/www.amstelprinting.nl\/wp-content\/uploads\/Placemats4.jpg","width":700,"height":700},{"@type":"BreadcrumbList","@id":"https:\/\/www.amstelprinting.nl\/fr\/boutique\/interieur-2\/maison-secteur-de-la-restauration\/sets-de-table\/#breadcrumb","itemListElement":[{"@type":"ListItem","position":1,"name":"","item":"https:\/\/www.amstelprinting.nl\/fr\/"},{"@type":"ListItem","position":2,"name":"Amstel Printing","item":"https:\/\/www.amstelprinting.nl\/fr\/boutique\/"},{"@type":"ListItem","position":3,"name":"Publicit\u00e9 int\u00e9rieure","item":"https:\/\/www.amstelprinting.nl\/fr\/categorie\/publicite-interieure\/"},{"@type":"ListItem","position":4,"name":"Hospitalit\u00e9","item":"https:\/\/www.amstelprinting.nl\/fr\/categorie\/publicite-interieure\/hospitalite\/"},{"@type":"ListItem","position":5,"name":"Sets de table"}]},{"@type":"WebSite","@id":"https:\/\/www.amstelprinting.nl\/fr\/#website","url":"https:\/\/www.amstelprinting.nl\/fr\/","name":"Amstel Printing","description":"Creating Exposure","publisher":{"@id":"https:\/\/www.amstelprinting.nl\/fr\/#organization"},"potentialAction":[{"@type":"SearchAction","target":{"@type":"EntryPoint","urlTemplate":"https:\/\/www.amstelprinting.nl\/fr\/?s={search_term_string}"},"query-input":{"@type":"PropertyValueSpecification","valueRequired":true,"valueName":"search_term_string"}}],"inLanguage":"fr-FR"},{"@type":"Organization","@id":"https:\/\/www.amstelprinting.nl\/fr\/#organization","name":"Amstel Printing","url":"https:\/\/www.amstelprinting.nl\/fr\/","logo":{"@type":"ImageObject","inLanguage":"fr-FR","@id":"https:\/\/www.amstelprinting.nl\/fr\/#\/schema\/logo\/image\/","url":"https:\/\/www.amstelprinting.nl\/wp-content\/uploads\/amstel_printing_logo_clean.png","contentUrl":"https:\/\/www.amstelprinting.nl\/wp-content\/uploads\/amstel_printing_logo_clean.png","width":324,"height":73,"caption":"Amstel Printing"},"image":{"@id":"https:\/\/www.amstelprinting.nl\/fr\/#\/schema\/logo\/image\/"}}]}},"_links":{"self":[{"href":"https:\/\/www.amstelprinting.nl\/fr\/wp-json\/wp\/v2\/product\/15068","targetHints":{"allow":["GET"]}}],"collection":[{"href":"https:\/\/www.amstelprinting.nl\/fr\/wp-json\/wp\/v2\/product"}],"about":[{"href":"https:\/\/www.amstelprinting.nl\/fr\/wp-json\/wp\/v2\/types\/product"}],"wp:featuredmedia":[{"embeddable":true,"href":"https:\/\/www.amstelprinting.nl\/fr\/wp-json\/wp\/v2\/media\/15070"}],"wp:attachment":[{"href":"https:\/\/www.amstelprinting.nl\/fr\/wp-json\/wp\/v2\/media?parent=15068"}],"wp:term":[{"taxonomy":"product_brand","embeddable":true,"href":"https:\/\/www.amstelprinting.nl\/fr\/wp-json\/wp\/v2\/product_brand?post=15068"},{"taxonomy":"product_cat","embeddable":true,"href":"https:\/\/www.amstelprinting.nl\/fr\/wp-json\/wp\/v2\/product_cat?post=15068"},{"taxonomy":"product_tag","embeddable":true,"href":"https:\/\/www.amstelprinting.nl\/fr\/wp-json\/wp\/v2\/product_tag?post=15068"}],"curies":[{"name":"wp","href":"https:\/\/api.w.org\/{rel}","templated":true}]}}