{"id":15082,"date":"2025-01-24T11:23:48","date_gmt":"2025-01-24T10:23:48","guid":{"rendered":"https:\/\/www.amstelprinting.nl\/winkel\/non%20class\u00e9\/acousticpro-dividers\/"},"modified":"2026-02-18T12:51:32","modified_gmt":"2026-02-18T11:51:32","slug":"cloisons-de-separation-acousticpro","status":"publish","type":"product","link":"https:\/\/www.amstelprinting.nl\/fr\/boutique\/interieur-2\/maison-secteur-de-la-restauration\/cloisons-de-separation-acousticpro\/","title":{"rendered":"Cloisons de s\u00e9paration AcousticPro\u00ae"},"content":{"rendered":"<h3>Cloisons de s\u00e9paration AcousticPro\u00ae<\/h3>\n<p>Nos cloisons de s\u00e9paration AcousticPro\u00ae vous offrent la libert\u00e9 de cr\u00e9er votre propre design ou de choisir parmi nos motifs \u00e9l\u00e9gants. Gr\u00e2ce \u00e0 l&rsquo;utilisation d&rsquo;un mat\u00e9riau acoustique, compos\u00e9 \u00e0 90 % de fibres de coton recycl\u00e9es issues de jeans, ces cloisons absorbent efficacement les ondes sonores et r\u00e9duisent la r\u00e9verb\u00e9ration. Avec une valeur \u03b1 de 0,7 dans la zone de la parole (500-1000 Hz), elles garantissent un environnement sonore nettement meilleur.<\/p>\n<h3>Avantages<\/h3>\n<ul>\n<li>Choix entre : Cloison de bureau ou de pi\u00e8ce (autoportante ou mobile)<\/li>\n<li>Mat\u00e9riau acoustique qui absorbe le son<\/li>\n<li>Dot\u00e9 d&rsquo;une impression recto-verso<\/li>\n<li>Livr\u00e9 sous forme de cadre enti\u00e8rement assembl\u00e9<\/li>\n<li>Syst\u00e8me modulaire innovant (cr\u00e9ez des combinaisons infinies)<\/li>\n<li>T\u00e9l\u00e9chargez votre design ou choisissez l&rsquo;un des 20 000 motifs de notre collection<\/li>\n<li>Divers accessoires inclus<\/li>\n<\/ul>\n<p>&nbsp;<\/p>\n<h3>Accessoires<\/h3>\n<p>Nos cloisons de bureau (parois de s\u00e9paration) sont livr\u00e9es avec des pinces de bureau, des protections d&rsquo;angle et du mat\u00e9riel de fixation. Pour les cloisons de pi\u00e8ce, nous proposons des plaques de base (fixes ou mobiles), des protections d&rsquo;angle et du mat\u00e9riel de fixation. Ces accessoires garantissent une installation simple et une stabilit\u00e9 maximale.<br \/>\nApportez calme et concentration \u00e0 votre espace de travail avec les cloisons de s\u00e9paration AcousticPro\u00ae, polyvalentes et \u00e9l\u00e9gantes. Gr\u00e2ce \u00e0 leurs excellentes propri\u00e9t\u00e9s acoustiques, leurs mat\u00e9riaux durables et leurs designs personnalisables, elles constituent la solution parfaite pour tout environnement. Que vous choisissiez une cloison de pi\u00e8ce ou de bureau, vous remarquerez imm\u00e9diatement la diff\u00e9rence en termes de qualit\u00e9 sonore et d&rsquo;esth\u00e9tique.<\/p>\n","protected":false},"excerpt":{"rendered":"<h3>Cloisons de bureau et de pi\u00e8ce personnalis\u00e9es<\/h3>\n<p>Cr\u00e9ez un environnement calme et productif avec nos cloisons AcousticPro\u00ae. Ces parois de s\u00e9paration polyvalentes sont disponibles en tant que cloisons de pi\u00e8ce ou cloisons de bureau, avec un cadre noir ou blanc \u00e9pur\u00e9. Choisissez une variante fixe ou une version mobile pour plus de flexibilit\u00e9.<\/p>\n","protected":false},"featured_media":15083,"template":"","meta":{"_et_pb_use_builder":"","_et_pb_old_content":"","_et_gb_content_width":""},"product_brand":[],"product_cat":[392,542,566,380],"product_tag":[],"class_list":{"0":"post-15082","1":"product","2":"type-product","3":"status-publish","4":"has-post-thumbnail","6":"product_cat-hospitalite","7":"product_cat-interieur-2","8":"product_cat-maison-secteur-de-la-restauration","9":"product_cat-publicite-interieure","11":"first","12":"instock","13":"taxable","14":"shipping-taxable","15":"purchasable","16":"product-type-simple"},"yoast_head":"<!-- This site is optimized with the Yoast SEO plugin v27.3 - https:\/\/yoast.com\/product\/yoast-seo-wordpress\/ -->\n<title>Cloisons de s\u00e9paration AcousticPro\u00ae | Amstel Printing<\/title>\n<meta name=\"robots\" content=\"index, follow, max-snippet:-1, max-image-preview:large, max-video-preview:-1\" \/>\n<link rel=\"canonical\" href=\"https:\/\/www.amstelprinting.nl\/fr\/boutique\/interieur-2\/maison-secteur-de-la-restauration\/cloisons-de-separation-acousticpro\/\" \/>\n<meta property=\"og:locale\" content=\"fr_FR\" \/>\n<meta property=\"og:type\" content=\"article\" \/>\n<meta property=\"og:title\" content=\"Cloisons de s\u00e9paration AcousticPro\u00ae | Amstel Printing\" \/>\n<meta property=\"og:description\" content=\"Cloisons de bureau et de pi\u00e8ce personnalis\u00e9es Cr\u00e9ez un environnement calme et productif avec nos cloisons AcousticPro\u00ae. Ces parois de s\u00e9paration polyvalentes sont disponibles en tant que cloisons de pi\u00e8ce ou cloisons de bureau, avec un cadre noir ou blanc \u00e9pur\u00e9. Choisissez une variante fixe ou une version mobile pour plus de flexibilit\u00e9.\" \/>\n<meta property=\"og:url\" content=\"https:\/\/www.amstelprinting.nl\/fr\/boutique\/interieur-2\/maison-secteur-de-la-restauration\/cloisons-de-separation-acousticpro\/\" \/>\n<meta property=\"og:site_name\" content=\"Amstel Printing\" \/>\n<meta property=\"article:modified_time\" content=\"2026-02-18T11:51:32+00:00\" \/>\n<meta property=\"og:image\" content=\"https:\/\/www.amstelprinting.nl\/wp-content\/uploads\/AcousticPro-divider-bedrukken.png\" \/>\n\t<meta property=\"og:image:width\" content=\"900\" \/>\n\t<meta property=\"og:image:height\" content=\"900\" \/>\n\t<meta property=\"og:image:type\" content=\"image\/png\" \/>\n<meta name=\"twitter:card\" content=\"summary_large_image\" \/>\n<meta name=\"twitter:label1\" content=\"Dur\u00e9e de lecture estim\u00e9e\" \/>\n\t<meta name=\"twitter:data1\" content=\"1 minute\" \/>\n<script type=\"application\/ld+json\" class=\"yoast-schema-graph\">{\"@context\":\"https:\\\/\\\/schema.org\",\"@graph\":[{\"@type\":\"WebPage\",\"@id\":\"https:\\\/\\\/www.amstelprinting.nl\\\/fr\\\/boutique\\\/interieur-2\\\/maison-secteur-de-la-restauration\\\/cloisons-de-separation-acousticpro\\\/\",\"url\":\"https:\\\/\\\/www.amstelprinting.nl\\\/fr\\\/boutique\\\/interieur-2\\\/maison-secteur-de-la-restauration\\\/cloisons-de-separation-acousticpro\\\/\",\"name\":\"Cloisons de s\u00e9paration AcousticPro\u00ae | Amstel Printing\",\"isPartOf\":{\"@id\":\"https:\\\/\\\/www.amstelprinting.nl\\\/fr\\\/#website\"},\"primaryImageOfPage\":{\"@id\":\"https:\\\/\\\/www.amstelprinting.nl\\\/fr\\\/boutique\\\/interieur-2\\\/maison-secteur-de-la-restauration\\\/cloisons-de-separation-acousticpro\\\/#primaryimage\"},\"image\":{\"@id\":\"https:\\\/\\\/www.amstelprinting.nl\\\/fr\\\/boutique\\\/interieur-2\\\/maison-secteur-de-la-restauration\\\/cloisons-de-separation-acousticpro\\\/#primaryimage\"},\"thumbnailUrl\":\"https:\\\/\\\/www.amstelprinting.nl\\\/wp-content\\\/uploads\\\/AcousticPro-divider-bedrukken.png\",\"datePublished\":\"2025-01-24T10:23:48+00:00\",\"dateModified\":\"2026-02-18T11:51:32+00:00\",\"breadcrumb\":{\"@id\":\"https:\\\/\\\/www.amstelprinting.nl\\\/fr\\\/boutique\\\/interieur-2\\\/maison-secteur-de-la-restauration\\\/cloisons-de-separation-acousticpro\\\/#breadcrumb\"},\"inLanguage\":\"fr-FR\",\"potentialAction\":[{\"@type\":\"ReadAction\",\"target\":[\"https:\\\/\\\/www.amstelprinting.nl\\\/fr\\\/boutique\\\/interieur-2\\\/maison-secteur-de-la-restauration\\\/cloisons-de-separation-acousticpro\\\/\"]}]},{\"@type\":\"ImageObject\",\"inLanguage\":\"fr-FR\",\"@id\":\"https:\\\/\\\/www.amstelprinting.nl\\\/fr\\\/boutique\\\/interieur-2\\\/maison-secteur-de-la-restauration\\\/cloisons-de-separation-acousticpro\\\/#primaryimage\",\"url\":\"https:\\\/\\\/www.amstelprinting.nl\\\/wp-content\\\/uploads\\\/AcousticPro-divider-bedrukken.png\",\"contentUrl\":\"https:\\\/\\\/www.amstelprinting.nl\\\/wp-content\\\/uploads\\\/AcousticPro-divider-bedrukken.png\",\"width\":900,\"height\":900},{\"@type\":\"BreadcrumbList\",\"@id\":\"https:\\\/\\\/www.amstelprinting.nl\\\/fr\\\/boutique\\\/interieur-2\\\/maison-secteur-de-la-restauration\\\/cloisons-de-separation-acousticpro\\\/#breadcrumb\",\"itemListElement\":[{\"@type\":\"ListItem\",\"position\":1,\"name\":\"\",\"item\":\"https:\\\/\\\/www.amstelprinting.nl\\\/fr\\\/\"},{\"@type\":\"ListItem\",\"position\":2,\"name\":\"Amstel Printing\",\"item\":\"https:\\\/\\\/www.amstelprinting.nl\\\/fr\\\/boutique\\\/\"},{\"@type\":\"ListItem\",\"position\":3,\"name\":\"Publicit\u00e9 int\u00e9rieure\",\"item\":\"https:\\\/\\\/www.amstelprinting.nl\\\/fr\\\/categorie\\\/publicite-interieure\\\/\"},{\"@type\":\"ListItem\",\"position\":4,\"name\":\"Hospitalit\u00e9\",\"item\":\"https:\\\/\\\/www.amstelprinting.nl\\\/fr\\\/categorie\\\/publicite-interieure\\\/hospitalite\\\/\"},{\"@type\":\"ListItem\",\"position\":5,\"name\":\"Cloisons de s\u00e9paration AcousticPro\u00ae\"}]},{\"@type\":\"WebSite\",\"@id\":\"https:\\\/\\\/www.amstelprinting.nl\\\/fr\\\/#website\",\"url\":\"https:\\\/\\\/www.amstelprinting.nl\\\/fr\\\/\",\"name\":\"Amstel Printing\",\"description\":\"Creating Exposure\",\"publisher\":{\"@id\":\"https:\\\/\\\/www.amstelprinting.nl\\\/fr\\\/#organization\"},\"potentialAction\":[{\"@type\":\"SearchAction\",\"target\":{\"@type\":\"EntryPoint\",\"urlTemplate\":\"https:\\\/\\\/www.amstelprinting.nl\\\/fr\\\/?s={search_term_string}\"},\"query-input\":{\"@type\":\"PropertyValueSpecification\",\"valueRequired\":true,\"valueName\":\"search_term_string\"}}],\"inLanguage\":\"fr-FR\"},{\"@type\":\"Organization\",\"@id\":\"https:\\\/\\\/www.amstelprinting.nl\\\/fr\\\/#organization\",\"name\":\"Amstel Printing\",\"url\":\"https:\\\/\\\/www.amstelprinting.nl\\\/fr\\\/\",\"logo\":{\"@type\":\"ImageObject\",\"inLanguage\":\"fr-FR\",\"@id\":\"https:\\\/\\\/www.amstelprinting.nl\\\/fr\\\/#\\\/schema\\\/logo\\\/image\\\/\",\"url\":\"https:\\\/\\\/www.amstelprinting.nl\\\/wp-content\\\/uploads\\\/amstel_printing_logo_clean.png\",\"contentUrl\":\"https:\\\/\\\/www.amstelprinting.nl\\\/wp-content\\\/uploads\\\/amstel_printing_logo_clean.png\",\"width\":324,\"height\":73,\"caption\":\"Amstel Printing\"},\"image\":{\"@id\":\"https:\\\/\\\/www.amstelprinting.nl\\\/fr\\\/#\\\/schema\\\/logo\\\/image\\\/\"}}]}<\/script>\n<!-- \/ Yoast SEO plugin. -->","yoast_head_json":{"title":"Cloisons de s\u00e9paration AcousticPro\u00ae | Amstel Printing","robots":{"index":"index","follow":"follow","max-snippet":"max-snippet:-1","max-image-preview":"max-image-preview:large","max-video-preview":"max-video-preview:-1"},"canonical":"https:\/\/www.amstelprinting.nl\/fr\/boutique\/interieur-2\/maison-secteur-de-la-restauration\/cloisons-de-separation-acousticpro\/","og_locale":"fr_FR","og_type":"article","og_title":"Cloisons de s\u00e9paration AcousticPro\u00ae | Amstel Printing","og_description":"Cloisons de bureau et de pi\u00e8ce personnalis\u00e9es Cr\u00e9ez un environnement calme et productif avec nos cloisons AcousticPro\u00ae. Ces parois de s\u00e9paration polyvalentes sont disponibles en tant que cloisons de pi\u00e8ce ou cloisons de bureau, avec un cadre noir ou blanc \u00e9pur\u00e9. Choisissez une variante fixe ou une version mobile pour plus de flexibilit\u00e9.","og_url":"https:\/\/www.amstelprinting.nl\/fr\/boutique\/interieur-2\/maison-secteur-de-la-restauration\/cloisons-de-separation-acousticpro\/","og_site_name":"Amstel Printing","article_modified_time":"2026-02-18T11:51:32+00:00","og_image":[{"width":900,"height":900,"url":"https:\/\/www.amstelprinting.nl\/wp-content\/uploads\/AcousticPro-divider-bedrukken.png","type":"image\/png"}],"twitter_card":"summary_large_image","twitter_misc":{"Dur\u00e9e de lecture estim\u00e9e":"1 minute"},"schema":{"@context":"https:\/\/schema.org","@graph":[{"@type":"WebPage","@id":"https:\/\/www.amstelprinting.nl\/fr\/boutique\/interieur-2\/maison-secteur-de-la-restauration\/cloisons-de-separation-acousticpro\/","url":"https:\/\/www.amstelprinting.nl\/fr\/boutique\/interieur-2\/maison-secteur-de-la-restauration\/cloisons-de-separation-acousticpro\/","name":"Cloisons de s\u00e9paration AcousticPro\u00ae | Amstel Printing","isPartOf":{"@id":"https:\/\/www.amstelprinting.nl\/fr\/#website"},"primaryImageOfPage":{"@id":"https:\/\/www.amstelprinting.nl\/fr\/boutique\/interieur-2\/maison-secteur-de-la-restauration\/cloisons-de-separation-acousticpro\/#primaryimage"},"image":{"@id":"https:\/\/www.amstelprinting.nl\/fr\/boutique\/interieur-2\/maison-secteur-de-la-restauration\/cloisons-de-separation-acousticpro\/#primaryimage"},"thumbnailUrl":"https:\/\/www.amstelprinting.nl\/wp-content\/uploads\/AcousticPro-divider-bedrukken.png","datePublished":"2025-01-24T10:23:48+00:00","dateModified":"2026-02-18T11:51:32+00:00","breadcrumb":{"@id":"https:\/\/www.amstelprinting.nl\/fr\/boutique\/interieur-2\/maison-secteur-de-la-restauration\/cloisons-de-separation-acousticpro\/#breadcrumb"},"inLanguage":"fr-FR","potentialAction":[{"@type":"ReadAction","target":["https:\/\/www.amstelprinting.nl\/fr\/boutique\/interieur-2\/maison-secteur-de-la-restauration\/cloisons-de-separation-acousticpro\/"]}]},{"@type":"ImageObject","inLanguage":"fr-FR","@id":"https:\/\/www.amstelprinting.nl\/fr\/boutique\/interieur-2\/maison-secteur-de-la-restauration\/cloisons-de-separation-acousticpro\/#primaryimage","url":"https:\/\/www.amstelprinting.nl\/wp-content\/uploads\/AcousticPro-divider-bedrukken.png","contentUrl":"https:\/\/www.amstelprinting.nl\/wp-content\/uploads\/AcousticPro-divider-bedrukken.png","width":900,"height":900},{"@type":"BreadcrumbList","@id":"https:\/\/www.amstelprinting.nl\/fr\/boutique\/interieur-2\/maison-secteur-de-la-restauration\/cloisons-de-separation-acousticpro\/#breadcrumb","itemListElement":[{"@type":"ListItem","position":1,"name":"","item":"https:\/\/www.amstelprinting.nl\/fr\/"},{"@type":"ListItem","position":2,"name":"Amstel Printing","item":"https:\/\/www.amstelprinting.nl\/fr\/boutique\/"},{"@type":"ListItem","position":3,"name":"Publicit\u00e9 int\u00e9rieure","item":"https:\/\/www.amstelprinting.nl\/fr\/categorie\/publicite-interieure\/"},{"@type":"ListItem","position":4,"name":"Hospitalit\u00e9","item":"https:\/\/www.amstelprinting.nl\/fr\/categorie\/publicite-interieure\/hospitalite\/"},{"@type":"ListItem","position":5,"name":"Cloisons de s\u00e9paration AcousticPro\u00ae"}]},{"@type":"WebSite","@id":"https:\/\/www.amstelprinting.nl\/fr\/#website","url":"https:\/\/www.amstelprinting.nl\/fr\/","name":"Amstel Printing","description":"Creating Exposure","publisher":{"@id":"https:\/\/www.amstelprinting.nl\/fr\/#organization"},"potentialAction":[{"@type":"SearchAction","target":{"@type":"EntryPoint","urlTemplate":"https:\/\/www.amstelprinting.nl\/fr\/?s={search_term_string}"},"query-input":{"@type":"PropertyValueSpecification","valueRequired":true,"valueName":"search_term_string"}}],"inLanguage":"fr-FR"},{"@type":"Organization","@id":"https:\/\/www.amstelprinting.nl\/fr\/#organization","name":"Amstel Printing","url":"https:\/\/www.amstelprinting.nl\/fr\/","logo":{"@type":"ImageObject","inLanguage":"fr-FR","@id":"https:\/\/www.amstelprinting.nl\/fr\/#\/schema\/logo\/image\/","url":"https:\/\/www.amstelprinting.nl\/wp-content\/uploads\/amstel_printing_logo_clean.png","contentUrl":"https:\/\/www.amstelprinting.nl\/wp-content\/uploads\/amstel_printing_logo_clean.png","width":324,"height":73,"caption":"Amstel Printing"},"image":{"@id":"https:\/\/www.amstelprinting.nl\/fr\/#\/schema\/logo\/image\/"}}]}},"_links":{"self":[{"href":"https:\/\/www.amstelprinting.nl\/fr\/wp-json\/wp\/v2\/product\/15082","targetHints":{"allow":["GET"]}}],"collection":[{"href":"https:\/\/www.amstelprinting.nl\/fr\/wp-json\/wp\/v2\/product"}],"about":[{"href":"https:\/\/www.amstelprinting.nl\/fr\/wp-json\/wp\/v2\/types\/product"}],"wp:featuredmedia":[{"embeddable":true,"href":"https:\/\/www.amstelprinting.nl\/fr\/wp-json\/wp\/v2\/media\/15083"}],"wp:attachment":[{"href":"https:\/\/www.amstelprinting.nl\/fr\/wp-json\/wp\/v2\/media?parent=15082"}],"wp:term":[{"taxonomy":"product_brand","embeddable":true,"href":"https:\/\/www.amstelprinting.nl\/fr\/wp-json\/wp\/v2\/product_brand?post=15082"},{"taxonomy":"product_cat","embeddable":true,"href":"https:\/\/www.amstelprinting.nl\/fr\/wp-json\/wp\/v2\/product_cat?post=15082"},{"taxonomy":"product_tag","embeddable":true,"href":"https:\/\/www.amstelprinting.nl\/fr\/wp-json\/wp\/v2\/product_tag?post=15082"}],"curies":[{"name":"wp","href":"https:\/\/api.w.org\/{rel}","templated":true}]}}