{"id":15092,"date":"2025-01-24T11:23:42","date_gmt":"2025-01-24T10:23:42","guid":{"rendered":"https:\/\/www.amstelprinting.nl\/winkel\/non%20class\u00e9\/posters\/"},"modified":"2026-02-18T12:51:32","modified_gmt":"2026-02-18T11:51:32","slug":"affiches","status":"publish","type":"product","link":"https:\/\/www.amstelprinting.nl\/fr\/boutique\/publicite-interieure\/vente-au-detail\/affiches\/","title":{"rendered":"Affiches"},"content":{"rendered":"<h3>Pourquoi imprimer des affiches<\/h3>\n<ul>\n<li>Impressions de haute qualit\u00e9<\/li>\n<li>Disponible en 16 formats<\/li>\n<li>Choix parmi 11 types de papier diff\u00e9rents<\/li>\n<li>Impression recto ou recto-verso<\/li>\n<li>Nous garantissons une r\u00e9solution extra haute (1625 DPI) pour les formats jusqu&rsquo;\u00e0 50 x 70 cm<\/li>\n<\/ul>\n<p>&nbsp;<\/p>\n<h3>Commander des affiches<\/h3>\n<p>Que vous cherchiez un moyen accrocheur de transmettre votre message ou que vous souhaitiez embellir votre int\u00e9rieur, nos affiches offrent la solution parfaite. Des petites impressions subtiles aux grands designs impressionnants \u2013 nous avons tout. Gr\u00e2ce \u00e0 nos options \u00e9tendues, vous pouvez composer exactement l&rsquo;affiche qui r\u00e9pond \u00e0 tous vos souhaits. Nos affiches allient haute qualit\u00e9 et tarifs avantageux. Vous en avez pour votre argent, avec un produit qui non seulement est magnifique, mais qui dure aussi longtemps. Nous accordons une grande importance \u00e0 la qualit\u00e9, afin que vous puissiez compter sur des impressions parfaites \u00e0 chaque fois.<\/p>\n<h3>Formats d&rsquo;affiches<\/h3>\n<p>Nos affiches sont disponibles en 16 formats diff\u00e9rents, allant du format A4 compact \u00e0 l&rsquo;impressionnant format Abri. Que vous souhaitiez une petite affiche pour un coin douillet ou une grande affiche pour marquer les esprits, nous avons le format qu&rsquo;il vous faut.<\/p>\n<h3>Formats d&rsquo;affiches standards de petite taille<\/h3>\n<ul>\n<li>A4 (21 x 29,7 cm)<\/li>\n<li>A3 (29,7 x 42 cm)<\/li>\n<li>A2 (42 x 59,4 cm)<\/li>\n<li>B2 (50 x 70 cm)<\/li>\n<li>20 x 30 cm<\/li>\n<li>20 x 40 cm<\/li>\n<li>30 x 30 cm<\/li>\n<li>30 x 40 cm<\/li>\n<li>40 x 40 cm<\/li>\n<li>40 x 50 cm<\/li>\n<li>40 x 60 cm<\/li>\n<\/ul>\n<p>&nbsp;<\/p>\n<h3>Formats d&rsquo;affiches standards de grande taille<\/h3>\n<ul>\n<li>A1 (59,4 x 84 cm)<\/li>\n<li>A0 (84 x 118,9 cm)<\/li>\n<li>Abri (118,5 x 175 cm)<\/li>\n<li>B1 (70 x 100 cm)<\/li>\n<li>B0v (100 x 140 cm)<\/li>\n<\/ul>\n<p>&nbsp;<\/p>\n<h3>Types de papier pour affiches<\/h3>\n<p>Choisissez parmi 11 types de papier diff\u00e9rents qui r\u00e9pondent parfaitement \u00e0 vos besoins sp\u00e9cifiques. Du mat classique au brillant et m\u00eame des types hydrofuges pour une utilisation en ext\u00e9rieur. Votre affiche restera toujours impeccable et professionnelle, quelles que soient les conditions.<\/p>\n<ul>\n<li><strong>Papier affiche<\/strong> &#8211; Papier sans bois 100 % recyclable de haute qualit\u00e9. Le papier n&rsquo;est pas hydrofuge.<\/li>\n<li><strong>Papier Blueback <\/strong>&#8211; Papier affiche \u00e0 haute opacit\u00e9. Le papier est mod\u00e9r\u00e9ment hydrofuge.<\/li>\n<li><strong>Polyester Backlit<\/strong> &#8211; Affiche pour abribus r\u00e9tro-\u00e9clair\u00e9 ou caisson lumineux<\/li>\n<li><strong>Biotop Naturel<\/strong> &#8211; Biotop est un type de papier non couch\u00e9 de couleur cr\u00e8me sur lequel on peut facilement \u00e9crire et tamponner. Disponible en 250 g\/m\u00b2.<\/li>\n<li><strong>Couch\u00e9 satin\u00e9 sans bois (Brillant)<\/strong> &#8211; Le couch\u00e9 machine satin\u00e9 sans bois poss\u00e8de une couche de finition brillante et ne permet pas d&rsquo;\u00e9crire ou de tamponner facilement. Disponible en 135 g\/m\u00b2, 170 g\/m\u00b2 et 250 g\/m\u00b2.<\/li>\n<li><strong>Couch\u00e9 demi-mat sans bois (Silk)<\/strong> &#8211; Le couch\u00e9 machine demi-mat sans bois poss\u00e8de une couche de finition mate et ne permet pas d&rsquo;\u00e9crire ou de tamponner facilement. Disponible en 135 g\/m\u00b2 et 250 g\/m\u00b2.<\/li>\n<li><strong>Synaps<\/strong> &#8211; Le Synaps est synth\u00e9tique et donc ind\u00e9chirable, r\u00e9sistant \u00e0 l&rsquo;eau et hautement r\u00e9sistant aux UV. Adapt\u00e9 pour l&rsquo;ext\u00e9rieur et ne permet pas d&rsquo;\u00e9crire ou de tamponner facilement. Disponible en 300 g\/m\u00b2.<\/li>\n<li><strong>Offset blanc sans bois<\/strong> &#8211; L&rsquo;offset blanc sans bois est un type de papier non couch\u00e9 sur lequel on peut facilement \u00e9crire et tamponner. Disponible en 170 g\/m\u00b2.<\/li>\n<\/ul>\n<p>&nbsp;<\/p>\n<h3>Options d&rsquo;impression d&rsquo;affiches<\/h3>\n<p>Faites votre choix entre des impressions recto ou recto-verso, selon vos pr\u00e9f\u00e9rences et la visibilit\u00e9 que vous souhaitez obtenir. Gr\u00e2ce \u00e0 des techniques d&rsquo;impression de haute qualit\u00e9, nous garantissons des d\u00e9tails nets et des couleurs vives qui donnent vie \u00e0 votre design. Que vous ayez besoin d&rsquo;une seule affiche ou d&rsquo;un grand tirage pour un \u00e9v\u00e9nement ou une promotion, nous pouvons r\u00e9pondre \u00e0 vos besoins. La flexibilit\u00e9 du tirage est l&rsquo;un de nos points forts, nous permettant de livrer chaque commande sur mesure.<\/p>\n<h3>Accessoires<\/h3>\n<p>Donnez \u00e0 votre affiche une touche finale \u00e9l\u00e9gante avec notre support d&rsquo;affiche en ch\u00eane. Cet accessoire ajoute un aspect naturel et moderne \u00e0 votre affiche, la rendant encore plus attrayante.<\/p>\n<p>Klaar om uw boodschap op een indrukwekkende manier te presenteren? Nos affiches offrent la combinaison parfaite de qualit\u00e9, de polyvalence et d&rsquo;accessibilit\u00e9. Qu&rsquo;il s&rsquo;agisse de promotion, de d\u00e9coration ou d&rsquo;information, avec nos affiches, vous faites toujours le bon choix. Laissez libre cours \u00e0 votre cr\u00e9ativit\u00e9 et cr\u00e9ez un chef-d&rsquo;\u0153uvre visuel que tout le monde remarquera.<\/p>\n","protected":false},"excerpt":{"rendered":"<h3>Impressions ultra-nettes. Disponibles en divers formats<\/h3>\n<p>Les affiches sont utilis\u00e9es comme support promotionnel depuis plus de cent ans. Initialement uniquement compos\u00e9es de texte, elles ont plus tard \u00e9t\u00e9 compl\u00e9t\u00e9es par des images. \u00c0 ce jour, les affiches restent l&rsquo;un des moyens les plus populaires, polyvalents et \u00e9conomiques de faire de la publicit\u00e9. Chez Amstel Printing, vous pouvez choisir parmi plus de 16 formats diff\u00e9rents et 11 types de papier diff\u00e9rents. Configurez votre affiche selon vos souhaits en quelques \u00e9tapes.<\/p>\n","protected":false},"featured_media":15093,"template":"","meta":{"_et_pb_use_builder":"","_et_pb_old_content":"","_et_gb_content_width":""},"product_brand":[],"product_cat":[639,312,581,380,437],"product_tag":[],"class_list":{"0":"post-15092","1":"product","2":"type-product","3":"status-publish","4":"has-post-thumbnail","6":"product_cat-affiches","7":"product_cat-autocollants-et-impression","8":"product_cat-impression","9":"product_cat-publicite-interieure","10":"product_cat-vente-au-detail","12":"first","13":"instock","14":"taxable","15":"shipping-taxable","16":"purchasable","17":"product-type-simple"},"yoast_head":"<!-- This site is optimized with the Yoast SEO plugin v27.3 - https:\/\/yoast.com\/product\/yoast-seo-wordpress\/ -->\n<title>Livraison rapide d&#039;affiches en 16 formats | Impressions nettes en 1 jour<\/title>\n<meta name=\"description\" content=\"Commandez des affiches professionnelles avec un choix de 16 formats et 11 types de papier. Impression recto ou recto-verso, r\u00e9solution nette et livraison rapide.\" \/>\n<meta name=\"robots\" content=\"index, follow, max-snippet:-1, max-image-preview:large, max-video-preview:-1\" \/>\n<link rel=\"canonical\" href=\"https:\/\/www.amstelprinting.nl\/fr\/boutique\/publicite-interieure\/vente-au-detail\/affiches\/\" \/>\n<meta property=\"og:locale\" content=\"fr_FR\" \/>\n<meta property=\"og:type\" content=\"article\" \/>\n<meta property=\"og:title\" content=\"Livraison rapide d&#039;affiches en 16 formats | Impressions nettes en 1 jour\" \/>\n<meta property=\"og:description\" content=\"Commandez des affiches professionnelles avec un choix de 16 formats et 11 types de papier. Impression recto ou recto-verso, r\u00e9solution nette et livraison rapide.\" \/>\n<meta property=\"og:url\" content=\"https:\/\/www.amstelprinting.nl\/fr\/boutique\/publicite-interieure\/vente-au-detail\/affiches\/\" \/>\n<meta property=\"og:site_name\" content=\"Amstel Printing\" \/>\n<meta property=\"article:modified_time\" content=\"2026-02-18T11:51:32+00:00\" \/>\n<meta property=\"og:image\" content=\"https:\/\/www.amstelprinting.nl\/wp-content\/uploads\/Posters.jpg\" \/>\n\t<meta property=\"og:image:width\" content=\"700\" \/>\n\t<meta property=\"og:image:height\" content=\"700\" \/>\n\t<meta property=\"og:image:type\" content=\"image\/jpeg\" \/>\n<meta name=\"twitter:card\" content=\"summary_large_image\" \/>\n<meta name=\"twitter:label1\" content=\"Dur\u00e9e de lecture estim\u00e9e\" \/>\n\t<meta name=\"twitter:data1\" content=\"3 minutes\" \/>\n<script type=\"application\/ld+json\" class=\"yoast-schema-graph\">{\"@context\":\"https:\\\/\\\/schema.org\",\"@graph\":[{\"@type\":\"WebPage\",\"@id\":\"https:\\\/\\\/www.amstelprinting.nl\\\/fr\\\/boutique\\\/publicite-interieure\\\/vente-au-detail\\\/affiches\\\/\",\"url\":\"https:\\\/\\\/www.amstelprinting.nl\\\/fr\\\/boutique\\\/publicite-interieure\\\/vente-au-detail\\\/affiches\\\/\",\"name\":\"Livraison rapide d'affiches en 16 formats | Impressions nettes en 1 jour\",\"isPartOf\":{\"@id\":\"https:\\\/\\\/www.amstelprinting.nl\\\/fr\\\/#website\"},\"primaryImageOfPage\":{\"@id\":\"https:\\\/\\\/www.amstelprinting.nl\\\/fr\\\/boutique\\\/publicite-interieure\\\/vente-au-detail\\\/affiches\\\/#primaryimage\"},\"image\":{\"@id\":\"https:\\\/\\\/www.amstelprinting.nl\\\/fr\\\/boutique\\\/publicite-interieure\\\/vente-au-detail\\\/affiches\\\/#primaryimage\"},\"thumbnailUrl\":\"https:\\\/\\\/www.amstelprinting.nl\\\/wp-content\\\/uploads\\\/Posters.jpg\",\"datePublished\":\"2025-01-24T10:23:42+00:00\",\"dateModified\":\"2026-02-18T11:51:32+00:00\",\"description\":\"Commandez des affiches professionnelles avec un choix de 16 formats et 11 types de papier. Impression recto ou recto-verso, r\u00e9solution nette et livraison rapide.\",\"breadcrumb\":{\"@id\":\"https:\\\/\\\/www.amstelprinting.nl\\\/fr\\\/boutique\\\/publicite-interieure\\\/vente-au-detail\\\/affiches\\\/#breadcrumb\"},\"inLanguage\":\"fr-FR\",\"potentialAction\":[{\"@type\":\"ReadAction\",\"target\":[\"https:\\\/\\\/www.amstelprinting.nl\\\/fr\\\/boutique\\\/publicite-interieure\\\/vente-au-detail\\\/affiches\\\/\"]}]},{\"@type\":\"ImageObject\",\"inLanguage\":\"fr-FR\",\"@id\":\"https:\\\/\\\/www.amstelprinting.nl\\\/fr\\\/boutique\\\/publicite-interieure\\\/vente-au-detail\\\/affiches\\\/#primaryimage\",\"url\":\"https:\\\/\\\/www.amstelprinting.nl\\\/wp-content\\\/uploads\\\/Posters.jpg\",\"contentUrl\":\"https:\\\/\\\/www.amstelprinting.nl\\\/wp-content\\\/uploads\\\/Posters.jpg\",\"width\":700,\"height\":700},{\"@type\":\"BreadcrumbList\",\"@id\":\"https:\\\/\\\/www.amstelprinting.nl\\\/fr\\\/boutique\\\/publicite-interieure\\\/vente-au-detail\\\/affiches\\\/#breadcrumb\",\"itemListElement\":[{\"@type\":\"ListItem\",\"position\":1,\"name\":\"\",\"item\":\"https:\\\/\\\/www.amstelprinting.nl\\\/fr\\\/\"},{\"@type\":\"ListItem\",\"position\":2,\"name\":\"Amstel Printing\",\"item\":\"https:\\\/\\\/www.amstelprinting.nl\\\/fr\\\/boutique\\\/\"},{\"@type\":\"ListItem\",\"position\":3,\"name\":\"Publicit\u00e9 int\u00e9rieure\",\"item\":\"https:\\\/\\\/www.amstelprinting.nl\\\/fr\\\/categorie\\\/publicite-interieure\\\/\"},{\"@type\":\"ListItem\",\"position\":4,\"name\":\"Vente au d\u00e9tail\",\"item\":\"https:\\\/\\\/www.amstelprinting.nl\\\/fr\\\/categorie\\\/publicite-interieure\\\/vente-au-detail\\\/\"},{\"@type\":\"ListItem\",\"position\":5,\"name\":\"Affiches\"}]},{\"@type\":\"WebSite\",\"@id\":\"https:\\\/\\\/www.amstelprinting.nl\\\/fr\\\/#website\",\"url\":\"https:\\\/\\\/www.amstelprinting.nl\\\/fr\\\/\",\"name\":\"Amstel Printing\",\"description\":\"Creating Exposure\",\"publisher\":{\"@id\":\"https:\\\/\\\/www.amstelprinting.nl\\\/fr\\\/#organization\"},\"potentialAction\":[{\"@type\":\"SearchAction\",\"target\":{\"@type\":\"EntryPoint\",\"urlTemplate\":\"https:\\\/\\\/www.amstelprinting.nl\\\/fr\\\/?s={search_term_string}\"},\"query-input\":{\"@type\":\"PropertyValueSpecification\",\"valueRequired\":true,\"valueName\":\"search_term_string\"}}],\"inLanguage\":\"fr-FR\"},{\"@type\":\"Organization\",\"@id\":\"https:\\\/\\\/www.amstelprinting.nl\\\/fr\\\/#organization\",\"name\":\"Amstel Printing\",\"url\":\"https:\\\/\\\/www.amstelprinting.nl\\\/fr\\\/\",\"logo\":{\"@type\":\"ImageObject\",\"inLanguage\":\"fr-FR\",\"@id\":\"https:\\\/\\\/www.amstelprinting.nl\\\/fr\\\/#\\\/schema\\\/logo\\\/image\\\/\",\"url\":\"https:\\\/\\\/www.amstelprinting.nl\\\/wp-content\\\/uploads\\\/amstel_printing_logo_clean.png\",\"contentUrl\":\"https:\\\/\\\/www.amstelprinting.nl\\\/wp-content\\\/uploads\\\/amstel_printing_logo_clean.png\",\"width\":324,\"height\":73,\"caption\":\"Amstel Printing\"},\"image\":{\"@id\":\"https:\\\/\\\/www.amstelprinting.nl\\\/fr\\\/#\\\/schema\\\/logo\\\/image\\\/\"}}]}<\/script>\n<!-- \/ Yoast SEO plugin. -->","yoast_head_json":{"title":"Livraison rapide d'affiches en 16 formats | Impressions nettes en 1 jour","description":"Commandez des affiches professionnelles avec un choix de 16 formats et 11 types de papier. Impression recto ou recto-verso, r\u00e9solution nette et livraison rapide.","robots":{"index":"index","follow":"follow","max-snippet":"max-snippet:-1","max-image-preview":"max-image-preview:large","max-video-preview":"max-video-preview:-1"},"canonical":"https:\/\/www.amstelprinting.nl\/fr\/boutique\/publicite-interieure\/vente-au-detail\/affiches\/","og_locale":"fr_FR","og_type":"article","og_title":"Livraison rapide d'affiches en 16 formats | Impressions nettes en 1 jour","og_description":"Commandez des affiches professionnelles avec un choix de 16 formats et 11 types de papier. Impression recto ou recto-verso, r\u00e9solution nette et livraison rapide.","og_url":"https:\/\/www.amstelprinting.nl\/fr\/boutique\/publicite-interieure\/vente-au-detail\/affiches\/","og_site_name":"Amstel Printing","article_modified_time":"2026-02-18T11:51:32+00:00","og_image":[{"width":700,"height":700,"url":"https:\/\/www.amstelprinting.nl\/wp-content\/uploads\/Posters.jpg","type":"image\/jpeg"}],"twitter_card":"summary_large_image","twitter_misc":{"Dur\u00e9e de lecture estim\u00e9e":"3 minutes"},"schema":{"@context":"https:\/\/schema.org","@graph":[{"@type":"WebPage","@id":"https:\/\/www.amstelprinting.nl\/fr\/boutique\/publicite-interieure\/vente-au-detail\/affiches\/","url":"https:\/\/www.amstelprinting.nl\/fr\/boutique\/publicite-interieure\/vente-au-detail\/affiches\/","name":"Livraison rapide d'affiches en 16 formats | Impressions nettes en 1 jour","isPartOf":{"@id":"https:\/\/www.amstelprinting.nl\/fr\/#website"},"primaryImageOfPage":{"@id":"https:\/\/www.amstelprinting.nl\/fr\/boutique\/publicite-interieure\/vente-au-detail\/affiches\/#primaryimage"},"image":{"@id":"https:\/\/www.amstelprinting.nl\/fr\/boutique\/publicite-interieure\/vente-au-detail\/affiches\/#primaryimage"},"thumbnailUrl":"https:\/\/www.amstelprinting.nl\/wp-content\/uploads\/Posters.jpg","datePublished":"2025-01-24T10:23:42+00:00","dateModified":"2026-02-18T11:51:32+00:00","description":"Commandez des affiches professionnelles avec un choix de 16 formats et 11 types de papier. Impression recto ou recto-verso, r\u00e9solution nette et livraison rapide.","breadcrumb":{"@id":"https:\/\/www.amstelprinting.nl\/fr\/boutique\/publicite-interieure\/vente-au-detail\/affiches\/#breadcrumb"},"inLanguage":"fr-FR","potentialAction":[{"@type":"ReadAction","target":["https:\/\/www.amstelprinting.nl\/fr\/boutique\/publicite-interieure\/vente-au-detail\/affiches\/"]}]},{"@type":"ImageObject","inLanguage":"fr-FR","@id":"https:\/\/www.amstelprinting.nl\/fr\/boutique\/publicite-interieure\/vente-au-detail\/affiches\/#primaryimage","url":"https:\/\/www.amstelprinting.nl\/wp-content\/uploads\/Posters.jpg","contentUrl":"https:\/\/www.amstelprinting.nl\/wp-content\/uploads\/Posters.jpg","width":700,"height":700},{"@type":"BreadcrumbList","@id":"https:\/\/www.amstelprinting.nl\/fr\/boutique\/publicite-interieure\/vente-au-detail\/affiches\/#breadcrumb","itemListElement":[{"@type":"ListItem","position":1,"name":"","item":"https:\/\/www.amstelprinting.nl\/fr\/"},{"@type":"ListItem","position":2,"name":"Amstel Printing","item":"https:\/\/www.amstelprinting.nl\/fr\/boutique\/"},{"@type":"ListItem","position":3,"name":"Publicit\u00e9 int\u00e9rieure","item":"https:\/\/www.amstelprinting.nl\/fr\/categorie\/publicite-interieure\/"},{"@type":"ListItem","position":4,"name":"Vente au d\u00e9tail","item":"https:\/\/www.amstelprinting.nl\/fr\/categorie\/publicite-interieure\/vente-au-detail\/"},{"@type":"ListItem","position":5,"name":"Affiches"}]},{"@type":"WebSite","@id":"https:\/\/www.amstelprinting.nl\/fr\/#website","url":"https:\/\/www.amstelprinting.nl\/fr\/","name":"Amstel Printing","description":"Creating Exposure","publisher":{"@id":"https:\/\/www.amstelprinting.nl\/fr\/#organization"},"potentialAction":[{"@type":"SearchAction","target":{"@type":"EntryPoint","urlTemplate":"https:\/\/www.amstelprinting.nl\/fr\/?s={search_term_string}"},"query-input":{"@type":"PropertyValueSpecification","valueRequired":true,"valueName":"search_term_string"}}],"inLanguage":"fr-FR"},{"@type":"Organization","@id":"https:\/\/www.amstelprinting.nl\/fr\/#organization","name":"Amstel Printing","url":"https:\/\/www.amstelprinting.nl\/fr\/","logo":{"@type":"ImageObject","inLanguage":"fr-FR","@id":"https:\/\/www.amstelprinting.nl\/fr\/#\/schema\/logo\/image\/","url":"https:\/\/www.amstelprinting.nl\/wp-content\/uploads\/amstel_printing_logo_clean.png","contentUrl":"https:\/\/www.amstelprinting.nl\/wp-content\/uploads\/amstel_printing_logo_clean.png","width":324,"height":73,"caption":"Amstel Printing"},"image":{"@id":"https:\/\/www.amstelprinting.nl\/fr\/#\/schema\/logo\/image\/"}}]}},"_links":{"self":[{"href":"https:\/\/www.amstelprinting.nl\/fr\/wp-json\/wp\/v2\/product\/15092","targetHints":{"allow":["GET"]}}],"collection":[{"href":"https:\/\/www.amstelprinting.nl\/fr\/wp-json\/wp\/v2\/product"}],"about":[{"href":"https:\/\/www.amstelprinting.nl\/fr\/wp-json\/wp\/v2\/types\/product"}],"wp:featuredmedia":[{"embeddable":true,"href":"https:\/\/www.amstelprinting.nl\/fr\/wp-json\/wp\/v2\/media\/15093"}],"wp:attachment":[{"href":"https:\/\/www.amstelprinting.nl\/fr\/wp-json\/wp\/v2\/media?parent=15092"}],"wp:term":[{"taxonomy":"product_brand","embeddable":true,"href":"https:\/\/www.amstelprinting.nl\/fr\/wp-json\/wp\/v2\/product_brand?post=15092"},{"taxonomy":"product_cat","embeddable":true,"href":"https:\/\/www.amstelprinting.nl\/fr\/wp-json\/wp\/v2\/product_cat?post=15092"},{"taxonomy":"product_tag","embeddable":true,"href":"https:\/\/www.amstelprinting.nl\/fr\/wp-json\/wp\/v2\/product_tag?post=15092"}],"curies":[{"name":"wp","href":"https:\/\/api.w.org\/{rel}","templated":true}]}}