{"id":15102,"date":"2025-01-24T11:23:37","date_gmt":"2025-01-24T10:23:37","guid":{"rendered":"https:\/\/www.amstelprinting.nl\/winkel\/non%20class\u00e9\/de-inhaker-beursstand\/"},"modified":"2026-02-18T12:51:33","modified_gmt":"2026-02-18T11:51:33","slug":"stand-dexposition-de-inhaker","status":"publish","type":"product","link":"https:\/\/www.amstelprinting.nl\/fr\/boutique\/salon-et-evenement\/murs-dexposition\/stand-dexposition-de-inhaker\/","title":{"rendered":"Stand d&rsquo;exposition De Inhaker\u00ae"},"content":{"rendered":"<h3>Formats<\/h3>\n<p>Avec diff\u00e9rentes configurations et dimensions, le stand d&rsquo;exposition De Inhaker\u00ae offre d&rsquo;innombrables possibilit\u00e9s. Optez pour une paroi arri\u00e8re droite dans des largeurs de 300 cm, 400 cm ou 600 cm. Vous avez un stand de coin ? Alors les parois en L de 300 x 400 cm et 300 x 600 cm sont parfaites. Pour un stand plus \u00e9tendu, vous pouvez choisir la forme en U avec des dimensions de 300 x 400 x 300 cm et 300 x 600 x 300 cm.<\/p>\n<h3>Mat\u00e9riaux<\/h3>\n<p>Les mat\u00e9riaux sont de haute qualit\u00e9 : le syst\u00e8me De Inhaker est fabriqu\u00e9 en PVC noir recycl\u00e9, et les panneaux sont disponibles en Forex, Multiplex (avec ou sans white wash), Re-board et Easyprint.<\/p>\n<ul>\n<li><strong>Forex<\/strong> est un mat\u00e9riau en PVC expans\u00e9 robuste et l\u00e9ger, r\u00e9put\u00e9 pour sa surface lisse et uniforme. Il est id\u00e9al pour des impressions nettes et \u00e9clatantes, et offre une excellente r\u00e9sistance aux intemp\u00e9ries, ce qui permet de l&rsquo;utiliser aussi bien \u00e0 l&rsquo;int\u00e9rieur qu&rsquo;\u00e0 l&rsquo;ext\u00e9rieur.<\/li>\n<li><strong>Multiplex<\/strong> est compos\u00e9 de plusieurs couches de placage de bois coll\u00e9es en croix. Ce mat\u00e9riau est solide, durable et poss\u00e8de un aspect naturel et chaleureux. Vous pouvez choisir le Multiplex avec ou sans white wash.<\/li>\n<li><strong>Re-board<\/strong> est un mat\u00e9riau innovant et \u00e9cologique fabriqu\u00e9 \u00e0 partir de carton. Il est extr\u00eamement l\u00e9ger, tout en \u00e9tant tr\u00e8s solide et rigide. Le Re-board est id\u00e9al pour les grandes impressions et constructions car il est facile \u00e0 couper et \u00e0 former.<\/li>\n<li><strong>Easyprint<\/strong> est un mat\u00e9riau polyvalent en polypropyl\u00e8ne, parfait pour des impressions de haute qualit\u00e9. Il est l\u00e9ger et offre une surface lisse pour des images nettes et vives.<\/li>\n<\/ul>\n<p>&nbsp;<br \/>\nGr\u00e2ce \u00e0 notre large s\u00e9lection de mat\u00e9riaux de haute qualit\u00e9, le stand d&rsquo;exposition De Inhaker\u00ae offre la solution parfaite pour votre prochain stand de salon. Optez pour des impressions \u00e9l\u00e9gantes, la durabilit\u00e9 et la flexibilit\u00e9, le tout regroup\u00e9 dans une solution de pr\u00e9sentation innovante. Avec le stand d&rsquo;exposition De Inhaker\u00ae, vous faites toujours le bon choix pour un stand d&rsquo;exposition remarquable et professionnel !<\/p>\n","protected":false},"excerpt":{"rendered":"<h3>Un stand d&rsquo;exposition complet. Modulaire et \u00e9volutif.<\/h3>\n<p>Le stand d&rsquo;exposition De Inhaker\u00ae offre la solution ultime pour un stand polyvalent et durable. Con\u00e7ue pour r\u00e9pondre \u00e0 tous vos besoins de pr\u00e9sentation, cette paroi d&rsquo;exposition innovante allie flexibilit\u00e9 et mat\u00e9riaux de haute qualit\u00e9, garantissant que votre stand se d\u00e9marque toujours. De Inhaker\u00ae est disponible sous forme de kit complet, de panneaux individuels ou de connecteurs s\u00e9par\u00e9s, vous offrant une libert\u00e9 totale dans la composition de votre pr\u00e9sentoir.<\/p>\n","protected":false},"featured_media":15103,"template":"","meta":{"_et_pb_use_builder":"","_et_pb_old_content":"","_et_gb_content_width":""},"product_brand":[],"product_cat":[413,380,428,437],"product_tag":[],"class_list":{"0":"post-15102","1":"product","2":"type-product","3":"status-publish","4":"has-post-thumbnail","6":"product_cat-murs-dexposition","7":"product_cat-publicite-interieure","8":"product_cat-salon-et-evenement","9":"product_cat-vente-au-detail","11":"first","12":"instock","13":"taxable","14":"shipping-taxable","15":"purchasable","16":"product-type-simple"},"yoast_head":"<!-- This site is optimized with the Yoast SEO plugin v27.3 - https:\/\/yoast.com\/product\/yoast-seo-wordpress\/ -->\n<title>Acheter un stand d&#039;exposition professionnel - Flexible, durable &amp; percutant<\/title>\n<meta name=\"description\" content=\"D\u00e9couvrez le stand d&#039;exposition modulaire avec des impressions UV d&#039;une nettet\u00e9 exceptionnelle et des mat\u00e9riaux recycl\u00e9s. Rapide \u00e0 monter et \u00e0 d\u00e9monter. Commandez votre stand d&#039;exposition id\u00e9al d\u00e8s maintenant !\" \/>\n<meta name=\"robots\" content=\"index, follow, max-snippet:-1, max-image-preview:large, max-video-preview:-1\" \/>\n<link rel=\"canonical\" href=\"https:\/\/www.amstelprinting.nl\/fr\/boutique\/salon-et-evenement\/murs-dexposition\/stand-dexposition-de-inhaker\/\" \/>\n<meta property=\"og:locale\" content=\"fr_FR\" \/>\n<meta property=\"og:type\" content=\"article\" \/>\n<meta property=\"og:title\" content=\"Acheter un stand d&#039;exposition professionnel - Flexible, durable &amp; percutant\" \/>\n<meta property=\"og:description\" content=\"D\u00e9couvrez le stand d&#039;exposition modulaire avec des impressions UV d&#039;une nettet\u00e9 exceptionnelle et des mat\u00e9riaux recycl\u00e9s. Rapide \u00e0 monter et \u00e0 d\u00e9monter. Commandez votre stand d&#039;exposition id\u00e9al d\u00e8s maintenant !\" \/>\n<meta property=\"og:url\" content=\"https:\/\/www.amstelprinting.nl\/fr\/boutique\/salon-et-evenement\/murs-dexposition\/stand-dexposition-de-inhaker\/\" \/>\n<meta property=\"og:site_name\" content=\"Amstel Printing\" \/>\n<meta property=\"article:modified_time\" content=\"2026-02-18T11:51:33+00:00\" \/>\n<meta property=\"og:image\" content=\"https:\/\/www.amstelprinting.nl\/wp-content\/uploads\/de-inhaker-bedrukken2.png\" \/>\n\t<meta property=\"og:image:width\" content=\"700\" \/>\n\t<meta property=\"og:image:height\" content=\"700\" \/>\n\t<meta property=\"og:image:type\" content=\"image\/png\" \/>\n<meta name=\"twitter:card\" content=\"summary_large_image\" \/>\n<meta name=\"twitter:label1\" content=\"Dur\u00e9e de lecture estim\u00e9e\" \/>\n\t<meta name=\"twitter:data1\" content=\"2 minutes\" \/>\n<script type=\"application\/ld+json\" class=\"yoast-schema-graph\">{\"@context\":\"https:\\\/\\\/schema.org\",\"@graph\":[{\"@type\":\"WebPage\",\"@id\":\"https:\\\/\\\/www.amstelprinting.nl\\\/fr\\\/boutique\\\/salon-et-evenement\\\/murs-dexposition\\\/stand-dexposition-de-inhaker\\\/\",\"url\":\"https:\\\/\\\/www.amstelprinting.nl\\\/fr\\\/boutique\\\/salon-et-evenement\\\/murs-dexposition\\\/stand-dexposition-de-inhaker\\\/\",\"name\":\"Acheter un stand d'exposition professionnel - Flexible, durable & percutant\",\"isPartOf\":{\"@id\":\"https:\\\/\\\/www.amstelprinting.nl\\\/fr\\\/#website\"},\"primaryImageOfPage\":{\"@id\":\"https:\\\/\\\/www.amstelprinting.nl\\\/fr\\\/boutique\\\/salon-et-evenement\\\/murs-dexposition\\\/stand-dexposition-de-inhaker\\\/#primaryimage\"},\"image\":{\"@id\":\"https:\\\/\\\/www.amstelprinting.nl\\\/fr\\\/boutique\\\/salon-et-evenement\\\/murs-dexposition\\\/stand-dexposition-de-inhaker\\\/#primaryimage\"},\"thumbnailUrl\":\"https:\\\/\\\/www.amstelprinting.nl\\\/wp-content\\\/uploads\\\/de-inhaker-bedrukken2.png\",\"datePublished\":\"2025-01-24T10:23:37+00:00\",\"dateModified\":\"2026-02-18T11:51:33+00:00\",\"description\":\"D\u00e9couvrez le stand d'exposition modulaire avec des impressions UV d'une nettet\u00e9 exceptionnelle et des mat\u00e9riaux recycl\u00e9s. Rapide \u00e0 monter et \u00e0 d\u00e9monter. Commandez votre stand d'exposition id\u00e9al d\u00e8s maintenant !\",\"breadcrumb\":{\"@id\":\"https:\\\/\\\/www.amstelprinting.nl\\\/fr\\\/boutique\\\/salon-et-evenement\\\/murs-dexposition\\\/stand-dexposition-de-inhaker\\\/#breadcrumb\"},\"inLanguage\":\"fr-FR\",\"potentialAction\":[{\"@type\":\"ReadAction\",\"target\":[\"https:\\\/\\\/www.amstelprinting.nl\\\/fr\\\/boutique\\\/salon-et-evenement\\\/murs-dexposition\\\/stand-dexposition-de-inhaker\\\/\"]}]},{\"@type\":\"ImageObject\",\"inLanguage\":\"fr-FR\",\"@id\":\"https:\\\/\\\/www.amstelprinting.nl\\\/fr\\\/boutique\\\/salon-et-evenement\\\/murs-dexposition\\\/stand-dexposition-de-inhaker\\\/#primaryimage\",\"url\":\"https:\\\/\\\/www.amstelprinting.nl\\\/wp-content\\\/uploads\\\/de-inhaker-bedrukken2.png\",\"contentUrl\":\"https:\\\/\\\/www.amstelprinting.nl\\\/wp-content\\\/uploads\\\/de-inhaker-bedrukken2.png\",\"width\":700,\"height\":700},{\"@type\":\"BreadcrumbList\",\"@id\":\"https:\\\/\\\/www.amstelprinting.nl\\\/fr\\\/boutique\\\/salon-et-evenement\\\/murs-dexposition\\\/stand-dexposition-de-inhaker\\\/#breadcrumb\",\"itemListElement\":[{\"@type\":\"ListItem\",\"position\":1,\"name\":\"\",\"item\":\"https:\\\/\\\/www.amstelprinting.nl\\\/fr\\\/\"},{\"@type\":\"ListItem\",\"position\":2,\"name\":\"Amstel Printing\",\"item\":\"https:\\\/\\\/www.amstelprinting.nl\\\/fr\\\/boutique\\\/\"},{\"@type\":\"ListItem\",\"position\":3,\"name\":\"Publicit\u00e9 int\u00e9rieure\",\"item\":\"https:\\\/\\\/www.amstelprinting.nl\\\/fr\\\/categorie\\\/publicite-interieure\\\/\"},{\"@type\":\"ListItem\",\"position\":4,\"name\":\"Vente au d\u00e9tail\",\"item\":\"https:\\\/\\\/www.amstelprinting.nl\\\/fr\\\/categorie\\\/publicite-interieure\\\/vente-au-detail\\\/\"},{\"@type\":\"ListItem\",\"position\":5,\"name\":\"Stand d&rsquo;exposition De Inhaker\u00ae\"}]},{\"@type\":\"WebSite\",\"@id\":\"https:\\\/\\\/www.amstelprinting.nl\\\/fr\\\/#website\",\"url\":\"https:\\\/\\\/www.amstelprinting.nl\\\/fr\\\/\",\"name\":\"Amstel Printing\",\"description\":\"Creating Exposure\",\"publisher\":{\"@id\":\"https:\\\/\\\/www.amstelprinting.nl\\\/fr\\\/#organization\"},\"potentialAction\":[{\"@type\":\"SearchAction\",\"target\":{\"@type\":\"EntryPoint\",\"urlTemplate\":\"https:\\\/\\\/www.amstelprinting.nl\\\/fr\\\/?s={search_term_string}\"},\"query-input\":{\"@type\":\"PropertyValueSpecification\",\"valueRequired\":true,\"valueName\":\"search_term_string\"}}],\"inLanguage\":\"fr-FR\"},{\"@type\":\"Organization\",\"@id\":\"https:\\\/\\\/www.amstelprinting.nl\\\/fr\\\/#organization\",\"name\":\"Amstel Printing\",\"url\":\"https:\\\/\\\/www.amstelprinting.nl\\\/fr\\\/\",\"logo\":{\"@type\":\"ImageObject\",\"inLanguage\":\"fr-FR\",\"@id\":\"https:\\\/\\\/www.amstelprinting.nl\\\/fr\\\/#\\\/schema\\\/logo\\\/image\\\/\",\"url\":\"https:\\\/\\\/www.amstelprinting.nl\\\/wp-content\\\/uploads\\\/amstel_printing_logo_clean.png\",\"contentUrl\":\"https:\\\/\\\/www.amstelprinting.nl\\\/wp-content\\\/uploads\\\/amstel_printing_logo_clean.png\",\"width\":324,\"height\":73,\"caption\":\"Amstel Printing\"},\"image\":{\"@id\":\"https:\\\/\\\/www.amstelprinting.nl\\\/fr\\\/#\\\/schema\\\/logo\\\/image\\\/\"}}]}<\/script>\n<!-- \/ Yoast SEO plugin. -->","yoast_head_json":{"title":"Acheter un stand d'exposition professionnel - Flexible, durable & percutant","description":"D\u00e9couvrez le stand d'exposition modulaire avec des impressions UV d'une nettet\u00e9 exceptionnelle et des mat\u00e9riaux recycl\u00e9s. Rapide \u00e0 monter et \u00e0 d\u00e9monter. Commandez votre stand d'exposition id\u00e9al d\u00e8s maintenant !","robots":{"index":"index","follow":"follow","max-snippet":"max-snippet:-1","max-image-preview":"max-image-preview:large","max-video-preview":"max-video-preview:-1"},"canonical":"https:\/\/www.amstelprinting.nl\/fr\/boutique\/salon-et-evenement\/murs-dexposition\/stand-dexposition-de-inhaker\/","og_locale":"fr_FR","og_type":"article","og_title":"Acheter un stand d'exposition professionnel - Flexible, durable & percutant","og_description":"D\u00e9couvrez le stand d'exposition modulaire avec des impressions UV d'une nettet\u00e9 exceptionnelle et des mat\u00e9riaux recycl\u00e9s. Rapide \u00e0 monter et \u00e0 d\u00e9monter. Commandez votre stand d'exposition id\u00e9al d\u00e8s maintenant !","og_url":"https:\/\/www.amstelprinting.nl\/fr\/boutique\/salon-et-evenement\/murs-dexposition\/stand-dexposition-de-inhaker\/","og_site_name":"Amstel Printing","article_modified_time":"2026-02-18T11:51:33+00:00","og_image":[{"width":700,"height":700,"url":"https:\/\/www.amstelprinting.nl\/wp-content\/uploads\/de-inhaker-bedrukken2.png","type":"image\/png"}],"twitter_card":"summary_large_image","twitter_misc":{"Dur\u00e9e de lecture estim\u00e9e":"2 minutes"},"schema":{"@context":"https:\/\/schema.org","@graph":[{"@type":"WebPage","@id":"https:\/\/www.amstelprinting.nl\/fr\/boutique\/salon-et-evenement\/murs-dexposition\/stand-dexposition-de-inhaker\/","url":"https:\/\/www.amstelprinting.nl\/fr\/boutique\/salon-et-evenement\/murs-dexposition\/stand-dexposition-de-inhaker\/","name":"Acheter un stand d'exposition professionnel - Flexible, durable & percutant","isPartOf":{"@id":"https:\/\/www.amstelprinting.nl\/fr\/#website"},"primaryImageOfPage":{"@id":"https:\/\/www.amstelprinting.nl\/fr\/boutique\/salon-et-evenement\/murs-dexposition\/stand-dexposition-de-inhaker\/#primaryimage"},"image":{"@id":"https:\/\/www.amstelprinting.nl\/fr\/boutique\/salon-et-evenement\/murs-dexposition\/stand-dexposition-de-inhaker\/#primaryimage"},"thumbnailUrl":"https:\/\/www.amstelprinting.nl\/wp-content\/uploads\/de-inhaker-bedrukken2.png","datePublished":"2025-01-24T10:23:37+00:00","dateModified":"2026-02-18T11:51:33+00:00","description":"D\u00e9couvrez le stand d'exposition modulaire avec des impressions UV d'une nettet\u00e9 exceptionnelle et des mat\u00e9riaux recycl\u00e9s. Rapide \u00e0 monter et \u00e0 d\u00e9monter. Commandez votre stand d'exposition id\u00e9al d\u00e8s maintenant !","breadcrumb":{"@id":"https:\/\/www.amstelprinting.nl\/fr\/boutique\/salon-et-evenement\/murs-dexposition\/stand-dexposition-de-inhaker\/#breadcrumb"},"inLanguage":"fr-FR","potentialAction":[{"@type":"ReadAction","target":["https:\/\/www.amstelprinting.nl\/fr\/boutique\/salon-et-evenement\/murs-dexposition\/stand-dexposition-de-inhaker\/"]}]},{"@type":"ImageObject","inLanguage":"fr-FR","@id":"https:\/\/www.amstelprinting.nl\/fr\/boutique\/salon-et-evenement\/murs-dexposition\/stand-dexposition-de-inhaker\/#primaryimage","url":"https:\/\/www.amstelprinting.nl\/wp-content\/uploads\/de-inhaker-bedrukken2.png","contentUrl":"https:\/\/www.amstelprinting.nl\/wp-content\/uploads\/de-inhaker-bedrukken2.png","width":700,"height":700},{"@type":"BreadcrumbList","@id":"https:\/\/www.amstelprinting.nl\/fr\/boutique\/salon-et-evenement\/murs-dexposition\/stand-dexposition-de-inhaker\/#breadcrumb","itemListElement":[{"@type":"ListItem","position":1,"name":"","item":"https:\/\/www.amstelprinting.nl\/fr\/"},{"@type":"ListItem","position":2,"name":"Amstel Printing","item":"https:\/\/www.amstelprinting.nl\/fr\/boutique\/"},{"@type":"ListItem","position":3,"name":"Publicit\u00e9 int\u00e9rieure","item":"https:\/\/www.amstelprinting.nl\/fr\/categorie\/publicite-interieure\/"},{"@type":"ListItem","position":4,"name":"Vente au d\u00e9tail","item":"https:\/\/www.amstelprinting.nl\/fr\/categorie\/publicite-interieure\/vente-au-detail\/"},{"@type":"ListItem","position":5,"name":"Stand d&rsquo;exposition De Inhaker\u00ae"}]},{"@type":"WebSite","@id":"https:\/\/www.amstelprinting.nl\/fr\/#website","url":"https:\/\/www.amstelprinting.nl\/fr\/","name":"Amstel Printing","description":"Creating Exposure","publisher":{"@id":"https:\/\/www.amstelprinting.nl\/fr\/#organization"},"potentialAction":[{"@type":"SearchAction","target":{"@type":"EntryPoint","urlTemplate":"https:\/\/www.amstelprinting.nl\/fr\/?s={search_term_string}"},"query-input":{"@type":"PropertyValueSpecification","valueRequired":true,"valueName":"search_term_string"}}],"inLanguage":"fr-FR"},{"@type":"Organization","@id":"https:\/\/www.amstelprinting.nl\/fr\/#organization","name":"Amstel Printing","url":"https:\/\/www.amstelprinting.nl\/fr\/","logo":{"@type":"ImageObject","inLanguage":"fr-FR","@id":"https:\/\/www.amstelprinting.nl\/fr\/#\/schema\/logo\/image\/","url":"https:\/\/www.amstelprinting.nl\/wp-content\/uploads\/amstel_printing_logo_clean.png","contentUrl":"https:\/\/www.amstelprinting.nl\/wp-content\/uploads\/amstel_printing_logo_clean.png","width":324,"height":73,"caption":"Amstel Printing"},"image":{"@id":"https:\/\/www.amstelprinting.nl\/fr\/#\/schema\/logo\/image\/"}}]}},"_links":{"self":[{"href":"https:\/\/www.amstelprinting.nl\/fr\/wp-json\/wp\/v2\/product\/15102","targetHints":{"allow":["GET"]}}],"collection":[{"href":"https:\/\/www.amstelprinting.nl\/fr\/wp-json\/wp\/v2\/product"}],"about":[{"href":"https:\/\/www.amstelprinting.nl\/fr\/wp-json\/wp\/v2\/types\/product"}],"wp:featuredmedia":[{"embeddable":true,"href":"https:\/\/www.amstelprinting.nl\/fr\/wp-json\/wp\/v2\/media\/15103"}],"wp:attachment":[{"href":"https:\/\/www.amstelprinting.nl\/fr\/wp-json\/wp\/v2\/media?parent=15102"}],"wp:term":[{"taxonomy":"product_brand","embeddable":true,"href":"https:\/\/www.amstelprinting.nl\/fr\/wp-json\/wp\/v2\/product_brand?post=15102"},{"taxonomy":"product_cat","embeddable":true,"href":"https:\/\/www.amstelprinting.nl\/fr\/wp-json\/wp\/v2\/product_cat?post=15102"},{"taxonomy":"product_tag","embeddable":true,"href":"https:\/\/www.amstelprinting.nl\/fr\/wp-json\/wp\/v2\/product_tag?post=15102"}],"curies":[{"name":"wp","href":"https:\/\/api.w.org\/{rel}","templated":true}]}}