{"id":15112,"date":"2025-01-24T11:23:08","date_gmt":"2025-01-24T10:23:08","guid":{"rendered":"https:\/\/www.amstelprinting.nl\/winkel\/non%20class\u00e9\/plafondhanger\/"},"modified":"2026-02-18T12:51:33","modified_gmt":"2026-02-18T11:51:33","slug":"suspension-de-plafond","status":"publish","type":"product","link":"https:\/\/www.amstelprinting.nl\/fr\/boutique\/publicite-interieure\/vente-au-detail\/suspension-de-plafond\/","title":{"rendered":"Suspension de plafond"},"content":{"rendered":"<h3>Impression de suspension de plafond : choisissez parmi 4 mat\u00e9riaux<\/h3>\n<p>Avec des options sur mesure comme une pr\u00e9sentation recto ou recto-verso, vous pouvez pr\u00e9senter votre message exactement comme vous le souhaitez. Choisissez parmi des mat\u00e9riaux de haute qualit\u00e9 tels que Sign Again, le carton display, le Forex ou l&rsquo;alv\u00e9olaire.<\/p>\n<p><strong>Sign Again\u00ae<\/strong> &#8211; Mat\u00e9riau robuste et durable, id\u00e9al pour une utilisation prolong\u00e9e. Il offre une surface lisse pour des impressions d&rsquo;une nettet\u00e9 exceptionnelle et convient \u00e0 une utilisation int\u00e9rieure et ext\u00e9rieure, r\u00e9sistant aux chocs et pliable. Sign Again\u00ae est un mat\u00e9riau circulaire fabriqu\u00e9 \u00e0 partir de banni\u00e8res usag\u00e9es et de chutes de d\u00e9coupe.<\/p>\n<p><strong>Carton display<\/strong> &#8211; un carton gris compact avec une couche de finition blanche sur les deux faces. Le mat\u00e9riau est flexible et convient \u00e0 un usage int\u00e9rieur.<\/p>\n<p><strong>Forex<\/strong> &#8211; \u00e9galement connu sous le nom de PVC expans\u00e9, est un mat\u00e9riau populaire en raison de sa l\u00e9g\u00e8ret\u00e9. Convient \u00e0 un usage int\u00e9rieur.<br \/>\nLa plaque alv\u00e9olaire est une plaque en plastique qui convient \u00e0 une utilisation int\u00e9rieure et ext\u00e9rieure.<\/p>\n<p><strong>Alv\u00e9olaire<\/strong> &#8211; Plaque alv\u00e9olaire en plastique pour un usage int\u00e9rieur et ext\u00e9rieur. Convient \u00e9galement au pliage.<\/p>\n<h3>Finition<\/h3>\n<p>Pour la finition, vous pouvez choisir de d\u00e9couper la suspension de plafond au format souhait\u00e9 ou selon les contours de votre design. De plus, vous avez la possibilit\u00e9 de munir votre suspension de plafond de trous de per\u00e7age.<\/p>\n<h3>Accessoires<\/h3>\n<p>Pour compl\u00e9ter votre suspension de plafond, nous proposons divers accessoires. Avec les crochets de plafond ou le clip de plafond, vous suspendez le panneau en un tour de main.<\/p>\n","protected":false},"excerpt":{"rendered":"<h3>Panneau avec impression ultra-nette. Pour fixation au plafond.<\/h3>\n<p>Augmentez la visibilit\u00e9 de vos offres ou transmettez votre message avec notre suspension de plafond polyvalente, \u00e9galement appel\u00e9e panneau de plafond. Qu&rsquo;il s&rsquo;agisse d&rsquo;actions sp\u00e9ciales, de promotions ou de messages informatifs, cette suspension est con\u00e7ue pour attirer imm\u00e9diatement l&rsquo;attention. Vous choisissez vous-m\u00eame le format. Composez votre suspension de plafond imprim\u00e9e ci-dessous en quelques \u00e9tapes.<\/p>\n","protected":false},"featured_media":15113,"template":"","meta":{"_et_pb_use_builder":"","_et_pb_old_content":"","_et_gb_content_width":""},"product_brand":[],"product_cat":[380,437],"product_tag":[],"class_list":{"0":"post-15112","1":"product","2":"type-product","3":"status-publish","4":"has-post-thumbnail","6":"product_cat-publicite-interieure","7":"product_cat-vente-au-detail","9":"first","10":"instock","11":"taxable","12":"shipping-taxable","13":"purchasable","14":"product-type-simple"},"yoast_head":"<!-- This site is optimized with the Yoast SEO plugin v27.3 - https:\/\/yoast.com\/product\/yoast-seo-wordpress\/ -->\n<title>Commander une suspension de plafond avec livraison rapide | Qualit\u00e9 sur mesure<\/title>\n<meta name=\"description\" content=\"Commandez une suspension de plafond professionnelle. Choisissez parmi quatre mat\u00e9riaux durables, impression recto ou recto-verso. Livraison dans toute l&#039;Europe\" \/>\n<meta name=\"robots\" content=\"index, follow, max-snippet:-1, max-image-preview:large, max-video-preview:-1\" \/>\n<link rel=\"canonical\" href=\"https:\/\/www.amstelprinting.nl\/fr\/boutique\/publicite-interieure\/vente-au-detail\/suspension-de-plafond\/\" \/>\n<meta property=\"og:locale\" content=\"fr_FR\" \/>\n<meta property=\"og:type\" content=\"article\" \/>\n<meta property=\"og:title\" content=\"Commander une suspension de plafond avec livraison rapide | Qualit\u00e9 sur mesure\" \/>\n<meta property=\"og:description\" content=\"Commandez une suspension de plafond professionnelle. Choisissez parmi quatre mat\u00e9riaux durables, impression recto ou recto-verso. Livraison dans toute l&#039;Europe\" \/>\n<meta property=\"og:url\" content=\"https:\/\/www.amstelprinting.nl\/fr\/boutique\/publicite-interieure\/vente-au-detail\/suspension-de-plafond\/\" \/>\n<meta property=\"og:site_name\" content=\"Amstel Printing\" \/>\n<meta property=\"article:modified_time\" content=\"2026-02-18T11:51:33+00:00\" \/>\n<meta property=\"og:image\" content=\"https:\/\/www.amstelprinting.nl\/wp-content\/uploads\/plafondhanger-bedrukken.png\" \/>\n\t<meta property=\"og:image:width\" content=\"900\" \/>\n\t<meta property=\"og:image:height\" content=\"900\" \/>\n\t<meta property=\"og:image:type\" content=\"image\/png\" \/>\n<meta name=\"twitter:card\" content=\"summary_large_image\" \/>\n<meta name=\"twitter:label1\" content=\"Dur\u00e9e de lecture estim\u00e9e\" \/>\n\t<meta name=\"twitter:data1\" content=\"1 minute\" \/>\n<script type=\"application\/ld+json\" class=\"yoast-schema-graph\">{\"@context\":\"https:\\\/\\\/schema.org\",\"@graph\":[{\"@type\":\"WebPage\",\"@id\":\"https:\\\/\\\/www.amstelprinting.nl\\\/fr\\\/boutique\\\/publicite-interieure\\\/vente-au-detail\\\/suspension-de-plafond\\\/\",\"url\":\"https:\\\/\\\/www.amstelprinting.nl\\\/fr\\\/boutique\\\/publicite-interieure\\\/vente-au-detail\\\/suspension-de-plafond\\\/\",\"name\":\"Commander une suspension de plafond avec livraison rapide | Qualit\u00e9 sur mesure\",\"isPartOf\":{\"@id\":\"https:\\\/\\\/www.amstelprinting.nl\\\/fr\\\/#website\"},\"primaryImageOfPage\":{\"@id\":\"https:\\\/\\\/www.amstelprinting.nl\\\/fr\\\/boutique\\\/publicite-interieure\\\/vente-au-detail\\\/suspension-de-plafond\\\/#primaryimage\"},\"image\":{\"@id\":\"https:\\\/\\\/www.amstelprinting.nl\\\/fr\\\/boutique\\\/publicite-interieure\\\/vente-au-detail\\\/suspension-de-plafond\\\/#primaryimage\"},\"thumbnailUrl\":\"https:\\\/\\\/www.amstelprinting.nl\\\/wp-content\\\/uploads\\\/plafondhanger-bedrukken.png\",\"datePublished\":\"2025-01-24T10:23:08+00:00\",\"dateModified\":\"2026-02-18T11:51:33+00:00\",\"description\":\"Commandez une suspension de plafond professionnelle. Choisissez parmi quatre mat\u00e9riaux durables, impression recto ou recto-verso. Livraison dans toute l'Europe\",\"breadcrumb\":{\"@id\":\"https:\\\/\\\/www.amstelprinting.nl\\\/fr\\\/boutique\\\/publicite-interieure\\\/vente-au-detail\\\/suspension-de-plafond\\\/#breadcrumb\"},\"inLanguage\":\"fr-FR\",\"potentialAction\":[{\"@type\":\"ReadAction\",\"target\":[\"https:\\\/\\\/www.amstelprinting.nl\\\/fr\\\/boutique\\\/publicite-interieure\\\/vente-au-detail\\\/suspension-de-plafond\\\/\"]}]},{\"@type\":\"ImageObject\",\"inLanguage\":\"fr-FR\",\"@id\":\"https:\\\/\\\/www.amstelprinting.nl\\\/fr\\\/boutique\\\/publicite-interieure\\\/vente-au-detail\\\/suspension-de-plafond\\\/#primaryimage\",\"url\":\"https:\\\/\\\/www.amstelprinting.nl\\\/wp-content\\\/uploads\\\/plafondhanger-bedrukken.png\",\"contentUrl\":\"https:\\\/\\\/www.amstelprinting.nl\\\/wp-content\\\/uploads\\\/plafondhanger-bedrukken.png\",\"width\":900,\"height\":900},{\"@type\":\"BreadcrumbList\",\"@id\":\"https:\\\/\\\/www.amstelprinting.nl\\\/fr\\\/boutique\\\/publicite-interieure\\\/vente-au-detail\\\/suspension-de-plafond\\\/#breadcrumb\",\"itemListElement\":[{\"@type\":\"ListItem\",\"position\":1,\"name\":\"\",\"item\":\"https:\\\/\\\/www.amstelprinting.nl\\\/fr\\\/\"},{\"@type\":\"ListItem\",\"position\":2,\"name\":\"Amstel Printing\",\"item\":\"https:\\\/\\\/www.amstelprinting.nl\\\/fr\\\/boutique\\\/\"},{\"@type\":\"ListItem\",\"position\":3,\"name\":\"Publicit\u00e9 int\u00e9rieure\",\"item\":\"https:\\\/\\\/www.amstelprinting.nl\\\/fr\\\/categorie\\\/publicite-interieure\\\/\"},{\"@type\":\"ListItem\",\"position\":4,\"name\":\"Vente au d\u00e9tail\",\"item\":\"https:\\\/\\\/www.amstelprinting.nl\\\/fr\\\/categorie\\\/publicite-interieure\\\/vente-au-detail\\\/\"},{\"@type\":\"ListItem\",\"position\":5,\"name\":\"Suspension de plafond\"}]},{\"@type\":\"WebSite\",\"@id\":\"https:\\\/\\\/www.amstelprinting.nl\\\/fr\\\/#website\",\"url\":\"https:\\\/\\\/www.amstelprinting.nl\\\/fr\\\/\",\"name\":\"Amstel Printing\",\"description\":\"Creating Exposure\",\"publisher\":{\"@id\":\"https:\\\/\\\/www.amstelprinting.nl\\\/fr\\\/#organization\"},\"potentialAction\":[{\"@type\":\"SearchAction\",\"target\":{\"@type\":\"EntryPoint\",\"urlTemplate\":\"https:\\\/\\\/www.amstelprinting.nl\\\/fr\\\/?s={search_term_string}\"},\"query-input\":{\"@type\":\"PropertyValueSpecification\",\"valueRequired\":true,\"valueName\":\"search_term_string\"}}],\"inLanguage\":\"fr-FR\"},{\"@type\":\"Organization\",\"@id\":\"https:\\\/\\\/www.amstelprinting.nl\\\/fr\\\/#organization\",\"name\":\"Amstel Printing\",\"url\":\"https:\\\/\\\/www.amstelprinting.nl\\\/fr\\\/\",\"logo\":{\"@type\":\"ImageObject\",\"inLanguage\":\"fr-FR\",\"@id\":\"https:\\\/\\\/www.amstelprinting.nl\\\/fr\\\/#\\\/schema\\\/logo\\\/image\\\/\",\"url\":\"https:\\\/\\\/www.amstelprinting.nl\\\/wp-content\\\/uploads\\\/amstel_printing_logo_clean.png\",\"contentUrl\":\"https:\\\/\\\/www.amstelprinting.nl\\\/wp-content\\\/uploads\\\/amstel_printing_logo_clean.png\",\"width\":324,\"height\":73,\"caption\":\"Amstel Printing\"},\"image\":{\"@id\":\"https:\\\/\\\/www.amstelprinting.nl\\\/fr\\\/#\\\/schema\\\/logo\\\/image\\\/\"}}]}<\/script>\n<!-- \/ Yoast SEO plugin. -->","yoast_head_json":{"title":"Commander une suspension de plafond avec livraison rapide | Qualit\u00e9 sur mesure","description":"Commandez une suspension de plafond professionnelle. Choisissez parmi quatre mat\u00e9riaux durables, impression recto ou recto-verso. Livraison dans toute l'Europe","robots":{"index":"index","follow":"follow","max-snippet":"max-snippet:-1","max-image-preview":"max-image-preview:large","max-video-preview":"max-video-preview:-1"},"canonical":"https:\/\/www.amstelprinting.nl\/fr\/boutique\/publicite-interieure\/vente-au-detail\/suspension-de-plafond\/","og_locale":"fr_FR","og_type":"article","og_title":"Commander une suspension de plafond avec livraison rapide | Qualit\u00e9 sur mesure","og_description":"Commandez une suspension de plafond professionnelle. Choisissez parmi quatre mat\u00e9riaux durables, impression recto ou recto-verso. Livraison dans toute l'Europe","og_url":"https:\/\/www.amstelprinting.nl\/fr\/boutique\/publicite-interieure\/vente-au-detail\/suspension-de-plafond\/","og_site_name":"Amstel Printing","article_modified_time":"2026-02-18T11:51:33+00:00","og_image":[{"width":900,"height":900,"url":"https:\/\/www.amstelprinting.nl\/wp-content\/uploads\/plafondhanger-bedrukken.png","type":"image\/png"}],"twitter_card":"summary_large_image","twitter_misc":{"Dur\u00e9e de lecture estim\u00e9e":"1 minute"},"schema":{"@context":"https:\/\/schema.org","@graph":[{"@type":"WebPage","@id":"https:\/\/www.amstelprinting.nl\/fr\/boutique\/publicite-interieure\/vente-au-detail\/suspension-de-plafond\/","url":"https:\/\/www.amstelprinting.nl\/fr\/boutique\/publicite-interieure\/vente-au-detail\/suspension-de-plafond\/","name":"Commander une suspension de plafond avec livraison rapide | Qualit\u00e9 sur mesure","isPartOf":{"@id":"https:\/\/www.amstelprinting.nl\/fr\/#website"},"primaryImageOfPage":{"@id":"https:\/\/www.amstelprinting.nl\/fr\/boutique\/publicite-interieure\/vente-au-detail\/suspension-de-plafond\/#primaryimage"},"image":{"@id":"https:\/\/www.amstelprinting.nl\/fr\/boutique\/publicite-interieure\/vente-au-detail\/suspension-de-plafond\/#primaryimage"},"thumbnailUrl":"https:\/\/www.amstelprinting.nl\/wp-content\/uploads\/plafondhanger-bedrukken.png","datePublished":"2025-01-24T10:23:08+00:00","dateModified":"2026-02-18T11:51:33+00:00","description":"Commandez une suspension de plafond professionnelle. Choisissez parmi quatre mat\u00e9riaux durables, impression recto ou recto-verso. Livraison dans toute l'Europe","breadcrumb":{"@id":"https:\/\/www.amstelprinting.nl\/fr\/boutique\/publicite-interieure\/vente-au-detail\/suspension-de-plafond\/#breadcrumb"},"inLanguage":"fr-FR","potentialAction":[{"@type":"ReadAction","target":["https:\/\/www.amstelprinting.nl\/fr\/boutique\/publicite-interieure\/vente-au-detail\/suspension-de-plafond\/"]}]},{"@type":"ImageObject","inLanguage":"fr-FR","@id":"https:\/\/www.amstelprinting.nl\/fr\/boutique\/publicite-interieure\/vente-au-detail\/suspension-de-plafond\/#primaryimage","url":"https:\/\/www.amstelprinting.nl\/wp-content\/uploads\/plafondhanger-bedrukken.png","contentUrl":"https:\/\/www.amstelprinting.nl\/wp-content\/uploads\/plafondhanger-bedrukken.png","width":900,"height":900},{"@type":"BreadcrumbList","@id":"https:\/\/www.amstelprinting.nl\/fr\/boutique\/publicite-interieure\/vente-au-detail\/suspension-de-plafond\/#breadcrumb","itemListElement":[{"@type":"ListItem","position":1,"name":"","item":"https:\/\/www.amstelprinting.nl\/fr\/"},{"@type":"ListItem","position":2,"name":"Amstel Printing","item":"https:\/\/www.amstelprinting.nl\/fr\/boutique\/"},{"@type":"ListItem","position":3,"name":"Publicit\u00e9 int\u00e9rieure","item":"https:\/\/www.amstelprinting.nl\/fr\/categorie\/publicite-interieure\/"},{"@type":"ListItem","position":4,"name":"Vente au d\u00e9tail","item":"https:\/\/www.amstelprinting.nl\/fr\/categorie\/publicite-interieure\/vente-au-detail\/"},{"@type":"ListItem","position":5,"name":"Suspension de plafond"}]},{"@type":"WebSite","@id":"https:\/\/www.amstelprinting.nl\/fr\/#website","url":"https:\/\/www.amstelprinting.nl\/fr\/","name":"Amstel Printing","description":"Creating Exposure","publisher":{"@id":"https:\/\/www.amstelprinting.nl\/fr\/#organization"},"potentialAction":[{"@type":"SearchAction","target":{"@type":"EntryPoint","urlTemplate":"https:\/\/www.amstelprinting.nl\/fr\/?s={search_term_string}"},"query-input":{"@type":"PropertyValueSpecification","valueRequired":true,"valueName":"search_term_string"}}],"inLanguage":"fr-FR"},{"@type":"Organization","@id":"https:\/\/www.amstelprinting.nl\/fr\/#organization","name":"Amstel Printing","url":"https:\/\/www.amstelprinting.nl\/fr\/","logo":{"@type":"ImageObject","inLanguage":"fr-FR","@id":"https:\/\/www.amstelprinting.nl\/fr\/#\/schema\/logo\/image\/","url":"https:\/\/www.amstelprinting.nl\/wp-content\/uploads\/amstel_printing_logo_clean.png","contentUrl":"https:\/\/www.amstelprinting.nl\/wp-content\/uploads\/amstel_printing_logo_clean.png","width":324,"height":73,"caption":"Amstel Printing"},"image":{"@id":"https:\/\/www.amstelprinting.nl\/fr\/#\/schema\/logo\/image\/"}}]}},"_links":{"self":[{"href":"https:\/\/www.amstelprinting.nl\/fr\/wp-json\/wp\/v2\/product\/15112","targetHints":{"allow":["GET"]}}],"collection":[{"href":"https:\/\/www.amstelprinting.nl\/fr\/wp-json\/wp\/v2\/product"}],"about":[{"href":"https:\/\/www.amstelprinting.nl\/fr\/wp-json\/wp\/v2\/types\/product"}],"wp:featuredmedia":[{"embeddable":true,"href":"https:\/\/www.amstelprinting.nl\/fr\/wp-json\/wp\/v2\/media\/15113"}],"wp:attachment":[{"href":"https:\/\/www.amstelprinting.nl\/fr\/wp-json\/wp\/v2\/media?parent=15112"}],"wp:term":[{"taxonomy":"product_brand","embeddable":true,"href":"https:\/\/www.amstelprinting.nl\/fr\/wp-json\/wp\/v2\/product_brand?post=15112"},{"taxonomy":"product_cat","embeddable":true,"href":"https:\/\/www.amstelprinting.nl\/fr\/wp-json\/wp\/v2\/product_cat?post=15112"},{"taxonomy":"product_tag","embeddable":true,"href":"https:\/\/www.amstelprinting.nl\/fr\/wp-json\/wp\/v2\/product_tag?post=15112"}],"curies":[{"name":"wp","href":"https:\/\/api.w.org\/{rel}","templated":true}]}}