{"id":15122,"date":"2025-01-24T11:23:05","date_gmt":"2025-01-24T10:23:05","guid":{"rendered":"https:\/\/www.amstelprinting.nl\/winkel\/non%20class\u00e9\/ijzerhoudende-folie\/"},"modified":"2026-02-18T12:51:34","modified_gmt":"2026-02-18T11:51:34","slug":"film-ferreux","status":"publish","type":"product","link":"https:\/\/www.amstelprinting.nl\/fr\/boutique\/publicite-interieure\/vente-au-detail\/film-ferreux\/","title":{"rendered":"Film ferreux"},"content":{"rendered":"<h3>Impression de film ferreux<\/h3>\n<p>Que vous souhaitiez transformer votre espace de bureau ou que vous recherchiez des moyens cr\u00e9atifs de transmettre votre message, notre film ferreux offre la flexibilit\u00e9 et la fonctionnalit\u00e9 dont vous avez besoin. Le film est un film polyester blanc de haute qualit\u00e9 avec un rev\u00eatement ferreux noir, sp\u00e9cialement con\u00e7u pour une utilisation sur des supports magn\u00e9tiques. Attention : ce film ferreux n&rsquo;est donc pas un aimant ! Pour cela, vous devez commander notre <a href=\"https:\/\/www.amstelprinting.nl\/fr\/boutique\/autocollants-et-impression\/grands-autocollants\/autocollant-magnetique\/\">film magn\u00e9tique<\/a>.<\/p>\n<h3>Mat\u00e9riau<\/h3>\n<p>Le film ferreux a une largeur d&rsquo;impression maximale de 123 cm d&rsquo;un seul tenant. Le film est facile \u00e0 monter et \u00e0 repositionner, offrant ainsi une flexibilit\u00e9 dans la conception et l&rsquo;adaptation des pr\u00e9sentoirs magn\u00e9tiques. Le film ferreux est r\u00e9utilisable et 100 % recyclable, ce qui en fait un produit tr\u00e8s durable.<\/p>\n<h3>Pourquoi imprimer sur du film ferreux ?<\/h3>\n<ul>\n<li>Impression personnalis\u00e9e incluse<\/li>\n<li>\u00c0 commander dans votre propre format<\/li>\n<li>Le film ferreux est 100 % recyclable<\/li>\n<li>Facile \u00e0 monter sur des surfaces magn\u00e9tiques<\/li>\n<li>Durable : facile \u00e0 r\u00e9utiliser encore et encore<\/li>\n<\/ul>\n<p>&nbsp;<\/p>\n<h3>Points d&rsquo;attention concernant le film ferreux<\/h3>\n<p>Le film ferreux est parfois confondu avec un film magn\u00e9tique \/ autocollant magn\u00e9tique. Ce film ferreux ne peut \u00eatre appliqu\u00e9 que sur un support magn\u00e9tique.<\/p>\n<h3>Foire aux questions sur le film ferreux<\/h3>\n<p><strong>Le film ferreux fonctionne-t-il comme un aimant ?<\/strong><br \/>\nNon, le film ferreux n&rsquo;est pas la m\u00eame chose qu&rsquo;un aimant. Le film ferreux doit \u00eatre appliqu\u00e9 sur une surface magn\u00e9tique. En revanche, les aimants doivent \u00eatre appliqu\u00e9s sur des surfaces en fer. Le film ferreux est donc le contraire d&rsquo;un aimant.<\/p>\n","protected":false},"excerpt":{"rendered":"<p><span style=\"font-weight: 400;\">Le film ferreux (\u00e9galement appel\u00e9 film ferro) convient pour une application <strong>sur des supports magn\u00e9tiques<\/strong>. Id\u00e9al pour un changement rapide et facile des visuels. R\u00e9utilisable et 100 % recyclable. Dot\u00e9 d&rsquo;une <strong>impression d&rsquo;une nettet\u00e9 absolue<\/strong> de votre design ou photo. Vous d\u00e9terminez vous-m\u00eame les dimensions de ce film ferreux.<\/span><\/p>\n","protected":false},"featured_media":15123,"template":"","meta":{"_et_pb_use_builder":"","_et_pb_old_content":"","_et_gb_content_width":""},"product_brand":[],"product_cat":[639,312,380,437],"product_tag":[],"class_list":{"0":"post-15122","1":"product","2":"type-product","3":"status-publish","4":"has-post-thumbnail","6":"product_cat-affiches","7":"product_cat-autocollants-et-impression","8":"product_cat-publicite-interieure","9":"product_cat-vente-au-detail","11":"first","12":"instock","13":"taxable","14":"shipping-taxable","15":"purchasable","16":"product-type-simple"},"yoast_head":"<!-- This site is optimized with the Yoast SEO plugin v27.3 - https:\/\/yoast.com\/product\/yoast-seo-wordpress\/ -->\n<title>Impression de film ferreux sur mesure \u2013 durable et flexible<\/title>\n<meta name=\"description\" content=\"Commandez du film ferreux avec une impression couleur d&#039;une nettet\u00e9 absolue, adapt\u00e9 aux supports magn\u00e9tiques. R\u00e9utilisable, 100 % recyclable et facile \u00e0 remplacer\" \/>\n<meta name=\"robots\" content=\"index, follow, max-snippet:-1, max-image-preview:large, max-video-preview:-1\" \/>\n<link rel=\"canonical\" href=\"https:\/\/www.amstelprinting.nl\/fr\/boutique\/publicite-interieure\/vente-au-detail\/film-ferreux\/\" \/>\n<meta property=\"og:locale\" content=\"fr_FR\" \/>\n<meta property=\"og:type\" content=\"article\" \/>\n<meta property=\"og:title\" content=\"Impression de film ferreux sur mesure \u2013 durable et flexible\" \/>\n<meta property=\"og:description\" content=\"Commandez du film ferreux avec une impression couleur d&#039;une nettet\u00e9 absolue, adapt\u00e9 aux supports magn\u00e9tiques. R\u00e9utilisable, 100 % recyclable et facile \u00e0 remplacer\" \/>\n<meta property=\"og:url\" content=\"https:\/\/www.amstelprinting.nl\/fr\/boutique\/publicite-interieure\/vente-au-detail\/film-ferreux\/\" \/>\n<meta property=\"og:site_name\" content=\"Amstel Printing\" \/>\n<meta property=\"article:modified_time\" content=\"2026-02-18T11:51:34+00:00\" \/>\n<meta property=\"og:image\" content=\"https:\/\/www.amstelprinting.nl\/wp-content\/uploads\/ijzerhoudende-folie-bedrukken.jpg\" \/>\n\t<meta property=\"og:image:width\" content=\"700\" \/>\n\t<meta property=\"og:image:height\" content=\"443\" \/>\n\t<meta property=\"og:image:type\" content=\"image\/jpeg\" \/>\n<meta name=\"twitter:card\" content=\"summary_large_image\" \/>\n<meta name=\"twitter:label1\" content=\"Dur\u00e9e de lecture estim\u00e9e\" \/>\n\t<meta name=\"twitter:data1\" content=\"1 minute\" \/>\n<script type=\"application\/ld+json\" class=\"yoast-schema-graph\">{\"@context\":\"https:\\\/\\\/schema.org\",\"@graph\":[{\"@type\":\"WebPage\",\"@id\":\"https:\\\/\\\/www.amstelprinting.nl\\\/fr\\\/boutique\\\/publicite-interieure\\\/vente-au-detail\\\/film-ferreux\\\/\",\"url\":\"https:\\\/\\\/www.amstelprinting.nl\\\/fr\\\/boutique\\\/publicite-interieure\\\/vente-au-detail\\\/film-ferreux\\\/\",\"name\":\"Impression de film ferreux sur mesure \u2013 durable et flexible\",\"isPartOf\":{\"@id\":\"https:\\\/\\\/www.amstelprinting.nl\\\/fr\\\/#website\"},\"primaryImageOfPage\":{\"@id\":\"https:\\\/\\\/www.amstelprinting.nl\\\/fr\\\/boutique\\\/publicite-interieure\\\/vente-au-detail\\\/film-ferreux\\\/#primaryimage\"},\"image\":{\"@id\":\"https:\\\/\\\/www.amstelprinting.nl\\\/fr\\\/boutique\\\/publicite-interieure\\\/vente-au-detail\\\/film-ferreux\\\/#primaryimage\"},\"thumbnailUrl\":\"https:\\\/\\\/www.amstelprinting.nl\\\/wp-content\\\/uploads\\\/ijzerhoudende-folie-bedrukken.jpg\",\"datePublished\":\"2025-01-24T10:23:05+00:00\",\"dateModified\":\"2026-02-18T11:51:34+00:00\",\"description\":\"Commandez du film ferreux avec une impression couleur d'une nettet\u00e9 absolue, adapt\u00e9 aux supports magn\u00e9tiques. R\u00e9utilisable, 100 % recyclable et facile \u00e0 remplacer\",\"breadcrumb\":{\"@id\":\"https:\\\/\\\/www.amstelprinting.nl\\\/fr\\\/boutique\\\/publicite-interieure\\\/vente-au-detail\\\/film-ferreux\\\/#breadcrumb\"},\"inLanguage\":\"fr-FR\",\"potentialAction\":[{\"@type\":\"ReadAction\",\"target\":[\"https:\\\/\\\/www.amstelprinting.nl\\\/fr\\\/boutique\\\/publicite-interieure\\\/vente-au-detail\\\/film-ferreux\\\/\"]}]},{\"@type\":\"ImageObject\",\"inLanguage\":\"fr-FR\",\"@id\":\"https:\\\/\\\/www.amstelprinting.nl\\\/fr\\\/boutique\\\/publicite-interieure\\\/vente-au-detail\\\/film-ferreux\\\/#primaryimage\",\"url\":\"https:\\\/\\\/www.amstelprinting.nl\\\/wp-content\\\/uploads\\\/ijzerhoudende-folie-bedrukken.jpg\",\"contentUrl\":\"https:\\\/\\\/www.amstelprinting.nl\\\/wp-content\\\/uploads\\\/ijzerhoudende-folie-bedrukken.jpg\",\"width\":700,\"height\":443},{\"@type\":\"BreadcrumbList\",\"@id\":\"https:\\\/\\\/www.amstelprinting.nl\\\/fr\\\/boutique\\\/publicite-interieure\\\/vente-au-detail\\\/film-ferreux\\\/#breadcrumb\",\"itemListElement\":[{\"@type\":\"ListItem\",\"position\":1,\"name\":\"\",\"item\":\"https:\\\/\\\/www.amstelprinting.nl\\\/fr\\\/\"},{\"@type\":\"ListItem\",\"position\":2,\"name\":\"Amstel Printing\",\"item\":\"https:\\\/\\\/www.amstelprinting.nl\\\/fr\\\/boutique\\\/\"},{\"@type\":\"ListItem\",\"position\":3,\"name\":\"Publicit\u00e9 int\u00e9rieure\",\"item\":\"https:\\\/\\\/www.amstelprinting.nl\\\/fr\\\/categorie\\\/publicite-interieure\\\/\"},{\"@type\":\"ListItem\",\"position\":4,\"name\":\"Vente au d\u00e9tail\",\"item\":\"https:\\\/\\\/www.amstelprinting.nl\\\/fr\\\/categorie\\\/publicite-interieure\\\/vente-au-detail\\\/\"},{\"@type\":\"ListItem\",\"position\":5,\"name\":\"Film ferreux\"}]},{\"@type\":\"WebSite\",\"@id\":\"https:\\\/\\\/www.amstelprinting.nl\\\/fr\\\/#website\",\"url\":\"https:\\\/\\\/www.amstelprinting.nl\\\/fr\\\/\",\"name\":\"Amstel Printing\",\"description\":\"Creating Exposure\",\"publisher\":{\"@id\":\"https:\\\/\\\/www.amstelprinting.nl\\\/fr\\\/#organization\"},\"potentialAction\":[{\"@type\":\"SearchAction\",\"target\":{\"@type\":\"EntryPoint\",\"urlTemplate\":\"https:\\\/\\\/www.amstelprinting.nl\\\/fr\\\/?s={search_term_string}\"},\"query-input\":{\"@type\":\"PropertyValueSpecification\",\"valueRequired\":true,\"valueName\":\"search_term_string\"}}],\"inLanguage\":\"fr-FR\"},{\"@type\":\"Organization\",\"@id\":\"https:\\\/\\\/www.amstelprinting.nl\\\/fr\\\/#organization\",\"name\":\"Amstel Printing\",\"url\":\"https:\\\/\\\/www.amstelprinting.nl\\\/fr\\\/\",\"logo\":{\"@type\":\"ImageObject\",\"inLanguage\":\"fr-FR\",\"@id\":\"https:\\\/\\\/www.amstelprinting.nl\\\/fr\\\/#\\\/schema\\\/logo\\\/image\\\/\",\"url\":\"https:\\\/\\\/www.amstelprinting.nl\\\/wp-content\\\/uploads\\\/amstel_printing_logo_clean.png\",\"contentUrl\":\"https:\\\/\\\/www.amstelprinting.nl\\\/wp-content\\\/uploads\\\/amstel_printing_logo_clean.png\",\"width\":324,\"height\":73,\"caption\":\"Amstel Printing\"},\"image\":{\"@id\":\"https:\\\/\\\/www.amstelprinting.nl\\\/fr\\\/#\\\/schema\\\/logo\\\/image\\\/\"}}]}<\/script>\n<!-- \/ Yoast SEO plugin. -->","yoast_head_json":{"title":"Impression de film ferreux sur mesure \u2013 durable et flexible","description":"Commandez du film ferreux avec une impression couleur d'une nettet\u00e9 absolue, adapt\u00e9 aux supports magn\u00e9tiques. R\u00e9utilisable, 100 % recyclable et facile \u00e0 remplacer","robots":{"index":"index","follow":"follow","max-snippet":"max-snippet:-1","max-image-preview":"max-image-preview:large","max-video-preview":"max-video-preview:-1"},"canonical":"https:\/\/www.amstelprinting.nl\/fr\/boutique\/publicite-interieure\/vente-au-detail\/film-ferreux\/","og_locale":"fr_FR","og_type":"article","og_title":"Impression de film ferreux sur mesure \u2013 durable et flexible","og_description":"Commandez du film ferreux avec une impression couleur d'une nettet\u00e9 absolue, adapt\u00e9 aux supports magn\u00e9tiques. R\u00e9utilisable, 100 % recyclable et facile \u00e0 remplacer","og_url":"https:\/\/www.amstelprinting.nl\/fr\/boutique\/publicite-interieure\/vente-au-detail\/film-ferreux\/","og_site_name":"Amstel Printing","article_modified_time":"2026-02-18T11:51:34+00:00","og_image":[{"width":700,"height":443,"url":"https:\/\/www.amstelprinting.nl\/wp-content\/uploads\/ijzerhoudende-folie-bedrukken.jpg","type":"image\/jpeg"}],"twitter_card":"summary_large_image","twitter_misc":{"Dur\u00e9e de lecture estim\u00e9e":"1 minute"},"schema":{"@context":"https:\/\/schema.org","@graph":[{"@type":"WebPage","@id":"https:\/\/www.amstelprinting.nl\/fr\/boutique\/publicite-interieure\/vente-au-detail\/film-ferreux\/","url":"https:\/\/www.amstelprinting.nl\/fr\/boutique\/publicite-interieure\/vente-au-detail\/film-ferreux\/","name":"Impression de film ferreux sur mesure \u2013 durable et flexible","isPartOf":{"@id":"https:\/\/www.amstelprinting.nl\/fr\/#website"},"primaryImageOfPage":{"@id":"https:\/\/www.amstelprinting.nl\/fr\/boutique\/publicite-interieure\/vente-au-detail\/film-ferreux\/#primaryimage"},"image":{"@id":"https:\/\/www.amstelprinting.nl\/fr\/boutique\/publicite-interieure\/vente-au-detail\/film-ferreux\/#primaryimage"},"thumbnailUrl":"https:\/\/www.amstelprinting.nl\/wp-content\/uploads\/ijzerhoudende-folie-bedrukken.jpg","datePublished":"2025-01-24T10:23:05+00:00","dateModified":"2026-02-18T11:51:34+00:00","description":"Commandez du film ferreux avec une impression couleur d'une nettet\u00e9 absolue, adapt\u00e9 aux supports magn\u00e9tiques. R\u00e9utilisable, 100 % recyclable et facile \u00e0 remplacer","breadcrumb":{"@id":"https:\/\/www.amstelprinting.nl\/fr\/boutique\/publicite-interieure\/vente-au-detail\/film-ferreux\/#breadcrumb"},"inLanguage":"fr-FR","potentialAction":[{"@type":"ReadAction","target":["https:\/\/www.amstelprinting.nl\/fr\/boutique\/publicite-interieure\/vente-au-detail\/film-ferreux\/"]}]},{"@type":"ImageObject","inLanguage":"fr-FR","@id":"https:\/\/www.amstelprinting.nl\/fr\/boutique\/publicite-interieure\/vente-au-detail\/film-ferreux\/#primaryimage","url":"https:\/\/www.amstelprinting.nl\/wp-content\/uploads\/ijzerhoudende-folie-bedrukken.jpg","contentUrl":"https:\/\/www.amstelprinting.nl\/wp-content\/uploads\/ijzerhoudende-folie-bedrukken.jpg","width":700,"height":443},{"@type":"BreadcrumbList","@id":"https:\/\/www.amstelprinting.nl\/fr\/boutique\/publicite-interieure\/vente-au-detail\/film-ferreux\/#breadcrumb","itemListElement":[{"@type":"ListItem","position":1,"name":"","item":"https:\/\/www.amstelprinting.nl\/fr\/"},{"@type":"ListItem","position":2,"name":"Amstel Printing","item":"https:\/\/www.amstelprinting.nl\/fr\/boutique\/"},{"@type":"ListItem","position":3,"name":"Publicit\u00e9 int\u00e9rieure","item":"https:\/\/www.amstelprinting.nl\/fr\/categorie\/publicite-interieure\/"},{"@type":"ListItem","position":4,"name":"Vente au d\u00e9tail","item":"https:\/\/www.amstelprinting.nl\/fr\/categorie\/publicite-interieure\/vente-au-detail\/"},{"@type":"ListItem","position":5,"name":"Film ferreux"}]},{"@type":"WebSite","@id":"https:\/\/www.amstelprinting.nl\/fr\/#website","url":"https:\/\/www.amstelprinting.nl\/fr\/","name":"Amstel Printing","description":"Creating Exposure","publisher":{"@id":"https:\/\/www.amstelprinting.nl\/fr\/#organization"},"potentialAction":[{"@type":"SearchAction","target":{"@type":"EntryPoint","urlTemplate":"https:\/\/www.amstelprinting.nl\/fr\/?s={search_term_string}"},"query-input":{"@type":"PropertyValueSpecification","valueRequired":true,"valueName":"search_term_string"}}],"inLanguage":"fr-FR"},{"@type":"Organization","@id":"https:\/\/www.amstelprinting.nl\/fr\/#organization","name":"Amstel Printing","url":"https:\/\/www.amstelprinting.nl\/fr\/","logo":{"@type":"ImageObject","inLanguage":"fr-FR","@id":"https:\/\/www.amstelprinting.nl\/fr\/#\/schema\/logo\/image\/","url":"https:\/\/www.amstelprinting.nl\/wp-content\/uploads\/amstel_printing_logo_clean.png","contentUrl":"https:\/\/www.amstelprinting.nl\/wp-content\/uploads\/amstel_printing_logo_clean.png","width":324,"height":73,"caption":"Amstel Printing"},"image":{"@id":"https:\/\/www.amstelprinting.nl\/fr\/#\/schema\/logo\/image\/"}}]}},"_links":{"self":[{"href":"https:\/\/www.amstelprinting.nl\/fr\/wp-json\/wp\/v2\/product\/15122","targetHints":{"allow":["GET"]}}],"collection":[{"href":"https:\/\/www.amstelprinting.nl\/fr\/wp-json\/wp\/v2\/product"}],"about":[{"href":"https:\/\/www.amstelprinting.nl\/fr\/wp-json\/wp\/v2\/types\/product"}],"wp:featuredmedia":[{"embeddable":true,"href":"https:\/\/www.amstelprinting.nl\/fr\/wp-json\/wp\/v2\/media\/15123"}],"wp:attachment":[{"href":"https:\/\/www.amstelprinting.nl\/fr\/wp-json\/wp\/v2\/media?parent=15122"}],"wp:term":[{"taxonomy":"product_brand","embeddable":true,"href":"https:\/\/www.amstelprinting.nl\/fr\/wp-json\/wp\/v2\/product_brand?post=15122"},{"taxonomy":"product_cat","embeddable":true,"href":"https:\/\/www.amstelprinting.nl\/fr\/wp-json\/wp\/v2\/product_cat?post=15122"},{"taxonomy":"product_tag","embeddable":true,"href":"https:\/\/www.amstelprinting.nl\/fr\/wp-json\/wp\/v2\/product_tag?post=15122"}],"curies":[{"name":"wp","href":"https:\/\/api.w.org\/{rel}","templated":true}]}}