{"id":15133,"date":"2025-01-24T11:23:02","date_gmt":"2025-01-24T10:23:02","guid":{"rendered":"https:\/\/www.amstelprinting.nl\/winkel\/non%20class\u00e9\/detectiepoorthoes\/"},"modified":"2026-02-18T12:51:35","modified_gmt":"2026-02-18T11:51:35","slug":"housse-pour-portique-de-detection","status":"publish","type":"product","link":"https:\/\/www.amstelprinting.nl\/fr\/boutique\/publicite-interieure\/vente-au-detail\/housse-pour-portique-de-detection\/","title":{"rendered":"Housse pour portique de d\u00e9tection"},"content":{"rendered":"<h3>Impression de housse pour portique de d\u00e9tection<\/h3>\n<p>D\u00e9couvrez la polyvalence de notre housse pour portique de d\u00e9tection, \u00e9galement connue sous le nom de housse d&rsquo;alarme. La housse de d\u00e9tection ne prot\u00e8ge pas seulement le portique, elle transmet \u00e9galement votre message de mani\u00e8re professionnelle. Que vous recherchiez la fonctionnalit\u00e9 ou un ajout \u00e9l\u00e9gant \u00e0 votre syst\u00e8me de s\u00e9curit\u00e9 : la housse d&rsquo;alarme le permet ! Adaptez les dimensions \u00e0 votre portique de d\u00e9tection sp\u00e9cifique (voir aussi les instructions de mesure). Vous avez le choix entre diff\u00e9rents motifs pour le recto et le verso.<\/p>\n<h3>Avantages<\/h3>\n<ul>\n<li>Offre protection et style<\/li>\n<li>Impression d&rsquo;une nettet\u00e9 exceptionnelle des deux c\u00f4t\u00e9s<\/li>\n<li>Changement facile d&rsquo;impression par saison ou promotion<\/li>\n<li>Dimensions adaptables \u00e0 votre portique de d\u00e9tection<\/li>\n<li>Certifi\u00e9 B1 (mat\u00e9riau ignifuge)<\/li>\n<\/ul>\n<p>&nbsp;<\/p>\n<h3>Mat\u00e9riau<\/h3>\n<p>Notre housse pour portique de d\u00e9tection est fabriqu\u00e9e en Dekostof, un mat\u00e9riau durable qui assure un bon ajustement et un entretien facile. Le tissu est extensible, ce qui permet de l&rsquo;enfiler facilement sur votre portique de d\u00e9tection. Vous pouvez choisir des fils blancs ou noirs pour adapter la housse \u00e0 l&rsquo;int\u00e9rieur du magasin ou aux couleurs de l&rsquo;entreprise.<\/p>\n<p><strong>S\u00e9curit\u00e9 incendie<\/strong> &#8211; Les housses pour portiques de d\u00e9tection r\u00e9pondent \u00e9galement aux normes de s\u00e9curit\u00e9 incendie gr\u00e2ce au certificat B1. Gr\u00e2ce au mat\u00e9riau extensible, la housse s&rsquo;enfile facilement sur le portique de d\u00e9tection.<\/p>\n<p>Pr\u00eat \u00e0 am\u00e9liorer votre portique de d\u00e9tection ? Donnez un nouvel aspect \u00e0 votre portique de d\u00e9tection avec notre housse polyvalente et fonctionnelle. Non seulement elle prot\u00e8ge votre syst\u00e8me d&rsquo;alarme, mais la housse d&rsquo;alarme imprim\u00e9e embellit \u00e9galement l&rsquo;apparence de chaque entr\u00e9e !<\/p>\n<h3>Foire aux questions sur les housses de portiques de d\u00e9tection<\/h3>\n<p><strong>La housse de d\u00e9tection peut-elle \u00eatre lav\u00e9e ?<\/strong><br \/>\nOui, la housse de d\u00e9tection (housse d&rsquo;alarme) peut \u00eatre lav\u00e9e \u00e0 30 degr\u00e9s avec une lessive d\u00e9licate. Ne convient pas au s\u00e8che-linge !<\/p>\n","protected":false},"excerpt":{"rendered":"<h3>Housse \u00e9lastique avec impression pour portiques de d\u00e9tection.<\/h3>\n<p>Magnifique housse \u00e9lastique dot\u00e9e d&rsquo;une impression recto-verso de votre motif ou image. La housse de d\u00e9tection est \u00e9galement appel\u00e9e housse d&rsquo;alarme et est disponible dans toutes les dimensions souhait\u00e9es (voir aussi les instructions de mesure). Nous imprimons souvent la housse d&rsquo;alarme en 3 jours ouvrables. Configurez votre housse de d\u00e9tection ci-dessous en quelques \u00e9tapes !<\/p>\n","protected":false},"featured_media":15135,"template":"","meta":{"_et_pb_use_builder":"","_et_pb_old_content":"","_et_gb_content_width":""},"product_brand":[],"product_cat":[380,437],"product_tag":[],"class_list":{"0":"post-15133","1":"product","2":"type-product","3":"status-publish","4":"has-post-thumbnail","6":"product_cat-publicite-interieure","7":"product_cat-vente-au-detail","9":"first","10":"instock","11":"taxable","12":"shipping-taxable","13":"purchasable","14":"product-type-simple"},"yoast_head":"<!-- This site is optimized with the Yoast SEO plugin v27.3 - https:\/\/yoast.com\/product\/yoast-seo-wordpress\/ -->\n<title>Housse pour portique de d\u00e9tection \u2013 Prot\u00e9gez et renforcez votre marque avec style<\/title>\n<meta name=\"description\" content=\"Donnez \u00e0 votre portique de s\u00e9curit\u00e9 un aspect professionnel avec une housse de d\u00e9tection personnalis\u00e9e. Impressions recto-verso d&#039;une nettet\u00e9 exceptionnelle, ajustement parfait et ignifuge.\" \/>\n<meta name=\"robots\" content=\"index, follow, max-snippet:-1, max-image-preview:large, max-video-preview:-1\" \/>\n<link rel=\"canonical\" href=\"https:\/\/www.amstelprinting.nl\/fr\/boutique\/publicite-interieure\/vente-au-detail\/housse-pour-portique-de-detection\/\" \/>\n<meta property=\"og:locale\" content=\"fr_FR\" \/>\n<meta property=\"og:type\" content=\"article\" \/>\n<meta property=\"og:title\" content=\"Housse pour portique de d\u00e9tection \u2013 Prot\u00e9gez et renforcez votre marque avec style\" \/>\n<meta property=\"og:description\" content=\"Donnez \u00e0 votre portique de s\u00e9curit\u00e9 un aspect professionnel avec une housse de d\u00e9tection personnalis\u00e9e. Impressions recto-verso d&#039;une nettet\u00e9 exceptionnelle, ajustement parfait et ignifuge.\" \/>\n<meta property=\"og:url\" content=\"https:\/\/www.amstelprinting.nl\/fr\/boutique\/publicite-interieure\/vente-au-detail\/housse-pour-portique-de-detection\/\" \/>\n<meta property=\"og:site_name\" content=\"Amstel Printing\" \/>\n<meta property=\"article:modified_time\" content=\"2026-02-18T11:51:35+00:00\" \/>\n<meta property=\"og:image\" content=\"https:\/\/www.amstelprinting.nl\/wp-content\/uploads\/detectiepoort-hoes-bedrukken-4.png\" \/>\n\t<meta property=\"og:image:width\" content=\"900\" \/>\n\t<meta property=\"og:image:height\" content=\"900\" \/>\n\t<meta property=\"og:image:type\" content=\"image\/png\" \/>\n<meta name=\"twitter:card\" content=\"summary_large_image\" \/>\n<meta name=\"twitter:label1\" content=\"Dur\u00e9e de lecture estim\u00e9e\" \/>\n\t<meta name=\"twitter:data1\" content=\"2 minutes\" \/>\n<script type=\"application\/ld+json\" class=\"yoast-schema-graph\">{\"@context\":\"https:\\\/\\\/schema.org\",\"@graph\":[{\"@type\":\"WebPage\",\"@id\":\"https:\\\/\\\/www.amstelprinting.nl\\\/fr\\\/boutique\\\/publicite-interieure\\\/vente-au-detail\\\/housse-pour-portique-de-detection\\\/\",\"url\":\"https:\\\/\\\/www.amstelprinting.nl\\\/fr\\\/boutique\\\/publicite-interieure\\\/vente-au-detail\\\/housse-pour-portique-de-detection\\\/\",\"name\":\"Housse pour portique de d\u00e9tection \u2013 Prot\u00e9gez et renforcez votre marque avec style\",\"isPartOf\":{\"@id\":\"https:\\\/\\\/www.amstelprinting.nl\\\/fr\\\/#website\"},\"primaryImageOfPage\":{\"@id\":\"https:\\\/\\\/www.amstelprinting.nl\\\/fr\\\/boutique\\\/publicite-interieure\\\/vente-au-detail\\\/housse-pour-portique-de-detection\\\/#primaryimage\"},\"image\":{\"@id\":\"https:\\\/\\\/www.amstelprinting.nl\\\/fr\\\/boutique\\\/publicite-interieure\\\/vente-au-detail\\\/housse-pour-portique-de-detection\\\/#primaryimage\"},\"thumbnailUrl\":\"https:\\\/\\\/www.amstelprinting.nl\\\/wp-content\\\/uploads\\\/detectiepoort-hoes-bedrukken-4.png\",\"datePublished\":\"2025-01-24T10:23:02+00:00\",\"dateModified\":\"2026-02-18T11:51:35+00:00\",\"description\":\"Donnez \u00e0 votre portique de s\u00e9curit\u00e9 un aspect professionnel avec une housse de d\u00e9tection personnalis\u00e9e. Impressions recto-verso d'une nettet\u00e9 exceptionnelle, ajustement parfait et ignifuge.\",\"breadcrumb\":{\"@id\":\"https:\\\/\\\/www.amstelprinting.nl\\\/fr\\\/boutique\\\/publicite-interieure\\\/vente-au-detail\\\/housse-pour-portique-de-detection\\\/#breadcrumb\"},\"inLanguage\":\"fr-FR\",\"potentialAction\":[{\"@type\":\"ReadAction\",\"target\":[\"https:\\\/\\\/www.amstelprinting.nl\\\/fr\\\/boutique\\\/publicite-interieure\\\/vente-au-detail\\\/housse-pour-portique-de-detection\\\/\"]}]},{\"@type\":\"ImageObject\",\"inLanguage\":\"fr-FR\",\"@id\":\"https:\\\/\\\/www.amstelprinting.nl\\\/fr\\\/boutique\\\/publicite-interieure\\\/vente-au-detail\\\/housse-pour-portique-de-detection\\\/#primaryimage\",\"url\":\"https:\\\/\\\/www.amstelprinting.nl\\\/wp-content\\\/uploads\\\/detectiepoort-hoes-bedrukken-4.png\",\"contentUrl\":\"https:\\\/\\\/www.amstelprinting.nl\\\/wp-content\\\/uploads\\\/detectiepoort-hoes-bedrukken-4.png\",\"width\":900,\"height\":900},{\"@type\":\"BreadcrumbList\",\"@id\":\"https:\\\/\\\/www.amstelprinting.nl\\\/fr\\\/boutique\\\/publicite-interieure\\\/vente-au-detail\\\/housse-pour-portique-de-detection\\\/#breadcrumb\",\"itemListElement\":[{\"@type\":\"ListItem\",\"position\":1,\"name\":\"\",\"item\":\"https:\\\/\\\/www.amstelprinting.nl\\\/fr\\\/\"},{\"@type\":\"ListItem\",\"position\":2,\"name\":\"Amstel Printing\",\"item\":\"https:\\\/\\\/www.amstelprinting.nl\\\/fr\\\/boutique\\\/\"},{\"@type\":\"ListItem\",\"position\":3,\"name\":\"Publicit\u00e9 int\u00e9rieure\",\"item\":\"https:\\\/\\\/www.amstelprinting.nl\\\/fr\\\/categorie\\\/publicite-interieure\\\/\"},{\"@type\":\"ListItem\",\"position\":4,\"name\":\"Vente au d\u00e9tail\",\"item\":\"https:\\\/\\\/www.amstelprinting.nl\\\/fr\\\/categorie\\\/publicite-interieure\\\/vente-au-detail\\\/\"},{\"@type\":\"ListItem\",\"position\":5,\"name\":\"Housse pour portique de d\u00e9tection\"}]},{\"@type\":\"WebSite\",\"@id\":\"https:\\\/\\\/www.amstelprinting.nl\\\/fr\\\/#website\",\"url\":\"https:\\\/\\\/www.amstelprinting.nl\\\/fr\\\/\",\"name\":\"Amstel Printing\",\"description\":\"Creating Exposure\",\"publisher\":{\"@id\":\"https:\\\/\\\/www.amstelprinting.nl\\\/fr\\\/#organization\"},\"potentialAction\":[{\"@type\":\"SearchAction\",\"target\":{\"@type\":\"EntryPoint\",\"urlTemplate\":\"https:\\\/\\\/www.amstelprinting.nl\\\/fr\\\/?s={search_term_string}\"},\"query-input\":{\"@type\":\"PropertyValueSpecification\",\"valueRequired\":true,\"valueName\":\"search_term_string\"}}],\"inLanguage\":\"fr-FR\"},{\"@type\":\"Organization\",\"@id\":\"https:\\\/\\\/www.amstelprinting.nl\\\/fr\\\/#organization\",\"name\":\"Amstel Printing\",\"url\":\"https:\\\/\\\/www.amstelprinting.nl\\\/fr\\\/\",\"logo\":{\"@type\":\"ImageObject\",\"inLanguage\":\"fr-FR\",\"@id\":\"https:\\\/\\\/www.amstelprinting.nl\\\/fr\\\/#\\\/schema\\\/logo\\\/image\\\/\",\"url\":\"https:\\\/\\\/www.amstelprinting.nl\\\/wp-content\\\/uploads\\\/amstel_printing_logo_clean.png\",\"contentUrl\":\"https:\\\/\\\/www.amstelprinting.nl\\\/wp-content\\\/uploads\\\/amstel_printing_logo_clean.png\",\"width\":324,\"height\":73,\"caption\":\"Amstel Printing\"},\"image\":{\"@id\":\"https:\\\/\\\/www.amstelprinting.nl\\\/fr\\\/#\\\/schema\\\/logo\\\/image\\\/\"}}]}<\/script>\n<!-- \/ Yoast SEO plugin. -->","yoast_head_json":{"title":"Housse pour portique de d\u00e9tection \u2013 Prot\u00e9gez et renforcez votre marque avec style","description":"Donnez \u00e0 votre portique de s\u00e9curit\u00e9 un aspect professionnel avec une housse de d\u00e9tection personnalis\u00e9e. Impressions recto-verso d'une nettet\u00e9 exceptionnelle, ajustement parfait et ignifuge.","robots":{"index":"index","follow":"follow","max-snippet":"max-snippet:-1","max-image-preview":"max-image-preview:large","max-video-preview":"max-video-preview:-1"},"canonical":"https:\/\/www.amstelprinting.nl\/fr\/boutique\/publicite-interieure\/vente-au-detail\/housse-pour-portique-de-detection\/","og_locale":"fr_FR","og_type":"article","og_title":"Housse pour portique de d\u00e9tection \u2013 Prot\u00e9gez et renforcez votre marque avec style","og_description":"Donnez \u00e0 votre portique de s\u00e9curit\u00e9 un aspect professionnel avec une housse de d\u00e9tection personnalis\u00e9e. Impressions recto-verso d'une nettet\u00e9 exceptionnelle, ajustement parfait et ignifuge.","og_url":"https:\/\/www.amstelprinting.nl\/fr\/boutique\/publicite-interieure\/vente-au-detail\/housse-pour-portique-de-detection\/","og_site_name":"Amstel Printing","article_modified_time":"2026-02-18T11:51:35+00:00","og_image":[{"width":900,"height":900,"url":"https:\/\/www.amstelprinting.nl\/wp-content\/uploads\/detectiepoort-hoes-bedrukken-4.png","type":"image\/png"}],"twitter_card":"summary_large_image","twitter_misc":{"Dur\u00e9e de lecture estim\u00e9e":"2 minutes"},"schema":{"@context":"https:\/\/schema.org","@graph":[{"@type":"WebPage","@id":"https:\/\/www.amstelprinting.nl\/fr\/boutique\/publicite-interieure\/vente-au-detail\/housse-pour-portique-de-detection\/","url":"https:\/\/www.amstelprinting.nl\/fr\/boutique\/publicite-interieure\/vente-au-detail\/housse-pour-portique-de-detection\/","name":"Housse pour portique de d\u00e9tection \u2013 Prot\u00e9gez et renforcez votre marque avec style","isPartOf":{"@id":"https:\/\/www.amstelprinting.nl\/fr\/#website"},"primaryImageOfPage":{"@id":"https:\/\/www.amstelprinting.nl\/fr\/boutique\/publicite-interieure\/vente-au-detail\/housse-pour-portique-de-detection\/#primaryimage"},"image":{"@id":"https:\/\/www.amstelprinting.nl\/fr\/boutique\/publicite-interieure\/vente-au-detail\/housse-pour-portique-de-detection\/#primaryimage"},"thumbnailUrl":"https:\/\/www.amstelprinting.nl\/wp-content\/uploads\/detectiepoort-hoes-bedrukken-4.png","datePublished":"2025-01-24T10:23:02+00:00","dateModified":"2026-02-18T11:51:35+00:00","description":"Donnez \u00e0 votre portique de s\u00e9curit\u00e9 un aspect professionnel avec une housse de d\u00e9tection personnalis\u00e9e. Impressions recto-verso d'une nettet\u00e9 exceptionnelle, ajustement parfait et ignifuge.","breadcrumb":{"@id":"https:\/\/www.amstelprinting.nl\/fr\/boutique\/publicite-interieure\/vente-au-detail\/housse-pour-portique-de-detection\/#breadcrumb"},"inLanguage":"fr-FR","potentialAction":[{"@type":"ReadAction","target":["https:\/\/www.amstelprinting.nl\/fr\/boutique\/publicite-interieure\/vente-au-detail\/housse-pour-portique-de-detection\/"]}]},{"@type":"ImageObject","inLanguage":"fr-FR","@id":"https:\/\/www.amstelprinting.nl\/fr\/boutique\/publicite-interieure\/vente-au-detail\/housse-pour-portique-de-detection\/#primaryimage","url":"https:\/\/www.amstelprinting.nl\/wp-content\/uploads\/detectiepoort-hoes-bedrukken-4.png","contentUrl":"https:\/\/www.amstelprinting.nl\/wp-content\/uploads\/detectiepoort-hoes-bedrukken-4.png","width":900,"height":900},{"@type":"BreadcrumbList","@id":"https:\/\/www.amstelprinting.nl\/fr\/boutique\/publicite-interieure\/vente-au-detail\/housse-pour-portique-de-detection\/#breadcrumb","itemListElement":[{"@type":"ListItem","position":1,"name":"","item":"https:\/\/www.amstelprinting.nl\/fr\/"},{"@type":"ListItem","position":2,"name":"Amstel Printing","item":"https:\/\/www.amstelprinting.nl\/fr\/boutique\/"},{"@type":"ListItem","position":3,"name":"Publicit\u00e9 int\u00e9rieure","item":"https:\/\/www.amstelprinting.nl\/fr\/categorie\/publicite-interieure\/"},{"@type":"ListItem","position":4,"name":"Vente au d\u00e9tail","item":"https:\/\/www.amstelprinting.nl\/fr\/categorie\/publicite-interieure\/vente-au-detail\/"},{"@type":"ListItem","position":5,"name":"Housse pour portique de d\u00e9tection"}]},{"@type":"WebSite","@id":"https:\/\/www.amstelprinting.nl\/fr\/#website","url":"https:\/\/www.amstelprinting.nl\/fr\/","name":"Amstel Printing","description":"Creating Exposure","publisher":{"@id":"https:\/\/www.amstelprinting.nl\/fr\/#organization"},"potentialAction":[{"@type":"SearchAction","target":{"@type":"EntryPoint","urlTemplate":"https:\/\/www.amstelprinting.nl\/fr\/?s={search_term_string}"},"query-input":{"@type":"PropertyValueSpecification","valueRequired":true,"valueName":"search_term_string"}}],"inLanguage":"fr-FR"},{"@type":"Organization","@id":"https:\/\/www.amstelprinting.nl\/fr\/#organization","name":"Amstel Printing","url":"https:\/\/www.amstelprinting.nl\/fr\/","logo":{"@type":"ImageObject","inLanguage":"fr-FR","@id":"https:\/\/www.amstelprinting.nl\/fr\/#\/schema\/logo\/image\/","url":"https:\/\/www.amstelprinting.nl\/wp-content\/uploads\/amstel_printing_logo_clean.png","contentUrl":"https:\/\/www.amstelprinting.nl\/wp-content\/uploads\/amstel_printing_logo_clean.png","width":324,"height":73,"caption":"Amstel Printing"},"image":{"@id":"https:\/\/www.amstelprinting.nl\/fr\/#\/schema\/logo\/image\/"}}]}},"_links":{"self":[{"href":"https:\/\/www.amstelprinting.nl\/fr\/wp-json\/wp\/v2\/product\/15133","targetHints":{"allow":["GET"]}}],"collection":[{"href":"https:\/\/www.amstelprinting.nl\/fr\/wp-json\/wp\/v2\/product"}],"about":[{"href":"https:\/\/www.amstelprinting.nl\/fr\/wp-json\/wp\/v2\/types\/product"}],"wp:featuredmedia":[{"embeddable":true,"href":"https:\/\/www.amstelprinting.nl\/fr\/wp-json\/wp\/v2\/media\/15135"}],"wp:attachment":[{"href":"https:\/\/www.amstelprinting.nl\/fr\/wp-json\/wp\/v2\/media?parent=15133"}],"wp:term":[{"taxonomy":"product_brand","embeddable":true,"href":"https:\/\/www.amstelprinting.nl\/fr\/wp-json\/wp\/v2\/product_brand?post=15133"},{"taxonomy":"product_cat","embeddable":true,"href":"https:\/\/www.amstelprinting.nl\/fr\/wp-json\/wp\/v2\/product_cat?post=15133"},{"taxonomy":"product_tag","embeddable":true,"href":"https:\/\/www.amstelprinting.nl\/fr\/wp-json\/wp\/v2\/product_tag?post=15133"}],"curies":[{"name":"wp","href":"https:\/\/api.w.org\/{rel}","templated":true}]}}