{"id":15147,"date":"2025-01-24T11:22:55","date_gmt":"2025-01-24T10:22:55","guid":{"rendered":"https:\/\/www.amstelprinting.nl\/winkel\/non%20class\u00e9\/gebogen-pop-up-wand\/"},"modified":"2026-02-18T12:51:35","modified_gmt":"2026-02-18T11:51:35","slug":"mur-dimage-pop-up-courbe","status":"publish","type":"product","link":"https:\/\/www.amstelprinting.nl\/fr\/boutique\/salon-et-evenement\/murs-dexposition\/mur-dimage-pop-up-courbe\/","title":{"rendered":"Mur d&rsquo;image pop-up courbe"},"content":{"rendered":"<h3>Formats : Medium ou Large<\/h3>\n<p>Choisissez parmi deux formats :<\/p>\n<ul>\n<li>Medium, avec une impression de 335,8 cm x 225,6 cm<\/li>\n<li>Large, avec une impression de 405,8 cm x 225,6 cm<\/li>\n<\/ul>\n<p>&nbsp;<\/p>\n<h3>Impression du mur pop-up courbe : mod\u00e8les<\/h3>\n<p>Dans la section T\u00e9l\u00e9chargements, vous pouvez t\u00e9l\u00e9charger les mod\u00e8les pour les deux dimensions. Vous pouvez \u00e9galement t\u00e9l\u00e9charger facilement votre design lors du processus de commande. Optez pour votre propre design ou photo, ou choisissez l&rsquo;un de nos 20 000 motifs standards.<\/p>\n<h3>Mat\u00e9riau du syst\u00e8me<\/h3>\n<p>Notre mur pop-up courbe est fabriqu\u00e9 en PVC flexible de haute qualit\u00e9, un mat\u00e9riau qui excelle tant par sa flexibilit\u00e9 que par sa durabilit\u00e9. Le mat\u00e9riau est \u00e9galement facile \u00e0 entretenir et \u00e0 nettoyer, ce qui le rend id\u00e9al pour une r\u00e9utilisation et un usage prolong\u00e9.<\/p>\n<h3>Installation du mur pop-up courbe<\/h3>\n<p>Chaque mur pop-up est soigneusement fini avec un profil de suspension et des bandes magn\u00e9tiques. Cela garantit un montage rapide et facile, o\u00f9 le visuel reste parfaitement en place et offre une pr\u00e9sentation soign\u00e9e sans plis ni froissements.<\/p>\n<h3>Rangement et transport<\/h3>\n<p>Le mur de stand pop-up courbe est livr\u00e9 avec un trolley roulant, vous permettant de le transporter facilement vers votre prochain \u00e9v\u00e9nement ou salon. De plus, divers accessoires sont disponibles, notamment des \u00e9clairages LED pour une visibilit\u00e9 optimale.<\/p>\n","protected":false},"excerpt":{"rendered":"<h3>Mur de pr\u00e9sentation complet. Compact : trolley inclus.<\/h3>\n<p>Impressionnez votre public avec notre mur pop-up courbe, une combinaison parfaite de simplicit\u00e9 et d&rsquo;impact. Le mur de stand courbe est con\u00e7u pour une installation sans effort et est \u00e9galement facile \u00e0 transporter gr\u00e2ce au trolley inclus. Choisissez entre un set complet avec visuel et structure, ou commandez uniquement un visuel s\u00e9par\u00e9.<\/p>\n","protected":false},"featured_media":15148,"template":"","meta":{"_et_pb_use_builder":"","_et_pb_old_content":"","_et_gb_content_width":""},"product_brand":[],"product_cat":[413,428],"product_tag":[],"class_list":{"0":"post-15147","1":"product","2":"type-product","3":"status-publish","4":"has-post-thumbnail","6":"product_cat-murs-dexposition","7":"product_cat-salon-et-evenement","9":"first","10":"instock","11":"taxable","12":"shipping-taxable","13":"purchasable","14":"product-type-simple"},"yoast_head":"<!-- This site is optimized with the Yoast SEO plugin v27.3 - https:\/\/yoast.com\/product\/yoast-seo-wordpress\/ -->\n<title>Mur d&#039;image pop-up courbe \u2013 Installation rapide &amp; Pr\u00e9sentation professionnelle<\/title>\n<meta name=\"description\" content=\"Cr\u00e9ez une exp\u00e9rience de marque impressionnante avec le mur d&#039;image pop-up courbe flexible. Impressions full color \u00e9clatantes \u2013 parfaites pour tout \u00e9v\u00e9nement professionnel.\" \/>\n<meta name=\"robots\" content=\"index, follow, max-snippet:-1, max-image-preview:large, max-video-preview:-1\" \/>\n<link rel=\"canonical\" href=\"https:\/\/www.amstelprinting.nl\/fr\/boutique\/salon-et-evenement\/murs-dexposition\/mur-dimage-pop-up-courbe\/\" \/>\n<meta property=\"og:locale\" content=\"fr_FR\" \/>\n<meta property=\"og:type\" content=\"article\" \/>\n<meta property=\"og:title\" content=\"Mur d&#039;image pop-up courbe \u2013 Installation rapide &amp; Pr\u00e9sentation professionnelle\" \/>\n<meta property=\"og:description\" content=\"Cr\u00e9ez une exp\u00e9rience de marque impressionnante avec le mur d&#039;image pop-up courbe flexible. Impressions full color \u00e9clatantes \u2013 parfaites pour tout \u00e9v\u00e9nement professionnel.\" \/>\n<meta property=\"og:url\" content=\"https:\/\/www.amstelprinting.nl\/fr\/boutique\/salon-et-evenement\/murs-dexposition\/mur-dimage-pop-up-courbe\/\" \/>\n<meta property=\"og:site_name\" content=\"Amstel Printing\" \/>\n<meta property=\"article:modified_time\" content=\"2026-02-18T11:51:35+00:00\" \/>\n<meta property=\"og:image\" content=\"https:\/\/www.amstelprinting.nl\/wp-content\/uploads\/gebogen-pop-up-wand-bedrukken.png\" \/>\n\t<meta property=\"og:image:width\" content=\"900\" \/>\n\t<meta property=\"og:image:height\" content=\"900\" \/>\n\t<meta property=\"og:image:type\" content=\"image\/png\" \/>\n<meta name=\"twitter:card\" content=\"summary_large_image\" \/>\n<meta name=\"twitter:label1\" content=\"Dur\u00e9e de lecture estim\u00e9e\" \/>\n\t<meta name=\"twitter:data1\" content=\"1 minute\" \/>\n<script type=\"application\/ld+json\" class=\"yoast-schema-graph\">{\"@context\":\"https:\\\/\\\/schema.org\",\"@graph\":[{\"@type\":\"WebPage\",\"@id\":\"https:\\\/\\\/www.amstelprinting.nl\\\/fr\\\/boutique\\\/salon-et-evenement\\\/murs-dexposition\\\/mur-dimage-pop-up-courbe\\\/\",\"url\":\"https:\\\/\\\/www.amstelprinting.nl\\\/fr\\\/boutique\\\/salon-et-evenement\\\/murs-dexposition\\\/mur-dimage-pop-up-courbe\\\/\",\"name\":\"Mur d'image pop-up courbe \u2013 Installation rapide & Pr\u00e9sentation professionnelle\",\"isPartOf\":{\"@id\":\"https:\\\/\\\/www.amstelprinting.nl\\\/fr\\\/#website\"},\"primaryImageOfPage\":{\"@id\":\"https:\\\/\\\/www.amstelprinting.nl\\\/fr\\\/boutique\\\/salon-et-evenement\\\/murs-dexposition\\\/mur-dimage-pop-up-courbe\\\/#primaryimage\"},\"image\":{\"@id\":\"https:\\\/\\\/www.amstelprinting.nl\\\/fr\\\/boutique\\\/salon-et-evenement\\\/murs-dexposition\\\/mur-dimage-pop-up-courbe\\\/#primaryimage\"},\"thumbnailUrl\":\"https:\\\/\\\/www.amstelprinting.nl\\\/wp-content\\\/uploads\\\/gebogen-pop-up-wand-bedrukken.png\",\"datePublished\":\"2025-01-24T10:22:55+00:00\",\"dateModified\":\"2026-02-18T11:51:35+00:00\",\"description\":\"Cr\u00e9ez une exp\u00e9rience de marque impressionnante avec le mur d'image pop-up courbe flexible. Impressions full color \u00e9clatantes \u2013 parfaites pour tout \u00e9v\u00e9nement professionnel.\",\"breadcrumb\":{\"@id\":\"https:\\\/\\\/www.amstelprinting.nl\\\/fr\\\/boutique\\\/salon-et-evenement\\\/murs-dexposition\\\/mur-dimage-pop-up-courbe\\\/#breadcrumb\"},\"inLanguage\":\"fr-FR\",\"potentialAction\":[{\"@type\":\"ReadAction\",\"target\":[\"https:\\\/\\\/www.amstelprinting.nl\\\/fr\\\/boutique\\\/salon-et-evenement\\\/murs-dexposition\\\/mur-dimage-pop-up-courbe\\\/\"]}]},{\"@type\":\"ImageObject\",\"inLanguage\":\"fr-FR\",\"@id\":\"https:\\\/\\\/www.amstelprinting.nl\\\/fr\\\/boutique\\\/salon-et-evenement\\\/murs-dexposition\\\/mur-dimage-pop-up-courbe\\\/#primaryimage\",\"url\":\"https:\\\/\\\/www.amstelprinting.nl\\\/wp-content\\\/uploads\\\/gebogen-pop-up-wand-bedrukken.png\",\"contentUrl\":\"https:\\\/\\\/www.amstelprinting.nl\\\/wp-content\\\/uploads\\\/gebogen-pop-up-wand-bedrukken.png\",\"width\":900,\"height\":900},{\"@type\":\"BreadcrumbList\",\"@id\":\"https:\\\/\\\/www.amstelprinting.nl\\\/fr\\\/boutique\\\/salon-et-evenement\\\/murs-dexposition\\\/mur-dimage-pop-up-courbe\\\/#breadcrumb\",\"itemListElement\":[{\"@type\":\"ListItem\",\"position\":1,\"name\":\"\",\"item\":\"https:\\\/\\\/www.amstelprinting.nl\\\/fr\\\/\"},{\"@type\":\"ListItem\",\"position\":2,\"name\":\"Amstel Printing\",\"item\":\"https:\\\/\\\/www.amstelprinting.nl\\\/fr\\\/boutique\\\/\"},{\"@type\":\"ListItem\",\"position\":3,\"name\":\"Salon et \u00e9v\u00e9nement\",\"item\":\"https:\\\/\\\/www.amstelprinting.nl\\\/fr\\\/categorie\\\/salon-et-evenement\\\/\"},{\"@type\":\"ListItem\",\"position\":4,\"name\":\"Murs d'exposition\",\"item\":\"https:\\\/\\\/www.amstelprinting.nl\\\/fr\\\/categorie\\\/salon-et-evenement\\\/murs-dexposition\\\/\"},{\"@type\":\"ListItem\",\"position\":5,\"name\":\"Mur d&rsquo;image pop-up courbe\"}]},{\"@type\":\"WebSite\",\"@id\":\"https:\\\/\\\/www.amstelprinting.nl\\\/fr\\\/#website\",\"url\":\"https:\\\/\\\/www.amstelprinting.nl\\\/fr\\\/\",\"name\":\"Amstel Printing\",\"description\":\"Creating Exposure\",\"publisher\":{\"@id\":\"https:\\\/\\\/www.amstelprinting.nl\\\/fr\\\/#organization\"},\"potentialAction\":[{\"@type\":\"SearchAction\",\"target\":{\"@type\":\"EntryPoint\",\"urlTemplate\":\"https:\\\/\\\/www.amstelprinting.nl\\\/fr\\\/?s={search_term_string}\"},\"query-input\":{\"@type\":\"PropertyValueSpecification\",\"valueRequired\":true,\"valueName\":\"search_term_string\"}}],\"inLanguage\":\"fr-FR\"},{\"@type\":\"Organization\",\"@id\":\"https:\\\/\\\/www.amstelprinting.nl\\\/fr\\\/#organization\",\"name\":\"Amstel Printing\",\"url\":\"https:\\\/\\\/www.amstelprinting.nl\\\/fr\\\/\",\"logo\":{\"@type\":\"ImageObject\",\"inLanguage\":\"fr-FR\",\"@id\":\"https:\\\/\\\/www.amstelprinting.nl\\\/fr\\\/#\\\/schema\\\/logo\\\/image\\\/\",\"url\":\"https:\\\/\\\/www.amstelprinting.nl\\\/wp-content\\\/uploads\\\/amstel_printing_logo_clean.png\",\"contentUrl\":\"https:\\\/\\\/www.amstelprinting.nl\\\/wp-content\\\/uploads\\\/amstel_printing_logo_clean.png\",\"width\":324,\"height\":73,\"caption\":\"Amstel Printing\"},\"image\":{\"@id\":\"https:\\\/\\\/www.amstelprinting.nl\\\/fr\\\/#\\\/schema\\\/logo\\\/image\\\/\"}}]}<\/script>\n<!-- \/ Yoast SEO plugin. -->","yoast_head_json":{"title":"Mur d'image pop-up courbe \u2013 Installation rapide & Pr\u00e9sentation professionnelle","description":"Cr\u00e9ez une exp\u00e9rience de marque impressionnante avec le mur d'image pop-up courbe flexible. Impressions full color \u00e9clatantes \u2013 parfaites pour tout \u00e9v\u00e9nement professionnel.","robots":{"index":"index","follow":"follow","max-snippet":"max-snippet:-1","max-image-preview":"max-image-preview:large","max-video-preview":"max-video-preview:-1"},"canonical":"https:\/\/www.amstelprinting.nl\/fr\/boutique\/salon-et-evenement\/murs-dexposition\/mur-dimage-pop-up-courbe\/","og_locale":"fr_FR","og_type":"article","og_title":"Mur d'image pop-up courbe \u2013 Installation rapide & Pr\u00e9sentation professionnelle","og_description":"Cr\u00e9ez une exp\u00e9rience de marque impressionnante avec le mur d'image pop-up courbe flexible. Impressions full color \u00e9clatantes \u2013 parfaites pour tout \u00e9v\u00e9nement professionnel.","og_url":"https:\/\/www.amstelprinting.nl\/fr\/boutique\/salon-et-evenement\/murs-dexposition\/mur-dimage-pop-up-courbe\/","og_site_name":"Amstel Printing","article_modified_time":"2026-02-18T11:51:35+00:00","og_image":[{"width":900,"height":900,"url":"https:\/\/www.amstelprinting.nl\/wp-content\/uploads\/gebogen-pop-up-wand-bedrukken.png","type":"image\/png"}],"twitter_card":"summary_large_image","twitter_misc":{"Dur\u00e9e de lecture estim\u00e9e":"1 minute"},"schema":{"@context":"https:\/\/schema.org","@graph":[{"@type":"WebPage","@id":"https:\/\/www.amstelprinting.nl\/fr\/boutique\/salon-et-evenement\/murs-dexposition\/mur-dimage-pop-up-courbe\/","url":"https:\/\/www.amstelprinting.nl\/fr\/boutique\/salon-et-evenement\/murs-dexposition\/mur-dimage-pop-up-courbe\/","name":"Mur d'image pop-up courbe \u2013 Installation rapide & Pr\u00e9sentation professionnelle","isPartOf":{"@id":"https:\/\/www.amstelprinting.nl\/fr\/#website"},"primaryImageOfPage":{"@id":"https:\/\/www.amstelprinting.nl\/fr\/boutique\/salon-et-evenement\/murs-dexposition\/mur-dimage-pop-up-courbe\/#primaryimage"},"image":{"@id":"https:\/\/www.amstelprinting.nl\/fr\/boutique\/salon-et-evenement\/murs-dexposition\/mur-dimage-pop-up-courbe\/#primaryimage"},"thumbnailUrl":"https:\/\/www.amstelprinting.nl\/wp-content\/uploads\/gebogen-pop-up-wand-bedrukken.png","datePublished":"2025-01-24T10:22:55+00:00","dateModified":"2026-02-18T11:51:35+00:00","description":"Cr\u00e9ez une exp\u00e9rience de marque impressionnante avec le mur d'image pop-up courbe flexible. Impressions full color \u00e9clatantes \u2013 parfaites pour tout \u00e9v\u00e9nement professionnel.","breadcrumb":{"@id":"https:\/\/www.amstelprinting.nl\/fr\/boutique\/salon-et-evenement\/murs-dexposition\/mur-dimage-pop-up-courbe\/#breadcrumb"},"inLanguage":"fr-FR","potentialAction":[{"@type":"ReadAction","target":["https:\/\/www.amstelprinting.nl\/fr\/boutique\/salon-et-evenement\/murs-dexposition\/mur-dimage-pop-up-courbe\/"]}]},{"@type":"ImageObject","inLanguage":"fr-FR","@id":"https:\/\/www.amstelprinting.nl\/fr\/boutique\/salon-et-evenement\/murs-dexposition\/mur-dimage-pop-up-courbe\/#primaryimage","url":"https:\/\/www.amstelprinting.nl\/wp-content\/uploads\/gebogen-pop-up-wand-bedrukken.png","contentUrl":"https:\/\/www.amstelprinting.nl\/wp-content\/uploads\/gebogen-pop-up-wand-bedrukken.png","width":900,"height":900},{"@type":"BreadcrumbList","@id":"https:\/\/www.amstelprinting.nl\/fr\/boutique\/salon-et-evenement\/murs-dexposition\/mur-dimage-pop-up-courbe\/#breadcrumb","itemListElement":[{"@type":"ListItem","position":1,"name":"","item":"https:\/\/www.amstelprinting.nl\/fr\/"},{"@type":"ListItem","position":2,"name":"Amstel Printing","item":"https:\/\/www.amstelprinting.nl\/fr\/boutique\/"},{"@type":"ListItem","position":3,"name":"Salon et \u00e9v\u00e9nement","item":"https:\/\/www.amstelprinting.nl\/fr\/categorie\/salon-et-evenement\/"},{"@type":"ListItem","position":4,"name":"Murs d'exposition","item":"https:\/\/www.amstelprinting.nl\/fr\/categorie\/salon-et-evenement\/murs-dexposition\/"},{"@type":"ListItem","position":5,"name":"Mur d&rsquo;image pop-up courbe"}]},{"@type":"WebSite","@id":"https:\/\/www.amstelprinting.nl\/fr\/#website","url":"https:\/\/www.amstelprinting.nl\/fr\/","name":"Amstel Printing","description":"Creating Exposure","publisher":{"@id":"https:\/\/www.amstelprinting.nl\/fr\/#organization"},"potentialAction":[{"@type":"SearchAction","target":{"@type":"EntryPoint","urlTemplate":"https:\/\/www.amstelprinting.nl\/fr\/?s={search_term_string}"},"query-input":{"@type":"PropertyValueSpecification","valueRequired":true,"valueName":"search_term_string"}}],"inLanguage":"fr-FR"},{"@type":"Organization","@id":"https:\/\/www.amstelprinting.nl\/fr\/#organization","name":"Amstel Printing","url":"https:\/\/www.amstelprinting.nl\/fr\/","logo":{"@type":"ImageObject","inLanguage":"fr-FR","@id":"https:\/\/www.amstelprinting.nl\/fr\/#\/schema\/logo\/image\/","url":"https:\/\/www.amstelprinting.nl\/wp-content\/uploads\/amstel_printing_logo_clean.png","contentUrl":"https:\/\/www.amstelprinting.nl\/wp-content\/uploads\/amstel_printing_logo_clean.png","width":324,"height":73,"caption":"Amstel Printing"},"image":{"@id":"https:\/\/www.amstelprinting.nl\/fr\/#\/schema\/logo\/image\/"}}]}},"_links":{"self":[{"href":"https:\/\/www.amstelprinting.nl\/fr\/wp-json\/wp\/v2\/product\/15147","targetHints":{"allow":["GET"]}}],"collection":[{"href":"https:\/\/www.amstelprinting.nl\/fr\/wp-json\/wp\/v2\/product"}],"about":[{"href":"https:\/\/www.amstelprinting.nl\/fr\/wp-json\/wp\/v2\/types\/product"}],"wp:featuredmedia":[{"embeddable":true,"href":"https:\/\/www.amstelprinting.nl\/fr\/wp-json\/wp\/v2\/media\/15148"}],"wp:attachment":[{"href":"https:\/\/www.amstelprinting.nl\/fr\/wp-json\/wp\/v2\/media?parent=15147"}],"wp:term":[{"taxonomy":"product_brand","embeddable":true,"href":"https:\/\/www.amstelprinting.nl\/fr\/wp-json\/wp\/v2\/product_brand?post=15147"},{"taxonomy":"product_cat","embeddable":true,"href":"https:\/\/www.amstelprinting.nl\/fr\/wp-json\/wp\/v2\/product_cat?post=15147"},{"taxonomy":"product_tag","embeddable":true,"href":"https:\/\/www.amstelprinting.nl\/fr\/wp-json\/wp\/v2\/product_tag?post=15147"}],"curies":[{"name":"wp","href":"https:\/\/api.w.org\/{rel}","templated":true}]}}