{"id":15177,"date":"2025-01-24T11:22:32","date_gmt":"2025-01-24T10:22:32","guid":{"rendered":"https:\/\/www.amstelprinting.nl\/winkel\/non%20class\u00e9\/beursframe\/"},"modified":"2026-02-18T12:51:37","modified_gmt":"2026-02-18T11:51:37","slug":"cadre-dexposition","status":"publish","type":"product","link":"https:\/\/www.amstelprinting.nl\/fr\/boutique\/salon-et-evenement\/murs-dexposition\/cadre-dexposition\/","title":{"rendered":"Cadre d&rsquo;exposition"},"content":{"rendered":"<h3>Commander un cadre d&rsquo;exposition<\/h3>\n<p>Que vous choisissiez un kit complet, une toile seule ou seulement un cadre, notre cadre d&rsquo;exposition imprim\u00e9 offre flexibilit\u00e9, qualit\u00e9 et style. Avec diff\u00e9rents formats, versions et la possibilit\u00e9 d&rsquo;un design personnalis\u00e9, le cadre d&rsquo;exposition garantit que votre marque est toujours bien visible. Vous tendez facilement la toile avec des tendeurs (disponibles en option).<\/p>\n<h3>Avantages du cadre d&rsquo;exposition<\/h3>\n<ul>\n<li>Disponible en trois formats<\/li>\n<li>Choisissez une impression simple face ou recto-verso<\/li>\n<li>T\u00e9l\u00e9chargez facilement votre design<\/li>\n<li>Flexible : commandez facilement une impression s\u00e9par\u00e9e<\/li>\n<li>Livraison ultra-rapide<\/li>\n<li>\u00c9conomique : gr\u00e2ce aux 3 formats fixes<\/li>\n<\/ul>\n<p>&nbsp;<\/p>\n<h3>Formats et mat\u00e9riaux<\/h3>\n<p>Nos cadres d&rsquo;exposition sont disponibles en trois formats pratiques : S (200 x 200 cm), M (300 x 200 cm) et L (400 x 200 cm). Vous avez le choix de faire imprimer votre toile en simple face ou recto-verso. Pour l&rsquo;impression simple face, le mat\u00e9riau Banner 510 est utilis\u00e9. Banner 510 est une toile PVC avec une finition brillante, id\u00e9ale pour des impressions \u00e9clatantes et adapt\u00e9e \u00e0 une utilisation en ext\u00e9rieur gr\u00e2ce \u00e0 ses propri\u00e9t\u00e9s hydrofuges. Banner 610 est utilis\u00e9 pour l&rsquo;impression recto-verso. Il s&rsquo;agit d&rsquo;une toile PVC de tr\u00e8s haute qualit\u00e9 et robuste, adapt\u00e9e \u00e0 toutes les conditions m\u00e9t\u00e9orologiques. C&rsquo;est un mat\u00e9riau durable sur lequel les impressions ressortent parfaitement. Il a un aspect mat et peut \u00eatre imprim\u00e9 des deux c\u00f4t\u00e9s gr\u00e2ce \u00e0 sa fonction occultante (ne laisse pas passer la lumi\u00e8re).<\/p>\n<h3>Accessoires<\/h3>\n<p>Compl\u00e9tez votre cadre d&rsquo;exposition avec nos tendeurs \u00e0 crochet \u00e9lastique. Ces accessoires permettent \u00e0 la toile de rester tendue de mani\u00e8re tendue et professionnelle sur le cadre. Avec notre solide cadre d&rsquo;exposition, vous disposez d&rsquo;un outil puissant et flexible, parfait pour absolument toutes les pr\u00e9sentations ou salons. Que vous souhaitiez utiliser votre propre design ou choisir un motif existant, ce cadre d&rsquo;exposition en aluminium offre tout ce dont vous avez besoin pour transmettre votre message efficacement.<\/p>\n","protected":false},"excerpt":{"rendered":"<h3>Mur de pr\u00e9sentation complet pour un salon ou un \u00e9v\u00e9nement<\/h3>\n<p>Souhaitez-vous faire une impression inoubliable lors de votre prochain salon ou \u00e9v\u00e9nement ? D\u00e9couvrez notre cadre d&rsquo;exposition polyvalent, la solution parfaite (et \u00e9conomique) pour chaque pr\u00e9sentation. Choisissez une impression simple face ou recto-verso. Entour\u00e9 d&rsquo;un cadre solide en aluminium qui peut tenir debout tout seul. Facile \u00e0 monter (sans outils). Composez votre cadre d&rsquo;exposition selon vos souhaits ci-dessous !<\/p>\n","protected":false},"featured_media":15178,"template":"","meta":{"_et_pb_use_builder":"","_et_pb_old_content":"","_et_gb_content_width":""},"product_brand":[],"product_cat":[413,428],"product_tag":[],"class_list":{"0":"post-15177","1":"product","2":"type-product","3":"status-publish","4":"has-post-thumbnail","6":"product_cat-murs-dexposition","7":"product_cat-salon-et-evenement","9":"first","10":"instock","11":"taxable","12":"shipping-taxable","13":"purchasable","14":"product-type-simple"},"yoast_head":"<!-- This site is optimized with the Yoast SEO plugin v27.3 - https:\/\/yoast.com\/product\/yoast-seo-wordpress\/ -->\n<title>Cadre d&#039;exposition - Cadre professionnel pour une visibilit\u00e9 maximale<\/title>\n<meta name=\"description\" content=\"Cr\u00e9ez une pr\u00e9sentation inoubliable avec notre cadre d&#039;exposition flexible et \u00e9conomique. Choisissez parmi trois formats et une impression simple face ou recto-verso.\" \/>\n<meta name=\"robots\" content=\"index, follow, max-snippet:-1, max-image-preview:large, max-video-preview:-1\" \/>\n<link rel=\"canonical\" href=\"https:\/\/www.amstelprinting.nl\/fr\/boutique\/salon-et-evenement\/murs-dexposition\/cadre-dexposition\/\" \/>\n<meta property=\"og:locale\" content=\"fr_FR\" \/>\n<meta property=\"og:type\" content=\"article\" \/>\n<meta property=\"og:title\" content=\"Cadre d&#039;exposition - Cadre professionnel pour une visibilit\u00e9 maximale\" \/>\n<meta property=\"og:description\" content=\"Cr\u00e9ez une pr\u00e9sentation inoubliable avec notre cadre d&#039;exposition flexible et \u00e9conomique. Choisissez parmi trois formats et une impression simple face ou recto-verso.\" \/>\n<meta property=\"og:url\" content=\"https:\/\/www.amstelprinting.nl\/fr\/boutique\/salon-et-evenement\/murs-dexposition\/cadre-dexposition\/\" \/>\n<meta property=\"og:site_name\" content=\"Amstel Printing\" \/>\n<meta property=\"article:modified_time\" content=\"2026-02-18T11:51:37+00:00\" \/>\n<meta property=\"og:image\" content=\"https:\/\/www.amstelprinting.nl\/wp-content\/uploads\/beursframe-bedrukken.png\" \/>\n\t<meta property=\"og:image:width\" content=\"700\" \/>\n\t<meta property=\"og:image:height\" content=\"700\" \/>\n\t<meta property=\"og:image:type\" content=\"image\/png\" \/>\n<meta name=\"twitter:card\" content=\"summary_large_image\" \/>\n<meta name=\"twitter:label1\" content=\"Dur\u00e9e de lecture estim\u00e9e\" \/>\n\t<meta name=\"twitter:data1\" content=\"2 minutes\" \/>\n<script type=\"application\/ld+json\" class=\"yoast-schema-graph\">{\"@context\":\"https:\\\/\\\/schema.org\",\"@graph\":[{\"@type\":\"WebPage\",\"@id\":\"https:\\\/\\\/www.amstelprinting.nl\\\/fr\\\/boutique\\\/salon-et-evenement\\\/murs-dexposition\\\/cadre-dexposition\\\/\",\"url\":\"https:\\\/\\\/www.amstelprinting.nl\\\/fr\\\/boutique\\\/salon-et-evenement\\\/murs-dexposition\\\/cadre-dexposition\\\/\",\"name\":\"Cadre d'exposition - Cadre professionnel pour une visibilit\u00e9 maximale\",\"isPartOf\":{\"@id\":\"https:\\\/\\\/www.amstelprinting.nl\\\/fr\\\/#website\"},\"primaryImageOfPage\":{\"@id\":\"https:\\\/\\\/www.amstelprinting.nl\\\/fr\\\/boutique\\\/salon-et-evenement\\\/murs-dexposition\\\/cadre-dexposition\\\/#primaryimage\"},\"image\":{\"@id\":\"https:\\\/\\\/www.amstelprinting.nl\\\/fr\\\/boutique\\\/salon-et-evenement\\\/murs-dexposition\\\/cadre-dexposition\\\/#primaryimage\"},\"thumbnailUrl\":\"https:\\\/\\\/www.amstelprinting.nl\\\/wp-content\\\/uploads\\\/beursframe-bedrukken.png\",\"datePublished\":\"2025-01-24T10:22:32+00:00\",\"dateModified\":\"2026-02-18T11:51:37+00:00\",\"description\":\"Cr\u00e9ez une pr\u00e9sentation inoubliable avec notre cadre d'exposition flexible et \u00e9conomique. Choisissez parmi trois formats et une impression simple face ou recto-verso.\",\"breadcrumb\":{\"@id\":\"https:\\\/\\\/www.amstelprinting.nl\\\/fr\\\/boutique\\\/salon-et-evenement\\\/murs-dexposition\\\/cadre-dexposition\\\/#breadcrumb\"},\"inLanguage\":\"fr-FR\",\"potentialAction\":[{\"@type\":\"ReadAction\",\"target\":[\"https:\\\/\\\/www.amstelprinting.nl\\\/fr\\\/boutique\\\/salon-et-evenement\\\/murs-dexposition\\\/cadre-dexposition\\\/\"]}]},{\"@type\":\"ImageObject\",\"inLanguage\":\"fr-FR\",\"@id\":\"https:\\\/\\\/www.amstelprinting.nl\\\/fr\\\/boutique\\\/salon-et-evenement\\\/murs-dexposition\\\/cadre-dexposition\\\/#primaryimage\",\"url\":\"https:\\\/\\\/www.amstelprinting.nl\\\/wp-content\\\/uploads\\\/beursframe-bedrukken.png\",\"contentUrl\":\"https:\\\/\\\/www.amstelprinting.nl\\\/wp-content\\\/uploads\\\/beursframe-bedrukken.png\",\"width\":700,\"height\":700},{\"@type\":\"BreadcrumbList\",\"@id\":\"https:\\\/\\\/www.amstelprinting.nl\\\/fr\\\/boutique\\\/salon-et-evenement\\\/murs-dexposition\\\/cadre-dexposition\\\/#breadcrumb\",\"itemListElement\":[{\"@type\":\"ListItem\",\"position\":1,\"name\":\"\",\"item\":\"https:\\\/\\\/www.amstelprinting.nl\\\/fr\\\/\"},{\"@type\":\"ListItem\",\"position\":2,\"name\":\"Amstel Printing\",\"item\":\"https:\\\/\\\/www.amstelprinting.nl\\\/fr\\\/boutique\\\/\"},{\"@type\":\"ListItem\",\"position\":3,\"name\":\"Salon et \u00e9v\u00e9nement\",\"item\":\"https:\\\/\\\/www.amstelprinting.nl\\\/fr\\\/categorie\\\/salon-et-evenement\\\/\"},{\"@type\":\"ListItem\",\"position\":4,\"name\":\"Murs d'exposition\",\"item\":\"https:\\\/\\\/www.amstelprinting.nl\\\/fr\\\/categorie\\\/salon-et-evenement\\\/murs-dexposition\\\/\"},{\"@type\":\"ListItem\",\"position\":5,\"name\":\"Cadre d&rsquo;exposition\"}]},{\"@type\":\"WebSite\",\"@id\":\"https:\\\/\\\/www.amstelprinting.nl\\\/fr\\\/#website\",\"url\":\"https:\\\/\\\/www.amstelprinting.nl\\\/fr\\\/\",\"name\":\"Amstel Printing\",\"description\":\"Creating Exposure\",\"publisher\":{\"@id\":\"https:\\\/\\\/www.amstelprinting.nl\\\/fr\\\/#organization\"},\"potentialAction\":[{\"@type\":\"SearchAction\",\"target\":{\"@type\":\"EntryPoint\",\"urlTemplate\":\"https:\\\/\\\/www.amstelprinting.nl\\\/fr\\\/?s={search_term_string}\"},\"query-input\":{\"@type\":\"PropertyValueSpecification\",\"valueRequired\":true,\"valueName\":\"search_term_string\"}}],\"inLanguage\":\"fr-FR\"},{\"@type\":\"Organization\",\"@id\":\"https:\\\/\\\/www.amstelprinting.nl\\\/fr\\\/#organization\",\"name\":\"Amstel Printing\",\"url\":\"https:\\\/\\\/www.amstelprinting.nl\\\/fr\\\/\",\"logo\":{\"@type\":\"ImageObject\",\"inLanguage\":\"fr-FR\",\"@id\":\"https:\\\/\\\/www.amstelprinting.nl\\\/fr\\\/#\\\/schema\\\/logo\\\/image\\\/\",\"url\":\"https:\\\/\\\/www.amstelprinting.nl\\\/wp-content\\\/uploads\\\/amstel_printing_logo_clean.png\",\"contentUrl\":\"https:\\\/\\\/www.amstelprinting.nl\\\/wp-content\\\/uploads\\\/amstel_printing_logo_clean.png\",\"width\":324,\"height\":73,\"caption\":\"Amstel Printing\"},\"image\":{\"@id\":\"https:\\\/\\\/www.amstelprinting.nl\\\/fr\\\/#\\\/schema\\\/logo\\\/image\\\/\"}}]}<\/script>\n<!-- \/ Yoast SEO plugin. -->","yoast_head_json":{"title":"Cadre d'exposition - Cadre professionnel pour une visibilit\u00e9 maximale","description":"Cr\u00e9ez une pr\u00e9sentation inoubliable avec notre cadre d'exposition flexible et \u00e9conomique. Choisissez parmi trois formats et une impression simple face ou recto-verso.","robots":{"index":"index","follow":"follow","max-snippet":"max-snippet:-1","max-image-preview":"max-image-preview:large","max-video-preview":"max-video-preview:-1"},"canonical":"https:\/\/www.amstelprinting.nl\/fr\/boutique\/salon-et-evenement\/murs-dexposition\/cadre-dexposition\/","og_locale":"fr_FR","og_type":"article","og_title":"Cadre d'exposition - Cadre professionnel pour une visibilit\u00e9 maximale","og_description":"Cr\u00e9ez une pr\u00e9sentation inoubliable avec notre cadre d'exposition flexible et \u00e9conomique. Choisissez parmi trois formats et une impression simple face ou recto-verso.","og_url":"https:\/\/www.amstelprinting.nl\/fr\/boutique\/salon-et-evenement\/murs-dexposition\/cadre-dexposition\/","og_site_name":"Amstel Printing","article_modified_time":"2026-02-18T11:51:37+00:00","og_image":[{"width":700,"height":700,"url":"https:\/\/www.amstelprinting.nl\/wp-content\/uploads\/beursframe-bedrukken.png","type":"image\/png"}],"twitter_card":"summary_large_image","twitter_misc":{"Dur\u00e9e de lecture estim\u00e9e":"2 minutes"},"schema":{"@context":"https:\/\/schema.org","@graph":[{"@type":"WebPage","@id":"https:\/\/www.amstelprinting.nl\/fr\/boutique\/salon-et-evenement\/murs-dexposition\/cadre-dexposition\/","url":"https:\/\/www.amstelprinting.nl\/fr\/boutique\/salon-et-evenement\/murs-dexposition\/cadre-dexposition\/","name":"Cadre d'exposition - Cadre professionnel pour une visibilit\u00e9 maximale","isPartOf":{"@id":"https:\/\/www.amstelprinting.nl\/fr\/#website"},"primaryImageOfPage":{"@id":"https:\/\/www.amstelprinting.nl\/fr\/boutique\/salon-et-evenement\/murs-dexposition\/cadre-dexposition\/#primaryimage"},"image":{"@id":"https:\/\/www.amstelprinting.nl\/fr\/boutique\/salon-et-evenement\/murs-dexposition\/cadre-dexposition\/#primaryimage"},"thumbnailUrl":"https:\/\/www.amstelprinting.nl\/wp-content\/uploads\/beursframe-bedrukken.png","datePublished":"2025-01-24T10:22:32+00:00","dateModified":"2026-02-18T11:51:37+00:00","description":"Cr\u00e9ez une pr\u00e9sentation inoubliable avec notre cadre d'exposition flexible et \u00e9conomique. Choisissez parmi trois formats et une impression simple face ou recto-verso.","breadcrumb":{"@id":"https:\/\/www.amstelprinting.nl\/fr\/boutique\/salon-et-evenement\/murs-dexposition\/cadre-dexposition\/#breadcrumb"},"inLanguage":"fr-FR","potentialAction":[{"@type":"ReadAction","target":["https:\/\/www.amstelprinting.nl\/fr\/boutique\/salon-et-evenement\/murs-dexposition\/cadre-dexposition\/"]}]},{"@type":"ImageObject","inLanguage":"fr-FR","@id":"https:\/\/www.amstelprinting.nl\/fr\/boutique\/salon-et-evenement\/murs-dexposition\/cadre-dexposition\/#primaryimage","url":"https:\/\/www.amstelprinting.nl\/wp-content\/uploads\/beursframe-bedrukken.png","contentUrl":"https:\/\/www.amstelprinting.nl\/wp-content\/uploads\/beursframe-bedrukken.png","width":700,"height":700},{"@type":"BreadcrumbList","@id":"https:\/\/www.amstelprinting.nl\/fr\/boutique\/salon-et-evenement\/murs-dexposition\/cadre-dexposition\/#breadcrumb","itemListElement":[{"@type":"ListItem","position":1,"name":"","item":"https:\/\/www.amstelprinting.nl\/fr\/"},{"@type":"ListItem","position":2,"name":"Amstel Printing","item":"https:\/\/www.amstelprinting.nl\/fr\/boutique\/"},{"@type":"ListItem","position":3,"name":"Salon et \u00e9v\u00e9nement","item":"https:\/\/www.amstelprinting.nl\/fr\/categorie\/salon-et-evenement\/"},{"@type":"ListItem","position":4,"name":"Murs d'exposition","item":"https:\/\/www.amstelprinting.nl\/fr\/categorie\/salon-et-evenement\/murs-dexposition\/"},{"@type":"ListItem","position":5,"name":"Cadre d&rsquo;exposition"}]},{"@type":"WebSite","@id":"https:\/\/www.amstelprinting.nl\/fr\/#website","url":"https:\/\/www.amstelprinting.nl\/fr\/","name":"Amstel Printing","description":"Creating Exposure","publisher":{"@id":"https:\/\/www.amstelprinting.nl\/fr\/#organization"},"potentialAction":[{"@type":"SearchAction","target":{"@type":"EntryPoint","urlTemplate":"https:\/\/www.amstelprinting.nl\/fr\/?s={search_term_string}"},"query-input":{"@type":"PropertyValueSpecification","valueRequired":true,"valueName":"search_term_string"}}],"inLanguage":"fr-FR"},{"@type":"Organization","@id":"https:\/\/www.amstelprinting.nl\/fr\/#organization","name":"Amstel Printing","url":"https:\/\/www.amstelprinting.nl\/fr\/","logo":{"@type":"ImageObject","inLanguage":"fr-FR","@id":"https:\/\/www.amstelprinting.nl\/fr\/#\/schema\/logo\/image\/","url":"https:\/\/www.amstelprinting.nl\/wp-content\/uploads\/amstel_printing_logo_clean.png","contentUrl":"https:\/\/www.amstelprinting.nl\/wp-content\/uploads\/amstel_printing_logo_clean.png","width":324,"height":73,"caption":"Amstel Printing"},"image":{"@id":"https:\/\/www.amstelprinting.nl\/fr\/#\/schema\/logo\/image\/"}}]}},"_links":{"self":[{"href":"https:\/\/www.amstelprinting.nl\/fr\/wp-json\/wp\/v2\/product\/15177","targetHints":{"allow":["GET"]}}],"collection":[{"href":"https:\/\/www.amstelprinting.nl\/fr\/wp-json\/wp\/v2\/product"}],"about":[{"href":"https:\/\/www.amstelprinting.nl\/fr\/wp-json\/wp\/v2\/types\/product"}],"wp:featuredmedia":[{"embeddable":true,"href":"https:\/\/www.amstelprinting.nl\/fr\/wp-json\/wp\/v2\/media\/15178"}],"wp:attachment":[{"href":"https:\/\/www.amstelprinting.nl\/fr\/wp-json\/wp\/v2\/media?parent=15177"}],"wp:term":[{"taxonomy":"product_brand","embeddable":true,"href":"https:\/\/www.amstelprinting.nl\/fr\/wp-json\/wp\/v2\/product_brand?post=15177"},{"taxonomy":"product_cat","embeddable":true,"href":"https:\/\/www.amstelprinting.nl\/fr\/wp-json\/wp\/v2\/product_cat?post=15177"},{"taxonomy":"product_tag","embeddable":true,"href":"https:\/\/www.amstelprinting.nl\/fr\/wp-json\/wp\/v2\/product_tag?post=15177"}],"curies":[{"name":"wp","href":"https:\/\/api.w.org\/{rel}","templated":true}]}}