{"id":15188,"date":"2025-01-24T11:13:42","date_gmt":"2025-01-24T10:13:42","guid":{"rendered":"https:\/\/www.amstelprinting.nl\/winkel\/non%20class\u00e9\/vloermatten\/"},"modified":"2026-02-18T12:51:38","modified_gmt":"2026-02-18T11:51:38","slug":"tapis-de-sol","status":"publish","type":"product","link":"https:\/\/www.amstelprinting.nl\/fr\/boutique\/interieur-2\/decoration-de-sol\/tapis-de-sol\/","title":{"rendered":"Tapis de sol"},"content":{"rendered":"<h3>Impression de tapis de sol<\/h3>\n<p>Nos tapis de sol sont polyvalents et fonctionnels pour des \u00e9v\u00e9nements de longue et courte dur\u00e9e. Les tapis de sol sont rapides \u00e0 poser et \u00e0 retirer, ce qui en fait des produits populaires pour les salons. Amstel Printing propose deux types de tapis de sol diff\u00e9rents ; en tant que tapis de propret\u00e9 ou en tant que vinyle de sol.<\/p>\n<h3>Avantages<\/h3>\n<ul>\n<li>Adapt\u00e9 \u00e0 une utilisation sur des surfaces planes<\/li>\n<li>Facile \u00e0 nettoyer (lavable)<\/li>\n<li>Facile \u00e0 d\u00e9placer et \u00e9galement r\u00e9utilisable<\/li>\n<li>Dot\u00e9 d&rsquo;une impression antid\u00e9rapante et r\u00e9sistante \u00e0 l&rsquo;usure<\/li>\n<\/ul>\n<p>&nbsp;<\/p>\n<h3>Tapis de propret\u00e9<\/h3>\n<p>Le tapis de propret\u00e9 est id\u00e9al pour les zones \u00e0 fort passage, car il retient efficacement la salet\u00e9 et l&rsquo;humidit\u00e9, gardant vos sols propres et s\u00fbrs. Le dos est dot\u00e9 d&rsquo;un support TPE, fabriqu\u00e9 \u00e0 partir de mat\u00e9riaux recycl\u00e9s, ce qui offre non seulement une grande valeur antid\u00e9rapante, mais contribue \u00e9galement au caract\u00e8re durable de chaque int\u00e9rieur.<\/p>\n<h3>Vinyle de sol<\/h3>\n<p>Le vinyle de sol poss\u00e8de une face avant structur\u00e9e et antid\u00e9rapante et une face arri\u00e8re en mousse confortable. Ce mat\u00e9riau est id\u00e9al pour les applications temporaires, telles que les foires et les \u00e9v\u00e9nements, o\u00f9 la s\u00e9curit\u00e9 et le confort sont importants.<\/p>\n<p>Nos tapis de sol sont sp\u00e9cialement con\u00e7us pour une utilisation en int\u00e9rieur, ce qui les rend parfaits pour les bureaux, les zones de r\u00e9ception, les magasins et autres environnements commerciaux. Gr\u00e2ce \u00e0 leur combinaison de fonctionnalit\u00e9 et de style, ils contribuent \u00e0 une premi\u00e8re impression positive de chaque entr\u00e9e et espace (professionnel).<\/p>\n<h3>Finition<\/h3>\n<p>Les deux tapis sont faciles \u00e0 adapter \u00e0 vos besoins sp\u00e9cifiques. Vous pouvez choisir une coupe droite ou une d\u00e9coupe \u00e0 la forme, afin que le tapis de sol s&rsquo;int\u00e8gre parfaitement \u00e0 la disposition de votre espace. Cela rend l&rsquo;installation tr\u00e8s simple et assure une finition professionnelle.<\/p>\n<p>Optez pour nos tapis de sol et investissez dans la s\u00e9curit\u00e9 et l&rsquo;apparence de votre espace int\u00e9rieur. Avec une combinaison parfaite de fonctionnalit\u00e9, d&rsquo;esth\u00e9tique et de durabilit\u00e9, ils sont le compl\u00e9ment id\u00e9al pour tout environnement.<\/p>\n","protected":false},"excerpt":{"rendered":"<p>Transformez n&rsquo;importe quel espace int\u00e9rieur \u00e0 l&rsquo;aide de nos tapis de sol de haute qualit\u00e9. Choisissez le tapis de propret\u00e9 ou le vinyle de sol selon vos souhaits. Les deux options de tapis de sol sont con\u00e7ues pour offrir un confort, une s\u00e9curit\u00e9 et une protection du sous-plancher optimaux. Enti\u00e8rement dot\u00e9s d&rsquo;une impression int\u00e9grale nette selon vos besoins.<\/p>\n","protected":false},"featured_media":15190,"template":"","meta":{"_et_pb_use_builder":"","_et_pb_old_content":"","_et_gb_content_width":""},"product_brand":[],"product_cat":[424,567,542,417,428],"product_tag":[],"class_list":{"0":"post-15188","1":"product","2":"type-product","3":"status-publish","4":"has-post-thumbnail","6":"product_cat-decoration","7":"product_cat-decoration-de-sol","8":"product_cat-interieur-2","9":"product_cat-parquets-des-marches","10":"product_cat-salon-et-evenement","12":"first","13":"instock","14":"taxable","15":"shipping-taxable","16":"purchasable","17":"product-type-simple"},"yoast_head":"<!-- This site is optimized with the Yoast SEO plugin v27.3 - https:\/\/yoast.com\/product\/yoast-seo-wordpress\/ -->\n<title>Tapis de sol | Amstel Printing<\/title>\n<meta name=\"robots\" content=\"index, follow, max-snippet:-1, max-image-preview:large, max-video-preview:-1\" \/>\n<link rel=\"canonical\" href=\"https:\/\/www.amstelprinting.nl\/fr\/boutique\/interieur-2\/decoration-de-sol\/tapis-de-sol\/\" \/>\n<meta property=\"og:locale\" content=\"fr_FR\" \/>\n<meta property=\"og:type\" content=\"article\" \/>\n<meta property=\"og:title\" content=\"Tapis de sol | Amstel Printing\" \/>\n<meta property=\"og:description\" content=\"Transformez n&#039;importe quel espace int\u00e9rieur \u00e0 l&#039;aide de nos tapis de sol de haute qualit\u00e9. Choisissez le tapis de propret\u00e9 ou le vinyle de sol selon vos souhaits. Les deux options de tapis de sol sont con\u00e7ues pour offrir un confort, une s\u00e9curit\u00e9 et une protection du sous-plancher optimaux. Enti\u00e8rement dot\u00e9s d&#039;une impression int\u00e9grale nette selon vos besoins.\" \/>\n<meta property=\"og:url\" content=\"https:\/\/www.amstelprinting.nl\/fr\/boutique\/interieur-2\/decoration-de-sol\/tapis-de-sol\/\" \/>\n<meta property=\"og:site_name\" content=\"Amstel Printing\" \/>\n<meta property=\"article:modified_time\" content=\"2026-02-18T11:51:38+00:00\" \/>\n<meta property=\"og:image\" content=\"https:\/\/www.amstelprinting.nl\/wp-content\/uploads\/Vloerzeil2-1.jpg\" \/>\n\t<meta property=\"og:image:width\" content=\"700\" \/>\n\t<meta property=\"og:image:height\" content=\"700\" \/>\n\t<meta property=\"og:image:type\" content=\"image\/jpeg\" \/>\n<meta name=\"twitter:card\" content=\"summary_large_image\" \/>\n<meta name=\"twitter:label1\" content=\"Dur\u00e9e de lecture estim\u00e9e\" \/>\n\t<meta name=\"twitter:data1\" content=\"2 minutes\" \/>\n<script type=\"application\/ld+json\" class=\"yoast-schema-graph\">{\"@context\":\"https:\\\/\\\/schema.org\",\"@graph\":[{\"@type\":\"WebPage\",\"@id\":\"https:\\\/\\\/www.amstelprinting.nl\\\/fr\\\/boutique\\\/interieur-2\\\/decoration-de-sol\\\/tapis-de-sol\\\/\",\"url\":\"https:\\\/\\\/www.amstelprinting.nl\\\/fr\\\/boutique\\\/interieur-2\\\/decoration-de-sol\\\/tapis-de-sol\\\/\",\"name\":\"Tapis de sol | Amstel Printing\",\"isPartOf\":{\"@id\":\"https:\\\/\\\/www.amstelprinting.nl\\\/fr\\\/#website\"},\"primaryImageOfPage\":{\"@id\":\"https:\\\/\\\/www.amstelprinting.nl\\\/fr\\\/boutique\\\/interieur-2\\\/decoration-de-sol\\\/tapis-de-sol\\\/#primaryimage\"},\"image\":{\"@id\":\"https:\\\/\\\/www.amstelprinting.nl\\\/fr\\\/boutique\\\/interieur-2\\\/decoration-de-sol\\\/tapis-de-sol\\\/#primaryimage\"},\"thumbnailUrl\":\"https:\\\/\\\/www.amstelprinting.nl\\\/wp-content\\\/uploads\\\/Vloerzeil2-1.jpg\",\"datePublished\":\"2025-01-24T10:13:42+00:00\",\"dateModified\":\"2026-02-18T11:51:38+00:00\",\"breadcrumb\":{\"@id\":\"https:\\\/\\\/www.amstelprinting.nl\\\/fr\\\/boutique\\\/interieur-2\\\/decoration-de-sol\\\/tapis-de-sol\\\/#breadcrumb\"},\"inLanguage\":\"fr-FR\",\"potentialAction\":[{\"@type\":\"ReadAction\",\"target\":[\"https:\\\/\\\/www.amstelprinting.nl\\\/fr\\\/boutique\\\/interieur-2\\\/decoration-de-sol\\\/tapis-de-sol\\\/\"]}]},{\"@type\":\"ImageObject\",\"inLanguage\":\"fr-FR\",\"@id\":\"https:\\\/\\\/www.amstelprinting.nl\\\/fr\\\/boutique\\\/interieur-2\\\/decoration-de-sol\\\/tapis-de-sol\\\/#primaryimage\",\"url\":\"https:\\\/\\\/www.amstelprinting.nl\\\/wp-content\\\/uploads\\\/Vloerzeil2-1.jpg\",\"contentUrl\":\"https:\\\/\\\/www.amstelprinting.nl\\\/wp-content\\\/uploads\\\/Vloerzeil2-1.jpg\",\"width\":700,\"height\":700},{\"@type\":\"BreadcrumbList\",\"@id\":\"https:\\\/\\\/www.amstelprinting.nl\\\/fr\\\/boutique\\\/interieur-2\\\/decoration-de-sol\\\/tapis-de-sol\\\/#breadcrumb\",\"itemListElement\":[{\"@type\":\"ListItem\",\"position\":1,\"name\":\"\",\"item\":\"https:\\\/\\\/www.amstelprinting.nl\\\/fr\\\/\"},{\"@type\":\"ListItem\",\"position\":2,\"name\":\"Amstel Printing\",\"item\":\"https:\\\/\\\/www.amstelprinting.nl\\\/fr\\\/boutique\\\/\"},{\"@type\":\"ListItem\",\"position\":3,\"name\":\"Salon et \u00e9v\u00e9nement\",\"item\":\"https:\\\/\\\/www.amstelprinting.nl\\\/fr\\\/categorie\\\/salon-et-evenement\\\/\"},{\"@type\":\"ListItem\",\"position\":4,\"name\":\"D\u00e9coration\",\"item\":\"https:\\\/\\\/www.amstelprinting.nl\\\/fr\\\/categorie\\\/salon-et-evenement\\\/decoration\\\/\"},{\"@type\":\"ListItem\",\"position\":5,\"name\":\"Tapis de sol\"}]},{\"@type\":\"WebSite\",\"@id\":\"https:\\\/\\\/www.amstelprinting.nl\\\/fr\\\/#website\",\"url\":\"https:\\\/\\\/www.amstelprinting.nl\\\/fr\\\/\",\"name\":\"Amstel Printing\",\"description\":\"Creating Exposure\",\"publisher\":{\"@id\":\"https:\\\/\\\/www.amstelprinting.nl\\\/fr\\\/#organization\"},\"potentialAction\":[{\"@type\":\"SearchAction\",\"target\":{\"@type\":\"EntryPoint\",\"urlTemplate\":\"https:\\\/\\\/www.amstelprinting.nl\\\/fr\\\/?s={search_term_string}\"},\"query-input\":{\"@type\":\"PropertyValueSpecification\",\"valueRequired\":true,\"valueName\":\"search_term_string\"}}],\"inLanguage\":\"fr-FR\"},{\"@type\":\"Organization\",\"@id\":\"https:\\\/\\\/www.amstelprinting.nl\\\/fr\\\/#organization\",\"name\":\"Amstel Printing\",\"url\":\"https:\\\/\\\/www.amstelprinting.nl\\\/fr\\\/\",\"logo\":{\"@type\":\"ImageObject\",\"inLanguage\":\"fr-FR\",\"@id\":\"https:\\\/\\\/www.amstelprinting.nl\\\/fr\\\/#\\\/schema\\\/logo\\\/image\\\/\",\"url\":\"https:\\\/\\\/www.amstelprinting.nl\\\/wp-content\\\/uploads\\\/amstel_printing_logo_clean.png\",\"contentUrl\":\"https:\\\/\\\/www.amstelprinting.nl\\\/wp-content\\\/uploads\\\/amstel_printing_logo_clean.png\",\"width\":324,\"height\":73,\"caption\":\"Amstel Printing\"},\"image\":{\"@id\":\"https:\\\/\\\/www.amstelprinting.nl\\\/fr\\\/#\\\/schema\\\/logo\\\/image\\\/\"}}]}<\/script>\n<!-- \/ Yoast SEO plugin. -->","yoast_head_json":{"title":"Tapis de sol | Amstel Printing","robots":{"index":"index","follow":"follow","max-snippet":"max-snippet:-1","max-image-preview":"max-image-preview:large","max-video-preview":"max-video-preview:-1"},"canonical":"https:\/\/www.amstelprinting.nl\/fr\/boutique\/interieur-2\/decoration-de-sol\/tapis-de-sol\/","og_locale":"fr_FR","og_type":"article","og_title":"Tapis de sol | Amstel Printing","og_description":"Transformez n'importe quel espace int\u00e9rieur \u00e0 l'aide de nos tapis de sol de haute qualit\u00e9. Choisissez le tapis de propret\u00e9 ou le vinyle de sol selon vos souhaits. Les deux options de tapis de sol sont con\u00e7ues pour offrir un confort, une s\u00e9curit\u00e9 et une protection du sous-plancher optimaux. Enti\u00e8rement dot\u00e9s d'une impression int\u00e9grale nette selon vos besoins.","og_url":"https:\/\/www.amstelprinting.nl\/fr\/boutique\/interieur-2\/decoration-de-sol\/tapis-de-sol\/","og_site_name":"Amstel Printing","article_modified_time":"2026-02-18T11:51:38+00:00","og_image":[{"width":700,"height":700,"url":"https:\/\/www.amstelprinting.nl\/wp-content\/uploads\/Vloerzeil2-1.jpg","type":"image\/jpeg"}],"twitter_card":"summary_large_image","twitter_misc":{"Dur\u00e9e de lecture estim\u00e9e":"2 minutes"},"schema":{"@context":"https:\/\/schema.org","@graph":[{"@type":"WebPage","@id":"https:\/\/www.amstelprinting.nl\/fr\/boutique\/interieur-2\/decoration-de-sol\/tapis-de-sol\/","url":"https:\/\/www.amstelprinting.nl\/fr\/boutique\/interieur-2\/decoration-de-sol\/tapis-de-sol\/","name":"Tapis de sol | Amstel Printing","isPartOf":{"@id":"https:\/\/www.amstelprinting.nl\/fr\/#website"},"primaryImageOfPage":{"@id":"https:\/\/www.amstelprinting.nl\/fr\/boutique\/interieur-2\/decoration-de-sol\/tapis-de-sol\/#primaryimage"},"image":{"@id":"https:\/\/www.amstelprinting.nl\/fr\/boutique\/interieur-2\/decoration-de-sol\/tapis-de-sol\/#primaryimage"},"thumbnailUrl":"https:\/\/www.amstelprinting.nl\/wp-content\/uploads\/Vloerzeil2-1.jpg","datePublished":"2025-01-24T10:13:42+00:00","dateModified":"2026-02-18T11:51:38+00:00","breadcrumb":{"@id":"https:\/\/www.amstelprinting.nl\/fr\/boutique\/interieur-2\/decoration-de-sol\/tapis-de-sol\/#breadcrumb"},"inLanguage":"fr-FR","potentialAction":[{"@type":"ReadAction","target":["https:\/\/www.amstelprinting.nl\/fr\/boutique\/interieur-2\/decoration-de-sol\/tapis-de-sol\/"]}]},{"@type":"ImageObject","inLanguage":"fr-FR","@id":"https:\/\/www.amstelprinting.nl\/fr\/boutique\/interieur-2\/decoration-de-sol\/tapis-de-sol\/#primaryimage","url":"https:\/\/www.amstelprinting.nl\/wp-content\/uploads\/Vloerzeil2-1.jpg","contentUrl":"https:\/\/www.amstelprinting.nl\/wp-content\/uploads\/Vloerzeil2-1.jpg","width":700,"height":700},{"@type":"BreadcrumbList","@id":"https:\/\/www.amstelprinting.nl\/fr\/boutique\/interieur-2\/decoration-de-sol\/tapis-de-sol\/#breadcrumb","itemListElement":[{"@type":"ListItem","position":1,"name":"","item":"https:\/\/www.amstelprinting.nl\/fr\/"},{"@type":"ListItem","position":2,"name":"Amstel Printing","item":"https:\/\/www.amstelprinting.nl\/fr\/boutique\/"},{"@type":"ListItem","position":3,"name":"Salon et \u00e9v\u00e9nement","item":"https:\/\/www.amstelprinting.nl\/fr\/categorie\/salon-et-evenement\/"},{"@type":"ListItem","position":4,"name":"D\u00e9coration","item":"https:\/\/www.amstelprinting.nl\/fr\/categorie\/salon-et-evenement\/decoration\/"},{"@type":"ListItem","position":5,"name":"Tapis de sol"}]},{"@type":"WebSite","@id":"https:\/\/www.amstelprinting.nl\/fr\/#website","url":"https:\/\/www.amstelprinting.nl\/fr\/","name":"Amstel Printing","description":"Creating Exposure","publisher":{"@id":"https:\/\/www.amstelprinting.nl\/fr\/#organization"},"potentialAction":[{"@type":"SearchAction","target":{"@type":"EntryPoint","urlTemplate":"https:\/\/www.amstelprinting.nl\/fr\/?s={search_term_string}"},"query-input":{"@type":"PropertyValueSpecification","valueRequired":true,"valueName":"search_term_string"}}],"inLanguage":"fr-FR"},{"@type":"Organization","@id":"https:\/\/www.amstelprinting.nl\/fr\/#organization","name":"Amstel Printing","url":"https:\/\/www.amstelprinting.nl\/fr\/","logo":{"@type":"ImageObject","inLanguage":"fr-FR","@id":"https:\/\/www.amstelprinting.nl\/fr\/#\/schema\/logo\/image\/","url":"https:\/\/www.amstelprinting.nl\/wp-content\/uploads\/amstel_printing_logo_clean.png","contentUrl":"https:\/\/www.amstelprinting.nl\/wp-content\/uploads\/amstel_printing_logo_clean.png","width":324,"height":73,"caption":"Amstel Printing"},"image":{"@id":"https:\/\/www.amstelprinting.nl\/fr\/#\/schema\/logo\/image\/"}}]}},"_links":{"self":[{"href":"https:\/\/www.amstelprinting.nl\/fr\/wp-json\/wp\/v2\/product\/15188","targetHints":{"allow":["GET"]}}],"collection":[{"href":"https:\/\/www.amstelprinting.nl\/fr\/wp-json\/wp\/v2\/product"}],"about":[{"href":"https:\/\/www.amstelprinting.nl\/fr\/wp-json\/wp\/v2\/types\/product"}],"wp:featuredmedia":[{"embeddable":true,"href":"https:\/\/www.amstelprinting.nl\/fr\/wp-json\/wp\/v2\/media\/15190"}],"wp:attachment":[{"href":"https:\/\/www.amstelprinting.nl\/fr\/wp-json\/wp\/v2\/media?parent=15188"}],"wp:term":[{"taxonomy":"product_brand","embeddable":true,"href":"https:\/\/www.amstelprinting.nl\/fr\/wp-json\/wp\/v2\/product_brand?post=15188"},{"taxonomy":"product_cat","embeddable":true,"href":"https:\/\/www.amstelprinting.nl\/fr\/wp-json\/wp\/v2\/product_cat?post=15188"},{"taxonomy":"product_tag","embeddable":true,"href":"https:\/\/www.amstelprinting.nl\/fr\/wp-json\/wp\/v2\/product_tag?post=15188"}],"curies":[{"name":"wp","href":"https:\/\/api.w.org\/{rel}","templated":true}]}}