{"id":15202,"date":"2025-01-23T21:05:11","date_gmt":"2025-01-23T20:05:11","guid":{"rendered":"https:\/\/www.amstelprinting.nl\/winkel\/non%20class\u00e9\/deurmat\/"},"modified":"2026-02-18T12:51:38","modified_gmt":"2026-02-18T11:51:38","slug":"paillasson","status":"publish","type":"product","link":"https:\/\/www.amstelprinting.nl\/fr\/boutique\/interieur-2\/maison-secteur-de-la-restauration\/paillasson\/","title":{"rendered":"Paillasson"},"content":{"rendered":"<h3>Impression de paillassons<\/h3>\n<p>Un paillasson personnalis\u00e9 avec l&rsquo;impression de votre choix ajoute de la valeur \u00e0 l&rsquo;apparence de chaque entr\u00e9e. Combinez diff\u00e9rentes fonctionnalit\u00e9s : faites la promotion de votre message ou de votre marque tout en gardant la salet\u00e9 \u00e0 l&rsquo;ext\u00e9rieur. Les paillassons imprim\u00e9s sont parfaits pour les applications int\u00e9rieures et ext\u00e9rieures et peuvent \u00eatre command\u00e9s dans n&rsquo;importe quelle taille et forme souhait\u00e9es. De plus, les paillassons sont s\u00fbrs \u00e0 utiliser ; d&rsquo;une part, ils sont antid\u00e9rapants et d&rsquo;autre part, le mat\u00e9riau est ignifuge.<\/p>\n<h3>Pourquoi commander des paillassons ?<\/h3>\n<ul>\n<li>Commandez le paillasson dans la dimension de votre choix<\/li>\n<li>Livr\u00e9 sous 4 jours ouvrables<\/li>\n<li>Disponible dans n&rsquo;importe quelle forme souhait\u00e9e (d\u00e9coupe \u00e0 la forme)<\/li>\n<li>Qualit\u00e9 d&rsquo;impression sup\u00e9rieure pour votre propre design ou le motif de votre choix<\/li>\n<li>\u00c9quip\u00e9 d&rsquo;un antid\u00e9rapant et dot\u00e9 de propri\u00e9t\u00e9s r\u00e9sistantes \u00e0 l&rsquo;usure<\/li>\n<li>Commandez facilement des accessoires en option (ruban adh\u00e9sif double face)<\/li>\n<li>Conforme aux normes de s\u00e9curit\u00e9 incendie avec le certificat de classement au feu pour vinyle de sol<\/li>\n<\/ul>\n<p>&nbsp;<\/p>\n<h3>Quel paillasson convient \u00e0 mon entr\u00e9e ?<br \/>\nChoisissez parmi 3 options.<\/h3>\n<p>Amstel Printing propose trois paillassons personnalisables diff\u00e9rents dans sa gamme : le <strong>tapis de propret\u00e9<\/strong>, le <strong>vinyle de sol<\/strong> et le <strong>paillasson ext\u00e9rieur<\/strong>. Ci-dessous, nous expliquons bri\u00e8vement les propri\u00e9t\u00e9s de chaque type de tapis de sol. Ainsi, vous pouvez faire imprimer rapidement et facilement le bon paillasson.<\/p>\n<h4>1. Tapis de propret\u00e9 (avec antid\u00e9rapant)<\/h4>\n<p>Le tapis de propret\u00e9 est un paillasson \u00e0 poils ras. Comme son nom l&rsquo;indique, le tapis de propret\u00e9 retient la salet\u00e9 et l&rsquo;humidit\u00e9. Les sols restent ainsi propres plus longtemps et s&rsquo;usent donc moins vite. Le paillasson de propret\u00e9 se compose d&rsquo;une face avant structur\u00e9e en fibres synth\u00e9tiques. Le dos est dot\u00e9 d&rsquo;un support TPE. Il s&rsquo;agit d&rsquo;un mat\u00e9riau recycl\u00e9 qui assure une valeur antid\u00e9rapante \u00e9lev\u00e9e.<\/p>\n<h4>2. Vinyle de sol (applications temporaires)<\/h4>\n<p>Vinyle avec une face avant antid\u00e9rapante structur\u00e9e et un dos en mousse. Parfait pour les applications temporaires telles que les salons et les \u00e9v\u00e9nements.<\/p>\n<h4>3. Paillasson ext\u00e9rieur<\/h4>\n<p>Le tapis de sol ext\u00e9rieur est fabriqu\u00e9 dans un mat\u00e9riau de haute qualit\u00e9 r\u00e9sistant \u00e0 l&rsquo;usure, ce qui lui permet de durer longtemps. M\u00eame en cas d&rsquo;utilisation intensive.<\/p>\n","protected":false},"excerpt":{"rendered":"<h3>Imprimer un paillasson avec votre propre design.<\/h3>\n<p>Cr\u00e9ez un accueil chaleureux et gardez les sols propres. Chez nous, vous pouvez commander des paillassons avec votre propre impression ou le design de votre choix. Vous choisissez vous-m\u00eame le format et la forme. Le paillasson imprim\u00e9 est disponible sous forme de tapis de propret\u00e9 (avec antid\u00e9rapant), de vinyle de sol (usage temporaire) ou de paillasson ext\u00e9rieur (adapt\u00e9 \u00e0 l&rsquo;ext\u00e9rieur). Composez votre paillasson imprim\u00e9 en quelques \u00e9tapes ci-dessous.<\/p>\n","protected":false},"featured_media":15203,"template":"","meta":{"_et_pb_use_builder":"","_et_pb_old_content":"","_et_gb_content_width":""},"product_brand":[],"product_cat":[567,542,566],"product_tag":[],"class_list":{"0":"post-15202","1":"product","2":"type-product","3":"status-publish","4":"has-post-thumbnail","6":"product_cat-decoration-de-sol","7":"product_cat-interieur-2","8":"product_cat-maison-secteur-de-la-restauration","10":"first","11":"instock","12":"taxable","13":"shipping-taxable","14":"purchasable","15":"product-type-simple"},"yoast_head":"<!-- This site is optimized with the Yoast SEO plugin v27.3 - https:\/\/yoast.com\/product\/yoast-seo-wordpress\/ -->\n<title>Paillasson | Amstel Printing<\/title>\n<meta name=\"robots\" content=\"index, follow, max-snippet:-1, max-image-preview:large, max-video-preview:-1\" \/>\n<link rel=\"canonical\" href=\"https:\/\/www.amstelprinting.nl\/fr\/boutique\/interieur-2\/maison-secteur-de-la-restauration\/paillasson\/\" \/>\n<meta property=\"og:locale\" content=\"fr_FR\" \/>\n<meta property=\"og:type\" content=\"article\" \/>\n<meta property=\"og:title\" content=\"Paillasson | Amstel Printing\" \/>\n<meta property=\"og:description\" content=\"Imprimer un paillasson avec votre propre design. Cr\u00e9ez un accueil chaleureux et gardez les sols propres. Chez nous, vous pouvez commander des paillassons avec votre propre impression ou le design de votre choix. Vous choisissez vous-m\u00eame le format et la forme. Le paillasson imprim\u00e9 est disponible sous forme de tapis de propret\u00e9 (avec antid\u00e9rapant), de vinyle de sol (usage temporaire) ou de paillasson ext\u00e9rieur (adapt\u00e9 \u00e0 l&#039;ext\u00e9rieur). Composez votre paillasson imprim\u00e9 en quelques \u00e9tapes ci-dessous.\" \/>\n<meta property=\"og:url\" content=\"https:\/\/www.amstelprinting.nl\/fr\/boutique\/interieur-2\/maison-secteur-de-la-restauration\/paillasson\/\" \/>\n<meta property=\"og:site_name\" content=\"Amstel Printing\" \/>\n<meta property=\"article:modified_time\" content=\"2026-02-18T11:51:38+00:00\" \/>\n<meta property=\"og:image\" content=\"https:\/\/www.amstelprinting.nl\/wp-content\/uploads\/Outdoor-vloermat.jpg\" \/>\n\t<meta property=\"og:image:width\" content=\"700\" \/>\n\t<meta property=\"og:image:height\" content=\"700\" \/>\n\t<meta property=\"og:image:type\" content=\"image\/jpeg\" \/>\n<meta name=\"twitter:card\" content=\"summary_large_image\" \/>\n<meta name=\"twitter:label1\" content=\"Dur\u00e9e de lecture estim\u00e9e\" \/>\n\t<meta name=\"twitter:data1\" content=\"2 minutes\" \/>\n<script type=\"application\/ld+json\" class=\"yoast-schema-graph\">{\"@context\":\"https:\\\/\\\/schema.org\",\"@graph\":[{\"@type\":\"WebPage\",\"@id\":\"https:\\\/\\\/www.amstelprinting.nl\\\/fr\\\/boutique\\\/interieur-2\\\/maison-secteur-de-la-restauration\\\/paillasson\\\/\",\"url\":\"https:\\\/\\\/www.amstelprinting.nl\\\/fr\\\/boutique\\\/interieur-2\\\/maison-secteur-de-la-restauration\\\/paillasson\\\/\",\"name\":\"Paillasson | Amstel Printing\",\"isPartOf\":{\"@id\":\"https:\\\/\\\/www.amstelprinting.nl\\\/fr\\\/#website\"},\"primaryImageOfPage\":{\"@id\":\"https:\\\/\\\/www.amstelprinting.nl\\\/fr\\\/boutique\\\/interieur-2\\\/maison-secteur-de-la-restauration\\\/paillasson\\\/#primaryimage\"},\"image\":{\"@id\":\"https:\\\/\\\/www.amstelprinting.nl\\\/fr\\\/boutique\\\/interieur-2\\\/maison-secteur-de-la-restauration\\\/paillasson\\\/#primaryimage\"},\"thumbnailUrl\":\"https:\\\/\\\/www.amstelprinting.nl\\\/wp-content\\\/uploads\\\/Outdoor-vloermat.jpg\",\"datePublished\":\"2025-01-23T20:05:11+00:00\",\"dateModified\":\"2026-02-18T11:51:38+00:00\",\"breadcrumb\":{\"@id\":\"https:\\\/\\\/www.amstelprinting.nl\\\/fr\\\/boutique\\\/interieur-2\\\/maison-secteur-de-la-restauration\\\/paillasson\\\/#breadcrumb\"},\"inLanguage\":\"fr-FR\",\"potentialAction\":[{\"@type\":\"ReadAction\",\"target\":[\"https:\\\/\\\/www.amstelprinting.nl\\\/fr\\\/boutique\\\/interieur-2\\\/maison-secteur-de-la-restauration\\\/paillasson\\\/\"]}]},{\"@type\":\"ImageObject\",\"inLanguage\":\"fr-FR\",\"@id\":\"https:\\\/\\\/www.amstelprinting.nl\\\/fr\\\/boutique\\\/interieur-2\\\/maison-secteur-de-la-restauration\\\/paillasson\\\/#primaryimage\",\"url\":\"https:\\\/\\\/www.amstelprinting.nl\\\/wp-content\\\/uploads\\\/Outdoor-vloermat.jpg\",\"contentUrl\":\"https:\\\/\\\/www.amstelprinting.nl\\\/wp-content\\\/uploads\\\/Outdoor-vloermat.jpg\",\"width\":700,\"height\":700},{\"@type\":\"BreadcrumbList\",\"@id\":\"https:\\\/\\\/www.amstelprinting.nl\\\/fr\\\/boutique\\\/interieur-2\\\/maison-secteur-de-la-restauration\\\/paillasson\\\/#breadcrumb\",\"itemListElement\":[{\"@type\":\"ListItem\",\"position\":1,\"name\":\"\",\"item\":\"https:\\\/\\\/www.amstelprinting.nl\\\/fr\\\/\"},{\"@type\":\"ListItem\",\"position\":2,\"name\":\"Amstel Printing\",\"item\":\"https:\\\/\\\/www.amstelprinting.nl\\\/fr\\\/boutique\\\/\"},{\"@type\":\"ListItem\",\"position\":3,\"name\":\"Int\u00e9rieur\",\"item\":\"https:\\\/\\\/www.amstelprinting.nl\\\/fr\\\/categorie\\\/interieur-2\\\/\"},{\"@type\":\"ListItem\",\"position\":4,\"name\":\"Maison &amp; secteur de la restauration\",\"item\":\"https:\\\/\\\/www.amstelprinting.nl\\\/fr\\\/categorie\\\/interieur-2\\\/maison-secteur-de-la-restauration\\\/\"},{\"@type\":\"ListItem\",\"position\":5,\"name\":\"Paillasson\"}]},{\"@type\":\"WebSite\",\"@id\":\"https:\\\/\\\/www.amstelprinting.nl\\\/fr\\\/#website\",\"url\":\"https:\\\/\\\/www.amstelprinting.nl\\\/fr\\\/\",\"name\":\"Amstel Printing\",\"description\":\"Creating Exposure\",\"publisher\":{\"@id\":\"https:\\\/\\\/www.amstelprinting.nl\\\/fr\\\/#organization\"},\"potentialAction\":[{\"@type\":\"SearchAction\",\"target\":{\"@type\":\"EntryPoint\",\"urlTemplate\":\"https:\\\/\\\/www.amstelprinting.nl\\\/fr\\\/?s={search_term_string}\"},\"query-input\":{\"@type\":\"PropertyValueSpecification\",\"valueRequired\":true,\"valueName\":\"search_term_string\"}}],\"inLanguage\":\"fr-FR\"},{\"@type\":\"Organization\",\"@id\":\"https:\\\/\\\/www.amstelprinting.nl\\\/fr\\\/#organization\",\"name\":\"Amstel Printing\",\"url\":\"https:\\\/\\\/www.amstelprinting.nl\\\/fr\\\/\",\"logo\":{\"@type\":\"ImageObject\",\"inLanguage\":\"fr-FR\",\"@id\":\"https:\\\/\\\/www.amstelprinting.nl\\\/fr\\\/#\\\/schema\\\/logo\\\/image\\\/\",\"url\":\"https:\\\/\\\/www.amstelprinting.nl\\\/wp-content\\\/uploads\\\/amstel_printing_logo_clean.png\",\"contentUrl\":\"https:\\\/\\\/www.amstelprinting.nl\\\/wp-content\\\/uploads\\\/amstel_printing_logo_clean.png\",\"width\":324,\"height\":73,\"caption\":\"Amstel Printing\"},\"image\":{\"@id\":\"https:\\\/\\\/www.amstelprinting.nl\\\/fr\\\/#\\\/schema\\\/logo\\\/image\\\/\"}}]}<\/script>\n<!-- \/ Yoast SEO plugin. -->","yoast_head_json":{"title":"Paillasson | Amstel Printing","robots":{"index":"index","follow":"follow","max-snippet":"max-snippet:-1","max-image-preview":"max-image-preview:large","max-video-preview":"max-video-preview:-1"},"canonical":"https:\/\/www.amstelprinting.nl\/fr\/boutique\/interieur-2\/maison-secteur-de-la-restauration\/paillasson\/","og_locale":"fr_FR","og_type":"article","og_title":"Paillasson | Amstel Printing","og_description":"Imprimer un paillasson avec votre propre design. Cr\u00e9ez un accueil chaleureux et gardez les sols propres. Chez nous, vous pouvez commander des paillassons avec votre propre impression ou le design de votre choix. Vous choisissez vous-m\u00eame le format et la forme. Le paillasson imprim\u00e9 est disponible sous forme de tapis de propret\u00e9 (avec antid\u00e9rapant), de vinyle de sol (usage temporaire) ou de paillasson ext\u00e9rieur (adapt\u00e9 \u00e0 l'ext\u00e9rieur). Composez votre paillasson imprim\u00e9 en quelques \u00e9tapes ci-dessous.","og_url":"https:\/\/www.amstelprinting.nl\/fr\/boutique\/interieur-2\/maison-secteur-de-la-restauration\/paillasson\/","og_site_name":"Amstel Printing","article_modified_time":"2026-02-18T11:51:38+00:00","og_image":[{"width":700,"height":700,"url":"https:\/\/www.amstelprinting.nl\/wp-content\/uploads\/Outdoor-vloermat.jpg","type":"image\/jpeg"}],"twitter_card":"summary_large_image","twitter_misc":{"Dur\u00e9e de lecture estim\u00e9e":"2 minutes"},"schema":{"@context":"https:\/\/schema.org","@graph":[{"@type":"WebPage","@id":"https:\/\/www.amstelprinting.nl\/fr\/boutique\/interieur-2\/maison-secteur-de-la-restauration\/paillasson\/","url":"https:\/\/www.amstelprinting.nl\/fr\/boutique\/interieur-2\/maison-secteur-de-la-restauration\/paillasson\/","name":"Paillasson | Amstel Printing","isPartOf":{"@id":"https:\/\/www.amstelprinting.nl\/fr\/#website"},"primaryImageOfPage":{"@id":"https:\/\/www.amstelprinting.nl\/fr\/boutique\/interieur-2\/maison-secteur-de-la-restauration\/paillasson\/#primaryimage"},"image":{"@id":"https:\/\/www.amstelprinting.nl\/fr\/boutique\/interieur-2\/maison-secteur-de-la-restauration\/paillasson\/#primaryimage"},"thumbnailUrl":"https:\/\/www.amstelprinting.nl\/wp-content\/uploads\/Outdoor-vloermat.jpg","datePublished":"2025-01-23T20:05:11+00:00","dateModified":"2026-02-18T11:51:38+00:00","breadcrumb":{"@id":"https:\/\/www.amstelprinting.nl\/fr\/boutique\/interieur-2\/maison-secteur-de-la-restauration\/paillasson\/#breadcrumb"},"inLanguage":"fr-FR","potentialAction":[{"@type":"ReadAction","target":["https:\/\/www.amstelprinting.nl\/fr\/boutique\/interieur-2\/maison-secteur-de-la-restauration\/paillasson\/"]}]},{"@type":"ImageObject","inLanguage":"fr-FR","@id":"https:\/\/www.amstelprinting.nl\/fr\/boutique\/interieur-2\/maison-secteur-de-la-restauration\/paillasson\/#primaryimage","url":"https:\/\/www.amstelprinting.nl\/wp-content\/uploads\/Outdoor-vloermat.jpg","contentUrl":"https:\/\/www.amstelprinting.nl\/wp-content\/uploads\/Outdoor-vloermat.jpg","width":700,"height":700},{"@type":"BreadcrumbList","@id":"https:\/\/www.amstelprinting.nl\/fr\/boutique\/interieur-2\/maison-secteur-de-la-restauration\/paillasson\/#breadcrumb","itemListElement":[{"@type":"ListItem","position":1,"name":"","item":"https:\/\/www.amstelprinting.nl\/fr\/"},{"@type":"ListItem","position":2,"name":"Amstel Printing","item":"https:\/\/www.amstelprinting.nl\/fr\/boutique\/"},{"@type":"ListItem","position":3,"name":"Int\u00e9rieur","item":"https:\/\/www.amstelprinting.nl\/fr\/categorie\/interieur-2\/"},{"@type":"ListItem","position":4,"name":"Maison &amp; secteur de la restauration","item":"https:\/\/www.amstelprinting.nl\/fr\/categorie\/interieur-2\/maison-secteur-de-la-restauration\/"},{"@type":"ListItem","position":5,"name":"Paillasson"}]},{"@type":"WebSite","@id":"https:\/\/www.amstelprinting.nl\/fr\/#website","url":"https:\/\/www.amstelprinting.nl\/fr\/","name":"Amstel Printing","description":"Creating Exposure","publisher":{"@id":"https:\/\/www.amstelprinting.nl\/fr\/#organization"},"potentialAction":[{"@type":"SearchAction","target":{"@type":"EntryPoint","urlTemplate":"https:\/\/www.amstelprinting.nl\/fr\/?s={search_term_string}"},"query-input":{"@type":"PropertyValueSpecification","valueRequired":true,"valueName":"search_term_string"}}],"inLanguage":"fr-FR"},{"@type":"Organization","@id":"https:\/\/www.amstelprinting.nl\/fr\/#organization","name":"Amstel Printing","url":"https:\/\/www.amstelprinting.nl\/fr\/","logo":{"@type":"ImageObject","inLanguage":"fr-FR","@id":"https:\/\/www.amstelprinting.nl\/fr\/#\/schema\/logo\/image\/","url":"https:\/\/www.amstelprinting.nl\/wp-content\/uploads\/amstel_printing_logo_clean.png","contentUrl":"https:\/\/www.amstelprinting.nl\/wp-content\/uploads\/amstel_printing_logo_clean.png","width":324,"height":73,"caption":"Amstel Printing"},"image":{"@id":"https:\/\/www.amstelprinting.nl\/fr\/#\/schema\/logo\/image\/"}}]}},"_links":{"self":[{"href":"https:\/\/www.amstelprinting.nl\/fr\/wp-json\/wp\/v2\/product\/15202","targetHints":{"allow":["GET"]}}],"collection":[{"href":"https:\/\/www.amstelprinting.nl\/fr\/wp-json\/wp\/v2\/product"}],"about":[{"href":"https:\/\/www.amstelprinting.nl\/fr\/wp-json\/wp\/v2\/types\/product"}],"wp:featuredmedia":[{"embeddable":true,"href":"https:\/\/www.amstelprinting.nl\/fr\/wp-json\/wp\/v2\/media\/15203"}],"wp:attachment":[{"href":"https:\/\/www.amstelprinting.nl\/fr\/wp-json\/wp\/v2\/media?parent=15202"}],"wp:term":[{"taxonomy":"product_brand","embeddable":true,"href":"https:\/\/www.amstelprinting.nl\/fr\/wp-json\/wp\/v2\/product_brand?post=15202"},{"taxonomy":"product_cat","embeddable":true,"href":"https:\/\/www.amstelprinting.nl\/fr\/wp-json\/wp\/v2\/product_cat?post=15202"},{"taxonomy":"product_tag","embeddable":true,"href":"https:\/\/www.amstelprinting.nl\/fr\/wp-json\/wp\/v2\/product_tag?post=15202"}],"curies":[{"name":"wp","href":"https:\/\/api.w.org\/{rel}","templated":true}]}}