{"id":15213,"date":"2025-01-23T21:05:08","date_gmt":"2025-01-23T20:05:08","guid":{"rendered":"https:\/\/www.amstelprinting.nl\/winkel\/non%20class\u00e9\/schoonloopmat\/"},"modified":"2026-02-18T12:51:39","modified_gmt":"2026-02-18T11:51:39","slug":"tapis-de-proprete","status":"publish","type":"product","link":"https:\/\/www.amstelprinting.nl\/fr\/boutique\/interieur-2\/decoration-de-sol\/tapis-de-proprete\/","title":{"rendered":"Tapis de propret\u00e9"},"content":{"rendered":"<h3>Impression de tapis de propret\u00e9<\/h3>\n<p>Le tapis de propret\u00e9 est un paillasson \u00e0 poils ras. Comme son nom l&rsquo;indique, le tapis de propret\u00e9 retient la salet\u00e9 et l&rsquo;humidit\u00e9. Les sols restent ainsi propres plus longtemps et s&rsquo;usent donc moins rapidement en cons\u00e9quence. Le paillasson de propret\u00e9 se compose d&rsquo;une face avant structur\u00e9e en fibres synth\u00e9tiques. Le dos est dot\u00e9 d&rsquo;un support en TPE. Il s&rsquo;agit d&rsquo;un mat\u00e9riau recycl\u00e9 qui assure une valeur antid\u00e9rapante \u00e9lev\u00e9e.<\/p>\n<h3>Utilisation du Tapis de propret\u00e9<\/h3>\n<p>Le tapis de propret\u00e9 est parfait pour l&rsquo;entr\u00e9e d&rsquo;une habitation priv\u00e9e, d&rsquo;un espace de bureau fr\u00e9quent\u00e9 ou d&rsquo;un environnement commercial.<\/p>\n<h3>Pourquoi commander un tapis de propret\u00e9 ?<\/h3>\n<ul>\n<li>Une excellente absorption de la salet\u00e9 et de l&rsquo;humidit\u00e9 est garantie<\/li>\n<li>\u00c0 commander enti\u00e8rement selon vos propres dimensions et formes<\/li>\n<li>Reste bien en place gr\u00e2ce \u00e0 la couche antid\u00e9rapante<\/li>\n<li>Convient \u00e9galement aux sols avec chauffage au sol<\/li>\n<li>Fabriqu\u00e9 dans un mat\u00e9riau r\u00e9sistant \u00e0 la d\u00e9coupe (possibilit\u00e9 de d\u00e9coupe sur mesure ult\u00e9rieure)<\/li>\n<li>Lavable \u00e0 30 degr\u00e9s Celsius<\/li>\n<li>Qualit\u00e9 sup\u00e9rieure qui ne s&rsquo;effiloche pas (aucune finition des bords n\u00e9cessaire)<\/li>\n<li>Dot\u00e9 d&rsquo;une impression int\u00e9grale r\u00e9sistante \u00e0 l&rsquo;usure en couleur (quadrichromie)<\/li>\n<\/ul>\n<p>&nbsp;<\/p>\n<h3>Format du tapis de propret\u00e9<\/h3>\n<p>Nos tapis de propret\u00e9 sont disponibles dans des largeurs allant jusqu&rsquo;\u00e0 198 cm et des hauteurs jusqu&rsquo;\u00e0 700 cm (en une seule pi\u00e8ce), ce qui vous permet de faire d\u00e9couper le tapis pr\u00e9cis\u00e9ment sur mesure. Vous pouvez choisir de faire d\u00e9couper le tapis de propret\u00e9 dans le format souhait\u00e9 ou selon les contours de votre motif.<\/p>\n<h3>Mat\u00e9riau du tapis de propret\u00e9<\/h3>\n<p>Notre tapis de propret\u00e9 dispose d&rsquo;une face avant structur\u00e9e en fibres synth\u00e9tiques (velours PA fibre synth\u00e9tique). Cela assure une excellente absorption de la salet\u00e9 et de l&rsquo;humidit\u00e9. Votre sol reste ainsi propre et sec. Le dos du tapis est \u00e9galement muni d&rsquo;un support en TPE en mat\u00e9riau recycl\u00e9. Une valeur antid\u00e9rapante \u00e9lev\u00e9e est ainsi \u00e9galement garantie. Le tapis de propret\u00e9 convient \u00e0 tous les types de sols, y compris les sols avec chauffage au sol. L&rsquo;impression r\u00e9sistante \u00e0 l&rsquo;usure assure non seulement un aspect professionnel, mais elle est \u00e9galement r\u00e9sistante \u00e0 l&rsquo;usure sous un usage intensif.<\/p>\n","protected":false},"excerpt":{"rendered":"<h3>Impression de tapis de propret\u00e9 : gardez l&rsquo;humidit\u00e9 et la salet\u00e9 \u00e0 l&rsquo;ext\u00e9rieur<\/h3>\n<p>Avec un tapis de propret\u00e9, la salet\u00e9 et l&rsquo;humidit\u00e9 sont captur\u00e9es au maximum d\u00e8s l&rsquo;entr\u00e9e, ce qui permet \u00e0 vos sols de rester beaux plus longtemps. Cr\u00e9ez une entr\u00e9e magnifique en personnalisant le tapis de propret\u00e9 avec une impression de votre logo, d&rsquo;une image ou d&rsquo;un motif de votre choix. Id\u00e9al pour les entreprises, les magasins ou les espaces publics. Le tapis de propret\u00e9 est d&rsquo;ailleurs muni d&rsquo;une couche antid\u00e9rapante. Vous d\u00e9terminez vous-m\u00eame le format et la forme du tapis de propret\u00e9 imprim\u00e9.<\/p>\n","protected":false},"featured_media":15215,"template":"","meta":{"_et_pb_use_builder":"","_et_pb_old_content":"","_et_gb_content_width":""},"product_brand":[],"product_cat":[629,567,542],"product_tag":[],"class_list":{"0":"post-15213","1":"product","2":"type-product","3":"status-publish","4":"has-post-thumbnail","6":"product_cat-bureau","7":"product_cat-decoration-de-sol","8":"product_cat-interieur-2","10":"first","11":"instock","12":"taxable","13":"shipping-taxable","14":"purchasable","15":"product-type-simple"},"yoast_head":"<!-- This site is optimized with the Yoast SEO plugin v27.3 - https:\/\/yoast.com\/product\/yoast-seo-wordpress\/ -->\n<title>Tapis de propret\u00e9 | Amstel Printing<\/title>\n<meta name=\"robots\" content=\"index, follow, max-snippet:-1, max-image-preview:large, max-video-preview:-1\" \/>\n<link rel=\"canonical\" href=\"https:\/\/www.amstelprinting.nl\/fr\/boutique\/interieur-2\/decoration-de-sol\/tapis-de-proprete\/\" \/>\n<meta property=\"og:locale\" content=\"fr_FR\" \/>\n<meta property=\"og:type\" content=\"article\" \/>\n<meta property=\"og:title\" content=\"Tapis de propret\u00e9 | Amstel Printing\" \/>\n<meta property=\"og:description\" content=\"Impression de tapis de propret\u00e9 : gardez l&#039;humidit\u00e9 et la salet\u00e9 \u00e0 l&#039;ext\u00e9rieur Avec un tapis de propret\u00e9, la salet\u00e9 et l&#039;humidit\u00e9 sont captur\u00e9es au maximum d\u00e8s l&#039;entr\u00e9e, ce qui permet \u00e0 vos sols de rester beaux plus longtemps. Cr\u00e9ez une entr\u00e9e magnifique en personnalisant le tapis de propret\u00e9 avec une impression de votre logo, d&#039;une image ou d&#039;un motif de votre choix. Id\u00e9al pour les entreprises, les magasins ou les espaces publics. Le tapis de propret\u00e9 est d&#039;ailleurs muni d&#039;une couche antid\u00e9rapante. Vous d\u00e9terminez vous-m\u00eame le format et la forme du tapis de propret\u00e9 imprim\u00e9.\" \/>\n<meta property=\"og:url\" content=\"https:\/\/www.amstelprinting.nl\/fr\/boutique\/interieur-2\/decoration-de-sol\/tapis-de-proprete\/\" \/>\n<meta property=\"og:site_name\" content=\"Amstel Printing\" \/>\n<meta property=\"article:modified_time\" content=\"2026-02-18T11:51:39+00:00\" \/>\n<meta property=\"og:image\" content=\"https:\/\/www.amstelprinting.nl\/wp-content\/uploads\/Vloermatten-bedrukken-schoonloopmat.jpg\" \/>\n\t<meta property=\"og:image:width\" content=\"2001\" \/>\n\t<meta property=\"og:image:height\" content=\"2001\" \/>\n\t<meta property=\"og:image:type\" content=\"image\/jpeg\" \/>\n<meta name=\"twitter:card\" content=\"summary_large_image\" \/>\n<meta name=\"twitter:label1\" content=\"Dur\u00e9e de lecture estim\u00e9e\" \/>\n\t<meta name=\"twitter:data1\" content=\"2 minutes\" \/>\n<script type=\"application\/ld+json\" class=\"yoast-schema-graph\">{\"@context\":\"https:\\\/\\\/schema.org\",\"@graph\":[{\"@type\":\"WebPage\",\"@id\":\"https:\\\/\\\/www.amstelprinting.nl\\\/fr\\\/boutique\\\/interieur-2\\\/decoration-de-sol\\\/tapis-de-proprete\\\/\",\"url\":\"https:\\\/\\\/www.amstelprinting.nl\\\/fr\\\/boutique\\\/interieur-2\\\/decoration-de-sol\\\/tapis-de-proprete\\\/\",\"name\":\"Tapis de propret\u00e9 | Amstel Printing\",\"isPartOf\":{\"@id\":\"https:\\\/\\\/www.amstelprinting.nl\\\/fr\\\/#website\"},\"primaryImageOfPage\":{\"@id\":\"https:\\\/\\\/www.amstelprinting.nl\\\/fr\\\/boutique\\\/interieur-2\\\/decoration-de-sol\\\/tapis-de-proprete\\\/#primaryimage\"},\"image\":{\"@id\":\"https:\\\/\\\/www.amstelprinting.nl\\\/fr\\\/boutique\\\/interieur-2\\\/decoration-de-sol\\\/tapis-de-proprete\\\/#primaryimage\"},\"thumbnailUrl\":\"https:\\\/\\\/www.amstelprinting.nl\\\/wp-content\\\/uploads\\\/Vloermatten-bedrukken-schoonloopmat.jpg\",\"datePublished\":\"2025-01-23T20:05:08+00:00\",\"dateModified\":\"2026-02-18T11:51:39+00:00\",\"breadcrumb\":{\"@id\":\"https:\\\/\\\/www.amstelprinting.nl\\\/fr\\\/boutique\\\/interieur-2\\\/decoration-de-sol\\\/tapis-de-proprete\\\/#breadcrumb\"},\"inLanguage\":\"fr-FR\",\"potentialAction\":[{\"@type\":\"ReadAction\",\"target\":[\"https:\\\/\\\/www.amstelprinting.nl\\\/fr\\\/boutique\\\/interieur-2\\\/decoration-de-sol\\\/tapis-de-proprete\\\/\"]}]},{\"@type\":\"ImageObject\",\"inLanguage\":\"fr-FR\",\"@id\":\"https:\\\/\\\/www.amstelprinting.nl\\\/fr\\\/boutique\\\/interieur-2\\\/decoration-de-sol\\\/tapis-de-proprete\\\/#primaryimage\",\"url\":\"https:\\\/\\\/www.amstelprinting.nl\\\/wp-content\\\/uploads\\\/Vloermatten-bedrukken-schoonloopmat.jpg\",\"contentUrl\":\"https:\\\/\\\/www.amstelprinting.nl\\\/wp-content\\\/uploads\\\/Vloermatten-bedrukken-schoonloopmat.jpg\",\"width\":2001,\"height\":2001},{\"@type\":\"BreadcrumbList\",\"@id\":\"https:\\\/\\\/www.amstelprinting.nl\\\/fr\\\/boutique\\\/interieur-2\\\/decoration-de-sol\\\/tapis-de-proprete\\\/#breadcrumb\",\"itemListElement\":[{\"@type\":\"ListItem\",\"position\":1,\"name\":\"\",\"item\":\"https:\\\/\\\/www.amstelprinting.nl\\\/fr\\\/\"},{\"@type\":\"ListItem\",\"position\":2,\"name\":\"Amstel Printing\",\"item\":\"https:\\\/\\\/www.amstelprinting.nl\\\/fr\\\/boutique\\\/\"},{\"@type\":\"ListItem\",\"position\":3,\"name\":\"Int\u00e9rieur\",\"item\":\"https:\\\/\\\/www.amstelprinting.nl\\\/fr\\\/categorie\\\/interieur-2\\\/\"},{\"@type\":\"ListItem\",\"position\":4,\"name\":\"Bureau\",\"item\":\"https:\\\/\\\/www.amstelprinting.nl\\\/fr\\\/categorie\\\/interieur-2\\\/bureau\\\/\"},{\"@type\":\"ListItem\",\"position\":5,\"name\":\"Tapis de propret\u00e9\"}]},{\"@type\":\"WebSite\",\"@id\":\"https:\\\/\\\/www.amstelprinting.nl\\\/fr\\\/#website\",\"url\":\"https:\\\/\\\/www.amstelprinting.nl\\\/fr\\\/\",\"name\":\"Amstel Printing\",\"description\":\"Creating Exposure\",\"publisher\":{\"@id\":\"https:\\\/\\\/www.amstelprinting.nl\\\/fr\\\/#organization\"},\"potentialAction\":[{\"@type\":\"SearchAction\",\"target\":{\"@type\":\"EntryPoint\",\"urlTemplate\":\"https:\\\/\\\/www.amstelprinting.nl\\\/fr\\\/?s={search_term_string}\"},\"query-input\":{\"@type\":\"PropertyValueSpecification\",\"valueRequired\":true,\"valueName\":\"search_term_string\"}}],\"inLanguage\":\"fr-FR\"},{\"@type\":\"Organization\",\"@id\":\"https:\\\/\\\/www.amstelprinting.nl\\\/fr\\\/#organization\",\"name\":\"Amstel Printing\",\"url\":\"https:\\\/\\\/www.amstelprinting.nl\\\/fr\\\/\",\"logo\":{\"@type\":\"ImageObject\",\"inLanguage\":\"fr-FR\",\"@id\":\"https:\\\/\\\/www.amstelprinting.nl\\\/fr\\\/#\\\/schema\\\/logo\\\/image\\\/\",\"url\":\"https:\\\/\\\/www.amstelprinting.nl\\\/wp-content\\\/uploads\\\/amstel_printing_logo_clean.png\",\"contentUrl\":\"https:\\\/\\\/www.amstelprinting.nl\\\/wp-content\\\/uploads\\\/amstel_printing_logo_clean.png\",\"width\":324,\"height\":73,\"caption\":\"Amstel Printing\"},\"image\":{\"@id\":\"https:\\\/\\\/www.amstelprinting.nl\\\/fr\\\/#\\\/schema\\\/logo\\\/image\\\/\"}}]}<\/script>\n<!-- \/ Yoast SEO plugin. -->","yoast_head_json":{"title":"Tapis de propret\u00e9 | Amstel Printing","robots":{"index":"index","follow":"follow","max-snippet":"max-snippet:-1","max-image-preview":"max-image-preview:large","max-video-preview":"max-video-preview:-1"},"canonical":"https:\/\/www.amstelprinting.nl\/fr\/boutique\/interieur-2\/decoration-de-sol\/tapis-de-proprete\/","og_locale":"fr_FR","og_type":"article","og_title":"Tapis de propret\u00e9 | Amstel Printing","og_description":"Impression de tapis de propret\u00e9 : gardez l'humidit\u00e9 et la salet\u00e9 \u00e0 l'ext\u00e9rieur Avec un tapis de propret\u00e9, la salet\u00e9 et l'humidit\u00e9 sont captur\u00e9es au maximum d\u00e8s l'entr\u00e9e, ce qui permet \u00e0 vos sols de rester beaux plus longtemps. Cr\u00e9ez une entr\u00e9e magnifique en personnalisant le tapis de propret\u00e9 avec une impression de votre logo, d'une image ou d'un motif de votre choix. Id\u00e9al pour les entreprises, les magasins ou les espaces publics. Le tapis de propret\u00e9 est d'ailleurs muni d'une couche antid\u00e9rapante. Vous d\u00e9terminez vous-m\u00eame le format et la forme du tapis de propret\u00e9 imprim\u00e9.","og_url":"https:\/\/www.amstelprinting.nl\/fr\/boutique\/interieur-2\/decoration-de-sol\/tapis-de-proprete\/","og_site_name":"Amstel Printing","article_modified_time":"2026-02-18T11:51:39+00:00","og_image":[{"width":2001,"height":2001,"url":"https:\/\/www.amstelprinting.nl\/wp-content\/uploads\/Vloermatten-bedrukken-schoonloopmat.jpg","type":"image\/jpeg"}],"twitter_card":"summary_large_image","twitter_misc":{"Dur\u00e9e de lecture estim\u00e9e":"2 minutes"},"schema":{"@context":"https:\/\/schema.org","@graph":[{"@type":"WebPage","@id":"https:\/\/www.amstelprinting.nl\/fr\/boutique\/interieur-2\/decoration-de-sol\/tapis-de-proprete\/","url":"https:\/\/www.amstelprinting.nl\/fr\/boutique\/interieur-2\/decoration-de-sol\/tapis-de-proprete\/","name":"Tapis de propret\u00e9 | Amstel Printing","isPartOf":{"@id":"https:\/\/www.amstelprinting.nl\/fr\/#website"},"primaryImageOfPage":{"@id":"https:\/\/www.amstelprinting.nl\/fr\/boutique\/interieur-2\/decoration-de-sol\/tapis-de-proprete\/#primaryimage"},"image":{"@id":"https:\/\/www.amstelprinting.nl\/fr\/boutique\/interieur-2\/decoration-de-sol\/tapis-de-proprete\/#primaryimage"},"thumbnailUrl":"https:\/\/www.amstelprinting.nl\/wp-content\/uploads\/Vloermatten-bedrukken-schoonloopmat.jpg","datePublished":"2025-01-23T20:05:08+00:00","dateModified":"2026-02-18T11:51:39+00:00","breadcrumb":{"@id":"https:\/\/www.amstelprinting.nl\/fr\/boutique\/interieur-2\/decoration-de-sol\/tapis-de-proprete\/#breadcrumb"},"inLanguage":"fr-FR","potentialAction":[{"@type":"ReadAction","target":["https:\/\/www.amstelprinting.nl\/fr\/boutique\/interieur-2\/decoration-de-sol\/tapis-de-proprete\/"]}]},{"@type":"ImageObject","inLanguage":"fr-FR","@id":"https:\/\/www.amstelprinting.nl\/fr\/boutique\/interieur-2\/decoration-de-sol\/tapis-de-proprete\/#primaryimage","url":"https:\/\/www.amstelprinting.nl\/wp-content\/uploads\/Vloermatten-bedrukken-schoonloopmat.jpg","contentUrl":"https:\/\/www.amstelprinting.nl\/wp-content\/uploads\/Vloermatten-bedrukken-schoonloopmat.jpg","width":2001,"height":2001},{"@type":"BreadcrumbList","@id":"https:\/\/www.amstelprinting.nl\/fr\/boutique\/interieur-2\/decoration-de-sol\/tapis-de-proprete\/#breadcrumb","itemListElement":[{"@type":"ListItem","position":1,"name":"","item":"https:\/\/www.amstelprinting.nl\/fr\/"},{"@type":"ListItem","position":2,"name":"Amstel Printing","item":"https:\/\/www.amstelprinting.nl\/fr\/boutique\/"},{"@type":"ListItem","position":3,"name":"Int\u00e9rieur","item":"https:\/\/www.amstelprinting.nl\/fr\/categorie\/interieur-2\/"},{"@type":"ListItem","position":4,"name":"Bureau","item":"https:\/\/www.amstelprinting.nl\/fr\/categorie\/interieur-2\/bureau\/"},{"@type":"ListItem","position":5,"name":"Tapis de propret\u00e9"}]},{"@type":"WebSite","@id":"https:\/\/www.amstelprinting.nl\/fr\/#website","url":"https:\/\/www.amstelprinting.nl\/fr\/","name":"Amstel Printing","description":"Creating Exposure","publisher":{"@id":"https:\/\/www.amstelprinting.nl\/fr\/#organization"},"potentialAction":[{"@type":"SearchAction","target":{"@type":"EntryPoint","urlTemplate":"https:\/\/www.amstelprinting.nl\/fr\/?s={search_term_string}"},"query-input":{"@type":"PropertyValueSpecification","valueRequired":true,"valueName":"search_term_string"}}],"inLanguage":"fr-FR"},{"@type":"Organization","@id":"https:\/\/www.amstelprinting.nl\/fr\/#organization","name":"Amstel Printing","url":"https:\/\/www.amstelprinting.nl\/fr\/","logo":{"@type":"ImageObject","inLanguage":"fr-FR","@id":"https:\/\/www.amstelprinting.nl\/fr\/#\/schema\/logo\/image\/","url":"https:\/\/www.amstelprinting.nl\/wp-content\/uploads\/amstel_printing_logo_clean.png","contentUrl":"https:\/\/www.amstelprinting.nl\/wp-content\/uploads\/amstel_printing_logo_clean.png","width":324,"height":73,"caption":"Amstel Printing"},"image":{"@id":"https:\/\/www.amstelprinting.nl\/fr\/#\/schema\/logo\/image\/"}}]}},"_links":{"self":[{"href":"https:\/\/www.amstelprinting.nl\/fr\/wp-json\/wp\/v2\/product\/15213","targetHints":{"allow":["GET"]}}],"collection":[{"href":"https:\/\/www.amstelprinting.nl\/fr\/wp-json\/wp\/v2\/product"}],"about":[{"href":"https:\/\/www.amstelprinting.nl\/fr\/wp-json\/wp\/v2\/types\/product"}],"wp:featuredmedia":[{"embeddable":true,"href":"https:\/\/www.amstelprinting.nl\/fr\/wp-json\/wp\/v2\/media\/15215"}],"wp:attachment":[{"href":"https:\/\/www.amstelprinting.nl\/fr\/wp-json\/wp\/v2\/media?parent=15213"}],"wp:term":[{"taxonomy":"product_brand","embeddable":true,"href":"https:\/\/www.amstelprinting.nl\/fr\/wp-json\/wp\/v2\/product_brand?post=15213"},{"taxonomy":"product_cat","embeddable":true,"href":"https:\/\/www.amstelprinting.nl\/fr\/wp-json\/wp\/v2\/product_cat?post=15213"},{"taxonomy":"product_tag","embeddable":true,"href":"https:\/\/www.amstelprinting.nl\/fr\/wp-json\/wp\/v2\/product_tag?post=15213"}],"curies":[{"name":"wp","href":"https:\/\/api.w.org\/{rel}","templated":true}]}}