{"id":15238,"date":"2025-01-23T21:04:47","date_gmt":"2025-01-23T20:04:47","guid":{"rendered":"https:\/\/www.amstelprinting.nl\/winkel\/non%20class\u00e9\/muurcirkel-2\/"},"modified":"2026-02-18T12:51:40","modified_gmt":"2026-02-18T11:51:40","slug":"cercle-mural","status":"publish","type":"product","link":"https:\/\/www.amstelprinting.nl\/fr\/boutique\/interieur-2\/decoration-murale\/cercle-mural\/","title":{"rendered":"Cercle mural"},"content":{"rendered":"<h3>Impression de Cercles muraux<\/h3>\n<p>Donnez \u00e0 votre espace int\u00e9rieur un look unique avec des cercles muraux personnalis\u00e9s. Ces d\u00e9corations \u00e9l\u00e9gantes et modernes peuvent \u00eatre imprim\u00e9es enti\u00e8rement sur mesure. Dot\u00e9s d&rsquo;un <strong>propre design, logo ou motif<\/strong> au choix. Lors du processus de commande, vous pouvez choisir parmi plus de 20 000 motifs standard (dessins).<\/p>\n<h3>Facile \u00e0 suspendre ou \u00e0 poser<\/h3>\n<p>Les cercles muraux imprim\u00e9s sont rapides et faciles \u00e0 suspendre. Suspendez-les \u00e0 l&rsquo;unit\u00e9 ou cr\u00e9ez une belle combinaison de plusieurs cercles muraux (de mani\u00e8re ludique). Utilisez une plaque de suspension, une entretoise lat\u00e9rale ou du ruban adh\u00e9sif double-face pour une fixation simple. Vous pouvez \u00e9galement poser le cercle mural sur un meuble. Ou par exemple le placer sur une \u00e9tag\u00e8re au mur.<\/p>\n<p><strong>Notre conseil cr\u00e9atif<\/strong> : Combinez de petits cercles muraux imprim\u00e9s avec des exemplaires plus grands. Variez entre des impressions avec des textes, des photos et l&rsquo;un de nos 20 000 motifs fixes. Laissez libre cours \u00e0 votre cr\u00e9ativit\u00e9 !<\/p>\n<h3>Avantages des Cercles muraux<\/h3>\n<ul>\n<li>Dot\u00e9s de votre <strong>propre impression<\/strong> ou choisissez parmi plus de 20 000 designs<\/li>\n<li>Parfait pour les salons, les bureaux, les magasins ou les \u00e9v\u00e9nements<\/li>\n<li><strong>Facile \u00e0 appliquer<\/strong> sur des murs plats<\/li>\n<li>\u00c0 commander dans <strong>n&rsquo;importe quel format<\/strong> selon vos souhaits<\/li>\n<li>Choix parmi de <strong>nombreux mat\u00e9riaux<\/strong><\/li>\n<li>S\u00fbr : mat\u00e9riau <strong>ignifuge<\/strong> (certifi\u00e9 B1)<\/li>\n<li>Commandez facilement les mat\u00e9riaux de montage en option<\/li>\n<li>Adapt\u00e9 pour <strong>l&rsquo;int\u00e9rieur et l&rsquo;ext\u00e9rieur<\/strong> (selon le mat\u00e9riau choisi)<\/li>\n<\/ul>\n<p>&nbsp;<\/p>\n<h3>Mat\u00e9riaux<\/h3>\n<p>Nous proposons les cercles muraux avec impression personnalis\u00e9e dans une large gamme de mat\u00e9riaux diff\u00e9rents. Voici un aper\u00e7u des propri\u00e9t\u00e9s par type de mat\u00e9riau. Vous pourrez ainsi configurer et commander rapidement les cercles muraux appropri\u00e9s.<\/p>\n<ul>\n<li><strong>Dibond\u00ae premium 3 mm<\/strong> : Un panneau sandwich en aluminium premium avec un noyau noir, adapt\u00e9 \u00e0 une utilisation int\u00e9rieure et ext\u00e9rieure.<\/li>\n<li><strong>Dibond\u00ae Budget 3 mm<\/strong> : Un panneau sandwich en aluminium \u00e9conomique avec un noyau noir, adapt\u00e9 \u00e0 une utilisation int\u00e9rieure et ext\u00e9rieure.<\/li>\n<li><strong>Dibond\u00ae Butler Finish<\/strong> : Un panneau sandwich en aluminium avec un noyau noir et un aspect acier inoxydable bross\u00e9, adapt\u00e9 \u00e0 une utilisation int\u00e9rieure et ext\u00e9rieure, avec un certificat B1 pour la s\u00e9curit\u00e9 incendie<\/li>\n<li><strong>Forex\u00ae<\/strong> : PVC expans\u00e9 l\u00e9ger, id\u00e9al pour une utilisation int\u00e9rieure et ext\u00e9rieure, avec un certificat B1 pour la s\u00e9curit\u00e9 incendie<\/li>\n<li><strong>Plexiglas<\/strong> : Mat\u00e9riau transparent au look moderne, adapt\u00e9 \u00e0 une utilisation int\u00e9rieure et ext\u00e9rieure, mais sensible aux rayures.<\/li>\n<li><strong>Contreplaqu\u00e9<\/strong> : Bois de peuplier respectueux de l&rsquo;environnement avec un aspect naturel, adapt\u00e9 \u00e0 une utilisation en int\u00e9rieur.<\/li>\n<li><strong>Sign Again<\/strong> : Mat\u00e9riau circulaire fabriqu\u00e9 \u00e0 partir de banni\u00e8res recycl\u00e9es et de d\u00e9chets de coupe, adapt\u00e9 \u00e0 une utilisation int\u00e9rieure et ext\u00e9rieure, r\u00e9sistant aux chocs et flexible.<\/li>\n<\/ul>\n<p>&nbsp;<\/p>\n<h3>Commander des cercles muraux<\/h3>\n<p>Transformez vos murs avec nos cercles muraux et faites une d\u00e9claration qui reste litt\u00e9ralement accroch\u00e9e. Parfait pour les bureaux, les showrooms, ou comme \u00e9l\u00e9ment frappant dans votre maison. Commandez d\u00e8s aujourd&rsquo;hui et d\u00e9couvrez les possibilit\u00e9s infinies pour votre int\u00e9rieur.<\/p>\n","protected":false},"excerpt":{"rendered":"<h3>Dot\u00e9 d&rsquo;une magnifique impression, d&rsquo;un motif ou d&rsquo;une photo personnalis\u00e9e.<\/h3>\n<p>Donnez vie \u00e0 votre int\u00e9rieur avec nos cercles muraux imprim\u00e9s uniques, la d\u00e9coration parfaite pour transformer n&rsquo;importe quel espace. Que vous souhaitiez cr\u00e9er un look moderne ou ajouter une atmosph\u00e8re plus chaleureuse, nos cercles muraux sont polyvalents et \u00e9l\u00e9gants.<\/p>\n","protected":false},"featured_media":15240,"template":"","meta":{"_et_pb_use_builder":"","_et_pb_old_content":"","_et_gb_content_width":""},"product_brand":[],"product_cat":[625,542],"product_tag":[],"class_list":{"0":"post-15238","1":"product","2":"type-product","3":"status-publish","4":"has-post-thumbnail","6":"product_cat-decoration-murale","7":"product_cat-interieur-2","9":"first","10":"instock","11":"taxable","12":"shipping-taxable","13":"purchasable","14":"product-type-simple"},"yoast_head":"<!-- This site is optimized with the Yoast SEO plugin v27.3 - https:\/\/yoast.com\/product\/yoast-seo-wordpress\/ -->\n<title>Cercle mural | Amstel Printing<\/title>\n<meta name=\"robots\" content=\"index, follow, max-snippet:-1, max-image-preview:large, max-video-preview:-1\" \/>\n<link rel=\"canonical\" href=\"https:\/\/www.amstelprinting.nl\/fr\/boutique\/interieur-2\/decoration-murale\/cercle-mural\/\" \/>\n<meta property=\"og:locale\" content=\"fr_FR\" \/>\n<meta property=\"og:type\" content=\"article\" \/>\n<meta property=\"og:title\" content=\"Cercle mural | Amstel Printing\" \/>\n<meta property=\"og:description\" content=\"Dot\u00e9 d&#039;une magnifique impression, d&#039;un motif ou d&#039;une photo personnalis\u00e9e. Donnez vie \u00e0 votre int\u00e9rieur avec nos cercles muraux imprim\u00e9s uniques, la d\u00e9coration parfaite pour transformer n&#039;importe quel espace. Que vous souhaitiez cr\u00e9er un look moderne ou ajouter une atmosph\u00e8re plus chaleureuse, nos cercles muraux sont polyvalents et \u00e9l\u00e9gants.\" \/>\n<meta property=\"og:url\" content=\"https:\/\/www.amstelprinting.nl\/fr\/boutique\/interieur-2\/decoration-murale\/cercle-mural\/\" \/>\n<meta property=\"og:site_name\" content=\"Amstel Printing\" \/>\n<meta property=\"article:modified_time\" content=\"2026-02-18T11:51:40+00:00\" \/>\n<meta property=\"og:image\" content=\"https:\/\/www.amstelprinting.nl\/wp-content\/uploads\/Muurcirkel3.jpg\" \/>\n\t<meta property=\"og:image:width\" content=\"700\" \/>\n\t<meta property=\"og:image:height\" content=\"700\" \/>\n\t<meta property=\"og:image:type\" content=\"image\/jpeg\" \/>\n<meta name=\"twitter:card\" content=\"summary_large_image\" \/>\n<meta name=\"twitter:label1\" content=\"Dur\u00e9e de lecture estim\u00e9e\" \/>\n\t<meta name=\"twitter:data1\" content=\"3 minutes\" \/>\n<script type=\"application\/ld+json\" class=\"yoast-schema-graph\">{\"@context\":\"https:\\\/\\\/schema.org\",\"@graph\":[{\"@type\":\"WebPage\",\"@id\":\"https:\\\/\\\/www.amstelprinting.nl\\\/fr\\\/boutique\\\/interieur-2\\\/decoration-murale\\\/cercle-mural\\\/\",\"url\":\"https:\\\/\\\/www.amstelprinting.nl\\\/fr\\\/boutique\\\/interieur-2\\\/decoration-murale\\\/cercle-mural\\\/\",\"name\":\"Cercle mural | Amstel Printing\",\"isPartOf\":{\"@id\":\"https:\\\/\\\/www.amstelprinting.nl\\\/fr\\\/#website\"},\"primaryImageOfPage\":{\"@id\":\"https:\\\/\\\/www.amstelprinting.nl\\\/fr\\\/boutique\\\/interieur-2\\\/decoration-murale\\\/cercle-mural\\\/#primaryimage\"},\"image\":{\"@id\":\"https:\\\/\\\/www.amstelprinting.nl\\\/fr\\\/boutique\\\/interieur-2\\\/decoration-murale\\\/cercle-mural\\\/#primaryimage\"},\"thumbnailUrl\":\"https:\\\/\\\/www.amstelprinting.nl\\\/wp-content\\\/uploads\\\/Muurcirkel3.jpg\",\"datePublished\":\"2025-01-23T20:04:47+00:00\",\"dateModified\":\"2026-02-18T11:51:40+00:00\",\"breadcrumb\":{\"@id\":\"https:\\\/\\\/www.amstelprinting.nl\\\/fr\\\/boutique\\\/interieur-2\\\/decoration-murale\\\/cercle-mural\\\/#breadcrumb\"},\"inLanguage\":\"fr-FR\",\"potentialAction\":[{\"@type\":\"ReadAction\",\"target\":[\"https:\\\/\\\/www.amstelprinting.nl\\\/fr\\\/boutique\\\/interieur-2\\\/decoration-murale\\\/cercle-mural\\\/\"]}]},{\"@type\":\"ImageObject\",\"inLanguage\":\"fr-FR\",\"@id\":\"https:\\\/\\\/www.amstelprinting.nl\\\/fr\\\/boutique\\\/interieur-2\\\/decoration-murale\\\/cercle-mural\\\/#primaryimage\",\"url\":\"https:\\\/\\\/www.amstelprinting.nl\\\/wp-content\\\/uploads\\\/Muurcirkel3.jpg\",\"contentUrl\":\"https:\\\/\\\/www.amstelprinting.nl\\\/wp-content\\\/uploads\\\/Muurcirkel3.jpg\",\"width\":700,\"height\":700},{\"@type\":\"BreadcrumbList\",\"@id\":\"https:\\\/\\\/www.amstelprinting.nl\\\/fr\\\/boutique\\\/interieur-2\\\/decoration-murale\\\/cercle-mural\\\/#breadcrumb\",\"itemListElement\":[{\"@type\":\"ListItem\",\"position\":1,\"name\":\"\",\"item\":\"https:\\\/\\\/www.amstelprinting.nl\\\/fr\\\/\"},{\"@type\":\"ListItem\",\"position\":2,\"name\":\"Amstel Printing\",\"item\":\"https:\\\/\\\/www.amstelprinting.nl\\\/fr\\\/boutique\\\/\"},{\"@type\":\"ListItem\",\"position\":3,\"name\":\"Int\u00e9rieur\",\"item\":\"https:\\\/\\\/www.amstelprinting.nl\\\/fr\\\/categorie\\\/interieur-2\\\/\"},{\"@type\":\"ListItem\",\"position\":4,\"name\":\"D\u00e9coration murale\",\"item\":\"https:\\\/\\\/www.amstelprinting.nl\\\/fr\\\/categorie\\\/interieur-2\\\/decoration-murale\\\/\"},{\"@type\":\"ListItem\",\"position\":5,\"name\":\"Cercle mural\"}]},{\"@type\":\"WebSite\",\"@id\":\"https:\\\/\\\/www.amstelprinting.nl\\\/fr\\\/#website\",\"url\":\"https:\\\/\\\/www.amstelprinting.nl\\\/fr\\\/\",\"name\":\"Amstel Printing\",\"description\":\"Creating Exposure\",\"publisher\":{\"@id\":\"https:\\\/\\\/www.amstelprinting.nl\\\/fr\\\/#organization\"},\"potentialAction\":[{\"@type\":\"SearchAction\",\"target\":{\"@type\":\"EntryPoint\",\"urlTemplate\":\"https:\\\/\\\/www.amstelprinting.nl\\\/fr\\\/?s={search_term_string}\"},\"query-input\":{\"@type\":\"PropertyValueSpecification\",\"valueRequired\":true,\"valueName\":\"search_term_string\"}}],\"inLanguage\":\"fr-FR\"},{\"@type\":\"Organization\",\"@id\":\"https:\\\/\\\/www.amstelprinting.nl\\\/fr\\\/#organization\",\"name\":\"Amstel Printing\",\"url\":\"https:\\\/\\\/www.amstelprinting.nl\\\/fr\\\/\",\"logo\":{\"@type\":\"ImageObject\",\"inLanguage\":\"fr-FR\",\"@id\":\"https:\\\/\\\/www.amstelprinting.nl\\\/fr\\\/#\\\/schema\\\/logo\\\/image\\\/\",\"url\":\"https:\\\/\\\/www.amstelprinting.nl\\\/wp-content\\\/uploads\\\/amstel_printing_logo_clean.png\",\"contentUrl\":\"https:\\\/\\\/www.amstelprinting.nl\\\/wp-content\\\/uploads\\\/amstel_printing_logo_clean.png\",\"width\":324,\"height\":73,\"caption\":\"Amstel Printing\"},\"image\":{\"@id\":\"https:\\\/\\\/www.amstelprinting.nl\\\/fr\\\/#\\\/schema\\\/logo\\\/image\\\/\"}}]}<\/script>\n<!-- \/ Yoast SEO plugin. -->","yoast_head_json":{"title":"Cercle mural | Amstel Printing","robots":{"index":"index","follow":"follow","max-snippet":"max-snippet:-1","max-image-preview":"max-image-preview:large","max-video-preview":"max-video-preview:-1"},"canonical":"https:\/\/www.amstelprinting.nl\/fr\/boutique\/interieur-2\/decoration-murale\/cercle-mural\/","og_locale":"fr_FR","og_type":"article","og_title":"Cercle mural | Amstel Printing","og_description":"Dot\u00e9 d'une magnifique impression, d'un motif ou d'une photo personnalis\u00e9e. Donnez vie \u00e0 votre int\u00e9rieur avec nos cercles muraux imprim\u00e9s uniques, la d\u00e9coration parfaite pour transformer n'importe quel espace. Que vous souhaitiez cr\u00e9er un look moderne ou ajouter une atmosph\u00e8re plus chaleureuse, nos cercles muraux sont polyvalents et \u00e9l\u00e9gants.","og_url":"https:\/\/www.amstelprinting.nl\/fr\/boutique\/interieur-2\/decoration-murale\/cercle-mural\/","og_site_name":"Amstel Printing","article_modified_time":"2026-02-18T11:51:40+00:00","og_image":[{"width":700,"height":700,"url":"https:\/\/www.amstelprinting.nl\/wp-content\/uploads\/Muurcirkel3.jpg","type":"image\/jpeg"}],"twitter_card":"summary_large_image","twitter_misc":{"Dur\u00e9e de lecture estim\u00e9e":"3 minutes"},"schema":{"@context":"https:\/\/schema.org","@graph":[{"@type":"WebPage","@id":"https:\/\/www.amstelprinting.nl\/fr\/boutique\/interieur-2\/decoration-murale\/cercle-mural\/","url":"https:\/\/www.amstelprinting.nl\/fr\/boutique\/interieur-2\/decoration-murale\/cercle-mural\/","name":"Cercle mural | Amstel Printing","isPartOf":{"@id":"https:\/\/www.amstelprinting.nl\/fr\/#website"},"primaryImageOfPage":{"@id":"https:\/\/www.amstelprinting.nl\/fr\/boutique\/interieur-2\/decoration-murale\/cercle-mural\/#primaryimage"},"image":{"@id":"https:\/\/www.amstelprinting.nl\/fr\/boutique\/interieur-2\/decoration-murale\/cercle-mural\/#primaryimage"},"thumbnailUrl":"https:\/\/www.amstelprinting.nl\/wp-content\/uploads\/Muurcirkel3.jpg","datePublished":"2025-01-23T20:04:47+00:00","dateModified":"2026-02-18T11:51:40+00:00","breadcrumb":{"@id":"https:\/\/www.amstelprinting.nl\/fr\/boutique\/interieur-2\/decoration-murale\/cercle-mural\/#breadcrumb"},"inLanguage":"fr-FR","potentialAction":[{"@type":"ReadAction","target":["https:\/\/www.amstelprinting.nl\/fr\/boutique\/interieur-2\/decoration-murale\/cercle-mural\/"]}]},{"@type":"ImageObject","inLanguage":"fr-FR","@id":"https:\/\/www.amstelprinting.nl\/fr\/boutique\/interieur-2\/decoration-murale\/cercle-mural\/#primaryimage","url":"https:\/\/www.amstelprinting.nl\/wp-content\/uploads\/Muurcirkel3.jpg","contentUrl":"https:\/\/www.amstelprinting.nl\/wp-content\/uploads\/Muurcirkel3.jpg","width":700,"height":700},{"@type":"BreadcrumbList","@id":"https:\/\/www.amstelprinting.nl\/fr\/boutique\/interieur-2\/decoration-murale\/cercle-mural\/#breadcrumb","itemListElement":[{"@type":"ListItem","position":1,"name":"","item":"https:\/\/www.amstelprinting.nl\/fr\/"},{"@type":"ListItem","position":2,"name":"Amstel Printing","item":"https:\/\/www.amstelprinting.nl\/fr\/boutique\/"},{"@type":"ListItem","position":3,"name":"Int\u00e9rieur","item":"https:\/\/www.amstelprinting.nl\/fr\/categorie\/interieur-2\/"},{"@type":"ListItem","position":4,"name":"D\u00e9coration murale","item":"https:\/\/www.amstelprinting.nl\/fr\/categorie\/interieur-2\/decoration-murale\/"},{"@type":"ListItem","position":5,"name":"Cercle mural"}]},{"@type":"WebSite","@id":"https:\/\/www.amstelprinting.nl\/fr\/#website","url":"https:\/\/www.amstelprinting.nl\/fr\/","name":"Amstel Printing","description":"Creating Exposure","publisher":{"@id":"https:\/\/www.amstelprinting.nl\/fr\/#organization"},"potentialAction":[{"@type":"SearchAction","target":{"@type":"EntryPoint","urlTemplate":"https:\/\/www.amstelprinting.nl\/fr\/?s={search_term_string}"},"query-input":{"@type":"PropertyValueSpecification","valueRequired":true,"valueName":"search_term_string"}}],"inLanguage":"fr-FR"},{"@type":"Organization","@id":"https:\/\/www.amstelprinting.nl\/fr\/#organization","name":"Amstel Printing","url":"https:\/\/www.amstelprinting.nl\/fr\/","logo":{"@type":"ImageObject","inLanguage":"fr-FR","@id":"https:\/\/www.amstelprinting.nl\/fr\/#\/schema\/logo\/image\/","url":"https:\/\/www.amstelprinting.nl\/wp-content\/uploads\/amstel_printing_logo_clean.png","contentUrl":"https:\/\/www.amstelprinting.nl\/wp-content\/uploads\/amstel_printing_logo_clean.png","width":324,"height":73,"caption":"Amstel Printing"},"image":{"@id":"https:\/\/www.amstelprinting.nl\/fr\/#\/schema\/logo\/image\/"}}]}},"_links":{"self":[{"href":"https:\/\/www.amstelprinting.nl\/fr\/wp-json\/wp\/v2\/product\/15238","targetHints":{"allow":["GET"]}}],"collection":[{"href":"https:\/\/www.amstelprinting.nl\/fr\/wp-json\/wp\/v2\/product"}],"about":[{"href":"https:\/\/www.amstelprinting.nl\/fr\/wp-json\/wp\/v2\/types\/product"}],"wp:featuredmedia":[{"embeddable":true,"href":"https:\/\/www.amstelprinting.nl\/fr\/wp-json\/wp\/v2\/media\/15240"}],"wp:attachment":[{"href":"https:\/\/www.amstelprinting.nl\/fr\/wp-json\/wp\/v2\/media?parent=15238"}],"wp:term":[{"taxonomy":"product_brand","embeddable":true,"href":"https:\/\/www.amstelprinting.nl\/fr\/wp-json\/wp\/v2\/product_brand?post=15238"},{"taxonomy":"product_cat","embeddable":true,"href":"https:\/\/www.amstelprinting.nl\/fr\/wp-json\/wp\/v2\/product_cat?post=15238"},{"taxonomy":"product_tag","embeddable":true,"href":"https:\/\/www.amstelprinting.nl\/fr\/wp-json\/wp\/v2\/product_tag?post=15238"}],"curies":[{"name":"wp","href":"https:\/\/api.w.org\/{rel}","templated":true}]}}