{"id":15252,"date":"2025-01-23T21:04:34","date_gmt":"2025-01-23T20:04:34","guid":{"rendered":"https:\/\/www.amstelprinting.nl\/winkel\/non%20class\u00e9\/transportkoffer-print\/"},"modified":"2026-02-18T12:51:41","modified_gmt":"2026-02-18T11:51:41","slug":"impression-pour-mallette-de-transport","status":"publish","type":"product","link":"https:\/\/www.amstelprinting.nl\/fr\/boutique\/salon-et-evenement\/decoration\/impression-pour-mallette-de-transport\/","title":{"rendered":"Impression pour mallette de transport"},"content":{"rendered":"<h3>Mallette de transport pour le mur d&rsquo;exposition<\/h3>\n<p>Avec notre impression sur mesure pour la mallette de transport, vous disposez d&rsquo;un puissant outil de branding qui fait rayonner votre marque lors de chaque \u00e9v\u00e9nement. Gr\u00e2ce au changement facile et \u00e0 l&rsquo;aspect professionnel, vous \u00eates toujours pr\u00eat \u00e0 impressionner. Avec le mod\u00e8le facile \u00e0 utiliser, disponible sous les t\u00e9l\u00e9chargements, vous pouvez cr\u00e9er votre design facilement et rapidement. Adaptez la mallette \u00e0 votre identit\u00e9 visuelle ou \u00e0 votre campagne, et assurez-vous que votre marque se d\u00e9marque toujours. Vous recherchez un mur pop-up courbe ? Cliquez alors <a href=\"https:\/\/www.amstelprinting.nl\/fr\/boutique\/salon-et-evenement\/murs-dexposition\/mur-dimage-pop-up-courbe\/\">ici<\/a>.<\/p>\n<h3>Avantages<\/h3>\n<ul>\n<li>Transformez votre mallette de transport avec une impression sur mesure<\/li>\n<li>Changez l&rsquo;impression sans effort gr\u00e2ce \u00e0 la fixation velcro<\/li>\n<li>Fabriqu\u00e9 en PVC flexible avec un certificat B2<\/li>\n<\/ul>\n<p>&nbsp;<\/p>\n<h3>Format et mat\u00e9riau<\/h3>\n<p>Avec un format de 181 x 78,7 cm, cette impression est parfaitement adapt\u00e9e \u00e0 votre mallette de transport. Fabriqu\u00e9e en PVC flexible, l&rsquo;impression offre durabilit\u00e9 et un aspect de haute qualit\u00e9. De plus, le mat\u00e9riau est ignifuge avec un certificat B2, ce qui vous permet de transporter vos mat\u00e9riels en toute s\u00e9r\u00e9nit\u00e9.<\/p>\n<h3>Utilisation multifonctionnelle<\/h3>\n<p>Un conseil pratique : utilisez la mallette comme comptoir d&rsquo;exposition ! Gr\u00e2ce \u00e0 la possibilit\u00e9 de changer facilement l&rsquo;impression, vous pouvez transformer cette mallette pour chaque \u00e9v\u00e9nement, salon ou action sp\u00e9ciale. La fixation velcro rend le changement d&rsquo;impression aussi simple que possible. Cela vous permet de toujours donner un aspect frais et actuel \u00e0 votre pr\u00e9sentation, adapt\u00e9 \u00e0 l&rsquo;objectif sp\u00e9cifique de l&rsquo;\u00e9v\u00e9nement.<\/p>\n","protected":false},"excerpt":{"rendered":"<h3>Pour le mur pop-up courbe<\/h3>\n<p>L&rsquo;impression pour la mallette d&rsquo;un mur d&rsquo;exposition courbe. Donnez \u00e0 votre mallette de transport un aspect professionnel avec notre impression sur mesure, sp\u00e9cialement con\u00e7ue pour le transport des \u00e9l\u00e9ments de votre mur pop-up courbe. Cette impression offre non seulement une protection, maar ook een unieke kans om uw merk te promoten.<\/p>\n","protected":false},"featured_media":15253,"template":"","meta":{"_et_pb_use_builder":"","_et_pb_old_content":"","_et_gb_content_width":""},"product_brand":[],"product_cat":[312,424,428],"product_tag":[],"class_list":{"0":"post-15252","1":"product","2":"type-product","3":"status-publish","4":"has-post-thumbnail","6":"product_cat-autocollants-et-impression","7":"product_cat-decoration","8":"product_cat-salon-et-evenement","10":"first","11":"instock","12":"taxable","13":"shipping-taxable","14":"purchasable","15":"product-type-simple"},"yoast_head":"<!-- This site is optimized with the Yoast SEO plugin v27.3 - https:\/\/yoast.com\/product\/yoast-seo-wordpress\/ -->\n<title>Impression pour mallette de transport \u2013 Pour le branding &amp; une protection optimale<\/title>\n<meta name=\"description\" content=\"Transformez votre mallette de transport pour murs pop-up en un puissant outil de marketing avec des impressions durables et sur mesure.\" \/>\n<meta name=\"robots\" content=\"index, follow, max-snippet:-1, max-image-preview:large, max-video-preview:-1\" \/>\n<link rel=\"canonical\" href=\"https:\/\/www.amstelprinting.nl\/fr\/boutique\/salon-et-evenement\/decoration\/impression-pour-mallette-de-transport\/\" \/>\n<meta property=\"og:locale\" content=\"fr_FR\" \/>\n<meta property=\"og:type\" content=\"article\" \/>\n<meta property=\"og:title\" content=\"Impression pour mallette de transport \u2013 Pour le branding &amp; une protection optimale\" \/>\n<meta property=\"og:description\" content=\"Transformez votre mallette de transport pour murs pop-up en un puissant outil de marketing avec des impressions durables et sur mesure.\" \/>\n<meta property=\"og:url\" content=\"https:\/\/www.amstelprinting.nl\/fr\/boutique\/salon-et-evenement\/decoration\/impression-pour-mallette-de-transport\/\" \/>\n<meta property=\"og:site_name\" content=\"Amstel Printing\" \/>\n<meta property=\"article:modified_time\" content=\"2026-02-18T11:51:41+00:00\" \/>\n<meta property=\"og:image\" content=\"https:\/\/www.amstelprinting.nl\/wp-content\/uploads\/kofferprint-bedrukken.png\" \/>\n\t<meta property=\"og:image:width\" content=\"900\" \/>\n\t<meta property=\"og:image:height\" content=\"900\" \/>\n\t<meta property=\"og:image:type\" content=\"image\/png\" \/>\n<meta name=\"twitter:card\" content=\"summary_large_image\" \/>\n<meta name=\"twitter:label1\" content=\"Dur\u00e9e de lecture estim\u00e9e\" \/>\n\t<meta name=\"twitter:data1\" content=\"1 minute\" \/>\n<script type=\"application\/ld+json\" class=\"yoast-schema-graph\">{\"@context\":\"https:\\\/\\\/schema.org\",\"@graph\":[{\"@type\":\"WebPage\",\"@id\":\"https:\\\/\\\/www.amstelprinting.nl\\\/fr\\\/boutique\\\/salon-et-evenement\\\/decoration\\\/impression-pour-mallette-de-transport\\\/\",\"url\":\"https:\\\/\\\/www.amstelprinting.nl\\\/fr\\\/boutique\\\/salon-et-evenement\\\/decoration\\\/impression-pour-mallette-de-transport\\\/\",\"name\":\"Impression pour mallette de transport \u2013 Pour le branding & une protection optimale\",\"isPartOf\":{\"@id\":\"https:\\\/\\\/www.amstelprinting.nl\\\/fr\\\/#website\"},\"primaryImageOfPage\":{\"@id\":\"https:\\\/\\\/www.amstelprinting.nl\\\/fr\\\/boutique\\\/salon-et-evenement\\\/decoration\\\/impression-pour-mallette-de-transport\\\/#primaryimage\"},\"image\":{\"@id\":\"https:\\\/\\\/www.amstelprinting.nl\\\/fr\\\/boutique\\\/salon-et-evenement\\\/decoration\\\/impression-pour-mallette-de-transport\\\/#primaryimage\"},\"thumbnailUrl\":\"https:\\\/\\\/www.amstelprinting.nl\\\/wp-content\\\/uploads\\\/kofferprint-bedrukken.png\",\"datePublished\":\"2025-01-23T20:04:34+00:00\",\"dateModified\":\"2026-02-18T11:51:41+00:00\",\"description\":\"Transformez votre mallette de transport pour murs pop-up en un puissant outil de marketing avec des impressions durables et sur mesure.\",\"breadcrumb\":{\"@id\":\"https:\\\/\\\/www.amstelprinting.nl\\\/fr\\\/boutique\\\/salon-et-evenement\\\/decoration\\\/impression-pour-mallette-de-transport\\\/#breadcrumb\"},\"inLanguage\":\"fr-FR\",\"potentialAction\":[{\"@type\":\"ReadAction\",\"target\":[\"https:\\\/\\\/www.amstelprinting.nl\\\/fr\\\/boutique\\\/salon-et-evenement\\\/decoration\\\/impression-pour-mallette-de-transport\\\/\"]}]},{\"@type\":\"ImageObject\",\"inLanguage\":\"fr-FR\",\"@id\":\"https:\\\/\\\/www.amstelprinting.nl\\\/fr\\\/boutique\\\/salon-et-evenement\\\/decoration\\\/impression-pour-mallette-de-transport\\\/#primaryimage\",\"url\":\"https:\\\/\\\/www.amstelprinting.nl\\\/wp-content\\\/uploads\\\/kofferprint-bedrukken.png\",\"contentUrl\":\"https:\\\/\\\/www.amstelprinting.nl\\\/wp-content\\\/uploads\\\/kofferprint-bedrukken.png\",\"width\":900,\"height\":900},{\"@type\":\"BreadcrumbList\",\"@id\":\"https:\\\/\\\/www.amstelprinting.nl\\\/fr\\\/boutique\\\/salon-et-evenement\\\/decoration\\\/impression-pour-mallette-de-transport\\\/#breadcrumb\",\"itemListElement\":[{\"@type\":\"ListItem\",\"position\":1,\"name\":\"\",\"item\":\"https:\\\/\\\/www.amstelprinting.nl\\\/fr\\\/\"},{\"@type\":\"ListItem\",\"position\":2,\"name\":\"Amstel Printing\",\"item\":\"https:\\\/\\\/www.amstelprinting.nl\\\/fr\\\/boutique\\\/\"},{\"@type\":\"ListItem\",\"position\":3,\"name\":\"Salon et \u00e9v\u00e9nement\",\"item\":\"https:\\\/\\\/www.amstelprinting.nl\\\/fr\\\/categorie\\\/salon-et-evenement\\\/\"},{\"@type\":\"ListItem\",\"position\":4,\"name\":\"D\u00e9coration\",\"item\":\"https:\\\/\\\/www.amstelprinting.nl\\\/fr\\\/categorie\\\/salon-et-evenement\\\/decoration\\\/\"},{\"@type\":\"ListItem\",\"position\":5,\"name\":\"Impression pour mallette de transport\"}]},{\"@type\":\"WebSite\",\"@id\":\"https:\\\/\\\/www.amstelprinting.nl\\\/fr\\\/#website\",\"url\":\"https:\\\/\\\/www.amstelprinting.nl\\\/fr\\\/\",\"name\":\"Amstel Printing\",\"description\":\"Creating Exposure\",\"publisher\":{\"@id\":\"https:\\\/\\\/www.amstelprinting.nl\\\/fr\\\/#organization\"},\"potentialAction\":[{\"@type\":\"SearchAction\",\"target\":{\"@type\":\"EntryPoint\",\"urlTemplate\":\"https:\\\/\\\/www.amstelprinting.nl\\\/fr\\\/?s={search_term_string}\"},\"query-input\":{\"@type\":\"PropertyValueSpecification\",\"valueRequired\":true,\"valueName\":\"search_term_string\"}}],\"inLanguage\":\"fr-FR\"},{\"@type\":\"Organization\",\"@id\":\"https:\\\/\\\/www.amstelprinting.nl\\\/fr\\\/#organization\",\"name\":\"Amstel Printing\",\"url\":\"https:\\\/\\\/www.amstelprinting.nl\\\/fr\\\/\",\"logo\":{\"@type\":\"ImageObject\",\"inLanguage\":\"fr-FR\",\"@id\":\"https:\\\/\\\/www.amstelprinting.nl\\\/fr\\\/#\\\/schema\\\/logo\\\/image\\\/\",\"url\":\"https:\\\/\\\/www.amstelprinting.nl\\\/wp-content\\\/uploads\\\/amstel_printing_logo_clean.png\",\"contentUrl\":\"https:\\\/\\\/www.amstelprinting.nl\\\/wp-content\\\/uploads\\\/amstel_printing_logo_clean.png\",\"width\":324,\"height\":73,\"caption\":\"Amstel Printing\"},\"image\":{\"@id\":\"https:\\\/\\\/www.amstelprinting.nl\\\/fr\\\/#\\\/schema\\\/logo\\\/image\\\/\"}}]}<\/script>\n<!-- \/ Yoast SEO plugin. -->","yoast_head_json":{"title":"Impression pour mallette de transport \u2013 Pour le branding & une protection optimale","description":"Transformez votre mallette de transport pour murs pop-up en un puissant outil de marketing avec des impressions durables et sur mesure.","robots":{"index":"index","follow":"follow","max-snippet":"max-snippet:-1","max-image-preview":"max-image-preview:large","max-video-preview":"max-video-preview:-1"},"canonical":"https:\/\/www.amstelprinting.nl\/fr\/boutique\/salon-et-evenement\/decoration\/impression-pour-mallette-de-transport\/","og_locale":"fr_FR","og_type":"article","og_title":"Impression pour mallette de transport \u2013 Pour le branding & une protection optimale","og_description":"Transformez votre mallette de transport pour murs pop-up en un puissant outil de marketing avec des impressions durables et sur mesure.","og_url":"https:\/\/www.amstelprinting.nl\/fr\/boutique\/salon-et-evenement\/decoration\/impression-pour-mallette-de-transport\/","og_site_name":"Amstel Printing","article_modified_time":"2026-02-18T11:51:41+00:00","og_image":[{"width":900,"height":900,"url":"https:\/\/www.amstelprinting.nl\/wp-content\/uploads\/kofferprint-bedrukken.png","type":"image\/png"}],"twitter_card":"summary_large_image","twitter_misc":{"Dur\u00e9e de lecture estim\u00e9e":"1 minute"},"schema":{"@context":"https:\/\/schema.org","@graph":[{"@type":"WebPage","@id":"https:\/\/www.amstelprinting.nl\/fr\/boutique\/salon-et-evenement\/decoration\/impression-pour-mallette-de-transport\/","url":"https:\/\/www.amstelprinting.nl\/fr\/boutique\/salon-et-evenement\/decoration\/impression-pour-mallette-de-transport\/","name":"Impression pour mallette de transport \u2013 Pour le branding & une protection optimale","isPartOf":{"@id":"https:\/\/www.amstelprinting.nl\/fr\/#website"},"primaryImageOfPage":{"@id":"https:\/\/www.amstelprinting.nl\/fr\/boutique\/salon-et-evenement\/decoration\/impression-pour-mallette-de-transport\/#primaryimage"},"image":{"@id":"https:\/\/www.amstelprinting.nl\/fr\/boutique\/salon-et-evenement\/decoration\/impression-pour-mallette-de-transport\/#primaryimage"},"thumbnailUrl":"https:\/\/www.amstelprinting.nl\/wp-content\/uploads\/kofferprint-bedrukken.png","datePublished":"2025-01-23T20:04:34+00:00","dateModified":"2026-02-18T11:51:41+00:00","description":"Transformez votre mallette de transport pour murs pop-up en un puissant outil de marketing avec des impressions durables et sur mesure.","breadcrumb":{"@id":"https:\/\/www.amstelprinting.nl\/fr\/boutique\/salon-et-evenement\/decoration\/impression-pour-mallette-de-transport\/#breadcrumb"},"inLanguage":"fr-FR","potentialAction":[{"@type":"ReadAction","target":["https:\/\/www.amstelprinting.nl\/fr\/boutique\/salon-et-evenement\/decoration\/impression-pour-mallette-de-transport\/"]}]},{"@type":"ImageObject","inLanguage":"fr-FR","@id":"https:\/\/www.amstelprinting.nl\/fr\/boutique\/salon-et-evenement\/decoration\/impression-pour-mallette-de-transport\/#primaryimage","url":"https:\/\/www.amstelprinting.nl\/wp-content\/uploads\/kofferprint-bedrukken.png","contentUrl":"https:\/\/www.amstelprinting.nl\/wp-content\/uploads\/kofferprint-bedrukken.png","width":900,"height":900},{"@type":"BreadcrumbList","@id":"https:\/\/www.amstelprinting.nl\/fr\/boutique\/salon-et-evenement\/decoration\/impression-pour-mallette-de-transport\/#breadcrumb","itemListElement":[{"@type":"ListItem","position":1,"name":"","item":"https:\/\/www.amstelprinting.nl\/fr\/"},{"@type":"ListItem","position":2,"name":"Amstel Printing","item":"https:\/\/www.amstelprinting.nl\/fr\/boutique\/"},{"@type":"ListItem","position":3,"name":"Salon et \u00e9v\u00e9nement","item":"https:\/\/www.amstelprinting.nl\/fr\/categorie\/salon-et-evenement\/"},{"@type":"ListItem","position":4,"name":"D\u00e9coration","item":"https:\/\/www.amstelprinting.nl\/fr\/categorie\/salon-et-evenement\/decoration\/"},{"@type":"ListItem","position":5,"name":"Impression pour mallette de transport"}]},{"@type":"WebSite","@id":"https:\/\/www.amstelprinting.nl\/fr\/#website","url":"https:\/\/www.amstelprinting.nl\/fr\/","name":"Amstel Printing","description":"Creating Exposure","publisher":{"@id":"https:\/\/www.amstelprinting.nl\/fr\/#organization"},"potentialAction":[{"@type":"SearchAction","target":{"@type":"EntryPoint","urlTemplate":"https:\/\/www.amstelprinting.nl\/fr\/?s={search_term_string}"},"query-input":{"@type":"PropertyValueSpecification","valueRequired":true,"valueName":"search_term_string"}}],"inLanguage":"fr-FR"},{"@type":"Organization","@id":"https:\/\/www.amstelprinting.nl\/fr\/#organization","name":"Amstel Printing","url":"https:\/\/www.amstelprinting.nl\/fr\/","logo":{"@type":"ImageObject","inLanguage":"fr-FR","@id":"https:\/\/www.amstelprinting.nl\/fr\/#\/schema\/logo\/image\/","url":"https:\/\/www.amstelprinting.nl\/wp-content\/uploads\/amstel_printing_logo_clean.png","contentUrl":"https:\/\/www.amstelprinting.nl\/wp-content\/uploads\/amstel_printing_logo_clean.png","width":324,"height":73,"caption":"Amstel Printing"},"image":{"@id":"https:\/\/www.amstelprinting.nl\/fr\/#\/schema\/logo\/image\/"}}]}},"_links":{"self":[{"href":"https:\/\/www.amstelprinting.nl\/fr\/wp-json\/wp\/v2\/product\/15252","targetHints":{"allow":["GET"]}}],"collection":[{"href":"https:\/\/www.amstelprinting.nl\/fr\/wp-json\/wp\/v2\/product"}],"about":[{"href":"https:\/\/www.amstelprinting.nl\/fr\/wp-json\/wp\/v2\/types\/product"}],"wp:featuredmedia":[{"embeddable":true,"href":"https:\/\/www.amstelprinting.nl\/fr\/wp-json\/wp\/v2\/media\/15253"}],"wp:attachment":[{"href":"https:\/\/www.amstelprinting.nl\/fr\/wp-json\/wp\/v2\/media?parent=15252"}],"wp:term":[{"taxonomy":"product_brand","embeddable":true,"href":"https:\/\/www.amstelprinting.nl\/fr\/wp-json\/wp\/v2\/product_brand?post=15252"},{"taxonomy":"product_cat","embeddable":true,"href":"https:\/\/www.amstelprinting.nl\/fr\/wp-json\/wp\/v2\/product_cat?post=15252"},{"taxonomy":"product_tag","embeddable":true,"href":"https:\/\/www.amstelprinting.nl\/fr\/wp-json\/wp\/v2\/product_tag?post=15252"}],"curies":[{"name":"wp","href":"https:\/\/api.w.org\/{rel}","templated":true}]}}