{"id":15272,"date":"2025-01-23T21:04:07","date_gmt":"2025-01-23T20:04:07","guid":{"rendered":"https:\/\/www.amstelprinting.nl\/winkel\/non%20class\u00e9\/rechte-pop-up-balie-2\/"},"modified":"2026-02-18T12:51:41","modified_gmt":"2026-02-18T11:51:41","slug":"comptoir-pop-up-droit","status":"publish","type":"product","link":"https:\/\/www.amstelprinting.nl\/fr\/boutique\/salon-et-evenement\/murs-dexposition\/comptoir-pop-up-droit\/","title":{"rendered":"Comptoir pop-up droit"},"content":{"rendered":"<h3>Commander un comptoir d&rsquo;exposition<\/h3>\n<p>Faites impression lors de votre prochain \u00e9v\u00e9nement avec ce comptoir d&rsquo;exposition droit. Enti\u00e8rement personnalis\u00e9 avec votre propre design. Ce comptoir pratique et \u00e9l\u00e9gant offre suffisamment d&rsquo;espace pour pr\u00e9senter vos produits ou informations. Id\u00e9al pour les salons, \u00e9v\u00e9nements ou promotions. Le montage est un jeu d&rsquo;enfant, sans outils ! Apr\u00e8s utilisation, rangez ce comptoir d&rsquo;exposition dans le sac de transport compact fourni.<\/p>\n<h3>Avantages<\/h3>\n<ul>\n<li>Disponible en deux mat\u00e9riaux<\/li>\n<li>Mont\u00e9 en un tour de main (sans outils)<\/li>\n<li>Sac de transport pratique inclus (rangement et transport compact)<\/li>\n<li>Nouveau design ? Commandez simplement un visuel seul<\/li>\n<\/ul>\n<p>&nbsp;<\/p>\n<h3>Mat\u00e9riaux<\/h3>\n<p>Choisissez parmi deux types de mat\u00e9riaux pour votre comptoir d&rsquo;exposition :<\/p>\n<ul>\n<li><strong>Tissu d\u00e9co<\/strong> : Cette toile de polyester souple \u00e0 structure fine offre des couleurs \u00e9clatantes qui font briller votre design. Gardez \u00e0 l&rsquo;esprit que dans des espaces tr\u00e8s \u00e9clair\u00e9s, le cadre peut transpara\u00eetre \u00e0 travers la toile du comptoir.<\/li>\n<li><strong>Blackback Soft<\/strong> : Cette toile polyester block-out avec un envers noir est parfaite pour les situations o\u00f9 l&rsquo;absorption de la lumi\u00e8re et la minimisation des interf\u00e9rences d&rsquo;arri\u00e8re-plan sont essentielles. La toile est inodore, pliable et dispose d&rsquo;un certificat B1 de s\u00e9curit\u00e9 incendie, ce qui la rend id\u00e9ale pour une utilisation intensive lors de salons et d&rsquo;\u00e9v\u00e9nements.<\/li>\n<\/ul>\n<p>&nbsp;<\/p>\n<h3>D\u00e9ballage, installation et transport<\/h3>\n<p>Vous recevrez le comptoir avec un sac de transport, dans lequel vous pourrez ranger le comptoir. Pendant le transport, vous pouvez laisser la toile fix\u00e9e au cadre. Cela vous permet de monter le comptoir pop-up en seulement cinq minutes. La solidit\u00e9 du cadre est assur\u00e9e par des connecteurs en plastique. L&rsquo;\u00e9tag\u00e8re en plastique offre un espace de rangement suppl\u00e9mentaire et contribue, avec le plateau en bois, \u00e0 la stabilit\u00e9.<\/p>\n<p>Pr\u00e9sentez votre marque de la meilleure fa\u00e7on possible avec notre comptoir d&rsquo;exposition mobile et attirez toute l&rsquo;attention lors de votre prochain \u00e9v\u00e9nement ! Utilisez nos mod\u00e8les pratiques, disponibles sous les t\u00e9l\u00e9chargements, pour cr\u00e9er facilement votre propre design. Avec notre comptoir d&rsquo;exposition mobile, vous \u00eates assur\u00e9 d&rsquo;une pr\u00e9sentation professionnelle et remarquable qui attire l&rsquo;attention et repr\u00e9sente votre marque de la meilleure fa\u00e7on possible.<\/p>\n<h3>Comptoir d&rsquo;exposition avec \u00e9clairage LED ?<\/h3>\n<p>Vous voulez vraiment vous d\u00e9marquer ? Choisissez alors notre comptoir Pixlip Go, une variante avec \u00e9clairage int\u00e9gr\u00e9, qui garantit que votre message soit sous les projecteurs.<\/p>\n","protected":false},"excerpt":{"rendered":"<h3>Comptoir mobile pour stand d&rsquo;exposition. Dot\u00e9 d&rsquo;une impression magnifique.<\/h3>\n<p>Faites une impression durable lors de votre prochain salon ou \u00e9v\u00e9nement avec notre comptoir d&rsquo;exposition mobile (\u00e9galement appel\u00e9 comptoir d&rsquo;exposition, comptoir ou bureau). Ce comptoir n&rsquo;est pas seulement un accroche-regard, il offre \u00e9galement la combinaison parfaite de fonctionnalit\u00e9 et de design. Notre comptoir d&rsquo;exposition est disponible en kit complet, incluant un plateau sup\u00e9rieur noir et une \u00e9tag\u00e8re, ou vous pouvez choisir des pi\u00e8ces d\u00e9tach\u00e9es telles que la toile de comptoir imprim\u00e9e seule ou un syst\u00e8me seul.<\/p>\n","protected":false},"featured_media":15273,"template":"","meta":{"_et_pb_use_builder":"","_et_pb_old_content":"","_et_gb_content_width":""},"product_brand":[],"product_cat":[424,413,387,380,428],"product_tag":[],"class_list":{"0":"post-15272","1":"product","2":"type-product","3":"status-publish","4":"has-post-thumbnail","6":"product_cat-decoration","7":"product_cat-murs-dexposition","8":"product_cat-presentation","9":"product_cat-publicite-interieure","10":"product_cat-salon-et-evenement","12":"first","13":"instock","14":"taxable","15":"shipping-taxable","16":"purchasable","17":"product-type-simple"},"yoast_head":"<!-- This site is optimized with the Yoast SEO plugin v27.3 - https:\/\/yoast.com\/product\/yoast-seo-wordpress\/ -->\n<title>Comptoir pop-up droit \u2013 Montage facile | Livraison rapide<\/title>\n<meta name=\"description\" content=\"D\u00e9couvrez le comptoir pop-up droit pour une pr\u00e9sentation de marque percutante lors de salons et d&#039;\u00e9v\u00e9nements. Demandez votre devis d\u00e8s maintenant !\" \/>\n<meta name=\"robots\" content=\"index, follow, max-snippet:-1, max-image-preview:large, max-video-preview:-1\" \/>\n<link rel=\"canonical\" href=\"https:\/\/www.amstelprinting.nl\/fr\/boutique\/salon-et-evenement\/murs-dexposition\/comptoir-pop-up-droit\/\" \/>\n<meta property=\"og:locale\" content=\"fr_FR\" \/>\n<meta property=\"og:type\" content=\"article\" \/>\n<meta property=\"og:title\" content=\"Comptoir pop-up droit \u2013 Montage facile | Livraison rapide\" \/>\n<meta property=\"og:description\" content=\"D\u00e9couvrez le comptoir pop-up droit pour une pr\u00e9sentation de marque percutante lors de salons et d&#039;\u00e9v\u00e9nements. Demandez votre devis d\u00e8s maintenant !\" \/>\n<meta property=\"og:url\" content=\"https:\/\/www.amstelprinting.nl\/fr\/boutique\/salon-et-evenement\/murs-dexposition\/comptoir-pop-up-droit\/\" \/>\n<meta property=\"og:site_name\" content=\"Amstel Printing\" \/>\n<meta property=\"article:modified_time\" content=\"2026-02-18T11:51:41+00:00\" \/>\n<meta property=\"og:image\" content=\"https:\/\/www.amstelprinting.nl\/wp-content\/uploads\/balie-bedrukken.png\" \/>\n\t<meta property=\"og:image:width\" content=\"900\" \/>\n\t<meta property=\"og:image:height\" content=\"900\" \/>\n\t<meta property=\"og:image:type\" content=\"image\/png\" \/>\n<meta name=\"twitter:card\" content=\"summary_large_image\" \/>\n<meta name=\"twitter:label1\" content=\"Dur\u00e9e de lecture estim\u00e9e\" \/>\n\t<meta name=\"twitter:data1\" content=\"2 minutes\" \/>\n<script type=\"application\/ld+json\" class=\"yoast-schema-graph\">{\"@context\":\"https:\\\/\\\/schema.org\",\"@graph\":[{\"@type\":\"WebPage\",\"@id\":\"https:\\\/\\\/www.amstelprinting.nl\\\/fr\\\/boutique\\\/salon-et-evenement\\\/murs-dexposition\\\/comptoir-pop-up-droit\\\/\",\"url\":\"https:\\\/\\\/www.amstelprinting.nl\\\/fr\\\/boutique\\\/salon-et-evenement\\\/murs-dexposition\\\/comptoir-pop-up-droit\\\/\",\"name\":\"Comptoir pop-up droit \u2013 Montage facile | Livraison rapide\",\"isPartOf\":{\"@id\":\"https:\\\/\\\/www.amstelprinting.nl\\\/fr\\\/#website\"},\"primaryImageOfPage\":{\"@id\":\"https:\\\/\\\/www.amstelprinting.nl\\\/fr\\\/boutique\\\/salon-et-evenement\\\/murs-dexposition\\\/comptoir-pop-up-droit\\\/#primaryimage\"},\"image\":{\"@id\":\"https:\\\/\\\/www.amstelprinting.nl\\\/fr\\\/boutique\\\/salon-et-evenement\\\/murs-dexposition\\\/comptoir-pop-up-droit\\\/#primaryimage\"},\"thumbnailUrl\":\"https:\\\/\\\/www.amstelprinting.nl\\\/wp-content\\\/uploads\\\/balie-bedrukken.png\",\"datePublished\":\"2025-01-23T20:04:07+00:00\",\"dateModified\":\"2026-02-18T11:51:41+00:00\",\"description\":\"D\u00e9couvrez le comptoir pop-up droit pour une pr\u00e9sentation de marque percutante lors de salons et d'\u00e9v\u00e9nements. Demandez votre devis d\u00e8s maintenant !\",\"breadcrumb\":{\"@id\":\"https:\\\/\\\/www.amstelprinting.nl\\\/fr\\\/boutique\\\/salon-et-evenement\\\/murs-dexposition\\\/comptoir-pop-up-droit\\\/#breadcrumb\"},\"inLanguage\":\"fr-FR\",\"potentialAction\":[{\"@type\":\"ReadAction\",\"target\":[\"https:\\\/\\\/www.amstelprinting.nl\\\/fr\\\/boutique\\\/salon-et-evenement\\\/murs-dexposition\\\/comptoir-pop-up-droit\\\/\"]}]},{\"@type\":\"ImageObject\",\"inLanguage\":\"fr-FR\",\"@id\":\"https:\\\/\\\/www.amstelprinting.nl\\\/fr\\\/boutique\\\/salon-et-evenement\\\/murs-dexposition\\\/comptoir-pop-up-droit\\\/#primaryimage\",\"url\":\"https:\\\/\\\/www.amstelprinting.nl\\\/wp-content\\\/uploads\\\/balie-bedrukken.png\",\"contentUrl\":\"https:\\\/\\\/www.amstelprinting.nl\\\/wp-content\\\/uploads\\\/balie-bedrukken.png\",\"width\":900,\"height\":900},{\"@type\":\"BreadcrumbList\",\"@id\":\"https:\\\/\\\/www.amstelprinting.nl\\\/fr\\\/boutique\\\/salon-et-evenement\\\/murs-dexposition\\\/comptoir-pop-up-droit\\\/#breadcrumb\",\"itemListElement\":[{\"@type\":\"ListItem\",\"position\":1,\"name\":\"\",\"item\":\"https:\\\/\\\/www.amstelprinting.nl\\\/fr\\\/\"},{\"@type\":\"ListItem\",\"position\":2,\"name\":\"Amstel Printing\",\"item\":\"https:\\\/\\\/www.amstelprinting.nl\\\/fr\\\/boutique\\\/\"},{\"@type\":\"ListItem\",\"position\":3,\"name\":\"Publicit\u00e9 int\u00e9rieure\",\"item\":\"https:\\\/\\\/www.amstelprinting.nl\\\/fr\\\/categorie\\\/publicite-interieure\\\/\"},{\"@type\":\"ListItem\",\"position\":4,\"name\":\"Pr\u00e9sentation\",\"item\":\"https:\\\/\\\/www.amstelprinting.nl\\\/fr\\\/categorie\\\/publicite-interieure\\\/presentation\\\/\"},{\"@type\":\"ListItem\",\"position\":5,\"name\":\"Comptoir pop-up droit\"}]},{\"@type\":\"WebSite\",\"@id\":\"https:\\\/\\\/www.amstelprinting.nl\\\/fr\\\/#website\",\"url\":\"https:\\\/\\\/www.amstelprinting.nl\\\/fr\\\/\",\"name\":\"Amstel Printing\",\"description\":\"Creating Exposure\",\"publisher\":{\"@id\":\"https:\\\/\\\/www.amstelprinting.nl\\\/fr\\\/#organization\"},\"potentialAction\":[{\"@type\":\"SearchAction\",\"target\":{\"@type\":\"EntryPoint\",\"urlTemplate\":\"https:\\\/\\\/www.amstelprinting.nl\\\/fr\\\/?s={search_term_string}\"},\"query-input\":{\"@type\":\"PropertyValueSpecification\",\"valueRequired\":true,\"valueName\":\"search_term_string\"}}],\"inLanguage\":\"fr-FR\"},{\"@type\":\"Organization\",\"@id\":\"https:\\\/\\\/www.amstelprinting.nl\\\/fr\\\/#organization\",\"name\":\"Amstel Printing\",\"url\":\"https:\\\/\\\/www.amstelprinting.nl\\\/fr\\\/\",\"logo\":{\"@type\":\"ImageObject\",\"inLanguage\":\"fr-FR\",\"@id\":\"https:\\\/\\\/www.amstelprinting.nl\\\/fr\\\/#\\\/schema\\\/logo\\\/image\\\/\",\"url\":\"https:\\\/\\\/www.amstelprinting.nl\\\/wp-content\\\/uploads\\\/amstel_printing_logo_clean.png\",\"contentUrl\":\"https:\\\/\\\/www.amstelprinting.nl\\\/wp-content\\\/uploads\\\/amstel_printing_logo_clean.png\",\"width\":324,\"height\":73,\"caption\":\"Amstel Printing\"},\"image\":{\"@id\":\"https:\\\/\\\/www.amstelprinting.nl\\\/fr\\\/#\\\/schema\\\/logo\\\/image\\\/\"}}]}<\/script>\n<!-- \/ Yoast SEO plugin. -->","yoast_head_json":{"title":"Comptoir pop-up droit \u2013 Montage facile | Livraison rapide","description":"D\u00e9couvrez le comptoir pop-up droit pour une pr\u00e9sentation de marque percutante lors de salons et d'\u00e9v\u00e9nements. Demandez votre devis d\u00e8s maintenant !","robots":{"index":"index","follow":"follow","max-snippet":"max-snippet:-1","max-image-preview":"max-image-preview:large","max-video-preview":"max-video-preview:-1"},"canonical":"https:\/\/www.amstelprinting.nl\/fr\/boutique\/salon-et-evenement\/murs-dexposition\/comptoir-pop-up-droit\/","og_locale":"fr_FR","og_type":"article","og_title":"Comptoir pop-up droit \u2013 Montage facile | Livraison rapide","og_description":"D\u00e9couvrez le comptoir pop-up droit pour une pr\u00e9sentation de marque percutante lors de salons et d'\u00e9v\u00e9nements. Demandez votre devis d\u00e8s maintenant !","og_url":"https:\/\/www.amstelprinting.nl\/fr\/boutique\/salon-et-evenement\/murs-dexposition\/comptoir-pop-up-droit\/","og_site_name":"Amstel Printing","article_modified_time":"2026-02-18T11:51:41+00:00","og_image":[{"width":900,"height":900,"url":"https:\/\/www.amstelprinting.nl\/wp-content\/uploads\/balie-bedrukken.png","type":"image\/png"}],"twitter_card":"summary_large_image","twitter_misc":{"Dur\u00e9e de lecture estim\u00e9e":"2 minutes"},"schema":{"@context":"https:\/\/schema.org","@graph":[{"@type":"WebPage","@id":"https:\/\/www.amstelprinting.nl\/fr\/boutique\/salon-et-evenement\/murs-dexposition\/comptoir-pop-up-droit\/","url":"https:\/\/www.amstelprinting.nl\/fr\/boutique\/salon-et-evenement\/murs-dexposition\/comptoir-pop-up-droit\/","name":"Comptoir pop-up droit \u2013 Montage facile | Livraison rapide","isPartOf":{"@id":"https:\/\/www.amstelprinting.nl\/fr\/#website"},"primaryImageOfPage":{"@id":"https:\/\/www.amstelprinting.nl\/fr\/boutique\/salon-et-evenement\/murs-dexposition\/comptoir-pop-up-droit\/#primaryimage"},"image":{"@id":"https:\/\/www.amstelprinting.nl\/fr\/boutique\/salon-et-evenement\/murs-dexposition\/comptoir-pop-up-droit\/#primaryimage"},"thumbnailUrl":"https:\/\/www.amstelprinting.nl\/wp-content\/uploads\/balie-bedrukken.png","datePublished":"2025-01-23T20:04:07+00:00","dateModified":"2026-02-18T11:51:41+00:00","description":"D\u00e9couvrez le comptoir pop-up droit pour une pr\u00e9sentation de marque percutante lors de salons et d'\u00e9v\u00e9nements. Demandez votre devis d\u00e8s maintenant !","breadcrumb":{"@id":"https:\/\/www.amstelprinting.nl\/fr\/boutique\/salon-et-evenement\/murs-dexposition\/comptoir-pop-up-droit\/#breadcrumb"},"inLanguage":"fr-FR","potentialAction":[{"@type":"ReadAction","target":["https:\/\/www.amstelprinting.nl\/fr\/boutique\/salon-et-evenement\/murs-dexposition\/comptoir-pop-up-droit\/"]}]},{"@type":"ImageObject","inLanguage":"fr-FR","@id":"https:\/\/www.amstelprinting.nl\/fr\/boutique\/salon-et-evenement\/murs-dexposition\/comptoir-pop-up-droit\/#primaryimage","url":"https:\/\/www.amstelprinting.nl\/wp-content\/uploads\/balie-bedrukken.png","contentUrl":"https:\/\/www.amstelprinting.nl\/wp-content\/uploads\/balie-bedrukken.png","width":900,"height":900},{"@type":"BreadcrumbList","@id":"https:\/\/www.amstelprinting.nl\/fr\/boutique\/salon-et-evenement\/murs-dexposition\/comptoir-pop-up-droit\/#breadcrumb","itemListElement":[{"@type":"ListItem","position":1,"name":"","item":"https:\/\/www.amstelprinting.nl\/fr\/"},{"@type":"ListItem","position":2,"name":"Amstel Printing","item":"https:\/\/www.amstelprinting.nl\/fr\/boutique\/"},{"@type":"ListItem","position":3,"name":"Publicit\u00e9 int\u00e9rieure","item":"https:\/\/www.amstelprinting.nl\/fr\/categorie\/publicite-interieure\/"},{"@type":"ListItem","position":4,"name":"Pr\u00e9sentation","item":"https:\/\/www.amstelprinting.nl\/fr\/categorie\/publicite-interieure\/presentation\/"},{"@type":"ListItem","position":5,"name":"Comptoir pop-up droit"}]},{"@type":"WebSite","@id":"https:\/\/www.amstelprinting.nl\/fr\/#website","url":"https:\/\/www.amstelprinting.nl\/fr\/","name":"Amstel Printing","description":"Creating Exposure","publisher":{"@id":"https:\/\/www.amstelprinting.nl\/fr\/#organization"},"potentialAction":[{"@type":"SearchAction","target":{"@type":"EntryPoint","urlTemplate":"https:\/\/www.amstelprinting.nl\/fr\/?s={search_term_string}"},"query-input":{"@type":"PropertyValueSpecification","valueRequired":true,"valueName":"search_term_string"}}],"inLanguage":"fr-FR"},{"@type":"Organization","@id":"https:\/\/www.amstelprinting.nl\/fr\/#organization","name":"Amstel Printing","url":"https:\/\/www.amstelprinting.nl\/fr\/","logo":{"@type":"ImageObject","inLanguage":"fr-FR","@id":"https:\/\/www.amstelprinting.nl\/fr\/#\/schema\/logo\/image\/","url":"https:\/\/www.amstelprinting.nl\/wp-content\/uploads\/amstel_printing_logo_clean.png","contentUrl":"https:\/\/www.amstelprinting.nl\/wp-content\/uploads\/amstel_printing_logo_clean.png","width":324,"height":73,"caption":"Amstel Printing"},"image":{"@id":"https:\/\/www.amstelprinting.nl\/fr\/#\/schema\/logo\/image\/"}}]}},"_links":{"self":[{"href":"https:\/\/www.amstelprinting.nl\/fr\/wp-json\/wp\/v2\/product\/15272","targetHints":{"allow":["GET"]}}],"collection":[{"href":"https:\/\/www.amstelprinting.nl\/fr\/wp-json\/wp\/v2\/product"}],"about":[{"href":"https:\/\/www.amstelprinting.nl\/fr\/wp-json\/wp\/v2\/types\/product"}],"wp:featuredmedia":[{"embeddable":true,"href":"https:\/\/www.amstelprinting.nl\/fr\/wp-json\/wp\/v2\/media\/15273"}],"wp:attachment":[{"href":"https:\/\/www.amstelprinting.nl\/fr\/wp-json\/wp\/v2\/media?parent=15272"}],"wp:term":[{"taxonomy":"product_brand","embeddable":true,"href":"https:\/\/www.amstelprinting.nl\/fr\/wp-json\/wp\/v2\/product_brand?post=15272"},{"taxonomy":"product_cat","embeddable":true,"href":"https:\/\/www.amstelprinting.nl\/fr\/wp-json\/wp\/v2\/product_cat?post=15272"},{"taxonomy":"product_tag","embeddable":true,"href":"https:\/\/www.amstelprinting.nl\/fr\/wp-json\/wp\/v2\/product_tag?post=15272"}],"curies":[{"name":"wp","href":"https:\/\/api.w.org\/{rel}","templated":true}]}}