{"id":15297,"date":"2025-01-23T21:03:48","date_gmt":"2025-01-23T20:03:48","guid":{"rendered":"https:\/\/www.amstelprinting.nl\/winkel\/non%20class\u00e9\/vloersticker\/"},"modified":"2026-02-18T12:51:42","modified_gmt":"2026-02-18T11:51:42","slug":"autocollant-de-sol","status":"publish","type":"product","link":"https:\/\/www.amstelprinting.nl\/fr\/boutique\/interieur-2\/decoration-de-sol\/autocollant-de-sol\/","title":{"rendered":"Autocollant de sol"},"content":{"rendered":"<h3>Impression d&rsquo;autocollants de sol<\/h3>\n<p>Faites ressortir votre message gr\u00e2ce \u00e0 nos autocollants de sol imprim\u00e9s. Parfaits pour les applications int\u00e9rieures et ext\u00e9rieures, les autocollants de sol imprim\u00e9s sont id\u00e9aux pour les campagnes temporaires ou les solutions \u00e0 long terme. Que vous organisiez un \u00e9v\u00e9nement, que vous souhaitiez embellir votre magasin ou communiquer un message, les autocollants de sol imprim\u00e9s offrent flexibilit\u00e9 et durabilit\u00e9. Avec divers mat\u00e9riaux et des options sur mesure, les autocollants de sol sont le choix parfait pour faire ressortir n&rsquo;importe quelle marque ou message.<\/p>\n<h3>Mat\u00e9riaux<\/h3>\n<p>Les autocollants de sol sont disponibles en quatre mat\u00e9riaux : DOT, film blanc, Roughmark et autocollant pour asphalte.<\/p>\n<ul>\n<li><strong>DOT<\/strong> est facilement repositionnable et a une dur\u00e9e de vie pr\u00e9vue d&rsquo;environ 3 mois, avec une valeur antid\u00e9rapante de R10. Convient pour un usage int\u00e9rieur.<\/li>\n<li><strong>Film blanc<\/strong> est dot\u00e9 d&rsquo;une couche adh\u00e9sive amovible et offre \u00e9galement une dur\u00e9e de vie d&rsquo;au moins 3 mois, avec une valeur antid\u00e9rapante de R10. Convient pour un usage int\u00e9rieur.<\/li>\n<li><strong>Roughmark<\/strong> est un film universel avec une couche adh\u00e9sive High-Tack, adapt\u00e9 \u00e0 presque toutes les surfaces int\u00e9rieures et ext\u00e9rieures. Il a une dur\u00e9e de vie pr\u00e9vue de 3 mois et une valeur antid\u00e9rapante de R10.<\/li>\n<li><strong>Autocollant pour asphalte<\/strong> est un autocollant de sol ext\u00e9rieur durable avec une base en aluminium, parfait pour une utilisation sur le b\u00e9ton, le pavage et l&rsquo;asphalte. Ce film universel est id\u00e9al pour les applications ext\u00e9rieures temporaires et offre une excellente r\u00e9sistance \u00e0 l&rsquo;usure.<\/li>\n<\/ul>\n<p>&nbsp;<br \/>\nTous nos autocollants de sol peuvent \u00eatre d\u00e9coup\u00e9s au format ou au contour souhait\u00e9, afin qu&rsquo;ils s&rsquo;adaptent parfaitement \u00e0 votre design et \u00e0 votre espace.<\/p>\n<h3>Accessoires<\/h3>\n<p>Facilitez encore plus votre installation avec nos divers accessoires, notamment des perce-bulles, du ruban de masquage et des bo\u00eetes \u00e0 outils. Ces outils vous permettent de commencer rapidement et efficacement.<br \/>\nAvec nos autocollants de sol, vous investissez dans un produit \u00e0 la fois visuellement attrayant et fonctionnel. Que vous ayez besoin d&rsquo;une solution temporaire ou \u00e0 long terme, nos autocollants de sol imprim\u00e9s sont le choix parfait pour chaque situation. Donnez \u00e0 votre message une place forte et faites une impression durable avec nos autocollants de sol !<\/p>\n<h3>Conseils de pose<\/h3>\n<p>Assurez-vous que la temp\u00e9rature pendant le collage de l&rsquo;autocollant de sol imprim\u00e9 se situe entre 10 et 32 \u00b0C maximum. Appliquez le film de sol uniquement sur des surfaces s\u00e8ches, propres et sans graisse. Vous collez l&rsquo;autocollant de sol \u00e0 l&rsquo;ext\u00e9rieur ? Choisissez alors le bon mat\u00e9riau (voir ci-dessus) et assurez-vous que les bords reposent autant que possible sur les dalles. Essayez \u00e9galement d&rsquo;\u00e9viter les joints, car cela favorise la dur\u00e9e de vie de l&rsquo;autocollant.<\/p>\n<h3>Questions fr\u00e9quemment pos\u00e9es<\/h3>\n<p><strong>Quelle est la dur\u00e9e de vie ?<\/strong><br \/>\nLes autocollants de sol avec impression ont (selon l&rsquo;utilisation) une dur\u00e9e de vie pr\u00e9vue d&rsquo;environ 3 mois.<br \/>\nQuel mat\u00e9riau ou autocollant convient \u00e0 quelle surface ?<br \/>\nLes autocollants de sol pour usage int\u00e9rieur conviennent aux surfaces planes et lisses telles que les dalles. Si vous avez des doutes sur l&rsquo;adh\u00e9rence, vous pouvez envisager le Roughmark ; il offre une adh\u00e9rence initiale plus \u00e9lev\u00e9e que les autres films. Les autocollants de sol pour usage ext\u00e9rieur sont applicables sur les briques, l&rsquo;asphalte et le b\u00e9ton.<\/p>\n<p><strong>Comment \u00e9viter les bulles lors du collage ?<\/strong><br \/>\nAssurez-vous que la surface est propre et sans graisse. Si la couche adh\u00e9sive convient \u00e0 une pose humide, humidifiez \u00e0 la fois la surface et la couche adh\u00e9sive et positionnez le film de sol. Fixez le film et raclez lentement et uniform\u00e9ment l&rsquo;humidit\u00e9 sous l&rsquo;autocollant. Si la pose humide n&rsquo;est pas possible, positionnez l&rsquo;autocollant par le haut et travaillez uniform\u00e9ment vers le bas. Travaillez avec pr\u00e9caution, car avec la pose \u00e0 sec, il est plus difficile de repositionner l&rsquo;autocollant de sol ou d&rsquo;\u00e9liminer les bulles d&rsquo;air.<\/p>\n","protected":false},"excerpt":{"rendered":"<h3>Autocollant r\u00e9sistant \u00e0 l&rsquo;usure pour sols plats<\/h3>\n<p>Cr\u00e9ez une valeur d&rsquo;attention \u00e9lev\u00e9e \u00e0 l&rsquo;aide d&rsquo;autocollants de sol imprim\u00e9s. Commandable dans n&rsquo;importe quel format et forme (contour). Et toujours pourvu d&rsquo;une impression d&rsquo;une nettet\u00e9 exceptionnelle. Les autocollants de sol imprim\u00e9s prot\u00e8gent le sol d&rsquo;origine. Convient pour un usage int\u00e9rieur et ext\u00e9rieur. Configurez votre autocollant de sol imprim\u00e9 en quelques \u00e9tapes ci-dessous.<\/p>\n","protected":false},"featured_media":15298,"template":"","meta":{"_et_pb_use_builder":"","_et_pb_old_content":"","_et_gb_content_width":""},"product_brand":[],"product_cat":[312,567,574,542,417,428],"product_tag":[],"class_list":{"0":"post-15297","1":"product","2":"type-product","3":"status-publish","4":"has-post-thumbnail","6":"product_cat-autocollants-et-impression","7":"product_cat-decoration-de-sol","8":"product_cat-grands-autocollants","9":"product_cat-interieur-2","10":"product_cat-parquets-des-marches","11":"product_cat-salon-et-evenement","13":"first","14":"instock","15":"taxable","16":"shipping-taxable","17":"purchasable","18":"product-type-simple"},"yoast_head":"<!-- This site is optimized with the Yoast SEO plugin v27.3 - https:\/\/yoast.com\/product\/yoast-seo-wordpress\/ -->\n<title>Autocollant de sol | Amstel Printing<\/title>\n<meta name=\"robots\" content=\"index, follow, max-snippet:-1, max-image-preview:large, max-video-preview:-1\" \/>\n<link rel=\"canonical\" href=\"https:\/\/www.amstelprinting.nl\/fr\/boutique\/interieur-2\/decoration-de-sol\/autocollant-de-sol\/\" \/>\n<meta property=\"og:locale\" content=\"fr_FR\" \/>\n<meta property=\"og:type\" content=\"article\" \/>\n<meta property=\"og:title\" content=\"Autocollant de sol | Amstel Printing\" \/>\n<meta property=\"og:description\" content=\"Autocollant r\u00e9sistant \u00e0 l&#039;usure pour sols plats Cr\u00e9ez une valeur d&#039;attention \u00e9lev\u00e9e \u00e0 l&#039;aide d&#039;autocollants de sol imprim\u00e9s. Commandable dans n&#039;importe quel format et forme (contour). Et toujours pourvu d&#039;une impression d&#039;une nettet\u00e9 exceptionnelle. Les autocollants de sol imprim\u00e9s prot\u00e8gent le sol d&#039;origine. Convient pour un usage int\u00e9rieur et ext\u00e9rieur. Configurez votre autocollant de sol imprim\u00e9 en quelques \u00e9tapes ci-dessous.\" \/>\n<meta property=\"og:url\" content=\"https:\/\/www.amstelprinting.nl\/fr\/boutique\/interieur-2\/decoration-de-sol\/autocollant-de-sol\/\" \/>\n<meta property=\"og:site_name\" content=\"Amstel Printing\" \/>\n<meta property=\"article:modified_time\" content=\"2026-02-18T11:51:42+00:00\" \/>\n<meta property=\"og:image\" content=\"https:\/\/www.amstelprinting.nl\/wp-content\/uploads\/vloersticker-bedrukken.png\" \/>\n\t<meta property=\"og:image:width\" content=\"900\" \/>\n\t<meta property=\"og:image:height\" content=\"900\" \/>\n\t<meta property=\"og:image:type\" content=\"image\/png\" \/>\n<meta name=\"twitter:card\" content=\"summary_large_image\" \/>\n<meta name=\"twitter:label1\" content=\"Dur\u00e9e de lecture estim\u00e9e\" \/>\n\t<meta name=\"twitter:data1\" content=\"3 minutes\" \/>\n<script type=\"application\/ld+json\" class=\"yoast-schema-graph\">{\"@context\":\"https:\\\/\\\/schema.org\",\"@graph\":[{\"@type\":\"WebPage\",\"@id\":\"https:\\\/\\\/www.amstelprinting.nl\\\/fr\\\/boutique\\\/interieur-2\\\/decoration-de-sol\\\/autocollant-de-sol\\\/\",\"url\":\"https:\\\/\\\/www.amstelprinting.nl\\\/fr\\\/boutique\\\/interieur-2\\\/decoration-de-sol\\\/autocollant-de-sol\\\/\",\"name\":\"Autocollant de sol | Amstel Printing\",\"isPartOf\":{\"@id\":\"https:\\\/\\\/www.amstelprinting.nl\\\/fr\\\/#website\"},\"primaryImageOfPage\":{\"@id\":\"https:\\\/\\\/www.amstelprinting.nl\\\/fr\\\/boutique\\\/interieur-2\\\/decoration-de-sol\\\/autocollant-de-sol\\\/#primaryimage\"},\"image\":{\"@id\":\"https:\\\/\\\/www.amstelprinting.nl\\\/fr\\\/boutique\\\/interieur-2\\\/decoration-de-sol\\\/autocollant-de-sol\\\/#primaryimage\"},\"thumbnailUrl\":\"https:\\\/\\\/www.amstelprinting.nl\\\/wp-content\\\/uploads\\\/vloersticker-bedrukken.png\",\"datePublished\":\"2025-01-23T20:03:48+00:00\",\"dateModified\":\"2026-02-18T11:51:42+00:00\",\"breadcrumb\":{\"@id\":\"https:\\\/\\\/www.amstelprinting.nl\\\/fr\\\/boutique\\\/interieur-2\\\/decoration-de-sol\\\/autocollant-de-sol\\\/#breadcrumb\"},\"inLanguage\":\"fr-FR\",\"potentialAction\":[{\"@type\":\"ReadAction\",\"target\":[\"https:\\\/\\\/www.amstelprinting.nl\\\/fr\\\/boutique\\\/interieur-2\\\/decoration-de-sol\\\/autocollant-de-sol\\\/\"]}]},{\"@type\":\"ImageObject\",\"inLanguage\":\"fr-FR\",\"@id\":\"https:\\\/\\\/www.amstelprinting.nl\\\/fr\\\/boutique\\\/interieur-2\\\/decoration-de-sol\\\/autocollant-de-sol\\\/#primaryimage\",\"url\":\"https:\\\/\\\/www.amstelprinting.nl\\\/wp-content\\\/uploads\\\/vloersticker-bedrukken.png\",\"contentUrl\":\"https:\\\/\\\/www.amstelprinting.nl\\\/wp-content\\\/uploads\\\/vloersticker-bedrukken.png\",\"width\":900,\"height\":900},{\"@type\":\"BreadcrumbList\",\"@id\":\"https:\\\/\\\/www.amstelprinting.nl\\\/fr\\\/boutique\\\/interieur-2\\\/decoration-de-sol\\\/autocollant-de-sol\\\/#breadcrumb\",\"itemListElement\":[{\"@type\":\"ListItem\",\"position\":1,\"name\":\"\",\"item\":\"https:\\\/\\\/www.amstelprinting.nl\\\/fr\\\/\"},{\"@type\":\"ListItem\",\"position\":2,\"name\":\"Amstel Printing\",\"item\":\"https:\\\/\\\/www.amstelprinting.nl\\\/fr\\\/boutique\\\/\"},{\"@type\":\"ListItem\",\"position\":3,\"name\":\"Salon et \u00e9v\u00e9nement\",\"item\":\"https:\\\/\\\/www.amstelprinting.nl\\\/fr\\\/categorie\\\/salon-et-evenement\\\/\"},{\"@type\":\"ListItem\",\"position\":4,\"name\":\"Parquets des march\u00e9s\",\"item\":\"https:\\\/\\\/www.amstelprinting.nl\\\/fr\\\/categorie\\\/salon-et-evenement\\\/parquets-des-marches\\\/\"},{\"@type\":\"ListItem\",\"position\":5,\"name\":\"Autocollant de sol\"}]},{\"@type\":\"WebSite\",\"@id\":\"https:\\\/\\\/www.amstelprinting.nl\\\/fr\\\/#website\",\"url\":\"https:\\\/\\\/www.amstelprinting.nl\\\/fr\\\/\",\"name\":\"Amstel Printing\",\"description\":\"Creating Exposure\",\"publisher\":{\"@id\":\"https:\\\/\\\/www.amstelprinting.nl\\\/fr\\\/#organization\"},\"potentialAction\":[{\"@type\":\"SearchAction\",\"target\":{\"@type\":\"EntryPoint\",\"urlTemplate\":\"https:\\\/\\\/www.amstelprinting.nl\\\/fr\\\/?s={search_term_string}\"},\"query-input\":{\"@type\":\"PropertyValueSpecification\",\"valueRequired\":true,\"valueName\":\"search_term_string\"}}],\"inLanguage\":\"fr-FR\"},{\"@type\":\"Organization\",\"@id\":\"https:\\\/\\\/www.amstelprinting.nl\\\/fr\\\/#organization\",\"name\":\"Amstel Printing\",\"url\":\"https:\\\/\\\/www.amstelprinting.nl\\\/fr\\\/\",\"logo\":{\"@type\":\"ImageObject\",\"inLanguage\":\"fr-FR\",\"@id\":\"https:\\\/\\\/www.amstelprinting.nl\\\/fr\\\/#\\\/schema\\\/logo\\\/image\\\/\",\"url\":\"https:\\\/\\\/www.amstelprinting.nl\\\/wp-content\\\/uploads\\\/amstel_printing_logo_clean.png\",\"contentUrl\":\"https:\\\/\\\/www.amstelprinting.nl\\\/wp-content\\\/uploads\\\/amstel_printing_logo_clean.png\",\"width\":324,\"height\":73,\"caption\":\"Amstel Printing\"},\"image\":{\"@id\":\"https:\\\/\\\/www.amstelprinting.nl\\\/fr\\\/#\\\/schema\\\/logo\\\/image\\\/\"}}]}<\/script>\n<!-- \/ Yoast SEO plugin. -->","yoast_head_json":{"title":"Autocollant de sol | Amstel Printing","robots":{"index":"index","follow":"follow","max-snippet":"max-snippet:-1","max-image-preview":"max-image-preview:large","max-video-preview":"max-video-preview:-1"},"canonical":"https:\/\/www.amstelprinting.nl\/fr\/boutique\/interieur-2\/decoration-de-sol\/autocollant-de-sol\/","og_locale":"fr_FR","og_type":"article","og_title":"Autocollant de sol | Amstel Printing","og_description":"Autocollant r\u00e9sistant \u00e0 l'usure pour sols plats Cr\u00e9ez une valeur d'attention \u00e9lev\u00e9e \u00e0 l'aide d'autocollants de sol imprim\u00e9s. Commandable dans n'importe quel format et forme (contour). Et toujours pourvu d'une impression d'une nettet\u00e9 exceptionnelle. Les autocollants de sol imprim\u00e9s prot\u00e8gent le sol d'origine. Convient pour un usage int\u00e9rieur et ext\u00e9rieur. Configurez votre autocollant de sol imprim\u00e9 en quelques \u00e9tapes ci-dessous.","og_url":"https:\/\/www.amstelprinting.nl\/fr\/boutique\/interieur-2\/decoration-de-sol\/autocollant-de-sol\/","og_site_name":"Amstel Printing","article_modified_time":"2026-02-18T11:51:42+00:00","og_image":[{"width":900,"height":900,"url":"https:\/\/www.amstelprinting.nl\/wp-content\/uploads\/vloersticker-bedrukken.png","type":"image\/png"}],"twitter_card":"summary_large_image","twitter_misc":{"Dur\u00e9e de lecture estim\u00e9e":"3 minutes"},"schema":{"@context":"https:\/\/schema.org","@graph":[{"@type":"WebPage","@id":"https:\/\/www.amstelprinting.nl\/fr\/boutique\/interieur-2\/decoration-de-sol\/autocollant-de-sol\/","url":"https:\/\/www.amstelprinting.nl\/fr\/boutique\/interieur-2\/decoration-de-sol\/autocollant-de-sol\/","name":"Autocollant de sol | Amstel Printing","isPartOf":{"@id":"https:\/\/www.amstelprinting.nl\/fr\/#website"},"primaryImageOfPage":{"@id":"https:\/\/www.amstelprinting.nl\/fr\/boutique\/interieur-2\/decoration-de-sol\/autocollant-de-sol\/#primaryimage"},"image":{"@id":"https:\/\/www.amstelprinting.nl\/fr\/boutique\/interieur-2\/decoration-de-sol\/autocollant-de-sol\/#primaryimage"},"thumbnailUrl":"https:\/\/www.amstelprinting.nl\/wp-content\/uploads\/vloersticker-bedrukken.png","datePublished":"2025-01-23T20:03:48+00:00","dateModified":"2026-02-18T11:51:42+00:00","breadcrumb":{"@id":"https:\/\/www.amstelprinting.nl\/fr\/boutique\/interieur-2\/decoration-de-sol\/autocollant-de-sol\/#breadcrumb"},"inLanguage":"fr-FR","potentialAction":[{"@type":"ReadAction","target":["https:\/\/www.amstelprinting.nl\/fr\/boutique\/interieur-2\/decoration-de-sol\/autocollant-de-sol\/"]}]},{"@type":"ImageObject","inLanguage":"fr-FR","@id":"https:\/\/www.amstelprinting.nl\/fr\/boutique\/interieur-2\/decoration-de-sol\/autocollant-de-sol\/#primaryimage","url":"https:\/\/www.amstelprinting.nl\/wp-content\/uploads\/vloersticker-bedrukken.png","contentUrl":"https:\/\/www.amstelprinting.nl\/wp-content\/uploads\/vloersticker-bedrukken.png","width":900,"height":900},{"@type":"BreadcrumbList","@id":"https:\/\/www.amstelprinting.nl\/fr\/boutique\/interieur-2\/decoration-de-sol\/autocollant-de-sol\/#breadcrumb","itemListElement":[{"@type":"ListItem","position":1,"name":"","item":"https:\/\/www.amstelprinting.nl\/fr\/"},{"@type":"ListItem","position":2,"name":"Amstel Printing","item":"https:\/\/www.amstelprinting.nl\/fr\/boutique\/"},{"@type":"ListItem","position":3,"name":"Salon et \u00e9v\u00e9nement","item":"https:\/\/www.amstelprinting.nl\/fr\/categorie\/salon-et-evenement\/"},{"@type":"ListItem","position":4,"name":"Parquets des march\u00e9s","item":"https:\/\/www.amstelprinting.nl\/fr\/categorie\/salon-et-evenement\/parquets-des-marches\/"},{"@type":"ListItem","position":5,"name":"Autocollant de sol"}]},{"@type":"WebSite","@id":"https:\/\/www.amstelprinting.nl\/fr\/#website","url":"https:\/\/www.amstelprinting.nl\/fr\/","name":"Amstel Printing","description":"Creating Exposure","publisher":{"@id":"https:\/\/www.amstelprinting.nl\/fr\/#organization"},"potentialAction":[{"@type":"SearchAction","target":{"@type":"EntryPoint","urlTemplate":"https:\/\/www.amstelprinting.nl\/fr\/?s={search_term_string}"},"query-input":{"@type":"PropertyValueSpecification","valueRequired":true,"valueName":"search_term_string"}}],"inLanguage":"fr-FR"},{"@type":"Organization","@id":"https:\/\/www.amstelprinting.nl\/fr\/#organization","name":"Amstel Printing","url":"https:\/\/www.amstelprinting.nl\/fr\/","logo":{"@type":"ImageObject","inLanguage":"fr-FR","@id":"https:\/\/www.amstelprinting.nl\/fr\/#\/schema\/logo\/image\/","url":"https:\/\/www.amstelprinting.nl\/wp-content\/uploads\/amstel_printing_logo_clean.png","contentUrl":"https:\/\/www.amstelprinting.nl\/wp-content\/uploads\/amstel_printing_logo_clean.png","width":324,"height":73,"caption":"Amstel Printing"},"image":{"@id":"https:\/\/www.amstelprinting.nl\/fr\/#\/schema\/logo\/image\/"}}]}},"_links":{"self":[{"href":"https:\/\/www.amstelprinting.nl\/fr\/wp-json\/wp\/v2\/product\/15297","targetHints":{"allow":["GET"]}}],"collection":[{"href":"https:\/\/www.amstelprinting.nl\/fr\/wp-json\/wp\/v2\/product"}],"about":[{"href":"https:\/\/www.amstelprinting.nl\/fr\/wp-json\/wp\/v2\/types\/product"}],"wp:featuredmedia":[{"embeddable":true,"href":"https:\/\/www.amstelprinting.nl\/fr\/wp-json\/wp\/v2\/media\/15298"}],"wp:attachment":[{"href":"https:\/\/www.amstelprinting.nl\/fr\/wp-json\/wp\/v2\/media?parent=15297"}],"wp:term":[{"taxonomy":"product_brand","embeddable":true,"href":"https:\/\/www.amstelprinting.nl\/fr\/wp-json\/wp\/v2\/product_brand?post=15297"},{"taxonomy":"product_cat","embeddable":true,"href":"https:\/\/www.amstelprinting.nl\/fr\/wp-json\/wp\/v2\/product_cat?post=15297"},{"taxonomy":"product_tag","embeddable":true,"href":"https:\/\/www.amstelprinting.nl\/fr\/wp-json\/wp\/v2\/product_tag?post=15297"}],"curies":[{"name":"wp","href":"https:\/\/api.w.org\/{rel}","templated":true}]}}