{"id":15307,"date":"2025-01-23T21:03:42","date_gmt":"2025-01-23T20:03:42","guid":{"rendered":"https:\/\/www.amstelprinting.nl\/winkel\/non%20class\u00e9\/double-roll-up-banner\/"},"modified":"2026-02-18T12:51:43","modified_gmt":"2026-02-18T11:51:43","slug":"roll-up-double","status":"publish","type":"product","link":"https:\/\/www.amstelprinting.nl\/fr\/boutique\/salon-et-evenement\/enroulez-les-bannieres\/roll-up-double\/","title":{"rendered":"Roll-up double"},"content":{"rendered":"<h3>Commander un Roll-up double<\/h3>\n<p>Impressionnez les passants et les clients (potentiels) avec notre roll-up double ! La cassette de ce roll-up est \u00e9quip\u00e9e de pas moins de deux toiles enroulables. Vous pouvez donc d\u00e9rouler un ou deux visuels simultan\u00e9ment. Le syst\u00e8me est tr\u00e8s robuste et peut tenir debout sur des surfaces planes. Attention ; le roll-up double convient uniquement \u00e0 un usage int\u00e9rieur ! Le roll-up ext\u00e9rieur peut \u00eatre command\u00e9 ici.<\/p>\n<h3>Avantages du Roll-up double<\/h3>\n<ul>\n<li>Impression recto-verso pour une visibilit\u00e9 maximale<\/li>\n<li>Syst\u00e8me autoportant de haute qualit\u00e9<\/li>\n<li>Disponible en diff\u00e9rents formats et mat\u00e9riaux<\/li>\n<li>Sac de transport pratique inclus (pour le rangement et le transport)<\/li>\n<li>Facile \u00e0 monter (sans outils)<\/li>\n<li>Nouveau design ? Les banni\u00e8res peuvent \u00e9galement \u00eatre command\u00e9es s\u00e9par\u00e9ment !<\/li>\n<\/ul>\n<p>&nbsp;<\/p>\n<h3>Toiles rempla\u00e7ables<\/h3>\n<p>La beaut\u00e9 du roll-up double est que vous pouvez remplacer vous-m\u00eame les deux toiles. Lors du processus de commande, vous pouvez choisir de commander un kit complet (cassette + banni\u00e8res), uniquement les banni\u00e8res ou uniquement la cassette. Cela rend ce syst\u00e8me tr\u00e8s durable et vous n&rsquo;avez pas besoin d&rsquo;acheter un nouveau syst\u00e8me de roll-up pour un nouveau design. Le manuel pour remplacer vous-m\u00eame les doubles banni\u00e8res se trouve dans la section de t\u00e9l\u00e9chargement sur cette page produit.<\/p>\n<h3>Rangement et transport<\/h3>\n<p>Saviez-vous que notre roll-up double est livr\u00e9 avec un sac de transport pratique ? L&rsquo;ensemble du syst\u00e8me l\u00e9ger peut y \u00eatre rang\u00e9 et transport\u00e9 !<\/p>\n<h3>Formats et mat\u00e9riaux<\/h3>\n<p>Le roll-up double est disponible en deux formats : 85 x 200 cm ou 100 x 200 cm, afin que vous puissiez choisir la taille parfaite pour votre pr\u00e9sentation. La banni\u00e8re est disponible en cinq mat\u00e9riaux :<\/p>\n<ul>\n<li><strong>Banner 510<\/strong> : <span style=\"text-decoration: underline;\">Option la plus choisie<\/span> pour le roll-up double. Une toile PVC brillante (la plus command\u00e9e). Ce mat\u00e9riau est certifi\u00e9 B1 pour la s\u00e9curit\u00e9 incendie, vous permettant de pr\u00e9senter en toute s\u00e9r\u00e9nit\u00e9.<\/li>\n<li><strong>Airtex<\/strong> : Cette toile PVC infroissable de 330 gr\/m\u00b2 est facile \u00e0 utiliser et offre un aspect professionnel. Ce mat\u00e9riau est \u00e9galement certifi\u00e9 B1 pour une s\u00e9curit\u00e9 accrue.<\/li>\n<li><strong>SanoTex<\/strong> : Une toile \u00e9cologique et durable sans PVC avec un dos gris. Ce mat\u00e9riau est non seulement respectueux de l&rsquo;environnement, mais dispose \u00e9galement d&rsquo;un certificat d&rsquo;incendie.<\/li>\n<li><strong>Banni\u00e8re Noir-Blanc<\/strong> : Une toile PVC block-out avec un dos noir (contre la transparence de la lumi\u00e8re), parfaite pour un usage int\u00e9rieur et ext\u00e9rieur. Cette toile est \u00e9galement certifi\u00e9e B1, garantissant une s\u00e9curit\u00e9 suppl\u00e9mentaire.<\/li>\n<li><strong>Mat\u00e9riau Roll-up<\/strong> : Toile PVC hydrofuge, id\u00e9ale pour un usage int\u00e9rieur. Attention : ce mat\u00e9riau n&rsquo;est pas ignifuge et n&rsquo;offre pas de fonction block-out. De plus, bien que la toile soit hydrofuge, la cassette du roll-up double ne convient pas aux applications ext\u00e9rieures.<\/li>\n<\/ul>\n<p>&nbsp;<\/p>\n<h3>En option : \u00e9clairage LED<\/h3>\n<p>En option, vous pouvez choisir d&rsquo;ajouter un \u00e9clairage LED \u00e0 votre commande, afin qu&rsquo;elle soit toujours visible dans l&rsquo;obscurit\u00e9.<\/p>\n<h3>Aper\u00e7u de tous les syst\u00e8mes de Roll-up<\/h3>\n<ul>\n<li><strong>Roll-up Budget<\/strong> \u2013 Solution \u00e9conomique pour des actions ou \u00e9v\u00e9nements temporaires.<\/li>\n<li><strong>Roll-up Premium<\/strong> \u2013 Extra robuste avec un aspect luxueux pour un usage fr\u00e9quent. Convient pour une r\u00e9utilisation fr\u00e9quente. La cassette dispose d&rsquo;un pied extensible. Sac de transport pratique inclus.<\/li>\n<li><strong>Roll-up Deluxe<\/strong> \u2013 Convient pour une r\u00e9utilisation fr\u00e9quente. La cassette n&rsquo;a pas de pieds extensibles. Sac de transport pratique inclus.<\/li>\n<li><strong>Roll-up XXL<\/strong> \u2013 Banni\u00e8re dans des formats extra larges. Convient pour plusieurs utilisations. La cassette dispose de deux pieds extensibles. Sac de transport pratique inclus.<\/li>\n<li><strong>Roll-up ext\u00e9rieur<\/strong> &#8211; Adapt\u00e9 \u00e0 un usage ext\u00e9rieur. Cassette plus lourde avec des pieds plus longs pour une fixation avec des sardines au sol. Sac de transport pratique inclus.<\/li>\n<li><strong>Roll-up double<\/strong> &#8211; Le syst\u00e8me sur cette page produit. Une banni\u00e8re recto-verso autoportante. Convient pour une r\u00e9utilisation fr\u00e9quente. Sac de transport pratique inclus.<\/li>\n<\/ul>\n<p>&nbsp;<\/p>\n<h3>Commander un Roll-up double<\/h3>\n<p>Le Roll-up double est la solution id\u00e9ale pour une pr\u00e9sentation double puissante. Que vous participiez \u00e0 un salon, un \u00e9v\u00e9nement ou toute autre occasion. Le roll-up double offre la visibilit\u00e9 et les propri\u00e9t\u00e9s flexibles (installation et transport faciles) dont vous avez besoin.<\/p>\n","protected":false},"excerpt":{"rendered":"<h3>Banni\u00e8re recto-verso autoportante. Enroulable dans une cassette compacte.<\/h3>\n<p>Vous souhaitez commander un Roll-up avec une impression recto-verso ? Choisissez alors le Roll-up double ! La cassette de ce Roll-up double est \u00e9quip\u00e9e de deux toiles imprim\u00e9es, rendant votre design visible des deux c\u00f4t\u00e9s. Ce roll-up double est livr\u00e9 avec un sac de transport pratique.<\/p>\n","protected":false},"featured_media":15308,"template":"","meta":{"_et_pb_use_builder":"","_et_pb_old_content":"","_et_gb_content_width":""},"product_brand":[],"product_cat":[312,402,428],"product_tag":[],"class_list":{"0":"post-15307","1":"product","2":"type-product","3":"status-publish","4":"has-post-thumbnail","6":"product_cat-autocollants-et-impression","7":"product_cat-enroulez-les-bannieres","8":"product_cat-salon-et-evenement","10":"first","11":"instock","12":"taxable","13":"shipping-taxable","14":"purchasable","15":"product-type-simple"},"yoast_head":"<!-- This site is optimized with the Yoast SEO plugin v27.3 - https:\/\/yoast.com\/product\/yoast-seo-wordpress\/ -->\n<title>Roll-up double - Une solution de banni\u00e8re attrayante<\/title>\n<meta name=\"description\" content=\"Commander un Roll-up double ? Id\u00e9al pour les \u00e9v\u00e9nements et les pr\u00e9sentations. Choisissez parmi divers mat\u00e9riaux et options de personnalisation.\" \/>\n<meta name=\"robots\" content=\"index, follow, max-snippet:-1, max-image-preview:large, max-video-preview:-1\" \/>\n<link rel=\"canonical\" href=\"https:\/\/www.amstelprinting.nl\/fr\/boutique\/salon-et-evenement\/enroulez-les-bannieres\/roll-up-double\/\" \/>\n<meta property=\"og:locale\" content=\"fr_FR\" \/>\n<meta property=\"og:type\" content=\"article\" \/>\n<meta property=\"og:title\" content=\"Roll-up double - Une solution de banni\u00e8re attrayante\" \/>\n<meta property=\"og:description\" content=\"Commander un Roll-up double ? Id\u00e9al pour les \u00e9v\u00e9nements et les pr\u00e9sentations. Choisissez parmi divers mat\u00e9riaux et options de personnalisation.\" \/>\n<meta property=\"og:url\" content=\"https:\/\/www.amstelprinting.nl\/fr\/boutique\/salon-et-evenement\/enroulez-les-bannieres\/roll-up-double\/\" \/>\n<meta property=\"og:site_name\" content=\"Amstel Printing\" \/>\n<meta property=\"article:modified_time\" content=\"2026-02-18T11:51:43+00:00\" \/>\n<meta property=\"og:image\" content=\"https:\/\/www.amstelprinting.nl\/wp-content\/uploads\/double-roll-up-banner-bedrukken.png\" \/>\n\t<meta property=\"og:image:width\" content=\"700\" \/>\n\t<meta property=\"og:image:height\" content=\"700\" \/>\n\t<meta property=\"og:image:type\" content=\"image\/png\" \/>\n<meta name=\"twitter:card\" content=\"summary_large_image\" \/>\n<meta name=\"twitter:label1\" content=\"Dur\u00e9e de lecture estim\u00e9e\" \/>\n\t<meta name=\"twitter:data1\" content=\"3 minutes\" \/>\n<script type=\"application\/ld+json\" class=\"yoast-schema-graph\">{\"@context\":\"https:\\\/\\\/schema.org\",\"@graph\":[{\"@type\":\"WebPage\",\"@id\":\"https:\\\/\\\/www.amstelprinting.nl\\\/fr\\\/boutique\\\/salon-et-evenement\\\/enroulez-les-bannieres\\\/roll-up-double\\\/\",\"url\":\"https:\\\/\\\/www.amstelprinting.nl\\\/fr\\\/boutique\\\/salon-et-evenement\\\/enroulez-les-bannieres\\\/roll-up-double\\\/\",\"name\":\"Roll-up double - Une solution de banni\u00e8re attrayante\",\"isPartOf\":{\"@id\":\"https:\\\/\\\/www.amstelprinting.nl\\\/fr\\\/#website\"},\"primaryImageOfPage\":{\"@id\":\"https:\\\/\\\/www.amstelprinting.nl\\\/fr\\\/boutique\\\/salon-et-evenement\\\/enroulez-les-bannieres\\\/roll-up-double\\\/#primaryimage\"},\"image\":{\"@id\":\"https:\\\/\\\/www.amstelprinting.nl\\\/fr\\\/boutique\\\/salon-et-evenement\\\/enroulez-les-bannieres\\\/roll-up-double\\\/#primaryimage\"},\"thumbnailUrl\":\"https:\\\/\\\/www.amstelprinting.nl\\\/wp-content\\\/uploads\\\/double-roll-up-banner-bedrukken.png\",\"datePublished\":\"2025-01-23T20:03:42+00:00\",\"dateModified\":\"2026-02-18T11:51:43+00:00\",\"description\":\"Commander un Roll-up double ? Id\u00e9al pour les \u00e9v\u00e9nements et les pr\u00e9sentations. Choisissez parmi divers mat\u00e9riaux et options de personnalisation.\",\"breadcrumb\":{\"@id\":\"https:\\\/\\\/www.amstelprinting.nl\\\/fr\\\/boutique\\\/salon-et-evenement\\\/enroulez-les-bannieres\\\/roll-up-double\\\/#breadcrumb\"},\"inLanguage\":\"fr-FR\",\"potentialAction\":[{\"@type\":\"ReadAction\",\"target\":[\"https:\\\/\\\/www.amstelprinting.nl\\\/fr\\\/boutique\\\/salon-et-evenement\\\/enroulez-les-bannieres\\\/roll-up-double\\\/\"]}]},{\"@type\":\"ImageObject\",\"inLanguage\":\"fr-FR\",\"@id\":\"https:\\\/\\\/www.amstelprinting.nl\\\/fr\\\/boutique\\\/salon-et-evenement\\\/enroulez-les-bannieres\\\/roll-up-double\\\/#primaryimage\",\"url\":\"https:\\\/\\\/www.amstelprinting.nl\\\/wp-content\\\/uploads\\\/double-roll-up-banner-bedrukken.png\",\"contentUrl\":\"https:\\\/\\\/www.amstelprinting.nl\\\/wp-content\\\/uploads\\\/double-roll-up-banner-bedrukken.png\",\"width\":700,\"height\":700},{\"@type\":\"BreadcrumbList\",\"@id\":\"https:\\\/\\\/www.amstelprinting.nl\\\/fr\\\/boutique\\\/salon-et-evenement\\\/enroulez-les-bannieres\\\/roll-up-double\\\/#breadcrumb\",\"itemListElement\":[{\"@type\":\"ListItem\",\"position\":1,\"name\":\"\",\"item\":\"https:\\\/\\\/www.amstelprinting.nl\\\/fr\\\/\"},{\"@type\":\"ListItem\",\"position\":2,\"name\":\"Amstel Printing\",\"item\":\"https:\\\/\\\/www.amstelprinting.nl\\\/fr\\\/boutique\\\/\"},{\"@type\":\"ListItem\",\"position\":3,\"name\":\"Salon et \u00e9v\u00e9nement\",\"item\":\"https:\\\/\\\/www.amstelprinting.nl\\\/fr\\\/categorie\\\/salon-et-evenement\\\/\"},{\"@type\":\"ListItem\",\"position\":4,\"name\":\"Enroulez les banni\u00e8res\",\"item\":\"https:\\\/\\\/www.amstelprinting.nl\\\/fr\\\/categorie\\\/salon-et-evenement\\\/enroulez-les-bannieres\\\/\"},{\"@type\":\"ListItem\",\"position\":5,\"name\":\"Roll-up double\"}]},{\"@type\":\"WebSite\",\"@id\":\"https:\\\/\\\/www.amstelprinting.nl\\\/fr\\\/#website\",\"url\":\"https:\\\/\\\/www.amstelprinting.nl\\\/fr\\\/\",\"name\":\"Amstel Printing\",\"description\":\"Creating Exposure\",\"publisher\":{\"@id\":\"https:\\\/\\\/www.amstelprinting.nl\\\/fr\\\/#organization\"},\"potentialAction\":[{\"@type\":\"SearchAction\",\"target\":{\"@type\":\"EntryPoint\",\"urlTemplate\":\"https:\\\/\\\/www.amstelprinting.nl\\\/fr\\\/?s={search_term_string}\"},\"query-input\":{\"@type\":\"PropertyValueSpecification\",\"valueRequired\":true,\"valueName\":\"search_term_string\"}}],\"inLanguage\":\"fr-FR\"},{\"@type\":\"Organization\",\"@id\":\"https:\\\/\\\/www.amstelprinting.nl\\\/fr\\\/#organization\",\"name\":\"Amstel Printing\",\"url\":\"https:\\\/\\\/www.amstelprinting.nl\\\/fr\\\/\",\"logo\":{\"@type\":\"ImageObject\",\"inLanguage\":\"fr-FR\",\"@id\":\"https:\\\/\\\/www.amstelprinting.nl\\\/fr\\\/#\\\/schema\\\/logo\\\/image\\\/\",\"url\":\"https:\\\/\\\/www.amstelprinting.nl\\\/wp-content\\\/uploads\\\/amstel_printing_logo_clean.png\",\"contentUrl\":\"https:\\\/\\\/www.amstelprinting.nl\\\/wp-content\\\/uploads\\\/amstel_printing_logo_clean.png\",\"width\":324,\"height\":73,\"caption\":\"Amstel Printing\"},\"image\":{\"@id\":\"https:\\\/\\\/www.amstelprinting.nl\\\/fr\\\/#\\\/schema\\\/logo\\\/image\\\/\"}}]}<\/script>\n<!-- \/ Yoast SEO plugin. -->","yoast_head_json":{"title":"Roll-up double - Une solution de banni\u00e8re attrayante","description":"Commander un Roll-up double ? Id\u00e9al pour les \u00e9v\u00e9nements et les pr\u00e9sentations. Choisissez parmi divers mat\u00e9riaux et options de personnalisation.","robots":{"index":"index","follow":"follow","max-snippet":"max-snippet:-1","max-image-preview":"max-image-preview:large","max-video-preview":"max-video-preview:-1"},"canonical":"https:\/\/www.amstelprinting.nl\/fr\/boutique\/salon-et-evenement\/enroulez-les-bannieres\/roll-up-double\/","og_locale":"fr_FR","og_type":"article","og_title":"Roll-up double - Une solution de banni\u00e8re attrayante","og_description":"Commander un Roll-up double ? Id\u00e9al pour les \u00e9v\u00e9nements et les pr\u00e9sentations. Choisissez parmi divers mat\u00e9riaux et options de personnalisation.","og_url":"https:\/\/www.amstelprinting.nl\/fr\/boutique\/salon-et-evenement\/enroulez-les-bannieres\/roll-up-double\/","og_site_name":"Amstel Printing","article_modified_time":"2026-02-18T11:51:43+00:00","og_image":[{"width":700,"height":700,"url":"https:\/\/www.amstelprinting.nl\/wp-content\/uploads\/double-roll-up-banner-bedrukken.png","type":"image\/png"}],"twitter_card":"summary_large_image","twitter_misc":{"Dur\u00e9e de lecture estim\u00e9e":"3 minutes"},"schema":{"@context":"https:\/\/schema.org","@graph":[{"@type":"WebPage","@id":"https:\/\/www.amstelprinting.nl\/fr\/boutique\/salon-et-evenement\/enroulez-les-bannieres\/roll-up-double\/","url":"https:\/\/www.amstelprinting.nl\/fr\/boutique\/salon-et-evenement\/enroulez-les-bannieres\/roll-up-double\/","name":"Roll-up double - Une solution de banni\u00e8re attrayante","isPartOf":{"@id":"https:\/\/www.amstelprinting.nl\/fr\/#website"},"primaryImageOfPage":{"@id":"https:\/\/www.amstelprinting.nl\/fr\/boutique\/salon-et-evenement\/enroulez-les-bannieres\/roll-up-double\/#primaryimage"},"image":{"@id":"https:\/\/www.amstelprinting.nl\/fr\/boutique\/salon-et-evenement\/enroulez-les-bannieres\/roll-up-double\/#primaryimage"},"thumbnailUrl":"https:\/\/www.amstelprinting.nl\/wp-content\/uploads\/double-roll-up-banner-bedrukken.png","datePublished":"2025-01-23T20:03:42+00:00","dateModified":"2026-02-18T11:51:43+00:00","description":"Commander un Roll-up double ? Id\u00e9al pour les \u00e9v\u00e9nements et les pr\u00e9sentations. Choisissez parmi divers mat\u00e9riaux et options de personnalisation.","breadcrumb":{"@id":"https:\/\/www.amstelprinting.nl\/fr\/boutique\/salon-et-evenement\/enroulez-les-bannieres\/roll-up-double\/#breadcrumb"},"inLanguage":"fr-FR","potentialAction":[{"@type":"ReadAction","target":["https:\/\/www.amstelprinting.nl\/fr\/boutique\/salon-et-evenement\/enroulez-les-bannieres\/roll-up-double\/"]}]},{"@type":"ImageObject","inLanguage":"fr-FR","@id":"https:\/\/www.amstelprinting.nl\/fr\/boutique\/salon-et-evenement\/enroulez-les-bannieres\/roll-up-double\/#primaryimage","url":"https:\/\/www.amstelprinting.nl\/wp-content\/uploads\/double-roll-up-banner-bedrukken.png","contentUrl":"https:\/\/www.amstelprinting.nl\/wp-content\/uploads\/double-roll-up-banner-bedrukken.png","width":700,"height":700},{"@type":"BreadcrumbList","@id":"https:\/\/www.amstelprinting.nl\/fr\/boutique\/salon-et-evenement\/enroulez-les-bannieres\/roll-up-double\/#breadcrumb","itemListElement":[{"@type":"ListItem","position":1,"name":"","item":"https:\/\/www.amstelprinting.nl\/fr\/"},{"@type":"ListItem","position":2,"name":"Amstel Printing","item":"https:\/\/www.amstelprinting.nl\/fr\/boutique\/"},{"@type":"ListItem","position":3,"name":"Salon et \u00e9v\u00e9nement","item":"https:\/\/www.amstelprinting.nl\/fr\/categorie\/salon-et-evenement\/"},{"@type":"ListItem","position":4,"name":"Enroulez les banni\u00e8res","item":"https:\/\/www.amstelprinting.nl\/fr\/categorie\/salon-et-evenement\/enroulez-les-bannieres\/"},{"@type":"ListItem","position":5,"name":"Roll-up double"}]},{"@type":"WebSite","@id":"https:\/\/www.amstelprinting.nl\/fr\/#website","url":"https:\/\/www.amstelprinting.nl\/fr\/","name":"Amstel Printing","description":"Creating Exposure","publisher":{"@id":"https:\/\/www.amstelprinting.nl\/fr\/#organization"},"potentialAction":[{"@type":"SearchAction","target":{"@type":"EntryPoint","urlTemplate":"https:\/\/www.amstelprinting.nl\/fr\/?s={search_term_string}"},"query-input":{"@type":"PropertyValueSpecification","valueRequired":true,"valueName":"search_term_string"}}],"inLanguage":"fr-FR"},{"@type":"Organization","@id":"https:\/\/www.amstelprinting.nl\/fr\/#organization","name":"Amstel Printing","url":"https:\/\/www.amstelprinting.nl\/fr\/","logo":{"@type":"ImageObject","inLanguage":"fr-FR","@id":"https:\/\/www.amstelprinting.nl\/fr\/#\/schema\/logo\/image\/","url":"https:\/\/www.amstelprinting.nl\/wp-content\/uploads\/amstel_printing_logo_clean.png","contentUrl":"https:\/\/www.amstelprinting.nl\/wp-content\/uploads\/amstel_printing_logo_clean.png","width":324,"height":73,"caption":"Amstel Printing"},"image":{"@id":"https:\/\/www.amstelprinting.nl\/fr\/#\/schema\/logo\/image\/"}}]}},"_links":{"self":[{"href":"https:\/\/www.amstelprinting.nl\/fr\/wp-json\/wp\/v2\/product\/15307","targetHints":{"allow":["GET"]}}],"collection":[{"href":"https:\/\/www.amstelprinting.nl\/fr\/wp-json\/wp\/v2\/product"}],"about":[{"href":"https:\/\/www.amstelprinting.nl\/fr\/wp-json\/wp\/v2\/types\/product"}],"wp:featuredmedia":[{"embeddable":true,"href":"https:\/\/www.amstelprinting.nl\/fr\/wp-json\/wp\/v2\/media\/15308"}],"wp:attachment":[{"href":"https:\/\/www.amstelprinting.nl\/fr\/wp-json\/wp\/v2\/media?parent=15307"}],"wp:term":[{"taxonomy":"product_brand","embeddable":true,"href":"https:\/\/www.amstelprinting.nl\/fr\/wp-json\/wp\/v2\/product_brand?post=15307"},{"taxonomy":"product_cat","embeddable":true,"href":"https:\/\/www.amstelprinting.nl\/fr\/wp-json\/wp\/v2\/product_cat?post=15307"},{"taxonomy":"product_tag","embeddable":true,"href":"https:\/\/www.amstelprinting.nl\/fr\/wp-json\/wp\/v2\/product_tag?post=15307"}],"curies":[{"name":"wp","href":"https:\/\/api.w.org\/{rel}","templated":true}]}}