{"id":15317,"date":"2025-01-23T21:03:27","date_gmt":"2025-01-23T20:03:27","guid":{"rendered":"https:\/\/www.amstelprinting.nl\/winkel\/non%20class\u00e9\/backdrop\/"},"modified":"2026-02-10T13:11:02","modified_gmt":"2026-02-10T12:11:02","slug":"backdrop","status":"publish","type":"product","link":"https:\/\/www.amstelprinting.nl\/fr\/boutique\/salon-et-evenement\/tissus-de-fete\/backdrop\/","title":{"rendered":"Backdrop"},"content":{"rendered":"<h3>Impression de Backdrop<\/h3>\n<p>Un backdrop est le d\u00e9cor id\u00e9al pour les \u00e9v\u00e9nements (derri\u00e8re les sc\u00e8nes), les pr\u00e9sentations ou les s\u00e9ances photo. Ce grand mur de fond (avec ou sans impression) offre un aspect professionnel tout en \u00e9tant fonctionnel. Gr\u00e2ce \u00e0 l&rsquo;aspect mat de la toile de fond, les reflets sont \u00e9vit\u00e9s autant que possible. Un backdrop peut \u00eatre enti\u00e8rement imprim\u00e9 avec votre marque ou votre logo. Le certificat de protection contre l&rsquo;incendie B1 rend \u00e9galement le backdrop ignifuge et donc s\u00fbr pour une utilisation dans les espaces publics.<\/p>\n<h3>Pourquoi commander un backdrop ?<\/h3>\n<ul>\n<li>Les backdrops sont des arri\u00e8re-plans parfaits pour les sc\u00e8nes<\/li>\n<li>L&rsquo;aspect mat emp\u00eache les reflets<\/li>\n<li>Peut \u00eatre command\u00e9 dans n&rsquo;importe quel format<\/li>\n<li>Pour un usage int\u00e9rieur et ext\u00e9rieur<\/li>\n<li>Choisissez parmi de nombreuses finitions et types de toiles (pour chaque application)<\/li>\n<li>S\u00fbr : dot\u00e9 de la certification B1<\/li>\n<\/ul>\n<p>&nbsp;<br \/>\nDonnez \u00e0 vos \u00e9v\u00e9nements un aspect professionnel avec nos backdrops de haute qualit\u00e9, \u00e9galement connus sous le nom de rideaux de sc\u00e8ne ou de th\u00e9\u00e2tre. Ces toiles sont id\u00e9ales pour les sc\u00e8nes, les d\u00e9cors et les \u00e9v\u00e9nements, garantissant que votre message soit toujours sous les projecteurs.<\/p>\n<h3>Choisir le bon mat\u00e9riau<\/h3>\n<p>Gr\u00e2ce \u00e0 l&rsquo;aspect mat, la lumi\u00e8re des projecteurs ne se refl\u00e8te pas sur la toile, ce qui assure un look \u00e9pur\u00e9 et professionnel. Nos backdrops sont disponibles dans diff\u00e9rents mat\u00e9riaux de haute qualit\u00e9, chacun ayant des propri\u00e9t\u00e9s uniques. Tous les mat\u00e9riaux peuvent \u00eatre utilis\u00e9s aussi bien \u00e0 l&rsquo;int\u00e9rieur qu&rsquo;\u00e0 l&rsquo;ext\u00e9rieur.<\/p>\n<ul>\n<li><strong>Dekostof<\/strong> : Cette toile en polyester souple a une structure fine et offre une apparence puissante. Elle est parfaite pour un look professionnel et convient aux applications int\u00e9rieures et ext\u00e9rieures.<\/li>\n<li><strong>Structex<\/strong> : Ce tissu structur\u00e9 en polyester de haute qualit\u00e9 a un aspect coton luxueux, offrant une apparence raffin\u00e9e. Avec le certificat B1, il r\u00e9pond aux normes de s\u00e9curit\u00e9 incendie.<\/li>\n<li><strong>Blackback XL<\/strong> : Cette toile occultante (block-out) en polyester avec un dos noir est id\u00e9ale pour les impressions grand format jusqu&rsquo;\u00e0 496 cm de large. Gr\u00e2ce au dos noir, elle emp\u00eache la lumi\u00e8re de passer et est \u00e9galement certifi\u00e9e B1 pour plus de s\u00e9curit\u00e9.<\/li>\n<li><strong>Decotex UV<\/strong> : Cette toile en polyester souple est parfaite pour le grand format et offre une apparence puissante, id\u00e9ale pour une utilisation en ext\u00e9rieur. Le certificat B1 garantit que la toile r\u00e9pond aux exigences de s\u00e9curit\u00e9 incendie.<\/li>\n<\/ul>\n<p>&nbsp;<\/p>\n<h3>Finition des Backdrops<\/h3>\n<p>Selon le mat\u00e9riau choisi, les finitions peuvent varier, telles que la coupe nette, le jonc plat et le velcro. Cela vous offre la flexibilit\u00e9 d&rsquo;adapter le backdrop \u00e0 vos besoins sp\u00e9cifiques et \u00e0 vos m\u00e9thodes de fixation.<\/p>\n<p>Vous avez la possibilit\u00e9 de faire concevoir les toiles de mani\u00e8re continue ou non. Souhaitez-vous que le motif se poursuive sur plusieurs toiles ou des motifs individuels suffisent-ils ? Nous nous adaptons \u00e0 vos souhaits afin que votre backdrop corresponde parfaitement \u00e0 vos attentes.<\/p>\n<p>Avec nos backdrops, vous cr\u00e9ez un arri\u00e8re-plan impressionnant pour chaque sc\u00e8ne ou d\u00e9cor. Que vous organisiez un \u00e9v\u00e9nement, un spectacle ou une s\u00e9ance photo, nos toiles de haute qualit\u00e9 garantissent un aspect \u00e9pur\u00e9 et professionnel. Optez pour la qualit\u00e9 et la polyvalence avec nos backdrops et faites de votre \u00e9v\u00e9nement un succ\u00e8s !<\/p>\n","protected":false},"excerpt":{"rendered":"<p>Un backdrop est le d\u00e9cor id\u00e9al pour les \u00e9v\u00e9nements (derri\u00e8re les sc\u00e8nes), les pr\u00e9sentations ou les s\u00e9ances photo. Ce grand mur de fond (avec ou sans impression) offre un aspect professionnel tout en \u00e9tant fonctionnel. Gr\u00e2ce \u00e0 l&rsquo;aspect mat de la toile de fond, les reflets sont \u00e9vit\u00e9s autant que possible. Un backdrop peut \u00eatre enti\u00e8rement imprim\u00e9 avec votre marque ou votre logo. Le certificat de protection contre l&rsquo;incendie B1 rend \u00e9galement le backdrop ignifuge et donc s\u00fbr pour une utilisation dans les espaces publics.<\/p>\n","protected":false},"featured_media":15318,"template":"","meta":{"_et_pb_use_builder":"","_et_pb_old_content":"","_et_gb_content_width":""},"product_brand":[],"product_cat":[428,407],"product_tag":[],"class_list":{"0":"post-15317","1":"product","2":"type-product","3":"status-publish","4":"has-post-thumbnail","6":"product_cat-salon-et-evenement","7":"product_cat-tissus-de-fete","9":"first","10":"instock","11":"taxable","12":"shipping-taxable","13":"purchasable","14":"product-type-simple"},"yoast_head":"<!-- This site is optimized with the Yoast SEO plugin v27.3 - https:\/\/yoast.com\/product\/yoast-seo-wordpress\/ -->\n<title>Backdrop professionnel sur mesure - Mat, S\u00fbr &amp; Livr\u00e9 rapidement<\/title>\n<meta name=\"description\" content=\"D\u00e9couvrez des backdrops sur mesure de haute qualit\u00e9 avec une finition mate, ignifug\u00e9s B1 et enti\u00e8rement personnalisables. Command\u00e9 aujourd&#039;hui, livr\u00e9 rapidement !\" \/>\n<meta name=\"robots\" content=\"index, follow, max-snippet:-1, max-image-preview:large, max-video-preview:-1\" \/>\n<link rel=\"canonical\" href=\"https:\/\/www.amstelprinting.nl\/fr\/boutique\/salon-et-evenement\/tissus-de-fete\/backdrop\/\" \/>\n<meta property=\"og:locale\" content=\"fr_FR\" \/>\n<meta property=\"og:type\" content=\"article\" \/>\n<meta property=\"og:title\" content=\"Backdrop professionnel sur mesure - Mat, S\u00fbr &amp; Livr\u00e9 rapidement\" \/>\n<meta property=\"og:description\" content=\"D\u00e9couvrez des backdrops sur mesure de haute qualit\u00e9 avec une finition mate, ignifug\u00e9s B1 et enti\u00e8rement personnalisables. Command\u00e9 aujourd&#039;hui, livr\u00e9 rapidement !\" \/>\n<meta property=\"og:url\" content=\"https:\/\/www.amstelprinting.nl\/fr\/boutique\/salon-et-evenement\/tissus-de-fete\/backdrop\/\" \/>\n<meta property=\"og:site_name\" content=\"Amstel Printing\" \/>\n<meta property=\"article:modified_time\" content=\"2026-02-10T12:11:02+00:00\" \/>\n<meta property=\"og:image\" content=\"https:\/\/www.amstelprinting.nl\/wp-content\/uploads\/backdrop-bedrukken.png\" \/>\n\t<meta property=\"og:image:width\" content=\"900\" \/>\n\t<meta property=\"og:image:height\" content=\"900\" \/>\n\t<meta property=\"og:image:type\" content=\"image\/png\" \/>\n<meta name=\"twitter:card\" content=\"summary_large_image\" \/>\n<meta name=\"twitter:label1\" content=\"Dur\u00e9e de lecture estim\u00e9e\" \/>\n\t<meta name=\"twitter:data1\" content=\"3 minutes\" \/>\n<script type=\"application\/ld+json\" class=\"yoast-schema-graph\">{\"@context\":\"https:\\\/\\\/schema.org\",\"@graph\":[{\"@type\":\"WebPage\",\"@id\":\"https:\\\/\\\/www.amstelprinting.nl\\\/fr\\\/boutique\\\/salon-et-evenement\\\/tissus-de-fete\\\/backdrop\\\/\",\"url\":\"https:\\\/\\\/www.amstelprinting.nl\\\/fr\\\/boutique\\\/salon-et-evenement\\\/tissus-de-fete\\\/backdrop\\\/\",\"name\":\"Backdrop professionnel sur mesure - Mat, S\u00fbr & Livr\u00e9 rapidement\",\"isPartOf\":{\"@id\":\"https:\\\/\\\/www.amstelprinting.nl\\\/fr\\\/#website\"},\"primaryImageOfPage\":{\"@id\":\"https:\\\/\\\/www.amstelprinting.nl\\\/fr\\\/boutique\\\/salon-et-evenement\\\/tissus-de-fete\\\/backdrop\\\/#primaryimage\"},\"image\":{\"@id\":\"https:\\\/\\\/www.amstelprinting.nl\\\/fr\\\/boutique\\\/salon-et-evenement\\\/tissus-de-fete\\\/backdrop\\\/#primaryimage\"},\"thumbnailUrl\":\"https:\\\/\\\/www.amstelprinting.nl\\\/wp-content\\\/uploads\\\/backdrop-bedrukken.png\",\"datePublished\":\"2025-01-23T20:03:27+00:00\",\"dateModified\":\"2026-02-10T12:11:02+00:00\",\"description\":\"D\u00e9couvrez des backdrops sur mesure de haute qualit\u00e9 avec une finition mate, ignifug\u00e9s B1 et enti\u00e8rement personnalisables. Command\u00e9 aujourd'hui, livr\u00e9 rapidement !\",\"breadcrumb\":{\"@id\":\"https:\\\/\\\/www.amstelprinting.nl\\\/fr\\\/boutique\\\/salon-et-evenement\\\/tissus-de-fete\\\/backdrop\\\/#breadcrumb\"},\"inLanguage\":\"fr-FR\",\"potentialAction\":[{\"@type\":\"ReadAction\",\"target\":[\"https:\\\/\\\/www.amstelprinting.nl\\\/fr\\\/boutique\\\/salon-et-evenement\\\/tissus-de-fete\\\/backdrop\\\/\"]}]},{\"@type\":\"ImageObject\",\"inLanguage\":\"fr-FR\",\"@id\":\"https:\\\/\\\/www.amstelprinting.nl\\\/fr\\\/boutique\\\/salon-et-evenement\\\/tissus-de-fete\\\/backdrop\\\/#primaryimage\",\"url\":\"https:\\\/\\\/www.amstelprinting.nl\\\/wp-content\\\/uploads\\\/backdrop-bedrukken.png\",\"contentUrl\":\"https:\\\/\\\/www.amstelprinting.nl\\\/wp-content\\\/uploads\\\/backdrop-bedrukken.png\",\"width\":900,\"height\":900},{\"@type\":\"BreadcrumbList\",\"@id\":\"https:\\\/\\\/www.amstelprinting.nl\\\/fr\\\/boutique\\\/salon-et-evenement\\\/tissus-de-fete\\\/backdrop\\\/#breadcrumb\",\"itemListElement\":[{\"@type\":\"ListItem\",\"position\":1,\"name\":\"\",\"item\":\"https:\\\/\\\/www.amstelprinting.nl\\\/fr\\\/\"},{\"@type\":\"ListItem\",\"position\":2,\"name\":\"Amstel Printing\",\"item\":\"https:\\\/\\\/www.amstelprinting.nl\\\/fr\\\/boutique\\\/\"},{\"@type\":\"ListItem\",\"position\":3,\"name\":\"Salon et \u00e9v\u00e9nement\",\"item\":\"https:\\\/\\\/www.amstelprinting.nl\\\/fr\\\/categorie\\\/salon-et-evenement\\\/\"},{\"@type\":\"ListItem\",\"position\":4,\"name\":\"Tissus de f\u00eate\",\"item\":\"https:\\\/\\\/www.amstelprinting.nl\\\/fr\\\/categorie\\\/salon-et-evenement\\\/tissus-de-fete\\\/\"},{\"@type\":\"ListItem\",\"position\":5,\"name\":\"Backdrop\"}]},{\"@type\":\"WebSite\",\"@id\":\"https:\\\/\\\/www.amstelprinting.nl\\\/fr\\\/#website\",\"url\":\"https:\\\/\\\/www.amstelprinting.nl\\\/fr\\\/\",\"name\":\"Amstel Printing\",\"description\":\"Creating Exposure\",\"publisher\":{\"@id\":\"https:\\\/\\\/www.amstelprinting.nl\\\/fr\\\/#organization\"},\"potentialAction\":[{\"@type\":\"SearchAction\",\"target\":{\"@type\":\"EntryPoint\",\"urlTemplate\":\"https:\\\/\\\/www.amstelprinting.nl\\\/fr\\\/?s={search_term_string}\"},\"query-input\":{\"@type\":\"PropertyValueSpecification\",\"valueRequired\":true,\"valueName\":\"search_term_string\"}}],\"inLanguage\":\"fr-FR\"},{\"@type\":\"Organization\",\"@id\":\"https:\\\/\\\/www.amstelprinting.nl\\\/fr\\\/#organization\",\"name\":\"Amstel Printing\",\"url\":\"https:\\\/\\\/www.amstelprinting.nl\\\/fr\\\/\",\"logo\":{\"@type\":\"ImageObject\",\"inLanguage\":\"fr-FR\",\"@id\":\"https:\\\/\\\/www.amstelprinting.nl\\\/fr\\\/#\\\/schema\\\/logo\\\/image\\\/\",\"url\":\"https:\\\/\\\/www.amstelprinting.nl\\\/wp-content\\\/uploads\\\/amstel_printing_logo_clean.png\",\"contentUrl\":\"https:\\\/\\\/www.amstelprinting.nl\\\/wp-content\\\/uploads\\\/amstel_printing_logo_clean.png\",\"width\":324,\"height\":73,\"caption\":\"Amstel Printing\"},\"image\":{\"@id\":\"https:\\\/\\\/www.amstelprinting.nl\\\/fr\\\/#\\\/schema\\\/logo\\\/image\\\/\"}}]}<\/script>\n<!-- \/ Yoast SEO plugin. -->","yoast_head_json":{"title":"Backdrop professionnel sur mesure - Mat, S\u00fbr & Livr\u00e9 rapidement","description":"D\u00e9couvrez des backdrops sur mesure de haute qualit\u00e9 avec une finition mate, ignifug\u00e9s B1 et enti\u00e8rement personnalisables. Command\u00e9 aujourd'hui, livr\u00e9 rapidement !","robots":{"index":"index","follow":"follow","max-snippet":"max-snippet:-1","max-image-preview":"max-image-preview:large","max-video-preview":"max-video-preview:-1"},"canonical":"https:\/\/www.amstelprinting.nl\/fr\/boutique\/salon-et-evenement\/tissus-de-fete\/backdrop\/","og_locale":"fr_FR","og_type":"article","og_title":"Backdrop professionnel sur mesure - Mat, S\u00fbr & Livr\u00e9 rapidement","og_description":"D\u00e9couvrez des backdrops sur mesure de haute qualit\u00e9 avec une finition mate, ignifug\u00e9s B1 et enti\u00e8rement personnalisables. Command\u00e9 aujourd'hui, livr\u00e9 rapidement !","og_url":"https:\/\/www.amstelprinting.nl\/fr\/boutique\/salon-et-evenement\/tissus-de-fete\/backdrop\/","og_site_name":"Amstel Printing","article_modified_time":"2026-02-10T12:11:02+00:00","og_image":[{"width":900,"height":900,"url":"https:\/\/www.amstelprinting.nl\/wp-content\/uploads\/backdrop-bedrukken.png","type":"image\/png"}],"twitter_card":"summary_large_image","twitter_misc":{"Dur\u00e9e de lecture estim\u00e9e":"3 minutes"},"schema":{"@context":"https:\/\/schema.org","@graph":[{"@type":"WebPage","@id":"https:\/\/www.amstelprinting.nl\/fr\/boutique\/salon-et-evenement\/tissus-de-fete\/backdrop\/","url":"https:\/\/www.amstelprinting.nl\/fr\/boutique\/salon-et-evenement\/tissus-de-fete\/backdrop\/","name":"Backdrop professionnel sur mesure - Mat, S\u00fbr & Livr\u00e9 rapidement","isPartOf":{"@id":"https:\/\/www.amstelprinting.nl\/fr\/#website"},"primaryImageOfPage":{"@id":"https:\/\/www.amstelprinting.nl\/fr\/boutique\/salon-et-evenement\/tissus-de-fete\/backdrop\/#primaryimage"},"image":{"@id":"https:\/\/www.amstelprinting.nl\/fr\/boutique\/salon-et-evenement\/tissus-de-fete\/backdrop\/#primaryimage"},"thumbnailUrl":"https:\/\/www.amstelprinting.nl\/wp-content\/uploads\/backdrop-bedrukken.png","datePublished":"2025-01-23T20:03:27+00:00","dateModified":"2026-02-10T12:11:02+00:00","description":"D\u00e9couvrez des backdrops sur mesure de haute qualit\u00e9 avec une finition mate, ignifug\u00e9s B1 et enti\u00e8rement personnalisables. Command\u00e9 aujourd'hui, livr\u00e9 rapidement !","breadcrumb":{"@id":"https:\/\/www.amstelprinting.nl\/fr\/boutique\/salon-et-evenement\/tissus-de-fete\/backdrop\/#breadcrumb"},"inLanguage":"fr-FR","potentialAction":[{"@type":"ReadAction","target":["https:\/\/www.amstelprinting.nl\/fr\/boutique\/salon-et-evenement\/tissus-de-fete\/backdrop\/"]}]},{"@type":"ImageObject","inLanguage":"fr-FR","@id":"https:\/\/www.amstelprinting.nl\/fr\/boutique\/salon-et-evenement\/tissus-de-fete\/backdrop\/#primaryimage","url":"https:\/\/www.amstelprinting.nl\/wp-content\/uploads\/backdrop-bedrukken.png","contentUrl":"https:\/\/www.amstelprinting.nl\/wp-content\/uploads\/backdrop-bedrukken.png","width":900,"height":900},{"@type":"BreadcrumbList","@id":"https:\/\/www.amstelprinting.nl\/fr\/boutique\/salon-et-evenement\/tissus-de-fete\/backdrop\/#breadcrumb","itemListElement":[{"@type":"ListItem","position":1,"name":"","item":"https:\/\/www.amstelprinting.nl\/fr\/"},{"@type":"ListItem","position":2,"name":"Amstel Printing","item":"https:\/\/www.amstelprinting.nl\/fr\/boutique\/"},{"@type":"ListItem","position":3,"name":"Salon et \u00e9v\u00e9nement","item":"https:\/\/www.amstelprinting.nl\/fr\/categorie\/salon-et-evenement\/"},{"@type":"ListItem","position":4,"name":"Tissus de f\u00eate","item":"https:\/\/www.amstelprinting.nl\/fr\/categorie\/salon-et-evenement\/tissus-de-fete\/"},{"@type":"ListItem","position":5,"name":"Backdrop"}]},{"@type":"WebSite","@id":"https:\/\/www.amstelprinting.nl\/fr\/#website","url":"https:\/\/www.amstelprinting.nl\/fr\/","name":"Amstel Printing","description":"Creating Exposure","publisher":{"@id":"https:\/\/www.amstelprinting.nl\/fr\/#organization"},"potentialAction":[{"@type":"SearchAction","target":{"@type":"EntryPoint","urlTemplate":"https:\/\/www.amstelprinting.nl\/fr\/?s={search_term_string}"},"query-input":{"@type":"PropertyValueSpecification","valueRequired":true,"valueName":"search_term_string"}}],"inLanguage":"fr-FR"},{"@type":"Organization","@id":"https:\/\/www.amstelprinting.nl\/fr\/#organization","name":"Amstel Printing","url":"https:\/\/www.amstelprinting.nl\/fr\/","logo":{"@type":"ImageObject","inLanguage":"fr-FR","@id":"https:\/\/www.amstelprinting.nl\/fr\/#\/schema\/logo\/image\/","url":"https:\/\/www.amstelprinting.nl\/wp-content\/uploads\/amstel_printing_logo_clean.png","contentUrl":"https:\/\/www.amstelprinting.nl\/wp-content\/uploads\/amstel_printing_logo_clean.png","width":324,"height":73,"caption":"Amstel Printing"},"image":{"@id":"https:\/\/www.amstelprinting.nl\/fr\/#\/schema\/logo\/image\/"}}]}},"_links":{"self":[{"href":"https:\/\/www.amstelprinting.nl\/fr\/wp-json\/wp\/v2\/product\/15317","targetHints":{"allow":["GET"]}}],"collection":[{"href":"https:\/\/www.amstelprinting.nl\/fr\/wp-json\/wp\/v2\/product"}],"about":[{"href":"https:\/\/www.amstelprinting.nl\/fr\/wp-json\/wp\/v2\/types\/product"}],"wp:featuredmedia":[{"embeddable":true,"href":"https:\/\/www.amstelprinting.nl\/fr\/wp-json\/wp\/v2\/media\/15318"}],"wp:attachment":[{"href":"https:\/\/www.amstelprinting.nl\/fr\/wp-json\/wp\/v2\/media?parent=15317"}],"wp:term":[{"taxonomy":"product_brand","embeddable":true,"href":"https:\/\/www.amstelprinting.nl\/fr\/wp-json\/wp\/v2\/product_brand?post=15317"},{"taxonomy":"product_cat","embeddable":true,"href":"https:\/\/www.amstelprinting.nl\/fr\/wp-json\/wp\/v2\/product_cat?post=15317"},{"taxonomy":"product_tag","embeddable":true,"href":"https:\/\/www.amstelprinting.nl\/fr\/wp-json\/wp\/v2\/product_tag?post=15317"}],"curies":[{"name":"wp","href":"https:\/\/api.w.org\/{rel}","templated":true}]}}