{"id":15327,"date":"2025-01-23T21:02:42","date_gmt":"2025-01-23T20:02:42","guid":{"rendered":"https:\/\/www.amstelprinting.nl\/winkel\/non%20class\u00e9\/beursbanner\/"},"modified":"2026-02-18T12:51:44","modified_gmt":"2026-02-18T11:51:44","slug":"banniere-de-salon","status":"publish","type":"product","link":"https:\/\/www.amstelprinting.nl\/fr\/boutique\/salon-et-evenement\/toiles-dexposition\/banniere-de-salon\/","title":{"rendered":"Banni\u00e8re de salon"},"content":{"rendered":"<h3>Impression de banni\u00e8res de salon<\/h3>\n<p>\\nNos banni\u00e8res de salon sont le choix id\u00e9al pour mettre votre marque sous les projecteurs lors d&rsquo;un salon ou d&rsquo;un \u00e9v\u00e9nement. Gr\u00e2ce \u00e0 une combinaison de qualit\u00e9 et d&rsquo;impact visuel impressionnant, nos banni\u00e8res de salon imprim\u00e9es garantissent que votre stand de salon se d\u00e9marque. Donnez \u00e0 votre pr\u00e9sentation un aspect professionnel et attirez l&rsquo;attention de votre public.\\n\\n<\/p>\n<h3>Avantages<\/h3>\n<p>\\n<\/p>\n<ul>\\n  <\/p>\n<li>Disponible en quatre mat\u00e9riaux de haute qualit\u00e9<\/li>\n<p>\\n  <\/p>\n<li>Choisissez un format selon vos souhaits<\/li>\n<p>\\n  <\/p>\n<li>Id\u00e9al pour les salons et les expositions<\/li>\n<p>\\n  <\/p>\n<li>Impression int\u00e9grale ultra-nette ou mate<\/li>\n<p>\\n  <\/p>\n<li>Prix \u00e9conomique<\/li>\n<p>\\n  <\/p>\n<li>Certificat B1 de s\u00e9curit\u00e9 incendie (ignifuge)<\/li>\n<p>\\n  <\/p>\n<li>Diff\u00e9rentes finitions<\/li>\n<p>\\n<\/ul>\n<p>\\n&nbsp;\\n<\/p>\n<h3>Mat\u00e9riaux de toile de banni\u00e8re<\/h3>\n<p>\\n<\/p>\n<ul>\\n  <\/p>\n<li><strong>Airtex\u00ae<\/strong> : Cette toile PVC infroissable de 330 g\/m\u00b2 est facile \u00e0 utiliser et certifi\u00e9e B1 pour la s\u00e9curit\u00e9 incendie, ce qui la rend parfaite pour les salons et les \u00e9v\u00e9nements.<\/li>\n<p>\\n  <\/p>\n<li><strong>Blackback XL<\/strong> : Cette toile occultante en polyester avec un dos noir convient aux impressions grand format jusqu&rsquo;\u00e0 496 cm de large. Gr\u00e2ce au dos noir, aucune lumi\u00e8re ne passe au travers, et le mat\u00e9riau est certifi\u00e9 B1 pour une s\u00e9curit\u00e9 accrue.<\/li>\n<p>\\n  <\/p>\n<li><strong>Dekostof<\/strong> : Ce tissu en polyester flexible a une texture fine et se distingue par ses couleurs vives et sa finition mate, qui absorbe la lumi\u00e8re au lieu de la r\u00e9fl\u00e9chir. Ce tissu est \u00e9galement certifi\u00e9 B1, assurant une s\u00e9curit\u00e9 suppl\u00e9mentaire sur le lieu du salon.<\/li>\n<p>\\n  <\/p>\n<li><strong>Flag<\/strong> : Option la plus choisie (apr\u00e8s le Dekostof). Cette toile en polyester \u00e9conomique a une grande transparence et est id\u00e9ale pour les applications temporaires avec une dur\u00e9e de vie allant jusqu&rsquo;\u00e0 quatre mois. Elle offre un aspect l\u00e9ger et a\u00e9r\u00e9.<\/li>\n<p>\\n<\/ul>\n<p>\\n&nbsp;\\n<\/p>\n<h3>Acheter une banni\u00e8re de salon : choisissez la bonne finition<\/h3>\n<p>\\nSelon le mat\u00e9riau, vous pouvez choisir diff\u00e9rentes finitions pour la banni\u00e8re de salon, telles que des ourlets, des tunnels, la d\u00e9coupe ou un jonc plat. Ces finitions garantissent que votre banni\u00e8re de salon s&rsquo;adapte parfaitement \u00e0 la m\u00e9thode de suspension choisie et offre l&rsquo;aspect et la sensation souhait\u00e9s.\\n<\/p>\n<h3>Suspendre une banni\u00e8re de salon<\/h3>\n<p>\\nPour une suspension simple et solide, nous proposons des syst\u00e8mes de suspension en bois en trois tailles : 60 cm, 80 cm et 100 cm. Ces syst\u00e8mes de suspension sont con\u00e7us pour accrocher votre banni\u00e8re de salon de mani\u00e8re tendue et s\u00e9curis\u00e9e, garantissant que votre message soit toujours bien visible.<\/p>\n","protected":false},"excerpt":{"rendered":"<h3>Toile allong\u00e9e pour salons. Dot\u00e9e d&rsquo;une impression ultra-nette<\/h3>\n<p>\\nAugmentez la visibilit\u00e9 de votre stand de salon avec nos banni\u00e8res de salon de haute qualit\u00e9, \u00e9galement appel\u00e9es banni\u00e8res de plafond. Sp\u00e9cialement con\u00e7ues pour attirer l&rsquo;attention et offrir un aspect professionnel, nos banni\u00e8res de salon sont disponibles en quatre types de mat\u00e9riaux.<\/p>\n","protected":false},"featured_media":15328,"template":"","meta":{"_et_pb_use_builder":"","_et_pb_old_content":"","_et_gb_content_width":""},"product_brand":[],"product_cat":[312,428,376],"product_tag":[],"class_list":{"0":"post-15327","1":"product","2":"type-product","3":"status-publish","4":"has-post-thumbnail","6":"product_cat-autocollants-et-impression","7":"product_cat-salon-et-evenement","8":"product_cat-toiles-dexposition","10":"first","11":"instock","12":"taxable","13":"shipping-taxable","14":"purchasable","15":"product-type-simple"},"yoast_head":"<!-- This site is optimized with the Yoast SEO plugin v27.3 - https:\/\/yoast.com\/product\/yoast-seo-wordpress\/ -->\n<title>Banni\u00e8re de salon sur mesure \u2013 Visibilit\u00e9 maximale et livraison rapide<\/title>\n<meta name=\"description\" content=\"Commandez votre banni\u00e8re de salon avec une impression ultra-nette et un choix de 4 mat\u00e9riaux de qualit\u00e9 sup\u00e9rieure. Enti\u00e8rement personnalisable pour une pr\u00e9sentation parfaite lors de chaque \u00e9v\u00e9nement.\" \/>\n<meta name=\"robots\" content=\"index, follow, max-snippet:-1, max-image-preview:large, max-video-preview:-1\" \/>\n<link rel=\"canonical\" href=\"https:\/\/www.amstelprinting.nl\/fr\/boutique\/salon-et-evenement\/toiles-dexposition\/banniere-de-salon\/\" \/>\n<meta property=\"og:locale\" content=\"fr_FR\" \/>\n<meta property=\"og:type\" content=\"article\" \/>\n<meta property=\"og:title\" content=\"Banni\u00e8re de salon sur mesure \u2013 Visibilit\u00e9 maximale et livraison rapide\" \/>\n<meta property=\"og:description\" content=\"Commandez votre banni\u00e8re de salon avec une impression ultra-nette et un choix de 4 mat\u00e9riaux de qualit\u00e9 sup\u00e9rieure. Enti\u00e8rement personnalisable pour une pr\u00e9sentation parfaite lors de chaque \u00e9v\u00e9nement.\" \/>\n<meta property=\"og:url\" content=\"https:\/\/www.amstelprinting.nl\/fr\/boutique\/salon-et-evenement\/toiles-dexposition\/banniere-de-salon\/\" \/>\n<meta property=\"og:site_name\" content=\"Amstel Printing\" \/>\n<meta property=\"article:modified_time\" content=\"2026-02-18T11:51:44+00:00\" \/>\n<meta property=\"og:image\" content=\"https:\/\/www.amstelprinting.nl\/wp-content\/uploads\/beursbanners-bedrukken.png\" \/>\n\t<meta property=\"og:image:width\" content=\"700\" \/>\n\t<meta property=\"og:image:height\" content=\"700\" \/>\n\t<meta property=\"og:image:type\" content=\"image\/png\" \/>\n<meta name=\"twitter:card\" content=\"summary_large_image\" \/>\n<meta name=\"twitter:label1\" content=\"Dur\u00e9e de lecture estim\u00e9e\" \/>\n\t<meta name=\"twitter:data1\" content=\"2 minutes\" \/>\n<script type=\"application\/ld+json\" class=\"yoast-schema-graph\">{\"@context\":\"https:\\\/\\\/schema.org\",\"@graph\":[{\"@type\":\"WebPage\",\"@id\":\"https:\\\/\\\/www.amstelprinting.nl\\\/fr\\\/boutique\\\/salon-et-evenement\\\/toiles-dexposition\\\/banniere-de-salon\\\/\",\"url\":\"https:\\\/\\\/www.amstelprinting.nl\\\/fr\\\/boutique\\\/salon-et-evenement\\\/toiles-dexposition\\\/banniere-de-salon\\\/\",\"name\":\"Banni\u00e8re de salon sur mesure \u2013 Visibilit\u00e9 maximale et livraison rapide\",\"isPartOf\":{\"@id\":\"https:\\\/\\\/www.amstelprinting.nl\\\/fr\\\/#website\"},\"primaryImageOfPage\":{\"@id\":\"https:\\\/\\\/www.amstelprinting.nl\\\/fr\\\/boutique\\\/salon-et-evenement\\\/toiles-dexposition\\\/banniere-de-salon\\\/#primaryimage\"},\"image\":{\"@id\":\"https:\\\/\\\/www.amstelprinting.nl\\\/fr\\\/boutique\\\/salon-et-evenement\\\/toiles-dexposition\\\/banniere-de-salon\\\/#primaryimage\"},\"thumbnailUrl\":\"https:\\\/\\\/www.amstelprinting.nl\\\/wp-content\\\/uploads\\\/beursbanners-bedrukken.png\",\"datePublished\":\"2025-01-23T20:02:42+00:00\",\"dateModified\":\"2026-02-18T11:51:44+00:00\",\"description\":\"Commandez votre banni\u00e8re de salon avec une impression ultra-nette et un choix de 4 mat\u00e9riaux de qualit\u00e9 sup\u00e9rieure. Enti\u00e8rement personnalisable pour une pr\u00e9sentation parfaite lors de chaque \u00e9v\u00e9nement.\",\"breadcrumb\":{\"@id\":\"https:\\\/\\\/www.amstelprinting.nl\\\/fr\\\/boutique\\\/salon-et-evenement\\\/toiles-dexposition\\\/banniere-de-salon\\\/#breadcrumb\"},\"inLanguage\":\"fr-FR\",\"potentialAction\":[{\"@type\":\"ReadAction\",\"target\":[\"https:\\\/\\\/www.amstelprinting.nl\\\/fr\\\/boutique\\\/salon-et-evenement\\\/toiles-dexposition\\\/banniere-de-salon\\\/\"]}]},{\"@type\":\"ImageObject\",\"inLanguage\":\"fr-FR\",\"@id\":\"https:\\\/\\\/www.amstelprinting.nl\\\/fr\\\/boutique\\\/salon-et-evenement\\\/toiles-dexposition\\\/banniere-de-salon\\\/#primaryimage\",\"url\":\"https:\\\/\\\/www.amstelprinting.nl\\\/wp-content\\\/uploads\\\/beursbanners-bedrukken.png\",\"contentUrl\":\"https:\\\/\\\/www.amstelprinting.nl\\\/wp-content\\\/uploads\\\/beursbanners-bedrukken.png\",\"width\":700,\"height\":700},{\"@type\":\"BreadcrumbList\",\"@id\":\"https:\\\/\\\/www.amstelprinting.nl\\\/fr\\\/boutique\\\/salon-et-evenement\\\/toiles-dexposition\\\/banniere-de-salon\\\/#breadcrumb\",\"itemListElement\":[{\"@type\":\"ListItem\",\"position\":1,\"name\":\"\",\"item\":\"https:\\\/\\\/www.amstelprinting.nl\\\/fr\\\/\"},{\"@type\":\"ListItem\",\"position\":2,\"name\":\"Amstel Printing\",\"item\":\"https:\\\/\\\/www.amstelprinting.nl\\\/fr\\\/boutique\\\/\"},{\"@type\":\"ListItem\",\"position\":3,\"name\":\"Salon et \u00e9v\u00e9nement\",\"item\":\"https:\\\/\\\/www.amstelprinting.nl\\\/fr\\\/categorie\\\/salon-et-evenement\\\/\"},{\"@type\":\"ListItem\",\"position\":4,\"name\":\"Toiles d'exposition\",\"item\":\"https:\\\/\\\/www.amstelprinting.nl\\\/fr\\\/categorie\\\/salon-et-evenement\\\/toiles-dexposition\\\/\"},{\"@type\":\"ListItem\",\"position\":5,\"name\":\"Banni\u00e8re de salon\"}]},{\"@type\":\"WebSite\",\"@id\":\"https:\\\/\\\/www.amstelprinting.nl\\\/fr\\\/#website\",\"url\":\"https:\\\/\\\/www.amstelprinting.nl\\\/fr\\\/\",\"name\":\"Amstel Printing\",\"description\":\"Creating Exposure\",\"publisher\":{\"@id\":\"https:\\\/\\\/www.amstelprinting.nl\\\/fr\\\/#organization\"},\"potentialAction\":[{\"@type\":\"SearchAction\",\"target\":{\"@type\":\"EntryPoint\",\"urlTemplate\":\"https:\\\/\\\/www.amstelprinting.nl\\\/fr\\\/?s={search_term_string}\"},\"query-input\":{\"@type\":\"PropertyValueSpecification\",\"valueRequired\":true,\"valueName\":\"search_term_string\"}}],\"inLanguage\":\"fr-FR\"},{\"@type\":\"Organization\",\"@id\":\"https:\\\/\\\/www.amstelprinting.nl\\\/fr\\\/#organization\",\"name\":\"Amstel Printing\",\"url\":\"https:\\\/\\\/www.amstelprinting.nl\\\/fr\\\/\",\"logo\":{\"@type\":\"ImageObject\",\"inLanguage\":\"fr-FR\",\"@id\":\"https:\\\/\\\/www.amstelprinting.nl\\\/fr\\\/#\\\/schema\\\/logo\\\/image\\\/\",\"url\":\"https:\\\/\\\/www.amstelprinting.nl\\\/wp-content\\\/uploads\\\/amstel_printing_logo_clean.png\",\"contentUrl\":\"https:\\\/\\\/www.amstelprinting.nl\\\/wp-content\\\/uploads\\\/amstel_printing_logo_clean.png\",\"width\":324,\"height\":73,\"caption\":\"Amstel Printing\"},\"image\":{\"@id\":\"https:\\\/\\\/www.amstelprinting.nl\\\/fr\\\/#\\\/schema\\\/logo\\\/image\\\/\"}}]}<\/script>\n<!-- \/ Yoast SEO plugin. -->","yoast_head_json":{"title":"Banni\u00e8re de salon sur mesure \u2013 Visibilit\u00e9 maximale et livraison rapide","description":"Commandez votre banni\u00e8re de salon avec une impression ultra-nette et un choix de 4 mat\u00e9riaux de qualit\u00e9 sup\u00e9rieure. Enti\u00e8rement personnalisable pour une pr\u00e9sentation parfaite lors de chaque \u00e9v\u00e9nement.","robots":{"index":"index","follow":"follow","max-snippet":"max-snippet:-1","max-image-preview":"max-image-preview:large","max-video-preview":"max-video-preview:-1"},"canonical":"https:\/\/www.amstelprinting.nl\/fr\/boutique\/salon-et-evenement\/toiles-dexposition\/banniere-de-salon\/","og_locale":"fr_FR","og_type":"article","og_title":"Banni\u00e8re de salon sur mesure \u2013 Visibilit\u00e9 maximale et livraison rapide","og_description":"Commandez votre banni\u00e8re de salon avec une impression ultra-nette et un choix de 4 mat\u00e9riaux de qualit\u00e9 sup\u00e9rieure. Enti\u00e8rement personnalisable pour une pr\u00e9sentation parfaite lors de chaque \u00e9v\u00e9nement.","og_url":"https:\/\/www.amstelprinting.nl\/fr\/boutique\/salon-et-evenement\/toiles-dexposition\/banniere-de-salon\/","og_site_name":"Amstel Printing","article_modified_time":"2026-02-18T11:51:44+00:00","og_image":[{"width":700,"height":700,"url":"https:\/\/www.amstelprinting.nl\/wp-content\/uploads\/beursbanners-bedrukken.png","type":"image\/png"}],"twitter_card":"summary_large_image","twitter_misc":{"Dur\u00e9e de lecture estim\u00e9e":"2 minutes"},"schema":{"@context":"https:\/\/schema.org","@graph":[{"@type":"WebPage","@id":"https:\/\/www.amstelprinting.nl\/fr\/boutique\/salon-et-evenement\/toiles-dexposition\/banniere-de-salon\/","url":"https:\/\/www.amstelprinting.nl\/fr\/boutique\/salon-et-evenement\/toiles-dexposition\/banniere-de-salon\/","name":"Banni\u00e8re de salon sur mesure \u2013 Visibilit\u00e9 maximale et livraison rapide","isPartOf":{"@id":"https:\/\/www.amstelprinting.nl\/fr\/#website"},"primaryImageOfPage":{"@id":"https:\/\/www.amstelprinting.nl\/fr\/boutique\/salon-et-evenement\/toiles-dexposition\/banniere-de-salon\/#primaryimage"},"image":{"@id":"https:\/\/www.amstelprinting.nl\/fr\/boutique\/salon-et-evenement\/toiles-dexposition\/banniere-de-salon\/#primaryimage"},"thumbnailUrl":"https:\/\/www.amstelprinting.nl\/wp-content\/uploads\/beursbanners-bedrukken.png","datePublished":"2025-01-23T20:02:42+00:00","dateModified":"2026-02-18T11:51:44+00:00","description":"Commandez votre banni\u00e8re de salon avec une impression ultra-nette et un choix de 4 mat\u00e9riaux de qualit\u00e9 sup\u00e9rieure. Enti\u00e8rement personnalisable pour une pr\u00e9sentation parfaite lors de chaque \u00e9v\u00e9nement.","breadcrumb":{"@id":"https:\/\/www.amstelprinting.nl\/fr\/boutique\/salon-et-evenement\/toiles-dexposition\/banniere-de-salon\/#breadcrumb"},"inLanguage":"fr-FR","potentialAction":[{"@type":"ReadAction","target":["https:\/\/www.amstelprinting.nl\/fr\/boutique\/salon-et-evenement\/toiles-dexposition\/banniere-de-salon\/"]}]},{"@type":"ImageObject","inLanguage":"fr-FR","@id":"https:\/\/www.amstelprinting.nl\/fr\/boutique\/salon-et-evenement\/toiles-dexposition\/banniere-de-salon\/#primaryimage","url":"https:\/\/www.amstelprinting.nl\/wp-content\/uploads\/beursbanners-bedrukken.png","contentUrl":"https:\/\/www.amstelprinting.nl\/wp-content\/uploads\/beursbanners-bedrukken.png","width":700,"height":700},{"@type":"BreadcrumbList","@id":"https:\/\/www.amstelprinting.nl\/fr\/boutique\/salon-et-evenement\/toiles-dexposition\/banniere-de-salon\/#breadcrumb","itemListElement":[{"@type":"ListItem","position":1,"name":"","item":"https:\/\/www.amstelprinting.nl\/fr\/"},{"@type":"ListItem","position":2,"name":"Amstel Printing","item":"https:\/\/www.amstelprinting.nl\/fr\/boutique\/"},{"@type":"ListItem","position":3,"name":"Salon et \u00e9v\u00e9nement","item":"https:\/\/www.amstelprinting.nl\/fr\/categorie\/salon-et-evenement\/"},{"@type":"ListItem","position":4,"name":"Toiles d'exposition","item":"https:\/\/www.amstelprinting.nl\/fr\/categorie\/salon-et-evenement\/toiles-dexposition\/"},{"@type":"ListItem","position":5,"name":"Banni\u00e8re de salon"}]},{"@type":"WebSite","@id":"https:\/\/www.amstelprinting.nl\/fr\/#website","url":"https:\/\/www.amstelprinting.nl\/fr\/","name":"Amstel Printing","description":"Creating Exposure","publisher":{"@id":"https:\/\/www.amstelprinting.nl\/fr\/#organization"},"potentialAction":[{"@type":"SearchAction","target":{"@type":"EntryPoint","urlTemplate":"https:\/\/www.amstelprinting.nl\/fr\/?s={search_term_string}"},"query-input":{"@type":"PropertyValueSpecification","valueRequired":true,"valueName":"search_term_string"}}],"inLanguage":"fr-FR"},{"@type":"Organization","@id":"https:\/\/www.amstelprinting.nl\/fr\/#organization","name":"Amstel Printing","url":"https:\/\/www.amstelprinting.nl\/fr\/","logo":{"@type":"ImageObject","inLanguage":"fr-FR","@id":"https:\/\/www.amstelprinting.nl\/fr\/#\/schema\/logo\/image\/","url":"https:\/\/www.amstelprinting.nl\/wp-content\/uploads\/amstel_printing_logo_clean.png","contentUrl":"https:\/\/www.amstelprinting.nl\/wp-content\/uploads\/amstel_printing_logo_clean.png","width":324,"height":73,"caption":"Amstel Printing"},"image":{"@id":"https:\/\/www.amstelprinting.nl\/fr\/#\/schema\/logo\/image\/"}}]}},"_links":{"self":[{"href":"https:\/\/www.amstelprinting.nl\/fr\/wp-json\/wp\/v2\/product\/15327","targetHints":{"allow":["GET"]}}],"collection":[{"href":"https:\/\/www.amstelprinting.nl\/fr\/wp-json\/wp\/v2\/product"}],"about":[{"href":"https:\/\/www.amstelprinting.nl\/fr\/wp-json\/wp\/v2\/types\/product"}],"wp:featuredmedia":[{"embeddable":true,"href":"https:\/\/www.amstelprinting.nl\/fr\/wp-json\/wp\/v2\/media\/15328"}],"wp:attachment":[{"href":"https:\/\/www.amstelprinting.nl\/fr\/wp-json\/wp\/v2\/media?parent=15327"}],"wp:term":[{"taxonomy":"product_brand","embeddable":true,"href":"https:\/\/www.amstelprinting.nl\/fr\/wp-json\/wp\/v2\/product_brand?post=15327"},{"taxonomy":"product_cat","embeddable":true,"href":"https:\/\/www.amstelprinting.nl\/fr\/wp-json\/wp\/v2\/product_cat?post=15327"},{"taxonomy":"product_tag","embeddable":true,"href":"https:\/\/www.amstelprinting.nl\/fr\/wp-json\/wp\/v2\/product_tag?post=15327"}],"curies":[{"name":"wp","href":"https:\/\/api.w.org\/{rel}","templated":true}]}}