{"id":15337,"date":"2025-01-23T21:02:35","date_gmt":"2025-01-23T20:02:35","guid":{"rendered":"https:\/\/www.amstelprinting.nl\/winkel\/non%20class\u00e9\/aluvision-en-bematrix-doeken\/"},"modified":"2026-02-18T12:51:44","modified_gmt":"2026-02-18T11:51:44","slug":"toiles-aluvision-et-bematrix","status":"publish","type":"product","link":"https:\/\/www.amstelprinting.nl\/fr\/boutique\/salon-et-evenement\/toiles-dexposition\/toiles-aluvision-et-bematrix\/","title":{"rendered":"Toiles Aluvision et beMatrix"},"content":{"rendered":"<h3>Toiles pour les syst\u00e8mes Aluvision et beMatrix<\/h3>\n<p>Nos toiles sont \u00e9quip\u00e9es d&rsquo;un jonc en silicone plat sur tout le pourtour, ce qui permet de les tendre facilement et parfaitement dans votre cadre Aluvision ou beMatrix. Cette m\u00e9thode de fixation innovante garantit une installation sans effort et un aspect professionnel et soign\u00e9.<\/p>\n<h3>Mat\u00e9riaux<\/h3>\n<p>En fonction de vos besoins sp\u00e9cifiques pour les toiles de cadres non \u00e9clair\u00e9s ou \u00e9clair\u00e9s, nous proposons diff\u00e9rents mat\u00e9riaux.<\/p>\n<p>Pour les <strong>cadres<\/strong> <strong>non \u00e9clair\u00e9s<\/strong>, vous avez le choix entre Blackback Soft et Blackback XL. Le Blackback Soft est une toile occultante en polyester avec un dos noir, ce qui la rend parfaite pour les situations o\u00f9 l&rsquo;absorption de la lumi\u00e8re et la minimisation des interf\u00e9rences d&rsquo;arri\u00e8re-plan sont essentielles. Elle est inodore, pliable et dispose d&rsquo;un certificat B1 de s\u00e9curit\u00e9 incendie. Le Blackback XL est parfait pour les applications grand format et offre les m\u00eames avantages que le Blackback Soft, avec un dos noir et un certificat B1.<\/p>\n<p>Pour les <strong>cadres<\/strong> <strong>\u00e9clair\u00e9s<\/strong>, nous proposons des toiles translucides dans le mat\u00e9riau Samba backlit. Cette toile en polyester est r\u00e9put\u00e9e pour ses couleurs intenses et sa clart\u00e9. Elle est sp\u00e9cialement con\u00e7ue pour briller dans les cadres \u00e9clair\u00e9s, garantissant que votre message soit toujours clair et vif. Certificat B1 inclus pour la s\u00e9curit\u00e9 incendie dans les espaces publics.<\/p>\n<h3>Une tenue parfaite, toujours<\/h3>\n<p>Que vous choisissiez votre propre design ou un motif existant, nous veillons \u00e0 ce que votre toile s&rsquo;adapte parfaitement. Nous tenons compte des formats diff\u00e9rents par rapport aux cadres standard, de sorte que vous n&rsquo;ayez pas \u00e0 vous soucier des dimensions. Votre toile est toujours fabriqu\u00e9e exactement sur mesure.<\/p>\n<h3>Accessoires<\/h3>\n<p>Pour une installation encore plus facile et un ajustement parfait de votre toile, nous proposons l&rsquo;outil pratique E-locktool. Cet outil aide \u00e0 fixer solidement les toiles dans le cadre, garantissant ainsi un r\u00e9sultat parfait.<\/p>\n<p>Avec nos toiles Aluvision et beMatrix, vous \u00eates assur\u00e9 d&rsquo;une pr\u00e9sentation professionnelle, s\u00fbre et impressionnante. Qu&rsquo;il s&rsquo;agisse d&rsquo;un salon, d&rsquo;un \u00e9v\u00e9nement ou d&rsquo;un autre d\u00e9fi de communication visuelle, nos toiles assurent une apparence parfaite et un impact maximal. Faites briller votre message, qu&rsquo;il soit \u00e9clair\u00e9 ou non, et laissez une impression durable sur votre public.<\/p>\n<h3>Questions fr\u00e9quemment pos\u00e9es<\/h3>\n<p><strong>Faut-il tenir compte des diff\u00e9rences entre le cadre Aluvision\/BeMatrix et un cadre textile standard ?<\/strong><br \/>\nNon, vous n&rsquo;avez pas \u00e0 vous soucier des diff\u00e9rences. Nous tenons compte des dimensions sp\u00e9cifiques du cadre Aluvision ou beMatrix. Ainsi, vous pouvez \u00eatre s\u00fbr que tout s&rsquo;adaptera parfaitement.<\/p>\n<p><strong>Quel mat\u00e9riau conseillons-nous pour ce cadre ?<\/strong><br \/>\nNous recommandons de choisir un mat\u00e9riau occultant, comme le Blackback Soft. Cela emp\u00eache le cadre de transpara\u00eetre et garantit que votre impression soit optimale.<\/p>\n","protected":false},"excerpt":{"rendered":"<h3>La toile parfaite pour les cadres Aluvision et beMatrix<\/h3>\n<p>Portez votre communication visuelle \u00e0 un niveau sup\u00e9rieur avec nos toiles de haute qualit\u00e9 pour les cadres Aluvision et beMatrix. Con\u00e7ues pour une int\u00e9gration transparente et un impact maximal, ces toiles offrent une solution parfaite pour les applications \u00e9clair\u00e9es et non \u00e9clair\u00e9es.<\/p>\n","protected":false},"featured_media":15338,"template":"","meta":{"_et_pb_use_builder":"","_et_pb_old_content":"","_et_gb_content_width":""},"product_brand":[],"product_cat":[312,428,376],"product_tag":[],"class_list":{"0":"post-15337","1":"product","2":"type-product","3":"status-publish","4":"has-post-thumbnail","6":"product_cat-autocollants-et-impression","7":"product_cat-salon-et-evenement","8":"product_cat-toiles-dexposition","10":"first","11":"instock","12":"taxable","13":"shipping-taxable","14":"purchasable","15":"product-type-simple"},"yoast_head":"<!-- This site is optimized with the Yoast SEO plugin v27.3 - https:\/\/yoast.com\/product\/yoast-seo-wordpress\/ -->\n<title>Toiles Aluvision et beMatrix pour des pr\u00e9sentations parfaites<\/title>\n<meta name=\"description\" content=\"D\u00e9couvrez des toiles sur mesure de haute qualit\u00e9 pour les cadres Aluvision et beMatrix. Cr\u00e9ez une apparence nette et professionnelle et un impact maximal pour votre marque.\" \/>\n<meta name=\"robots\" content=\"index, follow, max-snippet:-1, max-image-preview:large, max-video-preview:-1\" \/>\n<link rel=\"canonical\" href=\"https:\/\/www.amstelprinting.nl\/fr\/boutique\/salon-et-evenement\/toiles-dexposition\/toiles-aluvision-et-bematrix\/\" \/>\n<meta property=\"og:locale\" content=\"fr_FR\" \/>\n<meta property=\"og:type\" content=\"article\" \/>\n<meta property=\"og:title\" content=\"Toiles Aluvision et beMatrix pour des pr\u00e9sentations parfaites\" \/>\n<meta property=\"og:description\" content=\"D\u00e9couvrez des toiles sur mesure de haute qualit\u00e9 pour les cadres Aluvision et beMatrix. Cr\u00e9ez une apparence nette et professionnelle et un impact maximal pour votre marque.\" \/>\n<meta property=\"og:url\" content=\"https:\/\/www.amstelprinting.nl\/fr\/boutique\/salon-et-evenement\/toiles-dexposition\/toiles-aluvision-et-bematrix\/\" \/>\n<meta property=\"og:site_name\" content=\"Amstel Printing\" \/>\n<meta property=\"article:modified_time\" content=\"2026-02-18T11:51:44+00:00\" \/>\n<meta property=\"og:image\" content=\"https:\/\/www.amstelprinting.nl\/wp-content\/uploads\/Aluvision-en-beMatrix-doeken.jpg\" \/>\n\t<meta property=\"og:image:width\" content=\"700\" \/>\n\t<meta property=\"og:image:height\" content=\"700\" \/>\n\t<meta property=\"og:image:type\" content=\"image\/jpeg\" \/>\n<meta name=\"twitter:card\" content=\"summary_large_image\" \/>\n<meta name=\"twitter:label1\" content=\"Dur\u00e9e de lecture estim\u00e9e\" \/>\n\t<meta name=\"twitter:data1\" content=\"2 minutes\" \/>\n<script type=\"application\/ld+json\" class=\"yoast-schema-graph\">{\"@context\":\"https:\\\/\\\/schema.org\",\"@graph\":[{\"@type\":\"WebPage\",\"@id\":\"https:\\\/\\\/www.amstelprinting.nl\\\/fr\\\/boutique\\\/salon-et-evenement\\\/toiles-dexposition\\\/toiles-aluvision-et-bematrix\\\/\",\"url\":\"https:\\\/\\\/www.amstelprinting.nl\\\/fr\\\/boutique\\\/salon-et-evenement\\\/toiles-dexposition\\\/toiles-aluvision-et-bematrix\\\/\",\"name\":\"Toiles Aluvision et beMatrix pour des pr\u00e9sentations parfaites\",\"isPartOf\":{\"@id\":\"https:\\\/\\\/www.amstelprinting.nl\\\/fr\\\/#website\"},\"primaryImageOfPage\":{\"@id\":\"https:\\\/\\\/www.amstelprinting.nl\\\/fr\\\/boutique\\\/salon-et-evenement\\\/toiles-dexposition\\\/toiles-aluvision-et-bematrix\\\/#primaryimage\"},\"image\":{\"@id\":\"https:\\\/\\\/www.amstelprinting.nl\\\/fr\\\/boutique\\\/salon-et-evenement\\\/toiles-dexposition\\\/toiles-aluvision-et-bematrix\\\/#primaryimage\"},\"thumbnailUrl\":\"https:\\\/\\\/www.amstelprinting.nl\\\/wp-content\\\/uploads\\\/Aluvision-en-beMatrix-doeken.jpg\",\"datePublished\":\"2025-01-23T20:02:35+00:00\",\"dateModified\":\"2026-02-18T11:51:44+00:00\",\"description\":\"D\u00e9couvrez des toiles sur mesure de haute qualit\u00e9 pour les cadres Aluvision et beMatrix. Cr\u00e9ez une apparence nette et professionnelle et un impact maximal pour votre marque.\",\"breadcrumb\":{\"@id\":\"https:\\\/\\\/www.amstelprinting.nl\\\/fr\\\/boutique\\\/salon-et-evenement\\\/toiles-dexposition\\\/toiles-aluvision-et-bematrix\\\/#breadcrumb\"},\"inLanguage\":\"fr-FR\",\"potentialAction\":[{\"@type\":\"ReadAction\",\"target\":[\"https:\\\/\\\/www.amstelprinting.nl\\\/fr\\\/boutique\\\/salon-et-evenement\\\/toiles-dexposition\\\/toiles-aluvision-et-bematrix\\\/\"]}]},{\"@type\":\"ImageObject\",\"inLanguage\":\"fr-FR\",\"@id\":\"https:\\\/\\\/www.amstelprinting.nl\\\/fr\\\/boutique\\\/salon-et-evenement\\\/toiles-dexposition\\\/toiles-aluvision-et-bematrix\\\/#primaryimage\",\"url\":\"https:\\\/\\\/www.amstelprinting.nl\\\/wp-content\\\/uploads\\\/Aluvision-en-beMatrix-doeken.jpg\",\"contentUrl\":\"https:\\\/\\\/www.amstelprinting.nl\\\/wp-content\\\/uploads\\\/Aluvision-en-beMatrix-doeken.jpg\",\"width\":700,\"height\":700},{\"@type\":\"BreadcrumbList\",\"@id\":\"https:\\\/\\\/www.amstelprinting.nl\\\/fr\\\/boutique\\\/salon-et-evenement\\\/toiles-dexposition\\\/toiles-aluvision-et-bematrix\\\/#breadcrumb\",\"itemListElement\":[{\"@type\":\"ListItem\",\"position\":1,\"name\":\"\",\"item\":\"https:\\\/\\\/www.amstelprinting.nl\\\/fr\\\/\"},{\"@type\":\"ListItem\",\"position\":2,\"name\":\"Amstel Printing\",\"item\":\"https:\\\/\\\/www.amstelprinting.nl\\\/fr\\\/boutique\\\/\"},{\"@type\":\"ListItem\",\"position\":3,\"name\":\"Salon et \u00e9v\u00e9nement\",\"item\":\"https:\\\/\\\/www.amstelprinting.nl\\\/fr\\\/categorie\\\/salon-et-evenement\\\/\"},{\"@type\":\"ListItem\",\"position\":4,\"name\":\"Toiles d'exposition\",\"item\":\"https:\\\/\\\/www.amstelprinting.nl\\\/fr\\\/categorie\\\/salon-et-evenement\\\/toiles-dexposition\\\/\"},{\"@type\":\"ListItem\",\"position\":5,\"name\":\"Toiles Aluvision et beMatrix\"}]},{\"@type\":\"WebSite\",\"@id\":\"https:\\\/\\\/www.amstelprinting.nl\\\/fr\\\/#website\",\"url\":\"https:\\\/\\\/www.amstelprinting.nl\\\/fr\\\/\",\"name\":\"Amstel Printing\",\"description\":\"Creating Exposure\",\"publisher\":{\"@id\":\"https:\\\/\\\/www.amstelprinting.nl\\\/fr\\\/#organization\"},\"potentialAction\":[{\"@type\":\"SearchAction\",\"target\":{\"@type\":\"EntryPoint\",\"urlTemplate\":\"https:\\\/\\\/www.amstelprinting.nl\\\/fr\\\/?s={search_term_string}\"},\"query-input\":{\"@type\":\"PropertyValueSpecification\",\"valueRequired\":true,\"valueName\":\"search_term_string\"}}],\"inLanguage\":\"fr-FR\"},{\"@type\":\"Organization\",\"@id\":\"https:\\\/\\\/www.amstelprinting.nl\\\/fr\\\/#organization\",\"name\":\"Amstel Printing\",\"url\":\"https:\\\/\\\/www.amstelprinting.nl\\\/fr\\\/\",\"logo\":{\"@type\":\"ImageObject\",\"inLanguage\":\"fr-FR\",\"@id\":\"https:\\\/\\\/www.amstelprinting.nl\\\/fr\\\/#\\\/schema\\\/logo\\\/image\\\/\",\"url\":\"https:\\\/\\\/www.amstelprinting.nl\\\/wp-content\\\/uploads\\\/amstel_printing_logo_clean.png\",\"contentUrl\":\"https:\\\/\\\/www.amstelprinting.nl\\\/wp-content\\\/uploads\\\/amstel_printing_logo_clean.png\",\"width\":324,\"height\":73,\"caption\":\"Amstel Printing\"},\"image\":{\"@id\":\"https:\\\/\\\/www.amstelprinting.nl\\\/fr\\\/#\\\/schema\\\/logo\\\/image\\\/\"}}]}<\/script>\n<!-- \/ Yoast SEO plugin. -->","yoast_head_json":{"title":"Toiles Aluvision et beMatrix pour des pr\u00e9sentations parfaites","description":"D\u00e9couvrez des toiles sur mesure de haute qualit\u00e9 pour les cadres Aluvision et beMatrix. Cr\u00e9ez une apparence nette et professionnelle et un impact maximal pour votre marque.","robots":{"index":"index","follow":"follow","max-snippet":"max-snippet:-1","max-image-preview":"max-image-preview:large","max-video-preview":"max-video-preview:-1"},"canonical":"https:\/\/www.amstelprinting.nl\/fr\/boutique\/salon-et-evenement\/toiles-dexposition\/toiles-aluvision-et-bematrix\/","og_locale":"fr_FR","og_type":"article","og_title":"Toiles Aluvision et beMatrix pour des pr\u00e9sentations parfaites","og_description":"D\u00e9couvrez des toiles sur mesure de haute qualit\u00e9 pour les cadres Aluvision et beMatrix. Cr\u00e9ez une apparence nette et professionnelle et un impact maximal pour votre marque.","og_url":"https:\/\/www.amstelprinting.nl\/fr\/boutique\/salon-et-evenement\/toiles-dexposition\/toiles-aluvision-et-bematrix\/","og_site_name":"Amstel Printing","article_modified_time":"2026-02-18T11:51:44+00:00","og_image":[{"width":700,"height":700,"url":"https:\/\/www.amstelprinting.nl\/wp-content\/uploads\/Aluvision-en-beMatrix-doeken.jpg","type":"image\/jpeg"}],"twitter_card":"summary_large_image","twitter_misc":{"Dur\u00e9e de lecture estim\u00e9e":"2 minutes"},"schema":{"@context":"https:\/\/schema.org","@graph":[{"@type":"WebPage","@id":"https:\/\/www.amstelprinting.nl\/fr\/boutique\/salon-et-evenement\/toiles-dexposition\/toiles-aluvision-et-bematrix\/","url":"https:\/\/www.amstelprinting.nl\/fr\/boutique\/salon-et-evenement\/toiles-dexposition\/toiles-aluvision-et-bematrix\/","name":"Toiles Aluvision et beMatrix pour des pr\u00e9sentations parfaites","isPartOf":{"@id":"https:\/\/www.amstelprinting.nl\/fr\/#website"},"primaryImageOfPage":{"@id":"https:\/\/www.amstelprinting.nl\/fr\/boutique\/salon-et-evenement\/toiles-dexposition\/toiles-aluvision-et-bematrix\/#primaryimage"},"image":{"@id":"https:\/\/www.amstelprinting.nl\/fr\/boutique\/salon-et-evenement\/toiles-dexposition\/toiles-aluvision-et-bematrix\/#primaryimage"},"thumbnailUrl":"https:\/\/www.amstelprinting.nl\/wp-content\/uploads\/Aluvision-en-beMatrix-doeken.jpg","datePublished":"2025-01-23T20:02:35+00:00","dateModified":"2026-02-18T11:51:44+00:00","description":"D\u00e9couvrez des toiles sur mesure de haute qualit\u00e9 pour les cadres Aluvision et beMatrix. Cr\u00e9ez une apparence nette et professionnelle et un impact maximal pour votre marque.","breadcrumb":{"@id":"https:\/\/www.amstelprinting.nl\/fr\/boutique\/salon-et-evenement\/toiles-dexposition\/toiles-aluvision-et-bematrix\/#breadcrumb"},"inLanguage":"fr-FR","potentialAction":[{"@type":"ReadAction","target":["https:\/\/www.amstelprinting.nl\/fr\/boutique\/salon-et-evenement\/toiles-dexposition\/toiles-aluvision-et-bematrix\/"]}]},{"@type":"ImageObject","inLanguage":"fr-FR","@id":"https:\/\/www.amstelprinting.nl\/fr\/boutique\/salon-et-evenement\/toiles-dexposition\/toiles-aluvision-et-bematrix\/#primaryimage","url":"https:\/\/www.amstelprinting.nl\/wp-content\/uploads\/Aluvision-en-beMatrix-doeken.jpg","contentUrl":"https:\/\/www.amstelprinting.nl\/wp-content\/uploads\/Aluvision-en-beMatrix-doeken.jpg","width":700,"height":700},{"@type":"BreadcrumbList","@id":"https:\/\/www.amstelprinting.nl\/fr\/boutique\/salon-et-evenement\/toiles-dexposition\/toiles-aluvision-et-bematrix\/#breadcrumb","itemListElement":[{"@type":"ListItem","position":1,"name":"","item":"https:\/\/www.amstelprinting.nl\/fr\/"},{"@type":"ListItem","position":2,"name":"Amstel Printing","item":"https:\/\/www.amstelprinting.nl\/fr\/boutique\/"},{"@type":"ListItem","position":3,"name":"Salon et \u00e9v\u00e9nement","item":"https:\/\/www.amstelprinting.nl\/fr\/categorie\/salon-et-evenement\/"},{"@type":"ListItem","position":4,"name":"Toiles d'exposition","item":"https:\/\/www.amstelprinting.nl\/fr\/categorie\/salon-et-evenement\/toiles-dexposition\/"},{"@type":"ListItem","position":5,"name":"Toiles Aluvision et beMatrix"}]},{"@type":"WebSite","@id":"https:\/\/www.amstelprinting.nl\/fr\/#website","url":"https:\/\/www.amstelprinting.nl\/fr\/","name":"Amstel Printing","description":"Creating Exposure","publisher":{"@id":"https:\/\/www.amstelprinting.nl\/fr\/#organization"},"potentialAction":[{"@type":"SearchAction","target":{"@type":"EntryPoint","urlTemplate":"https:\/\/www.amstelprinting.nl\/fr\/?s={search_term_string}"},"query-input":{"@type":"PropertyValueSpecification","valueRequired":true,"valueName":"search_term_string"}}],"inLanguage":"fr-FR"},{"@type":"Organization","@id":"https:\/\/www.amstelprinting.nl\/fr\/#organization","name":"Amstel Printing","url":"https:\/\/www.amstelprinting.nl\/fr\/","logo":{"@type":"ImageObject","inLanguage":"fr-FR","@id":"https:\/\/www.amstelprinting.nl\/fr\/#\/schema\/logo\/image\/","url":"https:\/\/www.amstelprinting.nl\/wp-content\/uploads\/amstel_printing_logo_clean.png","contentUrl":"https:\/\/www.amstelprinting.nl\/wp-content\/uploads\/amstel_printing_logo_clean.png","width":324,"height":73,"caption":"Amstel Printing"},"image":{"@id":"https:\/\/www.amstelprinting.nl\/fr\/#\/schema\/logo\/image\/"}}]}},"_links":{"self":[{"href":"https:\/\/www.amstelprinting.nl\/fr\/wp-json\/wp\/v2\/product\/15337","targetHints":{"allow":["GET"]}}],"collection":[{"href":"https:\/\/www.amstelprinting.nl\/fr\/wp-json\/wp\/v2\/product"}],"about":[{"href":"https:\/\/www.amstelprinting.nl\/fr\/wp-json\/wp\/v2\/types\/product"}],"wp:featuredmedia":[{"embeddable":true,"href":"https:\/\/www.amstelprinting.nl\/fr\/wp-json\/wp\/v2\/media\/15338"}],"wp:attachment":[{"href":"https:\/\/www.amstelprinting.nl\/fr\/wp-json\/wp\/v2\/media?parent=15337"}],"wp:term":[{"taxonomy":"product_brand","embeddable":true,"href":"https:\/\/www.amstelprinting.nl\/fr\/wp-json\/wp\/v2\/product_brand?post=15337"},{"taxonomy":"product_cat","embeddable":true,"href":"https:\/\/www.amstelprinting.nl\/fr\/wp-json\/wp\/v2\/product_cat?post=15337"},{"taxonomy":"product_tag","embeddable":true,"href":"https:\/\/www.amstelprinting.nl\/fr\/wp-json\/wp\/v2\/product_tag?post=15337"}],"curies":[{"name":"wp","href":"https:\/\/api.w.org\/{rel}","templated":true}]}}