{"id":15348,"date":"2025-01-23T21:02:25","date_gmt":"2025-01-23T20:02:25","guid":{"rendered":"https:\/\/www.amstelprinting.nl\/winkel\/non%20class\u00e9\/draagtas\/"},"modified":"2026-02-18T12:51:45","modified_gmt":"2026-02-18T11:51:45","slug":"sac-de-transport","status":"publish","type":"product","link":"https:\/\/www.amstelprinting.nl\/fr\/boutique\/interieur-2\/maison-secteur-de-la-restauration\/sac-de-transport\/","title":{"rendered":"Sac de transport"},"content":{"rendered":"<h3>Impression de sacs de transport avec votre propre logo ou design<\/h3>\n<p>Avec nos sacs de transport imprim\u00e9s, vous pouvez cr\u00e9er un style unique et personnel qui s&rsquo;adapte parfaitement \u00e0 l&rsquo;identit\u00e9 de votre marque. Ajoutez votre propre impression ou logo et affirmez-vous partout o\u00f9 vous allez. Que ce soit pour vous-m\u00eame ou comme mat\u00e9riel promotionnel pour votre entreprise, ces sacs de transport sont le choix id\u00e9al pour ceux qui souhaitent combiner fonctionnalit\u00e9 et design.<\/p>\n<h3>Pourquoi commander des sacs de transport imprim\u00e9s ?<\/h3>\n<ul>\n<li>Disponible en diff\u00e9rents formats et mat\u00e9riaux<\/li>\n<li>\u00c9quip\u00e9 d&rsquo;une poign\u00e9e robuste<\/li>\n<li>Choisissez votre propre design ou un motif existant<\/li>\n<li>Lavable \u00e0 30 degr\u00e9s<\/li>\n<\/ul>\n<p>&nbsp;<\/p>\n<h3>Formats et mat\u00e9riaux<\/h3>\n<p>Nos sacs de transport sont disponibles dans les formats : 40 x 40 cm, 45 x 45 cm, 50 x 40 cm et 40 x 50 cm. De plus, nos sacs sont disponibles dans deux mat\u00e9riaux de haute qualit\u00e9. Le tissu Kendal, compos\u00e9 \u00e0 100 % de polyester avec une armure serg\u00e9, offre une surface lisse et \u00e9l\u00e9gante avec une texture subtile. Ce mat\u00e9riau donne \u00e0 votre sac une allure luxueuse qui est \u00e0 la fois \u00e9l\u00e9gante et fonctionnelle. Pour une option robuste et durable, choisissez le tissu Structex. Ce tissu polyester structur\u00e9 de haute qualit\u00e9 a l&rsquo;aspect du coton et est con\u00e7u pour une utilisation intensive. De plus, le Structex est dot\u00e9 d&rsquo;un certificat de classement au feu B1, ce qui signifie que le mat\u00e9riau de ces sacs de transport est ignifuge et donc plus s\u00fbr.<\/p>\n<h3>Finition de nos sacs de transport<\/h3>\n<p>Les sacs de transport sont \u00e9quip\u00e9s de poign\u00e9es robustes, disponibles en blanc ou noir, mesurant 4 cm de large et 66 cm de long. Ces poign\u00e9es offrent une exp\u00e9rience de transport confortable, m\u00eame en cas d&rsquo;utilisation prolong\u00e9e. Les coutures du sac peuvent \u00e9galement \u00eatre adapt\u00e9es \u00e0 votre design, avec un choix de fils blancs ou noirs pour une finition parfaite. De plus, les sacs sont lavables \u00e0 30 degr\u00e9s, ce qui les rend faciles \u00e0 entretenir et garantit qu&rsquo;ils garderont toujours un aspect frais.<\/p>\n","protected":false},"excerpt":{"rendered":"<h3>Imprimer un sac \u00e0 main ou un sac \u00e0 bandouli\u00e8re<\/h3>\n<p>Sac de transport robuste dot\u00e9 de votre propre impression couleur d&rsquo;une nettet\u00e9 exceptionnelle ! Choisissez parmi un certain nombre de formats fixes. Vous pouvez \u00e9galement d\u00e9terminer vous-m\u00eame la couleur des poign\u00e9es et des fils. T\u00e9l\u00e9chargez votre propre design ou choisissez parmi l&rsquo;un de nos 20 000 motifs standard. Configurez votre sac de transport imprim\u00e9 en quelques \u00e9tapes ci-dessous.<\/p>\n","protected":false},"featured_media":15350,"template":"","meta":{"_et_pb_use_builder":"","_et_pb_old_content":"","_et_gb_content_width":""},"product_brand":[],"product_cat":[424,542,566,428],"product_tag":[],"class_list":{"0":"post-15348","1":"product","2":"type-product","3":"status-publish","4":"has-post-thumbnail","6":"product_cat-decoration","7":"product_cat-interieur-2","8":"product_cat-maison-secteur-de-la-restauration","9":"product_cat-salon-et-evenement","11":"first","12":"instock","13":"taxable","14":"shipping-taxable","15":"purchasable","16":"product-type-simple"},"yoast_head":"<!-- This site is optimized with the Yoast SEO plugin v27.3 - https:\/\/yoast.com\/product\/yoast-seo-wordpress\/ -->\n<title>Sac de transport | Amstel Printing<\/title>\n<meta name=\"robots\" content=\"index, follow, max-snippet:-1, max-image-preview:large, max-video-preview:-1\" \/>\n<link rel=\"canonical\" href=\"https:\/\/www.amstelprinting.nl\/fr\/boutique\/interieur-2\/maison-secteur-de-la-restauration\/sac-de-transport\/\" \/>\n<meta property=\"og:locale\" content=\"fr_FR\" \/>\n<meta property=\"og:type\" content=\"article\" \/>\n<meta property=\"og:title\" content=\"Sac de transport | Amstel Printing\" \/>\n<meta property=\"og:description\" content=\"Imprimer un sac \u00e0 main ou un sac \u00e0 bandouli\u00e8re Sac de transport robuste dot\u00e9 de votre propre impression couleur d&#039;une nettet\u00e9 exceptionnelle ! Choisissez parmi un certain nombre de formats fixes. Vous pouvez \u00e9galement d\u00e9terminer vous-m\u00eame la couleur des poign\u00e9es et des fils. T\u00e9l\u00e9chargez votre propre design ou choisissez parmi l&#039;un de nos 20 000 motifs standard. Configurez votre sac de transport imprim\u00e9 en quelques \u00e9tapes ci-dessous.\" \/>\n<meta property=\"og:url\" content=\"https:\/\/www.amstelprinting.nl\/fr\/boutique\/interieur-2\/maison-secteur-de-la-restauration\/sac-de-transport\/\" \/>\n<meta property=\"og:site_name\" content=\"Amstel Printing\" \/>\n<meta property=\"article:modified_time\" content=\"2026-02-18T11:51:45+00:00\" \/>\n<meta property=\"og:image\" content=\"https:\/\/www.amstelprinting.nl\/wp-content\/uploads\/Draagtas2.jpg\" \/>\n\t<meta property=\"og:image:width\" content=\"700\" \/>\n\t<meta property=\"og:image:height\" content=\"700\" \/>\n\t<meta property=\"og:image:type\" content=\"image\/jpeg\" \/>\n<meta name=\"twitter:card\" content=\"summary_large_image\" \/>\n<meta name=\"twitter:label1\" content=\"Dur\u00e9e de lecture estim\u00e9e\" \/>\n\t<meta name=\"twitter:data1\" content=\"2 minutes\" \/>\n<script type=\"application\/ld+json\" class=\"yoast-schema-graph\">{\"@context\":\"https:\\\/\\\/schema.org\",\"@graph\":[{\"@type\":\"WebPage\",\"@id\":\"https:\\\/\\\/www.amstelprinting.nl\\\/fr\\\/boutique\\\/interieur-2\\\/maison-secteur-de-la-restauration\\\/sac-de-transport\\\/\",\"url\":\"https:\\\/\\\/www.amstelprinting.nl\\\/fr\\\/boutique\\\/interieur-2\\\/maison-secteur-de-la-restauration\\\/sac-de-transport\\\/\",\"name\":\"Sac de transport | Amstel Printing\",\"isPartOf\":{\"@id\":\"https:\\\/\\\/www.amstelprinting.nl\\\/fr\\\/#website\"},\"primaryImageOfPage\":{\"@id\":\"https:\\\/\\\/www.amstelprinting.nl\\\/fr\\\/boutique\\\/interieur-2\\\/maison-secteur-de-la-restauration\\\/sac-de-transport\\\/#primaryimage\"},\"image\":{\"@id\":\"https:\\\/\\\/www.amstelprinting.nl\\\/fr\\\/boutique\\\/interieur-2\\\/maison-secteur-de-la-restauration\\\/sac-de-transport\\\/#primaryimage\"},\"thumbnailUrl\":\"https:\\\/\\\/www.amstelprinting.nl\\\/wp-content\\\/uploads\\\/Draagtas2.jpg\",\"datePublished\":\"2025-01-23T20:02:25+00:00\",\"dateModified\":\"2026-02-18T11:51:45+00:00\",\"breadcrumb\":{\"@id\":\"https:\\\/\\\/www.amstelprinting.nl\\\/fr\\\/boutique\\\/interieur-2\\\/maison-secteur-de-la-restauration\\\/sac-de-transport\\\/#breadcrumb\"},\"inLanguage\":\"fr-FR\",\"potentialAction\":[{\"@type\":\"ReadAction\",\"target\":[\"https:\\\/\\\/www.amstelprinting.nl\\\/fr\\\/boutique\\\/interieur-2\\\/maison-secteur-de-la-restauration\\\/sac-de-transport\\\/\"]}]},{\"@type\":\"ImageObject\",\"inLanguage\":\"fr-FR\",\"@id\":\"https:\\\/\\\/www.amstelprinting.nl\\\/fr\\\/boutique\\\/interieur-2\\\/maison-secteur-de-la-restauration\\\/sac-de-transport\\\/#primaryimage\",\"url\":\"https:\\\/\\\/www.amstelprinting.nl\\\/wp-content\\\/uploads\\\/Draagtas2.jpg\",\"contentUrl\":\"https:\\\/\\\/www.amstelprinting.nl\\\/wp-content\\\/uploads\\\/Draagtas2.jpg\",\"width\":700,\"height\":700},{\"@type\":\"BreadcrumbList\",\"@id\":\"https:\\\/\\\/www.amstelprinting.nl\\\/fr\\\/boutique\\\/interieur-2\\\/maison-secteur-de-la-restauration\\\/sac-de-transport\\\/#breadcrumb\",\"itemListElement\":[{\"@type\":\"ListItem\",\"position\":1,\"name\":\"\",\"item\":\"https:\\\/\\\/www.amstelprinting.nl\\\/fr\\\/\"},{\"@type\":\"ListItem\",\"position\":2,\"name\":\"Amstel Printing\",\"item\":\"https:\\\/\\\/www.amstelprinting.nl\\\/fr\\\/boutique\\\/\"},{\"@type\":\"ListItem\",\"position\":3,\"name\":\"Salon et \u00e9v\u00e9nement\",\"item\":\"https:\\\/\\\/www.amstelprinting.nl\\\/fr\\\/categorie\\\/salon-et-evenement\\\/\"},{\"@type\":\"ListItem\",\"position\":4,\"name\":\"D\u00e9coration\",\"item\":\"https:\\\/\\\/www.amstelprinting.nl\\\/fr\\\/categorie\\\/salon-et-evenement\\\/decoration\\\/\"},{\"@type\":\"ListItem\",\"position\":5,\"name\":\"Sac de transport\"}]},{\"@type\":\"WebSite\",\"@id\":\"https:\\\/\\\/www.amstelprinting.nl\\\/fr\\\/#website\",\"url\":\"https:\\\/\\\/www.amstelprinting.nl\\\/fr\\\/\",\"name\":\"Amstel Printing\",\"description\":\"Creating Exposure\",\"publisher\":{\"@id\":\"https:\\\/\\\/www.amstelprinting.nl\\\/fr\\\/#organization\"},\"potentialAction\":[{\"@type\":\"SearchAction\",\"target\":{\"@type\":\"EntryPoint\",\"urlTemplate\":\"https:\\\/\\\/www.amstelprinting.nl\\\/fr\\\/?s={search_term_string}\"},\"query-input\":{\"@type\":\"PropertyValueSpecification\",\"valueRequired\":true,\"valueName\":\"search_term_string\"}}],\"inLanguage\":\"fr-FR\"},{\"@type\":\"Organization\",\"@id\":\"https:\\\/\\\/www.amstelprinting.nl\\\/fr\\\/#organization\",\"name\":\"Amstel Printing\",\"url\":\"https:\\\/\\\/www.amstelprinting.nl\\\/fr\\\/\",\"logo\":{\"@type\":\"ImageObject\",\"inLanguage\":\"fr-FR\",\"@id\":\"https:\\\/\\\/www.amstelprinting.nl\\\/fr\\\/#\\\/schema\\\/logo\\\/image\\\/\",\"url\":\"https:\\\/\\\/www.amstelprinting.nl\\\/wp-content\\\/uploads\\\/amstel_printing_logo_clean.png\",\"contentUrl\":\"https:\\\/\\\/www.amstelprinting.nl\\\/wp-content\\\/uploads\\\/amstel_printing_logo_clean.png\",\"width\":324,\"height\":73,\"caption\":\"Amstel Printing\"},\"image\":{\"@id\":\"https:\\\/\\\/www.amstelprinting.nl\\\/fr\\\/#\\\/schema\\\/logo\\\/image\\\/\"}}]}<\/script>\n<!-- \/ Yoast SEO plugin. -->","yoast_head_json":{"title":"Sac de transport | Amstel Printing","robots":{"index":"index","follow":"follow","max-snippet":"max-snippet:-1","max-image-preview":"max-image-preview:large","max-video-preview":"max-video-preview:-1"},"canonical":"https:\/\/www.amstelprinting.nl\/fr\/boutique\/interieur-2\/maison-secteur-de-la-restauration\/sac-de-transport\/","og_locale":"fr_FR","og_type":"article","og_title":"Sac de transport | Amstel Printing","og_description":"Imprimer un sac \u00e0 main ou un sac \u00e0 bandouli\u00e8re Sac de transport robuste dot\u00e9 de votre propre impression couleur d'une nettet\u00e9 exceptionnelle ! Choisissez parmi un certain nombre de formats fixes. Vous pouvez \u00e9galement d\u00e9terminer vous-m\u00eame la couleur des poign\u00e9es et des fils. T\u00e9l\u00e9chargez votre propre design ou choisissez parmi l'un de nos 20 000 motifs standard. Configurez votre sac de transport imprim\u00e9 en quelques \u00e9tapes ci-dessous.","og_url":"https:\/\/www.amstelprinting.nl\/fr\/boutique\/interieur-2\/maison-secteur-de-la-restauration\/sac-de-transport\/","og_site_name":"Amstel Printing","article_modified_time":"2026-02-18T11:51:45+00:00","og_image":[{"width":700,"height":700,"url":"https:\/\/www.amstelprinting.nl\/wp-content\/uploads\/Draagtas2.jpg","type":"image\/jpeg"}],"twitter_card":"summary_large_image","twitter_misc":{"Dur\u00e9e de lecture estim\u00e9e":"2 minutes"},"schema":{"@context":"https:\/\/schema.org","@graph":[{"@type":"WebPage","@id":"https:\/\/www.amstelprinting.nl\/fr\/boutique\/interieur-2\/maison-secteur-de-la-restauration\/sac-de-transport\/","url":"https:\/\/www.amstelprinting.nl\/fr\/boutique\/interieur-2\/maison-secteur-de-la-restauration\/sac-de-transport\/","name":"Sac de transport | Amstel Printing","isPartOf":{"@id":"https:\/\/www.amstelprinting.nl\/fr\/#website"},"primaryImageOfPage":{"@id":"https:\/\/www.amstelprinting.nl\/fr\/boutique\/interieur-2\/maison-secteur-de-la-restauration\/sac-de-transport\/#primaryimage"},"image":{"@id":"https:\/\/www.amstelprinting.nl\/fr\/boutique\/interieur-2\/maison-secteur-de-la-restauration\/sac-de-transport\/#primaryimage"},"thumbnailUrl":"https:\/\/www.amstelprinting.nl\/wp-content\/uploads\/Draagtas2.jpg","datePublished":"2025-01-23T20:02:25+00:00","dateModified":"2026-02-18T11:51:45+00:00","breadcrumb":{"@id":"https:\/\/www.amstelprinting.nl\/fr\/boutique\/interieur-2\/maison-secteur-de-la-restauration\/sac-de-transport\/#breadcrumb"},"inLanguage":"fr-FR","potentialAction":[{"@type":"ReadAction","target":["https:\/\/www.amstelprinting.nl\/fr\/boutique\/interieur-2\/maison-secteur-de-la-restauration\/sac-de-transport\/"]}]},{"@type":"ImageObject","inLanguage":"fr-FR","@id":"https:\/\/www.amstelprinting.nl\/fr\/boutique\/interieur-2\/maison-secteur-de-la-restauration\/sac-de-transport\/#primaryimage","url":"https:\/\/www.amstelprinting.nl\/wp-content\/uploads\/Draagtas2.jpg","contentUrl":"https:\/\/www.amstelprinting.nl\/wp-content\/uploads\/Draagtas2.jpg","width":700,"height":700},{"@type":"BreadcrumbList","@id":"https:\/\/www.amstelprinting.nl\/fr\/boutique\/interieur-2\/maison-secteur-de-la-restauration\/sac-de-transport\/#breadcrumb","itemListElement":[{"@type":"ListItem","position":1,"name":"","item":"https:\/\/www.amstelprinting.nl\/fr\/"},{"@type":"ListItem","position":2,"name":"Amstel Printing","item":"https:\/\/www.amstelprinting.nl\/fr\/boutique\/"},{"@type":"ListItem","position":3,"name":"Salon et \u00e9v\u00e9nement","item":"https:\/\/www.amstelprinting.nl\/fr\/categorie\/salon-et-evenement\/"},{"@type":"ListItem","position":4,"name":"D\u00e9coration","item":"https:\/\/www.amstelprinting.nl\/fr\/categorie\/salon-et-evenement\/decoration\/"},{"@type":"ListItem","position":5,"name":"Sac de transport"}]},{"@type":"WebSite","@id":"https:\/\/www.amstelprinting.nl\/fr\/#website","url":"https:\/\/www.amstelprinting.nl\/fr\/","name":"Amstel Printing","description":"Creating Exposure","publisher":{"@id":"https:\/\/www.amstelprinting.nl\/fr\/#organization"},"potentialAction":[{"@type":"SearchAction","target":{"@type":"EntryPoint","urlTemplate":"https:\/\/www.amstelprinting.nl\/fr\/?s={search_term_string}"},"query-input":{"@type":"PropertyValueSpecification","valueRequired":true,"valueName":"search_term_string"}}],"inLanguage":"fr-FR"},{"@type":"Organization","@id":"https:\/\/www.amstelprinting.nl\/fr\/#organization","name":"Amstel Printing","url":"https:\/\/www.amstelprinting.nl\/fr\/","logo":{"@type":"ImageObject","inLanguage":"fr-FR","@id":"https:\/\/www.amstelprinting.nl\/fr\/#\/schema\/logo\/image\/","url":"https:\/\/www.amstelprinting.nl\/wp-content\/uploads\/amstel_printing_logo_clean.png","contentUrl":"https:\/\/www.amstelprinting.nl\/wp-content\/uploads\/amstel_printing_logo_clean.png","width":324,"height":73,"caption":"Amstel Printing"},"image":{"@id":"https:\/\/www.amstelprinting.nl\/fr\/#\/schema\/logo\/image\/"}}]}},"_links":{"self":[{"href":"https:\/\/www.amstelprinting.nl\/fr\/wp-json\/wp\/v2\/product\/15348","targetHints":{"allow":["GET"]}}],"collection":[{"href":"https:\/\/www.amstelprinting.nl\/fr\/wp-json\/wp\/v2\/product"}],"about":[{"href":"https:\/\/www.amstelprinting.nl\/fr\/wp-json\/wp\/v2\/types\/product"}],"wp:featuredmedia":[{"embeddable":true,"href":"https:\/\/www.amstelprinting.nl\/fr\/wp-json\/wp\/v2\/media\/15350"}],"wp:attachment":[{"href":"https:\/\/www.amstelprinting.nl\/fr\/wp-json\/wp\/v2\/media?parent=15348"}],"wp:term":[{"taxonomy":"product_brand","embeddable":true,"href":"https:\/\/www.amstelprinting.nl\/fr\/wp-json\/wp\/v2\/product_brand?post=15348"},{"taxonomy":"product_cat","embeddable":true,"href":"https:\/\/www.amstelprinting.nl\/fr\/wp-json\/wp\/v2\/product_cat?post=15348"},{"taxonomy":"product_tag","embeddable":true,"href":"https:\/\/www.amstelprinting.nl\/fr\/wp-json\/wp\/v2\/product_tag?post=15348"}],"curies":[{"name":"wp","href":"https:\/\/api.w.org\/{rel}","templated":true}]}}