{"id":15363,"date":"2025-01-23T21:02:19","date_gmt":"2025-01-23T20:02:19","guid":{"rendered":"https:\/\/www.amstelprinting.nl\/winkel\/non%20class\u00e9\/sierkussen\/"},"modified":"2026-02-18T12:51:45","modified_gmt":"2026-02-18T11:51:45","slug":"coussin-decoratif","status":"publish","type":"product","link":"https:\/\/www.amstelprinting.nl\/fr\/boutique\/interieur-2\/maison-secteur-de-la-restauration\/coussin-decoratif\/","title":{"rendered":"Coussin d\u00e9coratif"},"content":{"rendered":"<h3>Coussins d\u00e9coratifs avec impression personnalis\u00e9e<\/h3>\n<p>Nos coussins d\u00e9coratifs ne sont pas seulement fonctionnels, mais aussi un magnifique \u00e9l\u00e9ment d\u00e9coratif dans votre maison. Avec divers formats, des mat\u00e9riaux de haute qualit\u00e9 et la possibilit\u00e9 de personnalisation, vous cr\u00e9ez une atmosph\u00e8re unique qui vous ressemble. Choisissez le luxe et le style avec nos coussins d\u00e9coratifs et donnez \u00e0 votre int\u00e9rieur la touche finale qu&rsquo;il m\u00e9rite !<\/p>\n<h3>Pourquoi faire imprimer des coussins d\u00e9coratifs ?<\/h3>\n<ul>\n<li>Choix entre six formats<\/li>\n<li>Mat\u00e9riaux pour l&rsquo;usage int\u00e9rieur et ext\u00e9rieur<\/li>\n<li>Personnalisez avec votre propre \u00e9tiquette<\/li>\n<li>Choisissez une couleur de fermeture \u00e9clair \u00e0 votre guise<\/li>\n<li>Lavable \u00e0 30 degr\u00e9s<\/li>\n<\/ul>\n<p>&nbsp;<\/p>\n<h3>Formats et mat\u00e9riaux<\/h3>\n<p>Notre coussin d\u00e9coratif est disponible en 6 formats diff\u00e9rents. De plus, vous avez le choix entre sept mat\u00e9riaux de haute qualit\u00e9 pour l&rsquo;int\u00e9rieur et un mat\u00e9riau hydrofuge pour l&rsquo;ext\u00e9rieur.<\/p>\n<ul>\n<li><strong>Pro Cotton Satin<\/strong> : Ce coton finement tiss\u00e9 avec un \u00e9clat satin\u00e9 donne \u00e0 votre coussin une allure luxueuse. Parfait pour une finition chic et \u00e9l\u00e9gante.<\/li>\n<li><strong>Pro Cotton Percal<\/strong> : Avec une densit\u00e9 de tissage \u00e9lev\u00e9e, ce tissu offre une robustesse et une durabilit\u00e9 accrues, id\u00e9al pour une utilisation quotidienne.<\/li>\n<li><strong>Tissu D\u00e9co<\/strong> : Cette toile de polyester souple poss\u00e8de une structure fine et un aspect puissant. Dot\u00e9e d&rsquo;un certificat B1 pour la s\u00e9curit\u00e9 incendie.<\/li>\n<li><strong>Structex<\/strong> : Ce tissu en polyester de qualit\u00e9 lourde a un aspect coton luxueux, ce qui en fait un ajout raffin\u00e9 et \u00e9l\u00e9gant \u00e0 votre int\u00e9rieur. Dot\u00e9 d&rsquo;un certificat B1 pour la s\u00e9curit\u00e9 incendie.<\/li>\n<li><strong>Velours<\/strong> : Un polyester de haute qualit\u00e9 \u00e0 poils ras qui offre un aspect velout\u00e9, parfait pour une pr\u00e9sentation \u00e9l\u00e9gante.<\/li>\n<li><strong>Mezo<\/strong> : Ce coton de qualit\u00e9 lourde avec une structure de tissage robuste et naturelle ajoute du caract\u00e8re et de la texture \u00e0 votre pi\u00e8ce.<\/li>\n<li><strong>Kendal<\/strong> : R\u00e9put\u00e9 pour sa durabilit\u00e9 et sa polyvalence, ce tissu r\u00e9siste \u00e0 l&rsquo;usage quotidien et conserve sa couleur et sa forme durablement.<\/li>\n<li><strong>ProPES Outdoor<\/strong> : Mat\u00e9riau hydrofuge et r\u00e9sistant \u00e0 l&rsquo;usure, parfait pour une utilisation en ext\u00e9rieur.<\/li>\n<\/ul>\n<p>&nbsp;<\/p>\n<h3>Finition des coussins d\u00e9coratifs imprim\u00e9s<\/h3>\n<p>Que vous ayez votre propre design ou que vous choisissiez un motif existant, votre cr\u00e9ativit\u00e9 n&rsquo;a pas de limites. Ajoutez votre propre \u00e9tiquette pour un aspect professionnel. Cette \u00e9tiquette est fabriqu\u00e9e dans le m\u00eame mat\u00e9riau que le coussin. Vous pouvez choisir entre un fil blanc ou noir et une fermeture \u00e9clair en blanc, noir ou or. Cela vous permet d&rsquo;harmoniser enti\u00e8rement vos coussins avec votre int\u00e9rieur.<\/p>\n<h3>Questions fr\u00e9quemment pos\u00e9es sur les housses de coussin imprim\u00e9es<\/h3>\n<p><strong>Puis-je munir un coussin d\u00e9coratif d&rsquo;une \u00e9tiquette ?<\/strong><br \/>\nOui, c&rsquo;est possible ! Lors du processus de commande, vous pouvez choisir pour certains mat\u00e9riaux un coussin d\u00e9coratif avec \u00e9tiquette. Nous avons mis \u00e0 disposition des mod\u00e8les sp\u00e9ciaux, que vous pouvez trouver sous les t\u00e9l\u00e9chargements.<\/p>\n<p><strong>Le coussin est-il emball\u00e9 sous vide ?<\/strong><br \/>\nNon, le coussin n&rsquo;est pas emball\u00e9 sous vide. Ceci est fait pour \u00e9viter les plis et garantir que le coussin arrive dans un \u00e9tat optimal.<\/p>\n<p><strong>Ce produit peut-il \u00eatre lav\u00e9 ?<\/strong><br \/>\nOui, ce n&rsquo;est pas un probl\u00e8me. Les coussins peuvent \u00eatre lav\u00e9s \u00e0 30 degr\u00e9s Celsius, m\u00eame avec le rembourrage inclus.<\/p>\n","protected":false},"excerpt":{"rendered":"<h3>Dot\u00e9 d&rsquo;une magnifique impression.<\/h3>\n<p>Faire imprimer des coussins d\u00e9coratifs avec votre propre logo ou design ? Apportez style et confort \u00e0 votre espace de vie avec nos coussins d\u00e9coratifs imprim\u00e9s de haute qualit\u00e9. Que vous recherchiez un coussin d\u00e9coratif complet, uniquement une housse ou seulement le rembourrage. Choisissez la dimension souhait\u00e9e. Vous pouvez \u00e9galement d\u00e9terminer vous-m\u00eame la couleur de la fermeture \u00e9clair ! Composez ci-dessous votre housse de coussin avec votre propre impression en quelques \u00e9tapes seulement.<\/p>\n","protected":false},"featured_media":15365,"template":"","meta":{"_et_pb_use_builder":"","_et_pb_old_content":"","_et_gb_content_width":""},"product_brand":[],"product_cat":[542,566],"product_tag":[],"class_list":{"0":"post-15363","1":"product","2":"type-product","3":"status-publish","4":"has-post-thumbnail","6":"product_cat-interieur-2","7":"product_cat-maison-secteur-de-la-restauration","9":"first","10":"instock","11":"taxable","12":"shipping-taxable","13":"purchasable","14":"product-type-simple"},"yoast_head":"<!-- This site is optimized with the Yoast SEO plugin v27.3 - https:\/\/yoast.com\/product\/yoast-seo-wordpress\/ -->\n<title>Coussin d\u00e9coratif | Amstel Printing<\/title>\n<meta name=\"robots\" content=\"index, follow, max-snippet:-1, max-image-preview:large, max-video-preview:-1\" \/>\n<link rel=\"canonical\" href=\"https:\/\/www.amstelprinting.nl\/fr\/boutique\/interieur-2\/maison-secteur-de-la-restauration\/coussin-decoratif\/\" \/>\n<meta property=\"og:locale\" content=\"fr_FR\" \/>\n<meta property=\"og:type\" content=\"article\" \/>\n<meta property=\"og:title\" content=\"Coussin d\u00e9coratif | Amstel Printing\" \/>\n<meta property=\"og:description\" content=\"Dot\u00e9 d&#039;une magnifique impression. Faire imprimer des coussins d\u00e9coratifs avec votre propre logo ou design ? Apportez style et confort \u00e0 votre espace de vie avec nos coussins d\u00e9coratifs imprim\u00e9s de haute qualit\u00e9. Que vous recherchiez un coussin d\u00e9coratif complet, uniquement une housse ou seulement le rembourrage. Choisissez la dimension souhait\u00e9e. Vous pouvez \u00e9galement d\u00e9terminer vous-m\u00eame la couleur de la fermeture \u00e9clair ! Composez ci-dessous votre housse de coussin avec votre propre impression en quelques \u00e9tapes seulement.\" \/>\n<meta property=\"og:url\" content=\"https:\/\/www.amstelprinting.nl\/fr\/boutique\/interieur-2\/maison-secteur-de-la-restauration\/coussin-decoratif\/\" \/>\n<meta property=\"og:site_name\" content=\"Amstel Printing\" \/>\n<meta property=\"article:modified_time\" content=\"2026-02-18T11:51:45+00:00\" \/>\n<meta property=\"og:image\" content=\"https:\/\/www.amstelprinting.nl\/wp-content\/uploads\/Sierkussen3.jpg\" \/>\n\t<meta property=\"og:image:width\" content=\"700\" \/>\n\t<meta property=\"og:image:height\" content=\"700\" \/>\n\t<meta property=\"og:image:type\" content=\"image\/jpeg\" \/>\n<meta name=\"twitter:card\" content=\"summary_large_image\" \/>\n<meta name=\"twitter:label1\" content=\"Dur\u00e9e de lecture estim\u00e9e\" \/>\n\t<meta name=\"twitter:data1\" content=\"3 minutes\" \/>\n<script type=\"application\/ld+json\" class=\"yoast-schema-graph\">{\"@context\":\"https:\\\/\\\/schema.org\",\"@graph\":[{\"@type\":\"WebPage\",\"@id\":\"https:\\\/\\\/www.amstelprinting.nl\\\/fr\\\/boutique\\\/interieur-2\\\/maison-secteur-de-la-restauration\\\/coussin-decoratif\\\/\",\"url\":\"https:\\\/\\\/www.amstelprinting.nl\\\/fr\\\/boutique\\\/interieur-2\\\/maison-secteur-de-la-restauration\\\/coussin-decoratif\\\/\",\"name\":\"Coussin d\u00e9coratif | Amstel Printing\",\"isPartOf\":{\"@id\":\"https:\\\/\\\/www.amstelprinting.nl\\\/fr\\\/#website\"},\"primaryImageOfPage\":{\"@id\":\"https:\\\/\\\/www.amstelprinting.nl\\\/fr\\\/boutique\\\/interieur-2\\\/maison-secteur-de-la-restauration\\\/coussin-decoratif\\\/#primaryimage\"},\"image\":{\"@id\":\"https:\\\/\\\/www.amstelprinting.nl\\\/fr\\\/boutique\\\/interieur-2\\\/maison-secteur-de-la-restauration\\\/coussin-decoratif\\\/#primaryimage\"},\"thumbnailUrl\":\"https:\\\/\\\/www.amstelprinting.nl\\\/wp-content\\\/uploads\\\/Sierkussen3.jpg\",\"datePublished\":\"2025-01-23T20:02:19+00:00\",\"dateModified\":\"2026-02-18T11:51:45+00:00\",\"breadcrumb\":{\"@id\":\"https:\\\/\\\/www.amstelprinting.nl\\\/fr\\\/boutique\\\/interieur-2\\\/maison-secteur-de-la-restauration\\\/coussin-decoratif\\\/#breadcrumb\"},\"inLanguage\":\"fr-FR\",\"potentialAction\":[{\"@type\":\"ReadAction\",\"target\":[\"https:\\\/\\\/www.amstelprinting.nl\\\/fr\\\/boutique\\\/interieur-2\\\/maison-secteur-de-la-restauration\\\/coussin-decoratif\\\/\"]}]},{\"@type\":\"ImageObject\",\"inLanguage\":\"fr-FR\",\"@id\":\"https:\\\/\\\/www.amstelprinting.nl\\\/fr\\\/boutique\\\/interieur-2\\\/maison-secteur-de-la-restauration\\\/coussin-decoratif\\\/#primaryimage\",\"url\":\"https:\\\/\\\/www.amstelprinting.nl\\\/wp-content\\\/uploads\\\/Sierkussen3.jpg\",\"contentUrl\":\"https:\\\/\\\/www.amstelprinting.nl\\\/wp-content\\\/uploads\\\/Sierkussen3.jpg\",\"width\":700,\"height\":700},{\"@type\":\"BreadcrumbList\",\"@id\":\"https:\\\/\\\/www.amstelprinting.nl\\\/fr\\\/boutique\\\/interieur-2\\\/maison-secteur-de-la-restauration\\\/coussin-decoratif\\\/#breadcrumb\",\"itemListElement\":[{\"@type\":\"ListItem\",\"position\":1,\"name\":\"\",\"item\":\"https:\\\/\\\/www.amstelprinting.nl\\\/fr\\\/\"},{\"@type\":\"ListItem\",\"position\":2,\"name\":\"Amstel Printing\",\"item\":\"https:\\\/\\\/www.amstelprinting.nl\\\/fr\\\/boutique\\\/\"},{\"@type\":\"ListItem\",\"position\":3,\"name\":\"Int\u00e9rieur\",\"item\":\"https:\\\/\\\/www.amstelprinting.nl\\\/fr\\\/categorie\\\/interieur-2\\\/\"},{\"@type\":\"ListItem\",\"position\":4,\"name\":\"Maison &amp; secteur de la restauration\",\"item\":\"https:\\\/\\\/www.amstelprinting.nl\\\/fr\\\/categorie\\\/interieur-2\\\/maison-secteur-de-la-restauration\\\/\"},{\"@type\":\"ListItem\",\"position\":5,\"name\":\"Coussin d\u00e9coratif\"}]},{\"@type\":\"WebSite\",\"@id\":\"https:\\\/\\\/www.amstelprinting.nl\\\/fr\\\/#website\",\"url\":\"https:\\\/\\\/www.amstelprinting.nl\\\/fr\\\/\",\"name\":\"Amstel Printing\",\"description\":\"Creating Exposure\",\"publisher\":{\"@id\":\"https:\\\/\\\/www.amstelprinting.nl\\\/fr\\\/#organization\"},\"potentialAction\":[{\"@type\":\"SearchAction\",\"target\":{\"@type\":\"EntryPoint\",\"urlTemplate\":\"https:\\\/\\\/www.amstelprinting.nl\\\/fr\\\/?s={search_term_string}\"},\"query-input\":{\"@type\":\"PropertyValueSpecification\",\"valueRequired\":true,\"valueName\":\"search_term_string\"}}],\"inLanguage\":\"fr-FR\"},{\"@type\":\"Organization\",\"@id\":\"https:\\\/\\\/www.amstelprinting.nl\\\/fr\\\/#organization\",\"name\":\"Amstel Printing\",\"url\":\"https:\\\/\\\/www.amstelprinting.nl\\\/fr\\\/\",\"logo\":{\"@type\":\"ImageObject\",\"inLanguage\":\"fr-FR\",\"@id\":\"https:\\\/\\\/www.amstelprinting.nl\\\/fr\\\/#\\\/schema\\\/logo\\\/image\\\/\",\"url\":\"https:\\\/\\\/www.amstelprinting.nl\\\/wp-content\\\/uploads\\\/amstel_printing_logo_clean.png\",\"contentUrl\":\"https:\\\/\\\/www.amstelprinting.nl\\\/wp-content\\\/uploads\\\/amstel_printing_logo_clean.png\",\"width\":324,\"height\":73,\"caption\":\"Amstel Printing\"},\"image\":{\"@id\":\"https:\\\/\\\/www.amstelprinting.nl\\\/fr\\\/#\\\/schema\\\/logo\\\/image\\\/\"}}]}<\/script>\n<!-- \/ Yoast SEO plugin. -->","yoast_head_json":{"title":"Coussin d\u00e9coratif | Amstel Printing","robots":{"index":"index","follow":"follow","max-snippet":"max-snippet:-1","max-image-preview":"max-image-preview:large","max-video-preview":"max-video-preview:-1"},"canonical":"https:\/\/www.amstelprinting.nl\/fr\/boutique\/interieur-2\/maison-secteur-de-la-restauration\/coussin-decoratif\/","og_locale":"fr_FR","og_type":"article","og_title":"Coussin d\u00e9coratif | Amstel Printing","og_description":"Dot\u00e9 d'une magnifique impression. Faire imprimer des coussins d\u00e9coratifs avec votre propre logo ou design ? Apportez style et confort \u00e0 votre espace de vie avec nos coussins d\u00e9coratifs imprim\u00e9s de haute qualit\u00e9. Que vous recherchiez un coussin d\u00e9coratif complet, uniquement une housse ou seulement le rembourrage. Choisissez la dimension souhait\u00e9e. Vous pouvez \u00e9galement d\u00e9terminer vous-m\u00eame la couleur de la fermeture \u00e9clair ! Composez ci-dessous votre housse de coussin avec votre propre impression en quelques \u00e9tapes seulement.","og_url":"https:\/\/www.amstelprinting.nl\/fr\/boutique\/interieur-2\/maison-secteur-de-la-restauration\/coussin-decoratif\/","og_site_name":"Amstel Printing","article_modified_time":"2026-02-18T11:51:45+00:00","og_image":[{"width":700,"height":700,"url":"https:\/\/www.amstelprinting.nl\/wp-content\/uploads\/Sierkussen3.jpg","type":"image\/jpeg"}],"twitter_card":"summary_large_image","twitter_misc":{"Dur\u00e9e de lecture estim\u00e9e":"3 minutes"},"schema":{"@context":"https:\/\/schema.org","@graph":[{"@type":"WebPage","@id":"https:\/\/www.amstelprinting.nl\/fr\/boutique\/interieur-2\/maison-secteur-de-la-restauration\/coussin-decoratif\/","url":"https:\/\/www.amstelprinting.nl\/fr\/boutique\/interieur-2\/maison-secteur-de-la-restauration\/coussin-decoratif\/","name":"Coussin d\u00e9coratif | Amstel Printing","isPartOf":{"@id":"https:\/\/www.amstelprinting.nl\/fr\/#website"},"primaryImageOfPage":{"@id":"https:\/\/www.amstelprinting.nl\/fr\/boutique\/interieur-2\/maison-secteur-de-la-restauration\/coussin-decoratif\/#primaryimage"},"image":{"@id":"https:\/\/www.amstelprinting.nl\/fr\/boutique\/interieur-2\/maison-secteur-de-la-restauration\/coussin-decoratif\/#primaryimage"},"thumbnailUrl":"https:\/\/www.amstelprinting.nl\/wp-content\/uploads\/Sierkussen3.jpg","datePublished":"2025-01-23T20:02:19+00:00","dateModified":"2026-02-18T11:51:45+00:00","breadcrumb":{"@id":"https:\/\/www.amstelprinting.nl\/fr\/boutique\/interieur-2\/maison-secteur-de-la-restauration\/coussin-decoratif\/#breadcrumb"},"inLanguage":"fr-FR","potentialAction":[{"@type":"ReadAction","target":["https:\/\/www.amstelprinting.nl\/fr\/boutique\/interieur-2\/maison-secteur-de-la-restauration\/coussin-decoratif\/"]}]},{"@type":"ImageObject","inLanguage":"fr-FR","@id":"https:\/\/www.amstelprinting.nl\/fr\/boutique\/interieur-2\/maison-secteur-de-la-restauration\/coussin-decoratif\/#primaryimage","url":"https:\/\/www.amstelprinting.nl\/wp-content\/uploads\/Sierkussen3.jpg","contentUrl":"https:\/\/www.amstelprinting.nl\/wp-content\/uploads\/Sierkussen3.jpg","width":700,"height":700},{"@type":"BreadcrumbList","@id":"https:\/\/www.amstelprinting.nl\/fr\/boutique\/interieur-2\/maison-secteur-de-la-restauration\/coussin-decoratif\/#breadcrumb","itemListElement":[{"@type":"ListItem","position":1,"name":"","item":"https:\/\/www.amstelprinting.nl\/fr\/"},{"@type":"ListItem","position":2,"name":"Amstel Printing","item":"https:\/\/www.amstelprinting.nl\/fr\/boutique\/"},{"@type":"ListItem","position":3,"name":"Int\u00e9rieur","item":"https:\/\/www.amstelprinting.nl\/fr\/categorie\/interieur-2\/"},{"@type":"ListItem","position":4,"name":"Maison &amp; secteur de la restauration","item":"https:\/\/www.amstelprinting.nl\/fr\/categorie\/interieur-2\/maison-secteur-de-la-restauration\/"},{"@type":"ListItem","position":5,"name":"Coussin d\u00e9coratif"}]},{"@type":"WebSite","@id":"https:\/\/www.amstelprinting.nl\/fr\/#website","url":"https:\/\/www.amstelprinting.nl\/fr\/","name":"Amstel Printing","description":"Creating Exposure","publisher":{"@id":"https:\/\/www.amstelprinting.nl\/fr\/#organization"},"potentialAction":[{"@type":"SearchAction","target":{"@type":"EntryPoint","urlTemplate":"https:\/\/www.amstelprinting.nl\/fr\/?s={search_term_string}"},"query-input":{"@type":"PropertyValueSpecification","valueRequired":true,"valueName":"search_term_string"}}],"inLanguage":"fr-FR"},{"@type":"Organization","@id":"https:\/\/www.amstelprinting.nl\/fr\/#organization","name":"Amstel Printing","url":"https:\/\/www.amstelprinting.nl\/fr\/","logo":{"@type":"ImageObject","inLanguage":"fr-FR","@id":"https:\/\/www.amstelprinting.nl\/fr\/#\/schema\/logo\/image\/","url":"https:\/\/www.amstelprinting.nl\/wp-content\/uploads\/amstel_printing_logo_clean.png","contentUrl":"https:\/\/www.amstelprinting.nl\/wp-content\/uploads\/amstel_printing_logo_clean.png","width":324,"height":73,"caption":"Amstel Printing"},"image":{"@id":"https:\/\/www.amstelprinting.nl\/fr\/#\/schema\/logo\/image\/"}}]}},"_links":{"self":[{"href":"https:\/\/www.amstelprinting.nl\/fr\/wp-json\/wp\/v2\/product\/15363","targetHints":{"allow":["GET"]}}],"collection":[{"href":"https:\/\/www.amstelprinting.nl\/fr\/wp-json\/wp\/v2\/product"}],"about":[{"href":"https:\/\/www.amstelprinting.nl\/fr\/wp-json\/wp\/v2\/types\/product"}],"wp:featuredmedia":[{"embeddable":true,"href":"https:\/\/www.amstelprinting.nl\/fr\/wp-json\/wp\/v2\/media\/15365"}],"wp:attachment":[{"href":"https:\/\/www.amstelprinting.nl\/fr\/wp-json\/wp\/v2\/media?parent=15363"}],"wp:term":[{"taxonomy":"product_brand","embeddable":true,"href":"https:\/\/www.amstelprinting.nl\/fr\/wp-json\/wp\/v2\/product_brand?post=15363"},{"taxonomy":"product_cat","embeddable":true,"href":"https:\/\/www.amstelprinting.nl\/fr\/wp-json\/wp\/v2\/product_cat?post=15363"},{"taxonomy":"product_tag","embeddable":true,"href":"https:\/\/www.amstelprinting.nl\/fr\/wp-json\/wp\/v2\/product_tag?post=15363"}],"curies":[{"name":"wp","href":"https:\/\/api.w.org\/{rel}","templated":true}]}}