{"id":15377,"date":"2025-01-23T21:02:13","date_gmt":"2025-01-23T20:02:13","guid":{"rendered":"https:\/\/www.amstelprinting.nl\/winkel\/non%20class\u00e9\/verkiezingsbord\/"},"modified":"2026-02-18T12:51:46","modified_gmt":"2026-02-18T11:51:46","slug":"panneau-electoral","status":"publish","type":"product","link":"https:\/\/www.amstelprinting.nl\/fr\/boutique\/salon-et-evenement\/decoration\/panneau-electoral\/","title":{"rendered":"Panneau \u00e9lectoral"},"content":{"rendered":"<h3>Commander des panneaux \u00e9lectoraux<\/h3>\n<p>Les panneaux \u00e9lectoraux sont \u00e9galement appel\u00e9s panneaux pour lampadaires. Les panneaux \u00e9lectoraux ont un fort impact visuel gr\u00e2ce \u00e0 la grande impression visible des deux c\u00f4t\u00e9s du lampadaire.<\/p>\n<h3>Impression de panneaux \u00e9lectoraux &#8211; comment \u00e7a marche ?<\/h3>\n<p>Gr\u00e2ce \u00e0 notre mod\u00e8le facile \u00e0 utiliser, disponible dans la section t\u00e9l\u00e9chargements, vous pouvez facilement cr\u00e9er votre propre design. Que vous fassiez la promotion d&rsquo;un \u00e9v\u00e9nement local ou que vous lanciez une campagne plus vaste, les panneaux \u00e9lectoraux sont la solution id\u00e9ale pour transmettre votre message avec force.<\/p>\n<h3>Avantages des panneaux pour lampadaires<\/h3>\n<ul>\n<li>\u00c9conomique gr\u00e2ce \u00e0 trois formats fixes<\/li>\n<li>Votre design est imprim\u00e9 avec une nettet\u00e9 exceptionnelle<\/li>\n<li>Votre design est visible des deux c\u00f4t\u00e9s<\/li>\n<li>Livraison rapide (possible sous 1 jour ouvr\u00e9)<\/li>\n<li>Fabriqu\u00e9 en polypropyl\u00e8ne de haute qualit\u00e9<\/li>\n<li>Durable : mat\u00e9riau 100 % recyclable<\/li>\n<li>\u00c9quip\u00e9 de trous pr\u00e9-perc\u00e9s pour une fixation facile avec des serre-c\u00e2bles<\/li>\n<\/ul>\n<p>&nbsp;<\/p>\n<h3>Formats et mat\u00e9riaux<\/h3>\n<p>Que vous ayez besoin d&rsquo;un petit panneau \u00e9lectoral pour des \u00e9v\u00e9nements locaux ou d&rsquo;un panneau plus grand pour attirer l&rsquo;attention de tous, nos panneaux \u00e9lectoraux sont disponibles en trois formats pratiques : 140 x 100 cm, 120 x 80 cm et 170 x 120 cm. Fabriqu\u00e9s en polypropyl\u00e8ne de haute qualit\u00e9, nos panneaux \u00e9lectoraux sont \u00e0 la fois l\u00e9gers et durables. La structure l\u00e9g\u00e8rement nervur\u00e9e des canaux assure une robustesse suppl\u00e9mentaire, rendant vos panneaux \u00e9lectoraux r\u00e9sistants \u00e0 diverses conditions m\u00e9t\u00e9orologiques et offrant une longue dur\u00e9e d&rsquo;utilisation.<\/p>\n<h3>Finition et accessoires<\/h3>\n<p>Les panneaux sont munis de 14 trous pr\u00e9-perc\u00e9s. Ajoutez des serre-c\u00e2bles blancs ou noirs \u00e0 votre commande pour pouvoir fixer le panneau \u00e9lectoral.<\/p>\n","protected":false},"excerpt":{"rendered":"<h3>Pour fixation sur un lampadaire<\/h3>\n<p>Pr\u00e9parez-vous pour les \u00e9lections avec nos panneaux \u00e9lectoraux professionnels. Id\u00e9al pour promouvoir votre campagne et atteindre vos \u00e9lecteurs. Les panneaux \u00e9lectoraux (panneaux pour lampadaires) attirent imm\u00e9diatement l&rsquo;attention. Fixez-les en un clin d&rsquo;\u0153il \u00e0 un lampadaire (avec des serre-c\u00e2bles). Votre design est visible des <strong>deux c\u00f4t\u00e9s<\/strong>. Formats disponibles : <strong>70 x 100 cm<\/strong>, <strong>120 x 80 cm<\/strong> ou <strong>170 x 120 cm<\/strong>. Command\u00e9 aujourd&rsquo;hui, souvent livr\u00e9 d\u00e8s le lendemain.<\/p>\n","protected":false},"featured_media":15378,"template":"","meta":{"_et_pb_use_builder":"","_et_pb_old_content":"","_et_gb_content_width":""},"product_brand":[],"product_cat":[424,428],"product_tag":[],"class_list":{"0":"post-15377","1":"product","2":"type-product","3":"status-publish","4":"has-post-thumbnail","6":"product_cat-decoration","7":"product_cat-salon-et-evenement","9":"first","10":"instock","11":"taxable","12":"shipping-taxable","13":"purchasable","14":"product-type-simple"},"yoast_head":"<!-- This site is optimized with the Yoast SEO plugin v27.3 - https:\/\/yoast.com\/product\/yoast-seo-wordpress\/ -->\n<title>Acheter un Panneau \u00c9lectoral - Durable &amp; Visibilit\u00e9 Maximale<\/title>\n<meta name=\"description\" content=\"Commandez votre panneau \u00e9lectoral professionnel d\u00e8s aujourd&#039;hui et touchez directement les \u00e9lecteurs avec une impression recto-verso d&#039;une nettet\u00e9 exceptionnelle. Formats avantageux &amp; livraison rapide\" \/>\n<meta name=\"robots\" content=\"index, follow, max-snippet:-1, max-image-preview:large, max-video-preview:-1\" \/>\n<link rel=\"canonical\" href=\"https:\/\/www.amstelprinting.nl\/fr\/boutique\/salon-et-evenement\/decoration\/panneau-electoral\/\" \/>\n<meta property=\"og:locale\" content=\"fr_FR\" \/>\n<meta property=\"og:type\" content=\"article\" \/>\n<meta property=\"og:title\" content=\"Acheter un Panneau \u00c9lectoral - Durable &amp; Visibilit\u00e9 Maximale\" \/>\n<meta property=\"og:description\" content=\"Commandez votre panneau \u00e9lectoral professionnel d\u00e8s aujourd&#039;hui et touchez directement les \u00e9lecteurs avec une impression recto-verso d&#039;une nettet\u00e9 exceptionnelle. Formats avantageux &amp; livraison rapide\" \/>\n<meta property=\"og:url\" content=\"https:\/\/www.amstelprinting.nl\/fr\/boutique\/salon-et-evenement\/decoration\/panneau-electoral\/\" \/>\n<meta property=\"og:site_name\" content=\"Amstel Printing\" \/>\n<meta property=\"article:modified_time\" content=\"2026-02-18T11:51:46+00:00\" \/>\n<meta property=\"og:image\" content=\"https:\/\/www.amstelprinting.nl\/wp-content\/uploads\/verkiezingbord-bedrukken.png\" \/>\n\t<meta property=\"og:image:width\" content=\"700\" \/>\n\t<meta property=\"og:image:height\" content=\"700\" \/>\n\t<meta property=\"og:image:type\" content=\"image\/png\" \/>\n<meta name=\"twitter:card\" content=\"summary_large_image\" \/>\n<meta name=\"twitter:label1\" content=\"Dur\u00e9e de lecture estim\u00e9e\" \/>\n\t<meta name=\"twitter:data1\" content=\"1 minute\" \/>\n<script type=\"application\/ld+json\" class=\"yoast-schema-graph\">{\"@context\":\"https:\\\/\\\/schema.org\",\"@graph\":[{\"@type\":\"WebPage\",\"@id\":\"https:\\\/\\\/www.amstelprinting.nl\\\/fr\\\/boutique\\\/salon-et-evenement\\\/decoration\\\/panneau-electoral\\\/\",\"url\":\"https:\\\/\\\/www.amstelprinting.nl\\\/fr\\\/boutique\\\/salon-et-evenement\\\/decoration\\\/panneau-electoral\\\/\",\"name\":\"Acheter un Panneau \u00c9lectoral - Durable & Visibilit\u00e9 Maximale\",\"isPartOf\":{\"@id\":\"https:\\\/\\\/www.amstelprinting.nl\\\/fr\\\/#website\"},\"primaryImageOfPage\":{\"@id\":\"https:\\\/\\\/www.amstelprinting.nl\\\/fr\\\/boutique\\\/salon-et-evenement\\\/decoration\\\/panneau-electoral\\\/#primaryimage\"},\"image\":{\"@id\":\"https:\\\/\\\/www.amstelprinting.nl\\\/fr\\\/boutique\\\/salon-et-evenement\\\/decoration\\\/panneau-electoral\\\/#primaryimage\"},\"thumbnailUrl\":\"https:\\\/\\\/www.amstelprinting.nl\\\/wp-content\\\/uploads\\\/verkiezingbord-bedrukken.png\",\"datePublished\":\"2025-01-23T20:02:13+00:00\",\"dateModified\":\"2026-02-18T11:51:46+00:00\",\"description\":\"Commandez votre panneau \u00e9lectoral professionnel d\u00e8s aujourd'hui et touchez directement les \u00e9lecteurs avec une impression recto-verso d'une nettet\u00e9 exceptionnelle. Formats avantageux & livraison rapide\",\"breadcrumb\":{\"@id\":\"https:\\\/\\\/www.amstelprinting.nl\\\/fr\\\/boutique\\\/salon-et-evenement\\\/decoration\\\/panneau-electoral\\\/#breadcrumb\"},\"inLanguage\":\"fr-FR\",\"potentialAction\":[{\"@type\":\"ReadAction\",\"target\":[\"https:\\\/\\\/www.amstelprinting.nl\\\/fr\\\/boutique\\\/salon-et-evenement\\\/decoration\\\/panneau-electoral\\\/\"]}]},{\"@type\":\"ImageObject\",\"inLanguage\":\"fr-FR\",\"@id\":\"https:\\\/\\\/www.amstelprinting.nl\\\/fr\\\/boutique\\\/salon-et-evenement\\\/decoration\\\/panneau-electoral\\\/#primaryimage\",\"url\":\"https:\\\/\\\/www.amstelprinting.nl\\\/wp-content\\\/uploads\\\/verkiezingbord-bedrukken.png\",\"contentUrl\":\"https:\\\/\\\/www.amstelprinting.nl\\\/wp-content\\\/uploads\\\/verkiezingbord-bedrukken.png\",\"width\":700,\"height\":700},{\"@type\":\"BreadcrumbList\",\"@id\":\"https:\\\/\\\/www.amstelprinting.nl\\\/fr\\\/boutique\\\/salon-et-evenement\\\/decoration\\\/panneau-electoral\\\/#breadcrumb\",\"itemListElement\":[{\"@type\":\"ListItem\",\"position\":1,\"name\":\"\",\"item\":\"https:\\\/\\\/www.amstelprinting.nl\\\/fr\\\/\"},{\"@type\":\"ListItem\",\"position\":2,\"name\":\"Amstel Printing\",\"item\":\"https:\\\/\\\/www.amstelprinting.nl\\\/fr\\\/boutique\\\/\"},{\"@type\":\"ListItem\",\"position\":3,\"name\":\"Salon et \u00e9v\u00e9nement\",\"item\":\"https:\\\/\\\/www.amstelprinting.nl\\\/fr\\\/categorie\\\/salon-et-evenement\\\/\"},{\"@type\":\"ListItem\",\"position\":4,\"name\":\"D\u00e9coration\",\"item\":\"https:\\\/\\\/www.amstelprinting.nl\\\/fr\\\/categorie\\\/salon-et-evenement\\\/decoration\\\/\"},{\"@type\":\"ListItem\",\"position\":5,\"name\":\"Panneau \u00e9lectoral\"}]},{\"@type\":\"WebSite\",\"@id\":\"https:\\\/\\\/www.amstelprinting.nl\\\/fr\\\/#website\",\"url\":\"https:\\\/\\\/www.amstelprinting.nl\\\/fr\\\/\",\"name\":\"Amstel Printing\",\"description\":\"Creating Exposure\",\"publisher\":{\"@id\":\"https:\\\/\\\/www.amstelprinting.nl\\\/fr\\\/#organization\"},\"potentialAction\":[{\"@type\":\"SearchAction\",\"target\":{\"@type\":\"EntryPoint\",\"urlTemplate\":\"https:\\\/\\\/www.amstelprinting.nl\\\/fr\\\/?s={search_term_string}\"},\"query-input\":{\"@type\":\"PropertyValueSpecification\",\"valueRequired\":true,\"valueName\":\"search_term_string\"}}],\"inLanguage\":\"fr-FR\"},{\"@type\":\"Organization\",\"@id\":\"https:\\\/\\\/www.amstelprinting.nl\\\/fr\\\/#organization\",\"name\":\"Amstel Printing\",\"url\":\"https:\\\/\\\/www.amstelprinting.nl\\\/fr\\\/\",\"logo\":{\"@type\":\"ImageObject\",\"inLanguage\":\"fr-FR\",\"@id\":\"https:\\\/\\\/www.amstelprinting.nl\\\/fr\\\/#\\\/schema\\\/logo\\\/image\\\/\",\"url\":\"https:\\\/\\\/www.amstelprinting.nl\\\/wp-content\\\/uploads\\\/amstel_printing_logo_clean.png\",\"contentUrl\":\"https:\\\/\\\/www.amstelprinting.nl\\\/wp-content\\\/uploads\\\/amstel_printing_logo_clean.png\",\"width\":324,\"height\":73,\"caption\":\"Amstel Printing\"},\"image\":{\"@id\":\"https:\\\/\\\/www.amstelprinting.nl\\\/fr\\\/#\\\/schema\\\/logo\\\/image\\\/\"}}]}<\/script>\n<!-- \/ Yoast SEO plugin. -->","yoast_head_json":{"title":"Acheter un Panneau \u00c9lectoral - Durable & Visibilit\u00e9 Maximale","description":"Commandez votre panneau \u00e9lectoral professionnel d\u00e8s aujourd'hui et touchez directement les \u00e9lecteurs avec une impression recto-verso d'une nettet\u00e9 exceptionnelle. Formats avantageux & livraison rapide","robots":{"index":"index","follow":"follow","max-snippet":"max-snippet:-1","max-image-preview":"max-image-preview:large","max-video-preview":"max-video-preview:-1"},"canonical":"https:\/\/www.amstelprinting.nl\/fr\/boutique\/salon-et-evenement\/decoration\/panneau-electoral\/","og_locale":"fr_FR","og_type":"article","og_title":"Acheter un Panneau \u00c9lectoral - Durable & Visibilit\u00e9 Maximale","og_description":"Commandez votre panneau \u00e9lectoral professionnel d\u00e8s aujourd'hui et touchez directement les \u00e9lecteurs avec une impression recto-verso d'une nettet\u00e9 exceptionnelle. Formats avantageux & livraison rapide","og_url":"https:\/\/www.amstelprinting.nl\/fr\/boutique\/salon-et-evenement\/decoration\/panneau-electoral\/","og_site_name":"Amstel Printing","article_modified_time":"2026-02-18T11:51:46+00:00","og_image":[{"width":700,"height":700,"url":"https:\/\/www.amstelprinting.nl\/wp-content\/uploads\/verkiezingbord-bedrukken.png","type":"image\/png"}],"twitter_card":"summary_large_image","twitter_misc":{"Dur\u00e9e de lecture estim\u00e9e":"1 minute"},"schema":{"@context":"https:\/\/schema.org","@graph":[{"@type":"WebPage","@id":"https:\/\/www.amstelprinting.nl\/fr\/boutique\/salon-et-evenement\/decoration\/panneau-electoral\/","url":"https:\/\/www.amstelprinting.nl\/fr\/boutique\/salon-et-evenement\/decoration\/panneau-electoral\/","name":"Acheter un Panneau \u00c9lectoral - Durable & Visibilit\u00e9 Maximale","isPartOf":{"@id":"https:\/\/www.amstelprinting.nl\/fr\/#website"},"primaryImageOfPage":{"@id":"https:\/\/www.amstelprinting.nl\/fr\/boutique\/salon-et-evenement\/decoration\/panneau-electoral\/#primaryimage"},"image":{"@id":"https:\/\/www.amstelprinting.nl\/fr\/boutique\/salon-et-evenement\/decoration\/panneau-electoral\/#primaryimage"},"thumbnailUrl":"https:\/\/www.amstelprinting.nl\/wp-content\/uploads\/verkiezingbord-bedrukken.png","datePublished":"2025-01-23T20:02:13+00:00","dateModified":"2026-02-18T11:51:46+00:00","description":"Commandez votre panneau \u00e9lectoral professionnel d\u00e8s aujourd'hui et touchez directement les \u00e9lecteurs avec une impression recto-verso d'une nettet\u00e9 exceptionnelle. Formats avantageux & livraison rapide","breadcrumb":{"@id":"https:\/\/www.amstelprinting.nl\/fr\/boutique\/salon-et-evenement\/decoration\/panneau-electoral\/#breadcrumb"},"inLanguage":"fr-FR","potentialAction":[{"@type":"ReadAction","target":["https:\/\/www.amstelprinting.nl\/fr\/boutique\/salon-et-evenement\/decoration\/panneau-electoral\/"]}]},{"@type":"ImageObject","inLanguage":"fr-FR","@id":"https:\/\/www.amstelprinting.nl\/fr\/boutique\/salon-et-evenement\/decoration\/panneau-electoral\/#primaryimage","url":"https:\/\/www.amstelprinting.nl\/wp-content\/uploads\/verkiezingbord-bedrukken.png","contentUrl":"https:\/\/www.amstelprinting.nl\/wp-content\/uploads\/verkiezingbord-bedrukken.png","width":700,"height":700},{"@type":"BreadcrumbList","@id":"https:\/\/www.amstelprinting.nl\/fr\/boutique\/salon-et-evenement\/decoration\/panneau-electoral\/#breadcrumb","itemListElement":[{"@type":"ListItem","position":1,"name":"","item":"https:\/\/www.amstelprinting.nl\/fr\/"},{"@type":"ListItem","position":2,"name":"Amstel Printing","item":"https:\/\/www.amstelprinting.nl\/fr\/boutique\/"},{"@type":"ListItem","position":3,"name":"Salon et \u00e9v\u00e9nement","item":"https:\/\/www.amstelprinting.nl\/fr\/categorie\/salon-et-evenement\/"},{"@type":"ListItem","position":4,"name":"D\u00e9coration","item":"https:\/\/www.amstelprinting.nl\/fr\/categorie\/salon-et-evenement\/decoration\/"},{"@type":"ListItem","position":5,"name":"Panneau \u00e9lectoral"}]},{"@type":"WebSite","@id":"https:\/\/www.amstelprinting.nl\/fr\/#website","url":"https:\/\/www.amstelprinting.nl\/fr\/","name":"Amstel Printing","description":"Creating Exposure","publisher":{"@id":"https:\/\/www.amstelprinting.nl\/fr\/#organization"},"potentialAction":[{"@type":"SearchAction","target":{"@type":"EntryPoint","urlTemplate":"https:\/\/www.amstelprinting.nl\/fr\/?s={search_term_string}"},"query-input":{"@type":"PropertyValueSpecification","valueRequired":true,"valueName":"search_term_string"}}],"inLanguage":"fr-FR"},{"@type":"Organization","@id":"https:\/\/www.amstelprinting.nl\/fr\/#organization","name":"Amstel Printing","url":"https:\/\/www.amstelprinting.nl\/fr\/","logo":{"@type":"ImageObject","inLanguage":"fr-FR","@id":"https:\/\/www.amstelprinting.nl\/fr\/#\/schema\/logo\/image\/","url":"https:\/\/www.amstelprinting.nl\/wp-content\/uploads\/amstel_printing_logo_clean.png","contentUrl":"https:\/\/www.amstelprinting.nl\/wp-content\/uploads\/amstel_printing_logo_clean.png","width":324,"height":73,"caption":"Amstel Printing"},"image":{"@id":"https:\/\/www.amstelprinting.nl\/fr\/#\/schema\/logo\/image\/"}}]}},"_links":{"self":[{"href":"https:\/\/www.amstelprinting.nl\/fr\/wp-json\/wp\/v2\/product\/15377","targetHints":{"allow":["GET"]}}],"collection":[{"href":"https:\/\/www.amstelprinting.nl\/fr\/wp-json\/wp\/v2\/product"}],"about":[{"href":"https:\/\/www.amstelprinting.nl\/fr\/wp-json\/wp\/v2\/types\/product"}],"wp:featuredmedia":[{"embeddable":true,"href":"https:\/\/www.amstelprinting.nl\/fr\/wp-json\/wp\/v2\/media\/15378"}],"wp:attachment":[{"href":"https:\/\/www.amstelprinting.nl\/fr\/wp-json\/wp\/v2\/media?parent=15377"}],"wp:term":[{"taxonomy":"product_brand","embeddable":true,"href":"https:\/\/www.amstelprinting.nl\/fr\/wp-json\/wp\/v2\/product_brand?post=15377"},{"taxonomy":"product_cat","embeddable":true,"href":"https:\/\/www.amstelprinting.nl\/fr\/wp-json\/wp\/v2\/product_cat?post=15377"},{"taxonomy":"product_tag","embeddable":true,"href":"https:\/\/www.amstelprinting.nl\/fr\/wp-json\/wp\/v2\/product_tag?post=15377"}],"curies":[{"name":"wp","href":"https:\/\/api.w.org\/{rel}","templated":true}]}}