{"id":15388,"date":"2025-01-23T21:02:08","date_gmt":"2025-01-23T20:02:08","guid":{"rendered":"https:\/\/www.amstelprinting.nl\/winkel\/non%20class\u00e9\/foto-op-paneel-2\/"},"modified":"2026-02-18T12:51:47","modified_gmt":"2026-02-18T11:51:47","slug":"photo-sur-panneau","status":"publish","type":"product","link":"https:\/\/www.amstelprinting.nl\/fr\/boutique\/interieur-2\/produits-photo\/photo-sur-panneau\/","title":{"rendered":"Photo sur panneau"},"content":{"rendered":"<p>Avec la possibilit\u00e9 d&rsquo;utiliser votre propre design ou un motif existant, vous pouvez personnaliser enti\u00e8rement votre photo sur panneau selon vos souhaits. Qu&rsquo;il s&rsquo;agisse de photos de famille, d&rsquo;\u0153uvres d&rsquo;art ou de logos d&rsquo;entreprise, nous veillons \u00e0 ce que votre panneau soit tel que vous l&rsquo;avez imagin\u00e9.<\/p>\n<h3>Waarom foto panelen bestellen?<\/h3>\n<ul>\n<li>Dot\u00e9 de votre propre design<\/li>\n<li>Choix parmi un large assortiment de formats et de mat\u00e9riaux<\/li>\n<li>Extra avantageux gr\u00e2ce aux 13 formats standards<\/li>\n<li>Mat\u00e9riaux avec certificat B1 pour la s\u00e9curit\u00e9 incendie<\/li>\n<li>Personnalisez votre panneau avec votre propre design ou motif<\/li>\n<li>Suspension facile avec le mat\u00e9riel de fixation ad\u00e9quat<\/li>\n<\/ul>\n<p>&nbsp;<\/p>\n<h3>5 mat\u00e9riaux diff\u00e9rents<\/h3>\n<p>Nous proposons une gamme de mat\u00e9riaux adapt\u00e9s \u00e0 diff\u00e9rents formats et \u00e9paisseurs, afin que vous puissiez faire le choix parfait pour votre photo sur panneau :<\/p>\n<ul>\n<li><strong>Dibond\u00ae<\/strong>:<br \/>\nCe panneau a un noyau en aluminium et une couche sup\u00e9rieure blanche, ce qui le rend adapt\u00e9 \u00e0 une utilisation int\u00e9rieure et ext\u00e9rieure. Avec le certificat B1 pour la s\u00e9curit\u00e9 incendie, c&rsquo;est un choix s\u00fbr pour tout environnement.<\/li>\n<li><strong>Dibond\u00ae Butler Finish<\/strong>:<br \/>\nPour un look chic et moderne, choisissez ce panneau sandwich en aluminium avec un noyau noir et un aspect inox bross\u00e9. Ce mat\u00e9riau est \u00e9galement certifi\u00e9 B1 pour la s\u00e9curit\u00e9 incendie et convient \u00e0 diverses applications.<\/li>\n<li><strong>Forex\u00ae<\/strong>:<br \/>\nCe mat\u00e9riau en PVC expans\u00e9 l\u00e9ger est id\u00e9al pour une utilisation en int\u00e9rieur. Il est facile \u00e0 manipuler et offre une finition nette et professionnelle. Le Forex\u00ae est \u00e9galement certifi\u00e9 B1 pour la s\u00e9curit\u00e9 incendie.<\/li>\n<li><strong>Plexiglas<\/strong>:<br \/>\nCe mat\u00e9riau transparent donne \u00e0 votre photo un aspect moderne et convient \u00e0 une utilisation int\u00e9rieure et ext\u00e9rieure. Veuillez noter que le plexiglas est sensible aux rayures, la prudence est donc de mise lors de l&rsquo;installation.<\/li>\n<li><strong>Contreplaqu\u00e9 (Multiplex)<\/strong>:<br \/>\nFabriqu\u00e9 \u00e0 partir de bois de peuplier respectueux de l&rsquo;environnement, le contreplaqu\u00e9 offre un aspect naturel et chaleureux, parfait pour une utilisation en int\u00e9rieur. Ce mat\u00e9riau est id\u00e9al pour ceux qui souhaitent faire un choix \u00e9co-responsable.<\/li>\n<\/ul>\n<p>&nbsp;<\/p>\n<h3>Choisissez la bonne finition<\/h3>\n<p>Sur demande, nos panneaux peuvent \u00eatre munis de trous de per\u00e7age, ce qui les rend faciles \u00e0 monter. Cela rend la suspension de votre panneau photo rapide et sans probl\u00e8me.<\/p>\n<h3>Fixation du panneau photo<\/h3>\n<p>Pour fixer votre photo sur panneau de la meilleure fa\u00e7on, nous proposons divers accessoires, notamment des plaques de suspension et des entretoises.<\/p>\n<h3>Questions fr\u00e9quemment pos\u00e9es<\/h3>\n<p><strong>Quelle est la meilleure fa\u00e7on de nettoyer un panneau ?<\/strong><br \/>\nVous pouvez facilement nettoyer vos panneaux avec un produit de nettoyage doux. Notez qu&rsquo;en raison de la technique d&rsquo;impression UV, l&rsquo;encre se trouve sur la surface, ce qui signifie qu&rsquo;un traitement trop rude peut endommager la surface et l&rsquo;encre. Pour une protection suppl\u00e9mentaire contre les rayures, vous pouvez faire appliquer un rev\u00eatement sur vos panneaux Dibond\u00ae.<\/p>\n<p><strong>Quels sont les avantages d&rsquo;un rev\u00eatement ?<\/strong><br \/>\nUn rev\u00eatement sur votre mat\u00e9riau en plaque offre plusieurs avantages. Il assure une intensit\u00e9 de couleur plus \u00e9lev\u00e9e et offre une meilleure protection contre les facteurs environnementaux, permettant \u00e0 votre impression de rester belle plus longtemps.<\/p>\n","protected":false},"excerpt":{"rendered":"<h3>Donnez vie \u00e0 votre photo. Des impressions d&rsquo;une nettet\u00e9 exceptionnelle pour le mur.<\/h3>\n<p>Donnez vie \u00e0 vos photos pr\u00e9f\u00e9r\u00e9es avec nos panneaux photo de haute qualit\u00e9. Id\u00e9al tant pour la maison que pour le bureau. Les panneaux photo offrent un moyen \u00e9l\u00e9gant et durable de pr\u00e9senter vos souvenirs ou vos \u0153uvres d&rsquo;art. Choisissez parmi divers mat\u00e9riaux et finitions pour cr\u00e9er le look parfait pour votre espace. Souvent livr\u00e9 sous 1 jour.<\/p>\n","protected":false},"featured_media":15390,"template":"","meta":{"_et_pb_use_builder":"","_et_pb_old_content":"","_et_gb_content_width":""},"product_brand":[],"product_cat":[542,560],"product_tag":[],"class_list":{"0":"post-15388","1":"product","2":"type-product","3":"status-publish","4":"has-post-thumbnail","6":"product_cat-interieur-2","7":"product_cat-produits-photo","9":"first","10":"instock","11":"taxable","12":"shipping-taxable","13":"purchasable","14":"product-type-simple"},"yoast_head":"<!-- This site is optimized with the Yoast SEO plugin v27.3 - https:\/\/yoast.com\/product\/yoast-seo-wordpress\/ -->\n<title>Photo sur panneau | Amstel Printing<\/title>\n<meta name=\"robots\" content=\"index, follow, max-snippet:-1, max-image-preview:large, max-video-preview:-1\" \/>\n<link rel=\"canonical\" href=\"https:\/\/www.amstelprinting.nl\/fr\/boutique\/interieur-2\/produits-photo\/photo-sur-panneau\/\" \/>\n<meta property=\"og:locale\" content=\"fr_FR\" \/>\n<meta property=\"og:type\" content=\"article\" \/>\n<meta property=\"og:title\" content=\"Photo sur panneau | Amstel Printing\" \/>\n<meta property=\"og:description\" content=\"Donnez vie \u00e0 votre photo. Des impressions d&#039;une nettet\u00e9 exceptionnelle pour le mur. Donnez vie \u00e0 vos photos pr\u00e9f\u00e9r\u00e9es avec nos panneaux photo de haute qualit\u00e9. Id\u00e9al tant pour la maison que pour le bureau. Les panneaux photo offrent un moyen \u00e9l\u00e9gant et durable de pr\u00e9senter vos souvenirs ou vos \u0153uvres d&#039;art. Choisissez parmi divers mat\u00e9riaux et finitions pour cr\u00e9er le look parfait pour votre espace. Souvent livr\u00e9 sous 1 jour.\" \/>\n<meta property=\"og:url\" content=\"https:\/\/www.amstelprinting.nl\/fr\/boutique\/interieur-2\/produits-photo\/photo-sur-panneau\/\" \/>\n<meta property=\"og:site_name\" content=\"Amstel Printing\" \/>\n<meta property=\"article:modified_time\" content=\"2026-02-18T11:51:47+00:00\" \/>\n<meta property=\"og:image\" content=\"https:\/\/www.amstelprinting.nl\/wp-content\/uploads\/Foto-op-paneel2.jpg\" \/>\n\t<meta property=\"og:image:width\" content=\"700\" \/>\n\t<meta property=\"og:image:height\" content=\"700\" \/>\n\t<meta property=\"og:image:type\" content=\"image\/jpeg\" \/>\n<meta name=\"twitter:card\" content=\"summary_large_image\" \/>\n<meta name=\"twitter:label1\" content=\"Dur\u00e9e de lecture estim\u00e9e\" \/>\n\t<meta name=\"twitter:data1\" content=\"3 minutes\" \/>\n<script type=\"application\/ld+json\" class=\"yoast-schema-graph\">{\"@context\":\"https:\\\/\\\/schema.org\",\"@graph\":[{\"@type\":\"WebPage\",\"@id\":\"https:\\\/\\\/www.amstelprinting.nl\\\/fr\\\/boutique\\\/interieur-2\\\/produits-photo\\\/photo-sur-panneau\\\/\",\"url\":\"https:\\\/\\\/www.amstelprinting.nl\\\/fr\\\/boutique\\\/interieur-2\\\/produits-photo\\\/photo-sur-panneau\\\/\",\"name\":\"Photo sur panneau | Amstel Printing\",\"isPartOf\":{\"@id\":\"https:\\\/\\\/www.amstelprinting.nl\\\/fr\\\/#website\"},\"primaryImageOfPage\":{\"@id\":\"https:\\\/\\\/www.amstelprinting.nl\\\/fr\\\/boutique\\\/interieur-2\\\/produits-photo\\\/photo-sur-panneau\\\/#primaryimage\"},\"image\":{\"@id\":\"https:\\\/\\\/www.amstelprinting.nl\\\/fr\\\/boutique\\\/interieur-2\\\/produits-photo\\\/photo-sur-panneau\\\/#primaryimage\"},\"thumbnailUrl\":\"https:\\\/\\\/www.amstelprinting.nl\\\/wp-content\\\/uploads\\\/Foto-op-paneel2.jpg\",\"datePublished\":\"2025-01-23T20:02:08+00:00\",\"dateModified\":\"2026-02-18T11:51:47+00:00\",\"breadcrumb\":{\"@id\":\"https:\\\/\\\/www.amstelprinting.nl\\\/fr\\\/boutique\\\/interieur-2\\\/produits-photo\\\/photo-sur-panneau\\\/#breadcrumb\"},\"inLanguage\":\"fr-FR\",\"potentialAction\":[{\"@type\":\"ReadAction\",\"target\":[\"https:\\\/\\\/www.amstelprinting.nl\\\/fr\\\/boutique\\\/interieur-2\\\/produits-photo\\\/photo-sur-panneau\\\/\"]}]},{\"@type\":\"ImageObject\",\"inLanguage\":\"fr-FR\",\"@id\":\"https:\\\/\\\/www.amstelprinting.nl\\\/fr\\\/boutique\\\/interieur-2\\\/produits-photo\\\/photo-sur-panneau\\\/#primaryimage\",\"url\":\"https:\\\/\\\/www.amstelprinting.nl\\\/wp-content\\\/uploads\\\/Foto-op-paneel2.jpg\",\"contentUrl\":\"https:\\\/\\\/www.amstelprinting.nl\\\/wp-content\\\/uploads\\\/Foto-op-paneel2.jpg\",\"width\":700,\"height\":700},{\"@type\":\"BreadcrumbList\",\"@id\":\"https:\\\/\\\/www.amstelprinting.nl\\\/fr\\\/boutique\\\/interieur-2\\\/produits-photo\\\/photo-sur-panneau\\\/#breadcrumb\",\"itemListElement\":[{\"@type\":\"ListItem\",\"position\":1,\"name\":\"\",\"item\":\"https:\\\/\\\/www.amstelprinting.nl\\\/fr\\\/\"},{\"@type\":\"ListItem\",\"position\":2,\"name\":\"Amstel Printing\",\"item\":\"https:\\\/\\\/www.amstelprinting.nl\\\/fr\\\/boutique\\\/\"},{\"@type\":\"ListItem\",\"position\":3,\"name\":\"Int\u00e9rieur\",\"item\":\"https:\\\/\\\/www.amstelprinting.nl\\\/fr\\\/categorie\\\/interieur-2\\\/\"},{\"@type\":\"ListItem\",\"position\":4,\"name\":\"Produits photo\",\"item\":\"https:\\\/\\\/www.amstelprinting.nl\\\/fr\\\/categorie\\\/interieur-2\\\/produits-photo\\\/\"},{\"@type\":\"ListItem\",\"position\":5,\"name\":\"Photo sur panneau\"}]},{\"@type\":\"WebSite\",\"@id\":\"https:\\\/\\\/www.amstelprinting.nl\\\/fr\\\/#website\",\"url\":\"https:\\\/\\\/www.amstelprinting.nl\\\/fr\\\/\",\"name\":\"Amstel Printing\",\"description\":\"Creating Exposure\",\"publisher\":{\"@id\":\"https:\\\/\\\/www.amstelprinting.nl\\\/fr\\\/#organization\"},\"potentialAction\":[{\"@type\":\"SearchAction\",\"target\":{\"@type\":\"EntryPoint\",\"urlTemplate\":\"https:\\\/\\\/www.amstelprinting.nl\\\/fr\\\/?s={search_term_string}\"},\"query-input\":{\"@type\":\"PropertyValueSpecification\",\"valueRequired\":true,\"valueName\":\"search_term_string\"}}],\"inLanguage\":\"fr-FR\"},{\"@type\":\"Organization\",\"@id\":\"https:\\\/\\\/www.amstelprinting.nl\\\/fr\\\/#organization\",\"name\":\"Amstel Printing\",\"url\":\"https:\\\/\\\/www.amstelprinting.nl\\\/fr\\\/\",\"logo\":{\"@type\":\"ImageObject\",\"inLanguage\":\"fr-FR\",\"@id\":\"https:\\\/\\\/www.amstelprinting.nl\\\/fr\\\/#\\\/schema\\\/logo\\\/image\\\/\",\"url\":\"https:\\\/\\\/www.amstelprinting.nl\\\/wp-content\\\/uploads\\\/amstel_printing_logo_clean.png\",\"contentUrl\":\"https:\\\/\\\/www.amstelprinting.nl\\\/wp-content\\\/uploads\\\/amstel_printing_logo_clean.png\",\"width\":324,\"height\":73,\"caption\":\"Amstel Printing\"},\"image\":{\"@id\":\"https:\\\/\\\/www.amstelprinting.nl\\\/fr\\\/#\\\/schema\\\/logo\\\/image\\\/\"}}]}<\/script>\n<!-- \/ Yoast SEO plugin. -->","yoast_head_json":{"title":"Photo sur panneau | Amstel Printing","robots":{"index":"index","follow":"follow","max-snippet":"max-snippet:-1","max-image-preview":"max-image-preview:large","max-video-preview":"max-video-preview:-1"},"canonical":"https:\/\/www.amstelprinting.nl\/fr\/boutique\/interieur-2\/produits-photo\/photo-sur-panneau\/","og_locale":"fr_FR","og_type":"article","og_title":"Photo sur panneau | Amstel Printing","og_description":"Donnez vie \u00e0 votre photo. Des impressions d'une nettet\u00e9 exceptionnelle pour le mur. Donnez vie \u00e0 vos photos pr\u00e9f\u00e9r\u00e9es avec nos panneaux photo de haute qualit\u00e9. Id\u00e9al tant pour la maison que pour le bureau. Les panneaux photo offrent un moyen \u00e9l\u00e9gant et durable de pr\u00e9senter vos souvenirs ou vos \u0153uvres d'art. Choisissez parmi divers mat\u00e9riaux et finitions pour cr\u00e9er le look parfait pour votre espace. Souvent livr\u00e9 sous 1 jour.","og_url":"https:\/\/www.amstelprinting.nl\/fr\/boutique\/interieur-2\/produits-photo\/photo-sur-panneau\/","og_site_name":"Amstel Printing","article_modified_time":"2026-02-18T11:51:47+00:00","og_image":[{"width":700,"height":700,"url":"https:\/\/www.amstelprinting.nl\/wp-content\/uploads\/Foto-op-paneel2.jpg","type":"image\/jpeg"}],"twitter_card":"summary_large_image","twitter_misc":{"Dur\u00e9e de lecture estim\u00e9e":"3 minutes"},"schema":{"@context":"https:\/\/schema.org","@graph":[{"@type":"WebPage","@id":"https:\/\/www.amstelprinting.nl\/fr\/boutique\/interieur-2\/produits-photo\/photo-sur-panneau\/","url":"https:\/\/www.amstelprinting.nl\/fr\/boutique\/interieur-2\/produits-photo\/photo-sur-panneau\/","name":"Photo sur panneau | Amstel Printing","isPartOf":{"@id":"https:\/\/www.amstelprinting.nl\/fr\/#website"},"primaryImageOfPage":{"@id":"https:\/\/www.amstelprinting.nl\/fr\/boutique\/interieur-2\/produits-photo\/photo-sur-panneau\/#primaryimage"},"image":{"@id":"https:\/\/www.amstelprinting.nl\/fr\/boutique\/interieur-2\/produits-photo\/photo-sur-panneau\/#primaryimage"},"thumbnailUrl":"https:\/\/www.amstelprinting.nl\/wp-content\/uploads\/Foto-op-paneel2.jpg","datePublished":"2025-01-23T20:02:08+00:00","dateModified":"2026-02-18T11:51:47+00:00","breadcrumb":{"@id":"https:\/\/www.amstelprinting.nl\/fr\/boutique\/interieur-2\/produits-photo\/photo-sur-panneau\/#breadcrumb"},"inLanguage":"fr-FR","potentialAction":[{"@type":"ReadAction","target":["https:\/\/www.amstelprinting.nl\/fr\/boutique\/interieur-2\/produits-photo\/photo-sur-panneau\/"]}]},{"@type":"ImageObject","inLanguage":"fr-FR","@id":"https:\/\/www.amstelprinting.nl\/fr\/boutique\/interieur-2\/produits-photo\/photo-sur-panneau\/#primaryimage","url":"https:\/\/www.amstelprinting.nl\/wp-content\/uploads\/Foto-op-paneel2.jpg","contentUrl":"https:\/\/www.amstelprinting.nl\/wp-content\/uploads\/Foto-op-paneel2.jpg","width":700,"height":700},{"@type":"BreadcrumbList","@id":"https:\/\/www.amstelprinting.nl\/fr\/boutique\/interieur-2\/produits-photo\/photo-sur-panneau\/#breadcrumb","itemListElement":[{"@type":"ListItem","position":1,"name":"","item":"https:\/\/www.amstelprinting.nl\/fr\/"},{"@type":"ListItem","position":2,"name":"Amstel Printing","item":"https:\/\/www.amstelprinting.nl\/fr\/boutique\/"},{"@type":"ListItem","position":3,"name":"Int\u00e9rieur","item":"https:\/\/www.amstelprinting.nl\/fr\/categorie\/interieur-2\/"},{"@type":"ListItem","position":4,"name":"Produits photo","item":"https:\/\/www.amstelprinting.nl\/fr\/categorie\/interieur-2\/produits-photo\/"},{"@type":"ListItem","position":5,"name":"Photo sur panneau"}]},{"@type":"WebSite","@id":"https:\/\/www.amstelprinting.nl\/fr\/#website","url":"https:\/\/www.amstelprinting.nl\/fr\/","name":"Amstel Printing","description":"Creating Exposure","publisher":{"@id":"https:\/\/www.amstelprinting.nl\/fr\/#organization"},"potentialAction":[{"@type":"SearchAction","target":{"@type":"EntryPoint","urlTemplate":"https:\/\/www.amstelprinting.nl\/fr\/?s={search_term_string}"},"query-input":{"@type":"PropertyValueSpecification","valueRequired":true,"valueName":"search_term_string"}}],"inLanguage":"fr-FR"},{"@type":"Organization","@id":"https:\/\/www.amstelprinting.nl\/fr\/#organization","name":"Amstel Printing","url":"https:\/\/www.amstelprinting.nl\/fr\/","logo":{"@type":"ImageObject","inLanguage":"fr-FR","@id":"https:\/\/www.amstelprinting.nl\/fr\/#\/schema\/logo\/image\/","url":"https:\/\/www.amstelprinting.nl\/wp-content\/uploads\/amstel_printing_logo_clean.png","contentUrl":"https:\/\/www.amstelprinting.nl\/wp-content\/uploads\/amstel_printing_logo_clean.png","width":324,"height":73,"caption":"Amstel Printing"},"image":{"@id":"https:\/\/www.amstelprinting.nl\/fr\/#\/schema\/logo\/image\/"}}]}},"_links":{"self":[{"href":"https:\/\/www.amstelprinting.nl\/fr\/wp-json\/wp\/v2\/product\/15388","targetHints":{"allow":["GET"]}}],"collection":[{"href":"https:\/\/www.amstelprinting.nl\/fr\/wp-json\/wp\/v2\/product"}],"about":[{"href":"https:\/\/www.amstelprinting.nl\/fr\/wp-json\/wp\/v2\/types\/product"}],"wp:featuredmedia":[{"embeddable":true,"href":"https:\/\/www.amstelprinting.nl\/fr\/wp-json\/wp\/v2\/media\/15390"}],"wp:attachment":[{"href":"https:\/\/www.amstelprinting.nl\/fr\/wp-json\/wp\/v2\/media?parent=15388"}],"wp:term":[{"taxonomy":"product_brand","embeddable":true,"href":"https:\/\/www.amstelprinting.nl\/fr\/wp-json\/wp\/v2\/product_brand?post=15388"},{"taxonomy":"product_cat","embeddable":true,"href":"https:\/\/www.amstelprinting.nl\/fr\/wp-json\/wp\/v2\/product_cat?post=15388"},{"taxonomy":"product_tag","embeddable":true,"href":"https:\/\/www.amstelprinting.nl\/fr\/wp-json\/wp\/v2\/product_tag?post=15388"}],"curies":[{"name":"wp","href":"https:\/\/api.w.org\/{rel}","templated":true}]}}