{"id":15413,"date":"2025-01-23T21:01:41","date_gmt":"2025-01-23T20:01:41","guid":{"rendered":"https:\/\/www.amstelprinting.nl\/winkel\/non%20class\u00e9\/paneel-met-baklijst\/"},"modified":"2026-02-18T12:51:48","modified_gmt":"2026-02-18T11:51:48","slug":"panneau-avec-cadre-caisse-americaine","status":"publish","type":"product","link":"https:\/\/www.amstelprinting.nl\/fr\/boutique\/interieur-2\/produits-photo\/panneau-avec-cadre-caisse-americaine\/","title":{"rendered":"Panneau avec cadre caisse am\u00e9ricaine"},"content":{"rendered":"<h3>Commander un panneau avec cadre caisse am\u00e9ricaine<\/h3>\n<p>Qu&rsquo;il s&rsquo;agisse d&rsquo;un int\u00e9rieur moderne ou d&rsquo;un cadre classique, les panneaux avec cadre caisse am\u00e9ricaine s&rsquo;int\u00e8grent parfaitement dans n&rsquo;importe quel environnement. Optez pour la qualit\u00e9 et l&rsquo;\u00e9l\u00e9gance avec nos panneaux avec cadre caisse am\u00e9ricaine enti\u00e8rement mont\u00e9s et profitez imm\u00e9diatement d&rsquo;une pr\u00e9sentation impressionnante et professionnelle. Commandez d\u00e8s aujourd&rsquo;hui et transformez votre espace avec une \u0153uvre d&rsquo;art \u00e0 la fois \u00e9l\u00e9gante et durable.<\/p>\n<h3>Avantages<\/h3>\n<ul>\n<li>Livraison ultra-rapide<\/li>\n<li>Livr\u00e9 enti\u00e8rement mont\u00e9<\/li>\n<li>T\u00e9l\u00e9chargez votre propre design ou image<\/li>\n<li>Cadre caisse am\u00e9ricaine en bois noir avec structure de grain de bois visible<\/li>\n<li>Choix entre diff\u00e9rents formats et mat\u00e9riaux<\/li>\n<\/ul>\n<p>&nbsp;<\/p>\n<h3>Formats et mat\u00e9riaux<\/h3>\n<p>Le cadre caisse am\u00e9ricaine, \u00e9galement appel\u00e9 cadre pour panneau, est fabriqu\u00e9 en bois noir avec une structure de grain de bois visible. Choisissez parmi cinq formats diff\u00e9rents : 40 x 60 cm, 50 x 70 cm, 60 x 90 cm, 75 x 100 cm et 100 x 150 cm. Les panneaux sont disponibles en quatre mat\u00e9riaux.<br \/>\n&nbsp;<\/p>\n<ul>\n<li><strong>Dibond\u00ae Premium 3 mm<\/strong> : Ce panneau sandwich en aluminium de qualit\u00e9 sup\u00e9rieure poss\u00e8de un noyau noir et convient \u00e0 une utilisation int\u00e9rieure et ext\u00e9rieure. Vous avez la possibilit\u00e9 de finir ce panneau avec un rev\u00eatement mat ou brillant.<\/li>\n<li><strong>Dibond\u00ae Budget 3 mm<\/strong> : Une option \u00e9conomique du m\u00eame panneau sandwich en aluminium avec un noyau noir, adapt\u00e9e \u00e0 une utilisation int\u00e9rieure et ext\u00e9rieure, munie d&rsquo;un certificat d&rsquo;ignifugation.<\/li>\n<li><strong>Dibond\u00ae Butler Finish<\/strong> : Ce panneau offre un aspect acier inoxydable bross\u00e9 avec un noyau noir et convient \u00e0 une utilisation int\u00e9rieure et ext\u00e9rieure. Il poss\u00e8de en outre un certificat B1 de s\u00e9curit\u00e9 incendie.<\/li>\n<li><strong>Plexiglas Transparent<\/strong> : Un mat\u00e9riau transparent au look moderne, adapt\u00e9 \u00e0 une utilisation int\u00e9rieure et ext\u00e9rieure. Attention, le plexiglas est sensible aux rayures mais offre une clart\u00e9 et un style exceptionnels.<\/li>\n<\/ul>\n","protected":false},"excerpt":{"rendered":"<h3>Optez pour un look luxueux. Donnez vie \u00e0 votre photo ou \u00e0 votre design !<\/h3>\n<p>D\u00e9couvrez le moyen id\u00e9al de mettre en valeur vos images et \u0153uvres d&rsquo;art pr\u00e9f\u00e9r\u00e9es avec nos panneaux avec cadre caisse am\u00e9ricaine (cadre pour panneau). Disponible en diff\u00e9rents formats et options de mat\u00e9riaux. Le panneau avec cadre caisse am\u00e9ricaine est disponible en cinq tailles standard et est livr\u00e9 enti\u00e8rement mont\u00e9.<\/p>\n","protected":false},"featured_media":15415,"template":"","meta":{"_et_pb_use_builder":"","_et_pb_old_content":"","_et_gb_content_width":""},"product_brand":[],"product_cat":[542,560],"product_tag":[],"class_list":{"0":"post-15413","1":"product","2":"type-product","3":"status-publish","4":"has-post-thumbnail","6":"product_cat-interieur-2","7":"product_cat-produits-photo","9":"first","10":"instock","11":"taxable","12":"shipping-taxable","13":"purchasable","14":"product-type-simple"},"yoast_head":"<!-- This site is optimized with the Yoast SEO plugin v27.3 - https:\/\/yoast.com\/product\/yoast-seo-wordpress\/ -->\n<title>Panneau avec cadre caisse am\u00e9ricaine | Amstel Printing<\/title>\n<meta name=\"robots\" content=\"index, follow, max-snippet:-1, max-image-preview:large, max-video-preview:-1\" \/>\n<link rel=\"canonical\" href=\"https:\/\/www.amstelprinting.nl\/fr\/boutique\/interieur-2\/produits-photo\/panneau-avec-cadre-caisse-americaine\/\" \/>\n<meta property=\"og:locale\" content=\"fr_FR\" \/>\n<meta property=\"og:type\" content=\"article\" \/>\n<meta property=\"og:title\" content=\"Panneau avec cadre caisse am\u00e9ricaine | Amstel Printing\" \/>\n<meta property=\"og:description\" content=\"Optez pour un look luxueux. Donnez vie \u00e0 votre photo ou \u00e0 votre design ! D\u00e9couvrez le moyen id\u00e9al de mettre en valeur vos images et \u0153uvres d&#039;art pr\u00e9f\u00e9r\u00e9es avec nos panneaux avec cadre caisse am\u00e9ricaine (cadre pour panneau). Disponible en diff\u00e9rents formats et options de mat\u00e9riaux. Le panneau avec cadre caisse am\u00e9ricaine est disponible en cinq tailles standard et est livr\u00e9 enti\u00e8rement mont\u00e9.\" \/>\n<meta property=\"og:url\" content=\"https:\/\/www.amstelprinting.nl\/fr\/boutique\/interieur-2\/produits-photo\/panneau-avec-cadre-caisse-americaine\/\" \/>\n<meta property=\"og:site_name\" content=\"Amstel Printing\" \/>\n<meta property=\"article:modified_time\" content=\"2026-02-18T11:51:48+00:00\" \/>\n<meta property=\"og:image\" content=\"https:\/\/www.amstelprinting.nl\/wp-content\/uploads\/Paneel-met-baklijst2.jpg\" \/>\n\t<meta property=\"og:image:width\" content=\"700\" \/>\n\t<meta property=\"og:image:height\" content=\"700\" \/>\n\t<meta property=\"og:image:type\" content=\"image\/jpeg\" \/>\n<meta name=\"twitter:card\" content=\"summary_large_image\" \/>\n<meta name=\"twitter:label1\" content=\"Dur\u00e9e de lecture estim\u00e9e\" \/>\n\t<meta name=\"twitter:data1\" content=\"2 minutes\" \/>\n<script type=\"application\/ld+json\" class=\"yoast-schema-graph\">{\"@context\":\"https:\\\/\\\/schema.org\",\"@graph\":[{\"@type\":\"WebPage\",\"@id\":\"https:\\\/\\\/www.amstelprinting.nl\\\/fr\\\/boutique\\\/interieur-2\\\/produits-photo\\\/panneau-avec-cadre-caisse-americaine\\\/\",\"url\":\"https:\\\/\\\/www.amstelprinting.nl\\\/fr\\\/boutique\\\/interieur-2\\\/produits-photo\\\/panneau-avec-cadre-caisse-americaine\\\/\",\"name\":\"Panneau avec cadre caisse am\u00e9ricaine | Amstel Printing\",\"isPartOf\":{\"@id\":\"https:\\\/\\\/www.amstelprinting.nl\\\/fr\\\/#website\"},\"primaryImageOfPage\":{\"@id\":\"https:\\\/\\\/www.amstelprinting.nl\\\/fr\\\/boutique\\\/interieur-2\\\/produits-photo\\\/panneau-avec-cadre-caisse-americaine\\\/#primaryimage\"},\"image\":{\"@id\":\"https:\\\/\\\/www.amstelprinting.nl\\\/fr\\\/boutique\\\/interieur-2\\\/produits-photo\\\/panneau-avec-cadre-caisse-americaine\\\/#primaryimage\"},\"thumbnailUrl\":\"https:\\\/\\\/www.amstelprinting.nl\\\/wp-content\\\/uploads\\\/Paneel-met-baklijst2.jpg\",\"datePublished\":\"2025-01-23T20:01:41+00:00\",\"dateModified\":\"2026-02-18T11:51:48+00:00\",\"breadcrumb\":{\"@id\":\"https:\\\/\\\/www.amstelprinting.nl\\\/fr\\\/boutique\\\/interieur-2\\\/produits-photo\\\/panneau-avec-cadre-caisse-americaine\\\/#breadcrumb\"},\"inLanguage\":\"fr-FR\",\"potentialAction\":[{\"@type\":\"ReadAction\",\"target\":[\"https:\\\/\\\/www.amstelprinting.nl\\\/fr\\\/boutique\\\/interieur-2\\\/produits-photo\\\/panneau-avec-cadre-caisse-americaine\\\/\"]}]},{\"@type\":\"ImageObject\",\"inLanguage\":\"fr-FR\",\"@id\":\"https:\\\/\\\/www.amstelprinting.nl\\\/fr\\\/boutique\\\/interieur-2\\\/produits-photo\\\/panneau-avec-cadre-caisse-americaine\\\/#primaryimage\",\"url\":\"https:\\\/\\\/www.amstelprinting.nl\\\/wp-content\\\/uploads\\\/Paneel-met-baklijst2.jpg\",\"contentUrl\":\"https:\\\/\\\/www.amstelprinting.nl\\\/wp-content\\\/uploads\\\/Paneel-met-baklijst2.jpg\",\"width\":700,\"height\":700},{\"@type\":\"BreadcrumbList\",\"@id\":\"https:\\\/\\\/www.amstelprinting.nl\\\/fr\\\/boutique\\\/interieur-2\\\/produits-photo\\\/panneau-avec-cadre-caisse-americaine\\\/#breadcrumb\",\"itemListElement\":[{\"@type\":\"ListItem\",\"position\":1,\"name\":\"\",\"item\":\"https:\\\/\\\/www.amstelprinting.nl\\\/fr\\\/\"},{\"@type\":\"ListItem\",\"position\":2,\"name\":\"Amstel Printing\",\"item\":\"https:\\\/\\\/www.amstelprinting.nl\\\/fr\\\/boutique\\\/\"},{\"@type\":\"ListItem\",\"position\":3,\"name\":\"Int\u00e9rieur\",\"item\":\"https:\\\/\\\/www.amstelprinting.nl\\\/fr\\\/categorie\\\/interieur-2\\\/\"},{\"@type\":\"ListItem\",\"position\":4,\"name\":\"Produits photo\",\"item\":\"https:\\\/\\\/www.amstelprinting.nl\\\/fr\\\/categorie\\\/interieur-2\\\/produits-photo\\\/\"},{\"@type\":\"ListItem\",\"position\":5,\"name\":\"Panneau avec cadre caisse am\u00e9ricaine\"}]},{\"@type\":\"WebSite\",\"@id\":\"https:\\\/\\\/www.amstelprinting.nl\\\/fr\\\/#website\",\"url\":\"https:\\\/\\\/www.amstelprinting.nl\\\/fr\\\/\",\"name\":\"Amstel Printing\",\"description\":\"Creating Exposure\",\"publisher\":{\"@id\":\"https:\\\/\\\/www.amstelprinting.nl\\\/fr\\\/#organization\"},\"potentialAction\":[{\"@type\":\"SearchAction\",\"target\":{\"@type\":\"EntryPoint\",\"urlTemplate\":\"https:\\\/\\\/www.amstelprinting.nl\\\/fr\\\/?s={search_term_string}\"},\"query-input\":{\"@type\":\"PropertyValueSpecification\",\"valueRequired\":true,\"valueName\":\"search_term_string\"}}],\"inLanguage\":\"fr-FR\"},{\"@type\":\"Organization\",\"@id\":\"https:\\\/\\\/www.amstelprinting.nl\\\/fr\\\/#organization\",\"name\":\"Amstel Printing\",\"url\":\"https:\\\/\\\/www.amstelprinting.nl\\\/fr\\\/\",\"logo\":{\"@type\":\"ImageObject\",\"inLanguage\":\"fr-FR\",\"@id\":\"https:\\\/\\\/www.amstelprinting.nl\\\/fr\\\/#\\\/schema\\\/logo\\\/image\\\/\",\"url\":\"https:\\\/\\\/www.amstelprinting.nl\\\/wp-content\\\/uploads\\\/amstel_printing_logo_clean.png\",\"contentUrl\":\"https:\\\/\\\/www.amstelprinting.nl\\\/wp-content\\\/uploads\\\/amstel_printing_logo_clean.png\",\"width\":324,\"height\":73,\"caption\":\"Amstel Printing\"},\"image\":{\"@id\":\"https:\\\/\\\/www.amstelprinting.nl\\\/fr\\\/#\\\/schema\\\/logo\\\/image\\\/\"}}]}<\/script>\n<!-- \/ Yoast SEO plugin. -->","yoast_head_json":{"title":"Panneau avec cadre caisse am\u00e9ricaine | Amstel Printing","robots":{"index":"index","follow":"follow","max-snippet":"max-snippet:-1","max-image-preview":"max-image-preview:large","max-video-preview":"max-video-preview:-1"},"canonical":"https:\/\/www.amstelprinting.nl\/fr\/boutique\/interieur-2\/produits-photo\/panneau-avec-cadre-caisse-americaine\/","og_locale":"fr_FR","og_type":"article","og_title":"Panneau avec cadre caisse am\u00e9ricaine | Amstel Printing","og_description":"Optez pour un look luxueux. Donnez vie \u00e0 votre photo ou \u00e0 votre design ! D\u00e9couvrez le moyen id\u00e9al de mettre en valeur vos images et \u0153uvres d'art pr\u00e9f\u00e9r\u00e9es avec nos panneaux avec cadre caisse am\u00e9ricaine (cadre pour panneau). Disponible en diff\u00e9rents formats et options de mat\u00e9riaux. Le panneau avec cadre caisse am\u00e9ricaine est disponible en cinq tailles standard et est livr\u00e9 enti\u00e8rement mont\u00e9.","og_url":"https:\/\/www.amstelprinting.nl\/fr\/boutique\/interieur-2\/produits-photo\/panneau-avec-cadre-caisse-americaine\/","og_site_name":"Amstel Printing","article_modified_time":"2026-02-18T11:51:48+00:00","og_image":[{"width":700,"height":700,"url":"https:\/\/www.amstelprinting.nl\/wp-content\/uploads\/Paneel-met-baklijst2.jpg","type":"image\/jpeg"}],"twitter_card":"summary_large_image","twitter_misc":{"Dur\u00e9e de lecture estim\u00e9e":"2 minutes"},"schema":{"@context":"https:\/\/schema.org","@graph":[{"@type":"WebPage","@id":"https:\/\/www.amstelprinting.nl\/fr\/boutique\/interieur-2\/produits-photo\/panneau-avec-cadre-caisse-americaine\/","url":"https:\/\/www.amstelprinting.nl\/fr\/boutique\/interieur-2\/produits-photo\/panneau-avec-cadre-caisse-americaine\/","name":"Panneau avec cadre caisse am\u00e9ricaine | Amstel Printing","isPartOf":{"@id":"https:\/\/www.amstelprinting.nl\/fr\/#website"},"primaryImageOfPage":{"@id":"https:\/\/www.amstelprinting.nl\/fr\/boutique\/interieur-2\/produits-photo\/panneau-avec-cadre-caisse-americaine\/#primaryimage"},"image":{"@id":"https:\/\/www.amstelprinting.nl\/fr\/boutique\/interieur-2\/produits-photo\/panneau-avec-cadre-caisse-americaine\/#primaryimage"},"thumbnailUrl":"https:\/\/www.amstelprinting.nl\/wp-content\/uploads\/Paneel-met-baklijst2.jpg","datePublished":"2025-01-23T20:01:41+00:00","dateModified":"2026-02-18T11:51:48+00:00","breadcrumb":{"@id":"https:\/\/www.amstelprinting.nl\/fr\/boutique\/interieur-2\/produits-photo\/panneau-avec-cadre-caisse-americaine\/#breadcrumb"},"inLanguage":"fr-FR","potentialAction":[{"@type":"ReadAction","target":["https:\/\/www.amstelprinting.nl\/fr\/boutique\/interieur-2\/produits-photo\/panneau-avec-cadre-caisse-americaine\/"]}]},{"@type":"ImageObject","inLanguage":"fr-FR","@id":"https:\/\/www.amstelprinting.nl\/fr\/boutique\/interieur-2\/produits-photo\/panneau-avec-cadre-caisse-americaine\/#primaryimage","url":"https:\/\/www.amstelprinting.nl\/wp-content\/uploads\/Paneel-met-baklijst2.jpg","contentUrl":"https:\/\/www.amstelprinting.nl\/wp-content\/uploads\/Paneel-met-baklijst2.jpg","width":700,"height":700},{"@type":"BreadcrumbList","@id":"https:\/\/www.amstelprinting.nl\/fr\/boutique\/interieur-2\/produits-photo\/panneau-avec-cadre-caisse-americaine\/#breadcrumb","itemListElement":[{"@type":"ListItem","position":1,"name":"","item":"https:\/\/www.amstelprinting.nl\/fr\/"},{"@type":"ListItem","position":2,"name":"Amstel Printing","item":"https:\/\/www.amstelprinting.nl\/fr\/boutique\/"},{"@type":"ListItem","position":3,"name":"Int\u00e9rieur","item":"https:\/\/www.amstelprinting.nl\/fr\/categorie\/interieur-2\/"},{"@type":"ListItem","position":4,"name":"Produits photo","item":"https:\/\/www.amstelprinting.nl\/fr\/categorie\/interieur-2\/produits-photo\/"},{"@type":"ListItem","position":5,"name":"Panneau avec cadre caisse am\u00e9ricaine"}]},{"@type":"WebSite","@id":"https:\/\/www.amstelprinting.nl\/fr\/#website","url":"https:\/\/www.amstelprinting.nl\/fr\/","name":"Amstel Printing","description":"Creating Exposure","publisher":{"@id":"https:\/\/www.amstelprinting.nl\/fr\/#organization"},"potentialAction":[{"@type":"SearchAction","target":{"@type":"EntryPoint","urlTemplate":"https:\/\/www.amstelprinting.nl\/fr\/?s={search_term_string}"},"query-input":{"@type":"PropertyValueSpecification","valueRequired":true,"valueName":"search_term_string"}}],"inLanguage":"fr-FR"},{"@type":"Organization","@id":"https:\/\/www.amstelprinting.nl\/fr\/#organization","name":"Amstel Printing","url":"https:\/\/www.amstelprinting.nl\/fr\/","logo":{"@type":"ImageObject","inLanguage":"fr-FR","@id":"https:\/\/www.amstelprinting.nl\/fr\/#\/schema\/logo\/image\/","url":"https:\/\/www.amstelprinting.nl\/wp-content\/uploads\/amstel_printing_logo_clean.png","contentUrl":"https:\/\/www.amstelprinting.nl\/wp-content\/uploads\/amstel_printing_logo_clean.png","width":324,"height":73,"caption":"Amstel Printing"},"image":{"@id":"https:\/\/www.amstelprinting.nl\/fr\/#\/schema\/logo\/image\/"}}]}},"_links":{"self":[{"href":"https:\/\/www.amstelprinting.nl\/fr\/wp-json\/wp\/v2\/product\/15413","targetHints":{"allow":["GET"]}}],"collection":[{"href":"https:\/\/www.amstelprinting.nl\/fr\/wp-json\/wp\/v2\/product"}],"about":[{"href":"https:\/\/www.amstelprinting.nl\/fr\/wp-json\/wp\/v2\/types\/product"}],"wp:featuredmedia":[{"embeddable":true,"href":"https:\/\/www.amstelprinting.nl\/fr\/wp-json\/wp\/v2\/media\/15415"}],"wp:attachment":[{"href":"https:\/\/www.amstelprinting.nl\/fr\/wp-json\/wp\/v2\/media?parent=15413"}],"wp:term":[{"taxonomy":"product_brand","embeddable":true,"href":"https:\/\/www.amstelprinting.nl\/fr\/wp-json\/wp\/v2\/product_brand?post=15413"},{"taxonomy":"product_cat","embeddable":true,"href":"https:\/\/www.amstelprinting.nl\/fr\/wp-json\/wp\/v2\/product_cat?post=15413"},{"taxonomy":"product_tag","embeddable":true,"href":"https:\/\/www.amstelprinting.nl\/fr\/wp-json\/wp\/v2\/product_tag?post=15413"}],"curies":[{"name":"wp","href":"https:\/\/api.w.org\/{rel}","templated":true}]}}