{"id":15427,"date":"2025-01-23T20:49:04","date_gmt":"2025-01-23T19:49:04","guid":{"rendered":"https:\/\/www.amstelprinting.nl\/winkel\/non%20class\u00e9\/canvas-met-baklijst\/"},"modified":"2026-02-18T12:51:48","modified_gmt":"2026-02-18T11:51:48","slug":"toile-avec-caisse-americaine","status":"publish","type":"product","link":"https:\/\/www.amstelprinting.nl\/fr\/boutique\/interieur-2\/produits-photo\/toile-avec-caisse-americaine\/","title":{"rendered":"Toile avec caisse am\u00e9ricaine"},"content":{"rendered":"<h3>Avantages<\/h3>\n<ul>\n<li>Caisse am\u00e9ricaine en bois noir avec structure de grain de bois visible<\/li>\n<li>Choix entre diff\u00e9rents formats et mat\u00e9riaux<\/li>\n<li>Livr\u00e9 enti\u00e8rement assembl\u00e9<\/li>\n<li>Le large bord du cadre assure un aspect luxueux<\/li>\n<\/ul>\n<p>&nbsp;<\/p>\n<h3>Formats et mat\u00e9riel<\/h3>\n<p>La caisse am\u00e9ricaine est disponible en noir \u00e9l\u00e9gant avec une structure de grain de bois visible, et offre un choix de plusieurs formats :<\/p>\n<ul>\n<li>40 x 60 cm<\/li>\n<li>50 x 70 cm<\/li>\n<li>60 x 90 cm<\/li>\n<li>100 x 75 cm et ;<\/li>\n<li>100 x 150 cm.<\/li>\n<\/ul>\n<p>&nbsp;<\/p>\n<h3>Impression sur toile<\/h3>\n<p>La toile est imprim\u00e9e sur une toile robuste de 300 g\/m\u00b2, r\u00e9put\u00e9e pour sa structure fine et sa grande durabilit\u00e9. Fabriqu\u00e9e \u00e0 100 % en coton, ce mat\u00e9riau offre un aspect naturel et luxueux, parfait pour mettre en valeur vos \u0153uvres d&rsquo;art. La qualit\u00e9 exceptionnelle garantit que vos images restent vives et nettes, avec des couleurs riches qui durent longtemps.<\/p>\n<h3>Accrocher une toile avec caisse am\u00e9ricaine<\/h3>\n<p>La fixation du ch\u00e2ssis de la toile au mur se fait sans effort, notamment gr\u00e2ce au manuel de montage clair disponible dans les t\u00e9l\u00e9chargements. Chaque caisse am\u00e9ricaine est soigneusement fabriqu\u00e9e pour mettre en valeur vos \u0153uvres d&rsquo;art avec un aspect raffin\u00e9. Choisissez d\u00e8s aujourd&rsquo;hui parmi nos diff\u00e9rents formats et profitez d&rsquo;impressions de haute qualit\u00e9 qui durent des ann\u00e9es.<\/p>\n","protected":false},"excerpt":{"rendered":"<p>Ajoutez une touche de raffinement \u00e0 n&rsquo;importe quel espace avec notre toile avec caisse am\u00e9ricaine. L&rsquo;association de mat\u00e9riaux de haute qualit\u00e9 et d&rsquo;un savoir-faire artisanal assure une pr\u00e9sentation visuellement attrayante qui mettra vos \u0153uvres d&rsquo;art en valeur. Notre toile avec caisse am\u00e9ricaine est imprim\u00e9e avec soin et tendue \u00e0 la machine, de sorte qu&rsquo;elle est pr\u00eate \u00e0 \u00eatre accroch\u00e9e imm\u00e9diatement.<\/p>\n","protected":false},"featured_media":15428,"template":"","meta":{"_et_pb_use_builder":"","_et_pb_old_content":"","_et_gb_content_width":""},"product_brand":[],"product_cat":[542,560],"product_tag":[],"class_list":{"0":"post-15427","1":"product","2":"type-product","3":"status-publish","4":"has-post-thumbnail","6":"product_cat-interieur-2","7":"product_cat-produits-photo","9":"first","10":"instock","11":"taxable","12":"shipping-taxable","13":"purchasable","14":"product-type-simple"},"yoast_head":"<!-- This site is optimized with the Yoast SEO plugin v27.3 - https:\/\/yoast.com\/product\/yoast-seo-wordpress\/ -->\n<title>Toile avec caisse am\u00e9ricaine | Amstel Printing<\/title>\n<meta name=\"robots\" content=\"index, follow, max-snippet:-1, max-image-preview:large, max-video-preview:-1\" \/>\n<link rel=\"canonical\" href=\"https:\/\/www.amstelprinting.nl\/fr\/boutique\/interieur-2\/produits-photo\/toile-avec-caisse-americaine\/\" \/>\n<meta property=\"og:locale\" content=\"fr_FR\" \/>\n<meta property=\"og:type\" content=\"article\" \/>\n<meta property=\"og:title\" content=\"Toile avec caisse am\u00e9ricaine | Amstel Printing\" \/>\n<meta property=\"og:description\" content=\"Ajoutez une touche de raffinement \u00e0 n&#039;importe quel espace avec notre toile avec caisse am\u00e9ricaine. L&#039;association de mat\u00e9riaux de haute qualit\u00e9 et d&#039;un savoir-faire artisanal assure une pr\u00e9sentation visuellement attrayante qui mettra vos \u0153uvres d&#039;art en valeur. Notre toile avec caisse am\u00e9ricaine est imprim\u00e9e avec soin et tendue \u00e0 la machine, de sorte qu&#039;elle est pr\u00eate \u00e0 \u00eatre accroch\u00e9e imm\u00e9diatement.\" \/>\n<meta property=\"og:url\" content=\"https:\/\/www.amstelprinting.nl\/fr\/boutique\/interieur-2\/produits-photo\/toile-avec-caisse-americaine\/\" \/>\n<meta property=\"og:site_name\" content=\"Amstel Printing\" \/>\n<meta property=\"article:modified_time\" content=\"2026-02-18T11:51:48+00:00\" \/>\n<meta property=\"og:image\" content=\"https:\/\/www.amstelprinting.nl\/wp-content\/uploads\/Canvas-met-baklijst.jpg\" \/>\n\t<meta property=\"og:image:width\" content=\"700\" \/>\n\t<meta property=\"og:image:height\" content=\"700\" \/>\n\t<meta property=\"og:image:type\" content=\"image\/jpeg\" \/>\n<meta name=\"twitter:card\" content=\"summary_large_image\" \/>\n<meta name=\"twitter:label1\" content=\"Dur\u00e9e de lecture estim\u00e9e\" \/>\n\t<meta name=\"twitter:data1\" content=\"1 minute\" \/>\n<script type=\"application\/ld+json\" class=\"yoast-schema-graph\">{\"@context\":\"https:\\\/\\\/schema.org\",\"@graph\":[{\"@type\":\"WebPage\",\"@id\":\"https:\\\/\\\/www.amstelprinting.nl\\\/fr\\\/boutique\\\/interieur-2\\\/produits-photo\\\/toile-avec-caisse-americaine\\\/\",\"url\":\"https:\\\/\\\/www.amstelprinting.nl\\\/fr\\\/boutique\\\/interieur-2\\\/produits-photo\\\/toile-avec-caisse-americaine\\\/\",\"name\":\"Toile avec caisse am\u00e9ricaine | Amstel Printing\",\"isPartOf\":{\"@id\":\"https:\\\/\\\/www.amstelprinting.nl\\\/fr\\\/#website\"},\"primaryImageOfPage\":{\"@id\":\"https:\\\/\\\/www.amstelprinting.nl\\\/fr\\\/boutique\\\/interieur-2\\\/produits-photo\\\/toile-avec-caisse-americaine\\\/#primaryimage\"},\"image\":{\"@id\":\"https:\\\/\\\/www.amstelprinting.nl\\\/fr\\\/boutique\\\/interieur-2\\\/produits-photo\\\/toile-avec-caisse-americaine\\\/#primaryimage\"},\"thumbnailUrl\":\"https:\\\/\\\/www.amstelprinting.nl\\\/wp-content\\\/uploads\\\/Canvas-met-baklijst.jpg\",\"datePublished\":\"2025-01-23T19:49:04+00:00\",\"dateModified\":\"2026-02-18T11:51:48+00:00\",\"breadcrumb\":{\"@id\":\"https:\\\/\\\/www.amstelprinting.nl\\\/fr\\\/boutique\\\/interieur-2\\\/produits-photo\\\/toile-avec-caisse-americaine\\\/#breadcrumb\"},\"inLanguage\":\"fr-FR\",\"potentialAction\":[{\"@type\":\"ReadAction\",\"target\":[\"https:\\\/\\\/www.amstelprinting.nl\\\/fr\\\/boutique\\\/interieur-2\\\/produits-photo\\\/toile-avec-caisse-americaine\\\/\"]}]},{\"@type\":\"ImageObject\",\"inLanguage\":\"fr-FR\",\"@id\":\"https:\\\/\\\/www.amstelprinting.nl\\\/fr\\\/boutique\\\/interieur-2\\\/produits-photo\\\/toile-avec-caisse-americaine\\\/#primaryimage\",\"url\":\"https:\\\/\\\/www.amstelprinting.nl\\\/wp-content\\\/uploads\\\/Canvas-met-baklijst.jpg\",\"contentUrl\":\"https:\\\/\\\/www.amstelprinting.nl\\\/wp-content\\\/uploads\\\/Canvas-met-baklijst.jpg\",\"width\":700,\"height\":700},{\"@type\":\"BreadcrumbList\",\"@id\":\"https:\\\/\\\/www.amstelprinting.nl\\\/fr\\\/boutique\\\/interieur-2\\\/produits-photo\\\/toile-avec-caisse-americaine\\\/#breadcrumb\",\"itemListElement\":[{\"@type\":\"ListItem\",\"position\":1,\"name\":\"\",\"item\":\"https:\\\/\\\/www.amstelprinting.nl\\\/fr\\\/\"},{\"@type\":\"ListItem\",\"position\":2,\"name\":\"Amstel Printing\",\"item\":\"https:\\\/\\\/www.amstelprinting.nl\\\/fr\\\/boutique\\\/\"},{\"@type\":\"ListItem\",\"position\":3,\"name\":\"Int\u00e9rieur\",\"item\":\"https:\\\/\\\/www.amstelprinting.nl\\\/fr\\\/categorie\\\/interieur-2\\\/\"},{\"@type\":\"ListItem\",\"position\":4,\"name\":\"Produits photo\",\"item\":\"https:\\\/\\\/www.amstelprinting.nl\\\/fr\\\/categorie\\\/interieur-2\\\/produits-photo\\\/\"},{\"@type\":\"ListItem\",\"position\":5,\"name\":\"Toile avec caisse am\u00e9ricaine\"}]},{\"@type\":\"WebSite\",\"@id\":\"https:\\\/\\\/www.amstelprinting.nl\\\/fr\\\/#website\",\"url\":\"https:\\\/\\\/www.amstelprinting.nl\\\/fr\\\/\",\"name\":\"Amstel Printing\",\"description\":\"Creating Exposure\",\"publisher\":{\"@id\":\"https:\\\/\\\/www.amstelprinting.nl\\\/fr\\\/#organization\"},\"potentialAction\":[{\"@type\":\"SearchAction\",\"target\":{\"@type\":\"EntryPoint\",\"urlTemplate\":\"https:\\\/\\\/www.amstelprinting.nl\\\/fr\\\/?s={search_term_string}\"},\"query-input\":{\"@type\":\"PropertyValueSpecification\",\"valueRequired\":true,\"valueName\":\"search_term_string\"}}],\"inLanguage\":\"fr-FR\"},{\"@type\":\"Organization\",\"@id\":\"https:\\\/\\\/www.amstelprinting.nl\\\/fr\\\/#organization\",\"name\":\"Amstel Printing\",\"url\":\"https:\\\/\\\/www.amstelprinting.nl\\\/fr\\\/\",\"logo\":{\"@type\":\"ImageObject\",\"inLanguage\":\"fr-FR\",\"@id\":\"https:\\\/\\\/www.amstelprinting.nl\\\/fr\\\/#\\\/schema\\\/logo\\\/image\\\/\",\"url\":\"https:\\\/\\\/www.amstelprinting.nl\\\/wp-content\\\/uploads\\\/amstel_printing_logo_clean.png\",\"contentUrl\":\"https:\\\/\\\/www.amstelprinting.nl\\\/wp-content\\\/uploads\\\/amstel_printing_logo_clean.png\",\"width\":324,\"height\":73,\"caption\":\"Amstel Printing\"},\"image\":{\"@id\":\"https:\\\/\\\/www.amstelprinting.nl\\\/fr\\\/#\\\/schema\\\/logo\\\/image\\\/\"}}]}<\/script>\n<!-- \/ Yoast SEO plugin. -->","yoast_head_json":{"title":"Toile avec caisse am\u00e9ricaine | Amstel Printing","robots":{"index":"index","follow":"follow","max-snippet":"max-snippet:-1","max-image-preview":"max-image-preview:large","max-video-preview":"max-video-preview:-1"},"canonical":"https:\/\/www.amstelprinting.nl\/fr\/boutique\/interieur-2\/produits-photo\/toile-avec-caisse-americaine\/","og_locale":"fr_FR","og_type":"article","og_title":"Toile avec caisse am\u00e9ricaine | Amstel Printing","og_description":"Ajoutez une touche de raffinement \u00e0 n'importe quel espace avec notre toile avec caisse am\u00e9ricaine. L'association de mat\u00e9riaux de haute qualit\u00e9 et d'un savoir-faire artisanal assure une pr\u00e9sentation visuellement attrayante qui mettra vos \u0153uvres d'art en valeur. Notre toile avec caisse am\u00e9ricaine est imprim\u00e9e avec soin et tendue \u00e0 la machine, de sorte qu'elle est pr\u00eate \u00e0 \u00eatre accroch\u00e9e imm\u00e9diatement.","og_url":"https:\/\/www.amstelprinting.nl\/fr\/boutique\/interieur-2\/produits-photo\/toile-avec-caisse-americaine\/","og_site_name":"Amstel Printing","article_modified_time":"2026-02-18T11:51:48+00:00","og_image":[{"width":700,"height":700,"url":"https:\/\/www.amstelprinting.nl\/wp-content\/uploads\/Canvas-met-baklijst.jpg","type":"image\/jpeg"}],"twitter_card":"summary_large_image","twitter_misc":{"Dur\u00e9e de lecture estim\u00e9e":"1 minute"},"schema":{"@context":"https:\/\/schema.org","@graph":[{"@type":"WebPage","@id":"https:\/\/www.amstelprinting.nl\/fr\/boutique\/interieur-2\/produits-photo\/toile-avec-caisse-americaine\/","url":"https:\/\/www.amstelprinting.nl\/fr\/boutique\/interieur-2\/produits-photo\/toile-avec-caisse-americaine\/","name":"Toile avec caisse am\u00e9ricaine | Amstel Printing","isPartOf":{"@id":"https:\/\/www.amstelprinting.nl\/fr\/#website"},"primaryImageOfPage":{"@id":"https:\/\/www.amstelprinting.nl\/fr\/boutique\/interieur-2\/produits-photo\/toile-avec-caisse-americaine\/#primaryimage"},"image":{"@id":"https:\/\/www.amstelprinting.nl\/fr\/boutique\/interieur-2\/produits-photo\/toile-avec-caisse-americaine\/#primaryimage"},"thumbnailUrl":"https:\/\/www.amstelprinting.nl\/wp-content\/uploads\/Canvas-met-baklijst.jpg","datePublished":"2025-01-23T19:49:04+00:00","dateModified":"2026-02-18T11:51:48+00:00","breadcrumb":{"@id":"https:\/\/www.amstelprinting.nl\/fr\/boutique\/interieur-2\/produits-photo\/toile-avec-caisse-americaine\/#breadcrumb"},"inLanguage":"fr-FR","potentialAction":[{"@type":"ReadAction","target":["https:\/\/www.amstelprinting.nl\/fr\/boutique\/interieur-2\/produits-photo\/toile-avec-caisse-americaine\/"]}]},{"@type":"ImageObject","inLanguage":"fr-FR","@id":"https:\/\/www.amstelprinting.nl\/fr\/boutique\/interieur-2\/produits-photo\/toile-avec-caisse-americaine\/#primaryimage","url":"https:\/\/www.amstelprinting.nl\/wp-content\/uploads\/Canvas-met-baklijst.jpg","contentUrl":"https:\/\/www.amstelprinting.nl\/wp-content\/uploads\/Canvas-met-baklijst.jpg","width":700,"height":700},{"@type":"BreadcrumbList","@id":"https:\/\/www.amstelprinting.nl\/fr\/boutique\/interieur-2\/produits-photo\/toile-avec-caisse-americaine\/#breadcrumb","itemListElement":[{"@type":"ListItem","position":1,"name":"","item":"https:\/\/www.amstelprinting.nl\/fr\/"},{"@type":"ListItem","position":2,"name":"Amstel Printing","item":"https:\/\/www.amstelprinting.nl\/fr\/boutique\/"},{"@type":"ListItem","position":3,"name":"Int\u00e9rieur","item":"https:\/\/www.amstelprinting.nl\/fr\/categorie\/interieur-2\/"},{"@type":"ListItem","position":4,"name":"Produits photo","item":"https:\/\/www.amstelprinting.nl\/fr\/categorie\/interieur-2\/produits-photo\/"},{"@type":"ListItem","position":5,"name":"Toile avec caisse am\u00e9ricaine"}]},{"@type":"WebSite","@id":"https:\/\/www.amstelprinting.nl\/fr\/#website","url":"https:\/\/www.amstelprinting.nl\/fr\/","name":"Amstel Printing","description":"Creating Exposure","publisher":{"@id":"https:\/\/www.amstelprinting.nl\/fr\/#organization"},"potentialAction":[{"@type":"SearchAction","target":{"@type":"EntryPoint","urlTemplate":"https:\/\/www.amstelprinting.nl\/fr\/?s={search_term_string}"},"query-input":{"@type":"PropertyValueSpecification","valueRequired":true,"valueName":"search_term_string"}}],"inLanguage":"fr-FR"},{"@type":"Organization","@id":"https:\/\/www.amstelprinting.nl\/fr\/#organization","name":"Amstel Printing","url":"https:\/\/www.amstelprinting.nl\/fr\/","logo":{"@type":"ImageObject","inLanguage":"fr-FR","@id":"https:\/\/www.amstelprinting.nl\/fr\/#\/schema\/logo\/image\/","url":"https:\/\/www.amstelprinting.nl\/wp-content\/uploads\/amstel_printing_logo_clean.png","contentUrl":"https:\/\/www.amstelprinting.nl\/wp-content\/uploads\/amstel_printing_logo_clean.png","width":324,"height":73,"caption":"Amstel Printing"},"image":{"@id":"https:\/\/www.amstelprinting.nl\/fr\/#\/schema\/logo\/image\/"}}]}},"_links":{"self":[{"href":"https:\/\/www.amstelprinting.nl\/fr\/wp-json\/wp\/v2\/product\/15427","targetHints":{"allow":["GET"]}}],"collection":[{"href":"https:\/\/www.amstelprinting.nl\/fr\/wp-json\/wp\/v2\/product"}],"about":[{"href":"https:\/\/www.amstelprinting.nl\/fr\/wp-json\/wp\/v2\/types\/product"}],"wp:featuredmedia":[{"embeddable":true,"href":"https:\/\/www.amstelprinting.nl\/fr\/wp-json\/wp\/v2\/media\/15428"}],"wp:attachment":[{"href":"https:\/\/www.amstelprinting.nl\/fr\/wp-json\/wp\/v2\/media?parent=15427"}],"wp:term":[{"taxonomy":"product_brand","embeddable":true,"href":"https:\/\/www.amstelprinting.nl\/fr\/wp-json\/wp\/v2\/product_brand?post=15427"},{"taxonomy":"product_cat","embeddable":true,"href":"https:\/\/www.amstelprinting.nl\/fr\/wp-json\/wp\/v2\/product_cat?post=15427"},{"taxonomy":"product_tag","embeddable":true,"href":"https:\/\/www.amstelprinting.nl\/fr\/wp-json\/wp\/v2\/product_tag?post=15427"}],"curies":[{"name":"wp","href":"https:\/\/api.w.org\/{rel}","templated":true}]}}