{"id":15438,"date":"2025-01-23T20:48:57","date_gmt":"2025-01-23T19:48:57","guid":{"rendered":"https:\/\/www.amstelprinting.nl\/winkel\/non%20class\u00e9\/foto-op-canvas\/"},"modified":"2026-02-18T12:51:49","modified_gmt":"2026-02-18T11:51:49","slug":"photo-sur-toile","status":"publish","type":"product","link":"https:\/\/www.amstelprinting.nl\/fr\/boutique\/interieur-2\/produits-photo\/photo-sur-toile\/","title":{"rendered":"Photo sur toile"},"content":{"rendered":"<h3>Commander une Photo sur Toile<\/h3>\n<p>Transformez vos photos pr\u00e9f\u00e9r\u00e9es en magnifiques \u0153uvres d&rsquo;art avec notre photo sur toile de haute qualit\u00e9 \u00e0 prix avantageux. Qu&rsquo;il s&rsquo;agisse d&rsquo;un souvenir sp\u00e9cial, d&rsquo;un paysage impressionnant ou d&rsquo;une citation inspirante, nos impressions sur toile offrent le moyen id\u00e9al de donner \u00e0 vos plus beaux moments une place durable. Configurez votre photo sur toile en quelques \u00e9tapes ci-dessous.<\/p>\n<h3>Pourquoi imprimer une photo sur toile ?<\/h3>\n<ul>\n<li>Fabriqu\u00e9 en 100 % coton pour un aspect naturel et luxueux<\/li>\n<li>Extra \u00e9conomique gr\u00e2ce aux 17 formats standards<\/li>\n<li>Facile \u00e0 tendre avec des cales de tension<\/li>\n<li>Livr\u00e9 avec syst\u00e8me d&rsquo;accrochage inclus<\/li>\n<li>Bois provenant de for\u00eats g\u00e9r\u00e9es durablement (labels PEFC et FSC)<\/li>\n<li>Disponible en 17 formats<\/li>\n<li>Livr\u00e9 enti\u00e8rement assembl\u00e9<\/li>\n<\/ul>\n<p>&nbsp;<\/p>\n<h3>Formats et mat\u00e9riaux<\/h3>\n<p>Nous proposons ce produit dans 17 formats fixes. Allant de 20 x 20 cm \u00e0 150 x 100 cm. Vous pouvez choisir entre des orientations carr\u00e9es, portrait ou paysage. Une photo sur toile est imprim\u00e9e sur une toile de 300 gr\/m\u00b2. Cette toile se distingue par sa structure fine et sa grande durabilit\u00e9. La toile est compos\u00e9e \u00e0 100 % de coton, ce qui assure un aspect naturel et luxueux ainsi qu&rsquo;un excellent rendu des couleurs. La qualit\u00e9 de la toile garantit \u00e9galement que vos images restent vives et nettes. Des couleurs riches qui r\u00e9sisteront \u00e0 l&rsquo;\u00e9preuve du temps.<\/p>\n<h3>Finitions<\/h3>\n<p>Chaque photo sur toile est livr\u00e9e enti\u00e8rement assembl\u00e9e. Nous fournissons de s\u00e9rie un syst\u00e8me d&rsquo;accrochage, ce qui rend la pose de votre toile simple et sans souci. Nous tendons m\u00e9caniquement la toile sur un ch\u00e2ssis en bois robuste de 18 mm d&rsquo;\u00e9paisseur, ce qui lui conf\u00e8re un aspect net et \u00e9l\u00e9gant. Ce ch\u00e2ssis apporte non seulement de la stabilit\u00e9, mais facilite \u00e9galement l&rsquo;accrochage de votre toile au mur. Veuillez noter qu&rsquo;un d\u00e9bord de 3 cm est appliqu\u00e9 pour le ch\u00e2ssis. De cette mani\u00e8re, votre image sera toujours parfaitement centr\u00e9e sur la toile.<\/p>\n<p>Donnez vie \u00e0 vos souvenirs et \u00e0 vos images pr\u00e9f\u00e9r\u00e9es avec notre photo sur toile et ajoutez un \u00e9l\u00e9ment artistique \u00e0 n&rsquo;importe quel espace int\u00e9rieur. Commandez votre photo sur toile d\u00e8s aujourd&rsquo;hui et transformez vos souvenirs en art mural intemporel.<\/p>\n<h3>Questions fr\u00e9quemment pos\u00e9es<\/h3>\n<p><strong>Comment utiliser les cales de tension ?<\/strong><br \/>\nLes cales de tension vous permettent de tendre la toile fermement, afin qu&rsquo;aucun pli n&rsquo;apparaisse. Cela garantit une pr\u00e9sentation parfaite de votre image.<\/p>\n<p><strong>Combien d&rsquo;espace suppl\u00e9mentaire faut-il pr\u00e9voir ?<\/strong><br \/>\nPour un ch\u00e2ssis de 18 mm, vous devez tenir compte d&rsquo;un d\u00e9bord de 3 cm. Pour un ch\u00e2ssis de 38 mm, un d\u00e9bord de 4,5 cm s&rsquo;applique. Cela garantit que votre image reste bien centr\u00e9e sur la toile.<\/p>\n<p><strong>Quelle technique de production utilisons-nous pour ce mat\u00e9riau ?<\/strong><br \/>\nNous utilisons la technique d&rsquo;impression UV. Ici, l&rsquo;encre est durcie par une lampe UV, ce qui la rend r\u00e9sistante aux rayures et offre un r\u00e9sultat magnifique. De plus, l&rsquo;encre est r\u00e9sistante aux UV, ce qui signifie que votre impression convient \u00e9galement pour des applications ext\u00e9rieures. Veuillez noter que l&rsquo;impression n&rsquo;est pas inodore, l&rsquo;odeur s&rsquo;estompe toutefois avec le temps.<\/p>\n","protected":false},"excerpt":{"rendered":"<h3>Une photo sur toile donne \u00e0 votre photo un aspect pittoresque.<\/h3>\n<p>Le produit est livr\u00e9 pr\u00eat \u00e0 l&#8217;emploi (la photo est d\u00e9j\u00e0 enti\u00e8rement pr\u00e9mont\u00e9e sur un ch\u00e2ssis en bois). Et gr\u00e2ce aux labels PEFC et FSC, le ch\u00e2ssis en bois est \u00e9galement un produit durable. Accrochez votre photo sur toile rapidement et facilement gr\u00e2ce au syst\u00e8me d&rsquo;accrochage inclus. Nous pouvons proposer la photo sur toile \u00e0 un prix tr\u00e8s avantageux gr\u00e2ce aux formats standards fixes (17 dimensions diff\u00e9rentes).<\/p>\n","protected":false},"featured_media":15440,"template":"","meta":{"_et_pb_use_builder":"","_et_pb_old_content":"","_et_gb_content_width":""},"product_brand":[],"product_cat":[542,560],"product_tag":[],"class_list":{"0":"post-15438","1":"product","2":"type-product","3":"status-publish","4":"has-post-thumbnail","6":"product_cat-interieur-2","7":"product_cat-produits-photo","9":"first","10":"instock","11":"taxable","12":"shipping-taxable","13":"purchasable","14":"product-type-simple"},"yoast_head":"<!-- This site is optimized with the Yoast SEO plugin v27.3 - https:\/\/yoast.com\/product\/yoast-seo-wordpress\/ -->\n<title>Photo sur toile | Amstel Printing<\/title>\n<meta name=\"robots\" content=\"index, follow, max-snippet:-1, max-image-preview:large, max-video-preview:-1\" \/>\n<link rel=\"canonical\" href=\"https:\/\/www.amstelprinting.nl\/fr\/boutique\/interieur-2\/produits-photo\/photo-sur-toile\/\" \/>\n<meta property=\"og:locale\" content=\"fr_FR\" \/>\n<meta property=\"og:type\" content=\"article\" \/>\n<meta property=\"og:title\" content=\"Photo sur toile | Amstel Printing\" \/>\n<meta property=\"og:description\" content=\"Une photo sur toile donne \u00e0 votre photo un aspect pittoresque. Le produit est livr\u00e9 pr\u00eat \u00e0 l&#039;emploi (la photo est d\u00e9j\u00e0 enti\u00e8rement pr\u00e9mont\u00e9e sur un ch\u00e2ssis en bois). Et gr\u00e2ce aux labels PEFC et FSC, le ch\u00e2ssis en bois est \u00e9galement un produit durable. Accrochez votre photo sur toile rapidement et facilement gr\u00e2ce au syst\u00e8me d&#039;accrochage inclus. Nous pouvons proposer la photo sur toile \u00e0 un prix tr\u00e8s avantageux gr\u00e2ce aux formats standards fixes (17 dimensions diff\u00e9rentes).\" \/>\n<meta property=\"og:url\" content=\"https:\/\/www.amstelprinting.nl\/fr\/boutique\/interieur-2\/produits-photo\/photo-sur-toile\/\" \/>\n<meta property=\"og:site_name\" content=\"Amstel Printing\" \/>\n<meta property=\"article:modified_time\" content=\"2026-02-18T11:51:49+00:00\" \/>\n<meta property=\"og:image\" content=\"https:\/\/www.amstelprinting.nl\/wp-content\/uploads\/Foto-op-canvas-1.jpg\" \/>\n\t<meta property=\"og:image:width\" content=\"700\" \/>\n\t<meta property=\"og:image:height\" content=\"700\" \/>\n\t<meta property=\"og:image:type\" content=\"image\/jpeg\" \/>\n<meta name=\"twitter:card\" content=\"summary_large_image\" \/>\n<meta name=\"twitter:label1\" content=\"Dur\u00e9e de lecture estim\u00e9e\" \/>\n\t<meta name=\"twitter:data1\" content=\"3 minutes\" \/>\n<script type=\"application\/ld+json\" class=\"yoast-schema-graph\">{\"@context\":\"https:\\\/\\\/schema.org\",\"@graph\":[{\"@type\":\"WebPage\",\"@id\":\"https:\\\/\\\/www.amstelprinting.nl\\\/fr\\\/boutique\\\/interieur-2\\\/produits-photo\\\/photo-sur-toile\\\/\",\"url\":\"https:\\\/\\\/www.amstelprinting.nl\\\/fr\\\/boutique\\\/interieur-2\\\/produits-photo\\\/photo-sur-toile\\\/\",\"name\":\"Photo sur toile | Amstel Printing\",\"isPartOf\":{\"@id\":\"https:\\\/\\\/www.amstelprinting.nl\\\/fr\\\/#website\"},\"primaryImageOfPage\":{\"@id\":\"https:\\\/\\\/www.amstelprinting.nl\\\/fr\\\/boutique\\\/interieur-2\\\/produits-photo\\\/photo-sur-toile\\\/#primaryimage\"},\"image\":{\"@id\":\"https:\\\/\\\/www.amstelprinting.nl\\\/fr\\\/boutique\\\/interieur-2\\\/produits-photo\\\/photo-sur-toile\\\/#primaryimage\"},\"thumbnailUrl\":\"https:\\\/\\\/www.amstelprinting.nl\\\/wp-content\\\/uploads\\\/Foto-op-canvas-1.jpg\",\"datePublished\":\"2025-01-23T19:48:57+00:00\",\"dateModified\":\"2026-02-18T11:51:49+00:00\",\"breadcrumb\":{\"@id\":\"https:\\\/\\\/www.amstelprinting.nl\\\/fr\\\/boutique\\\/interieur-2\\\/produits-photo\\\/photo-sur-toile\\\/#breadcrumb\"},\"inLanguage\":\"fr-FR\",\"potentialAction\":[{\"@type\":\"ReadAction\",\"target\":[\"https:\\\/\\\/www.amstelprinting.nl\\\/fr\\\/boutique\\\/interieur-2\\\/produits-photo\\\/photo-sur-toile\\\/\"]}]},{\"@type\":\"ImageObject\",\"inLanguage\":\"fr-FR\",\"@id\":\"https:\\\/\\\/www.amstelprinting.nl\\\/fr\\\/boutique\\\/interieur-2\\\/produits-photo\\\/photo-sur-toile\\\/#primaryimage\",\"url\":\"https:\\\/\\\/www.amstelprinting.nl\\\/wp-content\\\/uploads\\\/Foto-op-canvas-1.jpg\",\"contentUrl\":\"https:\\\/\\\/www.amstelprinting.nl\\\/wp-content\\\/uploads\\\/Foto-op-canvas-1.jpg\",\"width\":700,\"height\":700},{\"@type\":\"BreadcrumbList\",\"@id\":\"https:\\\/\\\/www.amstelprinting.nl\\\/fr\\\/boutique\\\/interieur-2\\\/produits-photo\\\/photo-sur-toile\\\/#breadcrumb\",\"itemListElement\":[{\"@type\":\"ListItem\",\"position\":1,\"name\":\"\",\"item\":\"https:\\\/\\\/www.amstelprinting.nl\\\/fr\\\/\"},{\"@type\":\"ListItem\",\"position\":2,\"name\":\"Amstel Printing\",\"item\":\"https:\\\/\\\/www.amstelprinting.nl\\\/fr\\\/boutique\\\/\"},{\"@type\":\"ListItem\",\"position\":3,\"name\":\"Int\u00e9rieur\",\"item\":\"https:\\\/\\\/www.amstelprinting.nl\\\/fr\\\/categorie\\\/interieur-2\\\/\"},{\"@type\":\"ListItem\",\"position\":4,\"name\":\"Produits photo\",\"item\":\"https:\\\/\\\/www.amstelprinting.nl\\\/fr\\\/categorie\\\/interieur-2\\\/produits-photo\\\/\"},{\"@type\":\"ListItem\",\"position\":5,\"name\":\"Photo sur toile\"}]},{\"@type\":\"WebSite\",\"@id\":\"https:\\\/\\\/www.amstelprinting.nl\\\/fr\\\/#website\",\"url\":\"https:\\\/\\\/www.amstelprinting.nl\\\/fr\\\/\",\"name\":\"Amstel Printing\",\"description\":\"Creating Exposure\",\"publisher\":{\"@id\":\"https:\\\/\\\/www.amstelprinting.nl\\\/fr\\\/#organization\"},\"potentialAction\":[{\"@type\":\"SearchAction\",\"target\":{\"@type\":\"EntryPoint\",\"urlTemplate\":\"https:\\\/\\\/www.amstelprinting.nl\\\/fr\\\/?s={search_term_string}\"},\"query-input\":{\"@type\":\"PropertyValueSpecification\",\"valueRequired\":true,\"valueName\":\"search_term_string\"}}],\"inLanguage\":\"fr-FR\"},{\"@type\":\"Organization\",\"@id\":\"https:\\\/\\\/www.amstelprinting.nl\\\/fr\\\/#organization\",\"name\":\"Amstel Printing\",\"url\":\"https:\\\/\\\/www.amstelprinting.nl\\\/fr\\\/\",\"logo\":{\"@type\":\"ImageObject\",\"inLanguage\":\"fr-FR\",\"@id\":\"https:\\\/\\\/www.amstelprinting.nl\\\/fr\\\/#\\\/schema\\\/logo\\\/image\\\/\",\"url\":\"https:\\\/\\\/www.amstelprinting.nl\\\/wp-content\\\/uploads\\\/amstel_printing_logo_clean.png\",\"contentUrl\":\"https:\\\/\\\/www.amstelprinting.nl\\\/wp-content\\\/uploads\\\/amstel_printing_logo_clean.png\",\"width\":324,\"height\":73,\"caption\":\"Amstel Printing\"},\"image\":{\"@id\":\"https:\\\/\\\/www.amstelprinting.nl\\\/fr\\\/#\\\/schema\\\/logo\\\/image\\\/\"}}]}<\/script>\n<!-- \/ Yoast SEO plugin. -->","yoast_head_json":{"title":"Photo sur toile | Amstel Printing","robots":{"index":"index","follow":"follow","max-snippet":"max-snippet:-1","max-image-preview":"max-image-preview:large","max-video-preview":"max-video-preview:-1"},"canonical":"https:\/\/www.amstelprinting.nl\/fr\/boutique\/interieur-2\/produits-photo\/photo-sur-toile\/","og_locale":"fr_FR","og_type":"article","og_title":"Photo sur toile | Amstel Printing","og_description":"Une photo sur toile donne \u00e0 votre photo un aspect pittoresque. Le produit est livr\u00e9 pr\u00eat \u00e0 l'emploi (la photo est d\u00e9j\u00e0 enti\u00e8rement pr\u00e9mont\u00e9e sur un ch\u00e2ssis en bois). Et gr\u00e2ce aux labels PEFC et FSC, le ch\u00e2ssis en bois est \u00e9galement un produit durable. Accrochez votre photo sur toile rapidement et facilement gr\u00e2ce au syst\u00e8me d'accrochage inclus. Nous pouvons proposer la photo sur toile \u00e0 un prix tr\u00e8s avantageux gr\u00e2ce aux formats standards fixes (17 dimensions diff\u00e9rentes).","og_url":"https:\/\/www.amstelprinting.nl\/fr\/boutique\/interieur-2\/produits-photo\/photo-sur-toile\/","og_site_name":"Amstel Printing","article_modified_time":"2026-02-18T11:51:49+00:00","og_image":[{"width":700,"height":700,"url":"https:\/\/www.amstelprinting.nl\/wp-content\/uploads\/Foto-op-canvas-1.jpg","type":"image\/jpeg"}],"twitter_card":"summary_large_image","twitter_misc":{"Dur\u00e9e de lecture estim\u00e9e":"3 minutes"},"schema":{"@context":"https:\/\/schema.org","@graph":[{"@type":"WebPage","@id":"https:\/\/www.amstelprinting.nl\/fr\/boutique\/interieur-2\/produits-photo\/photo-sur-toile\/","url":"https:\/\/www.amstelprinting.nl\/fr\/boutique\/interieur-2\/produits-photo\/photo-sur-toile\/","name":"Photo sur toile | Amstel Printing","isPartOf":{"@id":"https:\/\/www.amstelprinting.nl\/fr\/#website"},"primaryImageOfPage":{"@id":"https:\/\/www.amstelprinting.nl\/fr\/boutique\/interieur-2\/produits-photo\/photo-sur-toile\/#primaryimage"},"image":{"@id":"https:\/\/www.amstelprinting.nl\/fr\/boutique\/interieur-2\/produits-photo\/photo-sur-toile\/#primaryimage"},"thumbnailUrl":"https:\/\/www.amstelprinting.nl\/wp-content\/uploads\/Foto-op-canvas-1.jpg","datePublished":"2025-01-23T19:48:57+00:00","dateModified":"2026-02-18T11:51:49+00:00","breadcrumb":{"@id":"https:\/\/www.amstelprinting.nl\/fr\/boutique\/interieur-2\/produits-photo\/photo-sur-toile\/#breadcrumb"},"inLanguage":"fr-FR","potentialAction":[{"@type":"ReadAction","target":["https:\/\/www.amstelprinting.nl\/fr\/boutique\/interieur-2\/produits-photo\/photo-sur-toile\/"]}]},{"@type":"ImageObject","inLanguage":"fr-FR","@id":"https:\/\/www.amstelprinting.nl\/fr\/boutique\/interieur-2\/produits-photo\/photo-sur-toile\/#primaryimage","url":"https:\/\/www.amstelprinting.nl\/wp-content\/uploads\/Foto-op-canvas-1.jpg","contentUrl":"https:\/\/www.amstelprinting.nl\/wp-content\/uploads\/Foto-op-canvas-1.jpg","width":700,"height":700},{"@type":"BreadcrumbList","@id":"https:\/\/www.amstelprinting.nl\/fr\/boutique\/interieur-2\/produits-photo\/photo-sur-toile\/#breadcrumb","itemListElement":[{"@type":"ListItem","position":1,"name":"","item":"https:\/\/www.amstelprinting.nl\/fr\/"},{"@type":"ListItem","position":2,"name":"Amstel Printing","item":"https:\/\/www.amstelprinting.nl\/fr\/boutique\/"},{"@type":"ListItem","position":3,"name":"Int\u00e9rieur","item":"https:\/\/www.amstelprinting.nl\/fr\/categorie\/interieur-2\/"},{"@type":"ListItem","position":4,"name":"Produits photo","item":"https:\/\/www.amstelprinting.nl\/fr\/categorie\/interieur-2\/produits-photo\/"},{"@type":"ListItem","position":5,"name":"Photo sur toile"}]},{"@type":"WebSite","@id":"https:\/\/www.amstelprinting.nl\/fr\/#website","url":"https:\/\/www.amstelprinting.nl\/fr\/","name":"Amstel Printing","description":"Creating Exposure","publisher":{"@id":"https:\/\/www.amstelprinting.nl\/fr\/#organization"},"potentialAction":[{"@type":"SearchAction","target":{"@type":"EntryPoint","urlTemplate":"https:\/\/www.amstelprinting.nl\/fr\/?s={search_term_string}"},"query-input":{"@type":"PropertyValueSpecification","valueRequired":true,"valueName":"search_term_string"}}],"inLanguage":"fr-FR"},{"@type":"Organization","@id":"https:\/\/www.amstelprinting.nl\/fr\/#organization","name":"Amstel Printing","url":"https:\/\/www.amstelprinting.nl\/fr\/","logo":{"@type":"ImageObject","inLanguage":"fr-FR","@id":"https:\/\/www.amstelprinting.nl\/fr\/#\/schema\/logo\/image\/","url":"https:\/\/www.amstelprinting.nl\/wp-content\/uploads\/amstel_printing_logo_clean.png","contentUrl":"https:\/\/www.amstelprinting.nl\/wp-content\/uploads\/amstel_printing_logo_clean.png","width":324,"height":73,"caption":"Amstel Printing"},"image":{"@id":"https:\/\/www.amstelprinting.nl\/fr\/#\/schema\/logo\/image\/"}}]}},"_links":{"self":[{"href":"https:\/\/www.amstelprinting.nl\/fr\/wp-json\/wp\/v2\/product\/15438","targetHints":{"allow":["GET"]}}],"collection":[{"href":"https:\/\/www.amstelprinting.nl\/fr\/wp-json\/wp\/v2\/product"}],"about":[{"href":"https:\/\/www.amstelprinting.nl\/fr\/wp-json\/wp\/v2\/types\/product"}],"wp:featuredmedia":[{"embeddable":true,"href":"https:\/\/www.amstelprinting.nl\/fr\/wp-json\/wp\/v2\/media\/15440"}],"wp:attachment":[{"href":"https:\/\/www.amstelprinting.nl\/fr\/wp-json\/wp\/v2\/media?parent=15438"}],"wp:term":[{"taxonomy":"product_brand","embeddable":true,"href":"https:\/\/www.amstelprinting.nl\/fr\/wp-json\/wp\/v2\/product_brand?post=15438"},{"taxonomy":"product_cat","embeddable":true,"href":"https:\/\/www.amstelprinting.nl\/fr\/wp-json\/wp\/v2\/product_cat?post=15438"},{"taxonomy":"product_tag","embeddable":true,"href":"https:\/\/www.amstelprinting.nl\/fr\/wp-json\/wp\/v2\/product_tag?post=15438"}],"curies":[{"name":"wp","href":"https:\/\/api.w.org\/{rel}","templated":true}]}}